{"id":459,"date":"2022-12-12T08:58:28","date_gmt":"2022-12-12T07:58:28","guid":{"rendered":"https:\/\/multi-gyn.com\/rs\/?page_id=459"},"modified":"2022-12-12T10:37:46","modified_gmt":"2022-12-12T09:37:46","slug":"vaginalna-gljivicna-infekcija","status":"publish","type":"page","link":"https:\/\/multi-gyn.com\/rs\/zdravlje-vagine\/infekcije\/vaginalna-gljivicna-infekcija\/","title":{"rendered":"Vaginalna gljivi\u010dna infekcija"},"content":{"rendered":"\n<div class=\"wp-block-karopharma-free-text pt-large pb-large bg-center bg-cover bg-no-repeat  is-style-primary\" style=\"background-image:url()\"><div class=\"free-text-wrapper container max-w-medium text-left\">\n<h1 class=\"wp-block-heading\"><strong><strong><strong>Vaginalna gljivi\u010dna infekcija<\/strong><\/strong><\/strong><\/h1>\n\n\n\n<p class=\"is-style-paragraph-preamble\">Mnoge vaginalne tegobe mogu da se manifestuju kao sor, tako\u0111e poznat kao vaginalna gljivi\u010dna infekcija ili infekcija kandidom. Vaginalnu gljivi\u010dnu infekciju izaziva Candida albicans, mikroorganizam koji se uobi\u010dajeno nalazi na na\u0161oj ko\u017ei i sluzoko\u017ei. Me\u0111utim, kada vaginalna flora biva poreme\u0107ena (upotrebom antibiotika, intenzivnim pranjem, suvo\u0107om vagine i dr.) ili zbog drugih faktora (kao \u0161to su hormonalne promene), kandida mo\u017ee da preraste i da izazove tegobe kao \u0161to su svrab, iritacija, bol i poja\u010dan sekret. Ovo se ozna\u010dava kao vaginalna gljivi\u010dna infekcija. Neke \u017eene su sklonije nastanku vaginalne gljvi\u010dne infekcije u odnosu na druge.<\/p>\n<\/div><\/div>\n\n\n\n<div class=\"wp-block-karopharma-free-text pt-large pb-large bg-center bg-cover bg-no-repeat\" style=\"background-image:url()\"><div class=\"free-text-wrapper container max-w-medium text-left\">\n<h3 class=\"wp-block-heading\"><strong>Simptomi vaginalne gljivi\u010dne infekcije<\/strong><\/h3>\n\n\n\n<p>Glavni simptomi vaginalne gljivi\u010dne infekcije su:<\/p>\n\n\n\n<ul class=\"is-style-default wp-block-list\"><li>vaginalni svrab i iritacija<\/li><li>neobi\u010dan sekret, beo i gust, \u010desto se opisuje kao sir<\/li><li>crvenilo i upala<\/li><li>vaginalni bol, naro\u010dito tokom ili nakon seksualnog odnosa<\/li><\/ul>\n\n\n\n<p>Va\u017eno je napraviti razliku izme\u0111u vaginalne gljivice i bakterijske vaginoze. Iako ova dva problema mogu imati sli\u010dne simptome, prepisana terapija se prili\u010dno razlikuje.<\/p>\n\n\n\n<h3 class=\"wp-block-heading\"><strong>Kako treba le\u010diti vaginalnu gljivi\u010dnu infekciju<\/strong><\/h3>\n\n\n\n<p>U velikoj ve\u0107ini slu\u010dajeva, gljivica se ne smatra infekcijom, ali mo\u017ee se smatrati neravnote\u017eom vaginalne flore, tako da se obi\u010dno tretman ne odnosi na mu\u0161ke partnere. Kandida se lako le\u010di antimikoticima, iako njihov efekat ne spre\u010dava ponavljanje vaginalne gljivi\u010dne infekcije. Prirodni proizvodi, umesto antibiotskog pristupa smatraju se dugoro\u010dnim re\u0161enjem, zato \u0161to dovode do optimiziranja vaginalne flore, poma\u017eu da se izbori sa vaginalnom gljivi\u010dnom infekcijom i mogu da se koriste kao mera prevencije za dr\u017eanje kandidijaze na odstojanju. Infekcija ponekad mo\u017ee izazvati osetljivost i bol i neprijatan ose\u0107aj. Postoje proizvodi koji mogu olak\u0161ati vaginalni svrab i iritaciju u intimnoj regiji (sprejevi, kreme, gelovi) ali koji sami ne tretiraju uzrok svraba. Ovi proizvodi mogu da se koriste kao dodatak primarne terapije. Ako simptomi ne idu na bolje posle nekog vremena, razgovarajte sa svojim lekarom ili ginekologom.<\/p>\n\n\n\n<h3 class=\"wp-block-heading\"><strong>Kako spre\u010diti vaginalnu gljivi\u010dnu infekciju<\/strong><\/h3>\n\n\n\n<p>Vaginalni sor je \u010desto ponavljana infekcija: neke \u017eene su sklonije nego druge. To mo\u017ee biti zbog njihovog hormonalnog nivoa. Simptomi su odgovorni za sor \u010de\u0161\u0107e se javljaju u odre\u0111enom period mese\u010dnog ciklusa, kao i tokom trudno\u0107e i dojenja. Da bi spre\u010dile ponavljanje tegoba, \u017eene koje su posebno sklone vaginalnim gljivi\u010dnim infekcijama, trebalo bi da razmotre kori\u0161\u0107enje vaginalnog gela koji stimuli\u0161e korisnu vaginalnu floru i spre\u010dava prekomerni rast gljivica u redovnim intervalima ili u danima koji prethode njihovom velnerabilnom periodu.<\/p>\n\n\n\n<p><em>&#8222;Kandida se lako le\u010di antimikoticima, iako njihov efekat ne zaustavlja ponavljanje vaginalne gljivi\u010dne infekcije.&#8220;<\/em><\/p>\n<\/div><\/div>\n","protected":false},"excerpt":{"rendered":"","protected":false},"author":6,"featured_media":0,"parent":643,"menu_order":0,"comment_status":"closed","ping_status":"closed","template":"","meta":{"_acf_changed":false,"footnotes":""},"from-article-database":[],"class_list":["post-459","page","type-page","status-publish","hentry"],"acf":[],"yoast_head":"<!-- This site is optimized with the Yoast SEO plugin v26.6 - https:\/\/yoast.com\/wordpress\/plugins\/seo\/ -->\n<title>Vaginalna gljivi\u010dna infekcija - Multi-Gyn<\/title>\n<meta name=\"description\" content=\"Vaginalnu gljivi\u010dnu infekciju izaziva Candida albicans, mikroorganizam koji se uobi\u010dajeno nalazi na na\u0161oj ko\u017ei i sluzoko\u017ei. Me\u0111utim, kada vaginalna flora biva poreme\u0107ena (upotrebom antibiotika, intenzivnim pranjem, suvo\u0107om vagine i dr.) ili zbog drugih faktora (kao \u0161to su hormonalne promene), kandida mo\u017ee da preraste i da izazove tegobe kao \u0161to su svrab, iritacija, bol i poja\u010dan sekret. Ovo se ozna\u010dava kao vaginalna gljivi\u010dna infekcija. Neke \u017eene su sklonije nastanku vaginalne gljvi\u010dne infekcije u odnosu na druge.\" \/>\n<meta name=\"robots\" content=\"index, follow, max-snippet:-1, max-image-preview:large, max-video-preview:-1\" \/>\n<link rel=\"canonical\" href=\"https:\/\/multi-gyn.com\/rs\/zdravlje-vagine\/infekcije\/vaginalna-gljivicna-infekcija\/\" \/>\n<meta property=\"og:locale\" content=\"sr_RS\" \/>\n<meta property=\"og:type\" content=\"article\" \/>\n<meta property=\"og:title\" content=\"Vaginalna gljivi\u010dna infekcija - Multi-Gyn\" \/>\n<meta property=\"og:description\" content=\"Vaginalnu gljivi\u010dnu infekciju izaziva Candida albicans, mikroorganizam koji se uobi\u010dajeno nalazi na na\u0161oj ko\u017ei i sluzoko\u017ei. Me\u0111utim, kada vaginalna flora biva poreme\u0107ena (upotrebom antibiotika, intenzivnim pranjem, suvo\u0107om vagine i dr.) ili zbog drugih faktora (kao \u0161to su hormonalne promene), kandida mo\u017ee da preraste i da izazove tegobe kao \u0161to su svrab, iritacija, bol i poja\u010dan sekret. Ovo se ozna\u010dava kao vaginalna gljivi\u010dna infekcija. Neke \u017eene su sklonije nastanku vaginalne gljvi\u010dne infekcije u odnosu na druge.\" \/>\n<meta property=\"og:url\" content=\"https:\/\/multi-gyn.com\/rs\/zdravlje-vagine\/infekcije\/vaginalna-gljivicna-infekcija\/\" \/>\n<meta property=\"og:site_name\" content=\"Multi-Gyn\" \/>\n<meta property=\"article:modified_time\" content=\"2022-12-12T09:37:46+00:00\" \/>\n<meta name=\"twitter:card\" content=\"summary_large_image\" \/>\n<meta name=\"twitter:label1\" content=\"\u041f\u0440\u043e\u0446\u0435\u045a\u0435\u043d\u043e \u0432\u0440\u0435\u043c\u0435 \u0447\u0438\u0442\u0430\u045a\u0430\" \/>\n\t<meta name=\"twitter:data1\" content=\"3 \u043c\u0438\u043d\u0443\u0442\u0430\" \/>\n<script type=\"application\/ld+json\" class=\"yoast-schema-graph\">{\"@context\":\"https:\/\/schema.org\",\"@graph\":[{\"@type\":\"WebPage\",\"@id\":\"https:\/\/multi-gyn.com\/rs\/zdravlje-vagine\/infekcije\/vaginalna-gljivicna-infekcija\/\",\"url\":\"https:\/\/multi-gyn.com\/rs\/zdravlje-vagine\/infekcije\/vaginalna-gljivicna-infekcija\/\",\"name\":\"Vaginalna gljivi\u010dna infekcija - Multi-Gyn\",\"isPartOf\":{\"@id\":\"https:\/\/multi-gyn.com\/rs\/#website\"},\"datePublished\":\"2022-12-12T07:58:28+00:00\",\"dateModified\":\"2022-12-12T09:37:46+00:00\",\"description\":\"Vaginalnu gljivi\u010dnu infekciju izaziva Candida albicans, mikroorganizam koji se uobi\u010dajeno nalazi na na\u0161oj ko\u017ei i sluzoko\u017ei. Me\u0111utim, kada vaginalna flora biva poreme\u0107ena (upotrebom antibiotika, intenzivnim pranjem, suvo\u0107om vagine i dr.) ili zbog drugih faktora (kao \u0161to su hormonalne promene), kandida mo\u017ee da preraste i da izazove tegobe kao \u0161to su svrab, iritacija, bol i poja\u010dan sekret. Ovo se ozna\u010dava kao vaginalna gljivi\u010dna infekcija. Neke \u017eene su sklonije nastanku vaginalne gljvi\u010dne infekcije u odnosu na druge.\",\"breadcrumb\":{\"@id\":\"https:\/\/multi-gyn.com\/rs\/zdravlje-vagine\/infekcije\/vaginalna-gljivicna-infekcija\/#breadcrumb\"},\"inLanguage\":\"sr-RS\",\"potentialAction\":[{\"@type\":\"ReadAction\",\"target\":[\"https:\/\/multi-gyn.com\/rs\/zdravlje-vagine\/infekcije\/vaginalna-gljivicna-infekcija\/\"]}]},{\"@type\":\"BreadcrumbList\",\"@id\":\"https:\/\/multi-gyn.com\/rs\/zdravlje-vagine\/infekcije\/vaginalna-gljivicna-infekcija\/#breadcrumb\",\"itemListElement\":[{\"@type\":\"ListItem\",\"position\":1,\"name\":\"Home\",\"item\":\"https:\/\/multi-gyn.com\/rs\/\"},{\"@type\":\"ListItem\",\"position\":2,\"name\":\"Zdravlje vagine\",\"item\":\"https:\/\/multi-gyn.com\/rs\/zdravlje-vagine\/\"},{\"@type\":\"ListItem\",\"position\":3,\"name\":\"Infekcije\",\"item\":\"https:\/\/multi-gyn.com\/rs\/zdravlje-vagine\/infekcije\/\"},{\"@type\":\"ListItem\",\"position\":4,\"name\":\"Vaginalna gljivi\u010dna infekcija\"}]},{\"@type\":\"WebSite\",\"@id\":\"https:\/\/multi-gyn.com\/rs\/#website\",\"url\":\"https:\/\/multi-gyn.com\/rs\/\",\"name\":\"Multi-Gyn\",\"description\":\"\",\"publisher\":{\"@id\":\"https:\/\/multi-gyn.com\/rs\/#organization\"},\"potentialAction\":[{\"@type\":\"SearchAction\",\"target\":{\"@type\":\"EntryPoint\",\"urlTemplate\":\"https:\/\/multi-gyn.com\/rs\/?s={search_term_string}\"},\"query-input\":{\"@type\":\"PropertyValueSpecification\",\"valueRequired\":true,\"valueName\":\"search_term_string\"}}],\"inLanguage\":\"sr-RS\"},{\"@type\":\"Organization\",\"@id\":\"https:\/\/multi-gyn.com\/rs\/#organization\",\"name\":\"Multi-Gyn\",\"url\":\"https:\/\/multi-gyn.com\/rs\/\",\"logo\":{\"@type\":\"ImageObject\",\"inLanguage\":\"sr-RS\",\"@id\":\"https:\/\/multi-gyn.com\/rs\/#\/schema\/logo\/image\/\",\"url\":\"https:\/\/multi-gyn.com\/app\/uploads\/sites\/35\/2022\/11\/multi-gyn-logo.png\",\"contentUrl\":\"https:\/\/multi-gyn.com\/app\/uploads\/sites\/35\/2022\/11\/multi-gyn-logo.png\",\"width\":149,\"height\":32,\"caption\":\"Multi-Gyn\"},\"image\":{\"@id\":\"https:\/\/multi-gyn.com\/rs\/#\/schema\/logo\/image\/\"}}]}<\/script>\n<!-- \/ Yoast SEO plugin. -->","yoast_head_json":{"title":"Vaginalna gljivi\u010dna infekcija - Multi-Gyn","description":"Vaginalnu gljivi\u010dnu infekciju izaziva Candida albicans, mikroorganizam koji se uobi\u010dajeno nalazi na na\u0161oj ko\u017ei i sluzoko\u017ei. Me\u0111utim, kada vaginalna flora biva poreme\u0107ena (upotrebom antibiotika, intenzivnim pranjem, suvo\u0107om vagine i dr.) ili zbog drugih faktora (kao \u0161to su hormonalne promene), kandida mo\u017ee da preraste i da izazove tegobe kao \u0161to su svrab, iritacija, bol i poja\u010dan sekret. Ovo se ozna\u010dava kao vaginalna gljivi\u010dna infekcija. Neke \u017eene su sklonije nastanku vaginalne gljvi\u010dne infekcije u odnosu na druge.","robots":{"index":"index","follow":"follow","max-snippet":"max-snippet:-1","max-image-preview":"max-image-preview:large","max-video-preview":"max-video-preview:-1"},"canonical":"https:\/\/multi-gyn.com\/rs\/zdravlje-vagine\/infekcije\/vaginalna-gljivicna-infekcija\/","og_locale":"sr_RS","og_type":"article","og_title":"Vaginalna gljivi\u010dna infekcija - Multi-Gyn","og_description":"Vaginalnu gljivi\u010dnu infekciju izaziva Candida albicans, mikroorganizam koji se uobi\u010dajeno nalazi na na\u0161oj ko\u017ei i sluzoko\u017ei. Me\u0111utim, kada vaginalna flora biva poreme\u0107ena (upotrebom antibiotika, intenzivnim pranjem, suvo\u0107om vagine i dr.) ili zbog drugih faktora (kao \u0161to su hormonalne promene), kandida mo\u017ee da preraste i da izazove tegobe kao \u0161to su svrab, iritacija, bol i poja\u010dan sekret. Ovo se ozna\u010dava kao vaginalna gljivi\u010dna infekcija. Neke \u017eene su sklonije nastanku vaginalne gljvi\u010dne infekcije u odnosu na druge.","og_url":"https:\/\/multi-gyn.com\/rs\/zdravlje-vagine\/infekcije\/vaginalna-gljivicna-infekcija\/","og_site_name":"Multi-Gyn","article_modified_time":"2022-12-12T09:37:46+00:00","twitter_card":"summary_large_image","twitter_misc":{"\u041f\u0440\u043e\u0446\u0435\u045a\u0435\u043d\u043e \u0432\u0440\u0435\u043c\u0435 \u0447\u0438\u0442\u0430\u045a\u0430":"3 \u043c\u0438\u043d\u0443\u0442\u0430"},"schema":{"@context":"https:\/\/schema.org","@graph":[{"@type":"WebPage","@id":"https:\/\/multi-gyn.com\/rs\/zdravlje-vagine\/infekcije\/vaginalna-gljivicna-infekcija\/","url":"https:\/\/multi-gyn.com\/rs\/zdravlje-vagine\/infekcije\/vaginalna-gljivicna-infekcija\/","name":"Vaginalna gljivi\u010dna infekcija - Multi-Gyn","isPartOf":{"@id":"https:\/\/multi-gyn.com\/rs\/#website"},"datePublished":"2022-12-12T07:58:28+00:00","dateModified":"2022-12-12T09:37:46+00:00","description":"Vaginalnu gljivi\u010dnu infekciju izaziva Candida albicans, mikroorganizam koji se uobi\u010dajeno nalazi na na\u0161oj ko\u017ei i sluzoko\u017ei. Me\u0111utim, kada vaginalna flora biva poreme\u0107ena (upotrebom antibiotika, intenzivnim pranjem, suvo\u0107om vagine i dr.) ili zbog drugih faktora (kao \u0161to su hormonalne promene), kandida mo\u017ee da preraste i da izazove tegobe kao \u0161to su svrab, iritacija, bol i poja\u010dan sekret. Ovo se ozna\u010dava kao vaginalna gljivi\u010dna infekcija. Neke \u017eene su sklonije nastanku vaginalne gljvi\u010dne infekcije u odnosu na druge.","breadcrumb":{"@id":"https:\/\/multi-gyn.com\/rs\/zdravlje-vagine\/infekcije\/vaginalna-gljivicna-infekcija\/#breadcrumb"},"inLanguage":"sr-RS","potentialAction":[{"@type":"ReadAction","target":["https:\/\/multi-gyn.com\/rs\/zdravlje-vagine\/infekcije\/vaginalna-gljivicna-infekcija\/"]}]},{"@type":"BreadcrumbList","@id":"https:\/\/multi-gyn.com\/rs\/zdravlje-vagine\/infekcije\/vaginalna-gljivicna-infekcija\/#breadcrumb","itemListElement":[{"@type":"ListItem","position":1,"name":"Home","item":"https:\/\/multi-gyn.com\/rs\/"},{"@type":"ListItem","position":2,"name":"Zdravlje vagine","item":"https:\/\/multi-gyn.com\/rs\/zdravlje-vagine\/"},{"@type":"ListItem","position":3,"name":"Infekcije","item":"https:\/\/multi-gyn.com\/rs\/zdravlje-vagine\/infekcije\/"},{"@type":"ListItem","position":4,"name":"Vaginalna gljivi\u010dna infekcija"}]},{"@type":"WebSite","@id":"https:\/\/multi-gyn.com\/rs\/#website","url":"https:\/\/multi-gyn.com\/rs\/","name":"Multi-Gyn","description":"","publisher":{"@id":"https:\/\/multi-gyn.com\/rs\/#organization"},"potentialAction":[{"@type":"SearchAction","target":{"@type":"EntryPoint","urlTemplate":"https:\/\/multi-gyn.com\/rs\/?s={search_term_string}"},"query-input":{"@type":"PropertyValueSpecification","valueRequired":true,"valueName":"search_term_string"}}],"inLanguage":"sr-RS"},{"@type":"Organization","@id":"https:\/\/multi-gyn.com\/rs\/#organization","name":"Multi-Gyn","url":"https:\/\/multi-gyn.com\/rs\/","logo":{"@type":"ImageObject","inLanguage":"sr-RS","@id":"https:\/\/multi-gyn.com\/rs\/#\/schema\/logo\/image\/","url":"https:\/\/multi-gyn.com\/app\/uploads\/sites\/35\/2022\/11\/multi-gyn-logo.png","contentUrl":"https:\/\/multi-gyn.com\/app\/uploads\/sites\/35\/2022\/11\/multi-gyn-logo.png","width":149,"height":32,"caption":"Multi-Gyn"},"image":{"@id":"https:\/\/multi-gyn.com\/rs\/#\/schema\/logo\/image\/"}}]}},"_links":{"self":[{"href":"https:\/\/multi-gyn.com\/rs\/wp-json\/wp\/v2\/pages\/459","targetHints":{"allow":["GET"]}}],"collection":[{"href":"https:\/\/multi-gyn.com\/rs\/wp-json\/wp\/v2\/pages"}],"about":[{"href":"https:\/\/multi-gyn.com\/rs\/wp-json\/wp\/v2\/types\/page"}],"author":[{"embeddable":true,"href":"https:\/\/multi-gyn.com\/rs\/wp-json\/wp\/v2\/users\/6"}],"replies":[{"embeddable":true,"href":"https:\/\/multi-gyn.com\/rs\/wp-json\/wp\/v2\/comments?post=459"}],"version-history":[{"count":1,"href":"https:\/\/multi-gyn.com\/rs\/wp-json\/wp\/v2\/pages\/459\/revisions"}],"predecessor-version":[{"id":465,"href":"https:\/\/multi-gyn.com\/rs\/wp-json\/wp\/v2\/pages\/459\/revisions\/465"}],"up":[{"embeddable":true,"href":"https:\/\/multi-gyn.com\/rs\/wp-json\/wp\/v2\/pages\/643"}],"wp:attachment":[{"href":"https:\/\/multi-gyn.com\/rs\/wp-json\/wp\/v2\/media?parent=459"}],"wp:term":[{"taxonomy":"from-article-database","embeddable":true,"href":"https:\/\/multi-gyn.com\/rs\/wp-json\/wp\/v2\/from-article-database?post=459"}],"curies":[{"name":"wp","href":"https:\/\/api.w.org\/{rel}","templated":true}]}}