{"id":467,"date":"2022-12-12T09:05:15","date_gmt":"2022-12-12T08:05:15","guid":{"rendered":"https:\/\/multi-gyn.com\/rs\/?page_id=467"},"modified":"2023-03-07T09:08:25","modified_gmt":"2023-03-07T08:08:25","slug":"kako-leciti-kandidu","status":"publish","type":"page","link":"https:\/\/multi-gyn.com\/rs\/zdravlje-vagine\/infekcije\/kako-leciti-kandidu\/","title":{"rendered":"Kako le\u010diti kandidu?"},"content":{"rendered":"\n<div class=\"wp-block-karopharma-free-text pt-large pb-large bg-center bg-cover bg-no-repeat  is-style-primary\" style=\"background-image:url()\"><div class=\"free-text-wrapper container max-w-medium text-left\">\n<h1 class=\"wp-block-heading\"><strong><strong><strong>Kako le\u010diti kandidu<\/strong><\/strong><\/strong>?<\/h1>\n\n\n\n<p class=\"is-style-paragraph-preamble\">Jedan od naj\u010de\u0161\u0107ih vaginalnih tegoba je vaginalni sor, tako\u0111e poznat kao vaginalna gljivica, kandidijaza ili samo kandida. Simptomi uklju\u010duju gust, beli sekret, obi\u010dno opisan kao sli\u010dan siru, jako crvenilo ili svrab vulvovaginalne regije. \u010ce\u0161anje mo\u017ee izazvati dodatnu iritaciju ili bol i mo\u017ee dovesti do peckanja prilikom mokrenja ili u toku seksualnog odnosa. Ako osetite bilo koji od ovih simptoma, va\u017eno je da se obratite svom lekaru ili ginekologu da potvrdite dijagnozu, a oni \u0107e Vas posavetovati kako da le\u010dite infekciju kandidom.<\/p>\n<\/div><\/div>\n\n\n\n<div class=\"wp-block-karopharma-free-text pt-large pb-large bg-center bg-cover bg-no-repeat\" style=\"background-image:url()\"><div class=\"free-text-wrapper container max-w-medium text-left\">\n<h3 class=\"is-style-heading-h2 wp-block-heading\"><strong>Mogu li sama da le\u010dim kandidu?<\/strong><\/h3>\n\n\n\n<p>Lekovi i proizvodi za le\u010denje kandide se \u010desto mogu kupiti u apoteci bez recepta. Ovo uklju\u010duje antimikoti\u010dne kreme, oralnu antimikoti\u010dnu terapiju, probitike, prebiotike ili druge proizvode. Ovo zna\u010di da ako sami dobro postavite dijagnozu, mo\u017eda mo\u017eete da le\u010dite gljivi\u010dnu infekciju bez odlaska kod lekara. Me\u0111utim, uobi\u010dajeni simptomi vaginalnog sor-a mogu ponekad biti uzrokovani ne\u010dim drugim (suvo\u0107a vagine, bakterijska infekcija) ili mogu da maskiraju osnovu SPB sa te\u017eim posledicama. Zato je, dakle, veoma va\u017eno da konsultujete lekara ili ginekologa pre po\u010detka bilo kakve terapije i izbegnete stvaranje dodatnih problema sebi ili \u010dak Va\u0161em partneru. Infekcija kandidom se obi\u010dno ne prenosi izme\u0111u partnera, ali mo\u017ee biti u osnovi SPB.<\/p>\n\n\n\n<h3 class=\"is-style-heading-h2 wp-block-heading\"><strong>\u0160ta mogu da uradim da ubla\u017eim simptome kandide?<\/strong><\/h3>\n\n\n\n<p>Kod ina\u010de zdravih \u017eena, vaginalni sor ne ugro\u017eava \u017eivot, ali konstantan svrab i iritacija mogu dramati\u010dno uticati na kvalitet Va\u0161eg seksualnog \u017eivota, dovodi do neprijatnosti prilikom odlaska u toalet, u toku sedenja du\u017ei vremenski period ili no\u0161enja uske ode\u0107e. Kada doktor potvrdi dijagnozu i Va\u0161e le\u010denje kandide po\u010dne, mo\u017eete poku\u0161ati da ubla\u017eite dosadne simptome. Hla\u0111enje prirodnim gelovima i sprejevima mo\u017ee obezbediti trenutno olak\u0161anje svraba i iritacije, dok upotreba vaginalnih prebiotika mo\u017ee da podr\u017ei propisanu terapiju. Tako\u0111e je va\u017eno odr\u017eavati redovnu higijenu vagine mlakom vodom ili blagim intimnim pranjem bez sapuna, izbegavati miri\u0161ljave jastu\u010di\u0107e i toalet papir i kad god je mogu\u0107e spavati bez donjeg rublja.<\/p>\n\n\n\n<p><em>&#8222;Lekovi i proizvodi koji le\u010de kandidu se mogu kupiti u apoteci bez recepta. Ovo uklju\u010duje antimikoti\u010dne kreme, oralnu antimikoti\u010dnu terapiju, probiotike, prebiotike i druge proizvode.&#8220;<\/em><\/p>\n<\/div><\/div>\n","protected":false},"excerpt":{"rendered":"","protected":false},"author":6,"featured_media":0,"parent":643,"menu_order":0,"comment_status":"closed","ping_status":"closed","template":"","meta":{"_acf_changed":false,"footnotes":""},"from-article-database":[],"class_list":["post-467","page","type-page","status-publish","hentry"],"acf":[],"yoast_head":"<!-- This site is optimized with the Yoast SEO plugin v26.6 - https:\/\/yoast.com\/wordpress\/plugins\/seo\/ -->\n<title>Kako le\u010diti kandidu? - Multi-Gyn<\/title>\n<meta name=\"description\" content=\"Jedan od naj\u010de\u0161\u0107ih vaginalnih tegoba je vaginalni sor, tako\u0111e poznat kao vaginalna gljivica, kandidijaza ili samo kandida. Simptomi uklju\u010duju gust, beli sekret, obi\u010dno opisan kao sli\u010dan siru, jako crvenilo ili svrab vulvovaginalne regije. \u010ce\u0161anje mo\u017ee izazvati dodatnu iritaciju ili bol i mo\u017ee dovesti do peckanja prilikom mokrenja ili u toku seksualnog odnosa. Ako osetite bilo koji od ovih simptoma, va\u017eno je da se obratite svom lekaru ili ginekologu da potvrdite dijagnozu, a oni \u0107e Vas posavetovati kako da le\u010dite infekciju kandidom.\" \/>\n<meta name=\"robots\" content=\"index, follow, max-snippet:-1, max-image-preview:large, max-video-preview:-1\" \/>\n<link rel=\"canonical\" href=\"https:\/\/multi-gyn.com\/rs\/zdravlje-vagine\/infekcije\/kako-leciti-kandidu\/\" \/>\n<meta property=\"og:locale\" content=\"sr_RS\" \/>\n<meta property=\"og:type\" content=\"article\" \/>\n<meta property=\"og:title\" content=\"Kako le\u010diti kandidu? - Multi-Gyn\" \/>\n<meta property=\"og:description\" content=\"Jedan od naj\u010de\u0161\u0107ih vaginalnih tegoba je vaginalni sor, tako\u0111e poznat kao vaginalna gljivica, kandidijaza ili samo kandida. Simptomi uklju\u010duju gust, beli sekret, obi\u010dno opisan kao sli\u010dan siru, jako crvenilo ili svrab vulvovaginalne regije. \u010ce\u0161anje mo\u017ee izazvati dodatnu iritaciju ili bol i mo\u017ee dovesti do peckanja prilikom mokrenja ili u toku seksualnog odnosa. Ako osetite bilo koji od ovih simptoma, va\u017eno je da se obratite svom lekaru ili ginekologu da potvrdite dijagnozu, a oni \u0107e Vas posavetovati kako da le\u010dite infekciju kandidom.\" \/>\n<meta property=\"og:url\" content=\"https:\/\/multi-gyn.com\/rs\/zdravlje-vagine\/infekcije\/kako-leciti-kandidu\/\" \/>\n<meta property=\"og:site_name\" content=\"Multi-Gyn\" \/>\n<meta property=\"article:modified_time\" content=\"2023-03-07T08:08:25+00:00\" \/>\n<meta name=\"twitter:card\" content=\"summary_large_image\" \/>\n<meta name=\"twitter:label1\" content=\"\u041f\u0440\u043e\u0446\u0435\u045a\u0435\u043d\u043e \u0432\u0440\u0435\u043c\u0435 \u0447\u0438\u0442\u0430\u045a\u0430\" \/>\n\t<meta name=\"twitter:data1\" content=\"2 \u043c\u0438\u043d\u0443\u0442\u0430\" \/>\n<script type=\"application\/ld+json\" class=\"yoast-schema-graph\">{\"@context\":\"https:\/\/schema.org\",\"@graph\":[{\"@type\":\"WebPage\",\"@id\":\"https:\/\/multi-gyn.com\/rs\/zdravlje-vagine\/infekcije\/kako-leciti-kandidu\/\",\"url\":\"https:\/\/multi-gyn.com\/rs\/zdravlje-vagine\/infekcije\/kako-leciti-kandidu\/\",\"name\":\"Kako le\u010diti kandidu? - Multi-Gyn\",\"isPartOf\":{\"@id\":\"https:\/\/multi-gyn.com\/rs\/#website\"},\"datePublished\":\"2022-12-12T08:05:15+00:00\",\"dateModified\":\"2023-03-07T08:08:25+00:00\",\"description\":\"Jedan od naj\u010de\u0161\u0107ih vaginalnih tegoba je vaginalni sor, tako\u0111e poznat kao vaginalna gljivica, kandidijaza ili samo kandida. Simptomi uklju\u010duju gust, beli sekret, obi\u010dno opisan kao sli\u010dan siru, jako crvenilo ili svrab vulvovaginalne regije. \u010ce\u0161anje mo\u017ee izazvati dodatnu iritaciju ili bol i mo\u017ee dovesti do peckanja prilikom mokrenja ili u toku seksualnog odnosa. Ako osetite bilo koji od ovih simptoma, va\u017eno je da se obratite svom lekaru ili ginekologu da potvrdite dijagnozu, a oni \u0107e Vas posavetovati kako da le\u010dite infekciju kandidom.\",\"breadcrumb\":{\"@id\":\"https:\/\/multi-gyn.com\/rs\/zdravlje-vagine\/infekcije\/kako-leciti-kandidu\/#breadcrumb\"},\"inLanguage\":\"sr-RS\",\"potentialAction\":[{\"@type\":\"ReadAction\",\"target\":[\"https:\/\/multi-gyn.com\/rs\/zdravlje-vagine\/infekcije\/kako-leciti-kandidu\/\"]}]},{\"@type\":\"BreadcrumbList\",\"@id\":\"https:\/\/multi-gyn.com\/rs\/zdravlje-vagine\/infekcije\/kako-leciti-kandidu\/#breadcrumb\",\"itemListElement\":[{\"@type\":\"ListItem\",\"position\":1,\"name\":\"Home\",\"item\":\"https:\/\/multi-gyn.com\/rs\/\"},{\"@type\":\"ListItem\",\"position\":2,\"name\":\"Zdravlje vagine\",\"item\":\"https:\/\/multi-gyn.com\/rs\/zdravlje-vagine\/\"},{\"@type\":\"ListItem\",\"position\":3,\"name\":\"Infekcije\",\"item\":\"https:\/\/multi-gyn.com\/rs\/zdravlje-vagine\/infekcije\/\"},{\"@type\":\"ListItem\",\"position\":4,\"name\":\"Kako le\u010diti kandidu?\"}]},{\"@type\":\"WebSite\",\"@id\":\"https:\/\/multi-gyn.com\/rs\/#website\",\"url\":\"https:\/\/multi-gyn.com\/rs\/\",\"name\":\"Multi-Gyn\",\"description\":\"\",\"publisher\":{\"@id\":\"https:\/\/multi-gyn.com\/rs\/#organization\"},\"potentialAction\":[{\"@type\":\"SearchAction\",\"target\":{\"@type\":\"EntryPoint\",\"urlTemplate\":\"https:\/\/multi-gyn.com\/rs\/?s={search_term_string}\"},\"query-input\":{\"@type\":\"PropertyValueSpecification\",\"valueRequired\":true,\"valueName\":\"search_term_string\"}}],\"inLanguage\":\"sr-RS\"},{\"@type\":\"Organization\",\"@id\":\"https:\/\/multi-gyn.com\/rs\/#organization\",\"name\":\"Multi-Gyn\",\"url\":\"https:\/\/multi-gyn.com\/rs\/\",\"logo\":{\"@type\":\"ImageObject\",\"inLanguage\":\"sr-RS\",\"@id\":\"https:\/\/multi-gyn.com\/rs\/#\/schema\/logo\/image\/\",\"url\":\"https:\/\/multi-gyn.com\/app\/uploads\/sites\/35\/2022\/11\/multi-gyn-logo.png\",\"contentUrl\":\"https:\/\/multi-gyn.com\/app\/uploads\/sites\/35\/2022\/11\/multi-gyn-logo.png\",\"width\":149,\"height\":32,\"caption\":\"Multi-Gyn\"},\"image\":{\"@id\":\"https:\/\/multi-gyn.com\/rs\/#\/schema\/logo\/image\/\"}}]}<\/script>\n<!-- \/ Yoast SEO plugin. -->","yoast_head_json":{"title":"Kako le\u010diti kandidu? - Multi-Gyn","description":"Jedan od naj\u010de\u0161\u0107ih vaginalnih tegoba je vaginalni sor, tako\u0111e poznat kao vaginalna gljivica, kandidijaza ili samo kandida. Simptomi uklju\u010duju gust, beli sekret, obi\u010dno opisan kao sli\u010dan siru, jako crvenilo ili svrab vulvovaginalne regije. \u010ce\u0161anje mo\u017ee izazvati dodatnu iritaciju ili bol i mo\u017ee dovesti do peckanja prilikom mokrenja ili u toku seksualnog odnosa. Ako osetite bilo koji od ovih simptoma, va\u017eno je da se obratite svom lekaru ili ginekologu da potvrdite dijagnozu, a oni \u0107e Vas posavetovati kako da le\u010dite infekciju kandidom.","robots":{"index":"index","follow":"follow","max-snippet":"max-snippet:-1","max-image-preview":"max-image-preview:large","max-video-preview":"max-video-preview:-1"},"canonical":"https:\/\/multi-gyn.com\/rs\/zdravlje-vagine\/infekcije\/kako-leciti-kandidu\/","og_locale":"sr_RS","og_type":"article","og_title":"Kako le\u010diti kandidu? - Multi-Gyn","og_description":"Jedan od naj\u010de\u0161\u0107ih vaginalnih tegoba je vaginalni sor, tako\u0111e poznat kao vaginalna gljivica, kandidijaza ili samo kandida. Simptomi uklju\u010duju gust, beli sekret, obi\u010dno opisan kao sli\u010dan siru, jako crvenilo ili svrab vulvovaginalne regije. \u010ce\u0161anje mo\u017ee izazvati dodatnu iritaciju ili bol i mo\u017ee dovesti do peckanja prilikom mokrenja ili u toku seksualnog odnosa. Ako osetite bilo koji od ovih simptoma, va\u017eno je da se obratite svom lekaru ili ginekologu da potvrdite dijagnozu, a oni \u0107e Vas posavetovati kako da le\u010dite infekciju kandidom.","og_url":"https:\/\/multi-gyn.com\/rs\/zdravlje-vagine\/infekcije\/kako-leciti-kandidu\/","og_site_name":"Multi-Gyn","article_modified_time":"2023-03-07T08:08:25+00:00","twitter_card":"summary_large_image","twitter_misc":{"\u041f\u0440\u043e\u0446\u0435\u045a\u0435\u043d\u043e \u0432\u0440\u0435\u043c\u0435 \u0447\u0438\u0442\u0430\u045a\u0430":"2 \u043c\u0438\u043d\u0443\u0442\u0430"},"schema":{"@context":"https:\/\/schema.org","@graph":[{"@type":"WebPage","@id":"https:\/\/multi-gyn.com\/rs\/zdravlje-vagine\/infekcije\/kako-leciti-kandidu\/","url":"https:\/\/multi-gyn.com\/rs\/zdravlje-vagine\/infekcije\/kako-leciti-kandidu\/","name":"Kako le\u010diti kandidu? - Multi-Gyn","isPartOf":{"@id":"https:\/\/multi-gyn.com\/rs\/#website"},"datePublished":"2022-12-12T08:05:15+00:00","dateModified":"2023-03-07T08:08:25+00:00","description":"Jedan od naj\u010de\u0161\u0107ih vaginalnih tegoba je vaginalni sor, tako\u0111e poznat kao vaginalna gljivica, kandidijaza ili samo kandida. Simptomi uklju\u010duju gust, beli sekret, obi\u010dno opisan kao sli\u010dan siru, jako crvenilo ili svrab vulvovaginalne regije. \u010ce\u0161anje mo\u017ee izazvati dodatnu iritaciju ili bol i mo\u017ee dovesti do peckanja prilikom mokrenja ili u toku seksualnog odnosa. Ako osetite bilo koji od ovih simptoma, va\u017eno je da se obratite svom lekaru ili ginekologu da potvrdite dijagnozu, a oni \u0107e Vas posavetovati kako da le\u010dite infekciju kandidom.","breadcrumb":{"@id":"https:\/\/multi-gyn.com\/rs\/zdravlje-vagine\/infekcije\/kako-leciti-kandidu\/#breadcrumb"},"inLanguage":"sr-RS","potentialAction":[{"@type":"ReadAction","target":["https:\/\/multi-gyn.com\/rs\/zdravlje-vagine\/infekcije\/kako-leciti-kandidu\/"]}]},{"@type":"BreadcrumbList","@id":"https:\/\/multi-gyn.com\/rs\/zdravlje-vagine\/infekcije\/kako-leciti-kandidu\/#breadcrumb","itemListElement":[{"@type":"ListItem","position":1,"name":"Home","item":"https:\/\/multi-gyn.com\/rs\/"},{"@type":"ListItem","position":2,"name":"Zdravlje vagine","item":"https:\/\/multi-gyn.com\/rs\/zdravlje-vagine\/"},{"@type":"ListItem","position":3,"name":"Infekcije","item":"https:\/\/multi-gyn.com\/rs\/zdravlje-vagine\/infekcije\/"},{"@type":"ListItem","position":4,"name":"Kako le\u010diti kandidu?"}]},{"@type":"WebSite","@id":"https:\/\/multi-gyn.com\/rs\/#website","url":"https:\/\/multi-gyn.com\/rs\/","name":"Multi-Gyn","description":"","publisher":{"@id":"https:\/\/multi-gyn.com\/rs\/#organization"},"potentialAction":[{"@type":"SearchAction","target":{"@type":"EntryPoint","urlTemplate":"https:\/\/multi-gyn.com\/rs\/?s={search_term_string}"},"query-input":{"@type":"PropertyValueSpecification","valueRequired":true,"valueName":"search_term_string"}}],"inLanguage":"sr-RS"},{"@type":"Organization","@id":"https:\/\/multi-gyn.com\/rs\/#organization","name":"Multi-Gyn","url":"https:\/\/multi-gyn.com\/rs\/","logo":{"@type":"ImageObject","inLanguage":"sr-RS","@id":"https:\/\/multi-gyn.com\/rs\/#\/schema\/logo\/image\/","url":"https:\/\/multi-gyn.com\/app\/uploads\/sites\/35\/2022\/11\/multi-gyn-logo.png","contentUrl":"https:\/\/multi-gyn.com\/app\/uploads\/sites\/35\/2022\/11\/multi-gyn-logo.png","width":149,"height":32,"caption":"Multi-Gyn"},"image":{"@id":"https:\/\/multi-gyn.com\/rs\/#\/schema\/logo\/image\/"}}]}},"_links":{"self":[{"href":"https:\/\/multi-gyn.com\/rs\/wp-json\/wp\/v2\/pages\/467","targetHints":{"allow":["GET"]}}],"collection":[{"href":"https:\/\/multi-gyn.com\/rs\/wp-json\/wp\/v2\/pages"}],"about":[{"href":"https:\/\/multi-gyn.com\/rs\/wp-json\/wp\/v2\/types\/page"}],"author":[{"embeddable":true,"href":"https:\/\/multi-gyn.com\/rs\/wp-json\/wp\/v2\/users\/6"}],"replies":[{"embeddable":true,"href":"https:\/\/multi-gyn.com\/rs\/wp-json\/wp\/v2\/comments?post=467"}],"version-history":[{"count":4,"href":"https:\/\/multi-gyn.com\/rs\/wp-json\/wp\/v2\/pages\/467\/revisions"}],"predecessor-version":[{"id":734,"href":"https:\/\/multi-gyn.com\/rs\/wp-json\/wp\/v2\/pages\/467\/revisions\/734"}],"up":[{"embeddable":true,"href":"https:\/\/multi-gyn.com\/rs\/wp-json\/wp\/v2\/pages\/643"}],"wp:attachment":[{"href":"https:\/\/multi-gyn.com\/rs\/wp-json\/wp\/v2\/media?parent=467"}],"wp:term":[{"taxonomy":"from-article-database","embeddable":true,"href":"https:\/\/multi-gyn.com\/rs\/wp-json\/wp\/v2\/from-article-database?post=467"}],"curies":[{"name":"wp","href":"https:\/\/api.w.org\/{rel}","templated":true}]}}