{"id":477,"date":"2022-12-12T09:08:51","date_gmt":"2022-12-12T08:08:51","guid":{"rendered":"https:\/\/multi-gyn.com\/rs\/?page_id=477"},"modified":"2022-12-12T10:38:30","modified_gmt":"2022-12-12T09:38:30","slug":"gljivicna-infekcija-u-toku-menstruacije","status":"publish","type":"page","link":"https:\/\/multi-gyn.com\/rs\/zdravlje-vagine\/infekcije\/gljivicna-infekcija-u-toku-menstruacije\/","title":{"rendered":"Gljivi\u010dna infekcija u toku menstruacije"},"content":{"rendered":"\n<div class=\"wp-block-karopharma-free-text pt-large pb-large bg-center bg-cover bg-no-repeat  is-style-primary\" style=\"background-image:url()\"><div class=\"free-text-wrapper container max-w-medium text-left\">\n<h1 class=\"wp-block-heading\"><strong><strong><strong>Gljivi\u010dna infekcija u toku menstruacije<\/strong><\/strong><\/strong><\/h1>\n\n\n\n<p class=\"is-style-paragraph-preamble\">Bakterijska vaginoza ili BV je jedan od uzroka vaginalnog sekreta i mirisa zbog \u010dega \u017eene tra\u017ee medicinsku pomo\u0107. Ovo se Pripadaju grupi gljiva i neke vrste mogu da se pojave unutar vagine. Me\u0111utim, kada gljivica po\u010dne nekontrolisano da raste izaziva infekciju. Neugodne simptome sledi infekcija i oni postaju gotovo nepodno\u0161ljivi u kombinaciji sa menstrualnom krvlju, gr\u010devima i razdra\u017eljivo\u0161\u0107u koja se \u010desto javlja tokom menstruacije. Saznajte vi\u0161e o gljivi\u010dnoj vaginalnoj infekciji i \u0161ta mo\u017eete da o\u010dekujete ako se infekcija javlja tokom menstruacije.<\/p>\n<\/div><\/div>\n\n\n\n<div class=\"wp-block-karopharma-free-text pt-large pb-large bg-center bg-cover bg-no-repeat\" style=\"background-image:url()\"><div class=\"free-text-wrapper container max-w-medium text-left\">\n<p>Ve\u0107ina \u017eena do\u017eivi infekciju bar jednom u \u017eivotu. To se de\u0161ava zbog delikatne vaginalne flore koja se lako pomeri iz ravnote\u017ee, rezultiraju\u0107i prekomernim rastom gljivice. Faktori koji mogu izazvati disbalans rezultiraju gljivi\u010dnom infekcijom:<\/p>\n\n\n\n<ul class=\"is-style-default wp-block-list\"><li>Hormonalne promene, na primer, tokom menstrualnog ciklusa<\/li><li>Upotreba antibiotika<\/li><li>Trudno\u0107a<\/li><li>Stres<\/li><li>Nedostatak sna<\/li><li>Naru\u0161en imuni sistem<\/li><\/ul>\n\n\n\n<p>Gljivi\u010dne infekcije se \u010desto javljaju neposredno pre menstruacije, u toku mensturacije ili nekoliko dana kasnije. Ovo se de\u0161ava zbog nivoa hormona koji se menja tokom menstrualnog ciklusa. Neposredno pre po\u010detka menstrualnog krvarenja, nivo estrogena pada. To ne poma\u017ee alkalizaciji menstrualne krvi. Sre\u0107om, kada se menstruacija zavr\u0161i, nivo estrogena se vra\u0107a u normalno stanje, dopu\u0161taju\u0107i vaginalnoj flori da se oporavi.<\/p>\n\n\n\n<p>Simptomi koji obi\u010dno dolaze sa gljivi\u010dnom infekcijom uklju\u010duju:<\/p>\n\n\n\n<ul class=\"is-style-default wp-block-list\"><li>Vaginalni svrab koji mo\u017ee i\u0107i od blagog do veoma jakog<\/li><li>Sekret &#8211; beo, kao \u201csir\u201d i obi\u010dno bez mirisa<\/li><li>Iritacije i crvenilo<\/li><li>Bol prilikom mokrenja<\/li><li>Otok i bol se mogu javiti ako po\u010dnete da grebete intimnu regiju<\/li><li>Bol tokom odnosa<\/li><li>Osetljivost<\/li><\/ul>\n\n\n\n<h3 class=\"is-style-heading-h2 wp-block-heading\"><strong>Kako spre\u010diti gljivi\u010dnu infekciju dok traje menstruacija?<\/strong><\/h3>\n\n\n\n<p>Ta\u010dan uzrok gljivi\u010dne infekcije je te\u0161ko odrediti. Zbog toga mo\u017ee biti prili\u010dno te\u0161ko spre\u010diti je.<\/p>\n\n\n\n<p>Neke \u017eene imaju korist od dobrih higijenskih navika koje odr\u017eavaju zdravu vaginu &#8211; ovo uklju\u010duje higijenske ulo\u0161ke bez mirisa i kori\u0161\u0107enje samo intimnih maramica koje ne sadr\u017ee jake hemikalije i izbegavanje upotrebe kozmeti\u010dkih proizvoda koji mogu iritirati ko\u017eu. Menjajte ulo\u0161ke svaka 3 do 4 sata i ako ste skloni gljivi\u010dnim infekcijama, izbegavajte upotrebu tampona. Tamponi dr\u017ee menstrualnu krv u du\u017eem kontaktu sa vaginanim tkivom, \u010dine\u0107i verovatnijim razvoj gljivice u baznoj sredini nastaloj zbog krvi.<\/p>\n\n\n\n<p>Poku\u0161ajte da koristite proizvod koji mo\u017ee stimulisati rast dobrih bakterija i za\u0161titi vaginalnu floru od gljivi\u010dne infekcije. Izbegavajte no\u0161enje sinteti\u010dke, tesne ode\u0107e naro\u010dito pre i u toku menstruacije, jer ova ode\u0107a mo\u017ee da podstakne rast gljivice i pove\u0107ava rizik od infekcije.<\/p>\n\n\n\n<p><em>&#8222;Gljivi\u010dne infekcije se \u010desto javljaju neposredno pre menstruacije, u toku mensturacije ili nekoliko dana kasnije. Ovo se de\u0161ava zbog nivoa hormona koji se menja tokom menstrualnog ciklusa.&#8220;<\/em><\/p>\n<\/div><\/div>\n","protected":false},"excerpt":{"rendered":"","protected":false},"author":6,"featured_media":0,"parent":643,"menu_order":0,"comment_status":"closed","ping_status":"closed","template":"","meta":{"_acf_changed":false,"footnotes":""},"from-article-database":[],"class_list":["post-477","page","type-page","status-publish","hentry"],"acf":[],"yoast_head":"<!-- This site is optimized with the Yoast SEO plugin v26.6 - https:\/\/yoast.com\/wordpress\/plugins\/seo\/ -->\n<title>Gljivi\u010dna infekcija u toku menstruacije - Multi-Gyn<\/title>\n<meta name=\"description\" content=\"Pripadaju grupi gljiva i neke vrste mogu da se pojave unutar vagine. Me\u0111utim, kada gljivica po\u010dne nekontrolisano da raste izaziva infekciju. Neugodne simptome sledi infekcija i oni postaju gotovo nepodno\u0161ljivi u kombinaciji sa menstrualnom krvlju, gr\u010devima i razdra\u017eljivo\u0161\u0107u koja se \u010desto javlja tokom menstruacije. Saznajte vi\u0161e o gljivi\u010dnoj vaginalnoj infekciji i \u0161ta mo\u017eete da o\u010dekujete ako se infekcija javlja tokom menstruacije.\" \/>\n<meta name=\"robots\" content=\"index, follow, max-snippet:-1, max-image-preview:large, max-video-preview:-1\" \/>\n<link rel=\"canonical\" href=\"https:\/\/multi-gyn.com\/rs\/zdravlje-vagine\/infekcije\/gljivicna-infekcija-u-toku-menstruacije\/\" \/>\n<meta property=\"og:locale\" content=\"sr_RS\" \/>\n<meta property=\"og:type\" content=\"article\" \/>\n<meta property=\"og:title\" content=\"Gljivi\u010dna infekcija u toku menstruacije - Multi-Gyn\" \/>\n<meta property=\"og:description\" content=\"Pripadaju grupi gljiva i neke vrste mogu da se pojave unutar vagine. Me\u0111utim, kada gljivica po\u010dne nekontrolisano da raste izaziva infekciju. Neugodne simptome sledi infekcija i oni postaju gotovo nepodno\u0161ljivi u kombinaciji sa menstrualnom krvlju, gr\u010devima i razdra\u017eljivo\u0161\u0107u koja se \u010desto javlja tokom menstruacije. Saznajte vi\u0161e o gljivi\u010dnoj vaginalnoj infekciji i \u0161ta mo\u017eete da o\u010dekujete ako se infekcija javlja tokom menstruacije.\" \/>\n<meta property=\"og:url\" content=\"https:\/\/multi-gyn.com\/rs\/zdravlje-vagine\/infekcije\/gljivicna-infekcija-u-toku-menstruacije\/\" \/>\n<meta property=\"og:site_name\" content=\"Multi-Gyn\" \/>\n<meta property=\"article:modified_time\" content=\"2022-12-12T09:38:30+00:00\" \/>\n<meta name=\"twitter:card\" content=\"summary_large_image\" \/>\n<meta name=\"twitter:label1\" content=\"\u041f\u0440\u043e\u0446\u0435\u045a\u0435\u043d\u043e \u0432\u0440\u0435\u043c\u0435 \u0447\u0438\u0442\u0430\u045a\u0430\" \/>\n\t<meta name=\"twitter:data1\" content=\"3 \u043c\u0438\u043d\u0443\u0442\u0430\" \/>\n<script type=\"application\/ld+json\" class=\"yoast-schema-graph\">{\"@context\":\"https:\/\/schema.org\",\"@graph\":[{\"@type\":\"WebPage\",\"@id\":\"https:\/\/multi-gyn.com\/rs\/zdravlje-vagine\/infekcije\/gljivicna-infekcija-u-toku-menstruacije\/\",\"url\":\"https:\/\/multi-gyn.com\/rs\/zdravlje-vagine\/infekcije\/gljivicna-infekcija-u-toku-menstruacije\/\",\"name\":\"Gljivi\u010dna infekcija u toku menstruacije - Multi-Gyn\",\"isPartOf\":{\"@id\":\"https:\/\/multi-gyn.com\/rs\/#website\"},\"datePublished\":\"2022-12-12T08:08:51+00:00\",\"dateModified\":\"2022-12-12T09:38:30+00:00\",\"description\":\"Pripadaju grupi gljiva i neke vrste mogu da se pojave unutar vagine. Me\u0111utim, kada gljivica po\u010dne nekontrolisano da raste izaziva infekciju. Neugodne simptome sledi infekcija i oni postaju gotovo nepodno\u0161ljivi u kombinaciji sa menstrualnom krvlju, gr\u010devima i razdra\u017eljivo\u0161\u0107u koja se \u010desto javlja tokom menstruacije. Saznajte vi\u0161e o gljivi\u010dnoj vaginalnoj infekciji i \u0161ta mo\u017eete da o\u010dekujete ako se infekcija javlja tokom menstruacije.\",\"breadcrumb\":{\"@id\":\"https:\/\/multi-gyn.com\/rs\/zdravlje-vagine\/infekcije\/gljivicna-infekcija-u-toku-menstruacije\/#breadcrumb\"},\"inLanguage\":\"sr-RS\",\"potentialAction\":[{\"@type\":\"ReadAction\",\"target\":[\"https:\/\/multi-gyn.com\/rs\/zdravlje-vagine\/infekcije\/gljivicna-infekcija-u-toku-menstruacije\/\"]}]},{\"@type\":\"BreadcrumbList\",\"@id\":\"https:\/\/multi-gyn.com\/rs\/zdravlje-vagine\/infekcije\/gljivicna-infekcija-u-toku-menstruacije\/#breadcrumb\",\"itemListElement\":[{\"@type\":\"ListItem\",\"position\":1,\"name\":\"Home\",\"item\":\"https:\/\/multi-gyn.com\/rs\/\"},{\"@type\":\"ListItem\",\"position\":2,\"name\":\"Zdravlje vagine\",\"item\":\"https:\/\/multi-gyn.com\/rs\/zdravlje-vagine\/\"},{\"@type\":\"ListItem\",\"position\":3,\"name\":\"Infekcije\",\"item\":\"https:\/\/multi-gyn.com\/rs\/zdravlje-vagine\/infekcije\/\"},{\"@type\":\"ListItem\",\"position\":4,\"name\":\"Gljivi\u010dna infekcija u toku menstruacije\"}]},{\"@type\":\"WebSite\",\"@id\":\"https:\/\/multi-gyn.com\/rs\/#website\",\"url\":\"https:\/\/multi-gyn.com\/rs\/\",\"name\":\"Multi-Gyn\",\"description\":\"\",\"publisher\":{\"@id\":\"https:\/\/multi-gyn.com\/rs\/#organization\"},\"potentialAction\":[{\"@type\":\"SearchAction\",\"target\":{\"@type\":\"EntryPoint\",\"urlTemplate\":\"https:\/\/multi-gyn.com\/rs\/?s={search_term_string}\"},\"query-input\":{\"@type\":\"PropertyValueSpecification\",\"valueRequired\":true,\"valueName\":\"search_term_string\"}}],\"inLanguage\":\"sr-RS\"},{\"@type\":\"Organization\",\"@id\":\"https:\/\/multi-gyn.com\/rs\/#organization\",\"name\":\"Multi-Gyn\",\"url\":\"https:\/\/multi-gyn.com\/rs\/\",\"logo\":{\"@type\":\"ImageObject\",\"inLanguage\":\"sr-RS\",\"@id\":\"https:\/\/multi-gyn.com\/rs\/#\/schema\/logo\/image\/\",\"url\":\"https:\/\/multi-gyn.com\/app\/uploads\/sites\/35\/2022\/11\/multi-gyn-logo.png\",\"contentUrl\":\"https:\/\/multi-gyn.com\/app\/uploads\/sites\/35\/2022\/11\/multi-gyn-logo.png\",\"width\":149,\"height\":32,\"caption\":\"Multi-Gyn\"},\"image\":{\"@id\":\"https:\/\/multi-gyn.com\/rs\/#\/schema\/logo\/image\/\"}}]}<\/script>\n<!-- \/ Yoast SEO plugin. -->","yoast_head_json":{"title":"Gljivi\u010dna infekcija u toku menstruacije - Multi-Gyn","description":"Pripadaju grupi gljiva i neke vrste mogu da se pojave unutar vagine. Me\u0111utim, kada gljivica po\u010dne nekontrolisano da raste izaziva infekciju. Neugodne simptome sledi infekcija i oni postaju gotovo nepodno\u0161ljivi u kombinaciji sa menstrualnom krvlju, gr\u010devima i razdra\u017eljivo\u0161\u0107u koja se \u010desto javlja tokom menstruacije. Saznajte vi\u0161e o gljivi\u010dnoj vaginalnoj infekciji i \u0161ta mo\u017eete da o\u010dekujete ako se infekcija javlja tokom menstruacije.","robots":{"index":"index","follow":"follow","max-snippet":"max-snippet:-1","max-image-preview":"max-image-preview:large","max-video-preview":"max-video-preview:-1"},"canonical":"https:\/\/multi-gyn.com\/rs\/zdravlje-vagine\/infekcije\/gljivicna-infekcija-u-toku-menstruacije\/","og_locale":"sr_RS","og_type":"article","og_title":"Gljivi\u010dna infekcija u toku menstruacije - Multi-Gyn","og_description":"Pripadaju grupi gljiva i neke vrste mogu da se pojave unutar vagine. Me\u0111utim, kada gljivica po\u010dne nekontrolisano da raste izaziva infekciju. Neugodne simptome sledi infekcija i oni postaju gotovo nepodno\u0161ljivi u kombinaciji sa menstrualnom krvlju, gr\u010devima i razdra\u017eljivo\u0161\u0107u koja se \u010desto javlja tokom menstruacije. Saznajte vi\u0161e o gljivi\u010dnoj vaginalnoj infekciji i \u0161ta mo\u017eete da o\u010dekujete ako se infekcija javlja tokom menstruacije.","og_url":"https:\/\/multi-gyn.com\/rs\/zdravlje-vagine\/infekcije\/gljivicna-infekcija-u-toku-menstruacije\/","og_site_name":"Multi-Gyn","article_modified_time":"2022-12-12T09:38:30+00:00","twitter_card":"summary_large_image","twitter_misc":{"\u041f\u0440\u043e\u0446\u0435\u045a\u0435\u043d\u043e \u0432\u0440\u0435\u043c\u0435 \u0447\u0438\u0442\u0430\u045a\u0430":"3 \u043c\u0438\u043d\u0443\u0442\u0430"},"schema":{"@context":"https:\/\/schema.org","@graph":[{"@type":"WebPage","@id":"https:\/\/multi-gyn.com\/rs\/zdravlje-vagine\/infekcije\/gljivicna-infekcija-u-toku-menstruacije\/","url":"https:\/\/multi-gyn.com\/rs\/zdravlje-vagine\/infekcije\/gljivicna-infekcija-u-toku-menstruacije\/","name":"Gljivi\u010dna infekcija u toku menstruacije - Multi-Gyn","isPartOf":{"@id":"https:\/\/multi-gyn.com\/rs\/#website"},"datePublished":"2022-12-12T08:08:51+00:00","dateModified":"2022-12-12T09:38:30+00:00","description":"Pripadaju grupi gljiva i neke vrste mogu da se pojave unutar vagine. Me\u0111utim, kada gljivica po\u010dne nekontrolisano da raste izaziva infekciju. Neugodne simptome sledi infekcija i oni postaju gotovo nepodno\u0161ljivi u kombinaciji sa menstrualnom krvlju, gr\u010devima i razdra\u017eljivo\u0161\u0107u koja se \u010desto javlja tokom menstruacije. Saznajte vi\u0161e o gljivi\u010dnoj vaginalnoj infekciji i \u0161ta mo\u017eete da o\u010dekujete ako se infekcija javlja tokom menstruacije.","breadcrumb":{"@id":"https:\/\/multi-gyn.com\/rs\/zdravlje-vagine\/infekcije\/gljivicna-infekcija-u-toku-menstruacije\/#breadcrumb"},"inLanguage":"sr-RS","potentialAction":[{"@type":"ReadAction","target":["https:\/\/multi-gyn.com\/rs\/zdravlje-vagine\/infekcije\/gljivicna-infekcija-u-toku-menstruacije\/"]}]},{"@type":"BreadcrumbList","@id":"https:\/\/multi-gyn.com\/rs\/zdravlje-vagine\/infekcije\/gljivicna-infekcija-u-toku-menstruacije\/#breadcrumb","itemListElement":[{"@type":"ListItem","position":1,"name":"Home","item":"https:\/\/multi-gyn.com\/rs\/"},{"@type":"ListItem","position":2,"name":"Zdravlje vagine","item":"https:\/\/multi-gyn.com\/rs\/zdravlje-vagine\/"},{"@type":"ListItem","position":3,"name":"Infekcije","item":"https:\/\/multi-gyn.com\/rs\/zdravlje-vagine\/infekcije\/"},{"@type":"ListItem","position":4,"name":"Gljivi\u010dna infekcija u toku menstruacije"}]},{"@type":"WebSite","@id":"https:\/\/multi-gyn.com\/rs\/#website","url":"https:\/\/multi-gyn.com\/rs\/","name":"Multi-Gyn","description":"","publisher":{"@id":"https:\/\/multi-gyn.com\/rs\/#organization"},"potentialAction":[{"@type":"SearchAction","target":{"@type":"EntryPoint","urlTemplate":"https:\/\/multi-gyn.com\/rs\/?s={search_term_string}"},"query-input":{"@type":"PropertyValueSpecification","valueRequired":true,"valueName":"search_term_string"}}],"inLanguage":"sr-RS"},{"@type":"Organization","@id":"https:\/\/multi-gyn.com\/rs\/#organization","name":"Multi-Gyn","url":"https:\/\/multi-gyn.com\/rs\/","logo":{"@type":"ImageObject","inLanguage":"sr-RS","@id":"https:\/\/multi-gyn.com\/rs\/#\/schema\/logo\/image\/","url":"https:\/\/multi-gyn.com\/app\/uploads\/sites\/35\/2022\/11\/multi-gyn-logo.png","contentUrl":"https:\/\/multi-gyn.com\/app\/uploads\/sites\/35\/2022\/11\/multi-gyn-logo.png","width":149,"height":32,"caption":"Multi-Gyn"},"image":{"@id":"https:\/\/multi-gyn.com\/rs\/#\/schema\/logo\/image\/"}}]}},"_links":{"self":[{"href":"https:\/\/multi-gyn.com\/rs\/wp-json\/wp\/v2\/pages\/477","targetHints":{"allow":["GET"]}}],"collection":[{"href":"https:\/\/multi-gyn.com\/rs\/wp-json\/wp\/v2\/pages"}],"about":[{"href":"https:\/\/multi-gyn.com\/rs\/wp-json\/wp\/v2\/types\/page"}],"author":[{"embeddable":true,"href":"https:\/\/multi-gyn.com\/rs\/wp-json\/wp\/v2\/users\/6"}],"replies":[{"embeddable":true,"href":"https:\/\/multi-gyn.com\/rs\/wp-json\/wp\/v2\/comments?post=477"}],"version-history":[{"count":2,"href":"https:\/\/multi-gyn.com\/rs\/wp-json\/wp\/v2\/pages\/477\/revisions"}],"predecessor-version":[{"id":668,"href":"https:\/\/multi-gyn.com\/rs\/wp-json\/wp\/v2\/pages\/477\/revisions\/668"}],"up":[{"embeddable":true,"href":"https:\/\/multi-gyn.com\/rs\/wp-json\/wp\/v2\/pages\/643"}],"wp:attachment":[{"href":"https:\/\/multi-gyn.com\/rs\/wp-json\/wp\/v2\/media?parent=477"}],"wp:term":[{"taxonomy":"from-article-database","embeddable":true,"href":"https:\/\/multi-gyn.com\/rs\/wp-json\/wp\/v2\/from-article-database?post=477"}],"curies":[{"name":"wp","href":"https:\/\/api.w.org\/{rel}","templated":true}]}}