{"id":490,"date":"2022-12-12T09:12:25","date_gmt":"2022-12-12T08:12:25","guid":{"rendered":"https:\/\/multi-gyn.com\/rs\/?page_id=490"},"modified":"2022-12-12T10:39:12","modified_gmt":"2022-12-12T09:39:12","slug":"vaginalna-infekcijauzroci-simptomi-i-lecenje","status":"publish","type":"page","link":"https:\/\/multi-gyn.com\/rs\/zdravlje-vagine\/infekcije\/vaginalna-infekcijauzroci-simptomi-i-lecenje\/","title":{"rendered":"Vaginalna infekcija: uzroci, simptomi i le\u010denje"},"content":{"rendered":"\n<div class=\"wp-block-karopharma-free-text pt-large pb-large bg-center bg-cover bg-no-repeat  is-style-primary\" style=\"background-image:url()\"><div class=\"free-text-wrapper container max-w-medium text-left\">\n<h1 class=\"wp-block-heading\"><strong><strong><strong>Vaginalna infekcija:<br>uzroci, simptomi i le\u010denje<\/strong><\/strong><\/strong><\/h1>\n\n\n\n<p class=\"is-style-paragraph-preamble\">Da li ste znali da \u0107e svaka \u017eena da pati od vaginalnih tegoba u nekom trenutnku svog \u017eivota? Ako trenutno imate svrab, poja\u010dan sekret i crvenilo; ne brinite niste sami.<\/p>\n<\/div><\/div>\n\n\n\n<div class=\"wp-block-karopharma-free-text pt-large pb-large bg-center bg-cover bg-no-repeat\" style=\"background-image:url()\"><div class=\"free-text-wrapper container max-w-medium text-left\">\n<p>Infekcije su glavni uzrok vaginalnih tegoba. Naj\u010de\u0161\u0107e su bakterijske vaginoze i gljivi\u010dna infekcija, tako\u0111e poznata kao kandida ili sor. Ako niste sigurni koja infekcija je prouzrokovala Va\u0161e tegobe ili \u017eelite da saznate vi\u0161e o le\u010denju, onda obavezno pro\u010ditajte!<\/p>\n\n\n\n<h3 class=\"is-style-heading-h2 wp-block-heading\"><strong>Bakterijske vaginoze<\/strong><\/h3>\n\n\n\n<p>Bakterijska vaginoza (BV) se razvija kada je naru\u0161ena prirodna ravnote\u017ea u vagini. Normalno, zdravi laktobacili su dominantne bakterije u vagini, ali ako se razvije BV, druge ne\u017eeljene bakterije po\u010dinju da prerastaju laktobacile.<\/p>\n\n\n\n<p>Simptomi bakterijske vaginoze mogu uklju\u010divati:<\/p>\n\n\n\n<ul class=\"is-style-default wp-block-list\"><li>Neprijatan miris na ribu (intenzivira se posle seksualnog odnosa)<\/li><li>Redak sivkasto beli sekret<\/li><li>Vaginalno peckanje (intenzivira se tokom mokrenja)<\/li><li>Vaginalni svrab<\/li><\/ul>\n\n\n\n<p><strong>\u0160ta izaziva bakterijske vaginoze?<\/strong><\/p>\n\n\n\n<p>Uzrok poreme\u0107aja Va\u0161e vaginalne flore nije ta\u010dno poznat. Me\u0111utim, postoje neki faktori koji mogu pove\u0107ati rizik od nastanka bakterijske vaginoze; jedan od njih je seksualna aktivnost.<\/p>\n\n\n\n<p>Ako imate neza\u0161ti\u0107en seks, u Va\u0161oj vagini se kiselost pH privremeno pove\u0107ava zbog sperme koja je alkalna. Ovo nije nu\u017eno \u0161tetno za vaginu, ali porast vaginalnog pH mo\u017ee da pove\u0107a \u0161anse za razvoj bakterijske vaginoze.<\/p>\n\n\n\n<p><strong>Le\u010denje i prevencija<\/strong><br>Antibiotici mogu da budu efikasni, ali oni imaju svoje nedostatke i nose rizik za razvoj otpornosti. Postoje proizvodi za intimnu higijenu koji mogu da se koriste u le\u010denju bakterijske vaginoze. Potra\u017eite proizvode koji koji optimizuju Va\u0161u vaginalnu floru; oni ne samo da \u0107e tretirati BV, nego \u0107e tako\u0111e pomo\u0107i u spre\u010davanju Va\u0161ih tegoba.<\/p>\n\n\n\n<h3 class=\"is-style-heading-h2 wp-block-heading\"><strong>Vaginalna gljivi\u010dna infekcija<\/strong><\/h3>\n\n\n\n<p>Gljivi\u010dna infekcija, tako\u0111e poznata kao kandida ili sor, je drugi uzrok vaginalnih tegoba. Ona je izazvana prekomernim rastom gljivica, obi\u010dno Candida albicans. Nije u potpunosti jasno kako i za\u0161to dolazi do gljivi\u010dne infekcije , ali slede\u0107i faktori mogu da imaju va\u017enu ulogu:<\/p>\n\n\n\n<ul class=\"is-style-default wp-block-list\"><li>Uzimanje antibiotika<\/li><li>Kori\u0161\u0107enje oralnih kontraceptivnih pilula ili hormonske terapije<\/li><li>Oslabljen imunitet<\/li><li>Trudno\u0107a<\/li><li>\u0160e\u0107erna bolest<\/li><\/ul>\n\n\n\n<p>Vaginalna gljivi\u010dna infekcija mo\u017ee izazvati tegobe kao \u0161to su:<\/p>\n\n\n\n<ul class=\"is-style-default wp-block-list\"><li>Svrab<\/li><li>Vaginalno peckanje (poja\u010dava se tokom mokrenja i seksualnog odnosa)<\/li><li>Gusti, beo sekret (kao sir)<\/li><li>Vaginalna iritacija<\/li><li>Crvenilo vagine i otok spolja\u0161nje intimne regije<\/li><\/ul>\n\n\n\n<p><strong>Terapija i prevencija<\/strong><\/p>\n\n\n\n<p>Ako \u017eelite da le\u010dite vaginalnu gljivi\u010dnu infekciju postoji nekoliko opcija. Jedan od naj\u010de\u0161\u0107ih tretmana je kori\u0161\u0107enje lekova protiv gljivica (antimikotici). Oni se mogu uzeti oralno ili aplikovati u vaginu. Za ve\u0107inu \u017eena ova vrsta tretmana mo\u017ee biti veoma efikasna u kratkom roku. Oni, me\u0111utim, mogu izazvati ne\u017eeljena dejstva kao \u0161to su mu\u010dnina, glavobolja ili povra\u0107anje. \u0160tavi\u0161e, mnogo\/ve\u0107ina \u017eena do\u017eivljava povratne gljivi\u010dne probleme u roku od nekoliko meseci.<\/p>\n\n\n\n<p>Dostupni su tako\u0111e, proizvodi za intimnu negu koje mo\u017eete kupiti bez recepta. Takvi proizvodi \u0107e olak\u0161ati simptome gljivi\u010dne infekcije ali ne izazivaju negativne ne\u017eeljene efekte. Ako uzmete u obzir ove proizvode, izaberite proizvod za intimnu negu sa prirodnim sastojcima koji \u0107e \u0161tititi Va\u0161u vaginalnu floru.<\/p>\n<\/div><\/div>\n","protected":false},"excerpt":{"rendered":"","protected":false},"author":6,"featured_media":0,"parent":643,"menu_order":0,"comment_status":"closed","ping_status":"closed","template":"","meta":{"_acf_changed":false,"footnotes":""},"from-article-database":[],"class_list":["post-490","page","type-page","status-publish","hentry"],"acf":[],"yoast_head":"<!-- This site is optimized with the Yoast SEO plugin v26.6 - https:\/\/yoast.com\/wordpress\/plugins\/seo\/ -->\n<title>Vaginalna infekcija: uzroci, simptomi i le\u010denje - Multi-Gyn<\/title>\n<meta name=\"description\" content=\"Da li ste znali da \u0107e svaka \u017eena da pati od vaginalnih tegoba u nekom trenutnku svog \u017eivota? Ako trenutno imate svrab, poja\u010dan sekret i crvenilo; ne brinite niste sami.\" \/>\n<meta name=\"robots\" content=\"index, follow, max-snippet:-1, max-image-preview:large, max-video-preview:-1\" \/>\n<link rel=\"canonical\" href=\"https:\/\/multi-gyn.com\/rs\/zdravlje-vagine\/infekcije\/vaginalna-infekcijauzroci-simptomi-i-lecenje\/\" \/>\n<meta property=\"og:locale\" content=\"sr_RS\" \/>\n<meta property=\"og:type\" content=\"article\" \/>\n<meta property=\"og:title\" content=\"Vaginalna infekcija: uzroci, simptomi i le\u010denje - Multi-Gyn\" \/>\n<meta property=\"og:description\" content=\"Da li ste znali da \u0107e svaka \u017eena da pati od vaginalnih tegoba u nekom trenutnku svog \u017eivota? Ako trenutno imate svrab, poja\u010dan sekret i crvenilo; ne brinite niste sami.\" \/>\n<meta property=\"og:url\" content=\"https:\/\/multi-gyn.com\/rs\/zdravlje-vagine\/infekcije\/vaginalna-infekcijauzroci-simptomi-i-lecenje\/\" \/>\n<meta property=\"og:site_name\" content=\"Multi-Gyn\" \/>\n<meta property=\"article:modified_time\" content=\"2022-12-12T09:39:12+00:00\" \/>\n<meta name=\"twitter:card\" content=\"summary_large_image\" \/>\n<meta name=\"twitter:label1\" content=\"\u041f\u0440\u043e\u0446\u0435\u045a\u0435\u043d\u043e \u0432\u0440\u0435\u043c\u0435 \u0447\u0438\u0442\u0430\u045a\u0430\" \/>\n\t<meta name=\"twitter:data1\" content=\"3 \u043c\u0438\u043d\u0443\u0442\u0430\" \/>\n<script type=\"application\/ld+json\" class=\"yoast-schema-graph\">{\"@context\":\"https:\/\/schema.org\",\"@graph\":[{\"@type\":\"WebPage\",\"@id\":\"https:\/\/multi-gyn.com\/rs\/zdravlje-vagine\/infekcije\/vaginalna-infekcijauzroci-simptomi-i-lecenje\/\",\"url\":\"https:\/\/multi-gyn.com\/rs\/zdravlje-vagine\/infekcije\/vaginalna-infekcijauzroci-simptomi-i-lecenje\/\",\"name\":\"Vaginalna infekcija: uzroci, simptomi i le\u010denje - Multi-Gyn\",\"isPartOf\":{\"@id\":\"https:\/\/multi-gyn.com\/rs\/#website\"},\"datePublished\":\"2022-12-12T08:12:25+00:00\",\"dateModified\":\"2022-12-12T09:39:12+00:00\",\"description\":\"Da li ste znali da \u0107e svaka \u017eena da pati od vaginalnih tegoba u nekom trenutnku svog \u017eivota? Ako trenutno imate svrab, poja\u010dan sekret i crvenilo; ne brinite niste sami.\",\"breadcrumb\":{\"@id\":\"https:\/\/multi-gyn.com\/rs\/zdravlje-vagine\/infekcije\/vaginalna-infekcijauzroci-simptomi-i-lecenje\/#breadcrumb\"},\"inLanguage\":\"sr-RS\",\"potentialAction\":[{\"@type\":\"ReadAction\",\"target\":[\"https:\/\/multi-gyn.com\/rs\/zdravlje-vagine\/infekcije\/vaginalna-infekcijauzroci-simptomi-i-lecenje\/\"]}]},{\"@type\":\"BreadcrumbList\",\"@id\":\"https:\/\/multi-gyn.com\/rs\/zdravlje-vagine\/infekcije\/vaginalna-infekcijauzroci-simptomi-i-lecenje\/#breadcrumb\",\"itemListElement\":[{\"@type\":\"ListItem\",\"position\":1,\"name\":\"Home\",\"item\":\"https:\/\/multi-gyn.com\/rs\/\"},{\"@type\":\"ListItem\",\"position\":2,\"name\":\"Zdravlje vagine\",\"item\":\"https:\/\/multi-gyn.com\/rs\/zdravlje-vagine\/\"},{\"@type\":\"ListItem\",\"position\":3,\"name\":\"Infekcije\",\"item\":\"https:\/\/multi-gyn.com\/rs\/zdravlje-vagine\/infekcije\/\"},{\"@type\":\"ListItem\",\"position\":4,\"name\":\"Vaginalna infekcija: uzroci, simptomi i le\u010denje\"}]},{\"@type\":\"WebSite\",\"@id\":\"https:\/\/multi-gyn.com\/rs\/#website\",\"url\":\"https:\/\/multi-gyn.com\/rs\/\",\"name\":\"Multi-Gyn\",\"description\":\"\",\"publisher\":{\"@id\":\"https:\/\/multi-gyn.com\/rs\/#organization\"},\"potentialAction\":[{\"@type\":\"SearchAction\",\"target\":{\"@type\":\"EntryPoint\",\"urlTemplate\":\"https:\/\/multi-gyn.com\/rs\/?s={search_term_string}\"},\"query-input\":{\"@type\":\"PropertyValueSpecification\",\"valueRequired\":true,\"valueName\":\"search_term_string\"}}],\"inLanguage\":\"sr-RS\"},{\"@type\":\"Organization\",\"@id\":\"https:\/\/multi-gyn.com\/rs\/#organization\",\"name\":\"Multi-Gyn\",\"url\":\"https:\/\/multi-gyn.com\/rs\/\",\"logo\":{\"@type\":\"ImageObject\",\"inLanguage\":\"sr-RS\",\"@id\":\"https:\/\/multi-gyn.com\/rs\/#\/schema\/logo\/image\/\",\"url\":\"https:\/\/multi-gyn.com\/app\/uploads\/sites\/35\/2022\/11\/multi-gyn-logo.png\",\"contentUrl\":\"https:\/\/multi-gyn.com\/app\/uploads\/sites\/35\/2022\/11\/multi-gyn-logo.png\",\"width\":149,\"height\":32,\"caption\":\"Multi-Gyn\"},\"image\":{\"@id\":\"https:\/\/multi-gyn.com\/rs\/#\/schema\/logo\/image\/\"}}]}<\/script>\n<!-- \/ Yoast SEO plugin. -->","yoast_head_json":{"title":"Vaginalna infekcija: uzroci, simptomi i le\u010denje - Multi-Gyn","description":"Da li ste znali da \u0107e svaka \u017eena da pati od vaginalnih tegoba u nekom trenutnku svog \u017eivota? Ako trenutno imate svrab, poja\u010dan sekret i crvenilo; ne brinite niste sami.","robots":{"index":"index","follow":"follow","max-snippet":"max-snippet:-1","max-image-preview":"max-image-preview:large","max-video-preview":"max-video-preview:-1"},"canonical":"https:\/\/multi-gyn.com\/rs\/zdravlje-vagine\/infekcije\/vaginalna-infekcijauzroci-simptomi-i-lecenje\/","og_locale":"sr_RS","og_type":"article","og_title":"Vaginalna infekcija: uzroci, simptomi i le\u010denje - Multi-Gyn","og_description":"Da li ste znali da \u0107e svaka \u017eena da pati od vaginalnih tegoba u nekom trenutnku svog \u017eivota? Ako trenutno imate svrab, poja\u010dan sekret i crvenilo; ne brinite niste sami.","og_url":"https:\/\/multi-gyn.com\/rs\/zdravlje-vagine\/infekcije\/vaginalna-infekcijauzroci-simptomi-i-lecenje\/","og_site_name":"Multi-Gyn","article_modified_time":"2022-12-12T09:39:12+00:00","twitter_card":"summary_large_image","twitter_misc":{"\u041f\u0440\u043e\u0446\u0435\u045a\u0435\u043d\u043e \u0432\u0440\u0435\u043c\u0435 \u0447\u0438\u0442\u0430\u045a\u0430":"3 \u043c\u0438\u043d\u0443\u0442\u0430"},"schema":{"@context":"https:\/\/schema.org","@graph":[{"@type":"WebPage","@id":"https:\/\/multi-gyn.com\/rs\/zdravlje-vagine\/infekcije\/vaginalna-infekcijauzroci-simptomi-i-lecenje\/","url":"https:\/\/multi-gyn.com\/rs\/zdravlje-vagine\/infekcije\/vaginalna-infekcijauzroci-simptomi-i-lecenje\/","name":"Vaginalna infekcija: uzroci, simptomi i le\u010denje - Multi-Gyn","isPartOf":{"@id":"https:\/\/multi-gyn.com\/rs\/#website"},"datePublished":"2022-12-12T08:12:25+00:00","dateModified":"2022-12-12T09:39:12+00:00","description":"Da li ste znali da \u0107e svaka \u017eena da pati od vaginalnih tegoba u nekom trenutnku svog \u017eivota? Ako trenutno imate svrab, poja\u010dan sekret i crvenilo; ne brinite niste sami.","breadcrumb":{"@id":"https:\/\/multi-gyn.com\/rs\/zdravlje-vagine\/infekcije\/vaginalna-infekcijauzroci-simptomi-i-lecenje\/#breadcrumb"},"inLanguage":"sr-RS","potentialAction":[{"@type":"ReadAction","target":["https:\/\/multi-gyn.com\/rs\/zdravlje-vagine\/infekcije\/vaginalna-infekcijauzroci-simptomi-i-lecenje\/"]}]},{"@type":"BreadcrumbList","@id":"https:\/\/multi-gyn.com\/rs\/zdravlje-vagine\/infekcije\/vaginalna-infekcijauzroci-simptomi-i-lecenje\/#breadcrumb","itemListElement":[{"@type":"ListItem","position":1,"name":"Home","item":"https:\/\/multi-gyn.com\/rs\/"},{"@type":"ListItem","position":2,"name":"Zdravlje vagine","item":"https:\/\/multi-gyn.com\/rs\/zdravlje-vagine\/"},{"@type":"ListItem","position":3,"name":"Infekcije","item":"https:\/\/multi-gyn.com\/rs\/zdravlje-vagine\/infekcije\/"},{"@type":"ListItem","position":4,"name":"Vaginalna infekcija: uzroci, simptomi i le\u010denje"}]},{"@type":"WebSite","@id":"https:\/\/multi-gyn.com\/rs\/#website","url":"https:\/\/multi-gyn.com\/rs\/","name":"Multi-Gyn","description":"","publisher":{"@id":"https:\/\/multi-gyn.com\/rs\/#organization"},"potentialAction":[{"@type":"SearchAction","target":{"@type":"EntryPoint","urlTemplate":"https:\/\/multi-gyn.com\/rs\/?s={search_term_string}"},"query-input":{"@type":"PropertyValueSpecification","valueRequired":true,"valueName":"search_term_string"}}],"inLanguage":"sr-RS"},{"@type":"Organization","@id":"https:\/\/multi-gyn.com\/rs\/#organization","name":"Multi-Gyn","url":"https:\/\/multi-gyn.com\/rs\/","logo":{"@type":"ImageObject","inLanguage":"sr-RS","@id":"https:\/\/multi-gyn.com\/rs\/#\/schema\/logo\/image\/","url":"https:\/\/multi-gyn.com\/app\/uploads\/sites\/35\/2022\/11\/multi-gyn-logo.png","contentUrl":"https:\/\/multi-gyn.com\/app\/uploads\/sites\/35\/2022\/11\/multi-gyn-logo.png","width":149,"height":32,"caption":"Multi-Gyn"},"image":{"@id":"https:\/\/multi-gyn.com\/rs\/#\/schema\/logo\/image\/"}}]}},"_links":{"self":[{"href":"https:\/\/multi-gyn.com\/rs\/wp-json\/wp\/v2\/pages\/490","targetHints":{"allow":["GET"]}}],"collection":[{"href":"https:\/\/multi-gyn.com\/rs\/wp-json\/wp\/v2\/pages"}],"about":[{"href":"https:\/\/multi-gyn.com\/rs\/wp-json\/wp\/v2\/types\/page"}],"author":[{"embeddable":true,"href":"https:\/\/multi-gyn.com\/rs\/wp-json\/wp\/v2\/users\/6"}],"replies":[{"embeddable":true,"href":"https:\/\/multi-gyn.com\/rs\/wp-json\/wp\/v2\/comments?post=490"}],"version-history":[{"count":3,"href":"https:\/\/multi-gyn.com\/rs\/wp-json\/wp\/v2\/pages\/490\/revisions"}],"predecessor-version":[{"id":493,"href":"https:\/\/multi-gyn.com\/rs\/wp-json\/wp\/v2\/pages\/490\/revisions\/493"}],"up":[{"embeddable":true,"href":"https:\/\/multi-gyn.com\/rs\/wp-json\/wp\/v2\/pages\/643"}],"wp:attachment":[{"href":"https:\/\/multi-gyn.com\/rs\/wp-json\/wp\/v2\/media?parent=490"}],"wp:term":[{"taxonomy":"from-article-database","embeddable":true,"href":"https:\/\/multi-gyn.com\/rs\/wp-json\/wp\/v2\/from-article-database?post=490"}],"curies":[{"name":"wp","href":"https:\/\/api.w.org\/{rel}","templated":true}]}}