{"id":587,"date":"2022-12-12T10:00:45","date_gmt":"2022-12-12T09:00:45","guid":{"rendered":"https:\/\/multi-gyn.com\/rs\/?page_id=587"},"modified":"2022-12-12T10:52:53","modified_gmt":"2022-12-12T09:52:53","slug":"5-najcescih-vaginalnih-tegoba","status":"publish","type":"page","link":"https:\/\/multi-gyn.com\/rs\/zdravlje-vagine\/prevencija\/5-najcescih-vaginalnih-tegoba\/","title":{"rendered":"5 naj\u010de\u0161\u0107ih vaginalnih tegoba"},"content":{"rendered":"\n<div class=\"wp-block-karopharma-free-text pt-large pb-large bg-center bg-cover bg-no-repeat  is-style-primary\" style=\"background-image:url()\"><div class=\"free-text-wrapper container max-w-medium text-left\">\n<h1 class=\"wp-block-heading\"><strong><strong><strong>5 naj\u010de\u0161\u0107ih vaginalnih tegoba<\/strong><\/strong><\/strong><\/h1>\n\n\n\n<p class=\"is-style-paragraph-preamble\">Svaka \u017eena \u0107e iskusiti neku vaginalnu nelagodnost u nekom trenutku svog \u017eivota. Ove tegobe se kre\u0107u od blagih tegoba koje samo stvaraju nervozu, do ostalih koje mogu imati ozbiljne posledice na kvalitet \u017eivota kod \u017eene ili na njen seksualni \u017eivot. 5 naj\u010de\u0161\u0107ih vaginalnih tegoba su svrab, peckanje, suvo\u0107a vagine, sekret, ponekad u kombinaciji sa neprijatnim mirisom, i iritacija ili bol tokom ili nakon seksualnog odnosa. Uzrok ovih simptoma nije uvek dobro definisan ili jednostavno dijagnostikovan i zato je va\u017eno da se konsultujete sa Va\u0161im lekarom ili ginekologom ako imate jednu ili vi\u0161e ovih tegoba.<\/p>\n<\/div><\/div>\n\n\n\n<div class=\"wp-block-karopharma-free-text pt-large pb-large bg-center bg-cover bg-no-repeat\" style=\"background-image:url()\"><div class=\"free-text-wrapper container max-w-medium text-left\">\n<h3 class=\"is-style-heading-h2 wp-block-heading\"><strong>Vaginalni svrab<\/strong><\/h3>\n\n\n\n<p>Vaginalni svrab mo\u017ee biti uzrokovan infekcijama, poput gljivi\u010dne, bakterijske vaginoze ili SPB. Tako\u0111e, mo\u017ee biti uzrokovan alergijskom reakcijom ili iritacijom na neke supstance, kao \u0161to su parfem, sapun, omek\u0161iva\u010d i dr. Ostali uzroci uklju\u010duju no\u0161enje sinteti\u010dkog donjeg ve\u0161a, brijanje\/depilaciju, trenje zbog fizi\u010dke ve\u017ebe ili suvo\u0107e vagine. Dok infekcije mogu, u ve\u0107ini slu\u010dajeva, biti prepoznate zbog prisustva specifi\u010dnog sekreta, neinfektivni uzroci svraba ne pokazuju neobi\u010dan sekret, ali je tkivo vulve i vagine \u010desto ote\u010deno i crveno. U cilju otkrivanja uzroka neugodnosti, poku\u0161ajte da uklonite sve potencijalne alergene iz Va\u0161e intimne regije: ne koristite sapun ili parfeme,izbegavajte mirisne higijenkse ulo\u0161ke ili toalet papir, prestanite da koristite \u010dipkast donji ve\u0161, prestanite da se brijete i depilirate neko vreme, koristite samo pantalone napravljene od prirodnih materijala koje \u201cdi\u0161u\u201d. Ako se problem nastavi, obratite se lekaru.<\/p>\n\n\n\n<h3 class=\"is-style-heading-h2 wp-block-heading\"><strong>Vaginalno peckanje<\/strong><\/h3>\n\n\n\n<p>Ose\u0107aj peckanja u vaginalnom podru\u010dju je obi\u010dno izazvano iritacijom ko\u017ee kao posledica svraba i grebanja ili infekcijom vagine ili uretre. Ovaj ose\u0107aj mo\u017ee da po\u010dne iznenada ili da se postepeno razvija tokom nekoliko nedelja. Va\u017eno je da se obratite lekaru koji \u0107e uzeti Va\u0161u medicinsku istoriju i izvr\u0161iti vaginalni pregled, kako bi se obezbedio odgovaraju\u0107i tretman. U slu\u010daju infektivnog uzroka, le\u010denje \u0107e naj\u010de\u0161\u0107e obuhvatati antibiotike i antimikotike. Efekat terapije \u0107e se mo\u017eda osetiti za nekoliko dana, tako da je dobra ideja kori\u0161\u0107enje proizvoda koji hlade ko\u017eu i ubla\u017eavaju svrab i iritaciju. Ovi proizvodi se obi\u010dno mogu kupiti u vidu sprejeva i gelova u apoteci.<\/p>\n\n\n\n<h3 class=\"is-style-heading-h2 wp-block-heading\"><strong>Suvo\u0107a vagine<\/strong><\/h3>\n\n\n\n<p>Suvo\u0107a vagine je naj\u010de\u0161\u0107e povezana sa menopauzom, iako \u017eene svih doba mogu da pate od nje. Simptomi su svrab, peckanje, bol tokom odnosa i bol u intimnom podru\u010dju. Iako ovi simptomi mogu da podse\u0107aju na druge vaginalne tegobe, glavna razlika je nedostatak neuobi\u010dajenog sekreta. U zavisnosti od uzroka, vaginalna suvo\u0107a mo\u017ee biti tretirana hormonalnom ili nehormonalnom terapijom, lokalno ili oralno. Nehormonalne vaginalne kreme omogu\u0107avaju brzo olak\u0161anje i njihov uticaj mo\u017ee trajati nekoliko dana. Vaginalni lubrikanti, s druge strane, mogu da pru\u017ee kratkotrajno re\u0161enje u slu\u010daju bolnog seksa.<\/p>\n\n\n\n<h3 class=\"is-style-heading-h2 wp-block-heading\"><strong>Sekret ili neprijatan miris<\/strong><\/h3>\n\n\n\n<p>Vaginalni sekret je telesna te\u010dnost koja poma\u017ee vagini da odr\u017ei svoju bakterijsku floru, omogu\u0107ava podmazivanje u toku seksualnog odnosa i pru\u017ea za\u0161titu tkiva u intimnoj regiji. Izgled je promenjen u toku menstrualnog ciklusa i u razli\u010ditim fazama \u017eivota. Me\u0111utim, neobi\u010dan sekret \u2013 kao \u0161to je beo, gust grudvast ili siv, i karakteristi\u010dan miris na ribu \u2013 znak je vaginalne infekcije (bakterijska vaginoza ili gljivi\u010dna infekcija). Neobi\u010dne promene sekreta mogu da budu znak SPB ili drugih ozbiljnih medicinskih stanja. Dakle, ako primetite neobi\u010dne promene u Va\u0161em sekretu, obratite se svom lekaru ili ginekologu.<\/p>\n\n\n\n<h3 class=\"is-style-heading-h2 wp-block-heading\"><strong>Iritacija i bol tokom ili nakon seksualnog odnosa<\/strong><\/h3>\n\n\n\n<p>U normalnim okolnostima, odnos treba da je bezbolan. Iritacija i bol tokom ili nakon odnosa mo\u017ee biti uzrokovano velikim brojem faktora. Naj\u010de\u0161\u0107i uzroci su suvo\u0107a vagine, vaginalna infekcija ili alergija, ali u nekim slu\u010dajevima bol mo\u017ee biti povezan sa vi\u0161e ozbiljnih problema poput fizi\u010dke traume ( na primer: posle poro\u0111aja), psiholo\u0161ke traume ili \u010dak raka. Ako do\u017eivite vaginalni bol bilo koje vrste, va\u017eno je da razgovarate sa svojim lekarom, prona\u0111ete uzrok i po\u010dnete adekvatnu terapiju.<\/p>\n\n\n\n<p><em>&#8222;5 naj\u010de\u0161\u0107ih vaginalnih tegoba su svrab, peckanje, vaginalni sekret, suvo\u0107a vagine ponekad u kombinaciji sa neprijantim mirisom, i iritacija ili bol tokom ili nakon odnosa.&#8220;<\/em><\/p>\n<\/div><\/div>\n","protected":false},"excerpt":{"rendered":"","protected":false},"author":6,"featured_media":0,"parent":649,"menu_order":0,"comment_status":"closed","ping_status":"closed","template":"","meta":{"_acf_changed":false,"footnotes":""},"from-article-database":[],"class_list":["post-587","page","type-page","status-publish","hentry"],"acf":[],"yoast_head":"<!-- This site is optimized with the Yoast SEO plugin v26.6 - https:\/\/yoast.com\/wordpress\/plugins\/seo\/ -->\n<title>5 naj\u010de\u0161\u0107ih vaginalnih tegoba - Multi-Gyn<\/title>\n<meta name=\"description\" content=\"Svaka \u017eena \u0107e iskusiti neku vaginalnu nelagodnost u nekom trenutku svog \u017eivota. Ove tegobe se kre\u0107u od blagih tegoba koje samo stvaraju nervozu, do ostalih koje mogu imati ozbiljne posledice na kvalitet \u017eivota kod \u017eene ili na njen seksualni \u017eivot.\" \/>\n<meta name=\"robots\" content=\"index, follow, max-snippet:-1, max-image-preview:large, max-video-preview:-1\" \/>\n<link rel=\"canonical\" href=\"https:\/\/multi-gyn.com\/rs\/zdravlje-vagine\/prevencija\/5-najcescih-vaginalnih-tegoba\/\" \/>\n<meta property=\"og:locale\" content=\"sr_RS\" \/>\n<meta property=\"og:type\" content=\"article\" \/>\n<meta property=\"og:title\" content=\"5 naj\u010de\u0161\u0107ih vaginalnih tegoba - Multi-Gyn\" \/>\n<meta property=\"og:description\" content=\"Svaka \u017eena \u0107e iskusiti neku vaginalnu nelagodnost u nekom trenutku svog \u017eivota. Ove tegobe se kre\u0107u od blagih tegoba koje samo stvaraju nervozu, do ostalih koje mogu imati ozbiljne posledice na kvalitet \u017eivota kod \u017eene ili na njen seksualni \u017eivot.\" \/>\n<meta property=\"og:url\" content=\"https:\/\/multi-gyn.com\/rs\/zdravlje-vagine\/prevencija\/5-najcescih-vaginalnih-tegoba\/\" \/>\n<meta property=\"og:site_name\" content=\"Multi-Gyn\" \/>\n<meta property=\"article:modified_time\" content=\"2022-12-12T09:52:53+00:00\" \/>\n<meta name=\"twitter:card\" content=\"summary_large_image\" \/>\n<meta name=\"twitter:label1\" content=\"\u041f\u0440\u043e\u0446\u0435\u045a\u0435\u043d\u043e \u0432\u0440\u0435\u043c\u0435 \u0447\u0438\u0442\u0430\u045a\u0430\" \/>\n\t<meta name=\"twitter:data1\" content=\"4 \u043c\u0438\u043d\u0443\u0442\u0430\" \/>\n<script type=\"application\/ld+json\" class=\"yoast-schema-graph\">{\"@context\":\"https:\/\/schema.org\",\"@graph\":[{\"@type\":\"WebPage\",\"@id\":\"https:\/\/multi-gyn.com\/rs\/zdravlje-vagine\/prevencija\/5-najcescih-vaginalnih-tegoba\/\",\"url\":\"https:\/\/multi-gyn.com\/rs\/zdravlje-vagine\/prevencija\/5-najcescih-vaginalnih-tegoba\/\",\"name\":\"5 naj\u010de\u0161\u0107ih vaginalnih tegoba - Multi-Gyn\",\"isPartOf\":{\"@id\":\"https:\/\/multi-gyn.com\/rs\/#website\"},\"datePublished\":\"2022-12-12T09:00:45+00:00\",\"dateModified\":\"2022-12-12T09:52:53+00:00\",\"description\":\"Svaka \u017eena \u0107e iskusiti neku vaginalnu nelagodnost u nekom trenutku svog \u017eivota. Ove tegobe se kre\u0107u od blagih tegoba koje samo stvaraju nervozu, do ostalih koje mogu imati ozbiljne posledice na kvalitet \u017eivota kod \u017eene ili na njen seksualni \u017eivot.\",\"breadcrumb\":{\"@id\":\"https:\/\/multi-gyn.com\/rs\/zdravlje-vagine\/prevencija\/5-najcescih-vaginalnih-tegoba\/#breadcrumb\"},\"inLanguage\":\"sr-RS\",\"potentialAction\":[{\"@type\":\"ReadAction\",\"target\":[\"https:\/\/multi-gyn.com\/rs\/zdravlje-vagine\/prevencija\/5-najcescih-vaginalnih-tegoba\/\"]}]},{\"@type\":\"BreadcrumbList\",\"@id\":\"https:\/\/multi-gyn.com\/rs\/zdravlje-vagine\/prevencija\/5-najcescih-vaginalnih-tegoba\/#breadcrumb\",\"itemListElement\":[{\"@type\":\"ListItem\",\"position\":1,\"name\":\"Home\",\"item\":\"https:\/\/multi-gyn.com\/rs\/\"},{\"@type\":\"ListItem\",\"position\":2,\"name\":\"Zdravlje vagine\",\"item\":\"https:\/\/multi-gyn.com\/rs\/zdravlje-vagine\/\"},{\"@type\":\"ListItem\",\"position\":3,\"name\":\"Prevencija\",\"item\":\"https:\/\/multi-gyn.com\/rs\/zdravlje-vagine\/prevencija\/\"},{\"@type\":\"ListItem\",\"position\":4,\"name\":\"5 naj\u010de\u0161\u0107ih vaginalnih tegoba\"}]},{\"@type\":\"WebSite\",\"@id\":\"https:\/\/multi-gyn.com\/rs\/#website\",\"url\":\"https:\/\/multi-gyn.com\/rs\/\",\"name\":\"Multi-Gyn\",\"description\":\"\",\"publisher\":{\"@id\":\"https:\/\/multi-gyn.com\/rs\/#organization\"},\"potentialAction\":[{\"@type\":\"SearchAction\",\"target\":{\"@type\":\"EntryPoint\",\"urlTemplate\":\"https:\/\/multi-gyn.com\/rs\/?s={search_term_string}\"},\"query-input\":{\"@type\":\"PropertyValueSpecification\",\"valueRequired\":true,\"valueName\":\"search_term_string\"}}],\"inLanguage\":\"sr-RS\"},{\"@type\":\"Organization\",\"@id\":\"https:\/\/multi-gyn.com\/rs\/#organization\",\"name\":\"Multi-Gyn\",\"url\":\"https:\/\/multi-gyn.com\/rs\/\",\"logo\":{\"@type\":\"ImageObject\",\"inLanguage\":\"sr-RS\",\"@id\":\"https:\/\/multi-gyn.com\/rs\/#\/schema\/logo\/image\/\",\"url\":\"https:\/\/multi-gyn.com\/app\/uploads\/sites\/35\/2022\/11\/multi-gyn-logo.png\",\"contentUrl\":\"https:\/\/multi-gyn.com\/app\/uploads\/sites\/35\/2022\/11\/multi-gyn-logo.png\",\"width\":149,\"height\":32,\"caption\":\"Multi-Gyn\"},\"image\":{\"@id\":\"https:\/\/multi-gyn.com\/rs\/#\/schema\/logo\/image\/\"}}]}<\/script>\n<!-- \/ Yoast SEO plugin. -->","yoast_head_json":{"title":"5 naj\u010de\u0161\u0107ih vaginalnih tegoba - Multi-Gyn","description":"Svaka \u017eena \u0107e iskusiti neku vaginalnu nelagodnost u nekom trenutku svog \u017eivota. Ove tegobe se kre\u0107u od blagih tegoba koje samo stvaraju nervozu, do ostalih koje mogu imati ozbiljne posledice na kvalitet \u017eivota kod \u017eene ili na njen seksualni \u017eivot.","robots":{"index":"index","follow":"follow","max-snippet":"max-snippet:-1","max-image-preview":"max-image-preview:large","max-video-preview":"max-video-preview:-1"},"canonical":"https:\/\/multi-gyn.com\/rs\/zdravlje-vagine\/prevencija\/5-najcescih-vaginalnih-tegoba\/","og_locale":"sr_RS","og_type":"article","og_title":"5 naj\u010de\u0161\u0107ih vaginalnih tegoba - Multi-Gyn","og_description":"Svaka \u017eena \u0107e iskusiti neku vaginalnu nelagodnost u nekom trenutku svog \u017eivota. Ove tegobe se kre\u0107u od blagih tegoba koje samo stvaraju nervozu, do ostalih koje mogu imati ozbiljne posledice na kvalitet \u017eivota kod \u017eene ili na njen seksualni \u017eivot.","og_url":"https:\/\/multi-gyn.com\/rs\/zdravlje-vagine\/prevencija\/5-najcescih-vaginalnih-tegoba\/","og_site_name":"Multi-Gyn","article_modified_time":"2022-12-12T09:52:53+00:00","twitter_card":"summary_large_image","twitter_misc":{"\u041f\u0440\u043e\u0446\u0435\u045a\u0435\u043d\u043e \u0432\u0440\u0435\u043c\u0435 \u0447\u0438\u0442\u0430\u045a\u0430":"4 \u043c\u0438\u043d\u0443\u0442\u0430"},"schema":{"@context":"https:\/\/schema.org","@graph":[{"@type":"WebPage","@id":"https:\/\/multi-gyn.com\/rs\/zdravlje-vagine\/prevencija\/5-najcescih-vaginalnih-tegoba\/","url":"https:\/\/multi-gyn.com\/rs\/zdravlje-vagine\/prevencija\/5-najcescih-vaginalnih-tegoba\/","name":"5 naj\u010de\u0161\u0107ih vaginalnih tegoba - Multi-Gyn","isPartOf":{"@id":"https:\/\/multi-gyn.com\/rs\/#website"},"datePublished":"2022-12-12T09:00:45+00:00","dateModified":"2022-12-12T09:52:53+00:00","description":"Svaka \u017eena \u0107e iskusiti neku vaginalnu nelagodnost u nekom trenutku svog \u017eivota. Ove tegobe se kre\u0107u od blagih tegoba koje samo stvaraju nervozu, do ostalih koje mogu imati ozbiljne posledice na kvalitet \u017eivota kod \u017eene ili na njen seksualni \u017eivot.","breadcrumb":{"@id":"https:\/\/multi-gyn.com\/rs\/zdravlje-vagine\/prevencija\/5-najcescih-vaginalnih-tegoba\/#breadcrumb"},"inLanguage":"sr-RS","potentialAction":[{"@type":"ReadAction","target":["https:\/\/multi-gyn.com\/rs\/zdravlje-vagine\/prevencija\/5-najcescih-vaginalnih-tegoba\/"]}]},{"@type":"BreadcrumbList","@id":"https:\/\/multi-gyn.com\/rs\/zdravlje-vagine\/prevencija\/5-najcescih-vaginalnih-tegoba\/#breadcrumb","itemListElement":[{"@type":"ListItem","position":1,"name":"Home","item":"https:\/\/multi-gyn.com\/rs\/"},{"@type":"ListItem","position":2,"name":"Zdravlje vagine","item":"https:\/\/multi-gyn.com\/rs\/zdravlje-vagine\/"},{"@type":"ListItem","position":3,"name":"Prevencija","item":"https:\/\/multi-gyn.com\/rs\/zdravlje-vagine\/prevencija\/"},{"@type":"ListItem","position":4,"name":"5 naj\u010de\u0161\u0107ih vaginalnih tegoba"}]},{"@type":"WebSite","@id":"https:\/\/multi-gyn.com\/rs\/#website","url":"https:\/\/multi-gyn.com\/rs\/","name":"Multi-Gyn","description":"","publisher":{"@id":"https:\/\/multi-gyn.com\/rs\/#organization"},"potentialAction":[{"@type":"SearchAction","target":{"@type":"EntryPoint","urlTemplate":"https:\/\/multi-gyn.com\/rs\/?s={search_term_string}"},"query-input":{"@type":"PropertyValueSpecification","valueRequired":true,"valueName":"search_term_string"}}],"inLanguage":"sr-RS"},{"@type":"Organization","@id":"https:\/\/multi-gyn.com\/rs\/#organization","name":"Multi-Gyn","url":"https:\/\/multi-gyn.com\/rs\/","logo":{"@type":"ImageObject","inLanguage":"sr-RS","@id":"https:\/\/multi-gyn.com\/rs\/#\/schema\/logo\/image\/","url":"https:\/\/multi-gyn.com\/app\/uploads\/sites\/35\/2022\/11\/multi-gyn-logo.png","contentUrl":"https:\/\/multi-gyn.com\/app\/uploads\/sites\/35\/2022\/11\/multi-gyn-logo.png","width":149,"height":32,"caption":"Multi-Gyn"},"image":{"@id":"https:\/\/multi-gyn.com\/rs\/#\/schema\/logo\/image\/"}}]}},"_links":{"self":[{"href":"https:\/\/multi-gyn.com\/rs\/wp-json\/wp\/v2\/pages\/587","targetHints":{"allow":["GET"]}}],"collection":[{"href":"https:\/\/multi-gyn.com\/rs\/wp-json\/wp\/v2\/pages"}],"about":[{"href":"https:\/\/multi-gyn.com\/rs\/wp-json\/wp\/v2\/types\/page"}],"author":[{"embeddable":true,"href":"https:\/\/multi-gyn.com\/rs\/wp-json\/wp\/v2\/users\/6"}],"replies":[{"embeddable":true,"href":"https:\/\/multi-gyn.com\/rs\/wp-json\/wp\/v2\/comments?post=587"}],"version-history":[{"count":1,"href":"https:\/\/multi-gyn.com\/rs\/wp-json\/wp\/v2\/pages\/587\/revisions"}],"predecessor-version":[{"id":597,"href":"https:\/\/multi-gyn.com\/rs\/wp-json\/wp\/v2\/pages\/587\/revisions\/597"}],"up":[{"embeddable":true,"href":"https:\/\/multi-gyn.com\/rs\/wp-json\/wp\/v2\/pages\/649"}],"wp:attachment":[{"href":"https:\/\/multi-gyn.com\/rs\/wp-json\/wp\/v2\/media?parent=587"}],"wp:term":[{"taxonomy":"from-article-database","embeddable":true,"href":"https:\/\/multi-gyn.com\/rs\/wp-json\/wp\/v2\/from-article-database?post=587"}],"curies":[{"name":"wp","href":"https:\/\/api.w.org\/{rel}","templated":true}]}}