{"id":598,"date":"2022-12-12T10:02:07","date_gmt":"2022-12-12T09:02:07","guid":{"rendered":"https:\/\/multi-gyn.com\/rs\/?page_id=598"},"modified":"2022-12-12T10:52:12","modified_gmt":"2022-12-12T09:52:12","slug":"vagijalni-svrabsta-je-uzrok","status":"publish","type":"page","link":"https:\/\/multi-gyn.com\/rs\/zdravlje-vagine\/prevencija\/vagijalni-svrabsta-je-uzrok\/","title":{"rendered":"Vagijalni svrab: \u0160ta je uzrok?"},"content":{"rendered":"\n<div class=\"wp-block-karopharma-free-text pt-large pb-large bg-center bg-cover bg-no-repeat  is-style-primary\" style=\"background-image:url()\"><div class=\"free-text-wrapper container max-w-medium text-left\">\n<h1 class=\"is-style-heading-h1 wp-block-heading\"><strong><strong><strong>Vagijalni svrab:<br>\u0160ta je uzrok?<\/strong><\/strong><\/strong><\/h1>\n\n\n\n<p class=\"is-style-paragraph-preamble\">Mo\u017eda je svrab jedan od najva\u017enijih vaginalnih tegoba. To mo\u017ee biti veoma neprijatno i nije preporu\u010dljivo \u010de\u0161ati se. Prisustvo konstantnog svraba u Va\u0161oj intimnoj zoni tako\u0111e mo\u017ee imati veliki uticaj na Va\u0161e dnevne aktivnosti. Pre nego \u0161to po\u010dnete le\u010diti vaginalni svrab, dobro je prvo utvrditi uzrok. Ovo su naj\u010de\u0161\u0107i:<\/p>\n<\/div><\/div>\n\n\n\n<div class=\"wp-block-karopharma-free-text pt-large pb-large bg-center bg-cover bg-no-repeat\" style=\"background-image:url()\"><div class=\"free-text-wrapper container max-w-medium text-left\">\n<h3 class=\"is-style-heading-h2 wp-block-heading\"><strong>Vaginalna gljivi\u010dna infekcija<\/strong><\/h3>\n\n\n\n<p>Jedan od glavnih uzroka vaginalnog svraba je gljivi\u010dna infekcija, tako\u0111e poznata kao kandida ili sor. Gljivi\u010dna infekcija je prouzrokovana prekomernim rastom \u0107elija gljivica u Va\u0161oj vagini i\/ili spolja\u0161njoj intimnoj regiji. Zajedno sa belim, sirastim sekretom i peckanjem, svrab je jedan od simptoma.<\/p>\n\n\n\n<p>Gljivi\u010dna infekcija je prili\u010dno bezopasna i simptomi \u0107e nestati, ali mo\u017ee biti veoma neprijatna. Zbog toga postoji nekoliko opcija za le\u010denje kandide ili ubla\u017eavanje simptoma. Mo\u017eete koristiti lekove protiv gljivica (antimikotike) za le\u010denje infekcije. Le\u010denje je veoma efikasno ali mo\u017ee da prouzrokuje sporedne efekte i ponavljaju\u0107e infekcije.<\/p>\n\n\n\n<p>Druga opcija je za ubla\u017eavanje simptoma. To mo\u017ee da se uradi sa proizvodima za intimnu higijenu koje mo\u017eete kupiti u Va\u0161oj lokalnoj apoteci. Ako izaberete proizvod sa prirodnim sastojcima tako\u0111e mo\u017eete spre\u010diti ponavljanje infekcije.<\/p>\n\n\n\n<h3 class=\"is-style-heading-h2 wp-block-heading\"><strong>Suvo\u0107a vagine<\/strong><\/h3>\n\n\n\n<p>Drugi uzrok svraba je suvo\u0107a vagine. Ve\u0107ina \u017eena \u0107e ovo povezati sa menopauzom, me\u0111utim \u017eene svih starosnih doba mogu da imaju suvo\u0107u. Pored svraba, suvo\u0107a vagine mo\u017ee biti pra\u0107ena drugim tegobama kao \u0161to su peckanje, osetljivost i bol tokom seksualnog odnosa.<\/p>\n\n\n\n<p><em>&#8222;Jedan od glavnih uzroka vaginalnog svraba je gljivi\u010dna infekcija, tako\u0111e poznata kao kandida ili sor.&#8220;<\/em><\/p>\n\n\n\n<p>Suvo\u0107a vagine se obi\u010dno javlja kada postoji pad nivoa estrogena, na primer zbog trudno\u0107e, lekova (kontracepcija), stresa, depresije ili menopauze. Ako \u017eelite da le\u010dite suvo\u0107u vagine mo\u017eete uzeti lekove za pove\u0107anje nivoa estrogena. Druga opcija je da se direktno oslobodite suvo\u0107e vagine kori\u0161\u0107enjem lubrikanta ili proizvoda koji stimuli\u0161u prirodnu vla\u017enost.<\/p>\n\n\n\n<h3 class=\"is-style-heading-h2 wp-block-heading\"><strong>Drugi uzroci vaginalnog svraba<\/strong><\/h3>\n\n\n\n<p>Pored gljivi\u010dnih infekcija i suvo\u0107e vagine postoje i drugi uzroci vaginalnog svraba. Iako nije uobi\u010dajeno, bakterijska vaginoza tako\u0111e mo\u017ee da izazove svrab u nekim slu\u010dajevima. Bakterijska vaginoza je infekcija prouzrokovana prekomernim rastom \u0161tetnih bakterija u vagini.<\/p>\n\n\n\n<p>Simptomi kao \u0161to su jak miris na ribu i zelenkasto beli sekret, mogu biti prili\u010dno neprijatni, ali \u0107e nestati posle nekog vremena. Ako \u017eelite da le\u010dite bakterijsku vaginozu mo\u017eete da uzimate antibiotike ili koristite prirodne proizvode za intimnu higijenu koji nemaju ne\u017eeljenih efekata.<\/p>\n<\/div><\/div>\n","protected":false},"excerpt":{"rendered":"","protected":false},"author":6,"featured_media":0,"parent":649,"menu_order":0,"comment_status":"closed","ping_status":"closed","template":"","meta":{"_acf_changed":false,"footnotes":""},"from-article-database":[],"class_list":["post-598","page","type-page","status-publish","hentry"],"acf":[],"yoast_head":"<!-- This site is optimized with the Yoast SEO plugin v26.6 - https:\/\/yoast.com\/wordpress\/plugins\/seo\/ -->\n<title>Vagijalni svrab: \u0160ta je uzrok? - Multi-Gyn<\/title>\n<meta name=\"description\" content=\"Mo\u017eda je svrab jedan od najva\u017enijih vaginalnih tegoba. To mo\u017ee biti veoma neprijatno i nije preporu\u010dljivo \u010de\u0161ati se. Prisustvo konstantnog svraba u Va\u0161oj intimnoj zoni tako\u0111e mo\u017ee imati veliki uticaj na Va\u0161e dnevne aktivnosti. Pre nego \u0161to po\u010dnete le\u010diti vaginalni svrab, dobro je prvo utvrditi uzrok.\" \/>\n<meta name=\"robots\" content=\"index, follow, max-snippet:-1, max-image-preview:large, max-video-preview:-1\" \/>\n<link rel=\"canonical\" href=\"https:\/\/multi-gyn.com\/rs\/zdravlje-vagine\/prevencija\/vagijalni-svrabsta-je-uzrok\/\" \/>\n<meta property=\"og:locale\" content=\"sr_RS\" \/>\n<meta property=\"og:type\" content=\"article\" \/>\n<meta property=\"og:title\" content=\"Vagijalni svrab: \u0160ta je uzrok? - Multi-Gyn\" \/>\n<meta property=\"og:description\" content=\"Mo\u017eda je svrab jedan od najva\u017enijih vaginalnih tegoba. To mo\u017ee biti veoma neprijatno i nije preporu\u010dljivo \u010de\u0161ati se. Prisustvo konstantnog svraba u Va\u0161oj intimnoj zoni tako\u0111e mo\u017ee imati veliki uticaj na Va\u0161e dnevne aktivnosti. Pre nego \u0161to po\u010dnete le\u010diti vaginalni svrab, dobro je prvo utvrditi uzrok.\" \/>\n<meta property=\"og:url\" content=\"https:\/\/multi-gyn.com\/rs\/zdravlje-vagine\/prevencija\/vagijalni-svrabsta-je-uzrok\/\" \/>\n<meta property=\"og:site_name\" content=\"Multi-Gyn\" \/>\n<meta property=\"article:modified_time\" content=\"2022-12-12T09:52:12+00:00\" \/>\n<meta name=\"twitter:card\" content=\"summary_large_image\" \/>\n<meta name=\"twitter:label1\" content=\"\u041f\u0440\u043e\u0446\u0435\u045a\u0435\u043d\u043e \u0432\u0440\u0435\u043c\u0435 \u0447\u0438\u0442\u0430\u045a\u0430\" \/>\n\t<meta name=\"twitter:data1\" content=\"3 \u043c\u0438\u043d\u0443\u0442\u0430\" \/>\n<script type=\"application\/ld+json\" class=\"yoast-schema-graph\">{\"@context\":\"https:\/\/schema.org\",\"@graph\":[{\"@type\":\"WebPage\",\"@id\":\"https:\/\/multi-gyn.com\/rs\/zdravlje-vagine\/prevencija\/vagijalni-svrabsta-je-uzrok\/\",\"url\":\"https:\/\/multi-gyn.com\/rs\/zdravlje-vagine\/prevencija\/vagijalni-svrabsta-je-uzrok\/\",\"name\":\"Vagijalni svrab: \u0160ta je uzrok? - Multi-Gyn\",\"isPartOf\":{\"@id\":\"https:\/\/multi-gyn.com\/rs\/#website\"},\"datePublished\":\"2022-12-12T09:02:07+00:00\",\"dateModified\":\"2022-12-12T09:52:12+00:00\",\"description\":\"Mo\u017eda je svrab jedan od najva\u017enijih vaginalnih tegoba. To mo\u017ee biti veoma neprijatno i nije preporu\u010dljivo \u010de\u0161ati se. Prisustvo konstantnog svraba u Va\u0161oj intimnoj zoni tako\u0111e mo\u017ee imati veliki uticaj na Va\u0161e dnevne aktivnosti. Pre nego \u0161to po\u010dnete le\u010diti vaginalni svrab, dobro je prvo utvrditi uzrok.\",\"breadcrumb\":{\"@id\":\"https:\/\/multi-gyn.com\/rs\/zdravlje-vagine\/prevencija\/vagijalni-svrabsta-je-uzrok\/#breadcrumb\"},\"inLanguage\":\"sr-RS\",\"potentialAction\":[{\"@type\":\"ReadAction\",\"target\":[\"https:\/\/multi-gyn.com\/rs\/zdravlje-vagine\/prevencija\/vagijalni-svrabsta-je-uzrok\/\"]}]},{\"@type\":\"BreadcrumbList\",\"@id\":\"https:\/\/multi-gyn.com\/rs\/zdravlje-vagine\/prevencija\/vagijalni-svrabsta-je-uzrok\/#breadcrumb\",\"itemListElement\":[{\"@type\":\"ListItem\",\"position\":1,\"name\":\"Home\",\"item\":\"https:\/\/multi-gyn.com\/rs\/\"},{\"@type\":\"ListItem\",\"position\":2,\"name\":\"Zdravlje vagine\",\"item\":\"https:\/\/multi-gyn.com\/rs\/zdravlje-vagine\/\"},{\"@type\":\"ListItem\",\"position\":3,\"name\":\"Prevencija\",\"item\":\"https:\/\/multi-gyn.com\/rs\/zdravlje-vagine\/prevencija\/\"},{\"@type\":\"ListItem\",\"position\":4,\"name\":\"Vagijalni svrab: \u0160ta je uzrok?\"}]},{\"@type\":\"WebSite\",\"@id\":\"https:\/\/multi-gyn.com\/rs\/#website\",\"url\":\"https:\/\/multi-gyn.com\/rs\/\",\"name\":\"Multi-Gyn\",\"description\":\"\",\"publisher\":{\"@id\":\"https:\/\/multi-gyn.com\/rs\/#organization\"},\"potentialAction\":[{\"@type\":\"SearchAction\",\"target\":{\"@type\":\"EntryPoint\",\"urlTemplate\":\"https:\/\/multi-gyn.com\/rs\/?s={search_term_string}\"},\"query-input\":{\"@type\":\"PropertyValueSpecification\",\"valueRequired\":true,\"valueName\":\"search_term_string\"}}],\"inLanguage\":\"sr-RS\"},{\"@type\":\"Organization\",\"@id\":\"https:\/\/multi-gyn.com\/rs\/#organization\",\"name\":\"Multi-Gyn\",\"url\":\"https:\/\/multi-gyn.com\/rs\/\",\"logo\":{\"@type\":\"ImageObject\",\"inLanguage\":\"sr-RS\",\"@id\":\"https:\/\/multi-gyn.com\/rs\/#\/schema\/logo\/image\/\",\"url\":\"https:\/\/multi-gyn.com\/app\/uploads\/sites\/35\/2022\/11\/multi-gyn-logo.png\",\"contentUrl\":\"https:\/\/multi-gyn.com\/app\/uploads\/sites\/35\/2022\/11\/multi-gyn-logo.png\",\"width\":149,\"height\":32,\"caption\":\"Multi-Gyn\"},\"image\":{\"@id\":\"https:\/\/multi-gyn.com\/rs\/#\/schema\/logo\/image\/\"}}]}<\/script>\n<!-- \/ Yoast SEO plugin. -->","yoast_head_json":{"title":"Vagijalni svrab: \u0160ta je uzrok? - Multi-Gyn","description":"Mo\u017eda je svrab jedan od najva\u017enijih vaginalnih tegoba. To mo\u017ee biti veoma neprijatno i nije preporu\u010dljivo \u010de\u0161ati se. Prisustvo konstantnog svraba u Va\u0161oj intimnoj zoni tako\u0111e mo\u017ee imati veliki uticaj na Va\u0161e dnevne aktivnosti. Pre nego \u0161to po\u010dnete le\u010diti vaginalni svrab, dobro je prvo utvrditi uzrok.","robots":{"index":"index","follow":"follow","max-snippet":"max-snippet:-1","max-image-preview":"max-image-preview:large","max-video-preview":"max-video-preview:-1"},"canonical":"https:\/\/multi-gyn.com\/rs\/zdravlje-vagine\/prevencija\/vagijalni-svrabsta-je-uzrok\/","og_locale":"sr_RS","og_type":"article","og_title":"Vagijalni svrab: \u0160ta je uzrok? - Multi-Gyn","og_description":"Mo\u017eda je svrab jedan od najva\u017enijih vaginalnih tegoba. To mo\u017ee biti veoma neprijatno i nije preporu\u010dljivo \u010de\u0161ati se. Prisustvo konstantnog svraba u Va\u0161oj intimnoj zoni tako\u0111e mo\u017ee imati veliki uticaj na Va\u0161e dnevne aktivnosti. Pre nego \u0161to po\u010dnete le\u010diti vaginalni svrab, dobro je prvo utvrditi uzrok.","og_url":"https:\/\/multi-gyn.com\/rs\/zdravlje-vagine\/prevencija\/vagijalni-svrabsta-je-uzrok\/","og_site_name":"Multi-Gyn","article_modified_time":"2022-12-12T09:52:12+00:00","twitter_card":"summary_large_image","twitter_misc":{"\u041f\u0440\u043e\u0446\u0435\u045a\u0435\u043d\u043e \u0432\u0440\u0435\u043c\u0435 \u0447\u0438\u0442\u0430\u045a\u0430":"3 \u043c\u0438\u043d\u0443\u0442\u0430"},"schema":{"@context":"https:\/\/schema.org","@graph":[{"@type":"WebPage","@id":"https:\/\/multi-gyn.com\/rs\/zdravlje-vagine\/prevencija\/vagijalni-svrabsta-je-uzrok\/","url":"https:\/\/multi-gyn.com\/rs\/zdravlje-vagine\/prevencija\/vagijalni-svrabsta-je-uzrok\/","name":"Vagijalni svrab: \u0160ta je uzrok? - Multi-Gyn","isPartOf":{"@id":"https:\/\/multi-gyn.com\/rs\/#website"},"datePublished":"2022-12-12T09:02:07+00:00","dateModified":"2022-12-12T09:52:12+00:00","description":"Mo\u017eda je svrab jedan od najva\u017enijih vaginalnih tegoba. To mo\u017ee biti veoma neprijatno i nije preporu\u010dljivo \u010de\u0161ati se. Prisustvo konstantnog svraba u Va\u0161oj intimnoj zoni tako\u0111e mo\u017ee imati veliki uticaj na Va\u0161e dnevne aktivnosti. Pre nego \u0161to po\u010dnete le\u010diti vaginalni svrab, dobro je prvo utvrditi uzrok.","breadcrumb":{"@id":"https:\/\/multi-gyn.com\/rs\/zdravlje-vagine\/prevencija\/vagijalni-svrabsta-je-uzrok\/#breadcrumb"},"inLanguage":"sr-RS","potentialAction":[{"@type":"ReadAction","target":["https:\/\/multi-gyn.com\/rs\/zdravlje-vagine\/prevencija\/vagijalni-svrabsta-je-uzrok\/"]}]},{"@type":"BreadcrumbList","@id":"https:\/\/multi-gyn.com\/rs\/zdravlje-vagine\/prevencija\/vagijalni-svrabsta-je-uzrok\/#breadcrumb","itemListElement":[{"@type":"ListItem","position":1,"name":"Home","item":"https:\/\/multi-gyn.com\/rs\/"},{"@type":"ListItem","position":2,"name":"Zdravlje vagine","item":"https:\/\/multi-gyn.com\/rs\/zdravlje-vagine\/"},{"@type":"ListItem","position":3,"name":"Prevencija","item":"https:\/\/multi-gyn.com\/rs\/zdravlje-vagine\/prevencija\/"},{"@type":"ListItem","position":4,"name":"Vagijalni svrab: \u0160ta je uzrok?"}]},{"@type":"WebSite","@id":"https:\/\/multi-gyn.com\/rs\/#website","url":"https:\/\/multi-gyn.com\/rs\/","name":"Multi-Gyn","description":"","publisher":{"@id":"https:\/\/multi-gyn.com\/rs\/#organization"},"potentialAction":[{"@type":"SearchAction","target":{"@type":"EntryPoint","urlTemplate":"https:\/\/multi-gyn.com\/rs\/?s={search_term_string}"},"query-input":{"@type":"PropertyValueSpecification","valueRequired":true,"valueName":"search_term_string"}}],"inLanguage":"sr-RS"},{"@type":"Organization","@id":"https:\/\/multi-gyn.com\/rs\/#organization","name":"Multi-Gyn","url":"https:\/\/multi-gyn.com\/rs\/","logo":{"@type":"ImageObject","inLanguage":"sr-RS","@id":"https:\/\/multi-gyn.com\/rs\/#\/schema\/logo\/image\/","url":"https:\/\/multi-gyn.com\/app\/uploads\/sites\/35\/2022\/11\/multi-gyn-logo.png","contentUrl":"https:\/\/multi-gyn.com\/app\/uploads\/sites\/35\/2022\/11\/multi-gyn-logo.png","width":149,"height":32,"caption":"Multi-Gyn"},"image":{"@id":"https:\/\/multi-gyn.com\/rs\/#\/schema\/logo\/image\/"}}]}},"_links":{"self":[{"href":"https:\/\/multi-gyn.com\/rs\/wp-json\/wp\/v2\/pages\/598","targetHints":{"allow":["GET"]}}],"collection":[{"href":"https:\/\/multi-gyn.com\/rs\/wp-json\/wp\/v2\/pages"}],"about":[{"href":"https:\/\/multi-gyn.com\/rs\/wp-json\/wp\/v2\/types\/page"}],"author":[{"embeddable":true,"href":"https:\/\/multi-gyn.com\/rs\/wp-json\/wp\/v2\/users\/6"}],"replies":[{"embeddable":true,"href":"https:\/\/multi-gyn.com\/rs\/wp-json\/wp\/v2\/comments?post=598"}],"version-history":[{"count":2,"href":"https:\/\/multi-gyn.com\/rs\/wp-json\/wp\/v2\/pages\/598\/revisions"}],"predecessor-version":[{"id":606,"href":"https:\/\/multi-gyn.com\/rs\/wp-json\/wp\/v2\/pages\/598\/revisions\/606"}],"up":[{"embeddable":true,"href":"https:\/\/multi-gyn.com\/rs\/wp-json\/wp\/v2\/pages\/649"}],"wp:attachment":[{"href":"https:\/\/multi-gyn.com\/rs\/wp-json\/wp\/v2\/media?parent=598"}],"wp:term":[{"taxonomy":"from-article-database","embeddable":true,"href":"https:\/\/multi-gyn.com\/rs\/wp-json\/wp\/v2\/from-article-database?post=598"}],"curies":[{"name":"wp","href":"https:\/\/api.w.org\/{rel}","templated":true}]}}