{"id":661,"date":"2022-12-13T14:23:43","date_gmt":"2022-12-13T13:23:43","guid":{"rendered":"https:\/\/multi-gyn.com\/rs\/?page_id=661"},"modified":"2024-08-21T15:03:48","modified_gmt":"2024-08-21T13:03:48","slug":"intimna-higijena-i-vaginalne-infekcije","status":"publish","type":"page","link":"https:\/\/multi-gyn.com\/rs\/zdravlje-vagine\/infekcije\/intimna-higijena-i-vaginalne-infekcije\/","title":{"rendered":"Intimna higijena i vaginalne infekcije"},"content":{"rendered":"\n<div class=\"wp-block-karopharma-free-text pt-large pb-large bg-center bg-cover bg-no-repeat  is-style-primary\" style=\"background-image:url()\"><div class=\"free-text-wrapper container max-w-medium text-left\">\n<h1 class=\"wp-block-heading\"><strong><strong><strong><strong>Intimna higijena i vaginalne infekcije<\/strong><\/strong><\/strong><\/strong><\/h1>\n\n\n\n<p class=\"is-style-paragraph-preamble\">Ve\u0107ina \u017eena zna kako da se brine o svojoj intimnoj zoni. \u201cVagina se \u010disti\u201d, \u201cne perite vaginu sapunom\u201d, \u201cnosite pamu\u010dni donji ve\u0161\u201d i \u201cuvek se bri\u0161ite od napred ka nazad\u201d. Vode\u0107i ra\u010duna o pravilnoj higijeni Va\u0161e intimne regije mo\u017eete prevenirati tegobe ili se bar tako veruje. Me\u0111utim, da li je zaista tako?<\/p>\n<\/div><\/div>\n\n\n\n<div class=\"wp-block-karopharma-free-text pt-medium pb-large bg-center bg-cover bg-no-repeat\" style=\"background-image:url()\"><div class=\"free-text-wrapper container max-w-medium text-left\">\n<h3 class=\"is-style-heading-h2 wp-block-heading\"><strong>Uzrok infekcija i tegoba<\/strong><\/h3>\n\n\n\n<p>Dve naj\u010de\u0161\u0107e vaginalne infekcije su bakterijska vaginoza i gljivi\u010dna infekcija (tako\u0111e poznata kao kandida ili sor). Ako imate vaginalne tegobe, obi\u010dno je uzrok jedan od njih.<\/p>\n\n\n\n<p>Bakterijska vaginoza (BV) je uzrokovana prekomernim rastom \u0161tetnih bakterija u vagini. Simptomi ove infekcije su jak (poput ribe) miris i sivkasno beli sekret. Gljivi\u010dna infekcija, s druge strane, je prouzrokovana prekomernim rastom \u0107elija gljivica u vagini ili spolja\u0161njoj intimnoj zoni. Gust, beli sekret (kao sir) i vaginalni svrab su naj\u010de\u0161\u0107i simptomi.<\/p>\n\n\n\n<p>Obe infekcije su prili\u010dno bezopasne, ali mogu biti prili\u010dno neprijatne. Simptomi \u0107e na kraju nestati, me\u0111utim, to mo\u017ee potrajati neko vreme. Na sre\u0107u, obe infekcije se mogu tretirati lekovima ili proizvodima za intimnu negu. Vi\u0161e informacija o le\u010denju vaginalnih infekcija mo\u017eete na\u0107i ovde.<\/p>\n\n\n\n<p class=\"has-text-align-center\"><em>Dve naj\u010de\u0161\u0107e vaginalne infekcije su bakterijska vaginoza i gljivi\u010dna infekcija (tako\u0111e poznata kao kandida ili sor). Ako imate vaginalne tegobe, obi\u010dno je uzrok jedna od njih.&#8220;<\/em><\/p>\n\n\n\n<h3 class=\"is-style-heading-h2 wp-block-heading\"><strong><strong>Kako mo\u017eete pomo\u0107i intimnu higijenu<\/strong><\/strong><\/h3>\n\n\n\n<p>Iako nije jasno \u0161ta prouzrokuje prekomeran rast gljivica ili bakterija u vagini, postoje faktori koji mogu pove\u0107ati \u0161anse za njihov razvoj. Veruje se da je intimna higijena jedan od njih. Evo nekoliko saveta o intimnoj higijeni:<\/p>\n\n\n\n<ul class=\"is-style-icon wp-block-list\"><li>Ako \u017eelite da o\u010distite svoju spolja\u0161nju intimnu zonu, topla voda je dovoljna. Za ose\u0107aj sve\u017eine mo\u017eete koristiti blago intimno pranje, na primer sa prirodnim sastojcima<\/li><li>Budite sigurni da ste osu\u0161ili Va\u0161u intimnu zonu posle tu\u0161iranja, kupanja ili plivanja<\/li><li>Nosite pamu\u010dni donji ve\u0161 i izbegavajte no\u0161enje tangi<\/li><li>Poku\u0161ajte da se ne \u010de\u0161ete ako imate svrab<\/li><\/ul>\n\n\n\n<h2 class=\"is-style-heading-h2 wp-block-heading\"><strong>Da li intimna higijena spre\u010dava vaginalne infekcije?<\/strong><\/h2>\n\n\n\n<p>Neke \u017eene imaju korist od pravilne intimne higijene, ali kod drugih \u0107e se i dalje razvijati infekcija. Nepravilna vaginalna higijena mo\u017ee da pove\u0107a rizik za vaginalne tegobe, ali pravilna intimna higijena, na \u017ealost, ne\u0107e spre\u010diti sve probleme jer je ve\u0107ina vaginalnih infekcija prouzrokovana faktorima koji nisu vezani za higijenu.<\/p>\n<\/div><\/div>\n","protected":false},"excerpt":{"rendered":"","protected":false},"author":6,"featured_media":0,"parent":643,"menu_order":0,"comment_status":"closed","ping_status":"closed","template":"","meta":{"_acf_changed":false,"footnotes":""},"from-article-database":[],"class_list":["post-661","page","type-page","status-publish","hentry"],"acf":[],"yoast_head":"<!-- This site is optimized with the Yoast SEO plugin v26.6 - https:\/\/yoast.com\/wordpress\/plugins\/seo\/ -->\n<title>Intimna higijena i vaginalne infekcije - Multi-Gyn<\/title>\n<meta name=\"description\" content=\"Ve\u0107ina \u017eena zna kako da se brine o svojoj intimnoj zoni. \u201cVagina se \u010disti\u201d, \u201cne perite vaginu sapunom\u201d, \u201cnosite pamu\u010dni donji ve\u0161\u201d i \u201cuvek se bri\u0161ite od napred ka nazad\u201d.\" \/>\n<meta name=\"robots\" content=\"index, follow, max-snippet:-1, max-image-preview:large, max-video-preview:-1\" \/>\n<link rel=\"canonical\" href=\"https:\/\/multi-gyn.com\/rs\/zdravlje-vagine\/infekcije\/intimna-higijena-i-vaginalne-infekcije\/\" \/>\n<meta property=\"og:locale\" content=\"sr_RS\" \/>\n<meta property=\"og:type\" content=\"article\" \/>\n<meta property=\"og:title\" content=\"Intimna higijena i vaginalne infekcije - Multi-Gyn\" \/>\n<meta property=\"og:description\" content=\"Ve\u0107ina \u017eena zna kako da se brine o svojoj intimnoj zoni. \u201cVagina se \u010disti\u201d, \u201cne perite vaginu sapunom\u201d, \u201cnosite pamu\u010dni donji ve\u0161\u201d i \u201cuvek se bri\u0161ite od napred ka nazad\u201d.\" \/>\n<meta property=\"og:url\" content=\"https:\/\/multi-gyn.com\/rs\/zdravlje-vagine\/infekcije\/intimna-higijena-i-vaginalne-infekcije\/\" \/>\n<meta property=\"og:site_name\" content=\"Multi-Gyn\" \/>\n<meta property=\"article:modified_time\" content=\"2024-08-21T13:03:48+00:00\" \/>\n<meta name=\"twitter:card\" content=\"summary_large_image\" \/>\n<meta name=\"twitter:label1\" content=\"\u041f\u0440\u043e\u0446\u0435\u045a\u0435\u043d\u043e \u0432\u0440\u0435\u043c\u0435 \u0447\u0438\u0442\u0430\u045a\u0430\" \/>\n\t<meta name=\"twitter:data1\" content=\"2 \u043c\u0438\u043d\u0443\u0442\u0430\" \/>\n<script type=\"application\/ld+json\" class=\"yoast-schema-graph\">{\"@context\":\"https:\/\/schema.org\",\"@graph\":[{\"@type\":\"WebPage\",\"@id\":\"https:\/\/multi-gyn.com\/rs\/zdravlje-vagine\/infekcije\/intimna-higijena-i-vaginalne-infekcije\/\",\"url\":\"https:\/\/multi-gyn.com\/rs\/zdravlje-vagine\/infekcije\/intimna-higijena-i-vaginalne-infekcije\/\",\"name\":\"Intimna higijena i vaginalne infekcije - Multi-Gyn\",\"isPartOf\":{\"@id\":\"https:\/\/multi-gyn.com\/rs\/#website\"},\"datePublished\":\"2022-12-13T13:23:43+00:00\",\"dateModified\":\"2024-08-21T13:03:48+00:00\",\"description\":\"Ve\u0107ina \u017eena zna kako da se brine o svojoj intimnoj zoni. \u201cVagina se \u010disti\u201d, \u201cne perite vaginu sapunom\u201d, \u201cnosite pamu\u010dni donji ve\u0161\u201d i \u201cuvek se bri\u0161ite od napred ka nazad\u201d.\",\"breadcrumb\":{\"@id\":\"https:\/\/multi-gyn.com\/rs\/zdravlje-vagine\/infekcije\/intimna-higijena-i-vaginalne-infekcije\/#breadcrumb\"},\"inLanguage\":\"sr-RS\",\"potentialAction\":[{\"@type\":\"ReadAction\",\"target\":[\"https:\/\/multi-gyn.com\/rs\/zdravlje-vagine\/infekcije\/intimna-higijena-i-vaginalne-infekcije\/\"]}]},{\"@type\":\"BreadcrumbList\",\"@id\":\"https:\/\/multi-gyn.com\/rs\/zdravlje-vagine\/infekcije\/intimna-higijena-i-vaginalne-infekcije\/#breadcrumb\",\"itemListElement\":[{\"@type\":\"ListItem\",\"position\":1,\"name\":\"Home\",\"item\":\"https:\/\/multi-gyn.com\/rs\/\"},{\"@type\":\"ListItem\",\"position\":2,\"name\":\"Zdravlje vagine\",\"item\":\"https:\/\/multi-gyn.com\/rs\/zdravlje-vagine\/\"},{\"@type\":\"ListItem\",\"position\":3,\"name\":\"Infekcije\",\"item\":\"https:\/\/multi-gyn.com\/rs\/zdravlje-vagine\/infekcije\/\"},{\"@type\":\"ListItem\",\"position\":4,\"name\":\"Intimna higijena i vaginalne infekcije\"}]},{\"@type\":\"WebSite\",\"@id\":\"https:\/\/multi-gyn.com\/rs\/#website\",\"url\":\"https:\/\/multi-gyn.com\/rs\/\",\"name\":\"Multi-Gyn\",\"description\":\"\",\"publisher\":{\"@id\":\"https:\/\/multi-gyn.com\/rs\/#organization\"},\"potentialAction\":[{\"@type\":\"SearchAction\",\"target\":{\"@type\":\"EntryPoint\",\"urlTemplate\":\"https:\/\/multi-gyn.com\/rs\/?s={search_term_string}\"},\"query-input\":{\"@type\":\"PropertyValueSpecification\",\"valueRequired\":true,\"valueName\":\"search_term_string\"}}],\"inLanguage\":\"sr-RS\"},{\"@type\":\"Organization\",\"@id\":\"https:\/\/multi-gyn.com\/rs\/#organization\",\"name\":\"Multi-Gyn\",\"url\":\"https:\/\/multi-gyn.com\/rs\/\",\"logo\":{\"@type\":\"ImageObject\",\"inLanguage\":\"sr-RS\",\"@id\":\"https:\/\/multi-gyn.com\/rs\/#\/schema\/logo\/image\/\",\"url\":\"https:\/\/multi-gyn.com\/app\/uploads\/sites\/35\/2022\/11\/multi-gyn-logo.png\",\"contentUrl\":\"https:\/\/multi-gyn.com\/app\/uploads\/sites\/35\/2022\/11\/multi-gyn-logo.png\",\"width\":149,\"height\":32,\"caption\":\"Multi-Gyn\"},\"image\":{\"@id\":\"https:\/\/multi-gyn.com\/rs\/#\/schema\/logo\/image\/\"}}]}<\/script>\n<!-- \/ Yoast SEO plugin. -->","yoast_head_json":{"title":"Intimna higijena i vaginalne infekcije - Multi-Gyn","description":"Ve\u0107ina \u017eena zna kako da se brine o svojoj intimnoj zoni. \u201cVagina se \u010disti\u201d, \u201cne perite vaginu sapunom\u201d, \u201cnosite pamu\u010dni donji ve\u0161\u201d i \u201cuvek se bri\u0161ite od napred ka nazad\u201d.","robots":{"index":"index","follow":"follow","max-snippet":"max-snippet:-1","max-image-preview":"max-image-preview:large","max-video-preview":"max-video-preview:-1"},"canonical":"https:\/\/multi-gyn.com\/rs\/zdravlje-vagine\/infekcije\/intimna-higijena-i-vaginalne-infekcije\/","og_locale":"sr_RS","og_type":"article","og_title":"Intimna higijena i vaginalne infekcije - Multi-Gyn","og_description":"Ve\u0107ina \u017eena zna kako da se brine o svojoj intimnoj zoni. \u201cVagina se \u010disti\u201d, \u201cne perite vaginu sapunom\u201d, \u201cnosite pamu\u010dni donji ve\u0161\u201d i \u201cuvek se bri\u0161ite od napred ka nazad\u201d.","og_url":"https:\/\/multi-gyn.com\/rs\/zdravlje-vagine\/infekcije\/intimna-higijena-i-vaginalne-infekcije\/","og_site_name":"Multi-Gyn","article_modified_time":"2024-08-21T13:03:48+00:00","twitter_card":"summary_large_image","twitter_misc":{"\u041f\u0440\u043e\u0446\u0435\u045a\u0435\u043d\u043e \u0432\u0440\u0435\u043c\u0435 \u0447\u0438\u0442\u0430\u045a\u0430":"2 \u043c\u0438\u043d\u0443\u0442\u0430"},"schema":{"@context":"https:\/\/schema.org","@graph":[{"@type":"WebPage","@id":"https:\/\/multi-gyn.com\/rs\/zdravlje-vagine\/infekcije\/intimna-higijena-i-vaginalne-infekcije\/","url":"https:\/\/multi-gyn.com\/rs\/zdravlje-vagine\/infekcije\/intimna-higijena-i-vaginalne-infekcije\/","name":"Intimna higijena i vaginalne infekcije - Multi-Gyn","isPartOf":{"@id":"https:\/\/multi-gyn.com\/rs\/#website"},"datePublished":"2022-12-13T13:23:43+00:00","dateModified":"2024-08-21T13:03:48+00:00","description":"Ve\u0107ina \u017eena zna kako da se brine o svojoj intimnoj zoni. \u201cVagina se \u010disti\u201d, \u201cne perite vaginu sapunom\u201d, \u201cnosite pamu\u010dni donji ve\u0161\u201d i \u201cuvek se bri\u0161ite od napred ka nazad\u201d.","breadcrumb":{"@id":"https:\/\/multi-gyn.com\/rs\/zdravlje-vagine\/infekcije\/intimna-higijena-i-vaginalne-infekcije\/#breadcrumb"},"inLanguage":"sr-RS","potentialAction":[{"@type":"ReadAction","target":["https:\/\/multi-gyn.com\/rs\/zdravlje-vagine\/infekcije\/intimna-higijena-i-vaginalne-infekcije\/"]}]},{"@type":"BreadcrumbList","@id":"https:\/\/multi-gyn.com\/rs\/zdravlje-vagine\/infekcije\/intimna-higijena-i-vaginalne-infekcije\/#breadcrumb","itemListElement":[{"@type":"ListItem","position":1,"name":"Home","item":"https:\/\/multi-gyn.com\/rs\/"},{"@type":"ListItem","position":2,"name":"Zdravlje vagine","item":"https:\/\/multi-gyn.com\/rs\/zdravlje-vagine\/"},{"@type":"ListItem","position":3,"name":"Infekcije","item":"https:\/\/multi-gyn.com\/rs\/zdravlje-vagine\/infekcije\/"},{"@type":"ListItem","position":4,"name":"Intimna higijena i vaginalne infekcije"}]},{"@type":"WebSite","@id":"https:\/\/multi-gyn.com\/rs\/#website","url":"https:\/\/multi-gyn.com\/rs\/","name":"Multi-Gyn","description":"","publisher":{"@id":"https:\/\/multi-gyn.com\/rs\/#organization"},"potentialAction":[{"@type":"SearchAction","target":{"@type":"EntryPoint","urlTemplate":"https:\/\/multi-gyn.com\/rs\/?s={search_term_string}"},"query-input":{"@type":"PropertyValueSpecification","valueRequired":true,"valueName":"search_term_string"}}],"inLanguage":"sr-RS"},{"@type":"Organization","@id":"https:\/\/multi-gyn.com\/rs\/#organization","name":"Multi-Gyn","url":"https:\/\/multi-gyn.com\/rs\/","logo":{"@type":"ImageObject","inLanguage":"sr-RS","@id":"https:\/\/multi-gyn.com\/rs\/#\/schema\/logo\/image\/","url":"https:\/\/multi-gyn.com\/app\/uploads\/sites\/35\/2022\/11\/multi-gyn-logo.png","contentUrl":"https:\/\/multi-gyn.com\/app\/uploads\/sites\/35\/2022\/11\/multi-gyn-logo.png","width":149,"height":32,"caption":"Multi-Gyn"},"image":{"@id":"https:\/\/multi-gyn.com\/rs\/#\/schema\/logo\/image\/"}}]}},"_links":{"self":[{"href":"https:\/\/multi-gyn.com\/rs\/wp-json\/wp\/v2\/pages\/661","targetHints":{"allow":["GET"]}}],"collection":[{"href":"https:\/\/multi-gyn.com\/rs\/wp-json\/wp\/v2\/pages"}],"about":[{"href":"https:\/\/multi-gyn.com\/rs\/wp-json\/wp\/v2\/types\/page"}],"author":[{"embeddable":true,"href":"https:\/\/multi-gyn.com\/rs\/wp-json\/wp\/v2\/users\/6"}],"replies":[{"embeddable":true,"href":"https:\/\/multi-gyn.com\/rs\/wp-json\/wp\/v2\/comments?post=661"}],"version-history":[{"count":1,"href":"https:\/\/multi-gyn.com\/rs\/wp-json\/wp\/v2\/pages\/661\/revisions"}],"predecessor-version":[{"id":663,"href":"https:\/\/multi-gyn.com\/rs\/wp-json\/wp\/v2\/pages\/661\/revisions\/663"}],"up":[{"embeddable":true,"href":"https:\/\/multi-gyn.com\/rs\/wp-json\/wp\/v2\/pages\/643"}],"wp:attachment":[{"href":"https:\/\/multi-gyn.com\/rs\/wp-json\/wp\/v2\/media?parent=661"}],"wp:term":[{"taxonomy":"from-article-database","embeddable":true,"href":"https:\/\/multi-gyn.com\/rs\/wp-json\/wp\/v2\/from-article-database?post=661"}],"curies":[{"name":"wp","href":"https:\/\/api.w.org\/{rel}","templated":true}]}}