{"id":86,"date":"2022-12-09T10:22:48","date_gmt":"2022-12-09T09:22:48","guid":{"rendered":"https:\/\/multi-gyn.com\/rs\/?page_id=86"},"modified":"2025-10-10T12:59:06","modified_gmt":"2025-10-10T10:59:06","slug":"faq","status":"publish","type":"page","link":"https:\/\/multi-gyn.com\/rs\/faq\/","title":{"rendered":"FAQ"},"content":{"rendered":"\n<div class=\"wp-block-karopharma-free-text pt-large pb-large bg-center bg-cover bg-no-repeat\" style=\"background-image:url(https:\/\/multi-gyn.com\/cdn-cgi\/image\/format=auto\/app\/uploads\/sites\/35\/2025\/10\/Multi-Gyn_1920x750_Banner_FAQ.jpg)\"><div class=\"free-text-wrapper container max-w-medium text-center\">\n<div style=\"height:100px\" aria-hidden=\"true\" class=\"wp-block-spacer is-style-responsive-medium\"><\/div>\n\n\n\n<h1 class=\"wp-block-heading is-style-heading-huge has-white-color has-text-color\">FAQ<\/h1>\n\n\n\n<div style=\"height:100px\" aria-hidden=\"true\" class=\"wp-block-spacer is-style-responsive-medium\"><\/div>\n<\/div><\/div>\n\n\n\n<div class=\"wp-block-karopharma-accordions\"><div class=\"container\">\n<details class=\"wp-block-karopharma-accordion\"><summary><h2 class=\"accordion-title\">\u0160ta je bakterijska vaginoza?<\/h2><\/summary><div class=\"accordion-content\">\n<p>Vec\u0301ina vagina s vremena na vreme ima miris i obi\u010dno nema razloga za brigu. Ali ako je miris koji dolazi iz va\u0161eg vaginalnog trakta jak i podsec\u0301a na trulu ribu, to mo\u017ee biti znak bakterijske vaginoze ili BV. Bakterijska vaginoza je naj\u010de\u0161c\u0301a vaginalna infekcija koja izaziva neprijatan vaginalni miris, a poga\u0111a \u010dak jednu od \u010detiri \u017eene u Evropi. \u017dene u reproduktivnom dobu imaju najvec\u0301i rizik od BV ali se mo\u017eete zaraziti u bilo kom uzrastu. Iako je BV uzrokovan bakterijskom neravnote\u017eom i ne smatra se polno prenosivom bole\u0161c\u0301u, ona mo\u017ee povec\u0301ati rizik od dobijanja ozbiljnije bolesti, na primer hlamidije. Dobra vest je da se BV lako le\u010di i spre\u010dava prirodnim proizvodima koje mo\u017eete kupiti u va\u0161oj lokalnoj apoteci.<\/p>\n<\/div><\/details>\n\n\n\n<details class=\"wp-block-karopharma-accordion\"><summary><h2 class=\"accordion-title\">\u0160ta je gljivi\u010dna vaginalna infekcija?<\/h2><\/summary><div class=\"accordion-content\">\n<p>Da li osec\u0301ate svrab i iritaciju u intimnom predelu? Da li ste primetili gust, beli i grudvasti sekret? Da li osec\u0301ate peckanje oko vaginalnog otvora kada odete u toalet? U tom slu\u010daju, mo\u017eete imati gljivi\u010dnu infekciju &#8211; i niste sami. \u010cak tri od \u010detiri \u017eene imaju gljivice bar jednom u \u017eivotu dok mnoge \u017eene pate od ponavljajuc\u0301ih infekcija. Na srec\u0301u, gljivi\u010dne infekcije nisu opasne i vec\u0301ina se lako le\u010di i spre\u010dava proizvodima koje mo\u017eete kupiti u lokalnoj apoteci.<\/p>\n<\/div><\/details>\n\n\n\n<details class=\"wp-block-karopharma-accordion\"><summary><h2 class=\"accordion-title\">Za\u0161to je moja vagina suva?<\/h2><\/summary><div class=\"accordion-content\">\n<p>Vaginalna atrofija. Ali menopauza nije jedini razlog za\u0161to nivoi estrogena mogu pasti. Poro\u0111aj, dojenje, odre\u0111ena medicinska stanja i uzimanje oralne kontracepcije tako\u0111e mogu smanjiti estrogen i zauzvrat dovesti do suvoc\u0301e vagine. U nekim slu\u010dajevima, suva vagina uop\u0161te nije povezana sa estrogenom vec\u0301 sa preteranom higijenskom praksom. Bez obzira na to \u0161ta uzrokuje da se va\u0161a vagina osec\u0301a kao pustinja Sahara, postoje bezbedni i efikasni tretmani koji mogu pomoc\u0301i.<\/p>\n<\/div><\/details>\n<\/div><\/div>\n","protected":false},"excerpt":{"rendered":"","protected":false},"author":6,"featured_media":0,"parent":0,"menu_order":0,"comment_status":"closed","ping_status":"closed","template":"","meta":{"_acf_changed":false,"footnotes":""},"from-article-database":[],"class_list":["post-86","page","type-page","status-publish","hentry"],"acf":[],"yoast_head":"<!-- This site is optimized with the Yoast SEO plugin v26.6 - https:\/\/yoast.com\/wordpress\/plugins\/seo\/ -->\n<title>FAQ - Multi-Gyn<\/title>\n<meta name=\"description\" content=\"\u0160ta je bakterijska vaginoza? \u0160ta je gljivi\u010dna vaginalna infekcija? Za\u0161to je moja vagina suva?\" \/>\n<meta name=\"robots\" content=\"index, follow, max-snippet:-1, max-image-preview:large, max-video-preview:-1\" \/>\n<link rel=\"canonical\" href=\"https:\/\/multi-gyn.com\/rs\/faq\/\" \/>\n<meta property=\"og:locale\" content=\"sr_RS\" \/>\n<meta property=\"og:type\" content=\"article\" \/>\n<meta property=\"og:title\" content=\"FAQ - Multi-Gyn\" \/>\n<meta property=\"og:description\" content=\"\u0160ta je bakterijska vaginoza? \u0160ta je gljivi\u010dna vaginalna infekcija? Za\u0161to je moja vagina suva?\" \/>\n<meta property=\"og:url\" content=\"https:\/\/multi-gyn.com\/rs\/faq\/\" \/>\n<meta property=\"og:site_name\" content=\"Multi-Gyn\" \/>\n<meta property=\"article:modified_time\" content=\"2025-10-10T10:59:06+00:00\" \/>\n<meta name=\"twitter:card\" content=\"summary_large_image\" \/>\n<meta name=\"twitter:label1\" content=\"\u041f\u0440\u043e\u0446\u0435\u045a\u0435\u043d\u043e \u0432\u0440\u0435\u043c\u0435 \u0447\u0438\u0442\u0430\u045a\u0430\" \/>\n\t<meta name=\"twitter:data1\" content=\"2 \u043c\u0438\u043d\u0443\u0442\u0430\" \/>\n<script type=\"application\/ld+json\" class=\"yoast-schema-graph\">{\"@context\":\"https:\/\/schema.org\",\"@graph\":[{\"@type\":\"WebPage\",\"@id\":\"https:\/\/multi-gyn.com\/rs\/faq\/\",\"url\":\"https:\/\/multi-gyn.com\/rs\/faq\/\",\"name\":\"FAQ - Multi-Gyn\",\"isPartOf\":{\"@id\":\"https:\/\/multi-gyn.com\/rs\/#website\"},\"datePublished\":\"2022-12-09T09:22:48+00:00\",\"dateModified\":\"2025-10-10T10:59:06+00:00\",\"description\":\"\u0160ta je bakterijska vaginoza? \u0160ta je gljivi\u010dna vaginalna infekcija? Za\u0161to je moja vagina suva?\",\"breadcrumb\":{\"@id\":\"https:\/\/multi-gyn.com\/rs\/faq\/#breadcrumb\"},\"inLanguage\":\"sr-RS\",\"potentialAction\":[{\"@type\":\"ReadAction\",\"target\":[\"https:\/\/multi-gyn.com\/rs\/faq\/\"]}]},{\"@type\":\"BreadcrumbList\",\"@id\":\"https:\/\/multi-gyn.com\/rs\/faq\/#breadcrumb\",\"itemListElement\":[{\"@type\":\"ListItem\",\"position\":1,\"name\":\"Home\",\"item\":\"https:\/\/multi-gyn.com\/rs\/\"},{\"@type\":\"ListItem\",\"position\":2,\"name\":\"FAQ\"}]},{\"@type\":\"WebSite\",\"@id\":\"https:\/\/multi-gyn.com\/rs\/#website\",\"url\":\"https:\/\/multi-gyn.com\/rs\/\",\"name\":\"Multi-Gyn\",\"description\":\"\",\"publisher\":{\"@id\":\"https:\/\/multi-gyn.com\/rs\/#organization\"},\"potentialAction\":[{\"@type\":\"SearchAction\",\"target\":{\"@type\":\"EntryPoint\",\"urlTemplate\":\"https:\/\/multi-gyn.com\/rs\/?s={search_term_string}\"},\"query-input\":{\"@type\":\"PropertyValueSpecification\",\"valueRequired\":true,\"valueName\":\"search_term_string\"}}],\"inLanguage\":\"sr-RS\"},{\"@type\":\"Organization\",\"@id\":\"https:\/\/multi-gyn.com\/rs\/#organization\",\"name\":\"Multi-Gyn\",\"url\":\"https:\/\/multi-gyn.com\/rs\/\",\"logo\":{\"@type\":\"ImageObject\",\"inLanguage\":\"sr-RS\",\"@id\":\"https:\/\/multi-gyn.com\/rs\/#\/schema\/logo\/image\/\",\"url\":\"https:\/\/multi-gyn.com\/app\/uploads\/sites\/35\/2022\/11\/multi-gyn-logo.png\",\"contentUrl\":\"https:\/\/multi-gyn.com\/app\/uploads\/sites\/35\/2022\/11\/multi-gyn-logo.png\",\"width\":149,\"height\":32,\"caption\":\"Multi-Gyn\"},\"image\":{\"@id\":\"https:\/\/multi-gyn.com\/rs\/#\/schema\/logo\/image\/\"}}]}<\/script>\n<!-- \/ Yoast SEO plugin. -->","yoast_head_json":{"title":"FAQ - Multi-Gyn","description":"\u0160ta je bakterijska vaginoza? \u0160ta je gljivi\u010dna vaginalna infekcija? Za\u0161to je moja vagina suva?","robots":{"index":"index","follow":"follow","max-snippet":"max-snippet:-1","max-image-preview":"max-image-preview:large","max-video-preview":"max-video-preview:-1"},"canonical":"https:\/\/multi-gyn.com\/rs\/faq\/","og_locale":"sr_RS","og_type":"article","og_title":"FAQ - Multi-Gyn","og_description":"\u0160ta je bakterijska vaginoza? \u0160ta je gljivi\u010dna vaginalna infekcija? Za\u0161to je moja vagina suva?","og_url":"https:\/\/multi-gyn.com\/rs\/faq\/","og_site_name":"Multi-Gyn","article_modified_time":"2025-10-10T10:59:06+00:00","twitter_card":"summary_large_image","twitter_misc":{"\u041f\u0440\u043e\u0446\u0435\u045a\u0435\u043d\u043e \u0432\u0440\u0435\u043c\u0435 \u0447\u0438\u0442\u0430\u045a\u0430":"2 \u043c\u0438\u043d\u0443\u0442\u0430"},"schema":{"@context":"https:\/\/schema.org","@graph":[{"@type":"WebPage","@id":"https:\/\/multi-gyn.com\/rs\/faq\/","url":"https:\/\/multi-gyn.com\/rs\/faq\/","name":"FAQ - Multi-Gyn","isPartOf":{"@id":"https:\/\/multi-gyn.com\/rs\/#website"},"datePublished":"2022-12-09T09:22:48+00:00","dateModified":"2025-10-10T10:59:06+00:00","description":"\u0160ta je bakterijska vaginoza? \u0160ta je gljivi\u010dna vaginalna infekcija? Za\u0161to je moja vagina suva?","breadcrumb":{"@id":"https:\/\/multi-gyn.com\/rs\/faq\/#breadcrumb"},"inLanguage":"sr-RS","potentialAction":[{"@type":"ReadAction","target":["https:\/\/multi-gyn.com\/rs\/faq\/"]}]},{"@type":"BreadcrumbList","@id":"https:\/\/multi-gyn.com\/rs\/faq\/#breadcrumb","itemListElement":[{"@type":"ListItem","position":1,"name":"Home","item":"https:\/\/multi-gyn.com\/rs\/"},{"@type":"ListItem","position":2,"name":"FAQ"}]},{"@type":"WebSite","@id":"https:\/\/multi-gyn.com\/rs\/#website","url":"https:\/\/multi-gyn.com\/rs\/","name":"Multi-Gyn","description":"","publisher":{"@id":"https:\/\/multi-gyn.com\/rs\/#organization"},"potentialAction":[{"@type":"SearchAction","target":{"@type":"EntryPoint","urlTemplate":"https:\/\/multi-gyn.com\/rs\/?s={search_term_string}"},"query-input":{"@type":"PropertyValueSpecification","valueRequired":true,"valueName":"search_term_string"}}],"inLanguage":"sr-RS"},{"@type":"Organization","@id":"https:\/\/multi-gyn.com\/rs\/#organization","name":"Multi-Gyn","url":"https:\/\/multi-gyn.com\/rs\/","logo":{"@type":"ImageObject","inLanguage":"sr-RS","@id":"https:\/\/multi-gyn.com\/rs\/#\/schema\/logo\/image\/","url":"https:\/\/multi-gyn.com\/app\/uploads\/sites\/35\/2022\/11\/multi-gyn-logo.png","contentUrl":"https:\/\/multi-gyn.com\/app\/uploads\/sites\/35\/2022\/11\/multi-gyn-logo.png","width":149,"height":32,"caption":"Multi-Gyn"},"image":{"@id":"https:\/\/multi-gyn.com\/rs\/#\/schema\/logo\/image\/"}}]}},"_links":{"self":[{"href":"https:\/\/multi-gyn.com\/rs\/wp-json\/wp\/v2\/pages\/86","targetHints":{"allow":["GET"]}}],"collection":[{"href":"https:\/\/multi-gyn.com\/rs\/wp-json\/wp\/v2\/pages"}],"about":[{"href":"https:\/\/multi-gyn.com\/rs\/wp-json\/wp\/v2\/types\/page"}],"author":[{"embeddable":true,"href":"https:\/\/multi-gyn.com\/rs\/wp-json\/wp\/v2\/users\/6"}],"replies":[{"embeddable":true,"href":"https:\/\/multi-gyn.com\/rs\/wp-json\/wp\/v2\/comments?post=86"}],"version-history":[{"count":6,"href":"https:\/\/multi-gyn.com\/rs\/wp-json\/wp\/v2\/pages\/86\/revisions"}],"predecessor-version":[{"id":839,"href":"https:\/\/multi-gyn.com\/rs\/wp-json\/wp\/v2\/pages\/86\/revisions\/839"}],"wp:attachment":[{"href":"https:\/\/multi-gyn.com\/rs\/wp-json\/wp\/v2\/media?parent=86"}],"wp:term":[{"taxonomy":"from-article-database","embeddable":true,"href":"https:\/\/multi-gyn.com\/rs\/wp-json\/wp\/v2\/from-article-database?post=86"}],"curies":[{"name":"wp","href":"https:\/\/api.w.org\/{rel}","templated":true}]}}