{"id":159,"date":"2022-12-09T11:24:44","date_gmt":"2022-12-09T10:24:44","guid":{"rendered":"https:\/\/multi-gyn.com\/rs\/?post_type=product&#038;p=159"},"modified":"2023-03-07T12:26:25","modified_gmt":"2023-03-07T11:26:25","slug":"multi-gyn-liquigel","status":"publish","type":"product","link":"https:\/\/multi-gyn.com\/rs\/proizvod\/multi-gyn-liquigel\/","title":{"rendered":"Multi-Gyn LiquiGel"},"content":{"rendered":"\n<div class=\"wp-block-karopharma-accordions is-style-secondary\"><div class=\"container\">\n<details class=\"wp-block-karopharma-accordion\"><summary><h2 class=\"accordion-title\">Koliko \u010desto moram da koristim Multi- Gyn LiquiGel?<\/h2><\/summary><div class=\"accordion-content\">\n<p>Nanesite Multi- Gyn LiquiGel najmanje jednom dnevno ili svaki put kada \u017eelite olak\u0161anje.<\/p>\n<\/div><\/details>\n\n\n\n<details class=\"wp-block-karopharma-accordion\"><summary><h2 class=\"accordion-title\">Nisam vi\u0161e u menopauzi, mogu li i dalje koristiti Multi-Gyn LiquiGel?<\/h2><\/summary><div class=\"accordion-content\">\n<p>Da, Multi- Gyn LiquiGel je namenjen za svaku \u017eenu koja ima suvo\u0107u vagine. Ovo mo\u017ee imati razli\u010dite uzroke, kao \u0161to su hormonalne promene, kori\u0161\u0107enje lekova, hroni\u010dne bolesti, menstruacija, posle poro\u0111aja, upotrebe tampona i dr.<\/p>\n<\/div><\/details>\n\n\n\n<details class=\"wp-block-karopharma-accordion\"><summary><h2 class=\"accordion-title\">Mogu li da koristim Multi- Gyn LiquiGel kao lubrikant?<\/h2><\/summary><div class=\"accordion-content\">\n<p>Da, mo\u017eete. Multi-Gyn LiquiGel je prvenstveno namenjen re\u0161avanju problema vaginalne suvo\u0107e kod \u017eena sa hormonskim disbalansom ili uzrokovanu hroni\u010dnom terapijom. Me\u0111utim, ne postoji nijedan protivrazlog da se koristi kao lubrikant i mo\u017ee se koristiti sa kondomom.<\/p>\n<\/div><\/details>\n<\/div><\/div>\n","protected":false},"excerpt":{"rendered":"","protected":false},"featured_media":63,"comment_status":"closed","ping_status":"closed","template":"","meta":{"_acf_changed":false,"footnotes":""},"product_brand":[],"product_cat":[19],"product_tag":[],"class_list":{"0":"post-159","1":"product","2":"type-product","3":"status-publish","4":"has-post-thumbnail","6":"product_cat-tretman","8":"first","9":"instock","10":"shipping-taxable","11":"product-type-simple"},"acf":[],"yoast_head":"<!-- This site is optimized with the Yoast SEO plugin v26.6 - https:\/\/yoast.com\/wordpress\/plugins\/seo\/ -->\n<title>Multi-Gyn LiquiGel - Multi-Gyn<\/title>\n<meta name=\"description\" content=\"Le\u010di i olak\u0161ava suvo\u0107u vagine\" \/>\n<meta name=\"robots\" content=\"index, follow, max-snippet:-1, max-image-preview:large, max-video-preview:-1\" \/>\n<link rel=\"canonical\" href=\"https:\/\/multi-gyn.com\/rs\/proizvod\/multi-gyn-liquigel\/\" \/>\n<meta property=\"og:locale\" content=\"sr_RS\" \/>\n<meta property=\"og:type\" content=\"article\" \/>\n<meta property=\"og:title\" content=\"Multi-Gyn LiquiGel - Multi-Gyn\" \/>\n<meta property=\"og:description\" content=\"Le\u010di i olak\u0161ava suvo\u0107u vagine\" \/>\n<meta property=\"og:url\" content=\"https:\/\/multi-gyn.com\/rs\/proizvod\/multi-gyn-liquigel\/\" \/>\n<meta property=\"og:site_name\" content=\"Multi-Gyn\" \/>\n<meta property=\"article:modified_time\" content=\"2023-03-07T11:26:25+00:00\" \/>\n<meta property=\"og:image\" content=\"https:\/\/multi-gyn.com\/app\/uploads\/sites\/35\/2022\/12\/MultiGynLiquiGel30INTUnpackedA01cropped-1400x1400-1.png\" \/>\n\t<meta property=\"og:image:width\" content=\"1400\" \/>\n\t<meta property=\"og:image:height\" content=\"1400\" \/>\n\t<meta property=\"og:image:type\" content=\"image\/png\" \/>\n<meta name=\"twitter:card\" content=\"summary_large_image\" \/>\n<meta name=\"twitter:label1\" content=\"\u041f\u0440\u043e\u0446\u0435\u045a\u0435\u043d\u043e \u0432\u0440\u0435\u043c\u0435 \u0447\u0438\u0442\u0430\u045a\u0430\" \/>\n\t<meta name=\"twitter:data1\" content=\"1 \u043c\u0438\u043d\u0443\u0442\" \/>\n<script type=\"application\/ld+json\" class=\"yoast-schema-graph\">{\"@context\":\"https:\/\/schema.org\",\"@graph\":[{\"@type\":\"WebPage\",\"@id\":\"https:\/\/multi-gyn.com\/rs\/proizvod\/multi-gyn-liquigel\/\",\"url\":\"https:\/\/multi-gyn.com\/rs\/proizvod\/multi-gyn-liquigel\/\",\"name\":\"Multi-Gyn LiquiGel - Multi-Gyn\",\"isPartOf\":{\"@id\":\"https:\/\/multi-gyn.com\/rs\/#website\"},\"primaryImageOfPage\":{\"@id\":\"https:\/\/multi-gyn.com\/rs\/proizvod\/multi-gyn-liquigel\/#primaryimage\"},\"image\":{\"@id\":\"https:\/\/multi-gyn.com\/rs\/proizvod\/multi-gyn-liquigel\/#primaryimage\"},\"thumbnailUrl\":\"https:\/\/multi-gyn.com\/app\/uploads\/sites\/35\/2022\/12\/MultiGynLiquiGel30INTUnpackedA01cropped-1400x1400-1.png\",\"datePublished\":\"2022-12-09T10:24:44+00:00\",\"dateModified\":\"2023-03-07T11:26:25+00:00\",\"description\":\"Le\u010di i olak\u0161ava suvo\u0107u vagine\",\"breadcrumb\":{\"@id\":\"https:\/\/multi-gyn.com\/rs\/proizvod\/multi-gyn-liquigel\/#breadcrumb\"},\"inLanguage\":\"sr-RS\",\"potentialAction\":[{\"@type\":\"ReadAction\",\"target\":[\"https:\/\/multi-gyn.com\/rs\/proizvod\/multi-gyn-liquigel\/\"]}]},{\"@type\":\"ImageObject\",\"inLanguage\":\"sr-RS\",\"@id\":\"https:\/\/multi-gyn.com\/rs\/proizvod\/multi-gyn-liquigel\/#primaryimage\",\"url\":\"https:\/\/multi-gyn.com\/app\/uploads\/sites\/35\/2022\/12\/MultiGynLiquiGel30INTUnpackedA01cropped-1400x1400-1.png\",\"contentUrl\":\"https:\/\/multi-gyn.com\/app\/uploads\/sites\/35\/2022\/12\/MultiGynLiquiGel30INTUnpackedA01cropped-1400x1400-1.png\",\"width\":1400,\"height\":1400},{\"@type\":\"BreadcrumbList\",\"@id\":\"https:\/\/multi-gyn.com\/rs\/proizvod\/multi-gyn-liquigel\/#breadcrumb\",\"itemListElement\":[{\"@type\":\"ListItem\",\"position\":1,\"name\":\"Home\",\"item\":\"https:\/\/multi-gyn.com\/rs\/\"},{\"@type\":\"ListItem\",\"position\":2,\"name\":\"Proizvodi\",\"item\":\"https:\/\/multi-gyn.com\/rs\/proizvodi\/\"},{\"@type\":\"ListItem\",\"position\":3,\"name\":\"Multi-Gyn LiquiGel\"}]},{\"@type\":\"WebSite\",\"@id\":\"https:\/\/multi-gyn.com\/rs\/#website\",\"url\":\"https:\/\/multi-gyn.com\/rs\/\",\"name\":\"Multi-Gyn\",\"description\":\"\",\"publisher\":{\"@id\":\"https:\/\/multi-gyn.com\/rs\/#organization\"},\"potentialAction\":[{\"@type\":\"SearchAction\",\"target\":{\"@type\":\"EntryPoint\",\"urlTemplate\":\"https:\/\/multi-gyn.com\/rs\/?s={search_term_string}\"},\"query-input\":{\"@type\":\"PropertyValueSpecification\",\"valueRequired\":true,\"valueName\":\"search_term_string\"}}],\"inLanguage\":\"sr-RS\"},{\"@type\":\"Organization\",\"@id\":\"https:\/\/multi-gyn.com\/rs\/#organization\",\"name\":\"Multi-Gyn\",\"url\":\"https:\/\/multi-gyn.com\/rs\/\",\"logo\":{\"@type\":\"ImageObject\",\"inLanguage\":\"sr-RS\",\"@id\":\"https:\/\/multi-gyn.com\/rs\/#\/schema\/logo\/image\/\",\"url\":\"https:\/\/multi-gyn.com\/app\/uploads\/sites\/35\/2022\/11\/multi-gyn-logo.png\",\"contentUrl\":\"https:\/\/multi-gyn.com\/app\/uploads\/sites\/35\/2022\/11\/multi-gyn-logo.png\",\"width\":149,\"height\":32,\"caption\":\"Multi-Gyn\"},\"image\":{\"@id\":\"https:\/\/multi-gyn.com\/rs\/#\/schema\/logo\/image\/\"}}]}<\/script>\n<!-- \/ Yoast SEO plugin. -->","yoast_head_json":{"title":"Multi-Gyn LiquiGel - Multi-Gyn","description":"Le\u010di i olak\u0161ava suvo\u0107u vagine","robots":{"index":"index","follow":"follow","max-snippet":"max-snippet:-1","max-image-preview":"max-image-preview:large","max-video-preview":"max-video-preview:-1"},"canonical":"https:\/\/multi-gyn.com\/rs\/proizvod\/multi-gyn-liquigel\/","og_locale":"sr_RS","og_type":"article","og_title":"Multi-Gyn LiquiGel - Multi-Gyn","og_description":"Le\u010di i olak\u0161ava suvo\u0107u vagine","og_url":"https:\/\/multi-gyn.com\/rs\/proizvod\/multi-gyn-liquigel\/","og_site_name":"Multi-Gyn","article_modified_time":"2023-03-07T11:26:25+00:00","og_image":[{"width":1400,"height":1400,"url":"https:\/\/multi-gyn.com\/app\/uploads\/sites\/35\/2022\/12\/MultiGynLiquiGel30INTUnpackedA01cropped-1400x1400-1.png","type":"image\/png"}],"twitter_card":"summary_large_image","twitter_misc":{"\u041f\u0440\u043e\u0446\u0435\u045a\u0435\u043d\u043e \u0432\u0440\u0435\u043c\u0435 \u0447\u0438\u0442\u0430\u045a\u0430":"1 \u043c\u0438\u043d\u0443\u0442"},"schema":{"@context":"https:\/\/schema.org","@graph":[{"@type":"WebPage","@id":"https:\/\/multi-gyn.com\/rs\/proizvod\/multi-gyn-liquigel\/","url":"https:\/\/multi-gyn.com\/rs\/proizvod\/multi-gyn-liquigel\/","name":"Multi-Gyn LiquiGel - Multi-Gyn","isPartOf":{"@id":"https:\/\/multi-gyn.com\/rs\/#website"},"primaryImageOfPage":{"@id":"https:\/\/multi-gyn.com\/rs\/proizvod\/multi-gyn-liquigel\/#primaryimage"},"image":{"@id":"https:\/\/multi-gyn.com\/rs\/proizvod\/multi-gyn-liquigel\/#primaryimage"},"thumbnailUrl":"https:\/\/multi-gyn.com\/app\/uploads\/sites\/35\/2022\/12\/MultiGynLiquiGel30INTUnpackedA01cropped-1400x1400-1.png","datePublished":"2022-12-09T10:24:44+00:00","dateModified":"2023-03-07T11:26:25+00:00","description":"Le\u010di i olak\u0161ava suvo\u0107u vagine","breadcrumb":{"@id":"https:\/\/multi-gyn.com\/rs\/proizvod\/multi-gyn-liquigel\/#breadcrumb"},"inLanguage":"sr-RS","potentialAction":[{"@type":"ReadAction","target":["https:\/\/multi-gyn.com\/rs\/proizvod\/multi-gyn-liquigel\/"]}]},{"@type":"ImageObject","inLanguage":"sr-RS","@id":"https:\/\/multi-gyn.com\/rs\/proizvod\/multi-gyn-liquigel\/#primaryimage","url":"https:\/\/multi-gyn.com\/app\/uploads\/sites\/35\/2022\/12\/MultiGynLiquiGel30INTUnpackedA01cropped-1400x1400-1.png","contentUrl":"https:\/\/multi-gyn.com\/app\/uploads\/sites\/35\/2022\/12\/MultiGynLiquiGel30INTUnpackedA01cropped-1400x1400-1.png","width":1400,"height":1400},{"@type":"BreadcrumbList","@id":"https:\/\/multi-gyn.com\/rs\/proizvod\/multi-gyn-liquigel\/#breadcrumb","itemListElement":[{"@type":"ListItem","position":1,"name":"Home","item":"https:\/\/multi-gyn.com\/rs\/"},{"@type":"ListItem","position":2,"name":"Proizvodi","item":"https:\/\/multi-gyn.com\/rs\/proizvodi\/"},{"@type":"ListItem","position":3,"name":"Multi-Gyn LiquiGel"}]},{"@type":"WebSite","@id":"https:\/\/multi-gyn.com\/rs\/#website","url":"https:\/\/multi-gyn.com\/rs\/","name":"Multi-Gyn","description":"","publisher":{"@id":"https:\/\/multi-gyn.com\/rs\/#organization"},"potentialAction":[{"@type":"SearchAction","target":{"@type":"EntryPoint","urlTemplate":"https:\/\/multi-gyn.com\/rs\/?s={search_term_string}"},"query-input":{"@type":"PropertyValueSpecification","valueRequired":true,"valueName":"search_term_string"}}],"inLanguage":"sr-RS"},{"@type":"Organization","@id":"https:\/\/multi-gyn.com\/rs\/#organization","name":"Multi-Gyn","url":"https:\/\/multi-gyn.com\/rs\/","logo":{"@type":"ImageObject","inLanguage":"sr-RS","@id":"https:\/\/multi-gyn.com\/rs\/#\/schema\/logo\/image\/","url":"https:\/\/multi-gyn.com\/app\/uploads\/sites\/35\/2022\/11\/multi-gyn-logo.png","contentUrl":"https:\/\/multi-gyn.com\/app\/uploads\/sites\/35\/2022\/11\/multi-gyn-logo.png","width":149,"height":32,"caption":"Multi-Gyn"},"image":{"@id":"https:\/\/multi-gyn.com\/rs\/#\/schema\/logo\/image\/"}}]}},"_links":{"self":[{"href":"https:\/\/multi-gyn.com\/rs\/wp-json\/wp\/v2\/product\/159","targetHints":{"allow":["GET"]}}],"collection":[{"href":"https:\/\/multi-gyn.com\/rs\/wp-json\/wp\/v2\/product"}],"about":[{"href":"https:\/\/multi-gyn.com\/rs\/wp-json\/wp\/v2\/types\/product"}],"replies":[{"embeddable":true,"href":"https:\/\/multi-gyn.com\/rs\/wp-json\/wp\/v2\/comments?post=159"}],"version-history":[{"count":6,"href":"https:\/\/multi-gyn.com\/rs\/wp-json\/wp\/v2\/product\/159\/revisions"}],"predecessor-version":[{"id":756,"href":"https:\/\/multi-gyn.com\/rs\/wp-json\/wp\/v2\/product\/159\/revisions\/756"}],"wp:featuredmedia":[{"embeddable":true,"href":"https:\/\/multi-gyn.com\/rs\/wp-json\/wp\/v2\/media\/63"}],"wp:attachment":[{"href":"https:\/\/multi-gyn.com\/rs\/wp-json\/wp\/v2\/media?parent=159"}],"wp:term":[{"taxonomy":"product_brand","embeddable":true,"href":"https:\/\/multi-gyn.com\/rs\/wp-json\/wp\/v2\/product_brand?post=159"},{"taxonomy":"product_cat","embeddable":true,"href":"https:\/\/multi-gyn.com\/rs\/wp-json\/wp\/v2\/product_cat?post=159"},{"taxonomy":"product_tag","embeddable":true,"href":"https:\/\/multi-gyn.com\/rs\/wp-json\/wp\/v2\/product_tag?post=159"}],"curies":[{"name":"wp","href":"https:\/\/api.w.org\/{rel}","templated":true}]}}