{"id":177,"date":"2022-12-09T12:53:58","date_gmt":"2022-12-09T11:53:58","guid":{"rendered":"https:\/\/multi-gyn.com\/rs\/?post_type=product&#038;p=177"},"modified":"2023-03-07T14:47:45","modified_gmt":"2023-03-07T13:47:45","slug":"multi-gyn-vaginalni-irigator-i-tablete","status":"publish","type":"product","link":"https:\/\/multi-gyn.com\/rs\/proizvod\/multi-gyn-vaginalni-irigator-i-tablete\/","title":{"rendered":"Multi-Gyn Vaginalni Irigator i Tablete"},"content":{"rendered":"\n<div class=\"wp-block-karopharma-accordions is-style-secondary\"><div class=\"container\">\n<details class=\"wp-block-karopharma-accordion\"><summary><h2 class=\"accordion-title\">Koliko \u010desto mogu da koristim Multi-Gyn vaginalni irigator?<\/h2><\/summary><div class=\"accordion-content\">\n<p>Savetujemo Vam da koristite vaginalni irigator posle menstruacije ili odnosa. Nema potrebe koristiti vaginalni irigator \u010de\u0161\u0107e od toga.<\/p>\n<\/div><\/details>\n\n\n\n<details class=\"wp-block-karopharma-accordion\"><summary><h2 class=\"accordion-title\">Da li mogu da koristim Multi-Gyn tablete bez vaginalnog irigatora?<\/h2><\/summary><div class=\"accordion-content\">\n<p>Ne, one su namenjene samo za primenu sa vaginalnim irigatorom.<\/p>\n<\/div><\/details>\n\n\n\n<details class=\"wp-block-karopharma-accordion\"><summary><h2 class=\"accordion-title\">Da li moram da iskoristim svu te\u010dnost?<\/h2><\/summary><div class=\"accordion-content\">\n<p>Ne, jedan ne\u017eni stisak je dovoljan.<\/p>\n<\/div><\/details>\n\n\n\n<details class=\"wp-block-karopharma-accordion\"><summary><h2 class=\"accordion-title\">Da li mogu ponovo iskoristiti vaginalnu te\u010dnost za ispiranje?<\/h2><\/summary><div class=\"accordion-content\">\n<p>Ne, apsolutno ne. Te\u010dnost mo\u017ee biti iskori\u0161\u0107ena samo jednom.<\/p>\n<\/div><\/details>\n\n\n\n<details class=\"wp-block-karopharma-accordion\"><summary><h2 class=\"accordion-title\">Da li je te\u0161ko primeniti Multi-Gyn vaginalni irigator?<\/h2><\/summary><div class=\"accordion-content\">\n<p>Ne, nije te\u0161ko koristiti vaginalni irigator. Me\u0111utim, morate biti sigurni da ste opu\u0161teni i da stojite ili sedite u udobnom polo\u017eaju. Za vi\u0161e informacija o tome kako da koristite Multi- Gyn vaginalni irigator molimo Vas da pogledate uputstvo za upotrebu.<\/p>\n<\/div><\/details>\n\n\n\n<details class=\"wp-block-karopharma-accordion\"><summary><h2 class=\"accordion-title\">Da li mogu da koristim Multi-Gyn vaginalni irigator sa vodom?<\/h2><\/summary><div class=\"accordion-content\">\n<p>Da, mo\u017eete da koristite Multi- Gyn vaginalni irigator samo sa mlakom vodom.<\/p>\n<\/div><\/details>\n<\/div><\/div>\n","protected":false},"excerpt":{"rendered":"","protected":false},"featured_media":59,"comment_status":"closed","ping_status":"closed","template":"","meta":{"_acf_changed":false,"footnotes":""},"product_brand":[],"product_cat":[20],"product_tag":[],"class_list":{"0":"post-177","1":"product","2":"type-product","3":"status-publish","4":"has-post-thumbnail","6":"product_cat-higijena-i-nega","8":"first","9":"instock","10":"shipping-taxable","11":"product-type-simple"},"acf":[],"yoast_head":"<!-- This site is optimized with the Yoast SEO plugin v26.6 - https:\/\/yoast.com\/wordpress\/plugins\/seo\/ -->\n<title>Multi-Gyn Vaginalni Irigator i Tablete - Multi-Gyn<\/title>\n<meta name=\"description\" content=\"Za optimalnu vaginalnu higijenu\" \/>\n<meta name=\"robots\" content=\"index, follow, max-snippet:-1, max-image-preview:large, max-video-preview:-1\" \/>\n<link rel=\"canonical\" href=\"https:\/\/multi-gyn.com\/rs\/proizvod\/multi-gyn-vaginalni-irigator-i-tablete\/\" \/>\n<meta property=\"og:locale\" content=\"sr_RS\" \/>\n<meta property=\"og:type\" content=\"article\" \/>\n<meta property=\"og:title\" content=\"Multi-Gyn Vaginalni Irigator i Tablete - Multi-Gyn\" \/>\n<meta property=\"og:description\" content=\"Za optimalnu vaginalnu higijenu\" \/>\n<meta property=\"og:url\" content=\"https:\/\/multi-gyn.com\/rs\/proizvod\/multi-gyn-vaginalni-irigator-i-tablete\/\" \/>\n<meta property=\"og:site_name\" content=\"Multi-Gyn\" \/>\n<meta property=\"article:modified_time\" content=\"2023-03-07T13:47:45+00:00\" \/>\n<meta property=\"og:image\" content=\"https:\/\/multi-gyn.com\/app\/uploads\/sites\/35\/2022\/12\/Multi-Gyn-VagDouche.png\" \/>\n\t<meta property=\"og:image:width\" content=\"2000\" \/>\n\t<meta property=\"og:image:height\" content=\"2000\" \/>\n\t<meta property=\"og:image:type\" content=\"image\/png\" \/>\n<meta name=\"twitter:card\" content=\"summary_large_image\" \/>\n<meta name=\"twitter:label1\" content=\"\u041f\u0440\u043e\u0446\u0435\u045a\u0435\u043d\u043e \u0432\u0440\u0435\u043c\u0435 \u0447\u0438\u0442\u0430\u045a\u0430\" \/>\n\t<meta name=\"twitter:data1\" content=\"1 \u043c\u0438\u043d\u0443\u0442\" \/>\n<script type=\"application\/ld+json\" class=\"yoast-schema-graph\">{\"@context\":\"https:\/\/schema.org\",\"@graph\":[{\"@type\":\"WebPage\",\"@id\":\"https:\/\/multi-gyn.com\/rs\/proizvod\/multi-gyn-vaginalni-irigator-i-tablete\/\",\"url\":\"https:\/\/multi-gyn.com\/rs\/proizvod\/multi-gyn-vaginalni-irigator-i-tablete\/\",\"name\":\"Multi-Gyn Vaginalni Irigator i Tablete - Multi-Gyn\",\"isPartOf\":{\"@id\":\"https:\/\/multi-gyn.com\/rs\/#website\"},\"primaryImageOfPage\":{\"@id\":\"https:\/\/multi-gyn.com\/rs\/proizvod\/multi-gyn-vaginalni-irigator-i-tablete\/#primaryimage\"},\"image\":{\"@id\":\"https:\/\/multi-gyn.com\/rs\/proizvod\/multi-gyn-vaginalni-irigator-i-tablete\/#primaryimage\"},\"thumbnailUrl\":\"https:\/\/multi-gyn.com\/app\/uploads\/sites\/35\/2022\/12\/Multi-Gyn-VagDouche.png\",\"datePublished\":\"2022-12-09T11:53:58+00:00\",\"dateModified\":\"2023-03-07T13:47:45+00:00\",\"description\":\"Za optimalnu vaginalnu higijenu\",\"breadcrumb\":{\"@id\":\"https:\/\/multi-gyn.com\/rs\/proizvod\/multi-gyn-vaginalni-irigator-i-tablete\/#breadcrumb\"},\"inLanguage\":\"sr-RS\",\"potentialAction\":[{\"@type\":\"ReadAction\",\"target\":[\"https:\/\/multi-gyn.com\/rs\/proizvod\/multi-gyn-vaginalni-irigator-i-tablete\/\"]}]},{\"@type\":\"ImageObject\",\"inLanguage\":\"sr-RS\",\"@id\":\"https:\/\/multi-gyn.com\/rs\/proizvod\/multi-gyn-vaginalni-irigator-i-tablete\/#primaryimage\",\"url\":\"https:\/\/multi-gyn.com\/app\/uploads\/sites\/35\/2022\/12\/Multi-Gyn-VagDouche.png\",\"contentUrl\":\"https:\/\/multi-gyn.com\/app\/uploads\/sites\/35\/2022\/12\/Multi-Gyn-VagDouche.png\",\"width\":2000,\"height\":2000},{\"@type\":\"BreadcrumbList\",\"@id\":\"https:\/\/multi-gyn.com\/rs\/proizvod\/multi-gyn-vaginalni-irigator-i-tablete\/#breadcrumb\",\"itemListElement\":[{\"@type\":\"ListItem\",\"position\":1,\"name\":\"Home\",\"item\":\"https:\/\/multi-gyn.com\/rs\/\"},{\"@type\":\"ListItem\",\"position\":2,\"name\":\"Proizvodi\",\"item\":\"https:\/\/multi-gyn.com\/rs\/proizvodi\/\"},{\"@type\":\"ListItem\",\"position\":3,\"name\":\"Multi-Gyn Vaginalni Irigator i Tablete\"}]},{\"@type\":\"WebSite\",\"@id\":\"https:\/\/multi-gyn.com\/rs\/#website\",\"url\":\"https:\/\/multi-gyn.com\/rs\/\",\"name\":\"Multi-Gyn\",\"description\":\"\",\"publisher\":{\"@id\":\"https:\/\/multi-gyn.com\/rs\/#organization\"},\"potentialAction\":[{\"@type\":\"SearchAction\",\"target\":{\"@type\":\"EntryPoint\",\"urlTemplate\":\"https:\/\/multi-gyn.com\/rs\/?s={search_term_string}\"},\"query-input\":{\"@type\":\"PropertyValueSpecification\",\"valueRequired\":true,\"valueName\":\"search_term_string\"}}],\"inLanguage\":\"sr-RS\"},{\"@type\":\"Organization\",\"@id\":\"https:\/\/multi-gyn.com\/rs\/#organization\",\"name\":\"Multi-Gyn\",\"url\":\"https:\/\/multi-gyn.com\/rs\/\",\"logo\":{\"@type\":\"ImageObject\",\"inLanguage\":\"sr-RS\",\"@id\":\"https:\/\/multi-gyn.com\/rs\/#\/schema\/logo\/image\/\",\"url\":\"https:\/\/multi-gyn.com\/app\/uploads\/sites\/35\/2022\/11\/multi-gyn-logo.png\",\"contentUrl\":\"https:\/\/multi-gyn.com\/app\/uploads\/sites\/35\/2022\/11\/multi-gyn-logo.png\",\"width\":149,\"height\":32,\"caption\":\"Multi-Gyn\"},\"image\":{\"@id\":\"https:\/\/multi-gyn.com\/rs\/#\/schema\/logo\/image\/\"}}]}<\/script>\n<!-- \/ Yoast SEO plugin. -->","yoast_head_json":{"title":"Multi-Gyn Vaginalni Irigator i Tablete - Multi-Gyn","description":"Za optimalnu vaginalnu higijenu","robots":{"index":"index","follow":"follow","max-snippet":"max-snippet:-1","max-image-preview":"max-image-preview:large","max-video-preview":"max-video-preview:-1"},"canonical":"https:\/\/multi-gyn.com\/rs\/proizvod\/multi-gyn-vaginalni-irigator-i-tablete\/","og_locale":"sr_RS","og_type":"article","og_title":"Multi-Gyn Vaginalni Irigator i Tablete - Multi-Gyn","og_description":"Za optimalnu vaginalnu higijenu","og_url":"https:\/\/multi-gyn.com\/rs\/proizvod\/multi-gyn-vaginalni-irigator-i-tablete\/","og_site_name":"Multi-Gyn","article_modified_time":"2023-03-07T13:47:45+00:00","og_image":[{"width":2000,"height":2000,"url":"https:\/\/multi-gyn.com\/app\/uploads\/sites\/35\/2022\/12\/Multi-Gyn-VagDouche.png","type":"image\/png"}],"twitter_card":"summary_large_image","twitter_misc":{"\u041f\u0440\u043e\u0446\u0435\u045a\u0435\u043d\u043e \u0432\u0440\u0435\u043c\u0435 \u0447\u0438\u0442\u0430\u045a\u0430":"1 \u043c\u0438\u043d\u0443\u0442"},"schema":{"@context":"https:\/\/schema.org","@graph":[{"@type":"WebPage","@id":"https:\/\/multi-gyn.com\/rs\/proizvod\/multi-gyn-vaginalni-irigator-i-tablete\/","url":"https:\/\/multi-gyn.com\/rs\/proizvod\/multi-gyn-vaginalni-irigator-i-tablete\/","name":"Multi-Gyn Vaginalni Irigator i Tablete - Multi-Gyn","isPartOf":{"@id":"https:\/\/multi-gyn.com\/rs\/#website"},"primaryImageOfPage":{"@id":"https:\/\/multi-gyn.com\/rs\/proizvod\/multi-gyn-vaginalni-irigator-i-tablete\/#primaryimage"},"image":{"@id":"https:\/\/multi-gyn.com\/rs\/proizvod\/multi-gyn-vaginalni-irigator-i-tablete\/#primaryimage"},"thumbnailUrl":"https:\/\/multi-gyn.com\/app\/uploads\/sites\/35\/2022\/12\/Multi-Gyn-VagDouche.png","datePublished":"2022-12-09T11:53:58+00:00","dateModified":"2023-03-07T13:47:45+00:00","description":"Za optimalnu vaginalnu higijenu","breadcrumb":{"@id":"https:\/\/multi-gyn.com\/rs\/proizvod\/multi-gyn-vaginalni-irigator-i-tablete\/#breadcrumb"},"inLanguage":"sr-RS","potentialAction":[{"@type":"ReadAction","target":["https:\/\/multi-gyn.com\/rs\/proizvod\/multi-gyn-vaginalni-irigator-i-tablete\/"]}]},{"@type":"ImageObject","inLanguage":"sr-RS","@id":"https:\/\/multi-gyn.com\/rs\/proizvod\/multi-gyn-vaginalni-irigator-i-tablete\/#primaryimage","url":"https:\/\/multi-gyn.com\/app\/uploads\/sites\/35\/2022\/12\/Multi-Gyn-VagDouche.png","contentUrl":"https:\/\/multi-gyn.com\/app\/uploads\/sites\/35\/2022\/12\/Multi-Gyn-VagDouche.png","width":2000,"height":2000},{"@type":"BreadcrumbList","@id":"https:\/\/multi-gyn.com\/rs\/proizvod\/multi-gyn-vaginalni-irigator-i-tablete\/#breadcrumb","itemListElement":[{"@type":"ListItem","position":1,"name":"Home","item":"https:\/\/multi-gyn.com\/rs\/"},{"@type":"ListItem","position":2,"name":"Proizvodi","item":"https:\/\/multi-gyn.com\/rs\/proizvodi\/"},{"@type":"ListItem","position":3,"name":"Multi-Gyn Vaginalni Irigator i Tablete"}]},{"@type":"WebSite","@id":"https:\/\/multi-gyn.com\/rs\/#website","url":"https:\/\/multi-gyn.com\/rs\/","name":"Multi-Gyn","description":"","publisher":{"@id":"https:\/\/multi-gyn.com\/rs\/#organization"},"potentialAction":[{"@type":"SearchAction","target":{"@type":"EntryPoint","urlTemplate":"https:\/\/multi-gyn.com\/rs\/?s={search_term_string}"},"query-input":{"@type":"PropertyValueSpecification","valueRequired":true,"valueName":"search_term_string"}}],"inLanguage":"sr-RS"},{"@type":"Organization","@id":"https:\/\/multi-gyn.com\/rs\/#organization","name":"Multi-Gyn","url":"https:\/\/multi-gyn.com\/rs\/","logo":{"@type":"ImageObject","inLanguage":"sr-RS","@id":"https:\/\/multi-gyn.com\/rs\/#\/schema\/logo\/image\/","url":"https:\/\/multi-gyn.com\/app\/uploads\/sites\/35\/2022\/11\/multi-gyn-logo.png","contentUrl":"https:\/\/multi-gyn.com\/app\/uploads\/sites\/35\/2022\/11\/multi-gyn-logo.png","width":149,"height":32,"caption":"Multi-Gyn"},"image":{"@id":"https:\/\/multi-gyn.com\/rs\/#\/schema\/logo\/image\/"}}]}},"_links":{"self":[{"href":"https:\/\/multi-gyn.com\/rs\/wp-json\/wp\/v2\/product\/177","targetHints":{"allow":["GET"]}}],"collection":[{"href":"https:\/\/multi-gyn.com\/rs\/wp-json\/wp\/v2\/product"}],"about":[{"href":"https:\/\/multi-gyn.com\/rs\/wp-json\/wp\/v2\/types\/product"}],"replies":[{"embeddable":true,"href":"https:\/\/multi-gyn.com\/rs\/wp-json\/wp\/v2\/comments?post=177"}],"version-history":[{"count":7,"href":"https:\/\/multi-gyn.com\/rs\/wp-json\/wp\/v2\/product\/177\/revisions"}],"predecessor-version":[{"id":785,"href":"https:\/\/multi-gyn.com\/rs\/wp-json\/wp\/v2\/product\/177\/revisions\/785"}],"wp:featuredmedia":[{"embeddable":true,"href":"https:\/\/multi-gyn.com\/rs\/wp-json\/wp\/v2\/media\/59"}],"wp:attachment":[{"href":"https:\/\/multi-gyn.com\/rs\/wp-json\/wp\/v2\/media?parent=177"}],"wp:term":[{"taxonomy":"product_brand","embeddable":true,"href":"https:\/\/multi-gyn.com\/rs\/wp-json\/wp\/v2\/product_brand?post=177"},{"taxonomy":"product_cat","embeddable":true,"href":"https:\/\/multi-gyn.com\/rs\/wp-json\/wp\/v2\/product_cat?post=177"},{"taxonomy":"product_tag","embeddable":true,"href":"https:\/\/multi-gyn.com\/rs\/wp-json\/wp\/v2\/product_tag?post=177"}],"curies":[{"name":"wp","href":"https:\/\/api.w.org\/{rel}","templated":true}]}}