{"id":50,"date":"2022-08-26T15:16:58","date_gmt":"2022-08-26T13:16:58","guid":{"rendered":"https:\/\/multi-gyn.com\/rebrand-se\/?page_id=50"},"modified":"2025-10-09T16:14:06","modified_gmt":"2025-10-09T14:14:06","slug":"faq","status":"publish","type":"page","link":"https:\/\/multi-gyn.com\/se\/faq\/","title":{"rendered":"FAQ"},"content":{"rendered":"\n<div class=\"wp-block-karopharma-free-text pt-large pb-large bg-center bg-cover bg-no-repeat\" style=\"background-image:url(https:\/\/multi-gyn.com\/cdn-cgi\/image\/format=auto\/app\/uploads\/sites\/18\/2025\/10\/Multi-Gyn_1920x750_Banner_FAQ.jpg)\"><div class=\"free-text-wrapper container max-w-medium text-center\">\n<div style=\"height:100px\" aria-hidden=\"true\" class=\"wp-block-spacer is-style-responsive-medium\"><\/div>\n\n\n\n<h1 class=\"wp-block-heading is-style-heading-huge has-white-color has-text-color\">FAQ<\/h1>\n\n\n\n<div style=\"height:100px\" aria-hidden=\"true\" class=\"wp-block-spacer is-style-responsive-medium\"><\/div>\n<\/div><\/div>\n\n\n\n<div class=\"wp-block-karopharma-accordions\"><div class=\"container\">\n<details class=\"wp-block-karopharma-accordion\"><summary><h2 class=\"accordion-title\">Vad \u00e4r bakteriell vaginos?<\/h2><\/summary><div class=\"accordion-content\">\n<p>Slidan har en speciell lukt som vanligtvis uppfattas som sur. Det \u00e4r vanligtvis inget att oroa sig f\u00f6r och \u00e4r helt normalt. Men om lukten fr\u00e5n din vagina \u00e4r stark och p\u00e5minner om rutten fisk, kan det vara ett tecken p\u00e5 bakteriell vaginos (BV). Bakteriell vaginos \u00e4r den vanligaste vaginala infektionen som orsakar vaginal lukt och drabbar s\u00e5 m\u00e5nga som en av fyra kvinnor i Europa. Kvinnor i fertil \u00e5lder har den h\u00f6gsta risken f\u00f6r bakteriell vaginos, men det \u00e4r m\u00f6jligt att drabbas i alla \u00e5ldrar. \u00c4ven om bakteriell vaginos orsakas av en bakteriell obalans och inte anses vara en sexuellt \u00f6verf\u00f6rbar sjukdom, kan det \u00f6ka risken f\u00f6r att drabbas av en allvarligare sjukdom, till exempel klamydia. Den goda nyheten \u00e4r att bakteriell vaginos l\u00e4tt kan behandlas och f\u00f6rhindras med naturliga produkter som du kan k\u00f6pa online eller p\u00e5 ditt lokala apotek.<\/p>\n<\/div><\/details>\n\n\n\n<details class=\"wp-block-karopharma-accordion\"><summary><h2 class=\"accordion-title\">Vad \u00e4r vaginal svampinfektion?<\/h2><\/summary><div class=\"accordion-content\">\n<p>Har du vaginal kl\u00e5da och irritation? Har du tjocka, vita och kesoliknande flytningar? Har du sveda i vaginal\u00f6ppningen n\u00e4r du g\u00e5r p\u00e5 toaletten? D\u00e5 har du troligtvis svampinfektion \u2013 och du \u00e4r inte ensam. S\u00e5 m\u00e5nga som tre av fyra kvinnor har svamp minst en g\u00e5ng under sin livstid och m\u00e5nga kvinnor lider av \u00e5terkommande infektioner. Svampinfektioner \u00e4r inte farliga och de flesta av dem behandlas och f\u00f6rhindras l\u00e4tt med produkter som du kan k\u00f6pa online eller hitta p\u00e5 ditt n\u00e4rmsta apotek.<\/p>\n<\/div><\/details>\n\n\n\n<details class=\"wp-block-karopharma-accordion\"><summary><h2 class=\"accordion-title\">Varf\u00f6r \u00e4r min vagina torr?<\/h2><\/summary><div class=\"accordion-content\">\n<p>V\u00e4rmevallningar och oregelbunden mens \u00e4r tv\u00e5 v\u00e4lk\u00e4nda tecken p\u00e5 att klimakteriet knackar p\u00e5 d\u00f6rren. Men visste du att vaginal torrhet och vaginal irritation \u00e4r andra vanliga symtom i klimakteriet? F\u00f6r n\u00e4r du \u00e5ldras g\u00f6r din vagina det ocks\u00e5. Vanligtvis hj\u00e4lper \u00f6strogen till att \u00e5terfukta slidan och h\u00e5lla den frisk, men n\u00e4r du kommer in i klimakteriet sjunker produktionen av det kvinnliga k\u00f6nshormonet avsev\u00e4rt. Som ett resultat blir slemhinnorna tunnare, torkar och \u00e4r mer ben\u00e4gen f\u00f6r inflammation, ett tillst\u00e5nd som kallas vaginal atrofi. Men klimakteriet \u00e4r inte den enda anledningen till att dina \u00f6strogenniv\u00e5er kan sjunka. F\u00f6dsel, amning, vissa medicinska tillst\u00e5nd och att ta orala preventivmedel kan ocks\u00e5 minska \u00f6strogen och i sin tur leda till vaginal torrhet. I vissa fall \u00e4r en torr vagina inte relaterad till \u00f6strogen alls utan till \u00f6verdriven hygien. Oavsett vad som g\u00f6r att din vagina k\u00e4nns som Sahara\u00f6knen, finns det s\u00e4kra och effektiva behandlingar som kan hj\u00e4lpa till.<\/p>\n<\/div><\/details>\n<\/div><\/div>\n","protected":false},"excerpt":{"rendered":"","protected":false},"author":2,"featured_media":0,"parent":0,"menu_order":0,"comment_status":"closed","ping_status":"closed","template":"","meta":{"_acf_changed":false,"footnotes":""},"from-article-database":[],"class_list":["post-50","page","type-page","status-publish","hentry"],"acf":[],"yoast_head":"<!-- This site is optimized with the Yoast SEO plugin v26.6 - https:\/\/yoast.com\/wordpress\/plugins\/seo\/ -->\n<title>FAQ - Multi-Gyn<\/title>\n<meta name=\"description\" content=\"Vanliga fr\u00e5gor: Vad \u00e4r bakteriell vaginos? Vad \u00e4r vaginal svampinfektion? Varf\u00f6r \u00e4r min vagina torr?\" \/>\n<meta name=\"robots\" content=\"index, follow, max-snippet:-1, max-image-preview:large, max-video-preview:-1\" \/>\n<link rel=\"canonical\" href=\"https:\/\/multi-gyn.com\/se\/faq\/\" \/>\n<meta property=\"og:locale\" content=\"sv_SE\" \/>\n<meta property=\"og:type\" content=\"article\" \/>\n<meta property=\"og:title\" content=\"FAQ - Multi-Gyn\" \/>\n<meta property=\"og:description\" content=\"Vanliga fr\u00e5gor: Vad \u00e4r bakteriell vaginos? Vad \u00e4r vaginal svampinfektion? Varf\u00f6r \u00e4r min vagina torr?\" \/>\n<meta property=\"og:url\" content=\"https:\/\/multi-gyn.com\/se\/faq\/\" \/>\n<meta property=\"og:site_name\" content=\"Multi-Gyn\" \/>\n<meta property=\"article:modified_time\" content=\"2025-10-09T14:14:06+00:00\" \/>\n<meta name=\"twitter:card\" content=\"summary_large_image\" \/>\n<meta name=\"twitter:label1\" content=\"Ber\u00e4knad l\u00e4stid\" \/>\n\t<meta name=\"twitter:data1\" content=\"2 minuter\" \/>\n<script type=\"application\/ld+json\" class=\"yoast-schema-graph\">{\"@context\":\"https:\/\/schema.org\",\"@graph\":[{\"@type\":\"WebPage\",\"@id\":\"https:\/\/multi-gyn.com\/se\/faq\/\",\"url\":\"https:\/\/multi-gyn.com\/se\/faq\/\",\"name\":\"FAQ - Multi-Gyn\",\"isPartOf\":{\"@id\":\"https:\/\/multi-gyn.com\/se\/#website\"},\"datePublished\":\"2022-08-26T13:16:58+00:00\",\"dateModified\":\"2025-10-09T14:14:06+00:00\",\"description\":\"Vanliga fr\u00e5gor: Vad \u00e4r bakteriell vaginos? Vad \u00e4r vaginal svampinfektion? Varf\u00f6r \u00e4r min vagina torr?\",\"breadcrumb\":{\"@id\":\"https:\/\/multi-gyn.com\/se\/faq\/#breadcrumb\"},\"inLanguage\":\"sv-SE\",\"potentialAction\":[{\"@type\":\"ReadAction\",\"target\":[\"https:\/\/multi-gyn.com\/se\/faq\/\"]}]},{\"@type\":\"BreadcrumbList\",\"@id\":\"https:\/\/multi-gyn.com\/se\/faq\/#breadcrumb\",\"itemListElement\":[{\"@type\":\"ListItem\",\"position\":1,\"name\":\"Home\",\"item\":\"https:\/\/multi-gyn.com\/se\/\"},{\"@type\":\"ListItem\",\"position\":2,\"name\":\"FAQ\"}]},{\"@type\":\"WebSite\",\"@id\":\"https:\/\/multi-gyn.com\/se\/#website\",\"url\":\"https:\/\/multi-gyn.com\/se\/\",\"name\":\"Multi-Gyn\",\"description\":\"\",\"publisher\":{\"@id\":\"https:\/\/multi-gyn.com\/se\/#organization\"},\"potentialAction\":[{\"@type\":\"SearchAction\",\"target\":{\"@type\":\"EntryPoint\",\"urlTemplate\":\"https:\/\/multi-gyn.com\/se\/?s={search_term_string}\"},\"query-input\":{\"@type\":\"PropertyValueSpecification\",\"valueRequired\":true,\"valueName\":\"search_term_string\"}}],\"inLanguage\":\"sv-SE\"},{\"@type\":\"Organization\",\"@id\":\"https:\/\/multi-gyn.com\/se\/#organization\",\"name\":\"Multi-Gyn\",\"url\":\"https:\/\/multi-gyn.com\/se\/\",\"logo\":{\"@type\":\"ImageObject\",\"inLanguage\":\"sv-SE\",\"@id\":\"https:\/\/multi-gyn.com\/se\/#\/schema\/logo\/image\/\",\"url\":\"https:\/\/multi-gyn.com\/app\/uploads\/sites\/18\/2022\/08\/multi-gyn-logo.png\",\"contentUrl\":\"https:\/\/multi-gyn.com\/app\/uploads\/sites\/18\/2022\/08\/multi-gyn-logo.png\",\"width\":149,\"height\":32,\"caption\":\"Multi-Gyn\"},\"image\":{\"@id\":\"https:\/\/multi-gyn.com\/se\/#\/schema\/logo\/image\/\"}}]}<\/script>\n<!-- \/ Yoast SEO plugin. -->","yoast_head_json":{"title":"FAQ - Multi-Gyn","description":"Vanliga fr\u00e5gor: Vad \u00e4r bakteriell vaginos? Vad \u00e4r vaginal svampinfektion? Varf\u00f6r \u00e4r min vagina torr?","robots":{"index":"index","follow":"follow","max-snippet":"max-snippet:-1","max-image-preview":"max-image-preview:large","max-video-preview":"max-video-preview:-1"},"canonical":"https:\/\/multi-gyn.com\/se\/faq\/","og_locale":"sv_SE","og_type":"article","og_title":"FAQ - Multi-Gyn","og_description":"Vanliga fr\u00e5gor: Vad \u00e4r bakteriell vaginos? Vad \u00e4r vaginal svampinfektion? Varf\u00f6r \u00e4r min vagina torr?","og_url":"https:\/\/multi-gyn.com\/se\/faq\/","og_site_name":"Multi-Gyn","article_modified_time":"2025-10-09T14:14:06+00:00","twitter_card":"summary_large_image","twitter_misc":{"Ber\u00e4knad l\u00e4stid":"2 minuter"},"schema":{"@context":"https:\/\/schema.org","@graph":[{"@type":"WebPage","@id":"https:\/\/multi-gyn.com\/se\/faq\/","url":"https:\/\/multi-gyn.com\/se\/faq\/","name":"FAQ - Multi-Gyn","isPartOf":{"@id":"https:\/\/multi-gyn.com\/se\/#website"},"datePublished":"2022-08-26T13:16:58+00:00","dateModified":"2025-10-09T14:14:06+00:00","description":"Vanliga fr\u00e5gor: Vad \u00e4r bakteriell vaginos? Vad \u00e4r vaginal svampinfektion? Varf\u00f6r \u00e4r min vagina torr?","breadcrumb":{"@id":"https:\/\/multi-gyn.com\/se\/faq\/#breadcrumb"},"inLanguage":"sv-SE","potentialAction":[{"@type":"ReadAction","target":["https:\/\/multi-gyn.com\/se\/faq\/"]}]},{"@type":"BreadcrumbList","@id":"https:\/\/multi-gyn.com\/se\/faq\/#breadcrumb","itemListElement":[{"@type":"ListItem","position":1,"name":"Home","item":"https:\/\/multi-gyn.com\/se\/"},{"@type":"ListItem","position":2,"name":"FAQ"}]},{"@type":"WebSite","@id":"https:\/\/multi-gyn.com\/se\/#website","url":"https:\/\/multi-gyn.com\/se\/","name":"Multi-Gyn","description":"","publisher":{"@id":"https:\/\/multi-gyn.com\/se\/#organization"},"potentialAction":[{"@type":"SearchAction","target":{"@type":"EntryPoint","urlTemplate":"https:\/\/multi-gyn.com\/se\/?s={search_term_string}"},"query-input":{"@type":"PropertyValueSpecification","valueRequired":true,"valueName":"search_term_string"}}],"inLanguage":"sv-SE"},{"@type":"Organization","@id":"https:\/\/multi-gyn.com\/se\/#organization","name":"Multi-Gyn","url":"https:\/\/multi-gyn.com\/se\/","logo":{"@type":"ImageObject","inLanguage":"sv-SE","@id":"https:\/\/multi-gyn.com\/se\/#\/schema\/logo\/image\/","url":"https:\/\/multi-gyn.com\/app\/uploads\/sites\/18\/2022\/08\/multi-gyn-logo.png","contentUrl":"https:\/\/multi-gyn.com\/app\/uploads\/sites\/18\/2022\/08\/multi-gyn-logo.png","width":149,"height":32,"caption":"Multi-Gyn"},"image":{"@id":"https:\/\/multi-gyn.com\/se\/#\/schema\/logo\/image\/"}}]}},"_links":{"self":[{"href":"https:\/\/multi-gyn.com\/se\/wp-json\/wp\/v2\/pages\/50","targetHints":{"allow":["GET"]}}],"collection":[{"href":"https:\/\/multi-gyn.com\/se\/wp-json\/wp\/v2\/pages"}],"about":[{"href":"https:\/\/multi-gyn.com\/se\/wp-json\/wp\/v2\/types\/page"}],"author":[{"embeddable":true,"href":"https:\/\/multi-gyn.com\/se\/wp-json\/wp\/v2\/users\/2"}],"replies":[{"embeddable":true,"href":"https:\/\/multi-gyn.com\/se\/wp-json\/wp\/v2\/comments?post=50"}],"version-history":[{"count":3,"href":"https:\/\/multi-gyn.com\/se\/wp-json\/wp\/v2\/pages\/50\/revisions"}],"predecessor-version":[{"id":369,"href":"https:\/\/multi-gyn.com\/se\/wp-json\/wp\/v2\/pages\/50\/revisions\/369"}],"wp:attachment":[{"href":"https:\/\/multi-gyn.com\/se\/wp-json\/wp\/v2\/media?parent=50"}],"wp:term":[{"taxonomy":"from-article-database","embeddable":true,"href":"https:\/\/multi-gyn.com\/se\/wp-json\/wp\/v2\/from-article-database?post=50"}],"curies":[{"name":"wp","href":"https:\/\/api.w.org\/{rel}","templated":true}]}}