{"id":103,"date":"2022-08-30T07:59:51","date_gmt":"2022-08-30T05:59:51","guid":{"rendered":"https:\/\/multi-gyn.com\/rebrand-se\/?post_type=product&#038;p=103"},"modified":"2025-09-08T15:04:15","modified_gmt":"2025-09-08T13:04:15","slug":"multi-gyn-calmingcream","status":"publish","type":"product","link":"https:\/\/multi-gyn.com\/se\/produkt\/multi-gyn-calmingcream\/","title":{"rendered":"Multi-Gyn CalmingCream"},"content":{"rendered":"\n<div class=\"wp-block-karopharma-accordions is-style-secondary\"><div class=\"container\">\n<details class=\"wp-block-karopharma-accordion\"><summary><h2 class=\"accordion-title\">Hur ofta kan jag anv\u00e4nda Multi-Gyn CalmingCream?<\/h2><\/summary><div class=\"accordion-content\">\n<p>Produkten \u00e4r l\u00e4mpad f\u00f6r daglig anv\u00e4ndning. Kan d\u00e4rf\u00f6r appliceras n\u00e4r lugnande \u00f6nskas.<\/p>\n<\/div><\/details>\n\n\n\n<details class=\"wp-block-karopharma-accordion\"><summary><h2 class=\"accordion-title\">Kan jag anv\u00e4nda Multi-Gyn CalmingCream inuti slidan?<\/h2><\/summary><div class=\"accordion-content\">\n<p>Nej, CalmingCream \u00e4r l\u00e4mpad f\u00f6r anv\u00e4ndning i det yttre intimomr\u00e5det.<\/p>\n<\/div><\/details>\n\n\n\n<details class=\"wp-block-karopharma-accordion\"><summary><h2 class=\"accordion-title\">Kan jag anv\u00e4nda Multi-Gyn CalmingCream n\u00e4r jag har bakteriell vaginos eller vaginal svamp?<\/h2><\/summary><div class=\"accordion-content\">\n<p>Multi-Gyn CalmingCream behandlar inte bakteriell vaginos eller vaginal svamp. Men produkten kan anv\u00e4ndas i kombination med Multi-Gyn ActiGel (behandling av bakteriell vaginos) eller Multi-Gyn FloraPlus (behandling av vaginal svamp) f\u00f6r att lugna och skydda den irriterade och\/eller torra huden i det intima omr\u00e5det.<\/p>\n<\/div><\/details>\n\n\n\n<details class=\"wp-block-karopharma-accordion\"><summary><h2 class=\"accordion-title\">Hur anv\u00e4nder jag Multi-Gyn CalmingCream?<\/h2><\/summary><div class=\"accordion-content\">\n<p>Multi-Gyn CalmingCream \u00e4r framtagen f\u00f6r anv\u00e4ndning i de yttre delarna av intimomr\u00e5det, strax utanf\u00f6r slidan och runt anus. Applicera ett tunt lager kr\u00e4m p\u00e5 den intima huden en g\u00e5ng om dagen eller vid behov. M\u00e4ngd f\u00f6r att t\u00e4cka fingertoppen brukar vara tillr\u00e4ckligt. L\u00e4mplig f\u00f6r daglig anv\u00e4ndning. F\u00f6rvara vid 10-25C.<\/p>\n<\/div><\/details>\n\n\n\n<details class=\"wp-block-karopharma-accordion\"><summary><h2 class=\"accordion-title\">Hur l\u00e4nge kan jag anv\u00e4nda Multi-Gyn CalmingCream efter att ha \u00f6ppnat tuben?<\/h2><\/summary><div class=\"accordion-content\">\n<p>Du kan anv\u00e4nda Multi-Gyn CalmingCream upp till det utg\u00e5ngsdatum som \u00e4r tryckt p\u00e5 botten av f\u00f6rpackningen och toppen av tuben.<\/p>\n<\/div><\/details>\n<\/div><\/div>\n","protected":false},"excerpt":{"rendered":"","protected":false},"featured_media":359,"comment_status":"closed","ping_status":"closed","template":"","meta":{"_acf_changed":false,"footnotes":""},"product_brand":[],"product_cat":[18],"product_tag":[],"class_list":{"0":"post-103","1":"product","2":"type-product","3":"status-publish","4":"has-post-thumbnail","6":"product_cat-hygien-och-vard","8":"first","9":"instock","10":"shipping-taxable","11":"product-type-simple"},"acf":[],"yoast_head":"<!-- This site is optimized with the Yoast SEO plugin v26.6 - https:\/\/yoast.com\/wordpress\/plugins\/seo\/ -->\n<title>Multi-Gyn CalmingCream - Multi-Gyn<\/title>\n<meta name=\"description\" content=\"Multi-Gyn CalmingCream har speciellt utvecklats f\u00f6r att \u00e5terfukta, lugna och skydda huden p\u00e5 det yttre intimomr\u00e5det.\" \/>\n<meta name=\"robots\" content=\"index, follow, max-snippet:-1, max-image-preview:large, max-video-preview:-1\" \/>\n<link rel=\"canonical\" href=\"https:\/\/multi-gyn.com\/se\/produkt\/multi-gyn-calmingcream\/\" \/>\n<meta property=\"og:locale\" content=\"sv_SE\" \/>\n<meta property=\"og:type\" content=\"article\" \/>\n<meta property=\"og:title\" content=\"Multi-Gyn CalmingCream - Multi-Gyn\" \/>\n<meta property=\"og:description\" content=\"Multi-Gyn CalmingCream har speciellt utvecklats f\u00f6r att \u00e5terfukta, lugna och skydda huden p\u00e5 det yttre intimomr\u00e5det.\" \/>\n<meta property=\"og:url\" content=\"https:\/\/multi-gyn.com\/se\/produkt\/multi-gyn-calmingcream\/\" \/>\n<meta property=\"og:site_name\" content=\"Multi-Gyn\" \/>\n<meta property=\"article:modified_time\" content=\"2025-09-08T13:04:15+00:00\" \/>\n<meta property=\"og:image\" content=\"https:\/\/multi-gyn.com\/app\/uploads\/sites\/18\/2022\/08\/Multi-Gyn-CalmingCream.png\" \/>\n\t<meta property=\"og:image:width\" content=\"714\" \/>\n\t<meta property=\"og:image:height\" content=\"714\" \/>\n\t<meta property=\"og:image:type\" content=\"image\/png\" \/>\n<meta name=\"twitter:card\" content=\"summary_large_image\" \/>\n<meta name=\"twitter:label1\" content=\"Ber\u00e4knad l\u00e4stid\" \/>\n\t<meta name=\"twitter:data1\" content=\"2 minuter\" \/>\n<script type=\"application\/ld+json\" class=\"yoast-schema-graph\">{\"@context\":\"https:\/\/schema.org\",\"@graph\":[{\"@type\":\"WebPage\",\"@id\":\"https:\/\/multi-gyn.com\/se\/produkt\/multi-gyn-calmingcream\/\",\"url\":\"https:\/\/multi-gyn.com\/se\/produkt\/multi-gyn-calmingcream\/\",\"name\":\"Multi-Gyn CalmingCream - Multi-Gyn\",\"isPartOf\":{\"@id\":\"https:\/\/multi-gyn.com\/se\/#website\"},\"primaryImageOfPage\":{\"@id\":\"https:\/\/multi-gyn.com\/se\/produkt\/multi-gyn-calmingcream\/#primaryimage\"},\"image\":{\"@id\":\"https:\/\/multi-gyn.com\/se\/produkt\/multi-gyn-calmingcream\/#primaryimage\"},\"thumbnailUrl\":\"https:\/\/multi-gyn.com\/app\/uploads\/sites\/18\/2022\/08\/Multi-Gyn-CalmingCream.png\",\"datePublished\":\"2022-08-30T05:59:51+00:00\",\"dateModified\":\"2025-09-08T13:04:15+00:00\",\"description\":\"Multi-Gyn CalmingCream har speciellt utvecklats f\u00f6r att \u00e5terfukta, lugna och skydda huden p\u00e5 det yttre intimomr\u00e5det.\",\"breadcrumb\":{\"@id\":\"https:\/\/multi-gyn.com\/se\/produkt\/multi-gyn-calmingcream\/#breadcrumb\"},\"inLanguage\":\"sv-SE\",\"potentialAction\":[{\"@type\":\"ReadAction\",\"target\":[\"https:\/\/multi-gyn.com\/se\/produkt\/multi-gyn-calmingcream\/\"]}]},{\"@type\":\"ImageObject\",\"inLanguage\":\"sv-SE\",\"@id\":\"https:\/\/multi-gyn.com\/se\/produkt\/multi-gyn-calmingcream\/#primaryimage\",\"url\":\"https:\/\/multi-gyn.com\/app\/uploads\/sites\/18\/2022\/08\/Multi-Gyn-CalmingCream.png\",\"contentUrl\":\"https:\/\/multi-gyn.com\/app\/uploads\/sites\/18\/2022\/08\/Multi-Gyn-CalmingCream.png\",\"width\":714,\"height\":714,\"caption\":\"Multi-Gyn-CalmingCream\"},{\"@type\":\"BreadcrumbList\",\"@id\":\"https:\/\/multi-gyn.com\/se\/produkt\/multi-gyn-calmingcream\/#breadcrumb\",\"itemListElement\":[{\"@type\":\"ListItem\",\"position\":1,\"name\":\"Home\",\"item\":\"https:\/\/multi-gyn.com\/se\/\"},{\"@type\":\"ListItem\",\"position\":2,\"name\":\"Produkter\",\"item\":\"https:\/\/multi-gyn.com\/se\/produkter\/\"},{\"@type\":\"ListItem\",\"position\":3,\"name\":\"Multi-Gyn CalmingCream\"}]},{\"@type\":\"WebSite\",\"@id\":\"https:\/\/multi-gyn.com\/se\/#website\",\"url\":\"https:\/\/multi-gyn.com\/se\/\",\"name\":\"Multi-Gyn\",\"description\":\"\",\"publisher\":{\"@id\":\"https:\/\/multi-gyn.com\/se\/#organization\"},\"potentialAction\":[{\"@type\":\"SearchAction\",\"target\":{\"@type\":\"EntryPoint\",\"urlTemplate\":\"https:\/\/multi-gyn.com\/se\/?s={search_term_string}\"},\"query-input\":{\"@type\":\"PropertyValueSpecification\",\"valueRequired\":true,\"valueName\":\"search_term_string\"}}],\"inLanguage\":\"sv-SE\"},{\"@type\":\"Organization\",\"@id\":\"https:\/\/multi-gyn.com\/se\/#organization\",\"name\":\"Multi-Gyn\",\"url\":\"https:\/\/multi-gyn.com\/se\/\",\"logo\":{\"@type\":\"ImageObject\",\"inLanguage\":\"sv-SE\",\"@id\":\"https:\/\/multi-gyn.com\/se\/#\/schema\/logo\/image\/\",\"url\":\"https:\/\/multi-gyn.com\/app\/uploads\/sites\/18\/2022\/08\/multi-gyn-logo.png\",\"contentUrl\":\"https:\/\/multi-gyn.com\/app\/uploads\/sites\/18\/2022\/08\/multi-gyn-logo.png\",\"width\":149,\"height\":32,\"caption\":\"Multi-Gyn\"},\"image\":{\"@id\":\"https:\/\/multi-gyn.com\/se\/#\/schema\/logo\/image\/\"}}]}<\/script>\n<!-- \/ Yoast SEO plugin. -->","yoast_head_json":{"title":"Multi-Gyn CalmingCream - Multi-Gyn","description":"Multi-Gyn CalmingCream har speciellt utvecklats f\u00f6r att \u00e5terfukta, lugna och skydda huden p\u00e5 det yttre intimomr\u00e5det.","robots":{"index":"index","follow":"follow","max-snippet":"max-snippet:-1","max-image-preview":"max-image-preview:large","max-video-preview":"max-video-preview:-1"},"canonical":"https:\/\/multi-gyn.com\/se\/produkt\/multi-gyn-calmingcream\/","og_locale":"sv_SE","og_type":"article","og_title":"Multi-Gyn CalmingCream - Multi-Gyn","og_description":"Multi-Gyn CalmingCream har speciellt utvecklats f\u00f6r att \u00e5terfukta, lugna och skydda huden p\u00e5 det yttre intimomr\u00e5det.","og_url":"https:\/\/multi-gyn.com\/se\/produkt\/multi-gyn-calmingcream\/","og_site_name":"Multi-Gyn","article_modified_time":"2025-09-08T13:04:15+00:00","og_image":[{"width":714,"height":714,"url":"https:\/\/multi-gyn.com\/app\/uploads\/sites\/18\/2022\/08\/Multi-Gyn-CalmingCream.png","type":"image\/png"}],"twitter_card":"summary_large_image","twitter_misc":{"Ber\u00e4knad l\u00e4stid":"2 minuter"},"schema":{"@context":"https:\/\/schema.org","@graph":[{"@type":"WebPage","@id":"https:\/\/multi-gyn.com\/se\/produkt\/multi-gyn-calmingcream\/","url":"https:\/\/multi-gyn.com\/se\/produkt\/multi-gyn-calmingcream\/","name":"Multi-Gyn CalmingCream - Multi-Gyn","isPartOf":{"@id":"https:\/\/multi-gyn.com\/se\/#website"},"primaryImageOfPage":{"@id":"https:\/\/multi-gyn.com\/se\/produkt\/multi-gyn-calmingcream\/#primaryimage"},"image":{"@id":"https:\/\/multi-gyn.com\/se\/produkt\/multi-gyn-calmingcream\/#primaryimage"},"thumbnailUrl":"https:\/\/multi-gyn.com\/app\/uploads\/sites\/18\/2022\/08\/Multi-Gyn-CalmingCream.png","datePublished":"2022-08-30T05:59:51+00:00","dateModified":"2025-09-08T13:04:15+00:00","description":"Multi-Gyn CalmingCream har speciellt utvecklats f\u00f6r att \u00e5terfukta, lugna och skydda huden p\u00e5 det yttre intimomr\u00e5det.","breadcrumb":{"@id":"https:\/\/multi-gyn.com\/se\/produkt\/multi-gyn-calmingcream\/#breadcrumb"},"inLanguage":"sv-SE","potentialAction":[{"@type":"ReadAction","target":["https:\/\/multi-gyn.com\/se\/produkt\/multi-gyn-calmingcream\/"]}]},{"@type":"ImageObject","inLanguage":"sv-SE","@id":"https:\/\/multi-gyn.com\/se\/produkt\/multi-gyn-calmingcream\/#primaryimage","url":"https:\/\/multi-gyn.com\/app\/uploads\/sites\/18\/2022\/08\/Multi-Gyn-CalmingCream.png","contentUrl":"https:\/\/multi-gyn.com\/app\/uploads\/sites\/18\/2022\/08\/Multi-Gyn-CalmingCream.png","width":714,"height":714,"caption":"Multi-Gyn-CalmingCream"},{"@type":"BreadcrumbList","@id":"https:\/\/multi-gyn.com\/se\/produkt\/multi-gyn-calmingcream\/#breadcrumb","itemListElement":[{"@type":"ListItem","position":1,"name":"Home","item":"https:\/\/multi-gyn.com\/se\/"},{"@type":"ListItem","position":2,"name":"Produkter","item":"https:\/\/multi-gyn.com\/se\/produkter\/"},{"@type":"ListItem","position":3,"name":"Multi-Gyn CalmingCream"}]},{"@type":"WebSite","@id":"https:\/\/multi-gyn.com\/se\/#website","url":"https:\/\/multi-gyn.com\/se\/","name":"Multi-Gyn","description":"","publisher":{"@id":"https:\/\/multi-gyn.com\/se\/#organization"},"potentialAction":[{"@type":"SearchAction","target":{"@type":"EntryPoint","urlTemplate":"https:\/\/multi-gyn.com\/se\/?s={search_term_string}"},"query-input":{"@type":"PropertyValueSpecification","valueRequired":true,"valueName":"search_term_string"}}],"inLanguage":"sv-SE"},{"@type":"Organization","@id":"https:\/\/multi-gyn.com\/se\/#organization","name":"Multi-Gyn","url":"https:\/\/multi-gyn.com\/se\/","logo":{"@type":"ImageObject","inLanguage":"sv-SE","@id":"https:\/\/multi-gyn.com\/se\/#\/schema\/logo\/image\/","url":"https:\/\/multi-gyn.com\/app\/uploads\/sites\/18\/2022\/08\/multi-gyn-logo.png","contentUrl":"https:\/\/multi-gyn.com\/app\/uploads\/sites\/18\/2022\/08\/multi-gyn-logo.png","width":149,"height":32,"caption":"Multi-Gyn"},"image":{"@id":"https:\/\/multi-gyn.com\/se\/#\/schema\/logo\/image\/"}}]}},"_links":{"self":[{"href":"https:\/\/multi-gyn.com\/se\/wp-json\/wp\/v2\/product\/103","targetHints":{"allow":["GET"]}}],"collection":[{"href":"https:\/\/multi-gyn.com\/se\/wp-json\/wp\/v2\/product"}],"about":[{"href":"https:\/\/multi-gyn.com\/se\/wp-json\/wp\/v2\/types\/product"}],"replies":[{"embeddable":true,"href":"https:\/\/multi-gyn.com\/se\/wp-json\/wp\/v2\/comments?post=103"}],"version-history":[{"count":3,"href":"https:\/\/multi-gyn.com\/se\/wp-json\/wp\/v2\/product\/103\/revisions"}],"predecessor-version":[{"id":209,"href":"https:\/\/multi-gyn.com\/se\/wp-json\/wp\/v2\/product\/103\/revisions\/209"}],"wp:featuredmedia":[{"embeddable":true,"href":"https:\/\/multi-gyn.com\/se\/wp-json\/wp\/v2\/media\/359"}],"wp:attachment":[{"href":"https:\/\/multi-gyn.com\/se\/wp-json\/wp\/v2\/media?parent=103"}],"wp:term":[{"taxonomy":"product_brand","embeddable":true,"href":"https:\/\/multi-gyn.com\/se\/wp-json\/wp\/v2\/product_brand?post=103"},{"taxonomy":"product_cat","embeddable":true,"href":"https:\/\/multi-gyn.com\/se\/wp-json\/wp\/v2\/product_cat?post=103"},{"taxonomy":"product_tag","embeddable":true,"href":"https:\/\/multi-gyn.com\/se\/wp-json\/wp\/v2\/product_tag?post=103"}],"curies":[{"name":"wp","href":"https:\/\/api.w.org\/{rel}","templated":true}]}}