{"id":107,"date":"2022-08-30T08:11:14","date_gmt":"2022-08-30T06:11:14","guid":{"rendered":"https:\/\/multi-gyn.com\/rebrand-se\/?post_type=product&#038;p=107"},"modified":"2025-09-08T15:38:33","modified_gmt":"2025-09-08T13:38:33","slug":"multi-gyn-liquigel","status":"publish","type":"product","link":"https:\/\/multi-gyn.com\/se\/produkt\/multi-gyn-liquigel\/","title":{"rendered":"Multi-Gyn LiquiGel"},"content":{"rendered":"\n<div class=\"wp-block-karopharma-accordions is-style-secondary\"><div class=\"container\">\n<details class=\"wp-block-karopharma-accordion\"><summary><h2 class=\"accordion-title\">Hur ofta beh\u00f6ver jag anv\u00e4nda Multi-Gyn LiquiGel?<\/h2><\/summary><div class=\"accordion-content\">\n<p>Applicera Multi-Gyn LiquiGel minst en g\u00e5ng om dagen eller n\u00e4r lindring \u00f6nskas.<\/p>\n<\/div><\/details>\n\n\n\n<details class=\"wp-block-karopharma-accordion\"><summary><h2 class=\"accordion-title\">Kan jag anv\u00e4nda Multi-Gyn LiquiGel under klimakteriet?<\/h2><\/summary><div class=\"accordion-content\">\n<p>Ja, Multi-Gyn LiquiGel \u00e4r avsedd f\u00f6r varje kvinna som upplever vaginal torrhet. Vaginal torrhet kan uppst\u00e5 av olika anledningar, s\u00e5som hormonella f\u00f6r\u00e4ndringar, l\u00e4kemedelsanv\u00e4ndning, kronisk sjukdom, menstruation, efter f\u00f6rlossning, efter anv\u00e4ndning av tamponger etc.<\/p>\n<\/div><\/details>\n\n\n\n<details class=\"wp-block-karopharma-accordion\"><summary><h2 class=\"accordion-title\">Kan jag anv\u00e4nda Multi-Gyn LiquiGel som glidmedel?<\/h2><\/summary><div class=\"accordion-content\">\n<p>Du kan anv\u00e4nda Multi-Gyn LiquiGel som glidmedel, men det \u00e4r avsett som en produkt f\u00f6r kvinnor som upplever vaginal torrhet p\u00e5 grund av hormonella f\u00f6r\u00e4ndringar eller kronisk anv\u00e4ndning av l\u00e4kemedel. Det finns dock ingen skada att anv\u00e4nda det som glidmedel. N\u00e4r du anv\u00e4nder kondom, anv\u00e4nd endast latexfria polyisoprenkondomer.<\/p>\n<\/div><\/details>\n<\/div><\/div>\n","protected":false},"excerpt":{"rendered":"","protected":false},"featured_media":363,"comment_status":"closed","ping_status":"closed","template":"","meta":{"_acf_changed":false,"footnotes":""},"product_brand":[],"product_cat":[19],"product_tag":[],"class_list":{"0":"post-107","1":"product","2":"type-product","3":"status-publish","4":"has-post-thumbnail","6":"product_cat-behandling","8":"first","9":"instock","10":"shipping-taxable","11":"product-type-simple"},"acf":[],"yoast_head":"<!-- This site is optimized with the Yoast SEO plugin v26.6 - https:\/\/yoast.com\/wordpress\/plugins\/seo\/ -->\n<title>Multi-Gyn LiquiGel - Multi-Gyn<\/title>\n<meta name=\"description\" content=\"Multi-Gyn LiquiGel behandlar och lindrar omedelbart irritationer och besv\u00e4r relaterade till vaginal torrhet.\" \/>\n<meta name=\"robots\" content=\"index, follow, max-snippet:-1, max-image-preview:large, max-video-preview:-1\" \/>\n<link rel=\"canonical\" href=\"https:\/\/multi-gyn.com\/se\/produkt\/multi-gyn-liquigel\/\" \/>\n<meta property=\"og:locale\" content=\"sv_SE\" \/>\n<meta property=\"og:type\" content=\"article\" \/>\n<meta property=\"og:title\" content=\"Multi-Gyn LiquiGel - Multi-Gyn\" \/>\n<meta property=\"og:description\" content=\"Multi-Gyn LiquiGel behandlar och lindrar omedelbart irritationer och besv\u00e4r relaterade till vaginal torrhet.\" \/>\n<meta property=\"og:url\" content=\"https:\/\/multi-gyn.com\/se\/produkt\/multi-gyn-liquigel\/\" \/>\n<meta property=\"og:site_name\" content=\"Multi-Gyn\" \/>\n<meta property=\"article:modified_time\" content=\"2025-09-08T13:38:33+00:00\" \/>\n<meta property=\"og:image\" content=\"https:\/\/multi-gyn.com\/app\/uploads\/sites\/18\/2022\/08\/Multi-Gyn-LiquiGel.png\" \/>\n\t<meta property=\"og:image:width\" content=\"725\" \/>\n\t<meta property=\"og:image:height\" content=\"725\" \/>\n\t<meta property=\"og:image:type\" content=\"image\/png\" \/>\n<meta name=\"twitter:card\" content=\"summary_large_image\" \/>\n<meta name=\"twitter:label1\" content=\"Ber\u00e4knad l\u00e4stid\" \/>\n\t<meta name=\"twitter:data1\" content=\"1 minut\" \/>\n<script type=\"application\/ld+json\" class=\"yoast-schema-graph\">{\"@context\":\"https:\/\/schema.org\",\"@graph\":[{\"@type\":\"WebPage\",\"@id\":\"https:\/\/multi-gyn.com\/se\/produkt\/multi-gyn-liquigel\/\",\"url\":\"https:\/\/multi-gyn.com\/se\/produkt\/multi-gyn-liquigel\/\",\"name\":\"Multi-Gyn LiquiGel - Multi-Gyn\",\"isPartOf\":{\"@id\":\"https:\/\/multi-gyn.com\/se\/#website\"},\"primaryImageOfPage\":{\"@id\":\"https:\/\/multi-gyn.com\/se\/produkt\/multi-gyn-liquigel\/#primaryimage\"},\"image\":{\"@id\":\"https:\/\/multi-gyn.com\/se\/produkt\/multi-gyn-liquigel\/#primaryimage\"},\"thumbnailUrl\":\"https:\/\/multi-gyn.com\/app\/uploads\/sites\/18\/2022\/08\/Multi-Gyn-LiquiGel.png\",\"datePublished\":\"2022-08-30T06:11:14+00:00\",\"dateModified\":\"2025-09-08T13:38:33+00:00\",\"description\":\"Multi-Gyn LiquiGel behandlar och lindrar omedelbart irritationer och besv\u00e4r relaterade till vaginal torrhet.\",\"breadcrumb\":{\"@id\":\"https:\/\/multi-gyn.com\/se\/produkt\/multi-gyn-liquigel\/#breadcrumb\"},\"inLanguage\":\"sv-SE\",\"potentialAction\":[{\"@type\":\"ReadAction\",\"target\":[\"https:\/\/multi-gyn.com\/se\/produkt\/multi-gyn-liquigel\/\"]}]},{\"@type\":\"ImageObject\",\"inLanguage\":\"sv-SE\",\"@id\":\"https:\/\/multi-gyn.com\/se\/produkt\/multi-gyn-liquigel\/#primaryimage\",\"url\":\"https:\/\/multi-gyn.com\/app\/uploads\/sites\/18\/2022\/08\/Multi-Gyn-LiquiGel.png\",\"contentUrl\":\"https:\/\/multi-gyn.com\/app\/uploads\/sites\/18\/2022\/08\/Multi-Gyn-LiquiGel.png\",\"width\":725,\"height\":725,\"caption\":\"Multi-Gyn-LiquiGel\"},{\"@type\":\"BreadcrumbList\",\"@id\":\"https:\/\/multi-gyn.com\/se\/produkt\/multi-gyn-liquigel\/#breadcrumb\",\"itemListElement\":[{\"@type\":\"ListItem\",\"position\":1,\"name\":\"Home\",\"item\":\"https:\/\/multi-gyn.com\/se\/\"},{\"@type\":\"ListItem\",\"position\":2,\"name\":\"Produkter\",\"item\":\"https:\/\/multi-gyn.com\/se\/produkter\/\"},{\"@type\":\"ListItem\",\"position\":3,\"name\":\"Multi-Gyn LiquiGel\"}]},{\"@type\":\"WebSite\",\"@id\":\"https:\/\/multi-gyn.com\/se\/#website\",\"url\":\"https:\/\/multi-gyn.com\/se\/\",\"name\":\"Multi-Gyn\",\"description\":\"\",\"publisher\":{\"@id\":\"https:\/\/multi-gyn.com\/se\/#organization\"},\"potentialAction\":[{\"@type\":\"SearchAction\",\"target\":{\"@type\":\"EntryPoint\",\"urlTemplate\":\"https:\/\/multi-gyn.com\/se\/?s={search_term_string}\"},\"query-input\":{\"@type\":\"PropertyValueSpecification\",\"valueRequired\":true,\"valueName\":\"search_term_string\"}}],\"inLanguage\":\"sv-SE\"},{\"@type\":\"Organization\",\"@id\":\"https:\/\/multi-gyn.com\/se\/#organization\",\"name\":\"Multi-Gyn\",\"url\":\"https:\/\/multi-gyn.com\/se\/\",\"logo\":{\"@type\":\"ImageObject\",\"inLanguage\":\"sv-SE\",\"@id\":\"https:\/\/multi-gyn.com\/se\/#\/schema\/logo\/image\/\",\"url\":\"https:\/\/multi-gyn.com\/app\/uploads\/sites\/18\/2022\/08\/multi-gyn-logo.png\",\"contentUrl\":\"https:\/\/multi-gyn.com\/app\/uploads\/sites\/18\/2022\/08\/multi-gyn-logo.png\",\"width\":149,\"height\":32,\"caption\":\"Multi-Gyn\"},\"image\":{\"@id\":\"https:\/\/multi-gyn.com\/se\/#\/schema\/logo\/image\/\"}}]}<\/script>\n<!-- \/ Yoast SEO plugin. -->","yoast_head_json":{"title":"Multi-Gyn LiquiGel - Multi-Gyn","description":"Multi-Gyn LiquiGel behandlar och lindrar omedelbart irritationer och besv\u00e4r relaterade till vaginal torrhet.","robots":{"index":"index","follow":"follow","max-snippet":"max-snippet:-1","max-image-preview":"max-image-preview:large","max-video-preview":"max-video-preview:-1"},"canonical":"https:\/\/multi-gyn.com\/se\/produkt\/multi-gyn-liquigel\/","og_locale":"sv_SE","og_type":"article","og_title":"Multi-Gyn LiquiGel - Multi-Gyn","og_description":"Multi-Gyn LiquiGel behandlar och lindrar omedelbart irritationer och besv\u00e4r relaterade till vaginal torrhet.","og_url":"https:\/\/multi-gyn.com\/se\/produkt\/multi-gyn-liquigel\/","og_site_name":"Multi-Gyn","article_modified_time":"2025-09-08T13:38:33+00:00","og_image":[{"width":725,"height":725,"url":"https:\/\/multi-gyn.com\/app\/uploads\/sites\/18\/2022\/08\/Multi-Gyn-LiquiGel.png","type":"image\/png"}],"twitter_card":"summary_large_image","twitter_misc":{"Ber\u00e4knad l\u00e4stid":"1 minut"},"schema":{"@context":"https:\/\/schema.org","@graph":[{"@type":"WebPage","@id":"https:\/\/multi-gyn.com\/se\/produkt\/multi-gyn-liquigel\/","url":"https:\/\/multi-gyn.com\/se\/produkt\/multi-gyn-liquigel\/","name":"Multi-Gyn LiquiGel - Multi-Gyn","isPartOf":{"@id":"https:\/\/multi-gyn.com\/se\/#website"},"primaryImageOfPage":{"@id":"https:\/\/multi-gyn.com\/se\/produkt\/multi-gyn-liquigel\/#primaryimage"},"image":{"@id":"https:\/\/multi-gyn.com\/se\/produkt\/multi-gyn-liquigel\/#primaryimage"},"thumbnailUrl":"https:\/\/multi-gyn.com\/app\/uploads\/sites\/18\/2022\/08\/Multi-Gyn-LiquiGel.png","datePublished":"2022-08-30T06:11:14+00:00","dateModified":"2025-09-08T13:38:33+00:00","description":"Multi-Gyn LiquiGel behandlar och lindrar omedelbart irritationer och besv\u00e4r relaterade till vaginal torrhet.","breadcrumb":{"@id":"https:\/\/multi-gyn.com\/se\/produkt\/multi-gyn-liquigel\/#breadcrumb"},"inLanguage":"sv-SE","potentialAction":[{"@type":"ReadAction","target":["https:\/\/multi-gyn.com\/se\/produkt\/multi-gyn-liquigel\/"]}]},{"@type":"ImageObject","inLanguage":"sv-SE","@id":"https:\/\/multi-gyn.com\/se\/produkt\/multi-gyn-liquigel\/#primaryimage","url":"https:\/\/multi-gyn.com\/app\/uploads\/sites\/18\/2022\/08\/Multi-Gyn-LiquiGel.png","contentUrl":"https:\/\/multi-gyn.com\/app\/uploads\/sites\/18\/2022\/08\/Multi-Gyn-LiquiGel.png","width":725,"height":725,"caption":"Multi-Gyn-LiquiGel"},{"@type":"BreadcrumbList","@id":"https:\/\/multi-gyn.com\/se\/produkt\/multi-gyn-liquigel\/#breadcrumb","itemListElement":[{"@type":"ListItem","position":1,"name":"Home","item":"https:\/\/multi-gyn.com\/se\/"},{"@type":"ListItem","position":2,"name":"Produkter","item":"https:\/\/multi-gyn.com\/se\/produkter\/"},{"@type":"ListItem","position":3,"name":"Multi-Gyn LiquiGel"}]},{"@type":"WebSite","@id":"https:\/\/multi-gyn.com\/se\/#website","url":"https:\/\/multi-gyn.com\/se\/","name":"Multi-Gyn","description":"","publisher":{"@id":"https:\/\/multi-gyn.com\/se\/#organization"},"potentialAction":[{"@type":"SearchAction","target":{"@type":"EntryPoint","urlTemplate":"https:\/\/multi-gyn.com\/se\/?s={search_term_string}"},"query-input":{"@type":"PropertyValueSpecification","valueRequired":true,"valueName":"search_term_string"}}],"inLanguage":"sv-SE"},{"@type":"Organization","@id":"https:\/\/multi-gyn.com\/se\/#organization","name":"Multi-Gyn","url":"https:\/\/multi-gyn.com\/se\/","logo":{"@type":"ImageObject","inLanguage":"sv-SE","@id":"https:\/\/multi-gyn.com\/se\/#\/schema\/logo\/image\/","url":"https:\/\/multi-gyn.com\/app\/uploads\/sites\/18\/2022\/08\/multi-gyn-logo.png","contentUrl":"https:\/\/multi-gyn.com\/app\/uploads\/sites\/18\/2022\/08\/multi-gyn-logo.png","width":149,"height":32,"caption":"Multi-Gyn"},"image":{"@id":"https:\/\/multi-gyn.com\/se\/#\/schema\/logo\/image\/"}}]}},"_links":{"self":[{"href":"https:\/\/multi-gyn.com\/se\/wp-json\/wp\/v2\/product\/107","targetHints":{"allow":["GET"]}}],"collection":[{"href":"https:\/\/multi-gyn.com\/se\/wp-json\/wp\/v2\/product"}],"about":[{"href":"https:\/\/multi-gyn.com\/se\/wp-json\/wp\/v2\/types\/product"}],"replies":[{"embeddable":true,"href":"https:\/\/multi-gyn.com\/se\/wp-json\/wp\/v2\/comments?post=107"}],"version-history":[{"count":9,"href":"https:\/\/multi-gyn.com\/se\/wp-json\/wp\/v2\/product\/107\/revisions"}],"predecessor-version":[{"id":365,"href":"https:\/\/multi-gyn.com\/se\/wp-json\/wp\/v2\/product\/107\/revisions\/365"}],"wp:featuredmedia":[{"embeddable":true,"href":"https:\/\/multi-gyn.com\/se\/wp-json\/wp\/v2\/media\/363"}],"wp:attachment":[{"href":"https:\/\/multi-gyn.com\/se\/wp-json\/wp\/v2\/media?parent=107"}],"wp:term":[{"taxonomy":"product_brand","embeddable":true,"href":"https:\/\/multi-gyn.com\/se\/wp-json\/wp\/v2\/product_brand?post=107"},{"taxonomy":"product_cat","embeddable":true,"href":"https:\/\/multi-gyn.com\/se\/wp-json\/wp\/v2\/product_cat?post=107"},{"taxonomy":"product_tag","embeddable":true,"href":"https:\/\/multi-gyn.com\/se\/wp-json\/wp\/v2\/product_tag?post=107"}],"curies":[{"name":"wp","href":"https:\/\/api.w.org\/{rel}","templated":true}]}}