{"id":112,"date":"2022-08-30T08:13:46","date_gmt":"2022-08-30T06:13:46","guid":{"rendered":"https:\/\/multi-gyn.com\/rebrand-se\/?post_type=product&#038;p=112"},"modified":"2025-09-08T15:06:24","modified_gmt":"2025-09-08T13:06:24","slug":"multi-gyn-floraplus","status":"publish","type":"product","link":"https:\/\/multi-gyn.com\/se\/produkt\/multi-gyn-floraplus\/","title":{"rendered":"Multi-Gyn FloraPlus"},"content":{"rendered":"\n<div class=\"wp-block-karopharma-accordions is-style-secondary\"><div class=\"container\">\n<details class=\"wp-block-karopharma-accordion\"><summary><h2 class=\"accordion-title\">N\u00e4r m\u00e4rker jag effekten?<\/h2><\/summary><div class=\"accordion-content\">\n<p>Det skiljer sig fr\u00e5n person till person, men du kan k\u00e4nna en l\u00e4ttnad av symtomen omedelbart.<\/p>\n<\/div><\/details>\n\n\n\n<details class=\"wp-block-karopharma-accordion\"><summary><h2 class=\"accordion-title\">M\u00e5ste jag anv\u00e4nda den i 5 dagar i f\u00f6ljd?<\/h2><\/summary><div class=\"accordion-content\">\n<p>Ja, vi rekommenderar att du anv\u00e4nder de 1 tub per dag 5 dagar i f\u00f6ljd f\u00f6r att uppn\u00e5 b\u00e4sta effekt.<\/p>\n<\/div><\/details>\n\n\n\n<details class=\"wp-block-karopharma-accordion\"><summary><h2 class=\"accordion-title\">Har Multi-Gyn FloraPlus n\u00e5gra biverkningar?<\/h2><\/summary><div class=\"accordion-content\">\n<p>Nej, produkten har inga k\u00e4nda biverkningar.<\/p>\n<\/div><\/details>\n\n\n\n<details class=\"wp-block-karopharma-accordion\"><summary><h2 class=\"accordion-title\">Varf\u00f6r \u00e4r Multi-Gyn FloraPlus annorlunda \u00e4n andra vaginala svampbehandlingar?<\/h2><\/summary><div class=\"accordion-content\">\n<p>Multi-Gyn FloraPlus har en direkt effekt p\u00e5 symtomen och \u00e4r en naturbaserad produkt som inte p\u00e5verkar vaginalfloran negativt. Multi-Gyn FloraPlus hj\u00e4lper de goda bakterierna att v\u00e4xa och minskar tillv\u00e4xten av candida.<\/p>\n<\/div><\/details>\n<\/div><\/div>\n","protected":false},"excerpt":{"rendered":"","protected":false},"featured_media":360,"comment_status":"closed","ping_status":"closed","template":"","meta":{"_acf_changed":false,"footnotes":""},"product_brand":[],"product_cat":[19],"product_tag":[],"class_list":{"0":"post-112","1":"product","2":"type-product","3":"status-publish","4":"has-post-thumbnail","6":"product_cat-behandling","8":"first","9":"instock","10":"shipping-taxable","11":"product-type-simple"},"acf":[],"yoast_head":"<!-- This site is optimized with the Yoast SEO plugin v26.6 - https:\/\/yoast.com\/wordpress\/plugins\/seo\/ -->\n<title>Multi-Gyn FloraPlus - Multi-Gyn<\/title>\n<meta name=\"description\" content=\"Multi-Gyn FloraPlus behandlar symtom som uppst\u00e5r vid vaginal svamp som kl\u00e5da, irritation och gryniga, vita flytningar.\" \/>\n<meta name=\"robots\" content=\"index, follow, max-snippet:-1, max-image-preview:large, max-video-preview:-1\" \/>\n<link rel=\"canonical\" href=\"https:\/\/multi-gyn.com\/se\/produkt\/multi-gyn-floraplus\/\" \/>\n<meta property=\"og:locale\" content=\"sv_SE\" \/>\n<meta property=\"og:type\" content=\"article\" \/>\n<meta property=\"og:title\" content=\"Multi-Gyn FloraPlus - Multi-Gyn\" \/>\n<meta property=\"og:description\" content=\"Multi-Gyn FloraPlus behandlar symtom som uppst\u00e5r vid vaginal svamp som kl\u00e5da, irritation och gryniga, vita flytningar.\" \/>\n<meta property=\"og:url\" content=\"https:\/\/multi-gyn.com\/se\/produkt\/multi-gyn-floraplus\/\" \/>\n<meta property=\"og:site_name\" content=\"Multi-Gyn\" \/>\n<meta property=\"article:modified_time\" content=\"2025-09-08T13:06:24+00:00\" \/>\n<meta property=\"og:image\" content=\"https:\/\/multi-gyn.com\/app\/uploads\/sites\/18\/2022\/08\/Multi-Gyn-FloraPlus-1.png\" \/>\n\t<meta property=\"og:image:width\" content=\"638\" \/>\n\t<meta property=\"og:image:height\" content=\"638\" \/>\n\t<meta property=\"og:image:type\" content=\"image\/png\" \/>\n<meta name=\"twitter:card\" content=\"summary_large_image\" \/>\n<meta name=\"twitter:label1\" content=\"Ber\u00e4knad l\u00e4stid\" \/>\n\t<meta name=\"twitter:data1\" content=\"1 minut\" \/>\n<script type=\"application\/ld+json\" class=\"yoast-schema-graph\">{\"@context\":\"https:\/\/schema.org\",\"@graph\":[{\"@type\":\"WebPage\",\"@id\":\"https:\/\/multi-gyn.com\/se\/produkt\/multi-gyn-floraplus\/\",\"url\":\"https:\/\/multi-gyn.com\/se\/produkt\/multi-gyn-floraplus\/\",\"name\":\"Multi-Gyn FloraPlus - Multi-Gyn\",\"isPartOf\":{\"@id\":\"https:\/\/multi-gyn.com\/se\/#website\"},\"primaryImageOfPage\":{\"@id\":\"https:\/\/multi-gyn.com\/se\/produkt\/multi-gyn-floraplus\/#primaryimage\"},\"image\":{\"@id\":\"https:\/\/multi-gyn.com\/se\/produkt\/multi-gyn-floraplus\/#primaryimage\"},\"thumbnailUrl\":\"https:\/\/multi-gyn.com\/app\/uploads\/sites\/18\/2022\/08\/Multi-Gyn-FloraPlus-1.png\",\"datePublished\":\"2022-08-30T06:13:46+00:00\",\"dateModified\":\"2025-09-08T13:06:24+00:00\",\"description\":\"Multi-Gyn FloraPlus behandlar symtom som uppst\u00e5r vid vaginal svamp som kl\u00e5da, irritation och gryniga, vita flytningar.\",\"breadcrumb\":{\"@id\":\"https:\/\/multi-gyn.com\/se\/produkt\/multi-gyn-floraplus\/#breadcrumb\"},\"inLanguage\":\"sv-SE\",\"potentialAction\":[{\"@type\":\"ReadAction\",\"target\":[\"https:\/\/multi-gyn.com\/se\/produkt\/multi-gyn-floraplus\/\"]}]},{\"@type\":\"ImageObject\",\"inLanguage\":\"sv-SE\",\"@id\":\"https:\/\/multi-gyn.com\/se\/produkt\/multi-gyn-floraplus\/#primaryimage\",\"url\":\"https:\/\/multi-gyn.com\/app\/uploads\/sites\/18\/2022\/08\/Multi-Gyn-FloraPlus-1.png\",\"contentUrl\":\"https:\/\/multi-gyn.com\/app\/uploads\/sites\/18\/2022\/08\/Multi-Gyn-FloraPlus-1.png\",\"width\":638,\"height\":638,\"caption\":\"Multi-Gyn-FloraPlus\"},{\"@type\":\"BreadcrumbList\",\"@id\":\"https:\/\/multi-gyn.com\/se\/produkt\/multi-gyn-floraplus\/#breadcrumb\",\"itemListElement\":[{\"@type\":\"ListItem\",\"position\":1,\"name\":\"Home\",\"item\":\"https:\/\/multi-gyn.com\/se\/\"},{\"@type\":\"ListItem\",\"position\":2,\"name\":\"Produkter\",\"item\":\"https:\/\/multi-gyn.com\/se\/produkter\/\"},{\"@type\":\"ListItem\",\"position\":3,\"name\":\"Multi-Gyn FloraPlus\"}]},{\"@type\":\"WebSite\",\"@id\":\"https:\/\/multi-gyn.com\/se\/#website\",\"url\":\"https:\/\/multi-gyn.com\/se\/\",\"name\":\"Multi-Gyn\",\"description\":\"\",\"publisher\":{\"@id\":\"https:\/\/multi-gyn.com\/se\/#organization\"},\"potentialAction\":[{\"@type\":\"SearchAction\",\"target\":{\"@type\":\"EntryPoint\",\"urlTemplate\":\"https:\/\/multi-gyn.com\/se\/?s={search_term_string}\"},\"query-input\":{\"@type\":\"PropertyValueSpecification\",\"valueRequired\":true,\"valueName\":\"search_term_string\"}}],\"inLanguage\":\"sv-SE\"},{\"@type\":\"Organization\",\"@id\":\"https:\/\/multi-gyn.com\/se\/#organization\",\"name\":\"Multi-Gyn\",\"url\":\"https:\/\/multi-gyn.com\/se\/\",\"logo\":{\"@type\":\"ImageObject\",\"inLanguage\":\"sv-SE\",\"@id\":\"https:\/\/multi-gyn.com\/se\/#\/schema\/logo\/image\/\",\"url\":\"https:\/\/multi-gyn.com\/app\/uploads\/sites\/18\/2022\/08\/multi-gyn-logo.png\",\"contentUrl\":\"https:\/\/multi-gyn.com\/app\/uploads\/sites\/18\/2022\/08\/multi-gyn-logo.png\",\"width\":149,\"height\":32,\"caption\":\"Multi-Gyn\"},\"image\":{\"@id\":\"https:\/\/multi-gyn.com\/se\/#\/schema\/logo\/image\/\"}}]}<\/script>\n<!-- \/ Yoast SEO plugin. -->","yoast_head_json":{"title":"Multi-Gyn FloraPlus - Multi-Gyn","description":"Multi-Gyn FloraPlus behandlar symtom som uppst\u00e5r vid vaginal svamp som kl\u00e5da, irritation och gryniga, vita flytningar.","robots":{"index":"index","follow":"follow","max-snippet":"max-snippet:-1","max-image-preview":"max-image-preview:large","max-video-preview":"max-video-preview:-1"},"canonical":"https:\/\/multi-gyn.com\/se\/produkt\/multi-gyn-floraplus\/","og_locale":"sv_SE","og_type":"article","og_title":"Multi-Gyn FloraPlus - Multi-Gyn","og_description":"Multi-Gyn FloraPlus behandlar symtom som uppst\u00e5r vid vaginal svamp som kl\u00e5da, irritation och gryniga, vita flytningar.","og_url":"https:\/\/multi-gyn.com\/se\/produkt\/multi-gyn-floraplus\/","og_site_name":"Multi-Gyn","article_modified_time":"2025-09-08T13:06:24+00:00","og_image":[{"width":638,"height":638,"url":"https:\/\/multi-gyn.com\/app\/uploads\/sites\/18\/2022\/08\/Multi-Gyn-FloraPlus-1.png","type":"image\/png"}],"twitter_card":"summary_large_image","twitter_misc":{"Ber\u00e4knad l\u00e4stid":"1 minut"},"schema":{"@context":"https:\/\/schema.org","@graph":[{"@type":"WebPage","@id":"https:\/\/multi-gyn.com\/se\/produkt\/multi-gyn-floraplus\/","url":"https:\/\/multi-gyn.com\/se\/produkt\/multi-gyn-floraplus\/","name":"Multi-Gyn FloraPlus - Multi-Gyn","isPartOf":{"@id":"https:\/\/multi-gyn.com\/se\/#website"},"primaryImageOfPage":{"@id":"https:\/\/multi-gyn.com\/se\/produkt\/multi-gyn-floraplus\/#primaryimage"},"image":{"@id":"https:\/\/multi-gyn.com\/se\/produkt\/multi-gyn-floraplus\/#primaryimage"},"thumbnailUrl":"https:\/\/multi-gyn.com\/app\/uploads\/sites\/18\/2022\/08\/Multi-Gyn-FloraPlus-1.png","datePublished":"2022-08-30T06:13:46+00:00","dateModified":"2025-09-08T13:06:24+00:00","description":"Multi-Gyn FloraPlus behandlar symtom som uppst\u00e5r vid vaginal svamp som kl\u00e5da, irritation och gryniga, vita flytningar.","breadcrumb":{"@id":"https:\/\/multi-gyn.com\/se\/produkt\/multi-gyn-floraplus\/#breadcrumb"},"inLanguage":"sv-SE","potentialAction":[{"@type":"ReadAction","target":["https:\/\/multi-gyn.com\/se\/produkt\/multi-gyn-floraplus\/"]}]},{"@type":"ImageObject","inLanguage":"sv-SE","@id":"https:\/\/multi-gyn.com\/se\/produkt\/multi-gyn-floraplus\/#primaryimage","url":"https:\/\/multi-gyn.com\/app\/uploads\/sites\/18\/2022\/08\/Multi-Gyn-FloraPlus-1.png","contentUrl":"https:\/\/multi-gyn.com\/app\/uploads\/sites\/18\/2022\/08\/Multi-Gyn-FloraPlus-1.png","width":638,"height":638,"caption":"Multi-Gyn-FloraPlus"},{"@type":"BreadcrumbList","@id":"https:\/\/multi-gyn.com\/se\/produkt\/multi-gyn-floraplus\/#breadcrumb","itemListElement":[{"@type":"ListItem","position":1,"name":"Home","item":"https:\/\/multi-gyn.com\/se\/"},{"@type":"ListItem","position":2,"name":"Produkter","item":"https:\/\/multi-gyn.com\/se\/produkter\/"},{"@type":"ListItem","position":3,"name":"Multi-Gyn FloraPlus"}]},{"@type":"WebSite","@id":"https:\/\/multi-gyn.com\/se\/#website","url":"https:\/\/multi-gyn.com\/se\/","name":"Multi-Gyn","description":"","publisher":{"@id":"https:\/\/multi-gyn.com\/se\/#organization"},"potentialAction":[{"@type":"SearchAction","target":{"@type":"EntryPoint","urlTemplate":"https:\/\/multi-gyn.com\/se\/?s={search_term_string}"},"query-input":{"@type":"PropertyValueSpecification","valueRequired":true,"valueName":"search_term_string"}}],"inLanguage":"sv-SE"},{"@type":"Organization","@id":"https:\/\/multi-gyn.com\/se\/#organization","name":"Multi-Gyn","url":"https:\/\/multi-gyn.com\/se\/","logo":{"@type":"ImageObject","inLanguage":"sv-SE","@id":"https:\/\/multi-gyn.com\/se\/#\/schema\/logo\/image\/","url":"https:\/\/multi-gyn.com\/app\/uploads\/sites\/18\/2022\/08\/multi-gyn-logo.png","contentUrl":"https:\/\/multi-gyn.com\/app\/uploads\/sites\/18\/2022\/08\/multi-gyn-logo.png","width":149,"height":32,"caption":"Multi-Gyn"},"image":{"@id":"https:\/\/multi-gyn.com\/se\/#\/schema\/logo\/image\/"}}]}},"_links":{"self":[{"href":"https:\/\/multi-gyn.com\/se\/wp-json\/wp\/v2\/product\/112","targetHints":{"allow":["GET"]}}],"collection":[{"href":"https:\/\/multi-gyn.com\/se\/wp-json\/wp\/v2\/product"}],"about":[{"href":"https:\/\/multi-gyn.com\/se\/wp-json\/wp\/v2\/types\/product"}],"replies":[{"embeddable":true,"href":"https:\/\/multi-gyn.com\/se\/wp-json\/wp\/v2\/comments?post=112"}],"version-history":[{"count":8,"href":"https:\/\/multi-gyn.com\/se\/wp-json\/wp\/v2\/product\/112\/revisions"}],"predecessor-version":[{"id":264,"href":"https:\/\/multi-gyn.com\/se\/wp-json\/wp\/v2\/product\/112\/revisions\/264"}],"wp:featuredmedia":[{"embeddable":true,"href":"https:\/\/multi-gyn.com\/se\/wp-json\/wp\/v2\/media\/360"}],"wp:attachment":[{"href":"https:\/\/multi-gyn.com\/se\/wp-json\/wp\/v2\/media?parent=112"}],"wp:term":[{"taxonomy":"product_brand","embeddable":true,"href":"https:\/\/multi-gyn.com\/se\/wp-json\/wp\/v2\/product_brand?post=112"},{"taxonomy":"product_cat","embeddable":true,"href":"https:\/\/multi-gyn.com\/se\/wp-json\/wp\/v2\/product_cat?post=112"},{"taxonomy":"product_tag","embeddable":true,"href":"https:\/\/multi-gyn.com\/se\/wp-json\/wp\/v2\/product_tag?post=112"}],"curies":[{"name":"wp","href":"https:\/\/api.w.org\/{rel}","templated":true}]}}