{"id":215,"date":"2023-09-01T14:08:13","date_gmt":"2023-09-01T12:08:13","guid":{"rendered":"https:\/\/multi-gyn.com\/se\/?post_type=product&#038;p=215"},"modified":"2025-06-23T14:57:05","modified_gmt":"2025-06-23T12:57:05","slug":"multi-gyn-actigel-2in1","status":"publish","type":"product","link":"https:\/\/multi-gyn.com\/se\/produkt\/multi-gyn-actigel-2in1\/","title":{"rendered":"Multi-Gyn ActiGel 2in1"},"content":{"rendered":"\n<div class=\"wp-block-karopharma-accordions is-style-secondary\"><div class=\"container\">\n<details class=\"wp-block-karopharma-accordion\"><summary><h2 class=\"accordion-title\">Vad \u00e4r bakteriell vaginos?<\/h2><\/summary><div class=\"accordion-content\">\n<p>BV \u00e4r det vanligaste vaginala tillst\u00e5ndet hos kvinnor i fertil \u00e5lder. BV leder till illaluktande flytningar, irritation och kl\u00e5da. Flytningen karakt\u00e4riseras av en fiskliknande lukt. Problemen med BV \u00e4r ofta \u00e5terkommande och m\u00e5nga drabbas med \u00e5terinsjuknande inom ett \u00e5r. I en nationell unders\u00f6kning kartlades att n\u00e4stan var tredje kvinna (29%) i \u00e5ldrarna 14-49 hade BV.<\/p>\n<\/div><\/details>\n\n\n\n<details class=\"wp-block-karopharma-accordion\"><summary><h2 class=\"accordion-title\">Hur ofta beh\u00f6ver jag anv\u00e4nda ActiGel 2in1?<\/h2><\/summary><div class=\"accordion-content\">\n<p>F\u00f6r behandling av bakteriell vaginos (BV) applicera en riklig m\u00e4ngd Multi-Gyn ActiGel 2in1 inuti vaginan minst tv\u00e5 g\u00e5nger om dagen under en period av minst fem dagar i f\u00f6ljd. Applicering f\u00f6re s\u00e4ngg\u00e5ende rekommenderas. F\u00f6r behandling av vaginala besv\u00e4r, s\u00e5som kl\u00e5da och irritation, applicera en riklig m\u00e4ngd Multi-Gyn ActiGel 2in1 minst en g\u00e5ng om dagen eller n\u00e4r lindring \u00f6nskas. Multi-Gyn ActiGel 2in1 skall inte anv\u00e4ndas l\u00e4ngre \u00e4n 30 dagar i f\u00f6ljd, f\u00f6r att ge utrymme f\u00f6r den vaginala bakteriefloran att reglera sig sj\u00e4lv. Om dina symptom kvarst\u00e5r eller \u00e5terkommer b\u00f6r du kontakta l\u00e4kare.<\/p>\n<\/div><\/details>\n\n\n\n<details class=\"wp-block-karopharma-accordion\"><summary><h2 class=\"accordion-title\">N\u00e4r upplever jag effekt?<\/h2><\/summary><div class=\"accordion-content\">\n<p>Du kan k\u00e4nna en omedelbar effekt, s\u00e4rskilt p\u00e5 symptom som irritation och kl\u00e5da. Det kan dock variera fr\u00e5n person till person. Kliniska bevis st\u00f6djer effektiviteten av Multi-Gyn ActiGel 2in1.<\/p>\n<\/div><\/details>\n\n\n\n<details class=\"wp-block-karopharma-accordion\"><summary><h2 class=\"accordion-title\">Har produkten n\u00e5gra k\u00e4nda biverkningar?<\/h2><\/summary><div class=\"accordion-content\">\n<p>Nej, produkten har inga k\u00e4nda biverkningar. Efter applicering \u00e4r det m\u00f6jligt att k\u00e4nna en stickande eller br\u00e4nnande k\u00e4nsla. Detta \u00e4r helt normalt och f\u00f6rsvinner snabbt.<\/p>\n<\/div><\/details>\n<\/div><\/div>\n","protected":false},"excerpt":{"rendered":"","protected":false},"featured_media":221,"comment_status":"closed","ping_status":"closed","template":"","meta":{"_acf_changed":false,"footnotes":""},"product_brand":[],"product_cat":[],"product_tag":[],"class_list":{"0":"post-215","1":"product","2":"type-product","3":"status-publish","4":"has-post-thumbnail","7":"first","8":"instock","9":"shipping-taxable","10":"product-type-simple"},"acf":[],"yoast_head":"<!-- This site is optimized with the Yoast SEO plugin v26.6 - https:\/\/yoast.com\/wordpress\/plugins\/seo\/ -->\n<title>Multi-Gyn ActiGel 2in1 - Multi-Gyn<\/title>\n<meta name=\"description\" content=\"Multi-Gyn ActiGel 2in1 \u00e4r en dubbelverkande gel som kliniskt bevisats kunna behandla bakteriell vaginos och dess relaterade symptom, samtidigt som den \u00e5terst\u00e4ller vaginans pH-v\u00e4rde och flora.\" \/>\n<meta name=\"robots\" content=\"index, follow, max-snippet:-1, max-image-preview:large, max-video-preview:-1\" \/>\n<link rel=\"canonical\" href=\"https:\/\/multi-gyn.com\/se\/produkt\/multi-gyn-actigel-2in1\/\" \/>\n<meta property=\"og:locale\" content=\"sv_SE\" \/>\n<meta property=\"og:type\" content=\"article\" \/>\n<meta property=\"og:title\" content=\"Multi-Gyn ActiGel 2in1 - Multi-Gyn\" \/>\n<meta property=\"og:description\" content=\"Multi-Gyn ActiGel 2in1 \u00e4r en dubbelverkande gel som kliniskt bevisats kunna behandla bakteriell vaginos och dess relaterade symptom, samtidigt som den \u00e5terst\u00e4ller vaginans pH-v\u00e4rde och flora.\" \/>\n<meta property=\"og:url\" content=\"https:\/\/multi-gyn.com\/se\/produkt\/multi-gyn-actigel-2in1\/\" \/>\n<meta property=\"og:site_name\" content=\"Multi-Gyn\" \/>\n<meta property=\"article:modified_time\" content=\"2025-06-23T12:57:05+00:00\" \/>\n<meta property=\"og:image\" content=\"https:\/\/multi-gyn.com\/app\/uploads\/sites\/18\/2023\/08\/MultiGyn_ActiGel-2in1.png\" \/>\n\t<meta property=\"og:image:width\" content=\"800\" \/>\n\t<meta property=\"og:image:height\" content=\"800\" \/>\n\t<meta property=\"og:image:type\" content=\"image\/png\" \/>\n<meta name=\"twitter:card\" content=\"summary_large_image\" \/>\n<meta name=\"twitter:label1\" content=\"Ber\u00e4knad l\u00e4stid\" \/>\n\t<meta name=\"twitter:data1\" content=\"2 minuter\" \/>\n<script type=\"application\/ld+json\" class=\"yoast-schema-graph\">{\"@context\":\"https:\/\/schema.org\",\"@graph\":[{\"@type\":\"WebPage\",\"@id\":\"https:\/\/multi-gyn.com\/se\/produkt\/multi-gyn-actigel-2in1\/\",\"url\":\"https:\/\/multi-gyn.com\/se\/produkt\/multi-gyn-actigel-2in1\/\",\"name\":\"Multi-Gyn ActiGel 2in1 - Multi-Gyn\",\"isPartOf\":{\"@id\":\"https:\/\/multi-gyn.com\/se\/#website\"},\"primaryImageOfPage\":{\"@id\":\"https:\/\/multi-gyn.com\/se\/produkt\/multi-gyn-actigel-2in1\/#primaryimage\"},\"image\":{\"@id\":\"https:\/\/multi-gyn.com\/se\/produkt\/multi-gyn-actigel-2in1\/#primaryimage\"},\"thumbnailUrl\":\"https:\/\/multi-gyn.com\/app\/uploads\/sites\/18\/2023\/08\/MultiGyn_ActiGel-2in1.png\",\"datePublished\":\"2023-09-01T12:08:13+00:00\",\"dateModified\":\"2025-06-23T12:57:05+00:00\",\"description\":\"Multi-Gyn ActiGel 2in1 \u00e4r en dubbelverkande gel som kliniskt bevisats kunna behandla bakteriell vaginos och dess relaterade symptom, samtidigt som den \u00e5terst\u00e4ller vaginans pH-v\u00e4rde och flora.\",\"breadcrumb\":{\"@id\":\"https:\/\/multi-gyn.com\/se\/produkt\/multi-gyn-actigel-2in1\/#breadcrumb\"},\"inLanguage\":\"sv-SE\",\"potentialAction\":[{\"@type\":\"ReadAction\",\"target\":[\"https:\/\/multi-gyn.com\/se\/produkt\/multi-gyn-actigel-2in1\/\"]}]},{\"@type\":\"ImageObject\",\"inLanguage\":\"sv-SE\",\"@id\":\"https:\/\/multi-gyn.com\/se\/produkt\/multi-gyn-actigel-2in1\/#primaryimage\",\"url\":\"https:\/\/multi-gyn.com\/app\/uploads\/sites\/18\/2023\/08\/MultiGyn_ActiGel-2in1.png\",\"contentUrl\":\"https:\/\/multi-gyn.com\/app\/uploads\/sites\/18\/2023\/08\/MultiGyn_ActiGel-2in1.png\",\"width\":800,\"height\":800,\"caption\":\"Multi-Gyn ActiGel 2in1\"},{\"@type\":\"BreadcrumbList\",\"@id\":\"https:\/\/multi-gyn.com\/se\/produkt\/multi-gyn-actigel-2in1\/#breadcrumb\",\"itemListElement\":[{\"@type\":\"ListItem\",\"position\":1,\"name\":\"Home\",\"item\":\"https:\/\/multi-gyn.com\/se\/\"},{\"@type\":\"ListItem\",\"position\":2,\"name\":\"Produkter\",\"item\":\"https:\/\/multi-gyn.com\/se\/produkter\/\"},{\"@type\":\"ListItem\",\"position\":3,\"name\":\"Multi-Gyn ActiGel 2in1\"}]},{\"@type\":\"WebSite\",\"@id\":\"https:\/\/multi-gyn.com\/se\/#website\",\"url\":\"https:\/\/multi-gyn.com\/se\/\",\"name\":\"Multi-Gyn\",\"description\":\"\",\"publisher\":{\"@id\":\"https:\/\/multi-gyn.com\/se\/#organization\"},\"potentialAction\":[{\"@type\":\"SearchAction\",\"target\":{\"@type\":\"EntryPoint\",\"urlTemplate\":\"https:\/\/multi-gyn.com\/se\/?s={search_term_string}\"},\"query-input\":{\"@type\":\"PropertyValueSpecification\",\"valueRequired\":true,\"valueName\":\"search_term_string\"}}],\"inLanguage\":\"sv-SE\"},{\"@type\":\"Organization\",\"@id\":\"https:\/\/multi-gyn.com\/se\/#organization\",\"name\":\"Multi-Gyn\",\"url\":\"https:\/\/multi-gyn.com\/se\/\",\"logo\":{\"@type\":\"ImageObject\",\"inLanguage\":\"sv-SE\",\"@id\":\"https:\/\/multi-gyn.com\/se\/#\/schema\/logo\/image\/\",\"url\":\"https:\/\/multi-gyn.com\/app\/uploads\/sites\/18\/2022\/08\/multi-gyn-logo.png\",\"contentUrl\":\"https:\/\/multi-gyn.com\/app\/uploads\/sites\/18\/2022\/08\/multi-gyn-logo.png\",\"width\":149,\"height\":32,\"caption\":\"Multi-Gyn\"},\"image\":{\"@id\":\"https:\/\/multi-gyn.com\/se\/#\/schema\/logo\/image\/\"}}]}<\/script>\n<!-- \/ Yoast SEO plugin. -->","yoast_head_json":{"title":"Multi-Gyn ActiGel 2in1 - Multi-Gyn","description":"Multi-Gyn ActiGel 2in1 \u00e4r en dubbelverkande gel som kliniskt bevisats kunna behandla bakteriell vaginos och dess relaterade symptom, samtidigt som den \u00e5terst\u00e4ller vaginans pH-v\u00e4rde och flora.","robots":{"index":"index","follow":"follow","max-snippet":"max-snippet:-1","max-image-preview":"max-image-preview:large","max-video-preview":"max-video-preview:-1"},"canonical":"https:\/\/multi-gyn.com\/se\/produkt\/multi-gyn-actigel-2in1\/","og_locale":"sv_SE","og_type":"article","og_title":"Multi-Gyn ActiGel 2in1 - Multi-Gyn","og_description":"Multi-Gyn ActiGel 2in1 \u00e4r en dubbelverkande gel som kliniskt bevisats kunna behandla bakteriell vaginos och dess relaterade symptom, samtidigt som den \u00e5terst\u00e4ller vaginans pH-v\u00e4rde och flora.","og_url":"https:\/\/multi-gyn.com\/se\/produkt\/multi-gyn-actigel-2in1\/","og_site_name":"Multi-Gyn","article_modified_time":"2025-06-23T12:57:05+00:00","og_image":[{"width":800,"height":800,"url":"https:\/\/multi-gyn.com\/app\/uploads\/sites\/18\/2023\/08\/MultiGyn_ActiGel-2in1.png","type":"image\/png"}],"twitter_card":"summary_large_image","twitter_misc":{"Ber\u00e4knad l\u00e4stid":"2 minuter"},"schema":{"@context":"https:\/\/schema.org","@graph":[{"@type":"WebPage","@id":"https:\/\/multi-gyn.com\/se\/produkt\/multi-gyn-actigel-2in1\/","url":"https:\/\/multi-gyn.com\/se\/produkt\/multi-gyn-actigel-2in1\/","name":"Multi-Gyn ActiGel 2in1 - Multi-Gyn","isPartOf":{"@id":"https:\/\/multi-gyn.com\/se\/#website"},"primaryImageOfPage":{"@id":"https:\/\/multi-gyn.com\/se\/produkt\/multi-gyn-actigel-2in1\/#primaryimage"},"image":{"@id":"https:\/\/multi-gyn.com\/se\/produkt\/multi-gyn-actigel-2in1\/#primaryimage"},"thumbnailUrl":"https:\/\/multi-gyn.com\/app\/uploads\/sites\/18\/2023\/08\/MultiGyn_ActiGel-2in1.png","datePublished":"2023-09-01T12:08:13+00:00","dateModified":"2025-06-23T12:57:05+00:00","description":"Multi-Gyn ActiGel 2in1 \u00e4r en dubbelverkande gel som kliniskt bevisats kunna behandla bakteriell vaginos och dess relaterade symptom, samtidigt som den \u00e5terst\u00e4ller vaginans pH-v\u00e4rde och flora.","breadcrumb":{"@id":"https:\/\/multi-gyn.com\/se\/produkt\/multi-gyn-actigel-2in1\/#breadcrumb"},"inLanguage":"sv-SE","potentialAction":[{"@type":"ReadAction","target":["https:\/\/multi-gyn.com\/se\/produkt\/multi-gyn-actigel-2in1\/"]}]},{"@type":"ImageObject","inLanguage":"sv-SE","@id":"https:\/\/multi-gyn.com\/se\/produkt\/multi-gyn-actigel-2in1\/#primaryimage","url":"https:\/\/multi-gyn.com\/app\/uploads\/sites\/18\/2023\/08\/MultiGyn_ActiGel-2in1.png","contentUrl":"https:\/\/multi-gyn.com\/app\/uploads\/sites\/18\/2023\/08\/MultiGyn_ActiGel-2in1.png","width":800,"height":800,"caption":"Multi-Gyn ActiGel 2in1"},{"@type":"BreadcrumbList","@id":"https:\/\/multi-gyn.com\/se\/produkt\/multi-gyn-actigel-2in1\/#breadcrumb","itemListElement":[{"@type":"ListItem","position":1,"name":"Home","item":"https:\/\/multi-gyn.com\/se\/"},{"@type":"ListItem","position":2,"name":"Produkter","item":"https:\/\/multi-gyn.com\/se\/produkter\/"},{"@type":"ListItem","position":3,"name":"Multi-Gyn ActiGel 2in1"}]},{"@type":"WebSite","@id":"https:\/\/multi-gyn.com\/se\/#website","url":"https:\/\/multi-gyn.com\/se\/","name":"Multi-Gyn","description":"","publisher":{"@id":"https:\/\/multi-gyn.com\/se\/#organization"},"potentialAction":[{"@type":"SearchAction","target":{"@type":"EntryPoint","urlTemplate":"https:\/\/multi-gyn.com\/se\/?s={search_term_string}"},"query-input":{"@type":"PropertyValueSpecification","valueRequired":true,"valueName":"search_term_string"}}],"inLanguage":"sv-SE"},{"@type":"Organization","@id":"https:\/\/multi-gyn.com\/se\/#organization","name":"Multi-Gyn","url":"https:\/\/multi-gyn.com\/se\/","logo":{"@type":"ImageObject","inLanguage":"sv-SE","@id":"https:\/\/multi-gyn.com\/se\/#\/schema\/logo\/image\/","url":"https:\/\/multi-gyn.com\/app\/uploads\/sites\/18\/2022\/08\/multi-gyn-logo.png","contentUrl":"https:\/\/multi-gyn.com\/app\/uploads\/sites\/18\/2022\/08\/multi-gyn-logo.png","width":149,"height":32,"caption":"Multi-Gyn"},"image":{"@id":"https:\/\/multi-gyn.com\/se\/#\/schema\/logo\/image\/"}}]}},"_links":{"self":[{"href":"https:\/\/multi-gyn.com\/se\/wp-json\/wp\/v2\/product\/215","targetHints":{"allow":["GET"]}}],"collection":[{"href":"https:\/\/multi-gyn.com\/se\/wp-json\/wp\/v2\/product"}],"about":[{"href":"https:\/\/multi-gyn.com\/se\/wp-json\/wp\/v2\/types\/product"}],"replies":[{"embeddable":true,"href":"https:\/\/multi-gyn.com\/se\/wp-json\/wp\/v2\/comments?post=215"}],"version-history":[{"count":4,"href":"https:\/\/multi-gyn.com\/se\/wp-json\/wp\/v2\/product\/215\/revisions"}],"predecessor-version":[{"id":229,"href":"https:\/\/multi-gyn.com\/se\/wp-json\/wp\/v2\/product\/215\/revisions\/229"}],"wp:featuredmedia":[{"embeddable":true,"href":"https:\/\/multi-gyn.com\/se\/wp-json\/wp\/v2\/media\/221"}],"wp:attachment":[{"href":"https:\/\/multi-gyn.com\/se\/wp-json\/wp\/v2\/media?parent=215"}],"wp:term":[{"taxonomy":"product_brand","embeddable":true,"href":"https:\/\/multi-gyn.com\/se\/wp-json\/wp\/v2\/product_brand?post=215"},{"taxonomy":"product_cat","embeddable":true,"href":"https:\/\/multi-gyn.com\/se\/wp-json\/wp\/v2\/product_cat?post=215"},{"taxonomy":"product_tag","embeddable":true,"href":"https:\/\/multi-gyn.com\/se\/wp-json\/wp\/v2\/product_tag?post=215"}],"curies":[{"name":"wp","href":"https:\/\/api.w.org\/{rel}","templated":true}]}}