{"id":427,"date":"2026-02-25T08:52:20","date_gmt":"2026-02-25T07:52:20","guid":{"rendered":"https:\/\/multi-gyn.com\/se\/?post_type=product&#038;p=427"},"modified":"2026-02-25T08:52:22","modified_gmt":"2026-02-25T07:52:22","slug":"multi-gyn-florabalance","status":"publish","type":"product","link":"https:\/\/multi-gyn.com\/se\/produkt\/multi-gyn-florabalance\/","title":{"rendered":"Multi-Gyn FloraBalance"},"content":{"rendered":"\n<div class=\"wp-block-karopharma-accordions is-style-secondary\"><div class=\"container\">\n<details class=\"wp-block-karopharma-accordion\"><summary><h2 class=\"accordion-title\">Vad anv\u00e4nds Multi-Gyn FloraBalance f\u00f6r?<\/h2><\/summary><div class=\"accordion-content\">\n<p>Multi-Gyn FloraBalance \u00e4r en medicintekniskt produkt med mj\u00f6lksyra. Det st\u00e4rker och skyddar vaginalfloran och \u00e5terst\u00e4ller dess balans.* Genom att balansera vaginalfloran kan Multi-Gyn FloraBalance Gel minska risken f\u00f6r obehag som irritation, lukt och obalans orsakad av faktorer som hormonf\u00f6r\u00e4ndringar, stress, antibiotikabehandling eller anv\u00e4ndning av produkter som p\u00e5verkar det naturliga pH-v\u00e4rdet.<\/p>\n\n\n\n<p><sub>*hos kvinnor som lider av bakteriell vaginos eller liknande symtom.<\/sub><\/p>\n<\/div><\/details>\n\n\n\n<details class=\"wp-block-karopharma-accordion\"><summary><h2 class=\"accordion-title\">Hur anv\u00e4nder jag Multi-Gyn FloraBalance?<\/h2><\/summary><div class=\"accordion-content\">\n<p>Applicera en gener\u00f6s m\u00e4ngd i slidan minst en g\u00e5ng dagligen 7 dagar i f\u00f6ljd, och d\u00e4refter vid behov. Anv\u00e4nd inte produkten under mer \u00e4n 30 dagar i f\u00f6ljd. Den speciella applikatorn som medf\u00f6ljer f\u00f6rpackningen kan vara till hj\u00e4lp f\u00f6r att applicera gelen i slidan.<\/p>\n\n\n\n<p>K\u00e4nner du en br\u00e4nnande\/stickande k\u00e4nsla efter applicering? Oroa dig inte, det \u00e4r normalt och g\u00e5r snabbt \u00f6ver.<\/p>\n<\/div><\/details>\n\n\n\n<details class=\"wp-block-karopharma-accordion\"><summary><h2 class=\"accordion-title\">Har Multi-Gyn FloraBalance n\u00e5gon inverkan p\u00e5 antibiotikabehandling?<\/h2><\/summary><div class=\"accordion-content\">\n<p>Nej, Multi-Gyn FloraBalance har ingen negativ inverkan p\u00e5 antibiotikabehandling. Vi rekommenderar till och med att anv\u00e4nda Multi-Gyn FloraBalance under eller efter antibiotikabehandling, eftersom det skyddar vaginalfloran och kan bidra till dess \u00e5terh\u00e4mtning.<\/p>\n<\/div><\/details>\n\n\n\n<details class=\"wp-block-karopharma-accordion\"><summary><h2 class=\"accordion-title\">Inneh\u00e5ller Multi-Gyn FloraBalance konserveringsmedel, parfym eller f\u00e4rg\u00e4mnen?<\/h2><\/summary><div class=\"accordion-content\">\n<p>Nej, alla Multi-Gyn-produkter \u00e4r baserade p\u00e5 naturliga ingredienser och inneh\u00e5ller inga konserveringsmedel, parfymer eller f\u00e4rg\u00e4mnen.<\/p>\n<\/div><\/details>\n\n\n\n<details class=\"wp-block-karopharma-accordion\"><summary><h2 class=\"accordion-title\">\u00c4r Multi-Gyn FloraBalance kompatibelt med kondomer?<\/h2><\/summary><div class=\"accordion-content\">\n<p>Multi-Gyn FloraBalance b\u00f6r inte anv\u00e4ndas samtidigt med kondomer.<\/p>\n<\/div><\/details>\n\n\n\n<details class=\"wp-block-karopharma-accordion\"><summary><h2 class=\"accordion-title\">Vad b\u00f6r jag t\u00e4nka p\u00e5 n\u00e4r jag vill bli gravid?<\/h2><\/summary><div class=\"accordion-content\">\n<p>Multi-Gyn FloraBalance har en optimal surhet (l\u00e5gt pH) f\u00f6r slidan och kan minska aktiviteten hos spermier, som \u00e4r alkaliska (h\u00f6gt pH). D\u00e4rf\u00f6r rekommenderar vi inte att anv\u00e4nda Multi-Gyn FloraBalance under \u00e4gglossningsperioden om du \u00f6nskar bli gravid.<\/p>\n<\/div><\/details>\n\n\n\n<details class=\"wp-block-karopharma-accordion\"><summary><h2 class=\"accordion-title\">Kan jag anv\u00e4nda Multi-Gyn FloraBalance under graviditet\/amning?<\/h2><\/summary><div class=\"accordion-content\">\n<p>Det finns inga k\u00e4nda kontraindikationer f\u00f6r anv\u00e4ndning av Multi-Gyn FloraBalance under graviditet och amning. Diskutera alternativen med din l\u00e4kare.<\/p>\n<\/div><\/details>\n<\/div><\/div>\n","protected":false},"excerpt":{"rendered":"","protected":false},"featured_media":428,"comment_status":"closed","ping_status":"closed","template":"","meta":{"_acf_changed":false,"footnotes":""},"product_brand":[],"product_cat":[19],"product_tag":[],"class_list":{"0":"post-427","1":"product","2":"type-product","3":"status-publish","4":"has-post-thumbnail","6":"product_cat-behandling","8":"first","9":"instock","10":"shipping-taxable","11":"product-type-simple"},"acf":[],"yoast_head":"<!-- This site is optimized with the Yoast SEO plugin v26.6 - https:\/\/yoast.com\/wordpress\/plugins\/seo\/ -->\n<title>Multi-Gyn FloraBalance - Multi-Gyn<\/title>\n<meta name=\"robots\" content=\"index, follow, max-snippet:-1, max-image-preview:large, max-video-preview:-1\" \/>\n<link rel=\"canonical\" href=\"https:\/\/multi-gyn.com\/se\/produkt\/multi-gyn-florabalance\/\" \/>\n<meta property=\"og:locale\" content=\"sv_SE\" \/>\n<meta property=\"og:type\" content=\"article\" \/>\n<meta property=\"og:title\" content=\"Multi-Gyn FloraBalance - Multi-Gyn\" \/>\n<meta property=\"og:url\" content=\"https:\/\/multi-gyn.com\/se\/produkt\/multi-gyn-florabalance\/\" \/>\n<meta property=\"og:site_name\" content=\"Multi-Gyn\" \/>\n<meta property=\"article:modified_time\" content=\"2026-02-25T07:52:22+00:00\" \/>\n<meta property=\"og:image\" content=\"https:\/\/multi-gyn.com\/app\/uploads\/sites\/18\/2026\/02\/Multi-Gyn-FloraBalance.png\" \/>\n\t<meta property=\"og:image:width\" content=\"800\" \/>\n\t<meta property=\"og:image:height\" content=\"800\" \/>\n\t<meta property=\"og:image:type\" content=\"image\/png\" \/>\n<meta name=\"twitter:card\" content=\"summary_large_image\" \/>\n<meta name=\"twitter:label1\" content=\"Ber\u00e4knad l\u00e4stid\" \/>\n\t<meta name=\"twitter:data1\" content=\"2 minuter\" \/>\n<script type=\"application\/ld+json\" class=\"yoast-schema-graph\">{\"@context\":\"https:\/\/schema.org\",\"@graph\":[{\"@type\":\"WebPage\",\"@id\":\"https:\/\/multi-gyn.com\/se\/produkt\/multi-gyn-florabalance\/\",\"url\":\"https:\/\/multi-gyn.com\/se\/produkt\/multi-gyn-florabalance\/\",\"name\":\"Multi-Gyn FloraBalance - Multi-Gyn\",\"isPartOf\":{\"@id\":\"https:\/\/multi-gyn.com\/se\/#website\"},\"primaryImageOfPage\":{\"@id\":\"https:\/\/multi-gyn.com\/se\/produkt\/multi-gyn-florabalance\/#primaryimage\"},\"image\":{\"@id\":\"https:\/\/multi-gyn.com\/se\/produkt\/multi-gyn-florabalance\/#primaryimage\"},\"thumbnailUrl\":\"https:\/\/multi-gyn.com\/app\/uploads\/sites\/18\/2026\/02\/Multi-Gyn-FloraBalance.png\",\"datePublished\":\"2026-02-25T07:52:20+00:00\",\"dateModified\":\"2026-02-25T07:52:22+00:00\",\"breadcrumb\":{\"@id\":\"https:\/\/multi-gyn.com\/se\/produkt\/multi-gyn-florabalance\/#breadcrumb\"},\"inLanguage\":\"sv-SE\",\"potentialAction\":[{\"@type\":\"ReadAction\",\"target\":[\"https:\/\/multi-gyn.com\/se\/produkt\/multi-gyn-florabalance\/\"]}]},{\"@type\":\"ImageObject\",\"inLanguage\":\"sv-SE\",\"@id\":\"https:\/\/multi-gyn.com\/se\/produkt\/multi-gyn-florabalance\/#primaryimage\",\"url\":\"https:\/\/multi-gyn.com\/app\/uploads\/sites\/18\/2026\/02\/Multi-Gyn-FloraBalance.png\",\"contentUrl\":\"https:\/\/multi-gyn.com\/app\/uploads\/sites\/18\/2026\/02\/Multi-Gyn-FloraBalance.png\",\"width\":800,\"height\":800,\"caption\":\"Multi-Gyn-FloraBalance\"},{\"@type\":\"BreadcrumbList\",\"@id\":\"https:\/\/multi-gyn.com\/se\/produkt\/multi-gyn-florabalance\/#breadcrumb\",\"itemListElement\":[{\"@type\":\"ListItem\",\"position\":1,\"name\":\"Home\",\"item\":\"https:\/\/multi-gyn.com\/se\/\"},{\"@type\":\"ListItem\",\"position\":2,\"name\":\"Produkter\",\"item\":\"https:\/\/multi-gyn.com\/se\/produkter\/\"},{\"@type\":\"ListItem\",\"position\":3,\"name\":\"Multi-Gyn FloraBalance\"}]},{\"@type\":\"WebSite\",\"@id\":\"https:\/\/multi-gyn.com\/se\/#website\",\"url\":\"https:\/\/multi-gyn.com\/se\/\",\"name\":\"Multi-Gyn\",\"description\":\"\",\"publisher\":{\"@id\":\"https:\/\/multi-gyn.com\/se\/#organization\"},\"potentialAction\":[{\"@type\":\"SearchAction\",\"target\":{\"@type\":\"EntryPoint\",\"urlTemplate\":\"https:\/\/multi-gyn.com\/se\/?s={search_term_string}\"},\"query-input\":{\"@type\":\"PropertyValueSpecification\",\"valueRequired\":true,\"valueName\":\"search_term_string\"}}],\"inLanguage\":\"sv-SE\"},{\"@type\":\"Organization\",\"@id\":\"https:\/\/multi-gyn.com\/se\/#organization\",\"name\":\"Multi-Gyn\",\"url\":\"https:\/\/multi-gyn.com\/se\/\",\"logo\":{\"@type\":\"ImageObject\",\"inLanguage\":\"sv-SE\",\"@id\":\"https:\/\/multi-gyn.com\/se\/#\/schema\/logo\/image\/\",\"url\":\"https:\/\/multi-gyn.com\/app\/uploads\/sites\/18\/2022\/08\/multi-gyn-logo.png\",\"contentUrl\":\"https:\/\/multi-gyn.com\/app\/uploads\/sites\/18\/2022\/08\/multi-gyn-logo.png\",\"width\":149,\"height\":32,\"caption\":\"Multi-Gyn\"},\"image\":{\"@id\":\"https:\/\/multi-gyn.com\/se\/#\/schema\/logo\/image\/\"}}]}<\/script>\n<!-- \/ Yoast SEO plugin. -->","yoast_head_json":{"title":"Multi-Gyn FloraBalance - Multi-Gyn","robots":{"index":"index","follow":"follow","max-snippet":"max-snippet:-1","max-image-preview":"max-image-preview:large","max-video-preview":"max-video-preview:-1"},"canonical":"https:\/\/multi-gyn.com\/se\/produkt\/multi-gyn-florabalance\/","og_locale":"sv_SE","og_type":"article","og_title":"Multi-Gyn FloraBalance - Multi-Gyn","og_url":"https:\/\/multi-gyn.com\/se\/produkt\/multi-gyn-florabalance\/","og_site_name":"Multi-Gyn","article_modified_time":"2026-02-25T07:52:22+00:00","og_image":[{"width":800,"height":800,"url":"https:\/\/multi-gyn.com\/app\/uploads\/sites\/18\/2026\/02\/Multi-Gyn-FloraBalance.png","type":"image\/png"}],"twitter_card":"summary_large_image","twitter_misc":{"Ber\u00e4knad l\u00e4stid":"2 minuter"},"schema":{"@context":"https:\/\/schema.org","@graph":[{"@type":"WebPage","@id":"https:\/\/multi-gyn.com\/se\/produkt\/multi-gyn-florabalance\/","url":"https:\/\/multi-gyn.com\/se\/produkt\/multi-gyn-florabalance\/","name":"Multi-Gyn FloraBalance - Multi-Gyn","isPartOf":{"@id":"https:\/\/multi-gyn.com\/se\/#website"},"primaryImageOfPage":{"@id":"https:\/\/multi-gyn.com\/se\/produkt\/multi-gyn-florabalance\/#primaryimage"},"image":{"@id":"https:\/\/multi-gyn.com\/se\/produkt\/multi-gyn-florabalance\/#primaryimage"},"thumbnailUrl":"https:\/\/multi-gyn.com\/app\/uploads\/sites\/18\/2026\/02\/Multi-Gyn-FloraBalance.png","datePublished":"2026-02-25T07:52:20+00:00","dateModified":"2026-02-25T07:52:22+00:00","breadcrumb":{"@id":"https:\/\/multi-gyn.com\/se\/produkt\/multi-gyn-florabalance\/#breadcrumb"},"inLanguage":"sv-SE","potentialAction":[{"@type":"ReadAction","target":["https:\/\/multi-gyn.com\/se\/produkt\/multi-gyn-florabalance\/"]}]},{"@type":"ImageObject","inLanguage":"sv-SE","@id":"https:\/\/multi-gyn.com\/se\/produkt\/multi-gyn-florabalance\/#primaryimage","url":"https:\/\/multi-gyn.com\/app\/uploads\/sites\/18\/2026\/02\/Multi-Gyn-FloraBalance.png","contentUrl":"https:\/\/multi-gyn.com\/app\/uploads\/sites\/18\/2026\/02\/Multi-Gyn-FloraBalance.png","width":800,"height":800,"caption":"Multi-Gyn-FloraBalance"},{"@type":"BreadcrumbList","@id":"https:\/\/multi-gyn.com\/se\/produkt\/multi-gyn-florabalance\/#breadcrumb","itemListElement":[{"@type":"ListItem","position":1,"name":"Home","item":"https:\/\/multi-gyn.com\/se\/"},{"@type":"ListItem","position":2,"name":"Produkter","item":"https:\/\/multi-gyn.com\/se\/produkter\/"},{"@type":"ListItem","position":3,"name":"Multi-Gyn FloraBalance"}]},{"@type":"WebSite","@id":"https:\/\/multi-gyn.com\/se\/#website","url":"https:\/\/multi-gyn.com\/se\/","name":"Multi-Gyn","description":"","publisher":{"@id":"https:\/\/multi-gyn.com\/se\/#organization"},"potentialAction":[{"@type":"SearchAction","target":{"@type":"EntryPoint","urlTemplate":"https:\/\/multi-gyn.com\/se\/?s={search_term_string}"},"query-input":{"@type":"PropertyValueSpecification","valueRequired":true,"valueName":"search_term_string"}}],"inLanguage":"sv-SE"},{"@type":"Organization","@id":"https:\/\/multi-gyn.com\/se\/#organization","name":"Multi-Gyn","url":"https:\/\/multi-gyn.com\/se\/","logo":{"@type":"ImageObject","inLanguage":"sv-SE","@id":"https:\/\/multi-gyn.com\/se\/#\/schema\/logo\/image\/","url":"https:\/\/multi-gyn.com\/app\/uploads\/sites\/18\/2022\/08\/multi-gyn-logo.png","contentUrl":"https:\/\/multi-gyn.com\/app\/uploads\/sites\/18\/2022\/08\/multi-gyn-logo.png","width":149,"height":32,"caption":"Multi-Gyn"},"image":{"@id":"https:\/\/multi-gyn.com\/se\/#\/schema\/logo\/image\/"}}]}},"_links":{"self":[{"href":"https:\/\/multi-gyn.com\/se\/wp-json\/wp\/v2\/product\/427","targetHints":{"allow":["GET"]}}],"collection":[{"href":"https:\/\/multi-gyn.com\/se\/wp-json\/wp\/v2\/product"}],"about":[{"href":"https:\/\/multi-gyn.com\/se\/wp-json\/wp\/v2\/types\/product"}],"replies":[{"embeddable":true,"href":"https:\/\/multi-gyn.com\/se\/wp-json\/wp\/v2\/comments?post=427"}],"version-history":[{"count":1,"href":"https:\/\/multi-gyn.com\/se\/wp-json\/wp\/v2\/product\/427\/revisions"}],"predecessor-version":[{"id":429,"href":"https:\/\/multi-gyn.com\/se\/wp-json\/wp\/v2\/product\/427\/revisions\/429"}],"wp:featuredmedia":[{"embeddable":true,"href":"https:\/\/multi-gyn.com\/se\/wp-json\/wp\/v2\/media\/428"}],"wp:attachment":[{"href":"https:\/\/multi-gyn.com\/se\/wp-json\/wp\/v2\/media?parent=427"}],"wp:term":[{"taxonomy":"product_brand","embeddable":true,"href":"https:\/\/multi-gyn.com\/se\/wp-json\/wp\/v2\/product_brand?post=427"},{"taxonomy":"product_cat","embeddable":true,"href":"https:\/\/multi-gyn.com\/se\/wp-json\/wp\/v2\/product_cat?post=427"},{"taxonomy":"product_tag","embeddable":true,"href":"https:\/\/multi-gyn.com\/se\/wp-json\/wp\/v2\/product_tag?post=427"}],"curies":[{"name":"wp","href":"https:\/\/api.w.org\/{rel}","templated":true}]}}