{"id":84,"date":"2022-08-30T07:30:39","date_gmt":"2022-08-30T05:30:39","guid":{"rendered":"https:\/\/multi-gyn.com\/rebrand-se\/?post_type=product&#038;p=84"},"modified":"2025-12-17T08:59:42","modified_gmt":"2025-12-17T07:59:42","slug":"multi-gyn-intifresh","status":"publish","type":"product","link":"https:\/\/multi-gyn.com\/se\/produkt\/multi-gyn-intifresh\/","title":{"rendered":"Multi-Gyn IntiFresh"},"content":{"rendered":"\n<div class=\"wp-block-karopharma-accordions is-style-secondary\"><div class=\"container\">\n<details class=\"wp-block-karopharma-accordion\"><summary><h2 class=\"accordion-title\">Hur ofta kan jag anv\u00e4nda Multi-Gyn IntiFresh-servetter?<\/h2><\/summary><div class=\"accordion-content\">\n<p>S\u00e5 ofta du vill.<\/p>\n<\/div><\/details>\n\n\n\n<details class=\"wp-block-karopharma-accordion\"><summary><h2 class=\"accordion-title\">\u00c4r Multi-Gyn IntiFresh l\u00e4mplig f\u00f6r internt bruk?<\/h2><\/summary><div class=\"accordion-content\">\n<p>Nej, det \u00e4r endast avsett f\u00f6r extern anv\u00e4ndning.<\/p>\n<\/div><\/details>\n<\/div><\/div>\n","protected":false},"excerpt":{"rendered":"","protected":false},"featured_media":362,"comment_status":"closed","ping_status":"closed","template":"","meta":{"_acf_changed":false,"footnotes":""},"product_brand":[],"product_cat":[18],"product_tag":[],"class_list":{"0":"post-84","1":"product","2":"type-product","3":"status-publish","4":"has-post-thumbnail","6":"product_cat-hygien-och-vard","8":"first","9":"instock","10":"shipping-taxable","11":"product-type-simple"},"acf":[],"yoast_head":"<!-- This site is optimized with the Yoast SEO plugin v26.6 - https:\/\/yoast.com\/wordpress\/plugins\/seo\/ -->\n<title>Multi-Gyn IntiFresh - Multi-Gyn<\/title>\n<meta name=\"description\" content=\"Multi-Gyn IntiFresh st\u00f6djer dig i den dagliga hygienen i intimomr\u00e5det.\" \/>\n<meta name=\"robots\" content=\"index, follow, max-snippet:-1, max-image-preview:large, max-video-preview:-1\" \/>\n<link rel=\"canonical\" href=\"https:\/\/multi-gyn.com\/se\/produkt\/multi-gyn-intifresh\/\" \/>\n<meta property=\"og:locale\" content=\"sv_SE\" \/>\n<meta property=\"og:type\" content=\"article\" \/>\n<meta property=\"og:title\" content=\"Multi-Gyn IntiFresh - Multi-Gyn\" \/>\n<meta property=\"og:description\" content=\"Multi-Gyn IntiFresh st\u00f6djer dig i den dagliga hygienen i intimomr\u00e5det.\" \/>\n<meta property=\"og:url\" content=\"https:\/\/multi-gyn.com\/se\/produkt\/multi-gyn-intifresh\/\" \/>\n<meta property=\"og:site_name\" content=\"Multi-Gyn\" \/>\n<meta property=\"article:modified_time\" content=\"2025-12-17T07:59:42+00:00\" \/>\n<meta property=\"og:image\" content=\"https:\/\/multi-gyn.com\/app\/uploads\/sites\/18\/2022\/08\/Multi-Gyn-IntiFresh.png\" \/>\n\t<meta property=\"og:image:width\" content=\"750\" \/>\n\t<meta property=\"og:image:height\" content=\"750\" \/>\n\t<meta property=\"og:image:type\" content=\"image\/png\" \/>\n<meta name=\"twitter:card\" content=\"summary_large_image\" \/>\n<meta name=\"twitter:label1\" content=\"Ber\u00e4knad l\u00e4stid\" \/>\n\t<meta name=\"twitter:data1\" content=\"1 minut\" \/>\n<script type=\"application\/ld+json\" class=\"yoast-schema-graph\">{\"@context\":\"https:\/\/schema.org\",\"@graph\":[{\"@type\":\"WebPage\",\"@id\":\"https:\/\/multi-gyn.com\/se\/produkt\/multi-gyn-intifresh\/\",\"url\":\"https:\/\/multi-gyn.com\/se\/produkt\/multi-gyn-intifresh\/\",\"name\":\"Multi-Gyn IntiFresh - Multi-Gyn\",\"isPartOf\":{\"@id\":\"https:\/\/multi-gyn.com\/se\/#website\"},\"primaryImageOfPage\":{\"@id\":\"https:\/\/multi-gyn.com\/se\/produkt\/multi-gyn-intifresh\/#primaryimage\"},\"image\":{\"@id\":\"https:\/\/multi-gyn.com\/se\/produkt\/multi-gyn-intifresh\/#primaryimage\"},\"thumbnailUrl\":\"https:\/\/multi-gyn.com\/app\/uploads\/sites\/18\/2022\/08\/Multi-Gyn-IntiFresh.png\",\"datePublished\":\"2022-08-30T05:30:39+00:00\",\"dateModified\":\"2025-12-17T07:59:42+00:00\",\"description\":\"Multi-Gyn IntiFresh st\u00f6djer dig i den dagliga hygienen i intimomr\u00e5det.\",\"breadcrumb\":{\"@id\":\"https:\/\/multi-gyn.com\/se\/produkt\/multi-gyn-intifresh\/#breadcrumb\"},\"inLanguage\":\"sv-SE\",\"potentialAction\":[{\"@type\":\"ReadAction\",\"target\":[\"https:\/\/multi-gyn.com\/se\/produkt\/multi-gyn-intifresh\/\"]}]},{\"@type\":\"ImageObject\",\"inLanguage\":\"sv-SE\",\"@id\":\"https:\/\/multi-gyn.com\/se\/produkt\/multi-gyn-intifresh\/#primaryimage\",\"url\":\"https:\/\/multi-gyn.com\/app\/uploads\/sites\/18\/2022\/08\/Multi-Gyn-IntiFresh.png\",\"contentUrl\":\"https:\/\/multi-gyn.com\/app\/uploads\/sites\/18\/2022\/08\/Multi-Gyn-IntiFresh.png\",\"width\":750,\"height\":750,\"caption\":\"Multi-Gyn-IntiFresh\"},{\"@type\":\"BreadcrumbList\",\"@id\":\"https:\/\/multi-gyn.com\/se\/produkt\/multi-gyn-intifresh\/#breadcrumb\",\"itemListElement\":[{\"@type\":\"ListItem\",\"position\":1,\"name\":\"Home\",\"item\":\"https:\/\/multi-gyn.com\/se\/\"},{\"@type\":\"ListItem\",\"position\":2,\"name\":\"Produkter\",\"item\":\"https:\/\/multi-gyn.com\/se\/produkter\/\"},{\"@type\":\"ListItem\",\"position\":3,\"name\":\"Multi-Gyn IntiFresh\"}]},{\"@type\":\"WebSite\",\"@id\":\"https:\/\/multi-gyn.com\/se\/#website\",\"url\":\"https:\/\/multi-gyn.com\/se\/\",\"name\":\"Multi-Gyn\",\"description\":\"\",\"publisher\":{\"@id\":\"https:\/\/multi-gyn.com\/se\/#organization\"},\"potentialAction\":[{\"@type\":\"SearchAction\",\"target\":{\"@type\":\"EntryPoint\",\"urlTemplate\":\"https:\/\/multi-gyn.com\/se\/?s={search_term_string}\"},\"query-input\":{\"@type\":\"PropertyValueSpecification\",\"valueRequired\":true,\"valueName\":\"search_term_string\"}}],\"inLanguage\":\"sv-SE\"},{\"@type\":\"Organization\",\"@id\":\"https:\/\/multi-gyn.com\/se\/#organization\",\"name\":\"Multi-Gyn\",\"url\":\"https:\/\/multi-gyn.com\/se\/\",\"logo\":{\"@type\":\"ImageObject\",\"inLanguage\":\"sv-SE\",\"@id\":\"https:\/\/multi-gyn.com\/se\/#\/schema\/logo\/image\/\",\"url\":\"https:\/\/multi-gyn.com\/app\/uploads\/sites\/18\/2022\/08\/multi-gyn-logo.png\",\"contentUrl\":\"https:\/\/multi-gyn.com\/app\/uploads\/sites\/18\/2022\/08\/multi-gyn-logo.png\",\"width\":149,\"height\":32,\"caption\":\"Multi-Gyn\"},\"image\":{\"@id\":\"https:\/\/multi-gyn.com\/se\/#\/schema\/logo\/image\/\"}}]}<\/script>\n<!-- \/ Yoast SEO plugin. -->","yoast_head_json":{"title":"Multi-Gyn IntiFresh - Multi-Gyn","description":"Multi-Gyn IntiFresh st\u00f6djer dig i den dagliga hygienen i intimomr\u00e5det.","robots":{"index":"index","follow":"follow","max-snippet":"max-snippet:-1","max-image-preview":"max-image-preview:large","max-video-preview":"max-video-preview:-1"},"canonical":"https:\/\/multi-gyn.com\/se\/produkt\/multi-gyn-intifresh\/","og_locale":"sv_SE","og_type":"article","og_title":"Multi-Gyn IntiFresh - Multi-Gyn","og_description":"Multi-Gyn IntiFresh st\u00f6djer dig i den dagliga hygienen i intimomr\u00e5det.","og_url":"https:\/\/multi-gyn.com\/se\/produkt\/multi-gyn-intifresh\/","og_site_name":"Multi-Gyn","article_modified_time":"2025-12-17T07:59:42+00:00","og_image":[{"width":750,"height":750,"url":"https:\/\/multi-gyn.com\/app\/uploads\/sites\/18\/2022\/08\/Multi-Gyn-IntiFresh.png","type":"image\/png"}],"twitter_card":"summary_large_image","twitter_misc":{"Ber\u00e4knad l\u00e4stid":"1 minut"},"schema":{"@context":"https:\/\/schema.org","@graph":[{"@type":"WebPage","@id":"https:\/\/multi-gyn.com\/se\/produkt\/multi-gyn-intifresh\/","url":"https:\/\/multi-gyn.com\/se\/produkt\/multi-gyn-intifresh\/","name":"Multi-Gyn IntiFresh - Multi-Gyn","isPartOf":{"@id":"https:\/\/multi-gyn.com\/se\/#website"},"primaryImageOfPage":{"@id":"https:\/\/multi-gyn.com\/se\/produkt\/multi-gyn-intifresh\/#primaryimage"},"image":{"@id":"https:\/\/multi-gyn.com\/se\/produkt\/multi-gyn-intifresh\/#primaryimage"},"thumbnailUrl":"https:\/\/multi-gyn.com\/app\/uploads\/sites\/18\/2022\/08\/Multi-Gyn-IntiFresh.png","datePublished":"2022-08-30T05:30:39+00:00","dateModified":"2025-12-17T07:59:42+00:00","description":"Multi-Gyn IntiFresh st\u00f6djer dig i den dagliga hygienen i intimomr\u00e5det.","breadcrumb":{"@id":"https:\/\/multi-gyn.com\/se\/produkt\/multi-gyn-intifresh\/#breadcrumb"},"inLanguage":"sv-SE","potentialAction":[{"@type":"ReadAction","target":["https:\/\/multi-gyn.com\/se\/produkt\/multi-gyn-intifresh\/"]}]},{"@type":"ImageObject","inLanguage":"sv-SE","@id":"https:\/\/multi-gyn.com\/se\/produkt\/multi-gyn-intifresh\/#primaryimage","url":"https:\/\/multi-gyn.com\/app\/uploads\/sites\/18\/2022\/08\/Multi-Gyn-IntiFresh.png","contentUrl":"https:\/\/multi-gyn.com\/app\/uploads\/sites\/18\/2022\/08\/Multi-Gyn-IntiFresh.png","width":750,"height":750,"caption":"Multi-Gyn-IntiFresh"},{"@type":"BreadcrumbList","@id":"https:\/\/multi-gyn.com\/se\/produkt\/multi-gyn-intifresh\/#breadcrumb","itemListElement":[{"@type":"ListItem","position":1,"name":"Home","item":"https:\/\/multi-gyn.com\/se\/"},{"@type":"ListItem","position":2,"name":"Produkter","item":"https:\/\/multi-gyn.com\/se\/produkter\/"},{"@type":"ListItem","position":3,"name":"Multi-Gyn IntiFresh"}]},{"@type":"WebSite","@id":"https:\/\/multi-gyn.com\/se\/#website","url":"https:\/\/multi-gyn.com\/se\/","name":"Multi-Gyn","description":"","publisher":{"@id":"https:\/\/multi-gyn.com\/se\/#organization"},"potentialAction":[{"@type":"SearchAction","target":{"@type":"EntryPoint","urlTemplate":"https:\/\/multi-gyn.com\/se\/?s={search_term_string}"},"query-input":{"@type":"PropertyValueSpecification","valueRequired":true,"valueName":"search_term_string"}}],"inLanguage":"sv-SE"},{"@type":"Organization","@id":"https:\/\/multi-gyn.com\/se\/#organization","name":"Multi-Gyn","url":"https:\/\/multi-gyn.com\/se\/","logo":{"@type":"ImageObject","inLanguage":"sv-SE","@id":"https:\/\/multi-gyn.com\/se\/#\/schema\/logo\/image\/","url":"https:\/\/multi-gyn.com\/app\/uploads\/sites\/18\/2022\/08\/multi-gyn-logo.png","contentUrl":"https:\/\/multi-gyn.com\/app\/uploads\/sites\/18\/2022\/08\/multi-gyn-logo.png","width":149,"height":32,"caption":"Multi-Gyn"},"image":{"@id":"https:\/\/multi-gyn.com\/se\/#\/schema\/logo\/image\/"}}]}},"_links":{"self":[{"href":"https:\/\/multi-gyn.com\/se\/wp-json\/wp\/v2\/product\/84","targetHints":{"allow":["GET"]}}],"collection":[{"href":"https:\/\/multi-gyn.com\/se\/wp-json\/wp\/v2\/product"}],"about":[{"href":"https:\/\/multi-gyn.com\/se\/wp-json\/wp\/v2\/types\/product"}],"replies":[{"embeddable":true,"href":"https:\/\/multi-gyn.com\/se\/wp-json\/wp\/v2\/comments?post=84"}],"version-history":[{"count":7,"href":"https:\/\/multi-gyn.com\/se\/wp-json\/wp\/v2\/product\/84\/revisions"}],"predecessor-version":[{"id":425,"href":"https:\/\/multi-gyn.com\/se\/wp-json\/wp\/v2\/product\/84\/revisions\/425"}],"wp:featuredmedia":[{"embeddable":true,"href":"https:\/\/multi-gyn.com\/se\/wp-json\/wp\/v2\/media\/362"}],"wp:attachment":[{"href":"https:\/\/multi-gyn.com\/se\/wp-json\/wp\/v2\/media?parent=84"}],"wp:term":[{"taxonomy":"product_brand","embeddable":true,"href":"https:\/\/multi-gyn.com\/se\/wp-json\/wp\/v2\/product_brand?post=84"},{"taxonomy":"product_cat","embeddable":true,"href":"https:\/\/multi-gyn.com\/se\/wp-json\/wp\/v2\/product_cat?post=84"},{"taxonomy":"product_tag","embeddable":true,"href":"https:\/\/multi-gyn.com\/se\/wp-json\/wp\/v2\/product_tag?post=84"}],"curies":[{"name":"wp","href":"https:\/\/api.w.org\/{rel}","templated":true}]}}