{"id":158,"date":"2022-12-09T14:56:39","date_gmt":"2022-12-09T13:56:39","guid":{"rendered":"https:\/\/multi-gyn.com\/si\/?page_id=158"},"modified":"2022-12-12T14:30:10","modified_gmt":"2022-12-12T13:30:10","slug":"preventiva-je-boljsa-kot-kurativa","status":"publish","type":"page","link":"https:\/\/multi-gyn.com\/si\/vaginalno-zdravje\/tezave\/preventiva-je-boljsa-kot-kurativa\/","title":{"rendered":"Preventiva je bolj\u0161a kot kurativa"},"content":{"rendered":"\n<div class=\"wp-block-karopharma-free-text pt-large pb-large bg-center bg-cover bg-no-repeat  is-style-primary\" style=\"background-image:url()\"><div class=\"free-text-wrapper container max-w-medium text-left\">\n<h1 class=\"wp-block-heading\">Preventiva je bolj\u0161a kot kurativa<\/h1>\n\n\n\n<p class=\"is-style-paragraph-preamble\">Preberite brezpla\u010dne nasvete o intimni negi in higieni (klikni na fotografijo za obisk zdravstvene preventive)<\/p>\n<\/div><\/div>\n\n\n\n<div class=\"wp-block-karopharma-free-text pt-large pb-large bg-center bg-cover bg-no-repeat\" style=\"background-image:url()\"><div class=\"free-text-wrapper container max-w-medium text-left\">\n<figure class=\"wp-block-image size-full\"><a href=\"https:\/\/www.zdravstvena.info\/preventiva\" target=\"_blank\" rel=\"noopener\"><img loading=\"lazy\" decoding=\"async\" width=\"595\" height=\"841\" src=\"https:\/\/multi-gyn.com\/app\/uploads\/sites\/36\/2022\/12\/preventiva-flyer.jpeg\" alt=\"preventiva-flyer\" class=\"wp-image-356\" srcset=\"https:\/\/multi-gyn.com\/app\/uploads\/sites\/36\/2022\/12\/preventiva-flyer.jpeg 595w, https:\/\/multi-gyn.com\/app\/uploads\/sites\/36\/2022\/12\/preventiva-flyer-226x320.jpeg 226w\" sizes=\"auto, (max-width: 595px) 100vw, 595px\" \/><\/a><\/figure>\n<\/div><\/div>\n\n\n<div class=\"product-list wp-block-karopharma-product-list\" data-testid=\"product-list\">\n      <div class=\"swiper-container\">\n      <div class=\"swiper\">\n        <div class=\"swiper-wrapper\">\n                      <div class=\"swiper-slide\">\n              <div class=\"product-card\" data-testid=\"product-card\">\n  <a\n    href=https:\/\/multi-gyn.com\/si\/izdelek\/multi-gyn-actigel\/\n    class=\"product-card-link\"\n    title=\"Multi-Gyn ActiGel\"\n  >\n  <figure class=\"product-card-image\" data-testid=\"product-image\">\n                          <img decoding=\"async\" src=\"https:\/\/multi-gyn.com\/cdn-cgi\/image\/width=700,format=auto\/app\/uploads\/sites\/36\/2022\/12\/multi-gyn-actigel.png\"\n        srcset=\"https:\/\/multi-gyn.com\/cdn-cgi\/image\/width=250,format=auto\/app\/uploads\/sites\/36\/2022\/12\/multi-gyn-actigel.png 250w,\n                https:\/\/multi-gyn.com\/cdn-cgi\/image\/width=500,format=auto\/app\/uploads\/sites\/36\/2022\/12\/multi-gyn-actigel.png 500w,\n                https:\/\/multi-gyn.com\/cdn-cgi\/image\/width=700,format=auto\/app\/uploads\/sites\/36\/2022\/12\/multi-gyn-actigel.png 700w\"\n        sizes=\"(max-width: 400px) 250px, (max-width: 800px) 500px, 700px\"\n        alt=\"Multi-Gyn Actigel\"\n        class=\"img\">\n            <\/figure>\n    <div class=\"product-card-content\">\n      <div class=\"heading-wrapper\">\n        <h2 class=\"heading\">Multi-Gyn ActiGel<\/h2>\n      <\/div>\n      <div class=\"product-card-description\">Odpravlja in prepre\u010duje vaginalne te\u017eave\n<\/div>\n                      <\/div>\n  <\/a>\n          <div class=\"button-wrapper buy-now no-resellers\" data-testid=\"buy-now\">\n          <div class=\"buy-now-container dropdown-container\">\n    <a\n      class=\"theme-button button-primary-color rounded-button\"\n      href=\"https:\/\/www.moja-lekarna.com\/multi-gyn-actigel-50-ml\" onclick=\"dataLayer.push({'event':'ga_event', 'eventCategory':'Click on Reseller', 'eventAction':'Moja Lekerna', 'eventLabel':'Multi-Gyn ActiGel', 'eventValue': undefined})\" rel=\"noopener\" target=\"_blank\" title=\"Moja Lekerna\"\n      data-testid=\"buy-now-reseller\">\n      Kupite zdaj\n    <\/a>\n    <\/div>\n  <\/div>\n  <\/div>\n            <\/div>\n                      <div class=\"swiper-slide\">\n              <div class=\"product-card\" data-testid=\"product-card\">\n  <a\n    href=https:\/\/multi-gyn.com\/si\/izdelek\/multi-gyn-floraplus\/\n    class=\"product-card-link\"\n    title=\"Multi-Gyn FloraPlus\"\n  >\n  <figure class=\"product-card-image\" data-testid=\"product-image\">\n                          <img decoding=\"async\" src=\"https:\/\/multi-gyn.com\/cdn-cgi\/image\/width=700,format=auto\/app\/uploads\/sites\/36\/2022\/12\/MultiGyn-FloraPlus.png\"\n        srcset=\"https:\/\/multi-gyn.com\/cdn-cgi\/image\/width=250,format=auto\/app\/uploads\/sites\/36\/2022\/12\/MultiGyn-FloraPlus.png 250w,\n                https:\/\/multi-gyn.com\/cdn-cgi\/image\/width=500,format=auto\/app\/uploads\/sites\/36\/2022\/12\/MultiGyn-FloraPlus.png 500w,\n                https:\/\/multi-gyn.com\/cdn-cgi\/image\/width=700,format=auto\/app\/uploads\/sites\/36\/2022\/12\/MultiGyn-FloraPlus.png 700w\"\n        sizes=\"(max-width: 400px) 250px, (max-width: 800px) 500px, 700px\"\n        alt=\"Multi-Gyn FloraPlus\"\n        class=\"img\">\n            <\/figure>\n    <div class=\"product-card-content\">\n      <div class=\"heading-wrapper\">\n        <h2 class=\"heading\">Multi-Gyn FloraPlus<\/h2>\n      <\/div>\n      <div class=\"product-card-description\">Odpravlja in prepre\u010duje vaginalne glivi\u010dne te\u017eave<\/div>\n                      <\/div>\n  <\/a>\n          <div class=\"button-wrapper buy-now no-resellers\" data-testid=\"buy-now\">\n          <div class=\"buy-now-container dropdown-container\">\n    <a\n      class=\"theme-button button-primary-color rounded-button\"\n      href=\"https:\/\/www.moja-lekarna.com\/multi-gyn-floraplus-5x5-ml\" onclick=\"dataLayer.push({'event':'ga_event', 'eventCategory':'Click on Reseller', 'eventAction':'Moja Lekarna', 'eventLabel':'Multi-Gyn FloraPlus', 'eventValue': undefined})\" rel=\"noopener\" target=\"_blank\" title=\"Moja Lekarna\"\n      data-testid=\"buy-now-reseller\">\n      Kupite zdaj\n    <\/a>\n    <\/div>\n  <\/div>\n  <\/div>\n            <\/div>\n                      <div class=\"swiper-slide\">\n              <div class=\"product-card\" data-testid=\"product-card\">\n  <a\n    href=https:\/\/multi-gyn.com\/si\/izdelek\/multi-gyn-liquigel\/\n    class=\"product-card-link\"\n    title=\"Multi-Gyn LiquiGel\"\n  >\n  <figure class=\"product-card-image\" data-testid=\"product-image\">\n                          <img decoding=\"async\" src=\"https:\/\/multi-gyn.com\/cdn-cgi\/image\/width=700,format=auto\/app\/uploads\/sites\/36\/2022\/12\/Multi-Gyn-LiquiGel.png\"\n        srcset=\"https:\/\/multi-gyn.com\/cdn-cgi\/image\/width=250,format=auto\/app\/uploads\/sites\/36\/2022\/12\/Multi-Gyn-LiquiGel.png 250w,\n                https:\/\/multi-gyn.com\/cdn-cgi\/image\/width=500,format=auto\/app\/uploads\/sites\/36\/2022\/12\/Multi-Gyn-LiquiGel.png 500w,\n                https:\/\/multi-gyn.com\/cdn-cgi\/image\/width=700,format=auto\/app\/uploads\/sites\/36\/2022\/12\/Multi-Gyn-LiquiGel.png 700w\"\n        sizes=\"(max-width: 400px) 250px, (max-width: 800px) 500px, 700px\"\n        alt=\"Multi-Gyn LiquiGel\"\n        class=\"img\">\n            <\/figure>\n    <div class=\"product-card-content\">\n      <div class=\"heading-wrapper\">\n        <h2 class=\"heading\">Multi-Gyn LiquiGel<\/h2>\n      <\/div>\n      <div class=\"product-card-description\">Odpravlja in olaj\u0161a vaginalno suhost\n<\/div>\n                      <\/div>\n  <\/a>\n          <div class=\"button-wrapper buy-now no-resellers\" data-testid=\"buy-now\">\n          <div class=\"buy-now-container dropdown-container\">\n    <a\n      class=\"theme-button button-primary-color rounded-button\"\n      href=\"https:\/\/www.moja-lekarna.com\/multi-gyn-liquigel-tekoci-gel-30-ml\" onclick=\"dataLayer.push({'event':'ga_event', 'eventCategory':'Click on Reseller', 'eventAction':'Moja Lekarna', 'eventLabel':'Multi-Gyn LiquiGel', 'eventValue': undefined})\" rel=\"noopener\" target=\"_blank\" title=\"Moja Lekarna\"\n      data-testid=\"buy-now-reseller\">\n      Kupite zdaj\n    <\/a>\n    <\/div>\n  <\/div>\n  <\/div>\n            <\/div>\n                      <div class=\"swiper-slide\">\n              <div class=\"product-card\" data-testid=\"product-card\">\n  <a\n    href=https:\/\/multi-gyn.com\/si\/izdelek\/multi-gyn-femiwash\/\n    class=\"product-card-link\"\n    title=\"Multi-Gyn FemiWash\"\n  >\n  <figure class=\"product-card-image\" data-testid=\"product-image\">\n                          <img decoding=\"async\" src=\"https:\/\/multi-gyn.com\/cdn-cgi\/image\/width=700,format=auto\/app\/uploads\/sites\/36\/2022\/12\/MultiGyn-FemiWash.png\"\n        srcset=\"https:\/\/multi-gyn.com\/cdn-cgi\/image\/width=250,format=auto\/app\/uploads\/sites\/36\/2022\/12\/MultiGyn-FemiWash.png 250w,\n                https:\/\/multi-gyn.com\/cdn-cgi\/image\/width=500,format=auto\/app\/uploads\/sites\/36\/2022\/12\/MultiGyn-FemiWash.png 500w,\n                https:\/\/multi-gyn.com\/cdn-cgi\/image\/width=700,format=auto\/app\/uploads\/sites\/36\/2022\/12\/MultiGyn-FemiWash.png 700w\"\n        sizes=\"(max-width: 400px) 250px, (max-width: 800px) 500px, 700px\"\n        alt=\"Multi-Gyn FemiWash\"\n        class=\"img\">\n            <\/figure>\n    <div class=\"product-card-content\">\n      <div class=\"heading-wrapper\">\n        <h2 class=\"heading\">Multi-Gyn FemiWash<\/h2>\n      <\/div>\n      <div class=\"product-card-description\">Za ne\u017eno in skrbno intimno higieno brez mila\n<\/div>\n                      <\/div>\n  <\/a>\n          <div class=\"button-wrapper buy-now no-resellers\" data-testid=\"buy-now\">\n          <div class=\"buy-now-container dropdown-container\">\n    <a\n      class=\"theme-button button-primary-color rounded-button\"\n      href=\"https:\/\/www.moja-lekarna.com\/multi-gyn-femiwash-pena-100-ml\" onclick=\"dataLayer.push({'event':'ga_event', 'eventCategory':'Click on Reseller', 'eventAction':'Moja Lekarna', 'eventLabel':'Multi-Gyn FemiWash', 'eventValue': undefined})\" rel=\"noopener\" target=\"_blank\" title=\"Moja Lekarna\"\n      data-testid=\"buy-now-reseller\">\n      Kupite zdaj\n    <\/a>\n    <\/div>\n  <\/div>\n  <\/div>\n            <\/div>\n                      <div class=\"swiper-slide\">\n              <div class=\"product-card\" data-testid=\"product-card\">\n  <a\n    href=https:\/\/multi-gyn.com\/si\/izdelek\/multi-gyn-intiskin\/\n    class=\"product-card-link\"\n    title=\"Multi-Gyn IntiSkin\"\n  >\n  <figure class=\"product-card-image\" data-testid=\"product-image\">\n                          <img decoding=\"async\" src=\"https:\/\/multi-gyn.com\/cdn-cgi\/image\/width=700,format=auto\/app\/uploads\/sites\/36\/2022\/12\/MultiGyn-IntiSkin.png\"\n        srcset=\"https:\/\/multi-gyn.com\/cdn-cgi\/image\/width=250,format=auto\/app\/uploads\/sites\/36\/2022\/12\/MultiGyn-IntiSkin.png 250w,\n                https:\/\/multi-gyn.com\/cdn-cgi\/image\/width=500,format=auto\/app\/uploads\/sites\/36\/2022\/12\/MultiGyn-IntiSkin.png 500w,\n                https:\/\/multi-gyn.com\/cdn-cgi\/image\/width=700,format=auto\/app\/uploads\/sites\/36\/2022\/12\/MultiGyn-IntiSkin.png 700w\"\n        sizes=\"(max-width: 400px) 250px, (max-width: 800px) 500px, 700px\"\n        alt=\"Multi-Gyn IntiSkin\"\n        class=\"img\">\n            <\/figure>\n    <div class=\"product-card-content\">\n      <div class=\"heading-wrapper\">\n        <h2 class=\"heading\">Multi-Gyn IntiSkin<\/h2>\n      <\/div>\n      <div class=\"product-card-description\">Neposredno olaj\u0161anje te\u017eav v intimnem podro\u010dju ko\u017ee in sluznice\n<\/div>\n                      <\/div>\n  <\/a>\n          <div class=\"button-wrapper buy-now no-resellers\" data-testid=\"buy-now\">\n          <div class=\"buy-now-container dropdown-container\">\n    <a\n      class=\"theme-button button-primary-color rounded-button\"\n      href=\"https:\/\/www.moja-lekarna.com\/multi-gyn-intiskin-sprej-40-ml\" onclick=\"dataLayer.push({'event':'ga_event', 'eventCategory':'Click on Reseller', 'eventAction':'Moja Lekarna', 'eventLabel':'Multi-Gyn IntiSkin', 'eventValue': undefined})\" rel=\"noopener\" target=\"_blank\" title=\"Moja Lekarna\"\n      data-testid=\"buy-now-reseller\">\n      Kupite zdaj\n    <\/a>\n    <\/div>\n  <\/div>\n  <\/div>\n            <\/div>\n                      <div class=\"swiper-slide\">\n              <div class=\"product-card\" data-testid=\"product-card\">\n  <a\n    href=https:\/\/multi-gyn.com\/si\/izdelek\/multi-gyn-intifresh\/\n    class=\"product-card-link\"\n    title=\"Multi-Gyn IntiFresh\"\n  >\n  <figure class=\"product-card-image\" data-testid=\"product-image\">\n                          <img decoding=\"async\" src=\"https:\/\/multi-gyn.com\/cdn-cgi\/image\/width=700,format=auto\/app\/uploads\/sites\/36\/2022\/12\/Multi-Gyn-IntiFresh.png\"\n        srcset=\"https:\/\/multi-gyn.com\/cdn-cgi\/image\/width=250,format=auto\/app\/uploads\/sites\/36\/2022\/12\/Multi-Gyn-IntiFresh.png 250w,\n                https:\/\/multi-gyn.com\/cdn-cgi\/image\/width=500,format=auto\/app\/uploads\/sites\/36\/2022\/12\/Multi-Gyn-IntiFresh.png 500w,\n                https:\/\/multi-gyn.com\/cdn-cgi\/image\/width=700,format=auto\/app\/uploads\/sites\/36\/2022\/12\/Multi-Gyn-IntiFresh.png 700w\"\n        sizes=\"(max-width: 400px) 250px, (max-width: 800px) 500px, 700px\"\n        alt=\"Multi-Gyn-IntiFresh\"\n        class=\"img\">\n            <\/figure>\n    <div class=\"product-card-content\">\n      <div class=\"heading-wrapper\">\n        <h2 class=\"heading\">Multi-Gyn IntiFresh<\/h2>\n      <\/div>\n      <div class=\"product-card-description\">Intimni rob\u010dki za dolgoro\u010den sve\u017e ob\u010dutek\n<\/div>\n                      <\/div>\n  <\/a>\n          <div class=\"button-wrapper buy-now no-resellers\" data-testid=\"buy-now\">\n          <div class=\"buy-now-container dropdown-container\">\n    <a\n      class=\"theme-button button-primary-color rounded-button\"\n      href=\"https:\/\/www.moja-lekarna.com\/multi-gyn-intifresh-robcki-za-intimno-nego-12-robckov\" onclick=\"dataLayer.push({'event':'ga_event', 'eventCategory':'Click on Reseller', 'eventAction':'Moja Lekarna', 'eventLabel':'Multi-Gyn IntiFresh', 'eventValue': undefined})\" rel=\"noopener\" target=\"_blank\" title=\"Moja Lekarna\"\n      data-testid=\"buy-now-reseller\">\n      Kupite zdaj\n    <\/a>\n    <\/div>\n  <\/div>\n  <\/div>\n            <\/div>\n                      <div class=\"swiper-slide\">\n              <div class=\"product-card\" data-testid=\"product-card\">\n  <a\n    href=https:\/\/multi-gyn.com\/si\/izdelek\/multi-gyn-vaginal-douche-and-tablets\/\n    class=\"product-card-link\"\n    title=\"Multi-Gyn Vaginal Douche and Tablets\"\n  >\n  <figure class=\"product-card-image\" data-testid=\"product-image\">\n                          <img decoding=\"async\" src=\"https:\/\/multi-gyn.com\/cdn-cgi\/image\/width=700,format=auto\/app\/uploads\/sites\/36\/2022\/12\/Multi-Gyn-VaginalDouche.png\"\n        srcset=\"https:\/\/multi-gyn.com\/cdn-cgi\/image\/width=250,format=auto\/app\/uploads\/sites\/36\/2022\/12\/Multi-Gyn-VaginalDouche.png 250w,\n                https:\/\/multi-gyn.com\/cdn-cgi\/image\/width=500,format=auto\/app\/uploads\/sites\/36\/2022\/12\/Multi-Gyn-VaginalDouche.png 500w,\n                https:\/\/multi-gyn.com\/cdn-cgi\/image\/width=700,format=auto\/app\/uploads\/sites\/36\/2022\/12\/Multi-Gyn-VaginalDouche.png 700w\"\n        sizes=\"(max-width: 400px) 250px, (max-width: 800px) 500px, 700px\"\n        alt=\"Multi-Gyn VaginalDouche\"\n        class=\"img\">\n            <\/figure>\n    <div class=\"product-card-content\">\n      <div class=\"heading-wrapper\">\n        <h2 class=\"heading\">Multi-Gyn Vaginal Douche and Tablets<\/h2>\n      <\/div>\n      <div class=\"product-card-description\">Za optimalno higieno vagine\n<\/div>\n                      <\/div>\n  <\/a>\n          <div class=\"button-wrapper buy-now no-resellers\" data-testid=\"buy-now\">\n          <div class=\"buy-now-container dropdown-container\">\n    <a\n      class=\"theme-button button-primary-color rounded-button\"\n      href=\"https:\/\/www.moja-lekarna.com\/multi-gyn-komplet-vaginalna-prha-in-sumece-tablete\" onclick=\"dataLayer.push({'event':'ga_event', 'eventCategory':'Click on Reseller', 'eventAction':'Moja Lekarna', 'eventLabel':'Multi-Gyn Vaginal Douche and Tablets', 'eventValue': undefined})\" rel=\"noopener\" target=\"_blank\" title=\"Moja Lekarna\"\n      data-testid=\"buy-now-reseller\">\n      Kupite zdaj\n    <\/a>\n    <\/div>\n  <\/div>\n  <\/div>\n            <\/div>\n                  <\/div>\n        <div class=\"swiper-scrollbar\"><\/div>\n      <\/div>\n    <\/div>\n  <\/div>\n","protected":false},"excerpt":{"rendered":"","protected":false},"author":2,"featured_media":0,"parent":96,"menu_order":1,"comment_status":"closed","ping_status":"closed","template":"","meta":{"_acf_changed":false,"footnotes":""},"from-article-database":[],"class_list":["post-158","page","type-page","status-publish","hentry"],"acf":[],"yoast_head":"<!-- This site is optimized with the Yoast SEO plugin v26.6 - https:\/\/yoast.com\/wordpress\/plugins\/seo\/ -->\n<title>Preventiva je bolj\u0161a kot kurativa - Multi-Gyn<\/title>\n<meta name=\"description\" content=\"Preberite brezpla\u010dne nasvete o intimni negi in higieni (klikni na fotografijo za obisk zdravstvene preventive)\" \/>\n<meta name=\"robots\" content=\"index, follow, max-snippet:-1, max-image-preview:large, max-video-preview:-1\" \/>\n<link rel=\"canonical\" href=\"https:\/\/multi-gyn.com\/si\/vaginalno-zdravje\/tezave\/preventiva-je-boljsa-kot-kurativa\/\" \/>\n<meta property=\"og:locale\" content=\"sl_SI\" \/>\n<meta property=\"og:type\" content=\"article\" \/>\n<meta property=\"og:title\" content=\"Preventiva je bolj\u0161a kot kurativa - Multi-Gyn\" \/>\n<meta property=\"og:description\" content=\"Preberite brezpla\u010dne nasvete o intimni negi in higieni (klikni na fotografijo za obisk zdravstvene preventive)\" \/>\n<meta property=\"og:url\" content=\"https:\/\/multi-gyn.com\/si\/vaginalno-zdravje\/tezave\/preventiva-je-boljsa-kot-kurativa\/\" \/>\n<meta property=\"og:site_name\" content=\"Multi-Gyn\" \/>\n<meta property=\"article:modified_time\" content=\"2022-12-12T13:30:10+00:00\" \/>\n<meta property=\"og:image\" content=\"https:\/\/multi-gyn.com\/app\/uploads\/sites\/36\/2022\/12\/preventiva-flyer.jpeg\" \/>\n<meta name=\"twitter:card\" content=\"summary_large_image\" \/>\n<meta name=\"twitter:label1\" content=\"Est. reading time\" \/>\n\t<meta name=\"twitter:data1\" content=\"1 minuta\" \/>\n<script type=\"application\/ld+json\" class=\"yoast-schema-graph\">{\"@context\":\"https:\/\/schema.org\",\"@graph\":[{\"@type\":\"WebPage\",\"@id\":\"https:\/\/multi-gyn.com\/si\/vaginalno-zdravje\/tezave\/preventiva-je-boljsa-kot-kurativa\/\",\"url\":\"https:\/\/multi-gyn.com\/si\/vaginalno-zdravje\/tezave\/preventiva-je-boljsa-kot-kurativa\/\",\"name\":\"Preventiva je bolj\u0161a kot kurativa - Multi-Gyn\",\"isPartOf\":{\"@id\":\"https:\/\/multi-gyn.com\/si\/#website\"},\"primaryImageOfPage\":{\"@id\":\"https:\/\/multi-gyn.com\/si\/vaginalno-zdravje\/tezave\/preventiva-je-boljsa-kot-kurativa\/#primaryimage\"},\"image\":{\"@id\":\"https:\/\/multi-gyn.com\/si\/vaginalno-zdravje\/tezave\/preventiva-je-boljsa-kot-kurativa\/#primaryimage\"},\"thumbnailUrl\":\"https:\/\/multi-gyn.com\/app\/uploads\/sites\/36\/2022\/12\/preventiva-flyer.jpeg\",\"datePublished\":\"2022-12-09T13:56:39+00:00\",\"dateModified\":\"2022-12-12T13:30:10+00:00\",\"description\":\"Preberite brezpla\u010dne nasvete o intimni negi in higieni (klikni na fotografijo za obisk zdravstvene preventive)\",\"breadcrumb\":{\"@id\":\"https:\/\/multi-gyn.com\/si\/vaginalno-zdravje\/tezave\/preventiva-je-boljsa-kot-kurativa\/#breadcrumb\"},\"inLanguage\":\"sl-SI\",\"potentialAction\":[{\"@type\":\"ReadAction\",\"target\":[\"https:\/\/multi-gyn.com\/si\/vaginalno-zdravje\/tezave\/preventiva-je-boljsa-kot-kurativa\/\"]}]},{\"@type\":\"ImageObject\",\"inLanguage\":\"sl-SI\",\"@id\":\"https:\/\/multi-gyn.com\/si\/vaginalno-zdravje\/tezave\/preventiva-je-boljsa-kot-kurativa\/#primaryimage\",\"url\":\"https:\/\/multi-gyn.com\/app\/uploads\/sites\/36\/2022\/12\/preventiva-flyer.jpeg\",\"contentUrl\":\"https:\/\/multi-gyn.com\/app\/uploads\/sites\/36\/2022\/12\/preventiva-flyer.jpeg\"},{\"@type\":\"BreadcrumbList\",\"@id\":\"https:\/\/multi-gyn.com\/si\/vaginalno-zdravje\/tezave\/preventiva-je-boljsa-kot-kurativa\/#breadcrumb\",\"itemListElement\":[{\"@type\":\"ListItem\",\"position\":1,\"name\":\"Home\",\"item\":\"https:\/\/multi-gyn.com\/si\/\"},{\"@type\":\"ListItem\",\"position\":2,\"name\":\"Vaginalno zdravje\",\"item\":\"https:\/\/multi-gyn.com\/si\/vaginalno-zdravje\/\"},{\"@type\":\"ListItem\",\"position\":3,\"name\":\"Te\u017eave\",\"item\":\"https:\/\/multi-gyn.com\/si\/vaginalno-zdravje\/tezave\/\"},{\"@type\":\"ListItem\",\"position\":4,\"name\":\"Preventiva je bolj\u0161a kot kurativa\"}]},{\"@type\":\"WebSite\",\"@id\":\"https:\/\/multi-gyn.com\/si\/#website\",\"url\":\"https:\/\/multi-gyn.com\/si\/\",\"name\":\"Multi-Gyn\",\"description\":\"\",\"publisher\":{\"@id\":\"https:\/\/multi-gyn.com\/si\/#organization\"},\"potentialAction\":[{\"@type\":\"SearchAction\",\"target\":{\"@type\":\"EntryPoint\",\"urlTemplate\":\"https:\/\/multi-gyn.com\/si\/?s={search_term_string}\"},\"query-input\":{\"@type\":\"PropertyValueSpecification\",\"valueRequired\":true,\"valueName\":\"search_term_string\"}}],\"inLanguage\":\"sl-SI\"},{\"@type\":\"Organization\",\"@id\":\"https:\/\/multi-gyn.com\/si\/#organization\",\"name\":\"Multi-Gyn\",\"url\":\"https:\/\/multi-gyn.com\/si\/\",\"logo\":{\"@type\":\"ImageObject\",\"inLanguage\":\"sl-SI\",\"@id\":\"https:\/\/multi-gyn.com\/si\/#\/schema\/logo\/image\/\",\"url\":\"https:\/\/multi-gyn.com\/app\/uploads\/sites\/36\/2022\/11\/multi-gyn-logo.png\",\"contentUrl\":\"https:\/\/multi-gyn.com\/app\/uploads\/sites\/36\/2022\/11\/multi-gyn-logo.png\",\"width\":149,\"height\":32,\"caption\":\"Multi-Gyn\"},\"image\":{\"@id\":\"https:\/\/multi-gyn.com\/si\/#\/schema\/logo\/image\/\"}}]}<\/script>\n<!-- \/ Yoast SEO plugin. -->","yoast_head_json":{"title":"Preventiva je bolj\u0161a kot kurativa - Multi-Gyn","description":"Preberite brezpla\u010dne nasvete o intimni negi in higieni (klikni na fotografijo za obisk zdravstvene preventive)","robots":{"index":"index","follow":"follow","max-snippet":"max-snippet:-1","max-image-preview":"max-image-preview:large","max-video-preview":"max-video-preview:-1"},"canonical":"https:\/\/multi-gyn.com\/si\/vaginalno-zdravje\/tezave\/preventiva-je-boljsa-kot-kurativa\/","og_locale":"sl_SI","og_type":"article","og_title":"Preventiva je bolj\u0161a kot kurativa - Multi-Gyn","og_description":"Preberite brezpla\u010dne nasvete o intimni negi in higieni (klikni na fotografijo za obisk zdravstvene preventive)","og_url":"https:\/\/multi-gyn.com\/si\/vaginalno-zdravje\/tezave\/preventiva-je-boljsa-kot-kurativa\/","og_site_name":"Multi-Gyn","article_modified_time":"2022-12-12T13:30:10+00:00","og_image":[{"url":"https:\/\/multi-gyn.com\/app\/uploads\/sites\/36\/2022\/12\/preventiva-flyer.jpeg","type":"","width":"","height":""}],"twitter_card":"summary_large_image","twitter_misc":{"Est. reading time":"1 minuta"},"schema":{"@context":"https:\/\/schema.org","@graph":[{"@type":"WebPage","@id":"https:\/\/multi-gyn.com\/si\/vaginalno-zdravje\/tezave\/preventiva-je-boljsa-kot-kurativa\/","url":"https:\/\/multi-gyn.com\/si\/vaginalno-zdravje\/tezave\/preventiva-je-boljsa-kot-kurativa\/","name":"Preventiva je bolj\u0161a kot kurativa - Multi-Gyn","isPartOf":{"@id":"https:\/\/multi-gyn.com\/si\/#website"},"primaryImageOfPage":{"@id":"https:\/\/multi-gyn.com\/si\/vaginalno-zdravje\/tezave\/preventiva-je-boljsa-kot-kurativa\/#primaryimage"},"image":{"@id":"https:\/\/multi-gyn.com\/si\/vaginalno-zdravje\/tezave\/preventiva-je-boljsa-kot-kurativa\/#primaryimage"},"thumbnailUrl":"https:\/\/multi-gyn.com\/app\/uploads\/sites\/36\/2022\/12\/preventiva-flyer.jpeg","datePublished":"2022-12-09T13:56:39+00:00","dateModified":"2022-12-12T13:30:10+00:00","description":"Preberite brezpla\u010dne nasvete o intimni negi in higieni (klikni na fotografijo za obisk zdravstvene preventive)","breadcrumb":{"@id":"https:\/\/multi-gyn.com\/si\/vaginalno-zdravje\/tezave\/preventiva-je-boljsa-kot-kurativa\/#breadcrumb"},"inLanguage":"sl-SI","potentialAction":[{"@type":"ReadAction","target":["https:\/\/multi-gyn.com\/si\/vaginalno-zdravje\/tezave\/preventiva-je-boljsa-kot-kurativa\/"]}]},{"@type":"ImageObject","inLanguage":"sl-SI","@id":"https:\/\/multi-gyn.com\/si\/vaginalno-zdravje\/tezave\/preventiva-je-boljsa-kot-kurativa\/#primaryimage","url":"https:\/\/multi-gyn.com\/app\/uploads\/sites\/36\/2022\/12\/preventiva-flyer.jpeg","contentUrl":"https:\/\/multi-gyn.com\/app\/uploads\/sites\/36\/2022\/12\/preventiva-flyer.jpeg"},{"@type":"BreadcrumbList","@id":"https:\/\/multi-gyn.com\/si\/vaginalno-zdravje\/tezave\/preventiva-je-boljsa-kot-kurativa\/#breadcrumb","itemListElement":[{"@type":"ListItem","position":1,"name":"Home","item":"https:\/\/multi-gyn.com\/si\/"},{"@type":"ListItem","position":2,"name":"Vaginalno zdravje","item":"https:\/\/multi-gyn.com\/si\/vaginalno-zdravje\/"},{"@type":"ListItem","position":3,"name":"Te\u017eave","item":"https:\/\/multi-gyn.com\/si\/vaginalno-zdravje\/tezave\/"},{"@type":"ListItem","position":4,"name":"Preventiva je bolj\u0161a kot kurativa"}]},{"@type":"WebSite","@id":"https:\/\/multi-gyn.com\/si\/#website","url":"https:\/\/multi-gyn.com\/si\/","name":"Multi-Gyn","description":"","publisher":{"@id":"https:\/\/multi-gyn.com\/si\/#organization"},"potentialAction":[{"@type":"SearchAction","target":{"@type":"EntryPoint","urlTemplate":"https:\/\/multi-gyn.com\/si\/?s={search_term_string}"},"query-input":{"@type":"PropertyValueSpecification","valueRequired":true,"valueName":"search_term_string"}}],"inLanguage":"sl-SI"},{"@type":"Organization","@id":"https:\/\/multi-gyn.com\/si\/#organization","name":"Multi-Gyn","url":"https:\/\/multi-gyn.com\/si\/","logo":{"@type":"ImageObject","inLanguage":"sl-SI","@id":"https:\/\/multi-gyn.com\/si\/#\/schema\/logo\/image\/","url":"https:\/\/multi-gyn.com\/app\/uploads\/sites\/36\/2022\/11\/multi-gyn-logo.png","contentUrl":"https:\/\/multi-gyn.com\/app\/uploads\/sites\/36\/2022\/11\/multi-gyn-logo.png","width":149,"height":32,"caption":"Multi-Gyn"},"image":{"@id":"https:\/\/multi-gyn.com\/si\/#\/schema\/logo\/image\/"}}]}},"_links":{"self":[{"href":"https:\/\/multi-gyn.com\/si\/wp-json\/wp\/v2\/pages\/158","targetHints":{"allow":["GET"]}}],"collection":[{"href":"https:\/\/multi-gyn.com\/si\/wp-json\/wp\/v2\/pages"}],"about":[{"href":"https:\/\/multi-gyn.com\/si\/wp-json\/wp\/v2\/types\/page"}],"author":[{"embeddable":true,"href":"https:\/\/multi-gyn.com\/si\/wp-json\/wp\/v2\/users\/2"}],"replies":[{"embeddable":true,"href":"https:\/\/multi-gyn.com\/si\/wp-json\/wp\/v2\/comments?post=158"}],"version-history":[{"count":3,"href":"https:\/\/multi-gyn.com\/si\/wp-json\/wp\/v2\/pages\/158\/revisions"}],"predecessor-version":[{"id":357,"href":"https:\/\/multi-gyn.com\/si\/wp-json\/wp\/v2\/pages\/158\/revisions\/357"}],"up":[{"embeddable":true,"href":"https:\/\/multi-gyn.com\/si\/wp-json\/wp\/v2\/pages\/96"}],"wp:attachment":[{"href":"https:\/\/multi-gyn.com\/si\/wp-json\/wp\/v2\/media?parent=158"}],"wp:term":[{"taxonomy":"from-article-database","embeddable":true,"href":"https:\/\/multi-gyn.com\/si\/wp-json\/wp\/v2\/from-article-database?post=158"}],"curies":[{"name":"wp","href":"https:\/\/api.w.org\/{rel}","templated":true}]}}