{"id":178,"date":"2022-12-09T14:59:55","date_gmt":"2022-12-09T13:59:55","guid":{"rendered":"https:\/\/multi-gyn.com\/si\/?page_id=178"},"modified":"2022-12-12T14:52:40","modified_gmt":"2022-12-12T13:52:40","slug":"vaginalna-bolecina","status":"publish","type":"page","link":"https:\/\/multi-gyn.com\/si\/vaginalno-zdravje\/tezave\/vaginalna-bolecina\/","title":{"rendered":"Vaginalna bole\u010dina"},"content":{"rendered":"\n<div class=\"wp-block-karopharma-free-text pt-large pb-large bg-center bg-cover bg-no-repeat  is-style-primary\" style=\"background-image:url()\"><div class=\"free-text-wrapper container max-w-medium text-left\">\n<h1 class=\"wp-block-heading\">Vzroki za vaginalne infekcije<\/h1>\n\n\n\n<p class=\"is-style-paragraph-preamble\">Ko se pojavi vaginalna bole\u010dina, je to ve\u010dinoma zaradi infekcije. Vendar bole\u010dino v intimnem predelu lahko povzro\u010dijo tudi razdra\u017eenost, vaginalna suhost in hormonske spremembe. Drugi simptomi, ki lahko sledijo vaginalni bole\u010dini vklju\u010dujejo srbenje, peko\u010d ob\u010dutek, ob\u010dutljivost in zbadanje.<\/p>\n<\/div><\/div>\n\n\n\n<div class=\"wp-block-karopharma-free-text pt-large pb-large bg-center bg-cover bg-no-repeat\" style=\"background-image:url()\"><div class=\"free-text-wrapper container max-w-medium text-left\">\n<p>Nekateri najpogostej\u0161i vzroki vaginalne bole\u010dine vklju\u010dujejo:<\/p>\n\n\n\n<ul class=\"is-style-default wp-block-list\"><li>Glivi\u010dno infekcijo- \u010deprav glivi\u010dna infekcija sama po sebi ne povzro\u010da bole\u010dine, povzro\u010da srbenje. Praskanje intimnega predela lahko po\u0161koduje ko\u017eo in povzro\u010di oteklino, ki lahko ima za posledico bole\u010dino in ob\u010dutljivost tam spodaj. V primeru, da ste podvr\u017eeni glivi\u010dnim infekcijam ali pa se zdravite z antibiotiki, uporabite probioti\u010den proizvod , ki lahko stimulira rast koristnih bakterij in zmanj\u0161a tveganje infekcije.<\/li><li>Razdra\u017eenost \u2013 uporaba proizvodov, ki vsebujejo ostre detergente, kemikalije ali di\u0161ave in barvila dra\u017eijo ko\u017eo in povzro\u010dajo vnetje, kar povzro\u010di oteklino, bole\u010dino in ob\u010dutljivost v intimnem predelu. Izogibajte se kakr\u0161nim koli proizvodom, ki vsebujejo tak\u0161ne sestavine, vklju\u010dno z milom, pene\u010do kopeljo, vaginalnimi razpr\u0161ilci, losjoni za telo in kremami.<\/li><li>Uporabo antibiotikov in steroidov. Ta skupina zdravil lahko pove\u010da tveganje glivi\u010dne infekcije.<\/li><li>Nose\u010dnost. Med nose\u010dnostjo je bolj verjetno, da bodo \u017eenske razvile glivi\u010dno infekcijo ali vaginalno bole\u010dino kot posledico vnetja.<\/li><li>Nekatere spolno nalezljive bolezni<\/li><li>Vaginalna suhost. \u010ce vagina ne dobi dovolj naravne laubrikacije lahko penetracija med spolnim ob\u010devanjem povzro\u010di trenje ter po\u0161kodbe tkiva, kar ima za posledico vnetje ali bole\u010dino. To lahko vodi k izgubi libida ali pa v to, da ne u\u017eivate v spolnem ob\u010devanju. \u010ce izkusite vaginalno suhost, poskusite uporabljati vaginalno vla\u017eilno sredstvo ali lubrikant, da bi olaj\u0161ali simptome. Vla\u017eilno sredstvo se nana\u0161a dnevno in ima dolgoro\u010den u\u010dinek, medtem ko lubrikant nanesemo tik pred spolnim ob\u010devanjem in je u\u010dinkovit samo kratkotrajno.<\/li><li>Vaginalna atrofija. Ta bolezen je posledica tanj\u0161anja vaginalnega tkiva in zaradi izgube pro\u017enosti zaradi padca ravni estrogena, kar se obi\u010dajno zgodi v menopavzi. Vaginalne stene, ki so tanke in suhe se lahko enostavno po\u0161kodujejo in vnamejo zaradi penetracije, kar povzro\u010di peko\u010d ob\u010dutek in bole\u010dino.<\/li><\/ul>\n<\/div><\/div>\n\n\n<div class=\"product-list wp-block-karopharma-product-list\" data-testid=\"product-list\">\n      <div class=\"swiper-container\">\n      <div class=\"swiper\">\n        <div class=\"swiper-wrapper\">\n                      <div class=\"swiper-slide\">\n              <div class=\"product-card\" data-testid=\"product-card\">\n  <a\n    href=https:\/\/multi-gyn.com\/si\/izdelek\/multi-gyn-actigel\/\n    class=\"product-card-link\"\n    title=\"Multi-Gyn ActiGel\"\n  >\n  <figure class=\"product-card-image\" data-testid=\"product-image\">\n                          <img decoding=\"async\" src=\"https:\/\/multi-gyn.com\/cdn-cgi\/image\/width=700,format=auto\/app\/uploads\/sites\/36\/2022\/12\/multi-gyn-actigel.png\"\n        srcset=\"https:\/\/multi-gyn.com\/cdn-cgi\/image\/width=250,format=auto\/app\/uploads\/sites\/36\/2022\/12\/multi-gyn-actigel.png 250w,\n                https:\/\/multi-gyn.com\/cdn-cgi\/image\/width=500,format=auto\/app\/uploads\/sites\/36\/2022\/12\/multi-gyn-actigel.png 500w,\n                https:\/\/multi-gyn.com\/cdn-cgi\/image\/width=700,format=auto\/app\/uploads\/sites\/36\/2022\/12\/multi-gyn-actigel.png 700w\"\n        sizes=\"(max-width: 400px) 250px, (max-width: 800px) 500px, 700px\"\n        alt=\"Multi-Gyn Actigel\"\n        class=\"img\">\n            <\/figure>\n    <div class=\"product-card-content\">\n      <div class=\"heading-wrapper\">\n        <h2 class=\"heading\">Multi-Gyn ActiGel<\/h2>\n      <\/div>\n      <div class=\"product-card-description\">Odpravlja in prepre\u010duje vaginalne te\u017eave\n<\/div>\n                      <\/div>\n  <\/a>\n          <div class=\"button-wrapper buy-now no-resellers\" data-testid=\"buy-now\">\n          <div class=\"buy-now-container dropdown-container\">\n    <a\n      class=\"theme-button button-primary-color rounded-button\"\n      href=\"https:\/\/www.moja-lekarna.com\/multi-gyn-actigel-50-ml\" onclick=\"dataLayer.push({'event':'ga_event', 'eventCategory':'Click on Reseller', 'eventAction':'Moja Lekerna', 'eventLabel':'Multi-Gyn ActiGel', 'eventValue': undefined})\" rel=\"noopener\" target=\"_blank\" title=\"Moja Lekerna\"\n      data-testid=\"buy-now-reseller\">\n      Kupite zdaj\n    <\/a>\n    <\/div>\n  <\/div>\n  <\/div>\n            <\/div>\n                      <div class=\"swiper-slide\">\n              <div class=\"product-card\" data-testid=\"product-card\">\n  <a\n    href=https:\/\/multi-gyn.com\/si\/izdelek\/multi-gyn-floraplus\/\n    class=\"product-card-link\"\n    title=\"Multi-Gyn FloraPlus\"\n  >\n  <figure class=\"product-card-image\" data-testid=\"product-image\">\n                          <img decoding=\"async\" src=\"https:\/\/multi-gyn.com\/cdn-cgi\/image\/width=700,format=auto\/app\/uploads\/sites\/36\/2022\/12\/MultiGyn-FloraPlus.png\"\n        srcset=\"https:\/\/multi-gyn.com\/cdn-cgi\/image\/width=250,format=auto\/app\/uploads\/sites\/36\/2022\/12\/MultiGyn-FloraPlus.png 250w,\n                https:\/\/multi-gyn.com\/cdn-cgi\/image\/width=500,format=auto\/app\/uploads\/sites\/36\/2022\/12\/MultiGyn-FloraPlus.png 500w,\n                https:\/\/multi-gyn.com\/cdn-cgi\/image\/width=700,format=auto\/app\/uploads\/sites\/36\/2022\/12\/MultiGyn-FloraPlus.png 700w\"\n        sizes=\"(max-width: 400px) 250px, (max-width: 800px) 500px, 700px\"\n        alt=\"Multi-Gyn FloraPlus\"\n        class=\"img\">\n            <\/figure>\n    <div class=\"product-card-content\">\n      <div class=\"heading-wrapper\">\n        <h2 class=\"heading\">Multi-Gyn FloraPlus<\/h2>\n      <\/div>\n      <div class=\"product-card-description\">Odpravlja in prepre\u010duje vaginalne glivi\u010dne te\u017eave<\/div>\n                      <\/div>\n  <\/a>\n          <div class=\"button-wrapper buy-now no-resellers\" data-testid=\"buy-now\">\n          <div class=\"buy-now-container dropdown-container\">\n    <a\n      class=\"theme-button button-primary-color rounded-button\"\n      href=\"https:\/\/www.moja-lekarna.com\/multi-gyn-floraplus-5x5-ml\" onclick=\"dataLayer.push({'event':'ga_event', 'eventCategory':'Click on Reseller', 'eventAction':'Moja Lekarna', 'eventLabel':'Multi-Gyn FloraPlus', 'eventValue': undefined})\" rel=\"noopener\" target=\"_blank\" title=\"Moja Lekarna\"\n      data-testid=\"buy-now-reseller\">\n      Kupite zdaj\n    <\/a>\n    <\/div>\n  <\/div>\n  <\/div>\n            <\/div>\n                      <div class=\"swiper-slide\">\n              <div class=\"product-card\" data-testid=\"product-card\">\n  <a\n    href=https:\/\/multi-gyn.com\/si\/izdelek\/multi-gyn-liquigel\/\n    class=\"product-card-link\"\n    title=\"Multi-Gyn LiquiGel\"\n  >\n  <figure class=\"product-card-image\" data-testid=\"product-image\">\n                          <img decoding=\"async\" src=\"https:\/\/multi-gyn.com\/cdn-cgi\/image\/width=700,format=auto\/app\/uploads\/sites\/36\/2022\/12\/Multi-Gyn-LiquiGel.png\"\n        srcset=\"https:\/\/multi-gyn.com\/cdn-cgi\/image\/width=250,format=auto\/app\/uploads\/sites\/36\/2022\/12\/Multi-Gyn-LiquiGel.png 250w,\n                https:\/\/multi-gyn.com\/cdn-cgi\/image\/width=500,format=auto\/app\/uploads\/sites\/36\/2022\/12\/Multi-Gyn-LiquiGel.png 500w,\n                https:\/\/multi-gyn.com\/cdn-cgi\/image\/width=700,format=auto\/app\/uploads\/sites\/36\/2022\/12\/Multi-Gyn-LiquiGel.png 700w\"\n        sizes=\"(max-width: 400px) 250px, (max-width: 800px) 500px, 700px\"\n        alt=\"Multi-Gyn LiquiGel\"\n        class=\"img\">\n            <\/figure>\n    <div class=\"product-card-content\">\n      <div class=\"heading-wrapper\">\n        <h2 class=\"heading\">Multi-Gyn LiquiGel<\/h2>\n      <\/div>\n      <div class=\"product-card-description\">Odpravlja in olaj\u0161a vaginalno suhost\n<\/div>\n                      <\/div>\n  <\/a>\n          <div class=\"button-wrapper buy-now no-resellers\" data-testid=\"buy-now\">\n          <div class=\"buy-now-container dropdown-container\">\n    <a\n      class=\"theme-button button-primary-color rounded-button\"\n      href=\"https:\/\/www.moja-lekarna.com\/multi-gyn-liquigel-tekoci-gel-30-ml\" onclick=\"dataLayer.push({'event':'ga_event', 'eventCategory':'Click on Reseller', 'eventAction':'Moja Lekarna', 'eventLabel':'Multi-Gyn LiquiGel', 'eventValue': undefined})\" rel=\"noopener\" target=\"_blank\" title=\"Moja Lekarna\"\n      data-testid=\"buy-now-reseller\">\n      Kupite zdaj\n    <\/a>\n    <\/div>\n  <\/div>\n  <\/div>\n            <\/div>\n                      <div class=\"swiper-slide\">\n              <div class=\"product-card\" data-testid=\"product-card\">\n  <a\n    href=https:\/\/multi-gyn.com\/si\/izdelek\/multi-gyn-femiwash\/\n    class=\"product-card-link\"\n    title=\"Multi-Gyn FemiWash\"\n  >\n  <figure class=\"product-card-image\" data-testid=\"product-image\">\n                          <img decoding=\"async\" src=\"https:\/\/multi-gyn.com\/cdn-cgi\/image\/width=700,format=auto\/app\/uploads\/sites\/36\/2022\/12\/MultiGyn-FemiWash.png\"\n        srcset=\"https:\/\/multi-gyn.com\/cdn-cgi\/image\/width=250,format=auto\/app\/uploads\/sites\/36\/2022\/12\/MultiGyn-FemiWash.png 250w,\n                https:\/\/multi-gyn.com\/cdn-cgi\/image\/width=500,format=auto\/app\/uploads\/sites\/36\/2022\/12\/MultiGyn-FemiWash.png 500w,\n                https:\/\/multi-gyn.com\/cdn-cgi\/image\/width=700,format=auto\/app\/uploads\/sites\/36\/2022\/12\/MultiGyn-FemiWash.png 700w\"\n        sizes=\"(max-width: 400px) 250px, (max-width: 800px) 500px, 700px\"\n        alt=\"Multi-Gyn FemiWash\"\n        class=\"img\">\n            <\/figure>\n    <div class=\"product-card-content\">\n      <div class=\"heading-wrapper\">\n        <h2 class=\"heading\">Multi-Gyn FemiWash<\/h2>\n      <\/div>\n      <div class=\"product-card-description\">Za ne\u017eno in skrbno intimno higieno brez mila\n<\/div>\n                      <\/div>\n  <\/a>\n          <div class=\"button-wrapper buy-now no-resellers\" data-testid=\"buy-now\">\n          <div class=\"buy-now-container dropdown-container\">\n    <a\n      class=\"theme-button button-primary-color rounded-button\"\n      href=\"https:\/\/www.moja-lekarna.com\/multi-gyn-femiwash-pena-100-ml\" onclick=\"dataLayer.push({'event':'ga_event', 'eventCategory':'Click on Reseller', 'eventAction':'Moja Lekarna', 'eventLabel':'Multi-Gyn FemiWash', 'eventValue': undefined})\" rel=\"noopener\" target=\"_blank\" title=\"Moja Lekarna\"\n      data-testid=\"buy-now-reseller\">\n      Kupite zdaj\n    <\/a>\n    <\/div>\n  <\/div>\n  <\/div>\n            <\/div>\n                      <div class=\"swiper-slide\">\n              <div class=\"product-card\" data-testid=\"product-card\">\n  <a\n    href=https:\/\/multi-gyn.com\/si\/izdelek\/multi-gyn-intiskin\/\n    class=\"product-card-link\"\n    title=\"Multi-Gyn IntiSkin\"\n  >\n  <figure class=\"product-card-image\" data-testid=\"product-image\">\n                          <img decoding=\"async\" src=\"https:\/\/multi-gyn.com\/cdn-cgi\/image\/width=700,format=auto\/app\/uploads\/sites\/36\/2022\/12\/MultiGyn-IntiSkin.png\"\n        srcset=\"https:\/\/multi-gyn.com\/cdn-cgi\/image\/width=250,format=auto\/app\/uploads\/sites\/36\/2022\/12\/MultiGyn-IntiSkin.png 250w,\n                https:\/\/multi-gyn.com\/cdn-cgi\/image\/width=500,format=auto\/app\/uploads\/sites\/36\/2022\/12\/MultiGyn-IntiSkin.png 500w,\n                https:\/\/multi-gyn.com\/cdn-cgi\/image\/width=700,format=auto\/app\/uploads\/sites\/36\/2022\/12\/MultiGyn-IntiSkin.png 700w\"\n        sizes=\"(max-width: 400px) 250px, (max-width: 800px) 500px, 700px\"\n        alt=\"Multi-Gyn IntiSkin\"\n        class=\"img\">\n            <\/figure>\n    <div class=\"product-card-content\">\n      <div class=\"heading-wrapper\">\n        <h2 class=\"heading\">Multi-Gyn IntiSkin<\/h2>\n      <\/div>\n      <div class=\"product-card-description\">Neposredno olaj\u0161anje te\u017eav v intimnem podro\u010dju ko\u017ee in sluznice\n<\/div>\n                      <\/div>\n  <\/a>\n          <div class=\"button-wrapper buy-now no-resellers\" data-testid=\"buy-now\">\n          <div class=\"buy-now-container dropdown-container\">\n    <a\n      class=\"theme-button button-primary-color rounded-button\"\n      href=\"https:\/\/www.moja-lekarna.com\/multi-gyn-intiskin-sprej-40-ml\" onclick=\"dataLayer.push({'event':'ga_event', 'eventCategory':'Click on Reseller', 'eventAction':'Moja Lekarna', 'eventLabel':'Multi-Gyn IntiSkin', 'eventValue': undefined})\" rel=\"noopener\" target=\"_blank\" title=\"Moja Lekarna\"\n      data-testid=\"buy-now-reseller\">\n      Kupite zdaj\n    <\/a>\n    <\/div>\n  <\/div>\n  <\/div>\n            <\/div>\n                      <div class=\"swiper-slide\">\n              <div class=\"product-card\" data-testid=\"product-card\">\n  <a\n    href=https:\/\/multi-gyn.com\/si\/izdelek\/multi-gyn-intifresh\/\n    class=\"product-card-link\"\n    title=\"Multi-Gyn IntiFresh\"\n  >\n  <figure class=\"product-card-image\" data-testid=\"product-image\">\n                          <img decoding=\"async\" src=\"https:\/\/multi-gyn.com\/cdn-cgi\/image\/width=700,format=auto\/app\/uploads\/sites\/36\/2022\/12\/Multi-Gyn-IntiFresh.png\"\n        srcset=\"https:\/\/multi-gyn.com\/cdn-cgi\/image\/width=250,format=auto\/app\/uploads\/sites\/36\/2022\/12\/Multi-Gyn-IntiFresh.png 250w,\n                https:\/\/multi-gyn.com\/cdn-cgi\/image\/width=500,format=auto\/app\/uploads\/sites\/36\/2022\/12\/Multi-Gyn-IntiFresh.png 500w,\n                https:\/\/multi-gyn.com\/cdn-cgi\/image\/width=700,format=auto\/app\/uploads\/sites\/36\/2022\/12\/Multi-Gyn-IntiFresh.png 700w\"\n        sizes=\"(max-width: 400px) 250px, (max-width: 800px) 500px, 700px\"\n        alt=\"Multi-Gyn-IntiFresh\"\n        class=\"img\">\n            <\/figure>\n    <div class=\"product-card-content\">\n      <div class=\"heading-wrapper\">\n        <h2 class=\"heading\">Multi-Gyn IntiFresh<\/h2>\n      <\/div>\n      <div class=\"product-card-description\">Intimni rob\u010dki za dolgoro\u010den sve\u017e ob\u010dutek\n<\/div>\n                      <\/div>\n  <\/a>\n          <div class=\"button-wrapper buy-now no-resellers\" data-testid=\"buy-now\">\n          <div class=\"buy-now-container dropdown-container\">\n    <a\n      class=\"theme-button button-primary-color rounded-button\"\n      href=\"https:\/\/www.moja-lekarna.com\/multi-gyn-intifresh-robcki-za-intimno-nego-12-robckov\" onclick=\"dataLayer.push({'event':'ga_event', 'eventCategory':'Click on Reseller', 'eventAction':'Moja Lekarna', 'eventLabel':'Multi-Gyn IntiFresh', 'eventValue': undefined})\" rel=\"noopener\" target=\"_blank\" title=\"Moja Lekarna\"\n      data-testid=\"buy-now-reseller\">\n      Kupite zdaj\n    <\/a>\n    <\/div>\n  <\/div>\n  <\/div>\n            <\/div>\n                      <div class=\"swiper-slide\">\n              <div class=\"product-card\" data-testid=\"product-card\">\n  <a\n    href=https:\/\/multi-gyn.com\/si\/izdelek\/multi-gyn-vaginal-douche-and-tablets\/\n    class=\"product-card-link\"\n    title=\"Multi-Gyn Vaginal Douche and Tablets\"\n  >\n  <figure class=\"product-card-image\" data-testid=\"product-image\">\n                          <img decoding=\"async\" src=\"https:\/\/multi-gyn.com\/cdn-cgi\/image\/width=700,format=auto\/app\/uploads\/sites\/36\/2022\/12\/Multi-Gyn-VaginalDouche.png\"\n        srcset=\"https:\/\/multi-gyn.com\/cdn-cgi\/image\/width=250,format=auto\/app\/uploads\/sites\/36\/2022\/12\/Multi-Gyn-VaginalDouche.png 250w,\n                https:\/\/multi-gyn.com\/cdn-cgi\/image\/width=500,format=auto\/app\/uploads\/sites\/36\/2022\/12\/Multi-Gyn-VaginalDouche.png 500w,\n                https:\/\/multi-gyn.com\/cdn-cgi\/image\/width=700,format=auto\/app\/uploads\/sites\/36\/2022\/12\/Multi-Gyn-VaginalDouche.png 700w\"\n        sizes=\"(max-width: 400px) 250px, (max-width: 800px) 500px, 700px\"\n        alt=\"Multi-Gyn VaginalDouche\"\n        class=\"img\">\n            <\/figure>\n    <div class=\"product-card-content\">\n      <div class=\"heading-wrapper\">\n        <h2 class=\"heading\">Multi-Gyn Vaginal Douche and Tablets<\/h2>\n      <\/div>\n      <div class=\"product-card-description\">Za optimalno higieno vagine\n<\/div>\n                      <\/div>\n  <\/a>\n          <div class=\"button-wrapper buy-now no-resellers\" data-testid=\"buy-now\">\n          <div class=\"buy-now-container dropdown-container\">\n    <a\n      class=\"theme-button button-primary-color rounded-button\"\n      href=\"https:\/\/www.moja-lekarna.com\/multi-gyn-komplet-vaginalna-prha-in-sumece-tablete\" onclick=\"dataLayer.push({'event':'ga_event', 'eventCategory':'Click on Reseller', 'eventAction':'Moja Lekarna', 'eventLabel':'Multi-Gyn Vaginal Douche and Tablets', 'eventValue': undefined})\" rel=\"noopener\" target=\"_blank\" title=\"Moja Lekarna\"\n      data-testid=\"buy-now-reseller\">\n      Kupite zdaj\n    <\/a>\n    <\/div>\n  <\/div>\n  <\/div>\n            <\/div>\n                  <\/div>\n        <div class=\"swiper-scrollbar\"><\/div>\n      <\/div>\n    <\/div>\n  <\/div>\n","protected":false},"excerpt":{"rendered":"","protected":false},"author":2,"featured_media":0,"parent":96,"menu_order":11,"comment_status":"closed","ping_status":"closed","template":"","meta":{"_acf_changed":false,"footnotes":""},"from-article-database":[],"class_list":["post-178","page","type-page","status-publish","hentry"],"acf":[],"yoast_head":"<!-- This site is optimized with the Yoast SEO plugin v26.6 - https:\/\/yoast.com\/wordpress\/plugins\/seo\/ -->\n<title>Vaginalna bole\u010dina - Multi-Gyn<\/title>\n<meta name=\"description\" content=\"Ko se pojavi vaginalna bole\u010dina, je to ve\u010dinoma zaradi infekcije.\" \/>\n<meta name=\"robots\" content=\"index, follow, max-snippet:-1, max-image-preview:large, max-video-preview:-1\" \/>\n<link rel=\"canonical\" href=\"https:\/\/multi-gyn.com\/si\/vaginalno-zdravje\/tezave\/vaginalna-bolecina\/\" \/>\n<meta property=\"og:locale\" content=\"sl_SI\" \/>\n<meta property=\"og:type\" content=\"article\" \/>\n<meta property=\"og:title\" content=\"Vaginalna bole\u010dina - Multi-Gyn\" \/>\n<meta property=\"og:description\" content=\"Ko se pojavi vaginalna bole\u010dina, je to ve\u010dinoma zaradi infekcije.\" \/>\n<meta property=\"og:url\" content=\"https:\/\/multi-gyn.com\/si\/vaginalno-zdravje\/tezave\/vaginalna-bolecina\/\" \/>\n<meta property=\"og:site_name\" content=\"Multi-Gyn\" \/>\n<meta property=\"article:modified_time\" content=\"2022-12-12T13:52:40+00:00\" \/>\n<meta name=\"twitter:card\" content=\"summary_large_image\" \/>\n<meta name=\"twitter:label1\" content=\"Est. reading time\" \/>\n\t<meta name=\"twitter:data1\" content=\"2 minuti\" \/>\n<script type=\"application\/ld+json\" class=\"yoast-schema-graph\">{\"@context\":\"https:\/\/schema.org\",\"@graph\":[{\"@type\":\"WebPage\",\"@id\":\"https:\/\/multi-gyn.com\/si\/vaginalno-zdravje\/tezave\/vaginalna-bolecina\/\",\"url\":\"https:\/\/multi-gyn.com\/si\/vaginalno-zdravje\/tezave\/vaginalna-bolecina\/\",\"name\":\"Vaginalna bole\u010dina - Multi-Gyn\",\"isPartOf\":{\"@id\":\"https:\/\/multi-gyn.com\/si\/#website\"},\"datePublished\":\"2022-12-09T13:59:55+00:00\",\"dateModified\":\"2022-12-12T13:52:40+00:00\",\"description\":\"Ko se pojavi vaginalna bole\u010dina, je to ve\u010dinoma zaradi infekcije.\",\"breadcrumb\":{\"@id\":\"https:\/\/multi-gyn.com\/si\/vaginalno-zdravje\/tezave\/vaginalna-bolecina\/#breadcrumb\"},\"inLanguage\":\"sl-SI\",\"potentialAction\":[{\"@type\":\"ReadAction\",\"target\":[\"https:\/\/multi-gyn.com\/si\/vaginalno-zdravje\/tezave\/vaginalna-bolecina\/\"]}]},{\"@type\":\"BreadcrumbList\",\"@id\":\"https:\/\/multi-gyn.com\/si\/vaginalno-zdravje\/tezave\/vaginalna-bolecina\/#breadcrumb\",\"itemListElement\":[{\"@type\":\"ListItem\",\"position\":1,\"name\":\"Home\",\"item\":\"https:\/\/multi-gyn.com\/si\/\"},{\"@type\":\"ListItem\",\"position\":2,\"name\":\"Vaginalno zdravje\",\"item\":\"https:\/\/multi-gyn.com\/si\/vaginalno-zdravje\/\"},{\"@type\":\"ListItem\",\"position\":3,\"name\":\"Te\u017eave\",\"item\":\"https:\/\/multi-gyn.com\/si\/vaginalno-zdravje\/tezave\/\"},{\"@type\":\"ListItem\",\"position\":4,\"name\":\"Vaginalna bole\u010dina\"}]},{\"@type\":\"WebSite\",\"@id\":\"https:\/\/multi-gyn.com\/si\/#website\",\"url\":\"https:\/\/multi-gyn.com\/si\/\",\"name\":\"Multi-Gyn\",\"description\":\"\",\"publisher\":{\"@id\":\"https:\/\/multi-gyn.com\/si\/#organization\"},\"potentialAction\":[{\"@type\":\"SearchAction\",\"target\":{\"@type\":\"EntryPoint\",\"urlTemplate\":\"https:\/\/multi-gyn.com\/si\/?s={search_term_string}\"},\"query-input\":{\"@type\":\"PropertyValueSpecification\",\"valueRequired\":true,\"valueName\":\"search_term_string\"}}],\"inLanguage\":\"sl-SI\"},{\"@type\":\"Organization\",\"@id\":\"https:\/\/multi-gyn.com\/si\/#organization\",\"name\":\"Multi-Gyn\",\"url\":\"https:\/\/multi-gyn.com\/si\/\",\"logo\":{\"@type\":\"ImageObject\",\"inLanguage\":\"sl-SI\",\"@id\":\"https:\/\/multi-gyn.com\/si\/#\/schema\/logo\/image\/\",\"url\":\"https:\/\/multi-gyn.com\/app\/uploads\/sites\/36\/2022\/11\/multi-gyn-logo.png\",\"contentUrl\":\"https:\/\/multi-gyn.com\/app\/uploads\/sites\/36\/2022\/11\/multi-gyn-logo.png\",\"width\":149,\"height\":32,\"caption\":\"Multi-Gyn\"},\"image\":{\"@id\":\"https:\/\/multi-gyn.com\/si\/#\/schema\/logo\/image\/\"}}]}<\/script>\n<!-- \/ Yoast SEO plugin. -->","yoast_head_json":{"title":"Vaginalna bole\u010dina - Multi-Gyn","description":"Ko se pojavi vaginalna bole\u010dina, je to ve\u010dinoma zaradi infekcije.","robots":{"index":"index","follow":"follow","max-snippet":"max-snippet:-1","max-image-preview":"max-image-preview:large","max-video-preview":"max-video-preview:-1"},"canonical":"https:\/\/multi-gyn.com\/si\/vaginalno-zdravje\/tezave\/vaginalna-bolecina\/","og_locale":"sl_SI","og_type":"article","og_title":"Vaginalna bole\u010dina - Multi-Gyn","og_description":"Ko se pojavi vaginalna bole\u010dina, je to ve\u010dinoma zaradi infekcije.","og_url":"https:\/\/multi-gyn.com\/si\/vaginalno-zdravje\/tezave\/vaginalna-bolecina\/","og_site_name":"Multi-Gyn","article_modified_time":"2022-12-12T13:52:40+00:00","twitter_card":"summary_large_image","twitter_misc":{"Est. reading time":"2 minuti"},"schema":{"@context":"https:\/\/schema.org","@graph":[{"@type":"WebPage","@id":"https:\/\/multi-gyn.com\/si\/vaginalno-zdravje\/tezave\/vaginalna-bolecina\/","url":"https:\/\/multi-gyn.com\/si\/vaginalno-zdravje\/tezave\/vaginalna-bolecina\/","name":"Vaginalna bole\u010dina - Multi-Gyn","isPartOf":{"@id":"https:\/\/multi-gyn.com\/si\/#website"},"datePublished":"2022-12-09T13:59:55+00:00","dateModified":"2022-12-12T13:52:40+00:00","description":"Ko se pojavi vaginalna bole\u010dina, je to ve\u010dinoma zaradi infekcije.","breadcrumb":{"@id":"https:\/\/multi-gyn.com\/si\/vaginalno-zdravje\/tezave\/vaginalna-bolecina\/#breadcrumb"},"inLanguage":"sl-SI","potentialAction":[{"@type":"ReadAction","target":["https:\/\/multi-gyn.com\/si\/vaginalno-zdravje\/tezave\/vaginalna-bolecina\/"]}]},{"@type":"BreadcrumbList","@id":"https:\/\/multi-gyn.com\/si\/vaginalno-zdravje\/tezave\/vaginalna-bolecina\/#breadcrumb","itemListElement":[{"@type":"ListItem","position":1,"name":"Home","item":"https:\/\/multi-gyn.com\/si\/"},{"@type":"ListItem","position":2,"name":"Vaginalno zdravje","item":"https:\/\/multi-gyn.com\/si\/vaginalno-zdravje\/"},{"@type":"ListItem","position":3,"name":"Te\u017eave","item":"https:\/\/multi-gyn.com\/si\/vaginalno-zdravje\/tezave\/"},{"@type":"ListItem","position":4,"name":"Vaginalna bole\u010dina"}]},{"@type":"WebSite","@id":"https:\/\/multi-gyn.com\/si\/#website","url":"https:\/\/multi-gyn.com\/si\/","name":"Multi-Gyn","description":"","publisher":{"@id":"https:\/\/multi-gyn.com\/si\/#organization"},"potentialAction":[{"@type":"SearchAction","target":{"@type":"EntryPoint","urlTemplate":"https:\/\/multi-gyn.com\/si\/?s={search_term_string}"},"query-input":{"@type":"PropertyValueSpecification","valueRequired":true,"valueName":"search_term_string"}}],"inLanguage":"sl-SI"},{"@type":"Organization","@id":"https:\/\/multi-gyn.com\/si\/#organization","name":"Multi-Gyn","url":"https:\/\/multi-gyn.com\/si\/","logo":{"@type":"ImageObject","inLanguage":"sl-SI","@id":"https:\/\/multi-gyn.com\/si\/#\/schema\/logo\/image\/","url":"https:\/\/multi-gyn.com\/app\/uploads\/sites\/36\/2022\/11\/multi-gyn-logo.png","contentUrl":"https:\/\/multi-gyn.com\/app\/uploads\/sites\/36\/2022\/11\/multi-gyn-logo.png","width":149,"height":32,"caption":"Multi-Gyn"},"image":{"@id":"https:\/\/multi-gyn.com\/si\/#\/schema\/logo\/image\/"}}]}},"_links":{"self":[{"href":"https:\/\/multi-gyn.com\/si\/wp-json\/wp\/v2\/pages\/178","targetHints":{"allow":["GET"]}}],"collection":[{"href":"https:\/\/multi-gyn.com\/si\/wp-json\/wp\/v2\/pages"}],"about":[{"href":"https:\/\/multi-gyn.com\/si\/wp-json\/wp\/v2\/types\/page"}],"author":[{"embeddable":true,"href":"https:\/\/multi-gyn.com\/si\/wp-json\/wp\/v2\/users\/2"}],"replies":[{"embeddable":true,"href":"https:\/\/multi-gyn.com\/si\/wp-json\/wp\/v2\/comments?post=178"}],"version-history":[{"count":2,"href":"https:\/\/multi-gyn.com\/si\/wp-json\/wp\/v2\/pages\/178\/revisions"}],"predecessor-version":[{"id":367,"href":"https:\/\/multi-gyn.com\/si\/wp-json\/wp\/v2\/pages\/178\/revisions\/367"}],"up":[{"embeddable":true,"href":"https:\/\/multi-gyn.com\/si\/wp-json\/wp\/v2\/pages\/96"}],"wp:attachment":[{"href":"https:\/\/multi-gyn.com\/si\/wp-json\/wp\/v2\/media?parent=178"}],"wp:term":[{"taxonomy":"from-article-database","embeddable":true,"href":"https:\/\/multi-gyn.com\/si\/wp-json\/wp\/v2\/from-article-database?post=178"}],"curies":[{"name":"wp","href":"https:\/\/api.w.org\/{rel}","templated":true}]}}