{"id":39,"date":"2022-12-07T14:52:30","date_gmt":"2022-12-07T13:52:30","guid":{"rendered":"https:\/\/multi-gyn.com\/si\/?page_id=39"},"modified":"2025-10-10T12:51:03","modified_gmt":"2025-10-10T10:51:03","slug":"iskalnik-resitev","status":"publish","type":"page","link":"https:\/\/multi-gyn.com\/si\/iskalnik-resitev\/","title":{"rendered":"Iskalnik re\u0161itev"},"content":{"rendered":"\n<div class=\"wp-block-karopharma-free-text pt-large pb-large bg-center bg-cover bg-no-repeat\" style=\"background-image:url(https:\/\/multi-gyn.com\/cdn-cgi\/image\/format=auto\/app\/uploads\/sites\/36\/2025\/10\/Multi-Gyn_1920x750_Banner_FindSolution.jpg)\"><div class=\"free-text-wrapper container max-w-large text-left\">\n<div style=\"height:100px\" aria-hidden=\"true\" class=\"wp-block-spacer is-style-responsive-medium\"><\/div>\n\n\n\n<h1 class=\"wp-block-heading has-text-align-center is-style-heading-huge has-white-color has-text-color\">Kareri Multi-Gyn proizvod naj izberem?<\/h1>\n\n\n\n<div style=\"height:100px\" aria-hidden=\"true\" class=\"wp-block-spacer is-style-responsive-medium\"><\/div>\n<\/div><\/div>\n\n\n\n<div class=\"wp-block-karopharma-free-text pt-large pb-large bg-center bg-cover bg-no-repeat  is-style-primary\" style=\"background-image:url()\"><div class=\"free-text-wrapper container max-w-medium text-center\">\n<p class=\"is-style-paragraph-preamble\">Ne glede na to ali ste stari 15 ali 55 let vas lahko intimno zdravje zmede, \u0161e posebej \u010de stvari niso tak\u0161ne kot bi kmorale biti.<\/p>\n\n\n\n<p class=\"is-style-paragraph-preamble\">Ne povzro\u010dajte si preglavic-tukaj ste v varnih rokah.<\/p>\n\n\n\n<p class=\"is-style-paragraph-preamble\">Ne glede na to ali gre za izcedek, bakterijsko vaginozo ali vaginalno suhost, mi smo tukaj, da vam pomagamo stvar urediti ter vam v najkraj\u0161em mo\u017enem \u010dasu povrniti odli\u010dno po\u010dutje.<\/p>\n\n\n\n<div style=\"height:20px\" aria-hidden=\"true\" class=\"wp-block-spacer is-style-default\"><\/div>\n\n\n\n<button data-tf-popup=\"LJtQHjEr\" data-tf-iframe-props=\"title=Multi-Gyn\" data-tf-medium=\"snippet\" style=\"all:unset;font-family:Helvetica,Arial,sans-serif;display:inline-block;max-width:100%;white-space:nowrap;overflow:hidden;text-overflow:ellipsis;background-color:#753cbe;color:#FFFFFF;font-size:20px;border-radius:25px;padding:0 33px;font-weight:bold;height:50px;cursor:pointer;line-height:50px;text-align:center;margin:0;text-decoration:none;\">Za\u017eenite iskalnik re\u0161itev<\/button><script src=\"\/\/embed.typeform.com\/next\/embed.js\"><\/script>\n<\/div><\/div>\n\n\n<div class=\"product-list wp-block-karopharma-product-list\" data-testid=\"product-list\">\n      <div class=\"swiper-container\">\n      <div class=\"swiper\">\n        <div class=\"swiper-wrapper\">\n                      <div class=\"swiper-slide\">\n              <div class=\"product-card\" data-testid=\"product-card\">\n  <a\n    href=https:\/\/multi-gyn.com\/si\/izdelek\/multi-gyn-actigel\/\n    class=\"product-card-link\"\n    title=\"Multi-Gyn ActiGel\"\n  >\n  <figure class=\"product-card-image\" data-testid=\"product-image\">\n                          <img decoding=\"async\" src=\"https:\/\/multi-gyn.com\/cdn-cgi\/image\/width=700,format=auto\/app\/uploads\/sites\/36\/2022\/12\/multi-gyn-actigel.png\"\n        srcset=\"https:\/\/multi-gyn.com\/cdn-cgi\/image\/width=250,format=auto\/app\/uploads\/sites\/36\/2022\/12\/multi-gyn-actigel.png 250w,\n                https:\/\/multi-gyn.com\/cdn-cgi\/image\/width=500,format=auto\/app\/uploads\/sites\/36\/2022\/12\/multi-gyn-actigel.png 500w,\n                https:\/\/multi-gyn.com\/cdn-cgi\/image\/width=700,format=auto\/app\/uploads\/sites\/36\/2022\/12\/multi-gyn-actigel.png 700w\"\n        sizes=\"(max-width: 400px) 250px, (max-width: 800px) 500px, 700px\"\n        alt=\"Multi-Gyn Actigel\"\n        class=\"img\">\n            <\/figure>\n    <div class=\"product-card-content\">\n      <div class=\"heading-wrapper\">\n        <h2 class=\"heading\">Multi-Gyn ActiGel<\/h2>\n      <\/div>\n      <div class=\"product-card-description\">Odpravlja in prepre\u010duje vaginalne te\u017eave\n<\/div>\n                      <\/div>\n  <\/a>\n          <div class=\"button-wrapper buy-now no-resellers\" data-testid=\"buy-now\">\n          <div class=\"buy-now-container dropdown-container\">\n    <a\n      class=\"theme-button button-primary-color rounded-button\"\n      href=\"https:\/\/www.moja-lekarna.com\/multi-gyn-actigel-50-ml\" onclick=\"dataLayer.push({'event':'ga_event', 'eventCategory':'Click on Reseller', 'eventAction':'Moja Lekerna', 'eventLabel':'Multi-Gyn ActiGel', 'eventValue': undefined})\" rel=\"noopener\" target=\"_blank\" title=\"Moja Lekerna\"\n      data-testid=\"buy-now-reseller\">\n      Kupite zdaj\n    <\/a>\n    <\/div>\n  <\/div>\n  <\/div>\n            <\/div>\n                      <div class=\"swiper-slide\">\n              <div class=\"product-card\" data-testid=\"product-card\">\n  <a\n    href=https:\/\/multi-gyn.com\/si\/izdelek\/multi-gyn-floraplus\/\n    class=\"product-card-link\"\n    title=\"Multi-Gyn FloraPlus\"\n  >\n  <figure class=\"product-card-image\" data-testid=\"product-image\">\n                          <img decoding=\"async\" src=\"https:\/\/multi-gyn.com\/cdn-cgi\/image\/width=700,format=auto\/app\/uploads\/sites\/36\/2022\/12\/MultiGyn-FloraPlus.png\"\n        srcset=\"https:\/\/multi-gyn.com\/cdn-cgi\/image\/width=250,format=auto\/app\/uploads\/sites\/36\/2022\/12\/MultiGyn-FloraPlus.png 250w,\n                https:\/\/multi-gyn.com\/cdn-cgi\/image\/width=500,format=auto\/app\/uploads\/sites\/36\/2022\/12\/MultiGyn-FloraPlus.png 500w,\n                https:\/\/multi-gyn.com\/cdn-cgi\/image\/width=700,format=auto\/app\/uploads\/sites\/36\/2022\/12\/MultiGyn-FloraPlus.png 700w\"\n        sizes=\"(max-width: 400px) 250px, (max-width: 800px) 500px, 700px\"\n        alt=\"Multi-Gyn FloraPlus\"\n        class=\"img\">\n            <\/figure>\n    <div class=\"product-card-content\">\n      <div class=\"heading-wrapper\">\n        <h2 class=\"heading\">Multi-Gyn FloraPlus<\/h2>\n      <\/div>\n      <div class=\"product-card-description\">Odpravlja in prepre\u010duje vaginalne glivi\u010dne te\u017eave<\/div>\n                      <\/div>\n  <\/a>\n          <div class=\"button-wrapper buy-now no-resellers\" data-testid=\"buy-now\">\n          <div class=\"buy-now-container dropdown-container\">\n    <a\n      class=\"theme-button button-primary-color rounded-button\"\n      href=\"https:\/\/www.moja-lekarna.com\/multi-gyn-floraplus-5x5-ml\" onclick=\"dataLayer.push({'event':'ga_event', 'eventCategory':'Click on Reseller', 'eventAction':'Moja Lekarna', 'eventLabel':'Multi-Gyn FloraPlus', 'eventValue': undefined})\" rel=\"noopener\" target=\"_blank\" title=\"Moja Lekarna\"\n      data-testid=\"buy-now-reseller\">\n      Kupite zdaj\n    <\/a>\n    <\/div>\n  <\/div>\n  <\/div>\n            <\/div>\n                      <div class=\"swiper-slide\">\n              <div class=\"product-card\" data-testid=\"product-card\">\n  <a\n    href=https:\/\/multi-gyn.com\/si\/izdelek\/multi-gyn-liquigel\/\n    class=\"product-card-link\"\n    title=\"Multi-Gyn LiquiGel\"\n  >\n  <figure class=\"product-card-image\" data-testid=\"product-image\">\n                          <img decoding=\"async\" src=\"https:\/\/multi-gyn.com\/cdn-cgi\/image\/width=700,format=auto\/app\/uploads\/sites\/36\/2022\/12\/Multi-Gyn-LiquiGel.png\"\n        srcset=\"https:\/\/multi-gyn.com\/cdn-cgi\/image\/width=250,format=auto\/app\/uploads\/sites\/36\/2022\/12\/Multi-Gyn-LiquiGel.png 250w,\n                https:\/\/multi-gyn.com\/cdn-cgi\/image\/width=500,format=auto\/app\/uploads\/sites\/36\/2022\/12\/Multi-Gyn-LiquiGel.png 500w,\n                https:\/\/multi-gyn.com\/cdn-cgi\/image\/width=700,format=auto\/app\/uploads\/sites\/36\/2022\/12\/Multi-Gyn-LiquiGel.png 700w\"\n        sizes=\"(max-width: 400px) 250px, (max-width: 800px) 500px, 700px\"\n        alt=\"Multi-Gyn LiquiGel\"\n        class=\"img\">\n            <\/figure>\n    <div class=\"product-card-content\">\n      <div class=\"heading-wrapper\">\n        <h2 class=\"heading\">Multi-Gyn LiquiGel<\/h2>\n      <\/div>\n      <div class=\"product-card-description\">Odpravlja in olaj\u0161a vaginalno suhost\n<\/div>\n                      <\/div>\n  <\/a>\n          <div class=\"button-wrapper buy-now no-resellers\" data-testid=\"buy-now\">\n          <div class=\"buy-now-container dropdown-container\">\n    <a\n      class=\"theme-button button-primary-color rounded-button\"\n      href=\"https:\/\/www.moja-lekarna.com\/multi-gyn-liquigel-tekoci-gel-30-ml\" onclick=\"dataLayer.push({'event':'ga_event', 'eventCategory':'Click on Reseller', 'eventAction':'Moja Lekarna', 'eventLabel':'Multi-Gyn LiquiGel', 'eventValue': undefined})\" rel=\"noopener\" target=\"_blank\" title=\"Moja Lekarna\"\n      data-testid=\"buy-now-reseller\">\n      Kupite zdaj\n    <\/a>\n    <\/div>\n  <\/div>\n  <\/div>\n            <\/div>\n                      <div class=\"swiper-slide\">\n              <div class=\"product-card\" data-testid=\"product-card\">\n  <a\n    href=https:\/\/multi-gyn.com\/si\/izdelek\/multi-gyn-femiwash\/\n    class=\"product-card-link\"\n    title=\"Multi-Gyn FemiWash\"\n  >\n  <figure class=\"product-card-image\" data-testid=\"product-image\">\n                          <img decoding=\"async\" src=\"https:\/\/multi-gyn.com\/cdn-cgi\/image\/width=700,format=auto\/app\/uploads\/sites\/36\/2022\/12\/MultiGyn-FemiWash.png\"\n        srcset=\"https:\/\/multi-gyn.com\/cdn-cgi\/image\/width=250,format=auto\/app\/uploads\/sites\/36\/2022\/12\/MultiGyn-FemiWash.png 250w,\n                https:\/\/multi-gyn.com\/cdn-cgi\/image\/width=500,format=auto\/app\/uploads\/sites\/36\/2022\/12\/MultiGyn-FemiWash.png 500w,\n                https:\/\/multi-gyn.com\/cdn-cgi\/image\/width=700,format=auto\/app\/uploads\/sites\/36\/2022\/12\/MultiGyn-FemiWash.png 700w\"\n        sizes=\"(max-width: 400px) 250px, (max-width: 800px) 500px, 700px\"\n        alt=\"Multi-Gyn FemiWash\"\n        class=\"img\">\n            <\/figure>\n    <div class=\"product-card-content\">\n      <div class=\"heading-wrapper\">\n        <h2 class=\"heading\">Multi-Gyn FemiWash<\/h2>\n      <\/div>\n      <div class=\"product-card-description\">Za ne\u017eno in skrbno intimno higieno brez mila\n<\/div>\n                      <\/div>\n  <\/a>\n          <div class=\"button-wrapper buy-now no-resellers\" data-testid=\"buy-now\">\n          <div class=\"buy-now-container dropdown-container\">\n    <a\n      class=\"theme-button button-primary-color rounded-button\"\n      href=\"https:\/\/www.moja-lekarna.com\/multi-gyn-femiwash-pena-100-ml\" onclick=\"dataLayer.push({'event':'ga_event', 'eventCategory':'Click on Reseller', 'eventAction':'Moja Lekarna', 'eventLabel':'Multi-Gyn FemiWash', 'eventValue': undefined})\" rel=\"noopener\" target=\"_blank\" title=\"Moja Lekarna\"\n      data-testid=\"buy-now-reseller\">\n      Kupite zdaj\n    <\/a>\n    <\/div>\n  <\/div>\n  <\/div>\n            <\/div>\n                      <div class=\"swiper-slide\">\n              <div class=\"product-card\" data-testid=\"product-card\">\n  <a\n    href=https:\/\/multi-gyn.com\/si\/izdelek\/multi-gyn-intiskin\/\n    class=\"product-card-link\"\n    title=\"Multi-Gyn IntiSkin\"\n  >\n  <figure class=\"product-card-image\" data-testid=\"product-image\">\n                          <img decoding=\"async\" src=\"https:\/\/multi-gyn.com\/cdn-cgi\/image\/width=700,format=auto\/app\/uploads\/sites\/36\/2022\/12\/MultiGyn-IntiSkin.png\"\n        srcset=\"https:\/\/multi-gyn.com\/cdn-cgi\/image\/width=250,format=auto\/app\/uploads\/sites\/36\/2022\/12\/MultiGyn-IntiSkin.png 250w,\n                https:\/\/multi-gyn.com\/cdn-cgi\/image\/width=500,format=auto\/app\/uploads\/sites\/36\/2022\/12\/MultiGyn-IntiSkin.png 500w,\n                https:\/\/multi-gyn.com\/cdn-cgi\/image\/width=700,format=auto\/app\/uploads\/sites\/36\/2022\/12\/MultiGyn-IntiSkin.png 700w\"\n        sizes=\"(max-width: 400px) 250px, (max-width: 800px) 500px, 700px\"\n        alt=\"Multi-Gyn IntiSkin\"\n        class=\"img\">\n            <\/figure>\n    <div class=\"product-card-content\">\n      <div class=\"heading-wrapper\">\n        <h2 class=\"heading\">Multi-Gyn IntiSkin<\/h2>\n      <\/div>\n      <div class=\"product-card-description\">Neposredno olaj\u0161anje te\u017eav v intimnem podro\u010dju ko\u017ee in sluznice\n<\/div>\n                      <\/div>\n  <\/a>\n          <div class=\"button-wrapper buy-now no-resellers\" data-testid=\"buy-now\">\n          <div class=\"buy-now-container dropdown-container\">\n    <a\n      class=\"theme-button button-primary-color rounded-button\"\n      href=\"https:\/\/www.moja-lekarna.com\/multi-gyn-intiskin-sprej-40-ml\" onclick=\"dataLayer.push({'event':'ga_event', 'eventCategory':'Click on Reseller', 'eventAction':'Moja Lekarna', 'eventLabel':'Multi-Gyn IntiSkin', 'eventValue': undefined})\" rel=\"noopener\" target=\"_blank\" title=\"Moja Lekarna\"\n      data-testid=\"buy-now-reseller\">\n      Kupite zdaj\n    <\/a>\n    <\/div>\n  <\/div>\n  <\/div>\n            <\/div>\n                      <div class=\"swiper-slide\">\n              <div class=\"product-card\" data-testid=\"product-card\">\n  <a\n    href=https:\/\/multi-gyn.com\/si\/izdelek\/multi-gyn-intifresh\/\n    class=\"product-card-link\"\n    title=\"Multi-Gyn IntiFresh\"\n  >\n  <figure class=\"product-card-image\" data-testid=\"product-image\">\n                          <img decoding=\"async\" src=\"https:\/\/multi-gyn.com\/cdn-cgi\/image\/width=700,format=auto\/app\/uploads\/sites\/36\/2022\/12\/Multi-Gyn-IntiFresh.png\"\n        srcset=\"https:\/\/multi-gyn.com\/cdn-cgi\/image\/width=250,format=auto\/app\/uploads\/sites\/36\/2022\/12\/Multi-Gyn-IntiFresh.png 250w,\n                https:\/\/multi-gyn.com\/cdn-cgi\/image\/width=500,format=auto\/app\/uploads\/sites\/36\/2022\/12\/Multi-Gyn-IntiFresh.png 500w,\n                https:\/\/multi-gyn.com\/cdn-cgi\/image\/width=700,format=auto\/app\/uploads\/sites\/36\/2022\/12\/Multi-Gyn-IntiFresh.png 700w\"\n        sizes=\"(max-width: 400px) 250px, (max-width: 800px) 500px, 700px\"\n        alt=\"Multi-Gyn-IntiFresh\"\n        class=\"img\">\n            <\/figure>\n    <div class=\"product-card-content\">\n      <div class=\"heading-wrapper\">\n        <h2 class=\"heading\">Multi-Gyn IntiFresh<\/h2>\n      <\/div>\n      <div class=\"product-card-description\">Intimni rob\u010dki za dolgoro\u010den sve\u017e ob\u010dutek\n<\/div>\n                      <\/div>\n  <\/a>\n          <div class=\"button-wrapper buy-now no-resellers\" data-testid=\"buy-now\">\n          <div class=\"buy-now-container dropdown-container\">\n    <a\n      class=\"theme-button button-primary-color rounded-button\"\n      href=\"https:\/\/www.moja-lekarna.com\/multi-gyn-intifresh-robcki-za-intimno-nego-12-robckov\" onclick=\"dataLayer.push({'event':'ga_event', 'eventCategory':'Click on Reseller', 'eventAction':'Moja Lekarna', 'eventLabel':'Multi-Gyn IntiFresh', 'eventValue': undefined})\" rel=\"noopener\" target=\"_blank\" title=\"Moja Lekarna\"\n      data-testid=\"buy-now-reseller\">\n      Kupite zdaj\n    <\/a>\n    <\/div>\n  <\/div>\n  <\/div>\n            <\/div>\n                      <div class=\"swiper-slide\">\n              <div class=\"product-card\" data-testid=\"product-card\">\n  <a\n    href=https:\/\/multi-gyn.com\/si\/izdelek\/multi-gyn-vaginal-douche-and-tablets\/\n    class=\"product-card-link\"\n    title=\"Multi-Gyn Vaginal Douche and Tablets\"\n  >\n  <figure class=\"product-card-image\" data-testid=\"product-image\">\n                          <img decoding=\"async\" src=\"https:\/\/multi-gyn.com\/cdn-cgi\/image\/width=700,format=auto\/app\/uploads\/sites\/36\/2022\/12\/Multi-Gyn-VaginalDouche.png\"\n        srcset=\"https:\/\/multi-gyn.com\/cdn-cgi\/image\/width=250,format=auto\/app\/uploads\/sites\/36\/2022\/12\/Multi-Gyn-VaginalDouche.png 250w,\n                https:\/\/multi-gyn.com\/cdn-cgi\/image\/width=500,format=auto\/app\/uploads\/sites\/36\/2022\/12\/Multi-Gyn-VaginalDouche.png 500w,\n                https:\/\/multi-gyn.com\/cdn-cgi\/image\/width=700,format=auto\/app\/uploads\/sites\/36\/2022\/12\/Multi-Gyn-VaginalDouche.png 700w\"\n        sizes=\"(max-width: 400px) 250px, (max-width: 800px) 500px, 700px\"\n        alt=\"Multi-Gyn VaginalDouche\"\n        class=\"img\">\n            <\/figure>\n    <div class=\"product-card-content\">\n      <div class=\"heading-wrapper\">\n        <h2 class=\"heading\">Multi-Gyn Vaginal Douche and Tablets<\/h2>\n      <\/div>\n      <div class=\"product-card-description\">Za optimalno higieno vagine\n<\/div>\n                      <\/div>\n  <\/a>\n          <div class=\"button-wrapper buy-now no-resellers\" data-testid=\"buy-now\">\n          <div class=\"buy-now-container dropdown-container\">\n    <a\n      class=\"theme-button button-primary-color rounded-button\"\n      href=\"https:\/\/www.moja-lekarna.com\/multi-gyn-komplet-vaginalna-prha-in-sumece-tablete\" onclick=\"dataLayer.push({'event':'ga_event', 'eventCategory':'Click on Reseller', 'eventAction':'Moja Lekarna', 'eventLabel':'Multi-Gyn Vaginal Douche and Tablets', 'eventValue': undefined})\" rel=\"noopener\" target=\"_blank\" title=\"Moja Lekarna\"\n      data-testid=\"buy-now-reseller\">\n      Kupite zdaj\n    <\/a>\n    <\/div>\n  <\/div>\n  <\/div>\n            <\/div>\n                  <\/div>\n        <div class=\"swiper-scrollbar\"><\/div>\n      <\/div>\n    <\/div>\n  <\/div>\n","protected":false},"excerpt":{"rendered":"","protected":false},"author":2,"featured_media":0,"parent":0,"menu_order":0,"comment_status":"closed","ping_status":"closed","template":"","meta":{"_acf_changed":false,"footnotes":""},"from-article-database":[],"class_list":["post-39","page","type-page","status-publish","hentry"],"acf":[],"yoast_head":"<!-- This site is optimized with the Yoast SEO plugin v26.6 - https:\/\/yoast.com\/wordpress\/plugins\/seo\/ -->\n<title>Iskalnik re\u0161itev - Multi-Gyn<\/title>\n<meta name=\"description\" content=\"Ne glede na to ali ste stari 15 ali 55 vas lahko intimno zdravje zmede, \u0161e posebej \u010de stvari niso tak\u0161ne kot bi kmorale biti.\" \/>\n<meta name=\"robots\" content=\"index, follow, max-snippet:-1, max-image-preview:large, max-video-preview:-1\" \/>\n<link rel=\"canonical\" href=\"https:\/\/multi-gyn.com\/si\/iskalnik-resitev\/\" \/>\n<meta property=\"og:locale\" content=\"sl_SI\" \/>\n<meta property=\"og:type\" content=\"article\" \/>\n<meta property=\"og:title\" content=\"Iskalnik re\u0161itev - Multi-Gyn\" \/>\n<meta property=\"og:description\" content=\"Ne glede na to ali ste stari 15 ali 55 vas lahko intimno zdravje zmede, \u0161e posebej \u010de stvari niso tak\u0161ne kot bi kmorale biti.\" \/>\n<meta property=\"og:url\" content=\"https:\/\/multi-gyn.com\/si\/iskalnik-resitev\/\" \/>\n<meta property=\"og:site_name\" content=\"Multi-Gyn\" \/>\n<meta property=\"article:modified_time\" content=\"2025-10-10T10:51:03+00:00\" \/>\n<meta name=\"twitter:card\" content=\"summary_large_image\" \/>\n<meta name=\"twitter:label1\" content=\"Est. reading time\" \/>\n\t<meta name=\"twitter:data1\" content=\"1 minuta\" \/>\n<script type=\"application\/ld+json\" class=\"yoast-schema-graph\">{\"@context\":\"https:\/\/schema.org\",\"@graph\":[{\"@type\":\"WebPage\",\"@id\":\"https:\/\/multi-gyn.com\/si\/iskalnik-resitev\/\",\"url\":\"https:\/\/multi-gyn.com\/si\/iskalnik-resitev\/\",\"name\":\"Iskalnik re\u0161itev - Multi-Gyn\",\"isPartOf\":{\"@id\":\"https:\/\/multi-gyn.com\/si\/#website\"},\"datePublished\":\"2022-12-07T13:52:30+00:00\",\"dateModified\":\"2025-10-10T10:51:03+00:00\",\"description\":\"Ne glede na to ali ste stari 15 ali 55 vas lahko intimno zdravje zmede, \u0161e posebej \u010de stvari niso tak\u0161ne kot bi kmorale biti.\",\"breadcrumb\":{\"@id\":\"https:\/\/multi-gyn.com\/si\/iskalnik-resitev\/#breadcrumb\"},\"inLanguage\":\"sl-SI\",\"potentialAction\":[{\"@type\":\"ReadAction\",\"target\":[\"https:\/\/multi-gyn.com\/si\/iskalnik-resitev\/\"]}]},{\"@type\":\"BreadcrumbList\",\"@id\":\"https:\/\/multi-gyn.com\/si\/iskalnik-resitev\/#breadcrumb\",\"itemListElement\":[{\"@type\":\"ListItem\",\"position\":1,\"name\":\"Home\",\"item\":\"https:\/\/multi-gyn.com\/si\/\"},{\"@type\":\"ListItem\",\"position\":2,\"name\":\"Iskalnik re\u0161itev\"}]},{\"@type\":\"WebSite\",\"@id\":\"https:\/\/multi-gyn.com\/si\/#website\",\"url\":\"https:\/\/multi-gyn.com\/si\/\",\"name\":\"Multi-Gyn\",\"description\":\"\",\"publisher\":{\"@id\":\"https:\/\/multi-gyn.com\/si\/#organization\"},\"potentialAction\":[{\"@type\":\"SearchAction\",\"target\":{\"@type\":\"EntryPoint\",\"urlTemplate\":\"https:\/\/multi-gyn.com\/si\/?s={search_term_string}\"},\"query-input\":{\"@type\":\"PropertyValueSpecification\",\"valueRequired\":true,\"valueName\":\"search_term_string\"}}],\"inLanguage\":\"sl-SI\"},{\"@type\":\"Organization\",\"@id\":\"https:\/\/multi-gyn.com\/si\/#organization\",\"name\":\"Multi-Gyn\",\"url\":\"https:\/\/multi-gyn.com\/si\/\",\"logo\":{\"@type\":\"ImageObject\",\"inLanguage\":\"sl-SI\",\"@id\":\"https:\/\/multi-gyn.com\/si\/#\/schema\/logo\/image\/\",\"url\":\"https:\/\/multi-gyn.com\/app\/uploads\/sites\/36\/2022\/11\/multi-gyn-logo.png\",\"contentUrl\":\"https:\/\/multi-gyn.com\/app\/uploads\/sites\/36\/2022\/11\/multi-gyn-logo.png\",\"width\":149,\"height\":32,\"caption\":\"Multi-Gyn\"},\"image\":{\"@id\":\"https:\/\/multi-gyn.com\/si\/#\/schema\/logo\/image\/\"}}]}<\/script>\n<!-- \/ Yoast SEO plugin. -->","yoast_head_json":{"title":"Iskalnik re\u0161itev - Multi-Gyn","description":"Ne glede na to ali ste stari 15 ali 55 vas lahko intimno zdravje zmede, \u0161e posebej \u010de stvari niso tak\u0161ne kot bi kmorale biti.","robots":{"index":"index","follow":"follow","max-snippet":"max-snippet:-1","max-image-preview":"max-image-preview:large","max-video-preview":"max-video-preview:-1"},"canonical":"https:\/\/multi-gyn.com\/si\/iskalnik-resitev\/","og_locale":"sl_SI","og_type":"article","og_title":"Iskalnik re\u0161itev - Multi-Gyn","og_description":"Ne glede na to ali ste stari 15 ali 55 vas lahko intimno zdravje zmede, \u0161e posebej \u010de stvari niso tak\u0161ne kot bi kmorale biti.","og_url":"https:\/\/multi-gyn.com\/si\/iskalnik-resitev\/","og_site_name":"Multi-Gyn","article_modified_time":"2025-10-10T10:51:03+00:00","twitter_card":"summary_large_image","twitter_misc":{"Est. reading time":"1 minuta"},"schema":{"@context":"https:\/\/schema.org","@graph":[{"@type":"WebPage","@id":"https:\/\/multi-gyn.com\/si\/iskalnik-resitev\/","url":"https:\/\/multi-gyn.com\/si\/iskalnik-resitev\/","name":"Iskalnik re\u0161itev - Multi-Gyn","isPartOf":{"@id":"https:\/\/multi-gyn.com\/si\/#website"},"datePublished":"2022-12-07T13:52:30+00:00","dateModified":"2025-10-10T10:51:03+00:00","description":"Ne glede na to ali ste stari 15 ali 55 vas lahko intimno zdravje zmede, \u0161e posebej \u010de stvari niso tak\u0161ne kot bi kmorale biti.","breadcrumb":{"@id":"https:\/\/multi-gyn.com\/si\/iskalnik-resitev\/#breadcrumb"},"inLanguage":"sl-SI","potentialAction":[{"@type":"ReadAction","target":["https:\/\/multi-gyn.com\/si\/iskalnik-resitev\/"]}]},{"@type":"BreadcrumbList","@id":"https:\/\/multi-gyn.com\/si\/iskalnik-resitev\/#breadcrumb","itemListElement":[{"@type":"ListItem","position":1,"name":"Home","item":"https:\/\/multi-gyn.com\/si\/"},{"@type":"ListItem","position":2,"name":"Iskalnik re\u0161itev"}]},{"@type":"WebSite","@id":"https:\/\/multi-gyn.com\/si\/#website","url":"https:\/\/multi-gyn.com\/si\/","name":"Multi-Gyn","description":"","publisher":{"@id":"https:\/\/multi-gyn.com\/si\/#organization"},"potentialAction":[{"@type":"SearchAction","target":{"@type":"EntryPoint","urlTemplate":"https:\/\/multi-gyn.com\/si\/?s={search_term_string}"},"query-input":{"@type":"PropertyValueSpecification","valueRequired":true,"valueName":"search_term_string"}}],"inLanguage":"sl-SI"},{"@type":"Organization","@id":"https:\/\/multi-gyn.com\/si\/#organization","name":"Multi-Gyn","url":"https:\/\/multi-gyn.com\/si\/","logo":{"@type":"ImageObject","inLanguage":"sl-SI","@id":"https:\/\/multi-gyn.com\/si\/#\/schema\/logo\/image\/","url":"https:\/\/multi-gyn.com\/app\/uploads\/sites\/36\/2022\/11\/multi-gyn-logo.png","contentUrl":"https:\/\/multi-gyn.com\/app\/uploads\/sites\/36\/2022\/11\/multi-gyn-logo.png","width":149,"height":32,"caption":"Multi-Gyn"},"image":{"@id":"https:\/\/multi-gyn.com\/si\/#\/schema\/logo\/image\/"}}]}},"_links":{"self":[{"href":"https:\/\/multi-gyn.com\/si\/wp-json\/wp\/v2\/pages\/39","targetHints":{"allow":["GET"]}}],"collection":[{"href":"https:\/\/multi-gyn.com\/si\/wp-json\/wp\/v2\/pages"}],"about":[{"href":"https:\/\/multi-gyn.com\/si\/wp-json\/wp\/v2\/types\/page"}],"author":[{"embeddable":true,"href":"https:\/\/multi-gyn.com\/si\/wp-json\/wp\/v2\/users\/2"}],"replies":[{"embeddable":true,"href":"https:\/\/multi-gyn.com\/si\/wp-json\/wp\/v2\/comments?post=39"}],"version-history":[{"count":5,"href":"https:\/\/multi-gyn.com\/si\/wp-json\/wp\/v2\/pages\/39\/revisions"}],"predecessor-version":[{"id":609,"href":"https:\/\/multi-gyn.com\/si\/wp-json\/wp\/v2\/pages\/39\/revisions\/609"}],"wp:attachment":[{"href":"https:\/\/multi-gyn.com\/si\/wp-json\/wp\/v2\/media?parent=39"}],"wp:term":[{"taxonomy":"from-article-database","embeddable":true,"href":"https:\/\/multi-gyn.com\/si\/wp-json\/wp\/v2\/from-article-database?post=39"}],"curies":[{"name":"wp","href":"https:\/\/api.w.org\/{rel}","templated":true}]}}