{"id":86,"date":"2022-12-09T11:21:50","date_gmt":"2022-12-09T10:21:50","guid":{"rendered":"https:\/\/multi-gyn.com\/si\/?page_id=86"},"modified":"2025-06-18T09:33:57","modified_gmt":"2025-06-18T07:33:57","slug":"vaginalno-zdravje","status":"publish","type":"page","link":"https:\/\/multi-gyn.com\/si\/vaginalno-zdravje\/","title":{"rendered":"Vaginalno zdravje"},"content":{"rendered":"\n<div class=\"wp-block-karopharma-free-text pt-large pb-large bg-center bg-cover bg-no-repeat\" style=\"background-image:url()\"><div class=\"free-text-wrapper container max-w-medium text-left\">\n<h1 class=\"wp-block-heading\">Vaginalno zdravje<\/h1>\n\n\n<div class=\"menu-nav-list widget widget_nav_menu\">\n            <h3 class=\"widget_title\">Te\u017eave<\/h3>\n                <ul class=\"menu\">\n                            <li class=\"menu-item\">\n                    <a href=\"https:\/\/multi-gyn.com\/si\/vaginalno-zdravje\/tezave\/preventiva-je-boljsa-kot-kurativa\/\" title=\"Preventiva je bolj\u0161a kot kurativa\">Preventiva je bolj\u0161a kot kurativa<\/a>\n                <\/li>\n                            <li class=\"menu-item\">\n                    <a href=\"https:\/\/multi-gyn.com\/si\/vaginalno-zdravje\/tezave\/zdravljenje-vaginalne-suhosti\/\" title=\"Zdravljenje vaginalne suhosti\">Zdravljenje vaginalne suhosti<\/a>\n                <\/li>\n                            <li class=\"menu-item\">\n                    <a href=\"https:\/\/multi-gyn.com\/si\/vaginalno-zdravje\/tezave\/kaksne-barve-je-vas-izcedek\/\" title=\"Kak\u0161ne barve je va\u0161 izcedek?\">Kak\u0161ne barve je va\u0161 izcedek?<\/a>\n                <\/li>\n                            <li class=\"menu-item\">\n                    <a href=\"https:\/\/multi-gyn.com\/si\/vaginalno-zdravje\/tezave\/vaginalna-razdrazenost-in-otecene-sramne-ustnice\/\" title=\"Vaginalna razdra\u017eenost in ote\u010dene sramne ustnice\">Vaginalna razdra\u017eenost in ote\u010dene sramne ustnice<\/a>\n                <\/li>\n                            <li class=\"menu-item\">\n                    <a href=\"https:\/\/multi-gyn.com\/si\/vaginalno-zdravje\/tezave\/pordelost-vagine\/\" title=\"Pordelost vagine\">Pordelost vagine<\/a>\n                <\/li>\n                            <li class=\"menu-item\">\n                    <a href=\"https:\/\/multi-gyn.com\/si\/vaginalno-zdravje\/tezave\/vaginalna-obcutljivost\/\" title=\"Vaginalna ob\u010dutljivost\">Vaginalna ob\u010dutljivost<\/a>\n                <\/li>\n                            <li class=\"menu-item\">\n                    <a href=\"https:\/\/multi-gyn.com\/si\/vaginalno-zdravje\/tezave\/mocan-neprijetni-vonj-po-ribah\/\" title=\"Mo\u010dan neprijetni vonj po ribah\">Mo\u010dan neprijetni vonj po ribah<\/a>\n                <\/li>\n                            <li class=\"menu-item\">\n                    <a href=\"https:\/\/multi-gyn.com\/si\/vaginalno-zdravje\/tezave\/kako-prepreciti-pekoc-obcutek-v-vagini\/\" title=\"Kako prepre\u010diti peko\u010d ob\u010dutek v vagini?\">Kako prepre\u010diti peko\u010d ob\u010dutek v vagini?<\/a>\n                <\/li>\n                            <li class=\"menu-item\">\n                    <a href=\"https:\/\/multi-gyn.com\/si\/vaginalno-zdravje\/tezave\/pekoc-obcutek-v-vagini\/\" title=\"Peko\u010d ob\u010dutek v vagini\">Peko\u010d ob\u010dutek v vagini<\/a>\n                <\/li>\n                            <li class=\"menu-item\">\n                    <a href=\"https:\/\/multi-gyn.com\/si\/vaginalno-zdravje\/tezave\/vzroki-za-bolece-spolno-obcevanje\/\" title=\"Vzroki za bole\u010de spolno ob\u010devanje\">Vzroki za bole\u010de spolno ob\u010devanje<\/a>\n                <\/li>\n                            <li class=\"menu-item\">\n                    <a href=\"https:\/\/multi-gyn.com\/si\/vaginalno-zdravje\/tezave\/preventiva-je-boljsa-kot-kurativa\/\" title=\"Preventiva je bolj\u0161a kot kurativa\">Preventiva je bolj\u0161a kot kurativa<\/a>\n                <\/li>\n                            <li class=\"menu-item\">\n                    <a href=\"https:\/\/multi-gyn.com\/si\/vaginalno-zdravje\/tezave\/vaginalna-bolecina\/\" title=\"Vaginalna bole\u010dina\">Vaginalna bole\u010dina<\/a>\n                <\/li>\n                            <li class=\"menu-item\">\n                    <a href=\"https:\/\/multi-gyn.com\/si\/vaginalno-zdravje\/tezave\/vaginalne-tezave-ali-res-moram-obiskati-zdravnika\/\" title=\"Vaginalne te\u017eave \u2013 ali res moram obiskati zdravnika?\">Vaginalne te\u017eave \u2013 ali res moram obiskati zdravnika?<\/a>\n                <\/li>\n                            <li class=\"menu-item\">\n                    <a href=\"https:\/\/multi-gyn.com\/si\/vaginalno-zdravje\/tezave\/zunanje-intimne-tezave\/\" title=\"Zunanje intimne te\u017eave\">Zunanje intimne te\u017eave<\/a>\n                <\/li>\n                            <li class=\"menu-item\">\n                    <a href=\"https:\/\/multi-gyn.com\/si\/vaginalno-zdravje\/tezave\/ali-oprijete-kavbojke-povzrocajo-vaginalne-infekcije\/\" title=\"Ali oprijete kavbojke povzro\u010dajo vaginalne infekcije?\">Ali oprijete kavbojke povzro\u010dajo vaginalne infekcije?<\/a>\n                <\/li>\n                            <li class=\"menu-item\">\n                    <a href=\"https:\/\/multi-gyn.com\/si\/vaginalno-zdravje\/tezave\/kako-olajsati-vaginalno-srbenje\/\" title=\"Kako olaj\u0161ati vaginalno srbenje\">Kako olaj\u0161ati vaginalno srbenje<\/a>\n                <\/li>\n                            <li class=\"menu-item\">\n                    <a href=\"https:\/\/multi-gyn.com\/si\/vaginalno-zdravje\/tezave\/vaginalno-srbenje-kaj-ga-povzroca\/\" title=\"Vaginalno srbenje: kaj ga povzro\u010da?\">Vaginalno srbenje: kaj ga povzro\u010da?<\/a>\n                <\/li>\n                            <li class=\"menu-item\">\n                    <a href=\"https:\/\/multi-gyn.com\/si\/vaginalno-zdravje\/tezave\/5-najbolj-pogostih-vaginalnih-tezav\/\" title=\"5 najbolj pogostih vaginalnih te\u017eav\">5 najbolj pogostih vaginalnih te\u017eav<\/a>\n                <\/li>\n                            <li class=\"menu-item\">\n                    <a href=\"https:\/\/multi-gyn.com\/si\/vaginalno-zdravje\/tezave\/preprecevanje-vaginalnih-tezav\/\" title=\"Prepre\u010devanje vaginalnih te\u017eav\">Prepre\u010devanje vaginalnih te\u017eav<\/a>\n                <\/li>\n                            <li class=\"menu-item\">\n                    <a href=\"https:\/\/multi-gyn.com\/si\/vaginalno-zdravje\/tezave\/neprijetni-vaginalni-vonj-kaj-povzroca-ta-mocan-neprijetni-vonj\/\" title=\"Neprijetni vaginalni vonj: kaj povzro\u010da ta mo\u010dan neprijetni vonj?\">Neprijetni vaginalni vonj: kaj povzro\u010da ta mo\u010dan neprijetni vonj?<\/a>\n                <\/li>\n                            <li class=\"menu-item\">\n                    <a href=\"https:\/\/multi-gyn.com\/si\/vaginalno-zdravje\/tezave\/vaginalna-suhost-vzroki-in-zdravljenje\/\" title=\"Vaginalna suhost: vzroki in zdravljenje\">Vaginalna suhost: vzroki in zdravljenje<\/a>\n                <\/li>\n                            <li class=\"menu-item\">\n                    <a href=\"https:\/\/multi-gyn.com\/si\/vaginalno-zdravje\/tezave\/ali-je-moj-vaginalni-izcedek-normalen\/\" title=\"Ali je moj vaginalni izcedek normalen?\">Ali je moj vaginalni izcedek normalen?<\/a>\n                <\/li>\n                    <\/ul>\n    <\/div>\n\n\n<div class=\"menu-nav-list widget widget_nav_menu\">\n            <h3 class=\"widget_title\">Infekcije<\/h3>\n                <ul class=\"menu\">\n                            <li class=\"menu-item\">\n                    <a href=\"https:\/\/multi-gyn.com\/si\/vaginalno-zdravje\/infekcije\/ali-so-tamponi-skodljivi-za-mojo-vagino\/\" title=\"Ali so tamponi \u0161kodljivi za mojo vagino?\">Ali so tamponi \u0161kodljivi za mojo vagino?<\/a>\n                <\/li>\n                            <li class=\"menu-item\">\n                    <a href=\"https:\/\/multi-gyn.com\/si\/vaginalno-zdravje\/infekcije\/razlika-med-bakterijsko-vaginozo-ter-glivicno-infekcijo\/\" title=\"Razlika med bakterijsko vaginozo ter glivi\u010dno infekcijo\">Razlika med bakterijsko vaginozo ter glivi\u010dno infekcijo<\/a>\n                <\/li>\n                            <li class=\"menu-item\">\n                    <a href=\"https:\/\/multi-gyn.com\/si\/vaginalno-zdravje\/infekcije\/vzroki-za-vaginalne-infekcije\/\" title=\"Vzroki za vaginalne infekcije\">Vzroki za vaginalne infekcije<\/a>\n                <\/li>\n                            <li class=\"menu-item\">\n                    <a href=\"https:\/\/multi-gyn.com\/si\/vaginalno-zdravje\/infekcije\/bakterijska-vaginoza-in-nosecnost\/\" title=\"Bakterijska vaginoza in nose\u010dnost\">Bakterijska vaginoza in nose\u010dnost<\/a>\n                <\/li>\n                            <li class=\"menu-item\">\n                    <a href=\"https:\/\/multi-gyn.com\/si\/vaginalno-zdravje\/infekcije\/vaginalna-glivicna-infekcija-med-nosecnostjo\/\" title=\"Vaginalna glivi\u010dna infekcija med nose\u010dnostjo\">Vaginalna glivi\u010dna infekcija med nose\u010dnostjo<\/a>\n                <\/li>\n                            <li class=\"menu-item\">\n                    <a href=\"https:\/\/multi-gyn.com\/si\/vaginalno-zdravje\/infekcije\/vaginalni-izcedek-kot-znak-glivicne-infekcije\/\" title=\"Vaginalni izcedek kot znak glivi\u010dne infekcije\">Vaginalni izcedek kot znak glivi\u010dne infekcije<\/a>\n                <\/li>\n                            <li class=\"menu-item\">\n                    <a href=\"https:\/\/multi-gyn.com\/si\/vaginalno-zdravje\/infekcije\/kako-zdraviti-kandido\/\" title=\"Kako zdraviti kandido\">Kako zdraviti kandido<\/a>\n                <\/li>\n                            <li class=\"menu-item\">\n                    <a href=\"https:\/\/multi-gyn.com\/si\/vaginalno-zdravje\/infekcije\/glivicna-vaginalna-infekcija\/\" title=\"Glivi\u010dna vaginalna infekcija\">Glivi\u010dna vaginalna infekcija<\/a>\n                <\/li>\n                            <li class=\"menu-item\">\n                    <a href=\"https:\/\/multi-gyn.com\/si\/vaginalno-zdravje\/infekcije\/vaginalne-infekcije-in-antibiotiki\/\" title=\"Vaginalne infekcije in antibiotiki\">Vaginalne infekcije in antibiotiki<\/a>\n                <\/li>\n                            <li class=\"menu-item\">\n                    <a href=\"https:\/\/multi-gyn.com\/si\/vaginalno-zdravje\/infekcije\/vaginalne-infekcije-vzroki-simptomi-in-zdravljenje\/\" title=\"Vaginalne infekcije: vzroki, simptomi in zdravljenje\">Vaginalne infekcije: vzroki, simptomi in zdravljenje<\/a>\n                <\/li>\n                    <\/ul>\n    <\/div>\n\n\n<div class=\"menu-nav-list widget widget_nav_menu\">\n            <h3 class=\"widget_title\">Nega<\/h3>\n                <ul class=\"menu\">\n                            <li class=\"menu-item\">\n                    <a href=\"https:\/\/multi-gyn.com\/si\/vaginalno-zdravje\/nega\/ali-so-parne-kopeli-in-prhanje-dobre-za-vaso-vagino\/\" title=\"Ali so parne kopeli in prhanje dobre za va\u0161o vagino?\">Ali so parne kopeli in prhanje dobre za va\u0161o vagino?<\/a>\n                <\/li>\n                            <li class=\"menu-item\">\n                    <a href=\"https:\/\/multi-gyn.com\/si\/vaginalno-zdravje\/nega\/vaje-za-misice-medenicnega-dna-ali-keglove-vaje-za-dobro-vaginalno-zdravje\/\" title=\"Vaje za mi\u0161ice medeni\u010dnega dna ali Keglove vaje za dobro vaginalno zdravje\">Vaje za mi\u0161ice medeni\u010dnega dna ali Keglove vaje za dobro vaginalno zdravje<\/a>\n                <\/li>\n                            <li class=\"menu-item\">\n                    <a href=\"https:\/\/multi-gyn.com\/si\/vaginalno-zdravje\/nega\/ali-hrana-ki-jo-uzivam-vpliva-na-moje-vaginalno-zdravje\/\" title=\"Ali hrana, ki jo u\u017eivam vpliva na moje vaginalno zdravje?\">Ali hrana, ki jo u\u017eivam vpliva na moje vaginalno zdravje?<\/a>\n                <\/li>\n                            <li class=\"menu-item\">\n                    <a href=\"https:\/\/multi-gyn.com\/si\/vaginalno-zdravje\/nega\/intimna-higiena-manj-je-vec\/\" title=\"Intimna higiena \u2013 manj je ve\u010d\">Intimna higiena \u2013 manj je ve\u010d<\/a>\n                <\/li>\n                            <li class=\"menu-item\">\n                    <a href=\"https:\/\/multi-gyn.com\/si\/vaginalno-zdravje\/nega\/kako-skrbeti-za-vaso-vagino-med-poletjem\/\" title=\"Kako skrbeti za va\u0161o vagino med poletjem\">Kako skrbeti za va\u0161o vagino med poletjem<\/a>\n                <\/li>\n                            <li class=\"menu-item\">\n                    <a href=\"https:\/\/multi-gyn.com\/si\/vaginalno-zdravje\/nega\/ali-veste-kaj-doloca-pravilna-intimna-higiena\/\" title=\"Ali veste, kaj dolo\u010da pravilna intimna higiena?\">Ali veste, kaj dolo\u010da pravilna intimna higiena?<\/a>\n                <\/li>\n                            <li class=\"menu-item\">\n                    <a href=\"https:\/\/multi-gyn.com\/si\/vaginalno-zdravje\/nega\/vaginalna-higiena\/\" title=\"Vaginalna higiena\">Vaginalna higiena<\/a>\n                <\/li>\n                            <li class=\"menu-item\">\n                    <a href=\"https:\/\/multi-gyn.com\/si\/vaginalno-zdravje\/nega\/vaginalna-higiena-kaj-morate-in-kaj-ne-smete\/\" title=\"Vaginalna higiena kaj morate in kaj ne smete\">Vaginalna higiena kaj morate in kaj ne smete<\/a>\n                <\/li>\n                    <\/ul>\n    <\/div>\n\n\n<div class=\"menu-nav-list widget widget_nav_menu\">\n            <h3 class=\"widget_title\">Preventiva<\/h3>\n                <ul class=\"menu\">\n                            <li class=\"menu-item\">\n                    <a href=\"https:\/\/multi-gyn.com\/si\/vaginalno-zdravje\/preventiva\/kako-zdraviti-bakterijsko-vaginozo\/\" title=\"Kako zdraviti bakterijsko vaginozo\">Kako zdraviti bakterijsko vaginozo<\/a>\n                <\/li>\n                            <li class=\"menu-item\">\n                    <a href=\"https:\/\/multi-gyn.com\/si\/vaginalno-zdravje\/preventiva\/kako-prepreciti-bakterijsko-vaginozo\/\" title=\"Kako prepre\u010diti bakterijsko vaginozo\">Kako prepre\u010diti bakterijsko vaginozo<\/a>\n                <\/li>\n                            <li class=\"menu-item\">\n                    <a href=\"https:\/\/multi-gyn.com\/si\/vaginalno-zdravje\/preventiva\/intimna-higiena-in-vaginalne-infekcije\/\" title=\"Intimna higiena in vaginalne infekcije\">Intimna higiena in vaginalne infekcije<\/a>\n                <\/li>\n                    <\/ul>\n    <\/div>\n\n\n<div class=\"menu-nav-list widget widget_nav_menu\">\n            <h3 class=\"widget_title\">Splo\u0161no<\/h3>\n                <ul class=\"menu\">\n                            <li class=\"menu-item\">\n                    <a href=\"https:\/\/multi-gyn.com\/si\/vaginalno-zdravje\/splosno\/ali-lahko-telesna-vadba-povzroci-bolecine-v-vagini\/\" title=\"Ali lahko telesna vadba povzro\u010di bole\u010dine v vagini?\">Ali lahko telesna vadba povzro\u010di bole\u010dine v vagini?<\/a>\n                <\/li>\n                            <li class=\"menu-item\">\n                    <a href=\"https:\/\/multi-gyn.com\/si\/vaginalno-zdravje\/splosno\/razlika-med-vagino-in-vulvo\/\" title=\"Razlika med vagino in vulvo\">Razlika med vagino in vulvo<\/a>\n                <\/li>\n                            <li class=\"menu-item\">\n                    <a href=\"https:\/\/multi-gyn.com\/si\/vaginalno-zdravje\/splosno\/menopavza-in-njeni-simptomi\/\" title=\"Menopavza in njeni simptomi\">Menopavza in njeni simptomi<\/a>\n                <\/li>\n                            <li class=\"menu-item\">\n                    <a href=\"https:\/\/multi-gyn.com\/si\/vaginalno-zdravje\/splosno\/vaginalni-ph-ali-je-vasa-vagina-kiselkasta-ali-alkalna\/\" title=\"Vaginalni pH \u2013 ali je va\u0161a vagina kiselkasta ali alkalna\">Vaginalni pH \u2013 ali je va\u0161a vagina kiselkasta ali alkalna<\/a>\n                <\/li>\n                            <li class=\"menu-item\">\n                    <a href=\"https:\/\/multi-gyn.com\/si\/vaginalno-zdravje\/splosno\/obisk-pri-ginekologu\/\" title=\"Obisk pri ginekologu\">Obisk pri ginekologu<\/a>\n                <\/li>\n                            <li class=\"menu-item\">\n                    <a href=\"https:\/\/multi-gyn.com\/si\/vaginalno-zdravje\/splosno\/vaginalna-flora\/\" title=\"Vaginalna flora\">Vaginalna flora<\/a>\n                <\/li>\n                            <li class=\"menu-item\">\n                    <a href=\"https:\/\/multi-gyn.com\/si\/vaginalno-zdravje\/splosno\/anatomija-vagine\/\" title=\"Anatomija vagine\">Anatomija vagine<\/a>\n                <\/li>\n                    <\/ul>\n    <\/div>\n<\/div><\/div>\n","protected":false},"excerpt":{"rendered":"","protected":false},"author":2,"featured_media":0,"parent":0,"menu_order":0,"comment_status":"closed","ping_status":"closed","template":"","meta":{"_acf_changed":false,"footnotes":""},"from-article-database":[],"class_list":["post-86","page","type-page","status-publish","hentry"],"acf":[],"yoast_head":"<!-- This site is optimized with the Yoast SEO plugin v26.6 - https:\/\/yoast.com\/wordpress\/plugins\/seo\/ -->\n<title>Vaginalno zdravje - Multi-Gyn<\/title>\n<meta name=\"description\" content=\"Vaginalno zdravje\" \/>\n<meta name=\"robots\" content=\"index, follow, max-snippet:-1, max-image-preview:large, max-video-preview:-1\" \/>\n<link rel=\"canonical\" href=\"https:\/\/multi-gyn.com\/si\/vaginalno-zdravje\/\" \/>\n<meta property=\"og:locale\" content=\"sl_SI\" \/>\n<meta property=\"og:type\" content=\"article\" \/>\n<meta property=\"og:title\" content=\"Vaginalno zdravje - Multi-Gyn\" \/>\n<meta property=\"og:description\" content=\"Vaginalno zdravje\" \/>\n<meta property=\"og:url\" content=\"https:\/\/multi-gyn.com\/si\/vaginalno-zdravje\/\" \/>\n<meta property=\"og:site_name\" content=\"Multi-Gyn\" \/>\n<meta property=\"article:modified_time\" content=\"2025-06-18T07:33:57+00:00\" \/>\n<meta name=\"twitter:card\" content=\"summary_large_image\" \/>\n<meta name=\"twitter:label1\" content=\"Est. reading time\" \/>\n\t<meta name=\"twitter:data1\" content=\"1 minuta\" \/>\n<script type=\"application\/ld+json\" class=\"yoast-schema-graph\">{\"@context\":\"https:\/\/schema.org\",\"@graph\":[{\"@type\":\"WebPage\",\"@id\":\"https:\/\/multi-gyn.com\/si\/vaginalno-zdravje\/\",\"url\":\"https:\/\/multi-gyn.com\/si\/vaginalno-zdravje\/\",\"name\":\"Vaginalno zdravje - Multi-Gyn\",\"isPartOf\":{\"@id\":\"https:\/\/multi-gyn.com\/si\/#website\"},\"datePublished\":\"2022-12-09T10:21:50+00:00\",\"dateModified\":\"2025-06-18T07:33:57+00:00\",\"description\":\"Vaginalno zdravje\",\"breadcrumb\":{\"@id\":\"https:\/\/multi-gyn.com\/si\/vaginalno-zdravje\/#breadcrumb\"},\"inLanguage\":\"sl-SI\",\"potentialAction\":[{\"@type\":\"ReadAction\",\"target\":[\"https:\/\/multi-gyn.com\/si\/vaginalno-zdravje\/\"]}]},{\"@type\":\"BreadcrumbList\",\"@id\":\"https:\/\/multi-gyn.com\/si\/vaginalno-zdravje\/#breadcrumb\",\"itemListElement\":[{\"@type\":\"ListItem\",\"position\":1,\"name\":\"Home\",\"item\":\"https:\/\/multi-gyn.com\/si\/\"},{\"@type\":\"ListItem\",\"position\":2,\"name\":\"Vaginalno zdravje\"}]},{\"@type\":\"WebSite\",\"@id\":\"https:\/\/multi-gyn.com\/si\/#website\",\"url\":\"https:\/\/multi-gyn.com\/si\/\",\"name\":\"Multi-Gyn\",\"description\":\"\",\"publisher\":{\"@id\":\"https:\/\/multi-gyn.com\/si\/#organization\"},\"potentialAction\":[{\"@type\":\"SearchAction\",\"target\":{\"@type\":\"EntryPoint\",\"urlTemplate\":\"https:\/\/multi-gyn.com\/si\/?s={search_term_string}\"},\"query-input\":{\"@type\":\"PropertyValueSpecification\",\"valueRequired\":true,\"valueName\":\"search_term_string\"}}],\"inLanguage\":\"sl-SI\"},{\"@type\":\"Organization\",\"@id\":\"https:\/\/multi-gyn.com\/si\/#organization\",\"name\":\"Multi-Gyn\",\"url\":\"https:\/\/multi-gyn.com\/si\/\",\"logo\":{\"@type\":\"ImageObject\",\"inLanguage\":\"sl-SI\",\"@id\":\"https:\/\/multi-gyn.com\/si\/#\/schema\/logo\/image\/\",\"url\":\"https:\/\/multi-gyn.com\/app\/uploads\/sites\/36\/2022\/11\/multi-gyn-logo.png\",\"contentUrl\":\"https:\/\/multi-gyn.com\/app\/uploads\/sites\/36\/2022\/11\/multi-gyn-logo.png\",\"width\":149,\"height\":32,\"caption\":\"Multi-Gyn\"},\"image\":{\"@id\":\"https:\/\/multi-gyn.com\/si\/#\/schema\/logo\/image\/\"}}]}<\/script>\n<!-- \/ Yoast SEO plugin. -->","yoast_head_json":{"title":"Vaginalno zdravje - Multi-Gyn","description":"Vaginalno zdravje","robots":{"index":"index","follow":"follow","max-snippet":"max-snippet:-1","max-image-preview":"max-image-preview:large","max-video-preview":"max-video-preview:-1"},"canonical":"https:\/\/multi-gyn.com\/si\/vaginalno-zdravje\/","og_locale":"sl_SI","og_type":"article","og_title":"Vaginalno zdravje - Multi-Gyn","og_description":"Vaginalno zdravje","og_url":"https:\/\/multi-gyn.com\/si\/vaginalno-zdravje\/","og_site_name":"Multi-Gyn","article_modified_time":"2025-06-18T07:33:57+00:00","twitter_card":"summary_large_image","twitter_misc":{"Est. reading time":"1 minuta"},"schema":{"@context":"https:\/\/schema.org","@graph":[{"@type":"WebPage","@id":"https:\/\/multi-gyn.com\/si\/vaginalno-zdravje\/","url":"https:\/\/multi-gyn.com\/si\/vaginalno-zdravje\/","name":"Vaginalno zdravje - Multi-Gyn","isPartOf":{"@id":"https:\/\/multi-gyn.com\/si\/#website"},"datePublished":"2022-12-09T10:21:50+00:00","dateModified":"2025-06-18T07:33:57+00:00","description":"Vaginalno zdravje","breadcrumb":{"@id":"https:\/\/multi-gyn.com\/si\/vaginalno-zdravje\/#breadcrumb"},"inLanguage":"sl-SI","potentialAction":[{"@type":"ReadAction","target":["https:\/\/multi-gyn.com\/si\/vaginalno-zdravje\/"]}]},{"@type":"BreadcrumbList","@id":"https:\/\/multi-gyn.com\/si\/vaginalno-zdravje\/#breadcrumb","itemListElement":[{"@type":"ListItem","position":1,"name":"Home","item":"https:\/\/multi-gyn.com\/si\/"},{"@type":"ListItem","position":2,"name":"Vaginalno zdravje"}]},{"@type":"WebSite","@id":"https:\/\/multi-gyn.com\/si\/#website","url":"https:\/\/multi-gyn.com\/si\/","name":"Multi-Gyn","description":"","publisher":{"@id":"https:\/\/multi-gyn.com\/si\/#organization"},"potentialAction":[{"@type":"SearchAction","target":{"@type":"EntryPoint","urlTemplate":"https:\/\/multi-gyn.com\/si\/?s={search_term_string}"},"query-input":{"@type":"PropertyValueSpecification","valueRequired":true,"valueName":"search_term_string"}}],"inLanguage":"sl-SI"},{"@type":"Organization","@id":"https:\/\/multi-gyn.com\/si\/#organization","name":"Multi-Gyn","url":"https:\/\/multi-gyn.com\/si\/","logo":{"@type":"ImageObject","inLanguage":"sl-SI","@id":"https:\/\/multi-gyn.com\/si\/#\/schema\/logo\/image\/","url":"https:\/\/multi-gyn.com\/app\/uploads\/sites\/36\/2022\/11\/multi-gyn-logo.png","contentUrl":"https:\/\/multi-gyn.com\/app\/uploads\/sites\/36\/2022\/11\/multi-gyn-logo.png","width":149,"height":32,"caption":"Multi-Gyn"},"image":{"@id":"https:\/\/multi-gyn.com\/si\/#\/schema\/logo\/image\/"}}]}},"_links":{"self":[{"href":"https:\/\/multi-gyn.com\/si\/wp-json\/wp\/v2\/pages\/86","targetHints":{"allow":["GET"]}}],"collection":[{"href":"https:\/\/multi-gyn.com\/si\/wp-json\/wp\/v2\/pages"}],"about":[{"href":"https:\/\/multi-gyn.com\/si\/wp-json\/wp\/v2\/types\/page"}],"author":[{"embeddable":true,"href":"https:\/\/multi-gyn.com\/si\/wp-json\/wp\/v2\/users\/2"}],"replies":[{"embeddable":true,"href":"https:\/\/multi-gyn.com\/si\/wp-json\/wp\/v2\/comments?post=86"}],"version-history":[{"count":3,"href":"https:\/\/multi-gyn.com\/si\/wp-json\/wp\/v2\/pages\/86\/revisions"}],"predecessor-version":[{"id":597,"href":"https:\/\/multi-gyn.com\/si\/wp-json\/wp\/v2\/pages\/86\/revisions\/597"}],"wp:attachment":[{"href":"https:\/\/multi-gyn.com\/si\/wp-json\/wp\/v2\/media?parent=86"}],"wp:term":[{"taxonomy":"from-article-database","embeddable":true,"href":"https:\/\/multi-gyn.com\/si\/wp-json\/wp\/v2\/from-article-database?post=86"}],"curies":[{"name":"wp","href":"https:\/\/api.w.org\/{rel}","templated":true}]}}