{"id":392,"date":"2022-12-13T10:37:01","date_gmt":"2022-12-13T09:37:01","guid":{"rendered":"https:\/\/multi-gyn.com\/si\/?post_type=product&#038;p=392"},"modified":"2022-12-13T15:43:37","modified_gmt":"2022-12-13T14:43:37","slug":"multi-gyn-femiwash","status":"publish","type":"product","link":"https:\/\/multi-gyn.com\/si\/izdelek\/multi-gyn-femiwash\/","title":{"rendered":"Multi-Gyn FemiWash"},"content":{"rendered":"\n<div class=\"wp-block-karopharma-accordions is-style-secondary\"><div class=\"container\">\n<details class=\"wp-block-karopharma-accordion\"><summary><h2 class=\"accordion-title\">Ali lahko dnevno uporabljam Multi-Gyn FemiWash?<\/h2><\/summary><div class=\"accordion-content\">\n<p>Da, Multi-Gyn FemiWash lahko uporabljate vsakodnevno. Ker je Multi-Gyn FemiWash koncentrirana pena, potrebujete vsaki\u010d samo en odmerek pumpice.<\/p>\n<\/div><\/details>\n\n\n\n<details class=\"wp-block-karopharma-accordion\"><summary><h2 class=\"accordion-title\">Ali ne zadostuje, \u010de si vsaki dan umijem intimni predel z vodo?<\/h2><\/summary><div class=\"accordion-content\">\n<p>Da, umivanje z vodo bi lahko bilo zadostno. Za sve\u017e ob\u010dutek pa se ljudje pogosto radi umijejo z emulzijo. Emulzija, kot je Multi-Gyn FemiWash, ne vsebuje nikakr\u0161nih dra\u017ee\u010dih komponent , ker se druga\u010de lahko poru\u0161i naravna flora.<\/p>\n<\/div><\/details>\n\n\n\n<details class=\"wp-block-karopharma-accordion\"><summary><h2 class=\"accordion-title\">Kak\u0161no koli\u010dino Multi-Gyn FemiWash moram uporabiti?<\/h2><\/summary><div class=\"accordion-content\">\n<p>Multi-Gyn FemiWash je koncentrirana pena, potrebujete vsaki\u010d samo en odmerek pumpice.<\/p>\n<\/div><\/details>\n\n\n\n<details class=\"wp-block-karopharma-accordion\"><summary><h2 class=\"accordion-title\">Ali lahko uporabljam Multi-Gyn FemiWash samo, ko se tu\u0161iram?<\/h2><\/summary><div class=\"accordion-content\">\n<p>Ne, Multi-Gyn FemiWash lahko uporabljate tudi, kadar se kopate ali ko se umivate v umivalniku.<\/p>\n<\/div><\/details>\n<\/div><\/div>\n","protected":false},"excerpt":{"rendered":"<p>Za ne\u017eno in skrbno intimno higieno brez mila<\/p>\n","protected":false},"featured_media":394,"comment_status":"closed","ping_status":"closed","template":"","meta":{"_acf_changed":false,"footnotes":""},"product_brand":[],"product_cat":[19],"product_tag":[],"class_list":{"0":"post-392","1":"product","2":"type-product","3":"status-publish","4":"has-post-thumbnail","6":"product_cat-vaginalna-nega","8":"first","9":"instock","10":"shipping-taxable","11":"product-type-simple"},"acf":[],"yoast_head":"<!-- This site is optimized with the Yoast SEO plugin v26.6 - https:\/\/yoast.com\/wordpress\/plugins\/seo\/ -->\n<title>Multi-Gyn FemiWash - Multi-Gyn<\/title>\n<meta name=\"description\" content=\"Multi-Gyn FemiWash \u010disti in osve\u017ei intimno podro\u010dje. Je blaga in ne dra\u017ee\u010da pena, ki je primerna tudi za najbolj ob\u010dutljivo ko\u017eo in ne vpliva na naravno floro. Plastenka vsebuje 120 nanosov.\" \/>\n<meta name=\"robots\" content=\"index, follow, max-snippet:-1, max-image-preview:large, max-video-preview:-1\" \/>\n<link rel=\"canonical\" href=\"https:\/\/multi-gyn.com\/si\/izdelek\/multi-gyn-femiwash\/\" \/>\n<meta property=\"og:locale\" content=\"sl_SI\" \/>\n<meta property=\"og:type\" content=\"article\" \/>\n<meta property=\"og:title\" content=\"Multi-Gyn FemiWash - Multi-Gyn\" \/>\n<meta property=\"og:description\" content=\"Multi-Gyn FemiWash \u010disti in osve\u017ei intimno podro\u010dje. Je blaga in ne dra\u017ee\u010da pena, ki je primerna tudi za najbolj ob\u010dutljivo ko\u017eo in ne vpliva na naravno floro. Plastenka vsebuje 120 nanosov.\" \/>\n<meta property=\"og:url\" content=\"https:\/\/multi-gyn.com\/si\/izdelek\/multi-gyn-femiwash\/\" \/>\n<meta property=\"og:site_name\" content=\"Multi-Gyn\" \/>\n<meta property=\"article:modified_time\" content=\"2022-12-13T14:43:37+00:00\" \/>\n<meta property=\"og:image\" content=\"https:\/\/multi-gyn.com\/app\/uploads\/sites\/36\/2022\/12\/MultiGyn-FemiWash.png\" \/>\n\t<meta property=\"og:image:width\" content=\"1024\" \/>\n\t<meta property=\"og:image:height\" content=\"1024\" \/>\n\t<meta property=\"og:image:type\" content=\"image\/png\" \/>\n<meta name=\"twitter:card\" content=\"summary_large_image\" \/>\n<meta name=\"twitter:label1\" content=\"Est. reading time\" \/>\n\t<meta name=\"twitter:data1\" content=\"1 minuta\" \/>\n<script type=\"application\/ld+json\" class=\"yoast-schema-graph\">{\"@context\":\"https:\/\/schema.org\",\"@graph\":[{\"@type\":\"WebPage\",\"@id\":\"https:\/\/multi-gyn.com\/si\/izdelek\/multi-gyn-femiwash\/\",\"url\":\"https:\/\/multi-gyn.com\/si\/izdelek\/multi-gyn-femiwash\/\",\"name\":\"Multi-Gyn FemiWash - Multi-Gyn\",\"isPartOf\":{\"@id\":\"https:\/\/multi-gyn.com\/si\/#website\"},\"primaryImageOfPage\":{\"@id\":\"https:\/\/multi-gyn.com\/si\/izdelek\/multi-gyn-femiwash\/#primaryimage\"},\"image\":{\"@id\":\"https:\/\/multi-gyn.com\/si\/izdelek\/multi-gyn-femiwash\/#primaryimage\"},\"thumbnailUrl\":\"https:\/\/multi-gyn.com\/app\/uploads\/sites\/36\/2022\/12\/MultiGyn-FemiWash.png\",\"datePublished\":\"2022-12-13T09:37:01+00:00\",\"dateModified\":\"2022-12-13T14:43:37+00:00\",\"description\":\"Multi-Gyn FemiWash \u010disti in osve\u017ei intimno podro\u010dje. Je blaga in ne dra\u017ee\u010da pena, ki je primerna tudi za najbolj ob\u010dutljivo ko\u017eo in ne vpliva na naravno floro. Plastenka vsebuje 120 nanosov.\",\"breadcrumb\":{\"@id\":\"https:\/\/multi-gyn.com\/si\/izdelek\/multi-gyn-femiwash\/#breadcrumb\"},\"inLanguage\":\"sl-SI\",\"potentialAction\":[{\"@type\":\"ReadAction\",\"target\":[\"https:\/\/multi-gyn.com\/si\/izdelek\/multi-gyn-femiwash\/\"]}]},{\"@type\":\"ImageObject\",\"inLanguage\":\"sl-SI\",\"@id\":\"https:\/\/multi-gyn.com\/si\/izdelek\/multi-gyn-femiwash\/#primaryimage\",\"url\":\"https:\/\/multi-gyn.com\/app\/uploads\/sites\/36\/2022\/12\/MultiGyn-FemiWash.png\",\"contentUrl\":\"https:\/\/multi-gyn.com\/app\/uploads\/sites\/36\/2022\/12\/MultiGyn-FemiWash.png\",\"width\":1024,\"height\":1024,\"caption\":\"Multi-Gyn FemiWash\"},{\"@type\":\"BreadcrumbList\",\"@id\":\"https:\/\/multi-gyn.com\/si\/izdelek\/multi-gyn-femiwash\/#breadcrumb\",\"itemListElement\":[{\"@type\":\"ListItem\",\"position\":1,\"name\":\"Home\",\"item\":\"https:\/\/multi-gyn.com\/si\/\"},{\"@type\":\"ListItem\",\"position\":2,\"name\":\"Na\u0161i proizvodi\",\"item\":\"https:\/\/multi-gyn.com\/si\/nasi-proizvodi\/\"},{\"@type\":\"ListItem\",\"position\":3,\"name\":\"Multi-Gyn FemiWash\"}]},{\"@type\":\"WebSite\",\"@id\":\"https:\/\/multi-gyn.com\/si\/#website\",\"url\":\"https:\/\/multi-gyn.com\/si\/\",\"name\":\"Multi-Gyn\",\"description\":\"\",\"publisher\":{\"@id\":\"https:\/\/multi-gyn.com\/si\/#organization\"},\"potentialAction\":[{\"@type\":\"SearchAction\",\"target\":{\"@type\":\"EntryPoint\",\"urlTemplate\":\"https:\/\/multi-gyn.com\/si\/?s={search_term_string}\"},\"query-input\":{\"@type\":\"PropertyValueSpecification\",\"valueRequired\":true,\"valueName\":\"search_term_string\"}}],\"inLanguage\":\"sl-SI\"},{\"@type\":\"Organization\",\"@id\":\"https:\/\/multi-gyn.com\/si\/#organization\",\"name\":\"Multi-Gyn\",\"url\":\"https:\/\/multi-gyn.com\/si\/\",\"logo\":{\"@type\":\"ImageObject\",\"inLanguage\":\"sl-SI\",\"@id\":\"https:\/\/multi-gyn.com\/si\/#\/schema\/logo\/image\/\",\"url\":\"https:\/\/multi-gyn.com\/app\/uploads\/sites\/36\/2022\/11\/multi-gyn-logo.png\",\"contentUrl\":\"https:\/\/multi-gyn.com\/app\/uploads\/sites\/36\/2022\/11\/multi-gyn-logo.png\",\"width\":149,\"height\":32,\"caption\":\"Multi-Gyn\"},\"image\":{\"@id\":\"https:\/\/multi-gyn.com\/si\/#\/schema\/logo\/image\/\"}}]}<\/script>\n<!-- \/ Yoast SEO plugin. -->","yoast_head_json":{"title":"Multi-Gyn FemiWash - Multi-Gyn","description":"Multi-Gyn FemiWash \u010disti in osve\u017ei intimno podro\u010dje. Je blaga in ne dra\u017ee\u010da pena, ki je primerna tudi za najbolj ob\u010dutljivo ko\u017eo in ne vpliva na naravno floro. Plastenka vsebuje 120 nanosov.","robots":{"index":"index","follow":"follow","max-snippet":"max-snippet:-1","max-image-preview":"max-image-preview:large","max-video-preview":"max-video-preview:-1"},"canonical":"https:\/\/multi-gyn.com\/si\/izdelek\/multi-gyn-femiwash\/","og_locale":"sl_SI","og_type":"article","og_title":"Multi-Gyn FemiWash - Multi-Gyn","og_description":"Multi-Gyn FemiWash \u010disti in osve\u017ei intimno podro\u010dje. Je blaga in ne dra\u017ee\u010da pena, ki je primerna tudi za najbolj ob\u010dutljivo ko\u017eo in ne vpliva na naravno floro. Plastenka vsebuje 120 nanosov.","og_url":"https:\/\/multi-gyn.com\/si\/izdelek\/multi-gyn-femiwash\/","og_site_name":"Multi-Gyn","article_modified_time":"2022-12-13T14:43:37+00:00","og_image":[{"width":1024,"height":1024,"url":"https:\/\/multi-gyn.com\/app\/uploads\/sites\/36\/2022\/12\/MultiGyn-FemiWash.png","type":"image\/png"}],"twitter_card":"summary_large_image","twitter_misc":{"Est. reading time":"1 minuta"},"schema":{"@context":"https:\/\/schema.org","@graph":[{"@type":"WebPage","@id":"https:\/\/multi-gyn.com\/si\/izdelek\/multi-gyn-femiwash\/","url":"https:\/\/multi-gyn.com\/si\/izdelek\/multi-gyn-femiwash\/","name":"Multi-Gyn FemiWash - Multi-Gyn","isPartOf":{"@id":"https:\/\/multi-gyn.com\/si\/#website"},"primaryImageOfPage":{"@id":"https:\/\/multi-gyn.com\/si\/izdelek\/multi-gyn-femiwash\/#primaryimage"},"image":{"@id":"https:\/\/multi-gyn.com\/si\/izdelek\/multi-gyn-femiwash\/#primaryimage"},"thumbnailUrl":"https:\/\/multi-gyn.com\/app\/uploads\/sites\/36\/2022\/12\/MultiGyn-FemiWash.png","datePublished":"2022-12-13T09:37:01+00:00","dateModified":"2022-12-13T14:43:37+00:00","description":"Multi-Gyn FemiWash \u010disti in osve\u017ei intimno podro\u010dje. Je blaga in ne dra\u017ee\u010da pena, ki je primerna tudi za najbolj ob\u010dutljivo ko\u017eo in ne vpliva na naravno floro. Plastenka vsebuje 120 nanosov.","breadcrumb":{"@id":"https:\/\/multi-gyn.com\/si\/izdelek\/multi-gyn-femiwash\/#breadcrumb"},"inLanguage":"sl-SI","potentialAction":[{"@type":"ReadAction","target":["https:\/\/multi-gyn.com\/si\/izdelek\/multi-gyn-femiwash\/"]}]},{"@type":"ImageObject","inLanguage":"sl-SI","@id":"https:\/\/multi-gyn.com\/si\/izdelek\/multi-gyn-femiwash\/#primaryimage","url":"https:\/\/multi-gyn.com\/app\/uploads\/sites\/36\/2022\/12\/MultiGyn-FemiWash.png","contentUrl":"https:\/\/multi-gyn.com\/app\/uploads\/sites\/36\/2022\/12\/MultiGyn-FemiWash.png","width":1024,"height":1024,"caption":"Multi-Gyn FemiWash"},{"@type":"BreadcrumbList","@id":"https:\/\/multi-gyn.com\/si\/izdelek\/multi-gyn-femiwash\/#breadcrumb","itemListElement":[{"@type":"ListItem","position":1,"name":"Home","item":"https:\/\/multi-gyn.com\/si\/"},{"@type":"ListItem","position":2,"name":"Na\u0161i proizvodi","item":"https:\/\/multi-gyn.com\/si\/nasi-proizvodi\/"},{"@type":"ListItem","position":3,"name":"Multi-Gyn FemiWash"}]},{"@type":"WebSite","@id":"https:\/\/multi-gyn.com\/si\/#website","url":"https:\/\/multi-gyn.com\/si\/","name":"Multi-Gyn","description":"","publisher":{"@id":"https:\/\/multi-gyn.com\/si\/#organization"},"potentialAction":[{"@type":"SearchAction","target":{"@type":"EntryPoint","urlTemplate":"https:\/\/multi-gyn.com\/si\/?s={search_term_string}"},"query-input":{"@type":"PropertyValueSpecification","valueRequired":true,"valueName":"search_term_string"}}],"inLanguage":"sl-SI"},{"@type":"Organization","@id":"https:\/\/multi-gyn.com\/si\/#organization","name":"Multi-Gyn","url":"https:\/\/multi-gyn.com\/si\/","logo":{"@type":"ImageObject","inLanguage":"sl-SI","@id":"https:\/\/multi-gyn.com\/si\/#\/schema\/logo\/image\/","url":"https:\/\/multi-gyn.com\/app\/uploads\/sites\/36\/2022\/11\/multi-gyn-logo.png","contentUrl":"https:\/\/multi-gyn.com\/app\/uploads\/sites\/36\/2022\/11\/multi-gyn-logo.png","width":149,"height":32,"caption":"Multi-Gyn"},"image":{"@id":"https:\/\/multi-gyn.com\/si\/#\/schema\/logo\/image\/"}}]}},"_links":{"self":[{"href":"https:\/\/multi-gyn.com\/si\/wp-json\/wp\/v2\/product\/392","targetHints":{"allow":["GET"]}}],"collection":[{"href":"https:\/\/multi-gyn.com\/si\/wp-json\/wp\/v2\/product"}],"about":[{"href":"https:\/\/multi-gyn.com\/si\/wp-json\/wp\/v2\/types\/product"}],"replies":[{"embeddable":true,"href":"https:\/\/multi-gyn.com\/si\/wp-json\/wp\/v2\/comments?post=392"}],"version-history":[{"count":4,"href":"https:\/\/multi-gyn.com\/si\/wp-json\/wp\/v2\/product\/392\/revisions"}],"predecessor-version":[{"id":495,"href":"https:\/\/multi-gyn.com\/si\/wp-json\/wp\/v2\/product\/392\/revisions\/495"}],"wp:featuredmedia":[{"embeddable":true,"href":"https:\/\/multi-gyn.com\/si\/wp-json\/wp\/v2\/media\/394"}],"wp:attachment":[{"href":"https:\/\/multi-gyn.com\/si\/wp-json\/wp\/v2\/media?parent=392"}],"wp:term":[{"taxonomy":"product_brand","embeddable":true,"href":"https:\/\/multi-gyn.com\/si\/wp-json\/wp\/v2\/product_brand?post=392"},{"taxonomy":"product_cat","embeddable":true,"href":"https:\/\/multi-gyn.com\/si\/wp-json\/wp\/v2\/product_cat?post=392"},{"taxonomy":"product_tag","embeddable":true,"href":"https:\/\/multi-gyn.com\/si\/wp-json\/wp\/v2\/product_tag?post=392"}],"curies":[{"name":"wp","href":"https:\/\/api.w.org\/{rel}","templated":true}]}}