{"id":401,"date":"2022-12-13T10:58:08","date_gmt":"2022-12-13T09:58:08","guid":{"rendered":"https:\/\/multi-gyn.com\/si\/?post_type=product&#038;p=401"},"modified":"2022-12-13T15:52:41","modified_gmt":"2022-12-13T14:52:41","slug":"multi-gyn-vaginal-douche-and-tablets","status":"publish","type":"product","link":"https:\/\/multi-gyn.com\/si\/izdelek\/multi-gyn-vaginal-douche-and-tablets\/","title":{"rendered":"Multi-Gyn Vaginal Douche and Tablets"},"content":{"rendered":"\n<div class=\"wp-block-karopharma-accordions is-style-secondary\"><div class=\"container\">\n<details class=\"wp-block-karopharma-accordion\"><summary><h2 class=\"accordion-title\">Kako pogosto lahko uporabljam Multi-Gyn Vaginal Douche?<\/h2><\/summary><div class=\"accordion-content\">\n<p>Svetujemo vam, da uporabljate Vaginal Douche po va\u0161em mese\u010dnem perilu ali po spolnem ob\u010devanju. Nobene potrebe ni, da bi Vaginal Douchegel uporabljale bolj pogosto.<\/p>\n<\/div><\/details>\n\n\n\n<details class=\"wp-block-karopharma-accordion\"><summary><h2 class=\"accordion-title\">Ali lahko uporabljam Multi-Gyn tablete brez Vaginal Douche?<\/h2><\/summary><div class=\"accordion-content\">\n<p>Ne, Multi-Gyn tablete so namenjene samo uporabi z Vaginal Douche.<\/p>\n<\/div><\/details>\n\n\n\n<details class=\"wp-block-karopharma-accordion\"><summary><h2 class=\"accordion-title\">Ali moram uporabiti celotno teko\u010dino?<\/h2><\/summary><div class=\"accordion-content\">\n<p>Ne, en ne\u017een stisk zadostuje.<\/p>\n<\/div><\/details>\n\n\n\n<details class=\"wp-block-karopharma-accordion\"><summary><h2 class=\"accordion-title\">Ali lahko ponovno uporabim vaginalno teko\u010dino za tu\u0161iranje?<\/h2><\/summary><div class=\"accordion-content\">\n<p>Ne, absolutno ne. Teko\u010dina se lahko uporabi samo enkrat.<\/p>\n<\/div><\/details>\n\n\n\n<details class=\"wp-block-karopharma-accordion\"><summary><h2 class=\"accordion-title\">Ali je te\u017eko vstaviti Multi-Gyn Vaginal Douche?<\/h2><\/summary><div class=\"accordion-content\">\n<p>Ne, uporaba Multi-Gyn Vaginal Douche ni te\u017eka. Torej, poskrbeti morate, da ste spro\u0161\u010deni in da stojite ali sedite na udobnem mestu. Za ve\u010d informacij o na\u010dinu uporabe Multi-Gyn Vaginal Douche prosim poglejte prilogo.<\/p>\n<\/div><\/details>\n\n\n\n<details class=\"wp-block-karopharma-accordion\"><summary><h2 class=\"accordion-title\">Ali lahko uporabim Multi-Gyn Vaginal Douche tudi z vodo?<\/h2><\/summary><div class=\"accordion-content\">\n<p>Da, Multi-Gyn Vaginal Douche lahko uporabite tudi z mla\u010dno vodo.<\/p>\n<\/div><\/details>\n<\/div><\/div>\n","protected":false},"excerpt":{"rendered":"<p>Za optimalno higieno vagine<\/p>\n","protected":false},"featured_media":402,"comment_status":"closed","ping_status":"closed","template":"","meta":{"_acf_changed":false,"footnotes":""},"product_brand":[],"product_cat":[19],"product_tag":[],"class_list":{"0":"post-401","1":"product","2":"type-product","3":"status-publish","4":"has-post-thumbnail","6":"product_cat-vaginalna-nega","8":"first","9":"instock","10":"shipping-taxable","11":"product-type-simple"},"acf":[],"yoast_head":"<!-- This site is optimized with the Yoast SEO plugin v26.6 - https:\/\/yoast.com\/wordpress\/plugins\/seo\/ -->\n<title>Multi-Gyn Vaginal Douche and Tablets - Multi-Gyn<\/title>\n<meta name=\"robots\" content=\"index, follow, max-snippet:-1, max-image-preview:large, max-video-preview:-1\" \/>\n<link rel=\"canonical\" href=\"https:\/\/multi-gyn.com\/si\/izdelek\/multi-gyn-vaginal-douche-and-tablets\/\" \/>\n<meta property=\"og:locale\" content=\"sl_SI\" \/>\n<meta property=\"og:type\" content=\"article\" \/>\n<meta property=\"og:title\" content=\"Multi-Gyn Vaginal Douche and Tablets - Multi-Gyn\" \/>\n<meta property=\"og:description\" content=\"Za optimalno higieno vagine\" \/>\n<meta property=\"og:url\" content=\"https:\/\/multi-gyn.com\/si\/izdelek\/multi-gyn-vaginal-douche-and-tablets\/\" \/>\n<meta property=\"og:site_name\" content=\"Multi-Gyn\" \/>\n<meta property=\"article:modified_time\" content=\"2022-12-13T14:52:41+00:00\" \/>\n<meta property=\"og:image\" content=\"https:\/\/multi-gyn.com\/app\/uploads\/sites\/36\/2022\/12\/Multi-Gyn-VaginalDouche.png\" \/>\n\t<meta property=\"og:image:width\" content=\"800\" \/>\n\t<meta property=\"og:image:height\" content=\"800\" \/>\n\t<meta property=\"og:image:type\" content=\"image\/png\" \/>\n<meta name=\"twitter:card\" content=\"summary_large_image\" \/>\n<meta name=\"twitter:label1\" content=\"Est. reading time\" \/>\n\t<meta name=\"twitter:data1\" content=\"1 minuta\" \/>\n<script type=\"application\/ld+json\" class=\"yoast-schema-graph\">{\"@context\":\"https:\/\/schema.org\",\"@graph\":[{\"@type\":\"WebPage\",\"@id\":\"https:\/\/multi-gyn.com\/si\/izdelek\/multi-gyn-vaginal-douche-and-tablets\/\",\"url\":\"https:\/\/multi-gyn.com\/si\/izdelek\/multi-gyn-vaginal-douche-and-tablets\/\",\"name\":\"Multi-Gyn Vaginal Douche and Tablets - Multi-Gyn\",\"isPartOf\":{\"@id\":\"https:\/\/multi-gyn.com\/si\/#website\"},\"primaryImageOfPage\":{\"@id\":\"https:\/\/multi-gyn.com\/si\/izdelek\/multi-gyn-vaginal-douche-and-tablets\/#primaryimage\"},\"image\":{\"@id\":\"https:\/\/multi-gyn.com\/si\/izdelek\/multi-gyn-vaginal-douche-and-tablets\/#primaryimage\"},\"thumbnailUrl\":\"https:\/\/multi-gyn.com\/app\/uploads\/sites\/36\/2022\/12\/Multi-Gyn-VaginalDouche.png\",\"datePublished\":\"2022-12-13T09:58:08+00:00\",\"dateModified\":\"2022-12-13T14:52:41+00:00\",\"breadcrumb\":{\"@id\":\"https:\/\/multi-gyn.com\/si\/izdelek\/multi-gyn-vaginal-douche-and-tablets\/#breadcrumb\"},\"inLanguage\":\"sl-SI\",\"potentialAction\":[{\"@type\":\"ReadAction\",\"target\":[\"https:\/\/multi-gyn.com\/si\/izdelek\/multi-gyn-vaginal-douche-and-tablets\/\"]}]},{\"@type\":\"ImageObject\",\"inLanguage\":\"sl-SI\",\"@id\":\"https:\/\/multi-gyn.com\/si\/izdelek\/multi-gyn-vaginal-douche-and-tablets\/#primaryimage\",\"url\":\"https:\/\/multi-gyn.com\/app\/uploads\/sites\/36\/2022\/12\/Multi-Gyn-VaginalDouche.png\",\"contentUrl\":\"https:\/\/multi-gyn.com\/app\/uploads\/sites\/36\/2022\/12\/Multi-Gyn-VaginalDouche.png\",\"width\":800,\"height\":800,\"caption\":\"Multi-Gyn VaginalDouche\"},{\"@type\":\"BreadcrumbList\",\"@id\":\"https:\/\/multi-gyn.com\/si\/izdelek\/multi-gyn-vaginal-douche-and-tablets\/#breadcrumb\",\"itemListElement\":[{\"@type\":\"ListItem\",\"position\":1,\"name\":\"Home\",\"item\":\"https:\/\/multi-gyn.com\/si\/\"},{\"@type\":\"ListItem\",\"position\":2,\"name\":\"Na\u0161i proizvodi\",\"item\":\"https:\/\/multi-gyn.com\/si\/nasi-proizvodi\/\"},{\"@type\":\"ListItem\",\"position\":3,\"name\":\"Multi-Gyn Vaginal Douche and Tablets\"}]},{\"@type\":\"WebSite\",\"@id\":\"https:\/\/multi-gyn.com\/si\/#website\",\"url\":\"https:\/\/multi-gyn.com\/si\/\",\"name\":\"Multi-Gyn\",\"description\":\"\",\"publisher\":{\"@id\":\"https:\/\/multi-gyn.com\/si\/#organization\"},\"potentialAction\":[{\"@type\":\"SearchAction\",\"target\":{\"@type\":\"EntryPoint\",\"urlTemplate\":\"https:\/\/multi-gyn.com\/si\/?s={search_term_string}\"},\"query-input\":{\"@type\":\"PropertyValueSpecification\",\"valueRequired\":true,\"valueName\":\"search_term_string\"}}],\"inLanguage\":\"sl-SI\"},{\"@type\":\"Organization\",\"@id\":\"https:\/\/multi-gyn.com\/si\/#organization\",\"name\":\"Multi-Gyn\",\"url\":\"https:\/\/multi-gyn.com\/si\/\",\"logo\":{\"@type\":\"ImageObject\",\"inLanguage\":\"sl-SI\",\"@id\":\"https:\/\/multi-gyn.com\/si\/#\/schema\/logo\/image\/\",\"url\":\"https:\/\/multi-gyn.com\/app\/uploads\/sites\/36\/2022\/11\/multi-gyn-logo.png\",\"contentUrl\":\"https:\/\/multi-gyn.com\/app\/uploads\/sites\/36\/2022\/11\/multi-gyn-logo.png\",\"width\":149,\"height\":32,\"caption\":\"Multi-Gyn\"},\"image\":{\"@id\":\"https:\/\/multi-gyn.com\/si\/#\/schema\/logo\/image\/\"}}]}<\/script>\n<!-- \/ Yoast SEO plugin. -->","yoast_head_json":{"title":"Multi-Gyn Vaginal Douche and Tablets - Multi-Gyn","robots":{"index":"index","follow":"follow","max-snippet":"max-snippet:-1","max-image-preview":"max-image-preview:large","max-video-preview":"max-video-preview:-1"},"canonical":"https:\/\/multi-gyn.com\/si\/izdelek\/multi-gyn-vaginal-douche-and-tablets\/","og_locale":"sl_SI","og_type":"article","og_title":"Multi-Gyn Vaginal Douche and Tablets - Multi-Gyn","og_description":"Za optimalno higieno vagine","og_url":"https:\/\/multi-gyn.com\/si\/izdelek\/multi-gyn-vaginal-douche-and-tablets\/","og_site_name":"Multi-Gyn","article_modified_time":"2022-12-13T14:52:41+00:00","og_image":[{"width":800,"height":800,"url":"https:\/\/multi-gyn.com\/app\/uploads\/sites\/36\/2022\/12\/Multi-Gyn-VaginalDouche.png","type":"image\/png"}],"twitter_card":"summary_large_image","twitter_misc":{"Est. reading time":"1 minuta"},"schema":{"@context":"https:\/\/schema.org","@graph":[{"@type":"WebPage","@id":"https:\/\/multi-gyn.com\/si\/izdelek\/multi-gyn-vaginal-douche-and-tablets\/","url":"https:\/\/multi-gyn.com\/si\/izdelek\/multi-gyn-vaginal-douche-and-tablets\/","name":"Multi-Gyn Vaginal Douche and Tablets - Multi-Gyn","isPartOf":{"@id":"https:\/\/multi-gyn.com\/si\/#website"},"primaryImageOfPage":{"@id":"https:\/\/multi-gyn.com\/si\/izdelek\/multi-gyn-vaginal-douche-and-tablets\/#primaryimage"},"image":{"@id":"https:\/\/multi-gyn.com\/si\/izdelek\/multi-gyn-vaginal-douche-and-tablets\/#primaryimage"},"thumbnailUrl":"https:\/\/multi-gyn.com\/app\/uploads\/sites\/36\/2022\/12\/Multi-Gyn-VaginalDouche.png","datePublished":"2022-12-13T09:58:08+00:00","dateModified":"2022-12-13T14:52:41+00:00","breadcrumb":{"@id":"https:\/\/multi-gyn.com\/si\/izdelek\/multi-gyn-vaginal-douche-and-tablets\/#breadcrumb"},"inLanguage":"sl-SI","potentialAction":[{"@type":"ReadAction","target":["https:\/\/multi-gyn.com\/si\/izdelek\/multi-gyn-vaginal-douche-and-tablets\/"]}]},{"@type":"ImageObject","inLanguage":"sl-SI","@id":"https:\/\/multi-gyn.com\/si\/izdelek\/multi-gyn-vaginal-douche-and-tablets\/#primaryimage","url":"https:\/\/multi-gyn.com\/app\/uploads\/sites\/36\/2022\/12\/Multi-Gyn-VaginalDouche.png","contentUrl":"https:\/\/multi-gyn.com\/app\/uploads\/sites\/36\/2022\/12\/Multi-Gyn-VaginalDouche.png","width":800,"height":800,"caption":"Multi-Gyn VaginalDouche"},{"@type":"BreadcrumbList","@id":"https:\/\/multi-gyn.com\/si\/izdelek\/multi-gyn-vaginal-douche-and-tablets\/#breadcrumb","itemListElement":[{"@type":"ListItem","position":1,"name":"Home","item":"https:\/\/multi-gyn.com\/si\/"},{"@type":"ListItem","position":2,"name":"Na\u0161i proizvodi","item":"https:\/\/multi-gyn.com\/si\/nasi-proizvodi\/"},{"@type":"ListItem","position":3,"name":"Multi-Gyn Vaginal Douche and Tablets"}]},{"@type":"WebSite","@id":"https:\/\/multi-gyn.com\/si\/#website","url":"https:\/\/multi-gyn.com\/si\/","name":"Multi-Gyn","description":"","publisher":{"@id":"https:\/\/multi-gyn.com\/si\/#organization"},"potentialAction":[{"@type":"SearchAction","target":{"@type":"EntryPoint","urlTemplate":"https:\/\/multi-gyn.com\/si\/?s={search_term_string}"},"query-input":{"@type":"PropertyValueSpecification","valueRequired":true,"valueName":"search_term_string"}}],"inLanguage":"sl-SI"},{"@type":"Organization","@id":"https:\/\/multi-gyn.com\/si\/#organization","name":"Multi-Gyn","url":"https:\/\/multi-gyn.com\/si\/","logo":{"@type":"ImageObject","inLanguage":"sl-SI","@id":"https:\/\/multi-gyn.com\/si\/#\/schema\/logo\/image\/","url":"https:\/\/multi-gyn.com\/app\/uploads\/sites\/36\/2022\/11\/multi-gyn-logo.png","contentUrl":"https:\/\/multi-gyn.com\/app\/uploads\/sites\/36\/2022\/11\/multi-gyn-logo.png","width":149,"height":32,"caption":"Multi-Gyn"},"image":{"@id":"https:\/\/multi-gyn.com\/si\/#\/schema\/logo\/image\/"}}]}},"_links":{"self":[{"href":"https:\/\/multi-gyn.com\/si\/wp-json\/wp\/v2\/product\/401","targetHints":{"allow":["GET"]}}],"collection":[{"href":"https:\/\/multi-gyn.com\/si\/wp-json\/wp\/v2\/product"}],"about":[{"href":"https:\/\/multi-gyn.com\/si\/wp-json\/wp\/v2\/types\/product"}],"replies":[{"embeddable":true,"href":"https:\/\/multi-gyn.com\/si\/wp-json\/wp\/v2\/comments?post=401"}],"version-history":[{"count":3,"href":"https:\/\/multi-gyn.com\/si\/wp-json\/wp\/v2\/product\/401\/revisions"}],"predecessor-version":[{"id":508,"href":"https:\/\/multi-gyn.com\/si\/wp-json\/wp\/v2\/product\/401\/revisions\/508"}],"wp:featuredmedia":[{"embeddable":true,"href":"https:\/\/multi-gyn.com\/si\/wp-json\/wp\/v2\/media\/402"}],"wp:attachment":[{"href":"https:\/\/multi-gyn.com\/si\/wp-json\/wp\/v2\/media?parent=401"}],"wp:term":[{"taxonomy":"product_brand","embeddable":true,"href":"https:\/\/multi-gyn.com\/si\/wp-json\/wp\/v2\/product_brand?post=401"},{"taxonomy":"product_cat","embeddable":true,"href":"https:\/\/multi-gyn.com\/si\/wp-json\/wp\/v2\/product_cat?post=401"},{"taxonomy":"product_tag","embeddable":true,"href":"https:\/\/multi-gyn.com\/si\/wp-json\/wp\/v2\/product_tag?post=401"}],"curies":[{"name":"wp","href":"https:\/\/api.w.org\/{rel}","templated":true}]}}