{"id":62,"date":"2022-12-07T15:05:54","date_gmt":"2022-12-07T14:05:54","guid":{"rendered":"https:\/\/multi-gyn.com\/si\/?post_type=product&#038;p=62"},"modified":"2022-12-13T15:26:50","modified_gmt":"2022-12-13T14:26:50","slug":"multi-gyn-actigel","status":"publish","type":"product","link":"https:\/\/multi-gyn.com\/si\/izdelek\/multi-gyn-actigel\/","title":{"rendered":"Multi-Gyn ActiGel"},"content":{"rendered":"\n<div class=\"wp-block-karopharma-accordions is-style-secondary\"><div class=\"container\">\n<details class=\"wp-block-karopharma-accordion\"><summary><h2 class=\"accordion-title\">Kako pogosto moram uporabljati Multi-Gyn ActiGel?<\/h2><\/summary><div class=\"accordion-content\">\n<p>Za odpravljanje vaginalnih te\u017eav vam svetujemo, da uporabljate Multi-Gyn ActiGel pet dni zapored dva krat na dan.<\/p>\n<\/div><\/details>\n\n\n\n<details class=\"wp-block-karopharma-accordion\"><summary><h2 class=\"accordion-title\">Kdaj bom za\u010dutila u\u010dinek?<\/h2><\/summary><div class=\"accordion-content\">\n<p>Lahko za\u010dutite takoj\u0161en u\u010dinek, \u0161e posebej pri simptomih, kot so razdra\u017eenost in srbenje. Vendar se to lahko pri vsaki osebi razlikuje. Zato vam svetujemo, da uporabljate Multi-Gyn ActiGel najmanj 5 dni, da bi odpravili simptome.<\/p>\n<\/div><\/details>\n\n\n\n<details class=\"wp-block-karopharma-accordion\"><summary><h2 class=\"accordion-title\">Ali ima Multi-Gyn ActiGel kak\u0161ne stranske u\u010dinke?<\/h2><\/summary><div class=\"accordion-content\">\n<p>Ne, nobeni stranski u\u010dinki niso znani.<\/p>\n<\/div><\/details>\n\n\n\n<details class=\"wp-block-karopharma-accordion\"><summary><h2 class=\"accordion-title\">Moje te\u017eave so izzvenele, ali moram nadaljevati z uporabo Multi-Gyn ActiGela?<\/h2><\/summary><div class=\"accordion-content\">\n<p>Ne, nobene potrebe ni, da bi nepretrgano uporabljali Multi-Gyn ActiGel. \u010ce \u017eelite, lahko nepretrgano uporabljate Multi-Gyn ActiGel nekaj krat na teden.<\/p>\n<\/div><\/details>\n\n\n\n<details class=\"wp-block-karopharma-accordion\"><summary><h2 class=\"accordion-title\">Ali Multi-Gyn ActiGel vpliva na uporabo antibiotika?<\/h2><\/summary><div class=\"accordion-content\">\n<p>Ne, Multi-Gyn ActiGel ne vpliva negativno na antibiotik. Dejansko vam svetujemo, da uporabljate Multi-Gyn ActiGel vzporedno z antibioti\u010dnim zdravljenjem ali po njem. Ker je antibiotik zelo u\u010dinkovit pri uni\u010devanju bakterij in zato poru\u0161i vaginalno ravnovesje. Multi-Gyn ActiGel vam bo pomagal obnoviti zdravo vaginalno ravnovesje po uporabi kakr\u0161nega koli antibiotika.<\/p>\n<\/div><\/details>\n\n\n\n<details class=\"wp-block-karopharma-accordion\"><summary><h2 class=\"accordion-title\">Ali moram uporabiti polno tubo?<\/h2><\/summary><div class=\"accordion-content\">\n<p>Uporaba Multi-Gyn ActiGela vam nudi neposredno olaj\u0161anje va\u0161ih te\u017eav. Za u\u010dinkovitost je potrebna samo koli\u010dina prstne konice (2 ml).<\/p>\n<\/div><\/details>\n<\/div><\/div>\n","protected":false},"excerpt":{"rendered":"<p>Odpravlja in prepre\u010duje vaginalne te\u017eave<\/p>\n","protected":false},"featured_media":385,"comment_status":"closed","ping_status":"closed","template":"","meta":{"_acf_changed":false,"footnotes":""},"product_brand":[],"product_cat":[18],"product_tag":[],"class_list":{"0":"post-62","1":"product","2":"type-product","3":"status-publish","4":"has-post-thumbnail","6":"product_cat-odpravljanje-in-preprecevanje","8":"first","9":"instock","10":"shipping-taxable","11":"product-type-simple"},"acf":[],"yoast_head":"<!-- This site is optimized with the Yoast SEO plugin v26.6 - https:\/\/yoast.com\/wordpress\/plugins\/seo\/ -->\n<title>Multi-Gyn ActiGel - Multi-Gyn<\/title>\n<meta name=\"description\" content=\"Multi-Gyn ActiGel nudi neposredno olaj\u0161anje pri srbenju, razdra\u017eenosti, ob\u010dutljivosti, pordelosti ter ranljivosti povezano z bakterijskimi te\u017eavami.\" \/>\n<meta name=\"robots\" content=\"index, follow, max-snippet:-1, max-image-preview:large, max-video-preview:-1\" \/>\n<link rel=\"canonical\" href=\"https:\/\/multi-gyn.com\/si\/izdelek\/multi-gyn-actigel\/\" \/>\n<meta property=\"og:locale\" content=\"sl_SI\" \/>\n<meta property=\"og:type\" content=\"article\" \/>\n<meta property=\"og:title\" content=\"Multi-Gyn ActiGel - Multi-Gyn\" \/>\n<meta property=\"og:description\" content=\"Multi-Gyn ActiGel nudi neposredno olaj\u0161anje pri srbenju, razdra\u017eenosti, ob\u010dutljivosti, pordelosti ter ranljivosti povezano z bakterijskimi te\u017eavami.\" \/>\n<meta property=\"og:url\" content=\"https:\/\/multi-gyn.com\/si\/izdelek\/multi-gyn-actigel\/\" \/>\n<meta property=\"og:site_name\" content=\"Multi-Gyn\" \/>\n<meta property=\"article:modified_time\" content=\"2022-12-13T14:26:50+00:00\" \/>\n<meta property=\"og:image\" content=\"https:\/\/multi-gyn.com\/app\/uploads\/sites\/36\/2022\/12\/multi-gyn-actigel.png\" \/>\n\t<meta property=\"og:image:width\" content=\"1024\" \/>\n\t<meta property=\"og:image:height\" content=\"1024\" \/>\n\t<meta property=\"og:image:type\" content=\"image\/png\" \/>\n<meta name=\"twitter:card\" content=\"summary_large_image\" \/>\n<meta name=\"twitter:label1\" content=\"Est. reading time\" \/>\n\t<meta name=\"twitter:data1\" content=\"2 minuti\" \/>\n<script type=\"application\/ld+json\" class=\"yoast-schema-graph\">{\"@context\":\"https:\/\/schema.org\",\"@graph\":[{\"@type\":\"WebPage\",\"@id\":\"https:\/\/multi-gyn.com\/si\/izdelek\/multi-gyn-actigel\/\",\"url\":\"https:\/\/multi-gyn.com\/si\/izdelek\/multi-gyn-actigel\/\",\"name\":\"Multi-Gyn ActiGel - Multi-Gyn\",\"isPartOf\":{\"@id\":\"https:\/\/multi-gyn.com\/si\/#website\"},\"primaryImageOfPage\":{\"@id\":\"https:\/\/multi-gyn.com\/si\/izdelek\/multi-gyn-actigel\/#primaryimage\"},\"image\":{\"@id\":\"https:\/\/multi-gyn.com\/si\/izdelek\/multi-gyn-actigel\/#primaryimage\"},\"thumbnailUrl\":\"https:\/\/multi-gyn.com\/app\/uploads\/sites\/36\/2022\/12\/multi-gyn-actigel.png\",\"datePublished\":\"2022-12-07T14:05:54+00:00\",\"dateModified\":\"2022-12-13T14:26:50+00:00\",\"description\":\"Multi-Gyn ActiGel nudi neposredno olaj\u0161anje pri srbenju, razdra\u017eenosti, ob\u010dutljivosti, pordelosti ter ranljivosti povezano z bakterijskimi te\u017eavami.\",\"breadcrumb\":{\"@id\":\"https:\/\/multi-gyn.com\/si\/izdelek\/multi-gyn-actigel\/#breadcrumb\"},\"inLanguage\":\"sl-SI\",\"potentialAction\":[{\"@type\":\"ReadAction\",\"target\":[\"https:\/\/multi-gyn.com\/si\/izdelek\/multi-gyn-actigel\/\"]}]},{\"@type\":\"ImageObject\",\"inLanguage\":\"sl-SI\",\"@id\":\"https:\/\/multi-gyn.com\/si\/izdelek\/multi-gyn-actigel\/#primaryimage\",\"url\":\"https:\/\/multi-gyn.com\/app\/uploads\/sites\/36\/2022\/12\/multi-gyn-actigel.png\",\"contentUrl\":\"https:\/\/multi-gyn.com\/app\/uploads\/sites\/36\/2022\/12\/multi-gyn-actigel.png\",\"width\":1024,\"height\":1024,\"caption\":\"Multi-Gyn Actigel\"},{\"@type\":\"BreadcrumbList\",\"@id\":\"https:\/\/multi-gyn.com\/si\/izdelek\/multi-gyn-actigel\/#breadcrumb\",\"itemListElement\":[{\"@type\":\"ListItem\",\"position\":1,\"name\":\"Home\",\"item\":\"https:\/\/multi-gyn.com\/si\/\"},{\"@type\":\"ListItem\",\"position\":2,\"name\":\"Na\u0161i proizvodi\",\"item\":\"https:\/\/multi-gyn.com\/si\/nasi-proizvodi\/\"},{\"@type\":\"ListItem\",\"position\":3,\"name\":\"Multi-Gyn ActiGel\"}]},{\"@type\":\"WebSite\",\"@id\":\"https:\/\/multi-gyn.com\/si\/#website\",\"url\":\"https:\/\/multi-gyn.com\/si\/\",\"name\":\"Multi-Gyn\",\"description\":\"\",\"publisher\":{\"@id\":\"https:\/\/multi-gyn.com\/si\/#organization\"},\"potentialAction\":[{\"@type\":\"SearchAction\",\"target\":{\"@type\":\"EntryPoint\",\"urlTemplate\":\"https:\/\/multi-gyn.com\/si\/?s={search_term_string}\"},\"query-input\":{\"@type\":\"PropertyValueSpecification\",\"valueRequired\":true,\"valueName\":\"search_term_string\"}}],\"inLanguage\":\"sl-SI\"},{\"@type\":\"Organization\",\"@id\":\"https:\/\/multi-gyn.com\/si\/#organization\",\"name\":\"Multi-Gyn\",\"url\":\"https:\/\/multi-gyn.com\/si\/\",\"logo\":{\"@type\":\"ImageObject\",\"inLanguage\":\"sl-SI\",\"@id\":\"https:\/\/multi-gyn.com\/si\/#\/schema\/logo\/image\/\",\"url\":\"https:\/\/multi-gyn.com\/app\/uploads\/sites\/36\/2022\/11\/multi-gyn-logo.png\",\"contentUrl\":\"https:\/\/multi-gyn.com\/app\/uploads\/sites\/36\/2022\/11\/multi-gyn-logo.png\",\"width\":149,\"height\":32,\"caption\":\"Multi-Gyn\"},\"image\":{\"@id\":\"https:\/\/multi-gyn.com\/si\/#\/schema\/logo\/image\/\"}}]}<\/script>\n<!-- \/ Yoast SEO plugin. -->","yoast_head_json":{"title":"Multi-Gyn ActiGel - Multi-Gyn","description":"Multi-Gyn ActiGel nudi neposredno olaj\u0161anje pri srbenju, razdra\u017eenosti, ob\u010dutljivosti, pordelosti ter ranljivosti povezano z bakterijskimi te\u017eavami.","robots":{"index":"index","follow":"follow","max-snippet":"max-snippet:-1","max-image-preview":"max-image-preview:large","max-video-preview":"max-video-preview:-1"},"canonical":"https:\/\/multi-gyn.com\/si\/izdelek\/multi-gyn-actigel\/","og_locale":"sl_SI","og_type":"article","og_title":"Multi-Gyn ActiGel - Multi-Gyn","og_description":"Multi-Gyn ActiGel nudi neposredno olaj\u0161anje pri srbenju, razdra\u017eenosti, ob\u010dutljivosti, pordelosti ter ranljivosti povezano z bakterijskimi te\u017eavami.","og_url":"https:\/\/multi-gyn.com\/si\/izdelek\/multi-gyn-actigel\/","og_site_name":"Multi-Gyn","article_modified_time":"2022-12-13T14:26:50+00:00","og_image":[{"width":1024,"height":1024,"url":"https:\/\/multi-gyn.com\/app\/uploads\/sites\/36\/2022\/12\/multi-gyn-actigel.png","type":"image\/png"}],"twitter_card":"summary_large_image","twitter_misc":{"Est. reading time":"2 minuti"},"schema":{"@context":"https:\/\/schema.org","@graph":[{"@type":"WebPage","@id":"https:\/\/multi-gyn.com\/si\/izdelek\/multi-gyn-actigel\/","url":"https:\/\/multi-gyn.com\/si\/izdelek\/multi-gyn-actigel\/","name":"Multi-Gyn ActiGel - Multi-Gyn","isPartOf":{"@id":"https:\/\/multi-gyn.com\/si\/#website"},"primaryImageOfPage":{"@id":"https:\/\/multi-gyn.com\/si\/izdelek\/multi-gyn-actigel\/#primaryimage"},"image":{"@id":"https:\/\/multi-gyn.com\/si\/izdelek\/multi-gyn-actigel\/#primaryimage"},"thumbnailUrl":"https:\/\/multi-gyn.com\/app\/uploads\/sites\/36\/2022\/12\/multi-gyn-actigel.png","datePublished":"2022-12-07T14:05:54+00:00","dateModified":"2022-12-13T14:26:50+00:00","description":"Multi-Gyn ActiGel nudi neposredno olaj\u0161anje pri srbenju, razdra\u017eenosti, ob\u010dutljivosti, pordelosti ter ranljivosti povezano z bakterijskimi te\u017eavami.","breadcrumb":{"@id":"https:\/\/multi-gyn.com\/si\/izdelek\/multi-gyn-actigel\/#breadcrumb"},"inLanguage":"sl-SI","potentialAction":[{"@type":"ReadAction","target":["https:\/\/multi-gyn.com\/si\/izdelek\/multi-gyn-actigel\/"]}]},{"@type":"ImageObject","inLanguage":"sl-SI","@id":"https:\/\/multi-gyn.com\/si\/izdelek\/multi-gyn-actigel\/#primaryimage","url":"https:\/\/multi-gyn.com\/app\/uploads\/sites\/36\/2022\/12\/multi-gyn-actigel.png","contentUrl":"https:\/\/multi-gyn.com\/app\/uploads\/sites\/36\/2022\/12\/multi-gyn-actigel.png","width":1024,"height":1024,"caption":"Multi-Gyn Actigel"},{"@type":"BreadcrumbList","@id":"https:\/\/multi-gyn.com\/si\/izdelek\/multi-gyn-actigel\/#breadcrumb","itemListElement":[{"@type":"ListItem","position":1,"name":"Home","item":"https:\/\/multi-gyn.com\/si\/"},{"@type":"ListItem","position":2,"name":"Na\u0161i proizvodi","item":"https:\/\/multi-gyn.com\/si\/nasi-proizvodi\/"},{"@type":"ListItem","position":3,"name":"Multi-Gyn ActiGel"}]},{"@type":"WebSite","@id":"https:\/\/multi-gyn.com\/si\/#website","url":"https:\/\/multi-gyn.com\/si\/","name":"Multi-Gyn","description":"","publisher":{"@id":"https:\/\/multi-gyn.com\/si\/#organization"},"potentialAction":[{"@type":"SearchAction","target":{"@type":"EntryPoint","urlTemplate":"https:\/\/multi-gyn.com\/si\/?s={search_term_string}"},"query-input":{"@type":"PropertyValueSpecification","valueRequired":true,"valueName":"search_term_string"}}],"inLanguage":"sl-SI"},{"@type":"Organization","@id":"https:\/\/multi-gyn.com\/si\/#organization","name":"Multi-Gyn","url":"https:\/\/multi-gyn.com\/si\/","logo":{"@type":"ImageObject","inLanguage":"sl-SI","@id":"https:\/\/multi-gyn.com\/si\/#\/schema\/logo\/image\/","url":"https:\/\/multi-gyn.com\/app\/uploads\/sites\/36\/2022\/11\/multi-gyn-logo.png","contentUrl":"https:\/\/multi-gyn.com\/app\/uploads\/sites\/36\/2022\/11\/multi-gyn-logo.png","width":149,"height":32,"caption":"Multi-Gyn"},"image":{"@id":"https:\/\/multi-gyn.com\/si\/#\/schema\/logo\/image\/"}}]}},"_links":{"self":[{"href":"https:\/\/multi-gyn.com\/si\/wp-json\/wp\/v2\/product\/62","targetHints":{"allow":["GET"]}}],"collection":[{"href":"https:\/\/multi-gyn.com\/si\/wp-json\/wp\/v2\/product"}],"about":[{"href":"https:\/\/multi-gyn.com\/si\/wp-json\/wp\/v2\/types\/product"}],"replies":[{"embeddable":true,"href":"https:\/\/multi-gyn.com\/si\/wp-json\/wp\/v2\/comments?post=62"}],"version-history":[{"count":8,"href":"https:\/\/multi-gyn.com\/si\/wp-json\/wp\/v2\/product\/62\/revisions"}],"predecessor-version":[{"id":440,"href":"https:\/\/multi-gyn.com\/si\/wp-json\/wp\/v2\/product\/62\/revisions\/440"}],"wp:featuredmedia":[{"embeddable":true,"href":"https:\/\/multi-gyn.com\/si\/wp-json\/wp\/v2\/media\/385"}],"wp:attachment":[{"href":"https:\/\/multi-gyn.com\/si\/wp-json\/wp\/v2\/media?parent=62"}],"wp:term":[{"taxonomy":"product_brand","embeddable":true,"href":"https:\/\/multi-gyn.com\/si\/wp-json\/wp\/v2\/product_brand?post=62"},{"taxonomy":"product_cat","embeddable":true,"href":"https:\/\/multi-gyn.com\/si\/wp-json\/wp\/v2\/product_cat?post=62"},{"taxonomy":"product_tag","embeddable":true,"href":"https:\/\/multi-gyn.com\/si\/wp-json\/wp\/v2\/product_tag?post=62"}],"curies":[{"name":"wp","href":"https:\/\/api.w.org\/{rel}","templated":true}]}}