{"id":65,"date":"2022-12-07T15:07:26","date_gmt":"2022-12-07T14:07:26","guid":{"rendered":"https:\/\/multi-gyn.com\/si\/?post_type=product&#038;p=65"},"modified":"2022-12-13T15:36:19","modified_gmt":"2022-12-13T14:36:19","slug":"multi-gyn-floraplus","status":"publish","type":"product","link":"https:\/\/multi-gyn.com\/si\/izdelek\/multi-gyn-floraplus\/","title":{"rendered":"Multi-Gyn FloraPlus"},"content":{"rendered":"\n<div class=\"wp-block-karopharma-accordions is-style-secondary\"><div class=\"container\">\n<details class=\"wp-block-karopharma-accordion\"><summary><h2 class=\"accordion-title\">Kdaj bom za\u010dutila u\u010dinek?<\/h2><\/summary><div class=\"accordion-content\">\n<p>To se lahko pri vsaki osebi razlikuje, vendar lahko takoj \u010dutite olaj\u0161anje simptomov.<\/p>\n<\/div><\/details>\n\n\n\n<details class=\"wp-block-karopharma-accordion\"><summary><h2 class=\"accordion-title\">Ali ga moram uporabljati 5 dni zapored?<\/h2><\/summary><div class=\"accordion-content\">\n<p>Da, svetujemo vam, da uporabite vseh pet tub za kar najbolj\u0161i u\u010dinek.<\/p>\n<\/div><\/details>\n\n\n\n<details class=\"wp-block-karopharma-accordion\"><summary><h2 class=\"accordion-title\">Ali ima Multi-Gyn FloraPlus kakr\u0161ne koli stranske u\u010dinke?<\/h2><\/summary><div class=\"accordion-content\">\n<p>Ne, nobeni stranski u\u010dinki niso znani.<\/p>\n<\/div><\/details>\n\n\n\n<details class=\"wp-block-karopharma-accordion\"><summary><h2 class=\"accordion-title\">Zakaj se Multi-Gyn FloraPlus razlikuje od ostalih zdravljenj vaginalnih glivic ali sora?<\/h2><\/summary><div class=\"accordion-content\">\n<p>Multi-Gyn FloraPlus ima neposreden u\u010dinek na simptome in je naraven proizvod, ki nima negativnih u\u010dinkov na vaginalno floro. Multi-Gyn FloraPlus bo pomagal koristnim bakterijam, da se razmno\u017eijo ter zmanj\u0161al razmno\u017eevanje kandide.<\/p>\n<\/div><\/details>\n\n\n\n<details class=\"wp-block-karopharma-accordion\"><summary><h2 class=\"accordion-title\">Ali lahko uporabljam Multi-Gyn FloraPlus, da bi prepre\u010dila vrnitev glivi\u010dne infekcije\/sora?<\/h2><\/summary><div class=\"accordion-content\">\n<p>Da. Dejansko je bil razvit, ker imajo antimikotiki pogosto stranski u\u010dinek vrnitve glivi\u010dnih infekcij, medtem ko bo Multi-Gyn FloraPlus dal koristnim bakterijam pospe\u0161ek, in glivicam ne bo nudil mo\u017enosti, da bi se razmno\u017eile.<\/p>\n<\/div><\/details>\n<\/div><\/div>\n","protected":false},"excerpt":{"rendered":"<p>Odpravlja in prepre\u010duje vaginalne glivi\u010dne te\u017eave<\/p>\n","protected":false},"featured_media":391,"comment_status":"closed","ping_status":"closed","template":"","meta":{"_acf_changed":false,"footnotes":""},"product_brand":[],"product_cat":[18],"product_tag":[],"class_list":{"0":"post-65","1":"product","2":"type-product","3":"status-publish","4":"has-post-thumbnail","6":"product_cat-odpravljanje-in-preprecevanje","8":"first","9":"instock","10":"shipping-taxable","11":"product-type-simple"},"acf":[],"yoast_head":"<!-- This site is optimized with the Yoast SEO plugin v26.6 - https:\/\/yoast.com\/wordpress\/plugins\/seo\/ -->\n<title>Multi-Gyn FloraPlus - Multi-Gyn<\/title>\n<meta name=\"description\" content=\"Multi-Gyn FloraPlus je u\u010dinkovit pri odpravljanju in prepre\u010devanju (ponovitve) vaginalnih te\u017eav z glivicami\/sorom. Bla\u017ei te\u017eave, kot so izcedek, srbenje, razdra\u017eenost, pordelost in ob\u010dutljivost.\" \/>\n<meta name=\"robots\" content=\"index, follow, max-snippet:-1, max-image-preview:large, max-video-preview:-1\" \/>\n<link rel=\"canonical\" href=\"https:\/\/multi-gyn.com\/si\/izdelek\/multi-gyn-floraplus\/\" \/>\n<meta property=\"og:locale\" content=\"sl_SI\" \/>\n<meta property=\"og:type\" content=\"article\" \/>\n<meta property=\"og:title\" content=\"Multi-Gyn FloraPlus - Multi-Gyn\" \/>\n<meta property=\"og:description\" content=\"Multi-Gyn FloraPlus je u\u010dinkovit pri odpravljanju in prepre\u010devanju (ponovitve) vaginalnih te\u017eav z glivicami\/sorom. Bla\u017ei te\u017eave, kot so izcedek, srbenje, razdra\u017eenost, pordelost in ob\u010dutljivost.\" \/>\n<meta property=\"og:url\" content=\"https:\/\/multi-gyn.com\/si\/izdelek\/multi-gyn-floraplus\/\" \/>\n<meta property=\"og:site_name\" content=\"Multi-Gyn\" \/>\n<meta property=\"article:modified_time\" content=\"2022-12-13T14:36:19+00:00\" \/>\n<meta property=\"og:image\" content=\"https:\/\/multi-gyn.com\/app\/uploads\/sites\/36\/2022\/12\/MultiGyn-FloraPlus.png\" \/>\n\t<meta property=\"og:image:width\" content=\"1024\" \/>\n\t<meta property=\"og:image:height\" content=\"1024\" \/>\n\t<meta property=\"og:image:type\" content=\"image\/png\" \/>\n<meta name=\"twitter:card\" content=\"summary_large_image\" \/>\n<meta name=\"twitter:label1\" content=\"Est. reading time\" \/>\n\t<meta name=\"twitter:data1\" content=\"1 minuta\" \/>\n<script type=\"application\/ld+json\" class=\"yoast-schema-graph\">{\"@context\":\"https:\/\/schema.org\",\"@graph\":[{\"@type\":\"WebPage\",\"@id\":\"https:\/\/multi-gyn.com\/si\/izdelek\/multi-gyn-floraplus\/\",\"url\":\"https:\/\/multi-gyn.com\/si\/izdelek\/multi-gyn-floraplus\/\",\"name\":\"Multi-Gyn FloraPlus - Multi-Gyn\",\"isPartOf\":{\"@id\":\"https:\/\/multi-gyn.com\/si\/#website\"},\"primaryImageOfPage\":{\"@id\":\"https:\/\/multi-gyn.com\/si\/izdelek\/multi-gyn-floraplus\/#primaryimage\"},\"image\":{\"@id\":\"https:\/\/multi-gyn.com\/si\/izdelek\/multi-gyn-floraplus\/#primaryimage\"},\"thumbnailUrl\":\"https:\/\/multi-gyn.com\/app\/uploads\/sites\/36\/2022\/12\/MultiGyn-FloraPlus.png\",\"datePublished\":\"2022-12-07T14:07:26+00:00\",\"dateModified\":\"2022-12-13T14:36:19+00:00\",\"description\":\"Multi-Gyn FloraPlus je u\u010dinkovit pri odpravljanju in prepre\u010devanju (ponovitve) vaginalnih te\u017eav z glivicami\/sorom. Bla\u017ei te\u017eave, kot so izcedek, srbenje, razdra\u017eenost, pordelost in ob\u010dutljivost.\",\"breadcrumb\":{\"@id\":\"https:\/\/multi-gyn.com\/si\/izdelek\/multi-gyn-floraplus\/#breadcrumb\"},\"inLanguage\":\"sl-SI\",\"potentialAction\":[{\"@type\":\"ReadAction\",\"target\":[\"https:\/\/multi-gyn.com\/si\/izdelek\/multi-gyn-floraplus\/\"]}]},{\"@type\":\"ImageObject\",\"inLanguage\":\"sl-SI\",\"@id\":\"https:\/\/multi-gyn.com\/si\/izdelek\/multi-gyn-floraplus\/#primaryimage\",\"url\":\"https:\/\/multi-gyn.com\/app\/uploads\/sites\/36\/2022\/12\/MultiGyn-FloraPlus.png\",\"contentUrl\":\"https:\/\/multi-gyn.com\/app\/uploads\/sites\/36\/2022\/12\/MultiGyn-FloraPlus.png\",\"width\":1024,\"height\":1024,\"caption\":\"Multi-Gyn FloraPlus\"},{\"@type\":\"BreadcrumbList\",\"@id\":\"https:\/\/multi-gyn.com\/si\/izdelek\/multi-gyn-floraplus\/#breadcrumb\",\"itemListElement\":[{\"@type\":\"ListItem\",\"position\":1,\"name\":\"Home\",\"item\":\"https:\/\/multi-gyn.com\/si\/\"},{\"@type\":\"ListItem\",\"position\":2,\"name\":\"Na\u0161i proizvodi\",\"item\":\"https:\/\/multi-gyn.com\/si\/nasi-proizvodi\/\"},{\"@type\":\"ListItem\",\"position\":3,\"name\":\"Multi-Gyn FloraPlus\"}]},{\"@type\":\"WebSite\",\"@id\":\"https:\/\/multi-gyn.com\/si\/#website\",\"url\":\"https:\/\/multi-gyn.com\/si\/\",\"name\":\"Multi-Gyn\",\"description\":\"\",\"publisher\":{\"@id\":\"https:\/\/multi-gyn.com\/si\/#organization\"},\"potentialAction\":[{\"@type\":\"SearchAction\",\"target\":{\"@type\":\"EntryPoint\",\"urlTemplate\":\"https:\/\/multi-gyn.com\/si\/?s={search_term_string}\"},\"query-input\":{\"@type\":\"PropertyValueSpecification\",\"valueRequired\":true,\"valueName\":\"search_term_string\"}}],\"inLanguage\":\"sl-SI\"},{\"@type\":\"Organization\",\"@id\":\"https:\/\/multi-gyn.com\/si\/#organization\",\"name\":\"Multi-Gyn\",\"url\":\"https:\/\/multi-gyn.com\/si\/\",\"logo\":{\"@type\":\"ImageObject\",\"inLanguage\":\"sl-SI\",\"@id\":\"https:\/\/multi-gyn.com\/si\/#\/schema\/logo\/image\/\",\"url\":\"https:\/\/multi-gyn.com\/app\/uploads\/sites\/36\/2022\/11\/multi-gyn-logo.png\",\"contentUrl\":\"https:\/\/multi-gyn.com\/app\/uploads\/sites\/36\/2022\/11\/multi-gyn-logo.png\",\"width\":149,\"height\":32,\"caption\":\"Multi-Gyn\"},\"image\":{\"@id\":\"https:\/\/multi-gyn.com\/si\/#\/schema\/logo\/image\/\"}}]}<\/script>\n<!-- \/ Yoast SEO plugin. -->","yoast_head_json":{"title":"Multi-Gyn FloraPlus - Multi-Gyn","description":"Multi-Gyn FloraPlus je u\u010dinkovit pri odpravljanju in prepre\u010devanju (ponovitve) vaginalnih te\u017eav z glivicami\/sorom. Bla\u017ei te\u017eave, kot so izcedek, srbenje, razdra\u017eenost, pordelost in ob\u010dutljivost.","robots":{"index":"index","follow":"follow","max-snippet":"max-snippet:-1","max-image-preview":"max-image-preview:large","max-video-preview":"max-video-preview:-1"},"canonical":"https:\/\/multi-gyn.com\/si\/izdelek\/multi-gyn-floraplus\/","og_locale":"sl_SI","og_type":"article","og_title":"Multi-Gyn FloraPlus - Multi-Gyn","og_description":"Multi-Gyn FloraPlus je u\u010dinkovit pri odpravljanju in prepre\u010devanju (ponovitve) vaginalnih te\u017eav z glivicami\/sorom. Bla\u017ei te\u017eave, kot so izcedek, srbenje, razdra\u017eenost, pordelost in ob\u010dutljivost.","og_url":"https:\/\/multi-gyn.com\/si\/izdelek\/multi-gyn-floraplus\/","og_site_name":"Multi-Gyn","article_modified_time":"2022-12-13T14:36:19+00:00","og_image":[{"width":1024,"height":1024,"url":"https:\/\/multi-gyn.com\/app\/uploads\/sites\/36\/2022\/12\/MultiGyn-FloraPlus.png","type":"image\/png"}],"twitter_card":"summary_large_image","twitter_misc":{"Est. reading time":"1 minuta"},"schema":{"@context":"https:\/\/schema.org","@graph":[{"@type":"WebPage","@id":"https:\/\/multi-gyn.com\/si\/izdelek\/multi-gyn-floraplus\/","url":"https:\/\/multi-gyn.com\/si\/izdelek\/multi-gyn-floraplus\/","name":"Multi-Gyn FloraPlus - Multi-Gyn","isPartOf":{"@id":"https:\/\/multi-gyn.com\/si\/#website"},"primaryImageOfPage":{"@id":"https:\/\/multi-gyn.com\/si\/izdelek\/multi-gyn-floraplus\/#primaryimage"},"image":{"@id":"https:\/\/multi-gyn.com\/si\/izdelek\/multi-gyn-floraplus\/#primaryimage"},"thumbnailUrl":"https:\/\/multi-gyn.com\/app\/uploads\/sites\/36\/2022\/12\/MultiGyn-FloraPlus.png","datePublished":"2022-12-07T14:07:26+00:00","dateModified":"2022-12-13T14:36:19+00:00","description":"Multi-Gyn FloraPlus je u\u010dinkovit pri odpravljanju in prepre\u010devanju (ponovitve) vaginalnih te\u017eav z glivicami\/sorom. Bla\u017ei te\u017eave, kot so izcedek, srbenje, razdra\u017eenost, pordelost in ob\u010dutljivost.","breadcrumb":{"@id":"https:\/\/multi-gyn.com\/si\/izdelek\/multi-gyn-floraplus\/#breadcrumb"},"inLanguage":"sl-SI","potentialAction":[{"@type":"ReadAction","target":["https:\/\/multi-gyn.com\/si\/izdelek\/multi-gyn-floraplus\/"]}]},{"@type":"ImageObject","inLanguage":"sl-SI","@id":"https:\/\/multi-gyn.com\/si\/izdelek\/multi-gyn-floraplus\/#primaryimage","url":"https:\/\/multi-gyn.com\/app\/uploads\/sites\/36\/2022\/12\/MultiGyn-FloraPlus.png","contentUrl":"https:\/\/multi-gyn.com\/app\/uploads\/sites\/36\/2022\/12\/MultiGyn-FloraPlus.png","width":1024,"height":1024,"caption":"Multi-Gyn FloraPlus"},{"@type":"BreadcrumbList","@id":"https:\/\/multi-gyn.com\/si\/izdelek\/multi-gyn-floraplus\/#breadcrumb","itemListElement":[{"@type":"ListItem","position":1,"name":"Home","item":"https:\/\/multi-gyn.com\/si\/"},{"@type":"ListItem","position":2,"name":"Na\u0161i proizvodi","item":"https:\/\/multi-gyn.com\/si\/nasi-proizvodi\/"},{"@type":"ListItem","position":3,"name":"Multi-Gyn FloraPlus"}]},{"@type":"WebSite","@id":"https:\/\/multi-gyn.com\/si\/#website","url":"https:\/\/multi-gyn.com\/si\/","name":"Multi-Gyn","description":"","publisher":{"@id":"https:\/\/multi-gyn.com\/si\/#organization"},"potentialAction":[{"@type":"SearchAction","target":{"@type":"EntryPoint","urlTemplate":"https:\/\/multi-gyn.com\/si\/?s={search_term_string}"},"query-input":{"@type":"PropertyValueSpecification","valueRequired":true,"valueName":"search_term_string"}}],"inLanguage":"sl-SI"},{"@type":"Organization","@id":"https:\/\/multi-gyn.com\/si\/#organization","name":"Multi-Gyn","url":"https:\/\/multi-gyn.com\/si\/","logo":{"@type":"ImageObject","inLanguage":"sl-SI","@id":"https:\/\/multi-gyn.com\/si\/#\/schema\/logo\/image\/","url":"https:\/\/multi-gyn.com\/app\/uploads\/sites\/36\/2022\/11\/multi-gyn-logo.png","contentUrl":"https:\/\/multi-gyn.com\/app\/uploads\/sites\/36\/2022\/11\/multi-gyn-logo.png","width":149,"height":32,"caption":"Multi-Gyn"},"image":{"@id":"https:\/\/multi-gyn.com\/si\/#\/schema\/logo\/image\/"}}]}},"_links":{"self":[{"href":"https:\/\/multi-gyn.com\/si\/wp-json\/wp\/v2\/product\/65","targetHints":{"allow":["GET"]}}],"collection":[{"href":"https:\/\/multi-gyn.com\/si\/wp-json\/wp\/v2\/product"}],"about":[{"href":"https:\/\/multi-gyn.com\/si\/wp-json\/wp\/v2\/types\/product"}],"replies":[{"embeddable":true,"href":"https:\/\/multi-gyn.com\/si\/wp-json\/wp\/v2\/comments?post=65"}],"version-history":[{"count":5,"href":"https:\/\/multi-gyn.com\/si\/wp-json\/wp\/v2\/product\/65\/revisions"}],"predecessor-version":[{"id":490,"href":"https:\/\/multi-gyn.com\/si\/wp-json\/wp\/v2\/product\/65\/revisions\/490"}],"wp:featuredmedia":[{"embeddable":true,"href":"https:\/\/multi-gyn.com\/si\/wp-json\/wp\/v2\/media\/391"}],"wp:attachment":[{"href":"https:\/\/multi-gyn.com\/si\/wp-json\/wp\/v2\/media?parent=65"}],"wp:term":[{"taxonomy":"product_brand","embeddable":true,"href":"https:\/\/multi-gyn.com\/si\/wp-json\/wp\/v2\/product_brand?post=65"},{"taxonomy":"product_cat","embeddable":true,"href":"https:\/\/multi-gyn.com\/si\/wp-json\/wp\/v2\/product_cat?post=65"},{"taxonomy":"product_tag","embeddable":true,"href":"https:\/\/multi-gyn.com\/si\/wp-json\/wp\/v2\/product_tag?post=65"}],"curies":[{"name":"wp","href":"https:\/\/api.w.org\/{rel}","templated":true}]}}