{"id":68,"date":"2022-12-07T15:08:40","date_gmt":"2022-12-07T14:08:40","guid":{"rendered":"https:\/\/multi-gyn.com\/si\/?post_type=product&#038;p=68"},"modified":"2022-12-13T15:35:42","modified_gmt":"2022-12-13T14:35:42","slug":"multi-gyn-liquigel","status":"publish","type":"product","link":"https:\/\/multi-gyn.com\/si\/izdelek\/multi-gyn-liquigel\/","title":{"rendered":"Multi-Gyn LiquiGel"},"content":{"rendered":"","protected":false},"excerpt":{"rendered":"<p>Odpravlja in olaj\u0161a vaginalno suhost<\/p>\n","protected":false},"featured_media":386,"comment_status":"closed","ping_status":"closed","template":"","meta":{"_acf_changed":false,"footnotes":""},"product_brand":[],"product_cat":[18],"product_tag":[],"class_list":{"0":"post-68","1":"product","2":"type-product","3":"status-publish","4":"has-post-thumbnail","6":"product_cat-odpravljanje-in-preprecevanje","8":"first","9":"instock","10":"shipping-taxable","11":"product-type-simple"},"acf":[],"yoast_head":"<!-- This site is optimized with the Yoast SEO plugin v26.6 - https:\/\/yoast.com\/wordpress\/plugins\/seo\/ -->\n<title>Multi-Gyn LiquiGel - Multi-Gyn<\/title>\n<meta name=\"description\" content=\"Multi-Gyn LiquiGel nemudoma olaj\u0161a vaginalno suhost, razdra\u017eenost in srbenje. Izbolj\u0161a stanje vaginalnega tkiva.\" \/>\n<meta name=\"robots\" content=\"index, follow, max-snippet:-1, max-image-preview:large, max-video-preview:-1\" \/>\n<link rel=\"canonical\" href=\"https:\/\/multi-gyn.com\/si\/izdelek\/multi-gyn-liquigel\/\" \/>\n<meta property=\"og:locale\" content=\"sl_SI\" \/>\n<meta property=\"og:type\" content=\"article\" \/>\n<meta property=\"og:title\" content=\"Multi-Gyn LiquiGel - Multi-Gyn\" \/>\n<meta property=\"og:description\" content=\"Multi-Gyn LiquiGel nemudoma olaj\u0161a vaginalno suhost, razdra\u017eenost in srbenje. Izbolj\u0161a stanje vaginalnega tkiva.\" \/>\n<meta property=\"og:url\" content=\"https:\/\/multi-gyn.com\/si\/izdelek\/multi-gyn-liquigel\/\" \/>\n<meta property=\"og:site_name\" content=\"Multi-Gyn\" \/>\n<meta property=\"article:modified_time\" content=\"2022-12-13T14:35:42+00:00\" \/>\n<meta property=\"og:image\" content=\"https:\/\/multi-gyn.com\/app\/uploads\/sites\/36\/2022\/12\/Multi-Gyn-LiquiGel.png\" \/>\n\t<meta property=\"og:image:width\" content=\"1024\" \/>\n\t<meta property=\"og:image:height\" content=\"1024\" \/>\n\t<meta property=\"og:image:type\" content=\"image\/png\" \/>\n<meta name=\"twitter:card\" content=\"summary_large_image\" \/>\n<script type=\"application\/ld+json\" class=\"yoast-schema-graph\">{\"@context\":\"https:\/\/schema.org\",\"@graph\":[{\"@type\":\"WebPage\",\"@id\":\"https:\/\/multi-gyn.com\/si\/izdelek\/multi-gyn-liquigel\/\",\"url\":\"https:\/\/multi-gyn.com\/si\/izdelek\/multi-gyn-liquigel\/\",\"name\":\"Multi-Gyn LiquiGel - Multi-Gyn\",\"isPartOf\":{\"@id\":\"https:\/\/multi-gyn.com\/si\/#website\"},\"primaryImageOfPage\":{\"@id\":\"https:\/\/multi-gyn.com\/si\/izdelek\/multi-gyn-liquigel\/#primaryimage\"},\"image\":{\"@id\":\"https:\/\/multi-gyn.com\/si\/izdelek\/multi-gyn-liquigel\/#primaryimage\"},\"thumbnailUrl\":\"https:\/\/multi-gyn.com\/app\/uploads\/sites\/36\/2022\/12\/Multi-Gyn-LiquiGel.png\",\"datePublished\":\"2022-12-07T14:08:40+00:00\",\"dateModified\":\"2022-12-13T14:35:42+00:00\",\"description\":\"Multi-Gyn LiquiGel nemudoma olaj\u0161a vaginalno suhost, razdra\u017eenost in srbenje. Izbolj\u0161a stanje vaginalnega tkiva.\",\"breadcrumb\":{\"@id\":\"https:\/\/multi-gyn.com\/si\/izdelek\/multi-gyn-liquigel\/#breadcrumb\"},\"inLanguage\":\"sl-SI\",\"potentialAction\":[{\"@type\":\"ReadAction\",\"target\":[\"https:\/\/multi-gyn.com\/si\/izdelek\/multi-gyn-liquigel\/\"]}]},{\"@type\":\"ImageObject\",\"inLanguage\":\"sl-SI\",\"@id\":\"https:\/\/multi-gyn.com\/si\/izdelek\/multi-gyn-liquigel\/#primaryimage\",\"url\":\"https:\/\/multi-gyn.com\/app\/uploads\/sites\/36\/2022\/12\/Multi-Gyn-LiquiGel.png\",\"contentUrl\":\"https:\/\/multi-gyn.com\/app\/uploads\/sites\/36\/2022\/12\/Multi-Gyn-LiquiGel.png\",\"width\":1024,\"height\":1024,\"caption\":\"Multi-Gyn LiquiGel\"},{\"@type\":\"BreadcrumbList\",\"@id\":\"https:\/\/multi-gyn.com\/si\/izdelek\/multi-gyn-liquigel\/#breadcrumb\",\"itemListElement\":[{\"@type\":\"ListItem\",\"position\":1,\"name\":\"Home\",\"item\":\"https:\/\/multi-gyn.com\/si\/\"},{\"@type\":\"ListItem\",\"position\":2,\"name\":\"Na\u0161i proizvodi\",\"item\":\"https:\/\/multi-gyn.com\/si\/nasi-proizvodi\/\"},{\"@type\":\"ListItem\",\"position\":3,\"name\":\"Multi-Gyn LiquiGel\"}]},{\"@type\":\"WebSite\",\"@id\":\"https:\/\/multi-gyn.com\/si\/#website\",\"url\":\"https:\/\/multi-gyn.com\/si\/\",\"name\":\"Multi-Gyn\",\"description\":\"\",\"publisher\":{\"@id\":\"https:\/\/multi-gyn.com\/si\/#organization\"},\"potentialAction\":[{\"@type\":\"SearchAction\",\"target\":{\"@type\":\"EntryPoint\",\"urlTemplate\":\"https:\/\/multi-gyn.com\/si\/?s={search_term_string}\"},\"query-input\":{\"@type\":\"PropertyValueSpecification\",\"valueRequired\":true,\"valueName\":\"search_term_string\"}}],\"inLanguage\":\"sl-SI\"},{\"@type\":\"Organization\",\"@id\":\"https:\/\/multi-gyn.com\/si\/#organization\",\"name\":\"Multi-Gyn\",\"url\":\"https:\/\/multi-gyn.com\/si\/\",\"logo\":{\"@type\":\"ImageObject\",\"inLanguage\":\"sl-SI\",\"@id\":\"https:\/\/multi-gyn.com\/si\/#\/schema\/logo\/image\/\",\"url\":\"https:\/\/multi-gyn.com\/app\/uploads\/sites\/36\/2022\/11\/multi-gyn-logo.png\",\"contentUrl\":\"https:\/\/multi-gyn.com\/app\/uploads\/sites\/36\/2022\/11\/multi-gyn-logo.png\",\"width\":149,\"height\":32,\"caption\":\"Multi-Gyn\"},\"image\":{\"@id\":\"https:\/\/multi-gyn.com\/si\/#\/schema\/logo\/image\/\"}}]}<\/script>\n<!-- \/ Yoast SEO plugin. -->","yoast_head_json":{"title":"Multi-Gyn LiquiGel - Multi-Gyn","description":"Multi-Gyn LiquiGel nemudoma olaj\u0161a vaginalno suhost, razdra\u017eenost in srbenje. Izbolj\u0161a stanje vaginalnega tkiva.","robots":{"index":"index","follow":"follow","max-snippet":"max-snippet:-1","max-image-preview":"max-image-preview:large","max-video-preview":"max-video-preview:-1"},"canonical":"https:\/\/multi-gyn.com\/si\/izdelek\/multi-gyn-liquigel\/","og_locale":"sl_SI","og_type":"article","og_title":"Multi-Gyn LiquiGel - Multi-Gyn","og_description":"Multi-Gyn LiquiGel nemudoma olaj\u0161a vaginalno suhost, razdra\u017eenost in srbenje. Izbolj\u0161a stanje vaginalnega tkiva.","og_url":"https:\/\/multi-gyn.com\/si\/izdelek\/multi-gyn-liquigel\/","og_site_name":"Multi-Gyn","article_modified_time":"2022-12-13T14:35:42+00:00","og_image":[{"width":1024,"height":1024,"url":"https:\/\/multi-gyn.com\/app\/uploads\/sites\/36\/2022\/12\/Multi-Gyn-LiquiGel.png","type":"image\/png"}],"twitter_card":"summary_large_image","schema":{"@context":"https:\/\/schema.org","@graph":[{"@type":"WebPage","@id":"https:\/\/multi-gyn.com\/si\/izdelek\/multi-gyn-liquigel\/","url":"https:\/\/multi-gyn.com\/si\/izdelek\/multi-gyn-liquigel\/","name":"Multi-Gyn LiquiGel - Multi-Gyn","isPartOf":{"@id":"https:\/\/multi-gyn.com\/si\/#website"},"primaryImageOfPage":{"@id":"https:\/\/multi-gyn.com\/si\/izdelek\/multi-gyn-liquigel\/#primaryimage"},"image":{"@id":"https:\/\/multi-gyn.com\/si\/izdelek\/multi-gyn-liquigel\/#primaryimage"},"thumbnailUrl":"https:\/\/multi-gyn.com\/app\/uploads\/sites\/36\/2022\/12\/Multi-Gyn-LiquiGel.png","datePublished":"2022-12-07T14:08:40+00:00","dateModified":"2022-12-13T14:35:42+00:00","description":"Multi-Gyn LiquiGel nemudoma olaj\u0161a vaginalno suhost, razdra\u017eenost in srbenje. Izbolj\u0161a stanje vaginalnega tkiva.","breadcrumb":{"@id":"https:\/\/multi-gyn.com\/si\/izdelek\/multi-gyn-liquigel\/#breadcrumb"},"inLanguage":"sl-SI","potentialAction":[{"@type":"ReadAction","target":["https:\/\/multi-gyn.com\/si\/izdelek\/multi-gyn-liquigel\/"]}]},{"@type":"ImageObject","inLanguage":"sl-SI","@id":"https:\/\/multi-gyn.com\/si\/izdelek\/multi-gyn-liquigel\/#primaryimage","url":"https:\/\/multi-gyn.com\/app\/uploads\/sites\/36\/2022\/12\/Multi-Gyn-LiquiGel.png","contentUrl":"https:\/\/multi-gyn.com\/app\/uploads\/sites\/36\/2022\/12\/Multi-Gyn-LiquiGel.png","width":1024,"height":1024,"caption":"Multi-Gyn LiquiGel"},{"@type":"BreadcrumbList","@id":"https:\/\/multi-gyn.com\/si\/izdelek\/multi-gyn-liquigel\/#breadcrumb","itemListElement":[{"@type":"ListItem","position":1,"name":"Home","item":"https:\/\/multi-gyn.com\/si\/"},{"@type":"ListItem","position":2,"name":"Na\u0161i proizvodi","item":"https:\/\/multi-gyn.com\/si\/nasi-proizvodi\/"},{"@type":"ListItem","position":3,"name":"Multi-Gyn LiquiGel"}]},{"@type":"WebSite","@id":"https:\/\/multi-gyn.com\/si\/#website","url":"https:\/\/multi-gyn.com\/si\/","name":"Multi-Gyn","description":"","publisher":{"@id":"https:\/\/multi-gyn.com\/si\/#organization"},"potentialAction":[{"@type":"SearchAction","target":{"@type":"EntryPoint","urlTemplate":"https:\/\/multi-gyn.com\/si\/?s={search_term_string}"},"query-input":{"@type":"PropertyValueSpecification","valueRequired":true,"valueName":"search_term_string"}}],"inLanguage":"sl-SI"},{"@type":"Organization","@id":"https:\/\/multi-gyn.com\/si\/#organization","name":"Multi-Gyn","url":"https:\/\/multi-gyn.com\/si\/","logo":{"@type":"ImageObject","inLanguage":"sl-SI","@id":"https:\/\/multi-gyn.com\/si\/#\/schema\/logo\/image\/","url":"https:\/\/multi-gyn.com\/app\/uploads\/sites\/36\/2022\/11\/multi-gyn-logo.png","contentUrl":"https:\/\/multi-gyn.com\/app\/uploads\/sites\/36\/2022\/11\/multi-gyn-logo.png","width":149,"height":32,"caption":"Multi-Gyn"},"image":{"@id":"https:\/\/multi-gyn.com\/si\/#\/schema\/logo\/image\/"}}]}},"_links":{"self":[{"href":"https:\/\/multi-gyn.com\/si\/wp-json\/wp\/v2\/product\/68","targetHints":{"allow":["GET"]}}],"collection":[{"href":"https:\/\/multi-gyn.com\/si\/wp-json\/wp\/v2\/product"}],"about":[{"href":"https:\/\/multi-gyn.com\/si\/wp-json\/wp\/v2\/types\/product"}],"replies":[{"embeddable":true,"href":"https:\/\/multi-gyn.com\/si\/wp-json\/wp\/v2\/comments?post=68"}],"version-history":[{"count":4,"href":"https:\/\/multi-gyn.com\/si\/wp-json\/wp\/v2\/product\/68\/revisions"}],"predecessor-version":[{"id":488,"href":"https:\/\/multi-gyn.com\/si\/wp-json\/wp\/v2\/product\/68\/revisions\/488"}],"wp:featuredmedia":[{"embeddable":true,"href":"https:\/\/multi-gyn.com\/si\/wp-json\/wp\/v2\/media\/386"}],"wp:attachment":[{"href":"https:\/\/multi-gyn.com\/si\/wp-json\/wp\/v2\/media?parent=68"}],"wp:term":[{"taxonomy":"product_brand","embeddable":true,"href":"https:\/\/multi-gyn.com\/si\/wp-json\/wp\/v2\/product_brand?post=68"},{"taxonomy":"product_cat","embeddable":true,"href":"https:\/\/multi-gyn.com\/si\/wp-json\/wp\/v2\/product_cat?post=68"},{"taxonomy":"product_tag","embeddable":true,"href":"https:\/\/multi-gyn.com\/si\/wp-json\/wp\/v2\/product_tag?post=68"}],"curies":[{"name":"wp","href":"https:\/\/api.w.org\/{rel}","templated":true}]}}