{"id":101,"date":"2023-06-02T10:26:29","date_gmt":"2023-06-02T08:26:29","guid":{"rendered":"https:\/\/multi-gyn.com\/sk\/?page_id=101"},"modified":"2023-09-20T11:48:40","modified_gmt":"2023-09-20T09:48:40","slug":"kvasinkove-infekcie-pocas-menstruacie","status":"publish","type":"page","link":"https:\/\/multi-gyn.com\/sk\/posvove-zdravie\/infekcie\/kvasinkove-infekcie-pocas-menstruacie\/","title":{"rendered":"Kvasinkov\u00e9 infekcie po\u010das men\u0161tru\u00e1cie"},"content":{"rendered":"\n<div class=\"wp-block-karopharma-free-text pt-large pb-large bg-center bg-cover bg-no-repeat  is-style-primary\" style=\"background-image:url()\"><div class=\"free-text-wrapper container max-w-medium text-left\">\n<h1 class=\"is-style-heading-large wp-block-heading\">Kvasinkov\u00e9 infekcie po\u010das men\u0161tru\u00e1cie<\/h1>\n\n\n\n<p class=\"is-style-paragraph-preamble\">Kvasinky patria do skupiny h\u00fab a niektor\u00e9 druhy sa m\u00f4\u017eu vyskytova\u0165 v po\u0161ve. Akon\u00e1hle sa v\u0161ak kvasinky za\u010dn\u00fa nekontrolovate\u013ene mno\u017ei\u0165, s\u00fa pr\u00ed\u010dinou infekcie. Nepr\u00edjemn\u00e9 pr\u00edznaky infekcie sa v kombin\u00e1cii s men\u0161trua\u010dnou krvou, k\u0155\u010dmi a podr\u00e1\u017eden\u00edm, typick\u00fdm pre men\u0161tru\u00e1ciu, st\u00e1vaj\u00fa takmer neznesite\u013en\u00fdmi. Nau\u010dte sa viac o po\u0161vov\u00fdch kvasinkov\u00fdch infekci\u00e1ch a o tom, \u010do o\u010dak\u00e1va\u0165, ke\u010f sa objavia po\u010das men\u0161tru\u00e1cie.<\/p>\n<\/div><\/div>\n\n\n\n<div class=\"wp-block-karopharma-free-text pt-large pb-large bg-center bg-cover bg-no-repeat\" style=\"background-image:url()\"><div class=\"free-text-wrapper container max-w-medium text-left\">\n<p>V\u00e4\u010d\u0161ina \u017eien m\u00e1 sk\u00fasenos\u0165 s kvasinkovou infekciou minim\u00e1lne raz za \u017eivot. Hlavnou pr\u00ed\u010dinou je citliv\u00e1 po\u0161vov\u00e1 fl\u00f3ra, ktorej rovnov\u00e1ha m\u00f4\u017ee by\u0165 \u013eahko naru\u0161en\u00e1, \u010do m\u00e1 za n\u00e1sledok premno\u017eenie kvasiniek. Medzi faktory, ktor\u00e9 sp\u00f4sobuj\u00fa nerovnov\u00e1hu ved\u00facu ku kvasinkovej infekcii patria aj:<\/p>\n\n\n\n<ul class=\"is-style-default wp-block-list\"><li>Hormon\u00e1lne zmeny, napr. po\u010das men\u0161trua\u010dn\u00e9ho cyklu<\/li><li>U\u017e\u00edvanie antibiot\u00edk<\/li><li>Tehotenstvo<\/li><li>Stres<\/li><li>Nedostatok sp\u00e1nku<\/li><li>Oslaben\u00fd imunitn\u00fd syst\u00e9m<\/li><\/ul>\n\n\n\n<p>Kvasinkov\u00e9 infekcie sa \u010dasto za\u010d\u00ednaj\u00fa prejavova\u0165 tesne pred men\u0161tru\u00e1ciou, po\u010das nej alebo p\u00e1r dn\u00ed po jej skon\u010den\u00ed. S\u00fa sp\u00f4sobovan\u00e9 r\u00f4znymi hladinami horm\u00f3nov, ktor\u00e9 sa po\u010das men\u0161trua\u010dn\u00e9ho cyklu menia. Tesne pred spusten\u00edm men\u0161trua\u010dn\u00e9ho krv\u00e1cania hladina estrog\u00e9nu kles\u00e1. Skuto\u010dnos\u0165, \u017ee men\u0161trua\u010dn\u00e1 krv je z\u00e1sadit\u00e1, v tomto pr\u00edpade nepom\u00e1ha. Po skon\u010den\u00ed men\u0161tru\u00e1cie sa hladina estrog\u00e9nu vracia sp\u00e4\u0165 do p\u00f4vodn\u00e9ho stavu, \u010do umo\u017e\u0148uje po\u0161vovej fl\u00f3re regener\u00e1ciu.<\/p>\n\n\n\n<p>Medzi pr\u00edznaky, ktor\u00e9 s\u00fa typick\u00e9 pre kvasinkov\u00fa infekciu patria:<\/p>\n\n\n\n<ul class=\"is-style-default wp-block-list\"><li>Svrbenie po\u0161vy od slab\u00e9ho a\u017e po ve\u013emi siln\u00e9<\/li><li>V\u00fdtok \u2013 biely, hrudkovit\u00fd, podobn\u00fd tvarohu, zvy\u010dajne bez z\u00e1pachu<\/li><li>Podr\u00e1\u017edenie a za\u010dervenanie<\/li><li>Bolesti pri mo\u010den\u00ed<\/li><li>Zdurenie a boles\u0165, ktor\u00e9 sa prejavia po po\u0161kraban\u00ed danej oblasti<\/li><li>Boles\u0165 pri pohlavnom styku<\/li><li>Bolestivos\u0165<\/li><\/ul>\n\n\n\n<h2 class=\"is-style-heading-h2 wp-block-heading\">Ako predch\u00e1dza\u0165 kvasinkovej infekcii po\u010das men\u0161tru\u00e1cie?<\/h2>\n\n\n\n<p>Skuto\u010dn\u00fd d\u00f4vod vzniku kvasinkovej infekcie je \u0165a\u017ek\u00e9 stanovi\u0165. Preto m\u00f4\u017ee by\u0165 pomerne problematick\u00e9 infekcii predch\u00e1dza\u0165.<\/p>\n\n\n\n<p>Niektor\u00e9 \u017eeny udr\u017eiavaj\u00fa svoju po\u0161vu v rovnov\u00e1he a zdrav\u00fa aj v\u010faka svojim dobr\u00fdm hygienick\u00fdm n\u00e1vykom \u2013 tie zah\u0155\u0148aj\u00fa pou\u017e\u00edvanie neparfumovan\u00fdch hygienick\u00fdch vlo\u017eiek, g\u00e9lov ur\u010den\u00fdch \u010disto na int\u00edmnu hygienu, ktor\u00e9 neobsahuj\u00fa \u017eiadne siln\u00e9 chemick\u00e9 l\u00e1tky, a tie\u017e nepou\u017e\u00edvaj\u00fa \u017eiadne kozmetick\u00e9 pr\u00edpravky, ktor\u00e9 by mohli podr\u00e1\u017edi\u0165 poko\u017eku. Hygienick\u00e9 vlo\u017eky je potrebn\u00e9 meni\u0165 ka\u017ed\u00e9 3 a\u017e 4 hodiny a v pr\u00edpade, \u017ee m\u00e1te sklony ku kvasinkovej infekcii nepou\u017e\u00edvajte tamp\u00f3ny. Tamp\u00f3ny pridlho udr\u017euj\u00fa men\u0161trua\u010dn\u00fa krv v kontakte s po\u0161vovou sliznicou, pri\u010dom men\u0161trua\u010dn\u00e1 krv, v nich nasiaknut\u00e1, vytv\u00e1ra z\u00e1sadit\u00e9 prostredie vhodn\u00e9 pre mno\u017eenie kvasiniek.<\/p>\n\n\n\n<p>Vysk\u00fa\u0161ajte pou\u017e\u00edva\u0165 pr\u00edpravok, ktor\u00fd stimuluje rast dobr\u00fdch bakt\u00e9ri\u00ed a chr\u00e1ni po\u0161vov\u00fa fl\u00f3ru pred kvasinkov\u00fdmi infekciami. Vyh\u00fdbajte sa noseniu syntetick\u00e9ho tesn\u00e9ho oble\u010denia, \u0161peci\u00e1lne pred a po\u010das men\u0161tru\u00e1cie, ke\u010f\u017ee tak\u00e9to oble\u010denie m\u00f4\u017ee podporova\u0165 rozmno\u017eovanie kvasiniek a n\u00e1rast rizika vzniku infekcie.<\/p>\n\n\n\n<p class=\"is-style-paragraph-preamble has-primary-color has-text-color\"><em>\u201eKvasinkov\u00e9 infekcie sa \u010dasto za\u010d\u00ednaj\u00fa prejavova\u0165 tesne pred men\u0161tru\u00e1ciou, po\u010das nej alebo p\u00e1r dn\u00ed po jej skon\u010den\u00ed. S\u00fa sp\u00f4sobovan\u00e9 r\u00f4znymi hladinami horm\u00f3nov, ktor\u00e9 sa po\u010das men\u0161trua\u010dn\u00e9ho cyklu menia.\u201c<\/em><\/p>\n<\/div><\/div>\n","protected":false},"excerpt":{"rendered":"","protected":false},"author":2,"featured_media":0,"parent":55,"menu_order":13,"comment_status":"closed","ping_status":"closed","template":"","meta":{"_acf_changed":false,"footnotes":""},"from-article-database":[],"class_list":["post-101","page","type-page","status-publish","hentry"],"acf":[],"yoast_head":"<!-- This site is optimized with the Yoast SEO plugin v26.6 - https:\/\/yoast.com\/wordpress\/plugins\/seo\/ -->\n<title>Kvasinkov\u00e9 infekcie po\u010das men\u0161tru\u00e1cie - Multi-Gyn<\/title>\n<meta name=\"description\" content=\"Kvasinky patria do skupiny h\u00fab a niektor\u00e9 druhy sa m\u00f4\u017eu vyskytova\u0165 v po\u0161ve. Akon\u00e1hle sa v\u0161ak kvasinky za\u010dn\u00fa nekontrolovate\u013ene mno\u017ei\u0165, s\u00fa pr\u00ed\u010dinou infekcie.\" \/>\n<meta name=\"robots\" content=\"index, follow, max-snippet:-1, max-image-preview:large, max-video-preview:-1\" \/>\n<link rel=\"canonical\" href=\"https:\/\/multi-gyn.com\/sk\/posvove-zdravie\/infekcie\/kvasinkove-infekcie-pocas-menstruacie\/\" \/>\n<meta property=\"og:locale\" content=\"sk_SK\" \/>\n<meta property=\"og:type\" content=\"article\" \/>\n<meta property=\"og:title\" content=\"Kvasinkov\u00e9 infekcie po\u010das men\u0161tru\u00e1cie - Multi-Gyn\" \/>\n<meta property=\"og:description\" content=\"Kvasinky patria do skupiny h\u00fab a niektor\u00e9 druhy sa m\u00f4\u017eu vyskytova\u0165 v po\u0161ve. Akon\u00e1hle sa v\u0161ak kvasinky za\u010dn\u00fa nekontrolovate\u013ene mno\u017ei\u0165, s\u00fa pr\u00ed\u010dinou infekcie.\" \/>\n<meta property=\"og:url\" content=\"https:\/\/multi-gyn.com\/sk\/posvove-zdravie\/infekcie\/kvasinkove-infekcie-pocas-menstruacie\/\" \/>\n<meta property=\"og:site_name\" content=\"Multi-Gyn\" \/>\n<meta property=\"article:modified_time\" content=\"2023-09-20T09:48:40+00:00\" \/>\n<meta name=\"twitter:card\" content=\"summary_large_image\" \/>\n<meta name=\"twitter:label1\" content=\"Predpokladan\u00fd \u010das \u010d\u00edtania\" \/>\n\t<meta name=\"twitter:data1\" content=\"3 min\u00faty\" \/>\n<script type=\"application\/ld+json\" class=\"yoast-schema-graph\">{\"@context\":\"https:\/\/schema.org\",\"@graph\":[{\"@type\":\"WebPage\",\"@id\":\"https:\/\/multi-gyn.com\/sk\/posvove-zdravie\/infekcie\/kvasinkove-infekcie-pocas-menstruacie\/\",\"url\":\"https:\/\/multi-gyn.com\/sk\/posvove-zdravie\/infekcie\/kvasinkove-infekcie-pocas-menstruacie\/\",\"name\":\"Kvasinkov\u00e9 infekcie po\u010das men\u0161tru\u00e1cie - Multi-Gyn\",\"isPartOf\":{\"@id\":\"https:\/\/multi-gyn.com\/sk\/#website\"},\"datePublished\":\"2023-06-02T08:26:29+00:00\",\"dateModified\":\"2023-09-20T09:48:40+00:00\",\"description\":\"Kvasinky patria do skupiny h\u00fab a niektor\u00e9 druhy sa m\u00f4\u017eu vyskytova\u0165 v po\u0161ve. Akon\u00e1hle sa v\u0161ak kvasinky za\u010dn\u00fa nekontrolovate\u013ene mno\u017ei\u0165, s\u00fa pr\u00ed\u010dinou infekcie.\",\"breadcrumb\":{\"@id\":\"https:\/\/multi-gyn.com\/sk\/posvove-zdravie\/infekcie\/kvasinkove-infekcie-pocas-menstruacie\/#breadcrumb\"},\"inLanguage\":\"sk-SK\",\"potentialAction\":[{\"@type\":\"ReadAction\",\"target\":[\"https:\/\/multi-gyn.com\/sk\/posvove-zdravie\/infekcie\/kvasinkove-infekcie-pocas-menstruacie\/\"]}]},{\"@type\":\"BreadcrumbList\",\"@id\":\"https:\/\/multi-gyn.com\/sk\/posvove-zdravie\/infekcie\/kvasinkove-infekcie-pocas-menstruacie\/#breadcrumb\",\"itemListElement\":[{\"@type\":\"ListItem\",\"position\":1,\"name\":\"Home\",\"item\":\"https:\/\/multi-gyn.com\/sk\/\"},{\"@type\":\"ListItem\",\"position\":2,\"name\":\"Po\u0161vov\u00e9 zdravie\",\"item\":\"https:\/\/multi-gyn.com\/sk\/posvove-zdravie\/\"},{\"@type\":\"ListItem\",\"position\":3,\"name\":\"Infekcie\",\"item\":\"https:\/\/multi-gyn.com\/sk\/posvove-zdravie\/infekcie\/\"},{\"@type\":\"ListItem\",\"position\":4,\"name\":\"Kvasinkov\u00e9 infekcie po\u010das men\u0161tru\u00e1cie\"}]},{\"@type\":\"WebSite\",\"@id\":\"https:\/\/multi-gyn.com\/sk\/#website\",\"url\":\"https:\/\/multi-gyn.com\/sk\/\",\"name\":\"Multi-Gyn\",\"description\":\"\",\"publisher\":{\"@id\":\"https:\/\/multi-gyn.com\/sk\/#organization\"},\"potentialAction\":[{\"@type\":\"SearchAction\",\"target\":{\"@type\":\"EntryPoint\",\"urlTemplate\":\"https:\/\/multi-gyn.com\/sk\/?s={search_term_string}\"},\"query-input\":{\"@type\":\"PropertyValueSpecification\",\"valueRequired\":true,\"valueName\":\"search_term_string\"}}],\"inLanguage\":\"sk-SK\"},{\"@type\":\"Organization\",\"@id\":\"https:\/\/multi-gyn.com\/sk\/#organization\",\"name\":\"Multi-Gyn\",\"url\":\"https:\/\/multi-gyn.com\/sk\/\",\"logo\":{\"@type\":\"ImageObject\",\"inLanguage\":\"sk-SK\",\"@id\":\"https:\/\/multi-gyn.com\/sk\/#\/schema\/logo\/image\/\",\"url\":\"https:\/\/multi-gyn.com\/app\/uploads\/sites\/48\/2023\/06\/multi-gyn-logo.png\",\"contentUrl\":\"https:\/\/multi-gyn.com\/app\/uploads\/sites\/48\/2023\/06\/multi-gyn-logo.png\",\"width\":149,\"height\":32,\"caption\":\"Multi-Gyn\"},\"image\":{\"@id\":\"https:\/\/multi-gyn.com\/sk\/#\/schema\/logo\/image\/\"}}]}<\/script>\n<!-- \/ Yoast SEO plugin. -->","yoast_head_json":{"title":"Kvasinkov\u00e9 infekcie po\u010das men\u0161tru\u00e1cie - Multi-Gyn","description":"Kvasinky patria do skupiny h\u00fab a niektor\u00e9 druhy sa m\u00f4\u017eu vyskytova\u0165 v po\u0161ve. Akon\u00e1hle sa v\u0161ak kvasinky za\u010dn\u00fa nekontrolovate\u013ene mno\u017ei\u0165, s\u00fa pr\u00ed\u010dinou infekcie.","robots":{"index":"index","follow":"follow","max-snippet":"max-snippet:-1","max-image-preview":"max-image-preview:large","max-video-preview":"max-video-preview:-1"},"canonical":"https:\/\/multi-gyn.com\/sk\/posvove-zdravie\/infekcie\/kvasinkove-infekcie-pocas-menstruacie\/","og_locale":"sk_SK","og_type":"article","og_title":"Kvasinkov\u00e9 infekcie po\u010das men\u0161tru\u00e1cie - Multi-Gyn","og_description":"Kvasinky patria do skupiny h\u00fab a niektor\u00e9 druhy sa m\u00f4\u017eu vyskytova\u0165 v po\u0161ve. Akon\u00e1hle sa v\u0161ak kvasinky za\u010dn\u00fa nekontrolovate\u013ene mno\u017ei\u0165, s\u00fa pr\u00ed\u010dinou infekcie.","og_url":"https:\/\/multi-gyn.com\/sk\/posvove-zdravie\/infekcie\/kvasinkove-infekcie-pocas-menstruacie\/","og_site_name":"Multi-Gyn","article_modified_time":"2023-09-20T09:48:40+00:00","twitter_card":"summary_large_image","twitter_misc":{"Predpokladan\u00fd \u010das \u010d\u00edtania":"3 min\u00faty"},"schema":{"@context":"https:\/\/schema.org","@graph":[{"@type":"WebPage","@id":"https:\/\/multi-gyn.com\/sk\/posvove-zdravie\/infekcie\/kvasinkove-infekcie-pocas-menstruacie\/","url":"https:\/\/multi-gyn.com\/sk\/posvove-zdravie\/infekcie\/kvasinkove-infekcie-pocas-menstruacie\/","name":"Kvasinkov\u00e9 infekcie po\u010das men\u0161tru\u00e1cie - Multi-Gyn","isPartOf":{"@id":"https:\/\/multi-gyn.com\/sk\/#website"},"datePublished":"2023-06-02T08:26:29+00:00","dateModified":"2023-09-20T09:48:40+00:00","description":"Kvasinky patria do skupiny h\u00fab a niektor\u00e9 druhy sa m\u00f4\u017eu vyskytova\u0165 v po\u0161ve. Akon\u00e1hle sa v\u0161ak kvasinky za\u010dn\u00fa nekontrolovate\u013ene mno\u017ei\u0165, s\u00fa pr\u00ed\u010dinou infekcie.","breadcrumb":{"@id":"https:\/\/multi-gyn.com\/sk\/posvove-zdravie\/infekcie\/kvasinkove-infekcie-pocas-menstruacie\/#breadcrumb"},"inLanguage":"sk-SK","potentialAction":[{"@type":"ReadAction","target":["https:\/\/multi-gyn.com\/sk\/posvove-zdravie\/infekcie\/kvasinkove-infekcie-pocas-menstruacie\/"]}]},{"@type":"BreadcrumbList","@id":"https:\/\/multi-gyn.com\/sk\/posvove-zdravie\/infekcie\/kvasinkove-infekcie-pocas-menstruacie\/#breadcrumb","itemListElement":[{"@type":"ListItem","position":1,"name":"Home","item":"https:\/\/multi-gyn.com\/sk\/"},{"@type":"ListItem","position":2,"name":"Po\u0161vov\u00e9 zdravie","item":"https:\/\/multi-gyn.com\/sk\/posvove-zdravie\/"},{"@type":"ListItem","position":3,"name":"Infekcie","item":"https:\/\/multi-gyn.com\/sk\/posvove-zdravie\/infekcie\/"},{"@type":"ListItem","position":4,"name":"Kvasinkov\u00e9 infekcie po\u010das men\u0161tru\u00e1cie"}]},{"@type":"WebSite","@id":"https:\/\/multi-gyn.com\/sk\/#website","url":"https:\/\/multi-gyn.com\/sk\/","name":"Multi-Gyn","description":"","publisher":{"@id":"https:\/\/multi-gyn.com\/sk\/#organization"},"potentialAction":[{"@type":"SearchAction","target":{"@type":"EntryPoint","urlTemplate":"https:\/\/multi-gyn.com\/sk\/?s={search_term_string}"},"query-input":{"@type":"PropertyValueSpecification","valueRequired":true,"valueName":"search_term_string"}}],"inLanguage":"sk-SK"},{"@type":"Organization","@id":"https:\/\/multi-gyn.com\/sk\/#organization","name":"Multi-Gyn","url":"https:\/\/multi-gyn.com\/sk\/","logo":{"@type":"ImageObject","inLanguage":"sk-SK","@id":"https:\/\/multi-gyn.com\/sk\/#\/schema\/logo\/image\/","url":"https:\/\/multi-gyn.com\/app\/uploads\/sites\/48\/2023\/06\/multi-gyn-logo.png","contentUrl":"https:\/\/multi-gyn.com\/app\/uploads\/sites\/48\/2023\/06\/multi-gyn-logo.png","width":149,"height":32,"caption":"Multi-Gyn"},"image":{"@id":"https:\/\/multi-gyn.com\/sk\/#\/schema\/logo\/image\/"}}]}},"_links":{"self":[{"href":"https:\/\/multi-gyn.com\/sk\/wp-json\/wp\/v2\/pages\/101","targetHints":{"allow":["GET"]}}],"collection":[{"href":"https:\/\/multi-gyn.com\/sk\/wp-json\/wp\/v2\/pages"}],"about":[{"href":"https:\/\/multi-gyn.com\/sk\/wp-json\/wp\/v2\/types\/page"}],"author":[{"embeddable":true,"href":"https:\/\/multi-gyn.com\/sk\/wp-json\/wp\/v2\/users\/2"}],"replies":[{"embeddable":true,"href":"https:\/\/multi-gyn.com\/sk\/wp-json\/wp\/v2\/comments?post=101"}],"version-history":[{"count":4,"href":"https:\/\/multi-gyn.com\/sk\/wp-json\/wp\/v2\/pages\/101\/revisions"}],"predecessor-version":[{"id":554,"href":"https:\/\/multi-gyn.com\/sk\/wp-json\/wp\/v2\/pages\/101\/revisions\/554"}],"up":[{"embeddable":true,"href":"https:\/\/multi-gyn.com\/sk\/wp-json\/wp\/v2\/pages\/55"}],"wp:attachment":[{"href":"https:\/\/multi-gyn.com\/sk\/wp-json\/wp\/v2\/media?parent=101"}],"wp:term":[{"taxonomy":"from-article-database","embeddable":true,"href":"https:\/\/multi-gyn.com\/sk\/wp-json\/wp\/v2\/from-article-database?post=101"}],"curies":[{"name":"wp","href":"https:\/\/api.w.org\/{rel}","templated":true}]}}