{"id":102,"date":"2023-06-02T10:26:35","date_gmt":"2023-06-02T08:26:35","guid":{"rendered":"https:\/\/multi-gyn.com\/sk\/?page_id=102"},"modified":"2023-09-20T11:48:38","modified_gmt":"2023-09-20T09:48:38","slug":"vsetko-co-by-ste-mali-vediet-o-bakterialnej-vaginoze","status":"publish","type":"page","link":"https:\/\/multi-gyn.com\/sk\/posvove-zdravie\/infekcie\/vsetko-co-by-ste-mali-vediet-o-bakterialnej-vaginoze\/","title":{"rendered":"V\u0161etko, \u010do by ste mali vedie\u0165 o bakteri\u00e1lnej vagin\u00f3ze!"},"content":{"rendered":"\n<div class=\"wp-block-karopharma-free-text pt-large pb-large bg-center bg-cover bg-no-repeat  is-style-primary\" style=\"background-image:url()\"><div class=\"free-text-wrapper container max-w-medium text-left\">\n<h1 class=\"is-style-heading-large wp-block-heading\">V\u0161etko, \u010do by ste mali vedie\u0165 o bakteri\u00e1lnej vagin\u00f3ze!<\/h1>\n\n\n\n<p class=\"is-style-paragraph-preamble\">V\u0161imli ste si niekedy zvl\u00e1\u0161tny z\u00e1pach vo va\u0161ej int\u00edmnej oblasti? Siln\u00fd a\u017e rybac\u00ed z\u00e1pach, ktor\u00fd V\u00e1s znerv\u00f3znil? Ten m\u00f4\u017ee by\u0165 sp\u00f4soben\u00fd bakteri\u00e1lnou nerovnov\u00e1hou, tie\u017e zn\u00e1mou ako bakteri\u00e1lna vagin\u00f3za (BV).<\/p>\n<\/div><\/div>\n\n\n\n<div class=\"wp-block-karopharma-free-text pt-large pb-large bg-center bg-cover bg-no-repeat\" style=\"background-image:url()\"><div class=\"free-text-wrapper container max-w-medium text-left\">\n<h2 class=\"is-style-heading-h2 wp-block-heading\">\u010co sp\u00f4sobuje bakteri\u00e1lnu vagin\u00f3zu?<\/h2>\n\n\n\n<p>Bakteri\u00e1lna vagin\u00f3za je sp\u00f4soben\u00e1 premno\u017een\u00edm bakt\u00e9ri\u00ed v po\u0161ve. Za norm\u00e1lnych okolnost\u00ed s\u00fa laktobacily prevl\u00e1daj\u00facimi bakt\u00e9riami v po\u0161ve, ale ak sa rozvinie BV, \u0161kodliv\u00e9 bakt\u00e9rie sa za\u010dn\u00fa \u0161\u00edri\u0165 na \u00fakor laktobacilov.<\/p>\n\n\n\n<p>Presn\u00fd d\u00f4vod premno\u017eenia t\u00fdchto bakt\u00e9ri\u00ed nie je zn\u00e1my, ale existuj\u00fa faktory, ako napr\u00edklad sexu\u00e1lna aktivita, ktor\u00e9 m\u00f4\u017eu toto riziko zvy\u0161ova\u0165. Je v\u0161ak d\u00f4le\u017eit\u00e9 zd\u00f4razni\u0165, \u017ee BV sa m\u00f4\u017ee prejavi\u0165 aj po\u010das absencie sexu\u00e1lnej aktivity. Preto BV nie je pova\u017eovan\u00e1 za STD (pohlavne prenosn\u00fa chorobu).<\/p>\n\n\n\n<h2 class=\"is-style-heading-h2 wp-block-heading\">Pr\u00edznaky<\/h2>\n\n\n\n<p>Nasleduj\u00face pr\u00edznaky m\u00f4\u017eu indikova\u0165 bakteri\u00e1lnu vagin\u00f3zu:<\/p>\n\n\n\n<ul class=\"is-style-default wp-block-list\"><li>\u0160pinenie, rybac\u00ed z\u00e1pach (m\u00f4\u017ee by\u0165 silnej\u0161\u00ed po pohlavnom styku)<\/li><li>Riedky sivobiely po\u0161vov\u00fd v\u00fdtok<\/li><\/ul>\n\n\n\n<p class=\"is-style-paragraph-preamble has-primary-color has-text-color\"><em>\u201eMenej be\u017en\u00fdmi pr\u00edznakmi s\u00fa p\u00e1lenie po\u010das mo\u010denia a svrbenie v po\u0161vovej oblasti.\u201c<\/em><\/p>\n\n\n\n<h2 class=\"is-style-heading-h2 wp-block-heading\">V\u0161etko o BV<\/h2>\n\n\n\n<figure class=\"wp-block-image size-full\"><img loading=\"lazy\" decoding=\"async\" width=\"769\" height=\"863\" src=\"https:\/\/multi-gyn.com\/app\/uploads\/sites\/48\/2023\/06\/Infographic-All-you-need-to-know-about-Bacterial-Vaginosis.png\" alt=\"Infographic-All-you-need-to-know-about-Bacterial-Vaginosis\" class=\"wp-image-405\" srcset=\"https:\/\/multi-gyn.com\/app\/uploads\/sites\/48\/2023\/06\/Infographic-All-you-need-to-know-about-Bacterial-Vaginosis.png 769w, https:\/\/multi-gyn.com\/app\/uploads\/sites\/48\/2023\/06\/Infographic-All-you-need-to-know-about-Bacterial-Vaginosis-285x320.png 285w, https:\/\/multi-gyn.com\/app\/uploads\/sites\/48\/2023\/06\/Infographic-All-you-need-to-know-about-Bacterial-Vaginosis-600x673.png 600w\" sizes=\"auto, (max-width: 769px) 100vw, 769px\" \/><\/figure>\n\n\n\n<h2 class=\"is-style-heading-h2 wp-block-heading\">Ako lie\u010di\u0165 bakteri\u00e1lnu vagin\u00f3zu?<\/h2>\n\n\n\n<p>Pre v\u00e4\u010d\u0161inu \u017eien je bakteri\u00e1lna vagin\u00f3za ne\u0161kodn\u00e1, no m\u00f4\u017ee by\u0165 dos\u0165 nepr\u00edjemn\u00e1. Lie\u010dba je naj\u010dastej\u0161ie zameran\u00e1 na zbavenie sa pr\u00edznakov. Najbe\u017enej\u0161ia forma lie\u010dby BV je pomocou antibiot\u00edk. Tie m\u00f4\u017eu by\u0165 vo forme tabliet ur\u010den\u00fdch na or\u00e1lne (\u00fastne) u\u017eitie alebo ako pr\u00edpravok, ktor\u00fd sa aplikuje priamo do po\u0161vy. T\u00e1to lie\u010dba je pre v\u00e4\u010d\u0161inu \u017eien efekt\u00edvna, ale m\u00f4\u017eu sa pri nej prejavi\u0165 ved\u013eaj\u0161ie \u00fa\u010dinky ako nevo\u013enos\u0165 \u010di vracanie. Pitie alkoholu v kombin\u00e1cii s antibiotikami ved\u013eaj\u0161ie \u00fa\u010dinky e\u0161te zn\u00e1sobuje.<\/p>\n\n\n\n<p>\u010eal\u0161iu be\u017en\u00fa lie\u010dbu predstavuj\u00fa pr\u00edpravky na tzv. samolie\u010dbu, ktor\u00e9 m\u00f4\u017eete dosta\u0165 v lek\u00e1rni alebo drog\u00e9rii. V\u00e4\u010d\u0161ina t\u00fdchto pr\u00edpravkov obnovuje norm\u00e1lne pH po\u0161vy (po\u0161vov\u00fa kyslos\u0165). V\u017edy sa uistite, \u017ee pou\u017e\u00edvate pr\u00edrodn\u00e9 pr\u00edpravky, ktor\u00e9 lie\u010dia BV a z\u00e1rove\u0148 obnovuj\u00fa po\u0161vov\u00fa fl\u00f3ru, ktor\u00e1 pom\u00e1ha predch\u00e1dza\u0165 bud\u00facim mo\u017en\u00fdm infekci\u00e1m.<\/p>\n\n\n\n<h2 class=\"is-style-heading-h2 wp-block-heading\">Bakteri\u00e1lna vagin\u00f3za po\u010das tehotenstva<\/h2>\n\n\n\n<p>Po\u010das tehotenstva m\u00f4\u017ee bakteri\u00e1lna vagin\u00f3za zv\u00fd\u0161i\u0165 riziko vzniku komplik\u00e1ci\u00ed, ako je pred\u010dasn\u00fd p\u00f4rod \u010di potrat. Ak ste tehotn\u00e1 a prejavuj\u00fa sa u V\u00e1s pr\u00edznaky bakteri\u00e1lnej vagin\u00f3zy, kontaktujte svojho lek\u00e1ra.<\/p>\n<\/div><\/div>\n","protected":false},"excerpt":{"rendered":"","protected":false},"author":2,"featured_media":0,"parent":55,"menu_order":14,"comment_status":"closed","ping_status":"closed","template":"","meta":{"_acf_changed":false,"footnotes":""},"from-article-database":[],"class_list":["post-102","page","type-page","status-publish","hentry"],"acf":[],"yoast_head":"<!-- This site is optimized with the Yoast SEO plugin v26.6 - https:\/\/yoast.com\/wordpress\/plugins\/seo\/ -->\n<title>V\u0161etko, \u010do by ste mali vedie\u0165 o bakteri\u00e1lnej vagin\u00f3ze! - Multi-Gyn<\/title>\n<meta name=\"description\" content=\"Siln\u00fd a\u017e rybac\u00ed z\u00e1pach, ktor\u00fd V\u00e1s znerv\u00f3znil? Ten m\u00f4\u017ee by\u0165 sp\u00f4soben\u00fd bakteri\u00e1lnou nerovnov\u00e1hou, tie\u017e zn\u00e1mou ako bakteri\u00e1lna vagin\u00f3za (BV).\" \/>\n<meta name=\"robots\" content=\"index, follow, max-snippet:-1, max-image-preview:large, max-video-preview:-1\" \/>\n<link rel=\"canonical\" href=\"https:\/\/multi-gyn.com\/sk\/posvove-zdravie\/infekcie\/vsetko-co-by-ste-mali-vediet-o-bakterialnej-vaginoze\/\" \/>\n<meta property=\"og:locale\" content=\"sk_SK\" \/>\n<meta property=\"og:type\" content=\"article\" \/>\n<meta property=\"og:title\" content=\"V\u0161etko, \u010do by ste mali vedie\u0165 o bakteri\u00e1lnej vagin\u00f3ze! - Multi-Gyn\" \/>\n<meta property=\"og:description\" content=\"Siln\u00fd a\u017e rybac\u00ed z\u00e1pach, ktor\u00fd V\u00e1s znerv\u00f3znil? Ten m\u00f4\u017ee by\u0165 sp\u00f4soben\u00fd bakteri\u00e1lnou nerovnov\u00e1hou, tie\u017e zn\u00e1mou ako bakteri\u00e1lna vagin\u00f3za (BV).\" \/>\n<meta property=\"og:url\" content=\"https:\/\/multi-gyn.com\/sk\/posvove-zdravie\/infekcie\/vsetko-co-by-ste-mali-vediet-o-bakterialnej-vaginoze\/\" \/>\n<meta property=\"og:site_name\" content=\"Multi-Gyn\" \/>\n<meta property=\"article:modified_time\" content=\"2023-09-20T09:48:38+00:00\" \/>\n<meta property=\"og:image\" content=\"https:\/\/multi-gyn.com\/app\/uploads\/sites\/48\/2023\/06\/Infographic-All-you-need-to-know-about-Bacterial-Vaginosis.png\" \/>\n<meta name=\"twitter:card\" content=\"summary_large_image\" \/>\n<meta name=\"twitter:label1\" content=\"Predpokladan\u00fd \u010das \u010d\u00edtania\" \/>\n\t<meta name=\"twitter:data1\" content=\"2 min\u00faty\" \/>\n<script type=\"application\/ld+json\" class=\"yoast-schema-graph\">{\"@context\":\"https:\/\/schema.org\",\"@graph\":[{\"@type\":\"WebPage\",\"@id\":\"https:\/\/multi-gyn.com\/sk\/posvove-zdravie\/infekcie\/vsetko-co-by-ste-mali-vediet-o-bakterialnej-vaginoze\/\",\"url\":\"https:\/\/multi-gyn.com\/sk\/posvove-zdravie\/infekcie\/vsetko-co-by-ste-mali-vediet-o-bakterialnej-vaginoze\/\",\"name\":\"V\u0161etko, \u010do by ste mali vedie\u0165 o bakteri\u00e1lnej vagin\u00f3ze! - Multi-Gyn\",\"isPartOf\":{\"@id\":\"https:\/\/multi-gyn.com\/sk\/#website\"},\"primaryImageOfPage\":{\"@id\":\"https:\/\/multi-gyn.com\/sk\/posvove-zdravie\/infekcie\/vsetko-co-by-ste-mali-vediet-o-bakterialnej-vaginoze\/#primaryimage\"},\"image\":{\"@id\":\"https:\/\/multi-gyn.com\/sk\/posvove-zdravie\/infekcie\/vsetko-co-by-ste-mali-vediet-o-bakterialnej-vaginoze\/#primaryimage\"},\"thumbnailUrl\":\"https:\/\/multi-gyn.com\/app\/uploads\/sites\/48\/2023\/06\/Infographic-All-you-need-to-know-about-Bacterial-Vaginosis.png\",\"datePublished\":\"2023-06-02T08:26:35+00:00\",\"dateModified\":\"2023-09-20T09:48:38+00:00\",\"description\":\"Siln\u00fd a\u017e rybac\u00ed z\u00e1pach, ktor\u00fd V\u00e1s znerv\u00f3znil? Ten m\u00f4\u017ee by\u0165 sp\u00f4soben\u00fd bakteri\u00e1lnou nerovnov\u00e1hou, tie\u017e zn\u00e1mou ako bakteri\u00e1lna vagin\u00f3za (BV).\",\"breadcrumb\":{\"@id\":\"https:\/\/multi-gyn.com\/sk\/posvove-zdravie\/infekcie\/vsetko-co-by-ste-mali-vediet-o-bakterialnej-vaginoze\/#breadcrumb\"},\"inLanguage\":\"sk-SK\",\"potentialAction\":[{\"@type\":\"ReadAction\",\"target\":[\"https:\/\/multi-gyn.com\/sk\/posvove-zdravie\/infekcie\/vsetko-co-by-ste-mali-vediet-o-bakterialnej-vaginoze\/\"]}]},{\"@type\":\"ImageObject\",\"inLanguage\":\"sk-SK\",\"@id\":\"https:\/\/multi-gyn.com\/sk\/posvove-zdravie\/infekcie\/vsetko-co-by-ste-mali-vediet-o-bakterialnej-vaginoze\/#primaryimage\",\"url\":\"https:\/\/multi-gyn.com\/app\/uploads\/sites\/48\/2023\/06\/Infographic-All-you-need-to-know-about-Bacterial-Vaginosis.png\",\"contentUrl\":\"https:\/\/multi-gyn.com\/app\/uploads\/sites\/48\/2023\/06\/Infographic-All-you-need-to-know-about-Bacterial-Vaginosis.png\"},{\"@type\":\"BreadcrumbList\",\"@id\":\"https:\/\/multi-gyn.com\/sk\/posvove-zdravie\/infekcie\/vsetko-co-by-ste-mali-vediet-o-bakterialnej-vaginoze\/#breadcrumb\",\"itemListElement\":[{\"@type\":\"ListItem\",\"position\":1,\"name\":\"Home\",\"item\":\"https:\/\/multi-gyn.com\/sk\/\"},{\"@type\":\"ListItem\",\"position\":2,\"name\":\"Po\u0161vov\u00e9 zdravie\",\"item\":\"https:\/\/multi-gyn.com\/sk\/posvove-zdravie\/\"},{\"@type\":\"ListItem\",\"position\":3,\"name\":\"Infekcie\",\"item\":\"https:\/\/multi-gyn.com\/sk\/posvove-zdravie\/infekcie\/\"},{\"@type\":\"ListItem\",\"position\":4,\"name\":\"V\u0161etko, \u010do by ste mali vedie\u0165 o bakteri\u00e1lnej vagin\u00f3ze!\"}]},{\"@type\":\"WebSite\",\"@id\":\"https:\/\/multi-gyn.com\/sk\/#website\",\"url\":\"https:\/\/multi-gyn.com\/sk\/\",\"name\":\"Multi-Gyn\",\"description\":\"\",\"publisher\":{\"@id\":\"https:\/\/multi-gyn.com\/sk\/#organization\"},\"potentialAction\":[{\"@type\":\"SearchAction\",\"target\":{\"@type\":\"EntryPoint\",\"urlTemplate\":\"https:\/\/multi-gyn.com\/sk\/?s={search_term_string}\"},\"query-input\":{\"@type\":\"PropertyValueSpecification\",\"valueRequired\":true,\"valueName\":\"search_term_string\"}}],\"inLanguage\":\"sk-SK\"},{\"@type\":\"Organization\",\"@id\":\"https:\/\/multi-gyn.com\/sk\/#organization\",\"name\":\"Multi-Gyn\",\"url\":\"https:\/\/multi-gyn.com\/sk\/\",\"logo\":{\"@type\":\"ImageObject\",\"inLanguage\":\"sk-SK\",\"@id\":\"https:\/\/multi-gyn.com\/sk\/#\/schema\/logo\/image\/\",\"url\":\"https:\/\/multi-gyn.com\/app\/uploads\/sites\/48\/2023\/06\/multi-gyn-logo.png\",\"contentUrl\":\"https:\/\/multi-gyn.com\/app\/uploads\/sites\/48\/2023\/06\/multi-gyn-logo.png\",\"width\":149,\"height\":32,\"caption\":\"Multi-Gyn\"},\"image\":{\"@id\":\"https:\/\/multi-gyn.com\/sk\/#\/schema\/logo\/image\/\"}}]}<\/script>\n<!-- \/ Yoast SEO plugin. -->","yoast_head_json":{"title":"V\u0161etko, \u010do by ste mali vedie\u0165 o bakteri\u00e1lnej vagin\u00f3ze! - Multi-Gyn","description":"Siln\u00fd a\u017e rybac\u00ed z\u00e1pach, ktor\u00fd V\u00e1s znerv\u00f3znil? Ten m\u00f4\u017ee by\u0165 sp\u00f4soben\u00fd bakteri\u00e1lnou nerovnov\u00e1hou, tie\u017e zn\u00e1mou ako bakteri\u00e1lna vagin\u00f3za (BV).","robots":{"index":"index","follow":"follow","max-snippet":"max-snippet:-1","max-image-preview":"max-image-preview:large","max-video-preview":"max-video-preview:-1"},"canonical":"https:\/\/multi-gyn.com\/sk\/posvove-zdravie\/infekcie\/vsetko-co-by-ste-mali-vediet-o-bakterialnej-vaginoze\/","og_locale":"sk_SK","og_type":"article","og_title":"V\u0161etko, \u010do by ste mali vedie\u0165 o bakteri\u00e1lnej vagin\u00f3ze! - Multi-Gyn","og_description":"Siln\u00fd a\u017e rybac\u00ed z\u00e1pach, ktor\u00fd V\u00e1s znerv\u00f3znil? Ten m\u00f4\u017ee by\u0165 sp\u00f4soben\u00fd bakteri\u00e1lnou nerovnov\u00e1hou, tie\u017e zn\u00e1mou ako bakteri\u00e1lna vagin\u00f3za (BV).","og_url":"https:\/\/multi-gyn.com\/sk\/posvove-zdravie\/infekcie\/vsetko-co-by-ste-mali-vediet-o-bakterialnej-vaginoze\/","og_site_name":"Multi-Gyn","article_modified_time":"2023-09-20T09:48:38+00:00","og_image":[{"url":"https:\/\/multi-gyn.com\/app\/uploads\/sites\/48\/2023\/06\/Infographic-All-you-need-to-know-about-Bacterial-Vaginosis.png","type":"","width":"","height":""}],"twitter_card":"summary_large_image","twitter_misc":{"Predpokladan\u00fd \u010das \u010d\u00edtania":"2 min\u00faty"},"schema":{"@context":"https:\/\/schema.org","@graph":[{"@type":"WebPage","@id":"https:\/\/multi-gyn.com\/sk\/posvove-zdravie\/infekcie\/vsetko-co-by-ste-mali-vediet-o-bakterialnej-vaginoze\/","url":"https:\/\/multi-gyn.com\/sk\/posvove-zdravie\/infekcie\/vsetko-co-by-ste-mali-vediet-o-bakterialnej-vaginoze\/","name":"V\u0161etko, \u010do by ste mali vedie\u0165 o bakteri\u00e1lnej vagin\u00f3ze! - Multi-Gyn","isPartOf":{"@id":"https:\/\/multi-gyn.com\/sk\/#website"},"primaryImageOfPage":{"@id":"https:\/\/multi-gyn.com\/sk\/posvove-zdravie\/infekcie\/vsetko-co-by-ste-mali-vediet-o-bakterialnej-vaginoze\/#primaryimage"},"image":{"@id":"https:\/\/multi-gyn.com\/sk\/posvove-zdravie\/infekcie\/vsetko-co-by-ste-mali-vediet-o-bakterialnej-vaginoze\/#primaryimage"},"thumbnailUrl":"https:\/\/multi-gyn.com\/app\/uploads\/sites\/48\/2023\/06\/Infographic-All-you-need-to-know-about-Bacterial-Vaginosis.png","datePublished":"2023-06-02T08:26:35+00:00","dateModified":"2023-09-20T09:48:38+00:00","description":"Siln\u00fd a\u017e rybac\u00ed z\u00e1pach, ktor\u00fd V\u00e1s znerv\u00f3znil? Ten m\u00f4\u017ee by\u0165 sp\u00f4soben\u00fd bakteri\u00e1lnou nerovnov\u00e1hou, tie\u017e zn\u00e1mou ako bakteri\u00e1lna vagin\u00f3za (BV).","breadcrumb":{"@id":"https:\/\/multi-gyn.com\/sk\/posvove-zdravie\/infekcie\/vsetko-co-by-ste-mali-vediet-o-bakterialnej-vaginoze\/#breadcrumb"},"inLanguage":"sk-SK","potentialAction":[{"@type":"ReadAction","target":["https:\/\/multi-gyn.com\/sk\/posvove-zdravie\/infekcie\/vsetko-co-by-ste-mali-vediet-o-bakterialnej-vaginoze\/"]}]},{"@type":"ImageObject","inLanguage":"sk-SK","@id":"https:\/\/multi-gyn.com\/sk\/posvove-zdravie\/infekcie\/vsetko-co-by-ste-mali-vediet-o-bakterialnej-vaginoze\/#primaryimage","url":"https:\/\/multi-gyn.com\/app\/uploads\/sites\/48\/2023\/06\/Infographic-All-you-need-to-know-about-Bacterial-Vaginosis.png","contentUrl":"https:\/\/multi-gyn.com\/app\/uploads\/sites\/48\/2023\/06\/Infographic-All-you-need-to-know-about-Bacterial-Vaginosis.png"},{"@type":"BreadcrumbList","@id":"https:\/\/multi-gyn.com\/sk\/posvove-zdravie\/infekcie\/vsetko-co-by-ste-mali-vediet-o-bakterialnej-vaginoze\/#breadcrumb","itemListElement":[{"@type":"ListItem","position":1,"name":"Home","item":"https:\/\/multi-gyn.com\/sk\/"},{"@type":"ListItem","position":2,"name":"Po\u0161vov\u00e9 zdravie","item":"https:\/\/multi-gyn.com\/sk\/posvove-zdravie\/"},{"@type":"ListItem","position":3,"name":"Infekcie","item":"https:\/\/multi-gyn.com\/sk\/posvove-zdravie\/infekcie\/"},{"@type":"ListItem","position":4,"name":"V\u0161etko, \u010do by ste mali vedie\u0165 o bakteri\u00e1lnej vagin\u00f3ze!"}]},{"@type":"WebSite","@id":"https:\/\/multi-gyn.com\/sk\/#website","url":"https:\/\/multi-gyn.com\/sk\/","name":"Multi-Gyn","description":"","publisher":{"@id":"https:\/\/multi-gyn.com\/sk\/#organization"},"potentialAction":[{"@type":"SearchAction","target":{"@type":"EntryPoint","urlTemplate":"https:\/\/multi-gyn.com\/sk\/?s={search_term_string}"},"query-input":{"@type":"PropertyValueSpecification","valueRequired":true,"valueName":"search_term_string"}}],"inLanguage":"sk-SK"},{"@type":"Organization","@id":"https:\/\/multi-gyn.com\/sk\/#organization","name":"Multi-Gyn","url":"https:\/\/multi-gyn.com\/sk\/","logo":{"@type":"ImageObject","inLanguage":"sk-SK","@id":"https:\/\/multi-gyn.com\/sk\/#\/schema\/logo\/image\/","url":"https:\/\/multi-gyn.com\/app\/uploads\/sites\/48\/2023\/06\/multi-gyn-logo.png","contentUrl":"https:\/\/multi-gyn.com\/app\/uploads\/sites\/48\/2023\/06\/multi-gyn-logo.png","width":149,"height":32,"caption":"Multi-Gyn"},"image":{"@id":"https:\/\/multi-gyn.com\/sk\/#\/schema\/logo\/image\/"}}]}},"_links":{"self":[{"href":"https:\/\/multi-gyn.com\/sk\/wp-json\/wp\/v2\/pages\/102","targetHints":{"allow":["GET"]}}],"collection":[{"href":"https:\/\/multi-gyn.com\/sk\/wp-json\/wp\/v2\/pages"}],"about":[{"href":"https:\/\/multi-gyn.com\/sk\/wp-json\/wp\/v2\/types\/page"}],"author":[{"embeddable":true,"href":"https:\/\/multi-gyn.com\/sk\/wp-json\/wp\/v2\/users\/2"}],"replies":[{"embeddable":true,"href":"https:\/\/multi-gyn.com\/sk\/wp-json\/wp\/v2\/comments?post=102"}],"version-history":[{"count":4,"href":"https:\/\/multi-gyn.com\/sk\/wp-json\/wp\/v2\/pages\/102\/revisions"}],"predecessor-version":[{"id":556,"href":"https:\/\/multi-gyn.com\/sk\/wp-json\/wp\/v2\/pages\/102\/revisions\/556"}],"up":[{"embeddable":true,"href":"https:\/\/multi-gyn.com\/sk\/wp-json\/wp\/v2\/pages\/55"}],"wp:attachment":[{"href":"https:\/\/multi-gyn.com\/sk\/wp-json\/wp\/v2\/media?parent=102"}],"wp:term":[{"taxonomy":"from-article-database","embeddable":true,"href":"https:\/\/multi-gyn.com\/sk\/wp-json\/wp\/v2\/from-article-database?post=102"}],"curies":[{"name":"wp","href":"https:\/\/api.w.org\/{rel}","templated":true}]}}