{"id":107,"date":"2023-06-02T13:42:45","date_gmt":"2023-06-02T11:42:45","guid":{"rendered":"https:\/\/multi-gyn.com\/sk\/?page_id=107"},"modified":"2023-09-20T11:48:36","modified_gmt":"2023-09-20T09:48:36","slug":"liecenie-posvovej-suchosti","status":"publish","type":"page","link":"https:\/\/multi-gyn.com\/sk\/posvove-zdravie\/prevencia\/liecenie-posvovej-suchosti\/","title":{"rendered":"Lie\u010denie po\u0161vovej suchosti"},"content":{"rendered":"\n<div class=\"wp-block-karopharma-free-text pt-large pb-large bg-center bg-cover bg-no-repeat  is-style-primary\" style=\"background-image:url()\"><div class=\"free-text-wrapper container max-w-medium text-left\">\n<h1 class=\"is-style-heading-large wp-block-heading\">Lie\u010denie po\u0161vovej suchosti<\/h1>\n\n\n\n<p class=\"is-style-paragraph-preamble\">Ve\u013ea \u013eud\u00ed nepozn\u00e1 rozdiel medzi po\u0161vou a vulvou. Nie je to prekvapiv\u00e9, ke\u010f\u017ee vulvovagin\u00e1lne zdravie je \u010dasto ozna\u010dovan\u00e9 ako po\u0161vov\u00e9 a vulvovagin\u00e1lna hygiena je \u010dastej\u0161ie naz\u00fdvan\u00e1 po\u0161vovou hygienou. Potreba skr\u00e1tenia slov prev\u00e1\u017eila nad ich presnos\u0165ou. Rozdiel medzi po\u0161vou a vulvou je v prvom rade anatomick\u00fd a histologick\u00fd, \u010do m\u00e1 za n\u00e1sledok rozdielne n\u00e1roky na hygienu a odli\u0161n\u00e9 ochorenia.<\/p>\n<\/div><\/div>\n\n\n\n<div class=\"wp-block-karopharma-free-text pt-large pb-large bg-center bg-cover bg-no-repeat\" style=\"background-image:url()\"><div class=\"free-text-wrapper container max-w-medium text-left\">\n<p>Po\u0161vov\u00e1 suchos\u0165 je be\u017en\u00fdm pr\u00edznakom menopauzy, ale m\u00f4\u017ee postihn\u00fa\u0165 \u017eeny v ka\u017edom veku. \u010eal\u0161\u00edmi pr\u00ed\u010dinami tohto ochorenia b\u00fdvaj\u00fa hormon\u00e1lne zmeny po p\u00f4rode, po\u010das doj\u010denia, lie\u010dby rakoviny alebo u\u017e\u00edvania ur\u010dit\u00fdch liekov.<\/p>\n\n\n\n<p>Suchos\u0165 m\u00f4\u017ee by\u0165 sp\u00f4soben\u00e1 aj stresom a \u00fazkos\u0165ou, nadmern\u00fdm cvi\u010den\u00edm, alkoholom, kofe\u00ednom a cigaretami. I ke\u010f po\u0161vov\u00e1 suchos\u0165 m\u00f4\u017ee pripom\u00edna\u0165 len mierne podr\u00e1\u017edenie, m\u00f4\u017ee z\u00e1sadne ovplyvni\u0165 kvalitu V\u00e1\u0161ho \u017eivota. Lie\u010denie po\u0161vovej suchosti je ve\u013emi d\u00f4le\u017eit\u00e9 nielen pre fyzick\u00fa pohodu \u017eeny, ale aj pre jej emocion\u00e1lny stav a zdravie vz\u0165ahu. Tu je nieko\u013eko be\u017en\u00fdch sp\u00f4sobov lie\u010dby, ktor\u00e9 V\u00e1m m\u00f4\u017eu s t\u00fdmto probl\u00e9mom pom\u00f4c\u0165.<\/p>\n\n\n\n<h2 class=\"is-style-heading-h2 wp-block-heading\">Lie\u010dba estrog\u00e9nmi<\/h2>\n\n\n\n<p>Hlavnou pr\u00ed\u010dinou vzniku po\u0161vovej suchosti je pokles hladiny estrog\u00e9nu \u2013 horm\u00f3nu, ktor\u00fd zabezpe\u010duje vlhkos\u0165 a pru\u017enos\u0165 po\u0161vy. Preto je ve\u013ea sp\u00f4sobov lie\u010dby zalo\u017een\u00fdch na kompenz\u00e1cii zn\u00ed\u017eenej prirodzenej hladiny estrog\u00e9nu. Hormon\u00e1lna terapia m\u00f4\u017ee by\u0165 peror\u00e1lna (u\u017e\u00edvanie tabletiek), hlavne v obdob\u00ed menopauzy, oblastn\u00e1 (hormon\u00e1lne n\u00e1plasti) alebo vn\u00fatro-po\u0161vov\u00e1.<\/p>\n\n\n\n<p>Po\u0161vov\u00e1 estrog\u00e9nov\u00e1 lie\u010dba zah\u0155\u0148a estrog\u00e9nov\u00fd kr\u00fa\u017eok, tablety a kr\u00e9m. Je v\u0161ak d\u00f4le\u017eit\u00e9 vedie\u0165, \u017ee hormon\u00e1lna lie\u010dba m\u00f4\u017ee \u010dasto sp\u00f4sobova\u0165 ve\u013emi nepr\u00edjemn\u00e9, dokonca a\u017e nebezpe\u010dn\u00e9 ved\u013eaj\u0161ie ne\u017eiad\u00face \u00fa\u010dinky, ako napr\u00edklad zv\u00fd\u0161en\u00e9 riziko m\u0155tvice a krvn\u00fdch zrazen\u00edn. Sk\u00f4r ne\u017e sa rozhodnete, pozhov\u00e1rajte sa so svoj\u00edm gynekol\u00f3gom a dajte \u0161ancu aj alternat\u00edvnej lie\u010dbe, ktor\u00e1 je efekt\u00edvna a z\u00e1rove\u0148 bezpe\u010dn\u00e1.<\/p>\n\n\n\n<p class=\"is-style-paragraph-preamble has-primary-color has-text-color\"><em>\u201eLie\u010denie po\u0161vovej suchosti je ve\u013emi d\u00f4le\u017eit\u00e9 nielen pre fyzick\u00fa pohodu \u017eeny, ale aj pre jej emocion\u00e1lny stav a zdravie vz\u0165ahu.\u201c<\/em><\/p>\n\n\n\n<h2 class=\"is-style-heading-h2 wp-block-heading\">Lie\u010dba bez estrog\u00e9nov<\/h2>\n\n\n\n<p>Okrem hormon\u00e1lnej lie\u010dby sa m\u00f4\u017eete rozhodn\u00fa\u0165 vysk\u00fa\u0161a\u0165 po\u0161vov\u00e9 zvlh\u010duj\u00face pr\u00edpravky, ktor\u00e9 pri pravidelnom pou\u017e\u00edvan\u00ed udr\u017eia sliznice po\u0161vy vlhk\u00e9 a elastick\u00e9, \u010d\u00edm V\u00e1s zbavia probl\u00e9mov s podr\u00e1\u017eden\u00edm, p\u00e1len\u00edm \u010di bolestivos\u0165ou, ktor\u00e9 nemusia s\u00favisie\u0165 s pohlavn\u00fdm stykom.<\/p>\n\n\n\n<p>Pokia\u013e \u017eeny nie s\u00fa dostato\u010dne vzru\u0161en\u00e9, m\u00f4\u017eu ma\u0165 probl\u00e9my s po\u0161vovou suchos\u0165ou a bolestiv\u00fdm pohlavn\u00fdm stykom \u2013 preto je predohra pred pohlavn\u00fdm stykom potrebn\u00e1 na to, aby ste predi\u0161li tak\u00fdmto probl\u00e9mom. Lubrikanty zni\u017euj\u00fa trenie sp\u00f4soben\u00e9 zas\u00favan\u00edm penisu do po\u0161vy a poskytuj\u00fa do\u010dasn\u00fa \u00fa\u013eavu od bolesti po\u010das pohlavn\u00e9ho styku. M\u00f4\u017eu by\u0165 na vodnej, silik\u00f3novej alebo olejovej b\u00e1ze (pam\u00e4tajte si v\u0161ak, \u017ee lubrikanty zalo\u017een\u00e9 na olejovej b\u00e1ze by nemali by\u0165 pou\u017e\u00edvan\u00e9 s latexov\u00fdmi prezervat\u00edvmi, ke\u010f\u017ee \u010dasto sp\u00f4sobuj\u00fa ich pretrhnutie a vystavuj\u00fa V\u00e1s tak riziku nakazenia sa sexu\u00e1lne prenosn\u00fdmi ochoreniami alebo nepl\u00e1novan\u00e9ho otehotnenia.)<\/p>\n\n\n\n<p>Hlavn\u00fd rozdiel medzi lubrikantmi a pr\u00edpravkami na zvlh\u010denie je, \u017ee pr\u00edpravky na zvlh\u010denie poskytuj\u00fa dlhotrvaj\u00faci efekt, zatia\u013e \u010do lubrikanty s\u00fa pou\u017e\u00edvan\u00e9 tesne pred pohlavn\u00fdm stykom a \u00fa\u013eavu od bolesti a trenia poskytuj\u00fa len do\u010dasne.<\/p>\n<\/div><\/div>\n","protected":false},"excerpt":{"rendered":"","protected":false},"author":2,"featured_media":0,"parent":57,"menu_order":1,"comment_status":"closed","ping_status":"closed","template":"","meta":{"_acf_changed":false,"footnotes":""},"from-article-database":[],"class_list":["post-107","page","type-page","status-publish","hentry"],"acf":[],"yoast_head":"<!-- This site is optimized with the Yoast SEO plugin v26.6 - https:\/\/yoast.com\/wordpress\/plugins\/seo\/ -->\n<title>Lie\u010denie po\u0161vovej suchosti - Multi-Gyn<\/title>\n<meta name=\"description\" content=\"Ve\u013ea \u013eud\u00ed nepozn\u00e1 rozdiel medzi po\u0161vou a vulvou. Nie je to prekvapiv\u00e9, ke\u010f\u017ee vulvovagin\u00e1lne zdravie je \u010dasto ozna\u010dovan\u00e9 ako po\u0161vov\u00e9 a vulvovagin\u00e1lna hygiena je \u010dastej\u0161ie naz\u00fdvan\u00e1 po\u0161vovou hygienou.\" \/>\n<meta name=\"robots\" content=\"index, follow, max-snippet:-1, max-image-preview:large, max-video-preview:-1\" \/>\n<link rel=\"canonical\" href=\"https:\/\/multi-gyn.com\/sk\/posvove-zdravie\/prevencia\/liecenie-posvovej-suchosti\/\" \/>\n<meta property=\"og:locale\" content=\"sk_SK\" \/>\n<meta property=\"og:type\" content=\"article\" \/>\n<meta property=\"og:title\" content=\"Lie\u010denie po\u0161vovej suchosti - Multi-Gyn\" \/>\n<meta property=\"og:description\" content=\"Ve\u013ea \u013eud\u00ed nepozn\u00e1 rozdiel medzi po\u0161vou a vulvou. Nie je to prekvapiv\u00e9, ke\u010f\u017ee vulvovagin\u00e1lne zdravie je \u010dasto ozna\u010dovan\u00e9 ako po\u0161vov\u00e9 a vulvovagin\u00e1lna hygiena je \u010dastej\u0161ie naz\u00fdvan\u00e1 po\u0161vovou hygienou.\" \/>\n<meta property=\"og:url\" content=\"https:\/\/multi-gyn.com\/sk\/posvove-zdravie\/prevencia\/liecenie-posvovej-suchosti\/\" \/>\n<meta property=\"og:site_name\" content=\"Multi-Gyn\" \/>\n<meta property=\"article:modified_time\" content=\"2023-09-20T09:48:36+00:00\" \/>\n<meta name=\"twitter:card\" content=\"summary_large_image\" \/>\n<meta name=\"twitter:label1\" content=\"Predpokladan\u00fd \u010das \u010d\u00edtania\" \/>\n\t<meta name=\"twitter:data1\" content=\"3 min\u00faty\" \/>\n<script type=\"application\/ld+json\" class=\"yoast-schema-graph\">{\"@context\":\"https:\/\/schema.org\",\"@graph\":[{\"@type\":\"WebPage\",\"@id\":\"https:\/\/multi-gyn.com\/sk\/posvove-zdravie\/prevencia\/liecenie-posvovej-suchosti\/\",\"url\":\"https:\/\/multi-gyn.com\/sk\/posvove-zdravie\/prevencia\/liecenie-posvovej-suchosti\/\",\"name\":\"Lie\u010denie po\u0161vovej suchosti - Multi-Gyn\",\"isPartOf\":{\"@id\":\"https:\/\/multi-gyn.com\/sk\/#website\"},\"datePublished\":\"2023-06-02T11:42:45+00:00\",\"dateModified\":\"2023-09-20T09:48:36+00:00\",\"description\":\"Ve\u013ea \u013eud\u00ed nepozn\u00e1 rozdiel medzi po\u0161vou a vulvou. Nie je to prekvapiv\u00e9, ke\u010f\u017ee vulvovagin\u00e1lne zdravie je \u010dasto ozna\u010dovan\u00e9 ako po\u0161vov\u00e9 a vulvovagin\u00e1lna hygiena je \u010dastej\u0161ie naz\u00fdvan\u00e1 po\u0161vovou hygienou.\",\"breadcrumb\":{\"@id\":\"https:\/\/multi-gyn.com\/sk\/posvove-zdravie\/prevencia\/liecenie-posvovej-suchosti\/#breadcrumb\"},\"inLanguage\":\"sk-SK\",\"potentialAction\":[{\"@type\":\"ReadAction\",\"target\":[\"https:\/\/multi-gyn.com\/sk\/posvove-zdravie\/prevencia\/liecenie-posvovej-suchosti\/\"]}]},{\"@type\":\"BreadcrumbList\",\"@id\":\"https:\/\/multi-gyn.com\/sk\/posvove-zdravie\/prevencia\/liecenie-posvovej-suchosti\/#breadcrumb\",\"itemListElement\":[{\"@type\":\"ListItem\",\"position\":1,\"name\":\"Home\",\"item\":\"https:\/\/multi-gyn.com\/sk\/\"},{\"@type\":\"ListItem\",\"position\":2,\"name\":\"Po\u0161vov\u00e9 zdravie\",\"item\":\"https:\/\/multi-gyn.com\/sk\/posvove-zdravie\/\"},{\"@type\":\"ListItem\",\"position\":3,\"name\":\"Prevencia\",\"item\":\"https:\/\/multi-gyn.com\/sk\/posvove-zdravie\/prevencia\/\"},{\"@type\":\"ListItem\",\"position\":4,\"name\":\"Lie\u010denie po\u0161vovej suchosti\"}]},{\"@type\":\"WebSite\",\"@id\":\"https:\/\/multi-gyn.com\/sk\/#website\",\"url\":\"https:\/\/multi-gyn.com\/sk\/\",\"name\":\"Multi-Gyn\",\"description\":\"\",\"publisher\":{\"@id\":\"https:\/\/multi-gyn.com\/sk\/#organization\"},\"potentialAction\":[{\"@type\":\"SearchAction\",\"target\":{\"@type\":\"EntryPoint\",\"urlTemplate\":\"https:\/\/multi-gyn.com\/sk\/?s={search_term_string}\"},\"query-input\":{\"@type\":\"PropertyValueSpecification\",\"valueRequired\":true,\"valueName\":\"search_term_string\"}}],\"inLanguage\":\"sk-SK\"},{\"@type\":\"Organization\",\"@id\":\"https:\/\/multi-gyn.com\/sk\/#organization\",\"name\":\"Multi-Gyn\",\"url\":\"https:\/\/multi-gyn.com\/sk\/\",\"logo\":{\"@type\":\"ImageObject\",\"inLanguage\":\"sk-SK\",\"@id\":\"https:\/\/multi-gyn.com\/sk\/#\/schema\/logo\/image\/\",\"url\":\"https:\/\/multi-gyn.com\/app\/uploads\/sites\/48\/2023\/06\/multi-gyn-logo.png\",\"contentUrl\":\"https:\/\/multi-gyn.com\/app\/uploads\/sites\/48\/2023\/06\/multi-gyn-logo.png\",\"width\":149,\"height\":32,\"caption\":\"Multi-Gyn\"},\"image\":{\"@id\":\"https:\/\/multi-gyn.com\/sk\/#\/schema\/logo\/image\/\"}}]}<\/script>\n<!-- \/ Yoast SEO plugin. -->","yoast_head_json":{"title":"Lie\u010denie po\u0161vovej suchosti - Multi-Gyn","description":"Ve\u013ea \u013eud\u00ed nepozn\u00e1 rozdiel medzi po\u0161vou a vulvou. Nie je to prekvapiv\u00e9, ke\u010f\u017ee vulvovagin\u00e1lne zdravie je \u010dasto ozna\u010dovan\u00e9 ako po\u0161vov\u00e9 a vulvovagin\u00e1lna hygiena je \u010dastej\u0161ie naz\u00fdvan\u00e1 po\u0161vovou hygienou.","robots":{"index":"index","follow":"follow","max-snippet":"max-snippet:-1","max-image-preview":"max-image-preview:large","max-video-preview":"max-video-preview:-1"},"canonical":"https:\/\/multi-gyn.com\/sk\/posvove-zdravie\/prevencia\/liecenie-posvovej-suchosti\/","og_locale":"sk_SK","og_type":"article","og_title":"Lie\u010denie po\u0161vovej suchosti - Multi-Gyn","og_description":"Ve\u013ea \u013eud\u00ed nepozn\u00e1 rozdiel medzi po\u0161vou a vulvou. Nie je to prekvapiv\u00e9, ke\u010f\u017ee vulvovagin\u00e1lne zdravie je \u010dasto ozna\u010dovan\u00e9 ako po\u0161vov\u00e9 a vulvovagin\u00e1lna hygiena je \u010dastej\u0161ie naz\u00fdvan\u00e1 po\u0161vovou hygienou.","og_url":"https:\/\/multi-gyn.com\/sk\/posvove-zdravie\/prevencia\/liecenie-posvovej-suchosti\/","og_site_name":"Multi-Gyn","article_modified_time":"2023-09-20T09:48:36+00:00","twitter_card":"summary_large_image","twitter_misc":{"Predpokladan\u00fd \u010das \u010d\u00edtania":"3 min\u00faty"},"schema":{"@context":"https:\/\/schema.org","@graph":[{"@type":"WebPage","@id":"https:\/\/multi-gyn.com\/sk\/posvove-zdravie\/prevencia\/liecenie-posvovej-suchosti\/","url":"https:\/\/multi-gyn.com\/sk\/posvove-zdravie\/prevencia\/liecenie-posvovej-suchosti\/","name":"Lie\u010denie po\u0161vovej suchosti - Multi-Gyn","isPartOf":{"@id":"https:\/\/multi-gyn.com\/sk\/#website"},"datePublished":"2023-06-02T11:42:45+00:00","dateModified":"2023-09-20T09:48:36+00:00","description":"Ve\u013ea \u013eud\u00ed nepozn\u00e1 rozdiel medzi po\u0161vou a vulvou. Nie je to prekvapiv\u00e9, ke\u010f\u017ee vulvovagin\u00e1lne zdravie je \u010dasto ozna\u010dovan\u00e9 ako po\u0161vov\u00e9 a vulvovagin\u00e1lna hygiena je \u010dastej\u0161ie naz\u00fdvan\u00e1 po\u0161vovou hygienou.","breadcrumb":{"@id":"https:\/\/multi-gyn.com\/sk\/posvove-zdravie\/prevencia\/liecenie-posvovej-suchosti\/#breadcrumb"},"inLanguage":"sk-SK","potentialAction":[{"@type":"ReadAction","target":["https:\/\/multi-gyn.com\/sk\/posvove-zdravie\/prevencia\/liecenie-posvovej-suchosti\/"]}]},{"@type":"BreadcrumbList","@id":"https:\/\/multi-gyn.com\/sk\/posvove-zdravie\/prevencia\/liecenie-posvovej-suchosti\/#breadcrumb","itemListElement":[{"@type":"ListItem","position":1,"name":"Home","item":"https:\/\/multi-gyn.com\/sk\/"},{"@type":"ListItem","position":2,"name":"Po\u0161vov\u00e9 zdravie","item":"https:\/\/multi-gyn.com\/sk\/posvove-zdravie\/"},{"@type":"ListItem","position":3,"name":"Prevencia","item":"https:\/\/multi-gyn.com\/sk\/posvove-zdravie\/prevencia\/"},{"@type":"ListItem","position":4,"name":"Lie\u010denie po\u0161vovej suchosti"}]},{"@type":"WebSite","@id":"https:\/\/multi-gyn.com\/sk\/#website","url":"https:\/\/multi-gyn.com\/sk\/","name":"Multi-Gyn","description":"","publisher":{"@id":"https:\/\/multi-gyn.com\/sk\/#organization"},"potentialAction":[{"@type":"SearchAction","target":{"@type":"EntryPoint","urlTemplate":"https:\/\/multi-gyn.com\/sk\/?s={search_term_string}"},"query-input":{"@type":"PropertyValueSpecification","valueRequired":true,"valueName":"search_term_string"}}],"inLanguage":"sk-SK"},{"@type":"Organization","@id":"https:\/\/multi-gyn.com\/sk\/#organization","name":"Multi-Gyn","url":"https:\/\/multi-gyn.com\/sk\/","logo":{"@type":"ImageObject","inLanguage":"sk-SK","@id":"https:\/\/multi-gyn.com\/sk\/#\/schema\/logo\/image\/","url":"https:\/\/multi-gyn.com\/app\/uploads\/sites\/48\/2023\/06\/multi-gyn-logo.png","contentUrl":"https:\/\/multi-gyn.com\/app\/uploads\/sites\/48\/2023\/06\/multi-gyn-logo.png","width":149,"height":32,"caption":"Multi-Gyn"},"image":{"@id":"https:\/\/multi-gyn.com\/sk\/#\/schema\/logo\/image\/"}}]}},"_links":{"self":[{"href":"https:\/\/multi-gyn.com\/sk\/wp-json\/wp\/v2\/pages\/107","targetHints":{"allow":["GET"]}}],"collection":[{"href":"https:\/\/multi-gyn.com\/sk\/wp-json\/wp\/v2\/pages"}],"about":[{"href":"https:\/\/multi-gyn.com\/sk\/wp-json\/wp\/v2\/types\/page"}],"author":[{"embeddable":true,"href":"https:\/\/multi-gyn.com\/sk\/wp-json\/wp\/v2\/users\/2"}],"replies":[{"embeddable":true,"href":"https:\/\/multi-gyn.com\/sk\/wp-json\/wp\/v2\/comments?post=107"}],"version-history":[{"count":4,"href":"https:\/\/multi-gyn.com\/sk\/wp-json\/wp\/v2\/pages\/107\/revisions"}],"predecessor-version":[{"id":558,"href":"https:\/\/multi-gyn.com\/sk\/wp-json\/wp\/v2\/pages\/107\/revisions\/558"}],"up":[{"embeddable":true,"href":"https:\/\/multi-gyn.com\/sk\/wp-json\/wp\/v2\/pages\/57"}],"wp:attachment":[{"href":"https:\/\/multi-gyn.com\/sk\/wp-json\/wp\/v2\/media?parent=107"}],"wp:term":[{"taxonomy":"from-article-database","embeddable":true,"href":"https:\/\/multi-gyn.com\/sk\/wp-json\/wp\/v2\/from-article-database?post=107"}],"curies":[{"name":"wp","href":"https:\/\/api.w.org\/{rel}","templated":true}]}}