{"id":108,"date":"2023-06-02T13:43:02","date_gmt":"2023-06-02T11:43:02","guid":{"rendered":"https:\/\/multi-gyn.com\/sk\/?page_id=108"},"modified":"2023-09-20T11:48:34","modified_gmt":"2023-09-20T09:48:34","slug":"ako-predchadzat-bakterialnej-vaginoze","status":"publish","type":"page","link":"https:\/\/multi-gyn.com\/sk\/posvove-zdravie\/prevencia\/ako-predchadzat-bakterialnej-vaginoze\/","title":{"rendered":"Ako predch\u00e1dza\u0165 bakteri\u00e1lnej vagin\u00f3ze"},"content":{"rendered":"\n<div class=\"wp-block-karopharma-free-text pt-large pb-large bg-center bg-cover bg-no-repeat  is-style-primary\" style=\"background-image:url()\"><div class=\"free-text-wrapper container max-w-medium text-left\">\n<h1 class=\"is-style-heading-large wp-block-heading\">Ako predch\u00e1dza\u0165 bakteri\u00e1lnej vagin\u00f3ze<\/h1>\n\n\n\n<p class=\"is-style-paragraph-preamble\">Bakteri\u00e1lna vagin\u00f3za je nerovnov\u00e1hou po\u0161vovej fl\u00f3ry a je jednou z najroz\u0161\u00edrenej\u0161\u00edch po\u0161vov\u00fdch infekci\u00ed. Hovor\u00ed sa, \u017ee BV je pohlavne prenosn\u00fdm ochoren\u00edm, av\u0161ak t\u00e1to domnienka je nespr\u00e1vna. BV sa prejavuje aj u \u017eien, ktor\u00e9 nem\u00e1vaj\u00fa pohlavn\u00fd styk, alebo maj\u00fa st\u00e1leho partnera u\u017e nieko\u013eko rokov a je medzi partnermi neprenosn\u00e1.<\/p>\n<\/div><\/div>\n\n\n\n<div class=\"wp-block-karopharma-free-text pt-large pb-large bg-center bg-cover bg-no-repeat\" style=\"background-image:url()\"><div class=\"free-text-wrapper container max-w-medium text-left\">\n<p>Bakteri\u00e1lna vagin\u00f3za je vlastne premno\u017een\u00edm \u0161kodliv\u00fdch bakt\u00e9ri\u00ed. V zdravej po\u0161ve s\u00fa tieto \u0161kodliv\u00e9 bakt\u00e9rie pod kontrolou v\u010faka n\u00edzkemu pH po\u0161vy, ktor\u00e9 je tvoren\u00e9 kyselinou mlie\u010dnou produkovanou laktobacilmi. Po\u0161vov\u00e9 pH v\u0161ak m\u00f4\u017ee by\u0165 zv\u00fd\u0161en\u00e9 (doch\u00e1dza k zn\u00ed\u017eeniu kyslosti), napr\u00edklad kv\u00f4li zmen\u0161eniu po\u010dtu laktobacilov vplyvom antibiotickej lie\u010dby, alebo neutraliz\u00e1ciou n\u00edzkeho pH z\u00e1sadit\u00fdm ejakul\u00e1tom. V tak\u00fdch pr\u00edpadoch doch\u00e1dza k roz\u0161\u00edreniu \u0161kodliv\u00fdch bakt\u00e9ri\u00ed, ktor\u00e9 m\u00f4\u017eu sp\u00f4sobova\u0165 probl\u00e9my.<\/p>\n\n\n\n<p>Najbe\u017enej\u0161ie pr\u00edznaky BV zah\u0155\u0148aj\u00fa zmeny vo v\u00fdtoku (biely alebo siv\u00fd a peniv\u00fd), v z\u00e1pachu (zvy\u010dajne siln\u00fd rybac\u00ed), p\u00e1lenie po\u010das mo\u010denia, svrbenie a podr\u00e1\u017edenie v po\u0161vovej oblasti. Niektor\u00e9 z t\u00fdchto pr\u00edznakov pripom\u00ednaj\u00fa kvasinkov\u00fa infekciu, tak\u017ee pred za\u010diatkom lie\u010dby je nutn\u00e1 spr\u00e1vna diagn\u00f3za.<\/p>\n\n\n\n<p>Tu s\u00fa kroky, ktor\u00e9 V\u00e1m pom\u00f4\u017eu predch\u00e1dza\u0165 bakteri\u00e1lnej vagin\u00f3ze.<\/p>\n\n\n\n<h2 class=\"is-style-heading-h2 wp-block-heading\">\u010co m\u00f4\u017eete robi\u0165, aby ste zn\u00ed\u017eili riziko vzniku bakteri\u00e1lnej vagin\u00f3zy?<\/h2>\n\n\n\n<ul class=\"is-style-default wp-block-list\"><li>Vzdel\u00e1va\u0165 sa \u2013 a tento \u010dl\u00e1nok je Va\u0161im prv\u00fdm krokom v spr\u00e1vnom rozhodnut\u00ed! Je ve\u013emi d\u00f4le\u017eit\u00e9, aby ste dok\u00e1zali rozozna\u0165 pr\u00edznaky bakteri\u00e1lnej vagin\u00f3zy a vedeli, kedy je spr\u00e1vny \u010das vyh\u013eada\u0165 odborn\u00fa pomoc.<\/li><li>Majte bezpe\u010dn\u00fd sex \u2013 obmedzujte po\u010det sexu\u00e1lnych partnerov a v\u017edy pri pohlavnom styku pou\u017e\u00edvajte vhodn\u00fa ochranu.<\/li><li>Vyhnite sa podr\u00e1\u017edeniu v oblasti po\u0161vy \u2013 to znamen\u00e1 vyhn\u00fa\u0165 sa v\u00edrivk\u00e1m, term\u00e1lnym k\u00fapalisk\u00e1m a pou\u017e\u00edvaniu int\u00edmnych pr\u00edpravkov, hygienick\u00fdch vlo\u017eiek a tamp\u00f3nov, ktor\u00e9 obsahuj\u00fa mydlo a agres\u00edvne \u010distiace l\u00e1tky. Nikdy si nezab\u00fadajte po sprche poriadne vysu\u0161i\u0165 int\u00edmnu oblas\u0165 jemn\u00fdm prikladan\u00edm m\u00e4kkej a \u010distej osu\u0161ky.<\/li><li>Vyberajte si bavlnen\u00fa spodn\u00fa bielize\u0148 namiesto syntetickej, ktor\u00e1 neumo\u017e\u0148uje poko\u017eke d\u00fdcha\u0165, \u010do zvy\u0161uje teplotu a vlhkos\u0165, a vytv\u00e1ra tak ide\u00e1lne prostredie pre v\u00fdskyt a rozmno\u017eovanie bakt\u00e9ri\u00ed. V\u017edy ke\u010f je to mo\u017en\u00e9, sna\u017ete sa spa\u0165 bez spodnej bielizne.<\/li><li>Niektor\u00ed vedci tvrdia, \u017ee najlep\u0161\u00edm sp\u00f4sobom zabr\u00e1nenia opakovan\u00e9ho n\u00e1vratu bakteri\u00e1lnej vagin\u00f3zy je stimul\u00e1cia ochrannej laktobacilovej fl\u00f3ry. Obnovenie dobrej po\u0161vovej fl\u00f3ry je ve\u013emi d\u00f4le\u017eit\u00e9, ke\u010f\u017ee antibiotick\u00e1 lie\u010dba BV \u0161kod\u00ed laktobacilom a sp\u00f4sobuje tak vysok\u00fa mieru n\u00e1vratnosti BV. Stimul\u00e1cia laktobacilov m\u00f4\u017ee by\u0165 dosiahnut\u00e1 pou\u017e\u00edvan\u00edm prebiotick\u00fdch pr\u00edpravkov, ktor\u00e9 podporuj\u00fa laktobacily. Rovnako prich\u00e1dza do \u00favahy aj lie\u010dba BV pr\u00edrodn\u00fdmi pr\u00edpravkami, ktor\u00e9 na laktobacily nemaj\u00fa vplyv.<\/li><\/ul>\n\n\n\n<p class=\"is-style-paragraph-preamble has-primary-color has-text-color\"><em>\u201eJe ve\u013emi d\u00f4le\u017eit\u00e9, aby ste dok\u00e1zali rozozna\u0165 pr\u00edznaky bakteri\u00e1lnej vagin\u00f3zy a vedeli, kedy je spr\u00e1vny \u010das vyh\u013eada\u0165 odborn\u00fa pomoc.\u201c<\/em><\/p>\n<\/div><\/div>\n","protected":false},"excerpt":{"rendered":"","protected":false},"author":2,"featured_media":0,"parent":57,"menu_order":2,"comment_status":"closed","ping_status":"closed","template":"","meta":{"_acf_changed":false,"footnotes":""},"from-article-database":[],"class_list":["post-108","page","type-page","status-publish","hentry"],"acf":[],"yoast_head":"<!-- This site is optimized with the Yoast SEO plugin v26.6 - https:\/\/yoast.com\/wordpress\/plugins\/seo\/ -->\n<title>Ako predch\u00e1dza\u0165 bakteri\u00e1lnej vagin\u00f3ze - Multi-Gyn<\/title>\n<meta name=\"description\" content=\"Bakteri\u00e1lna vagin\u00f3za je nerovnov\u00e1hou po\u0161vovej fl\u00f3ry a je jednou z najroz\u0161\u00edrenej\u0161\u00edch po\u0161vov\u00fdch infekci\u00ed.\" \/>\n<meta name=\"robots\" content=\"index, follow, max-snippet:-1, max-image-preview:large, max-video-preview:-1\" \/>\n<link rel=\"canonical\" href=\"https:\/\/multi-gyn.com\/sk\/posvove-zdravie\/prevencia\/ako-predchadzat-bakterialnej-vaginoze\/\" \/>\n<meta property=\"og:locale\" content=\"sk_SK\" \/>\n<meta property=\"og:type\" content=\"article\" \/>\n<meta property=\"og:title\" content=\"Ako predch\u00e1dza\u0165 bakteri\u00e1lnej vagin\u00f3ze - Multi-Gyn\" \/>\n<meta property=\"og:description\" content=\"Bakteri\u00e1lna vagin\u00f3za je nerovnov\u00e1hou po\u0161vovej fl\u00f3ry a je jednou z najroz\u0161\u00edrenej\u0161\u00edch po\u0161vov\u00fdch infekci\u00ed.\" \/>\n<meta property=\"og:url\" content=\"https:\/\/multi-gyn.com\/sk\/posvove-zdravie\/prevencia\/ako-predchadzat-bakterialnej-vaginoze\/\" \/>\n<meta property=\"og:site_name\" content=\"Multi-Gyn\" \/>\n<meta property=\"article:modified_time\" content=\"2023-09-20T09:48:34+00:00\" \/>\n<meta name=\"twitter:card\" content=\"summary_large_image\" \/>\n<meta name=\"twitter:label1\" content=\"Predpokladan\u00fd \u010das \u010d\u00edtania\" \/>\n\t<meta name=\"twitter:data1\" content=\"3 min\u00faty\" \/>\n<script type=\"application\/ld+json\" class=\"yoast-schema-graph\">{\"@context\":\"https:\/\/schema.org\",\"@graph\":[{\"@type\":\"WebPage\",\"@id\":\"https:\/\/multi-gyn.com\/sk\/posvove-zdravie\/prevencia\/ako-predchadzat-bakterialnej-vaginoze\/\",\"url\":\"https:\/\/multi-gyn.com\/sk\/posvove-zdravie\/prevencia\/ako-predchadzat-bakterialnej-vaginoze\/\",\"name\":\"Ako predch\u00e1dza\u0165 bakteri\u00e1lnej vagin\u00f3ze - Multi-Gyn\",\"isPartOf\":{\"@id\":\"https:\/\/multi-gyn.com\/sk\/#website\"},\"datePublished\":\"2023-06-02T11:43:02+00:00\",\"dateModified\":\"2023-09-20T09:48:34+00:00\",\"description\":\"Bakteri\u00e1lna vagin\u00f3za je nerovnov\u00e1hou po\u0161vovej fl\u00f3ry a je jednou z najroz\u0161\u00edrenej\u0161\u00edch po\u0161vov\u00fdch infekci\u00ed.\",\"breadcrumb\":{\"@id\":\"https:\/\/multi-gyn.com\/sk\/posvove-zdravie\/prevencia\/ako-predchadzat-bakterialnej-vaginoze\/#breadcrumb\"},\"inLanguage\":\"sk-SK\",\"potentialAction\":[{\"@type\":\"ReadAction\",\"target\":[\"https:\/\/multi-gyn.com\/sk\/posvove-zdravie\/prevencia\/ako-predchadzat-bakterialnej-vaginoze\/\"]}]},{\"@type\":\"BreadcrumbList\",\"@id\":\"https:\/\/multi-gyn.com\/sk\/posvove-zdravie\/prevencia\/ako-predchadzat-bakterialnej-vaginoze\/#breadcrumb\",\"itemListElement\":[{\"@type\":\"ListItem\",\"position\":1,\"name\":\"Home\",\"item\":\"https:\/\/multi-gyn.com\/sk\/\"},{\"@type\":\"ListItem\",\"position\":2,\"name\":\"Po\u0161vov\u00e9 zdravie\",\"item\":\"https:\/\/multi-gyn.com\/sk\/posvove-zdravie\/\"},{\"@type\":\"ListItem\",\"position\":3,\"name\":\"Prevencia\",\"item\":\"https:\/\/multi-gyn.com\/sk\/posvove-zdravie\/prevencia\/\"},{\"@type\":\"ListItem\",\"position\":4,\"name\":\"Ako predch\u00e1dza\u0165 bakteri\u00e1lnej vagin\u00f3ze\"}]},{\"@type\":\"WebSite\",\"@id\":\"https:\/\/multi-gyn.com\/sk\/#website\",\"url\":\"https:\/\/multi-gyn.com\/sk\/\",\"name\":\"Multi-Gyn\",\"description\":\"\",\"publisher\":{\"@id\":\"https:\/\/multi-gyn.com\/sk\/#organization\"},\"potentialAction\":[{\"@type\":\"SearchAction\",\"target\":{\"@type\":\"EntryPoint\",\"urlTemplate\":\"https:\/\/multi-gyn.com\/sk\/?s={search_term_string}\"},\"query-input\":{\"@type\":\"PropertyValueSpecification\",\"valueRequired\":true,\"valueName\":\"search_term_string\"}}],\"inLanguage\":\"sk-SK\"},{\"@type\":\"Organization\",\"@id\":\"https:\/\/multi-gyn.com\/sk\/#organization\",\"name\":\"Multi-Gyn\",\"url\":\"https:\/\/multi-gyn.com\/sk\/\",\"logo\":{\"@type\":\"ImageObject\",\"inLanguage\":\"sk-SK\",\"@id\":\"https:\/\/multi-gyn.com\/sk\/#\/schema\/logo\/image\/\",\"url\":\"https:\/\/multi-gyn.com\/app\/uploads\/sites\/48\/2023\/06\/multi-gyn-logo.png\",\"contentUrl\":\"https:\/\/multi-gyn.com\/app\/uploads\/sites\/48\/2023\/06\/multi-gyn-logo.png\",\"width\":149,\"height\":32,\"caption\":\"Multi-Gyn\"},\"image\":{\"@id\":\"https:\/\/multi-gyn.com\/sk\/#\/schema\/logo\/image\/\"}}]}<\/script>\n<!-- \/ Yoast SEO plugin. -->","yoast_head_json":{"title":"Ako predch\u00e1dza\u0165 bakteri\u00e1lnej vagin\u00f3ze - Multi-Gyn","description":"Bakteri\u00e1lna vagin\u00f3za je nerovnov\u00e1hou po\u0161vovej fl\u00f3ry a je jednou z najroz\u0161\u00edrenej\u0161\u00edch po\u0161vov\u00fdch infekci\u00ed.","robots":{"index":"index","follow":"follow","max-snippet":"max-snippet:-1","max-image-preview":"max-image-preview:large","max-video-preview":"max-video-preview:-1"},"canonical":"https:\/\/multi-gyn.com\/sk\/posvove-zdravie\/prevencia\/ako-predchadzat-bakterialnej-vaginoze\/","og_locale":"sk_SK","og_type":"article","og_title":"Ako predch\u00e1dza\u0165 bakteri\u00e1lnej vagin\u00f3ze - Multi-Gyn","og_description":"Bakteri\u00e1lna vagin\u00f3za je nerovnov\u00e1hou po\u0161vovej fl\u00f3ry a je jednou z najroz\u0161\u00edrenej\u0161\u00edch po\u0161vov\u00fdch infekci\u00ed.","og_url":"https:\/\/multi-gyn.com\/sk\/posvove-zdravie\/prevencia\/ako-predchadzat-bakterialnej-vaginoze\/","og_site_name":"Multi-Gyn","article_modified_time":"2023-09-20T09:48:34+00:00","twitter_card":"summary_large_image","twitter_misc":{"Predpokladan\u00fd \u010das \u010d\u00edtania":"3 min\u00faty"},"schema":{"@context":"https:\/\/schema.org","@graph":[{"@type":"WebPage","@id":"https:\/\/multi-gyn.com\/sk\/posvove-zdravie\/prevencia\/ako-predchadzat-bakterialnej-vaginoze\/","url":"https:\/\/multi-gyn.com\/sk\/posvove-zdravie\/prevencia\/ako-predchadzat-bakterialnej-vaginoze\/","name":"Ako predch\u00e1dza\u0165 bakteri\u00e1lnej vagin\u00f3ze - Multi-Gyn","isPartOf":{"@id":"https:\/\/multi-gyn.com\/sk\/#website"},"datePublished":"2023-06-02T11:43:02+00:00","dateModified":"2023-09-20T09:48:34+00:00","description":"Bakteri\u00e1lna vagin\u00f3za je nerovnov\u00e1hou po\u0161vovej fl\u00f3ry a je jednou z najroz\u0161\u00edrenej\u0161\u00edch po\u0161vov\u00fdch infekci\u00ed.","breadcrumb":{"@id":"https:\/\/multi-gyn.com\/sk\/posvove-zdravie\/prevencia\/ako-predchadzat-bakterialnej-vaginoze\/#breadcrumb"},"inLanguage":"sk-SK","potentialAction":[{"@type":"ReadAction","target":["https:\/\/multi-gyn.com\/sk\/posvove-zdravie\/prevencia\/ako-predchadzat-bakterialnej-vaginoze\/"]}]},{"@type":"BreadcrumbList","@id":"https:\/\/multi-gyn.com\/sk\/posvove-zdravie\/prevencia\/ako-predchadzat-bakterialnej-vaginoze\/#breadcrumb","itemListElement":[{"@type":"ListItem","position":1,"name":"Home","item":"https:\/\/multi-gyn.com\/sk\/"},{"@type":"ListItem","position":2,"name":"Po\u0161vov\u00e9 zdravie","item":"https:\/\/multi-gyn.com\/sk\/posvove-zdravie\/"},{"@type":"ListItem","position":3,"name":"Prevencia","item":"https:\/\/multi-gyn.com\/sk\/posvove-zdravie\/prevencia\/"},{"@type":"ListItem","position":4,"name":"Ako predch\u00e1dza\u0165 bakteri\u00e1lnej vagin\u00f3ze"}]},{"@type":"WebSite","@id":"https:\/\/multi-gyn.com\/sk\/#website","url":"https:\/\/multi-gyn.com\/sk\/","name":"Multi-Gyn","description":"","publisher":{"@id":"https:\/\/multi-gyn.com\/sk\/#organization"},"potentialAction":[{"@type":"SearchAction","target":{"@type":"EntryPoint","urlTemplate":"https:\/\/multi-gyn.com\/sk\/?s={search_term_string}"},"query-input":{"@type":"PropertyValueSpecification","valueRequired":true,"valueName":"search_term_string"}}],"inLanguage":"sk-SK"},{"@type":"Organization","@id":"https:\/\/multi-gyn.com\/sk\/#organization","name":"Multi-Gyn","url":"https:\/\/multi-gyn.com\/sk\/","logo":{"@type":"ImageObject","inLanguage":"sk-SK","@id":"https:\/\/multi-gyn.com\/sk\/#\/schema\/logo\/image\/","url":"https:\/\/multi-gyn.com\/app\/uploads\/sites\/48\/2023\/06\/multi-gyn-logo.png","contentUrl":"https:\/\/multi-gyn.com\/app\/uploads\/sites\/48\/2023\/06\/multi-gyn-logo.png","width":149,"height":32,"caption":"Multi-Gyn"},"image":{"@id":"https:\/\/multi-gyn.com\/sk\/#\/schema\/logo\/image\/"}}]}},"_links":{"self":[{"href":"https:\/\/multi-gyn.com\/sk\/wp-json\/wp\/v2\/pages\/108","targetHints":{"allow":["GET"]}}],"collection":[{"href":"https:\/\/multi-gyn.com\/sk\/wp-json\/wp\/v2\/pages"}],"about":[{"href":"https:\/\/multi-gyn.com\/sk\/wp-json\/wp\/v2\/types\/page"}],"author":[{"embeddable":true,"href":"https:\/\/multi-gyn.com\/sk\/wp-json\/wp\/v2\/users\/2"}],"replies":[{"embeddable":true,"href":"https:\/\/multi-gyn.com\/sk\/wp-json\/wp\/v2\/comments?post=108"}],"version-history":[{"count":4,"href":"https:\/\/multi-gyn.com\/sk\/wp-json\/wp\/v2\/pages\/108\/revisions"}],"predecessor-version":[{"id":560,"href":"https:\/\/multi-gyn.com\/sk\/wp-json\/wp\/v2\/pages\/108\/revisions\/560"}],"up":[{"embeddable":true,"href":"https:\/\/multi-gyn.com\/sk\/wp-json\/wp\/v2\/pages\/57"}],"wp:attachment":[{"href":"https:\/\/multi-gyn.com\/sk\/wp-json\/wp\/v2\/media?parent=108"}],"wp:term":[{"taxonomy":"from-article-database","embeddable":true,"href":"https:\/\/multi-gyn.com\/sk\/wp-json\/wp\/v2\/from-article-database?post=108"}],"curies":[{"name":"wp","href":"https:\/\/api.w.org\/{rel}","templated":true}]}}