{"id":111,"date":"2023-06-02T13:44:07","date_gmt":"2023-06-02T11:44:07","guid":{"rendered":"https:\/\/multi-gyn.com\/sk\/?page_id=111"},"modified":"2023-09-20T11:48:33","modified_gmt":"2023-09-20T09:48:33","slug":"ako-liecit-bakterialnu-vaginozu","status":"publish","type":"page","link":"https:\/\/multi-gyn.com\/sk\/posvove-zdravie\/problemy\/ako-liecit-bakterialnu-vaginozu\/","title":{"rendered":"Ako lie\u010di\u0165 bakteri\u00e1lnu vagin\u00f3zu"},"content":{"rendered":"\n<div class=\"wp-block-karopharma-free-text pt-large pb-large bg-center bg-cover bg-no-repeat  is-style-primary\" style=\"background-image:url()\"><div class=\"free-text-wrapper container max-w-medium text-left\">\n<h1 class=\"is-style-heading-large wp-block-heading\">Ako lie\u010di\u0165 bakteri\u00e1lnu vagin\u00f3zu<\/h1>\n\n\n\n<p class=\"is-style-paragraph-preamble\">Bakteri\u00e1lna vagin\u00f3za (BV) je jednou z pr\u00ed\u010din po\u0161vov\u00e9ho v\u00fdtoku a z\u00e1pachu, ktor\u00e9 n\u00fatia \u017eeny vyh\u013eada\u0165 lek\u00e1rsku pomoc. K jej vzniku doch\u00e1dza kv\u00f4li nerovnov\u00e1he po\u0161vovej fl\u00f3ry, ktor\u00e1 m\u00e1 za n\u00e1sledok premno\u017eenie \u201ezl\u00fdch\u201c bakt\u00e9ri\u00ed. Okrem nepr\u00edjemn\u00fdch pr\u00edznakov m\u00f4\u017ee BV, v pr\u00edpade, \u017ee nie je lie\u010den\u00e1, zvy\u0161ova\u0165 aj riziko nakazenia sa STD (pohlavne prenosn\u00fdmi ochoreniami) ako HIV \u010di herpes. Po\u010das tehotenstva zvy\u0161uje riziko potratu \u010di pred\u010dasn\u00e9ho p\u00f4rodu. Navy\u0161e \u017eeny trpiace BV s\u00fa n\u00e1chylnej\u0161ie na infekcie po z\u00e1krokoch v oblasti panvy, ako s\u00fa cis\u00e1rsky rez alebo odstr\u00e1nenie maternice (hysterekt\u00f3mia). To je len nieko\u013eko d\u00f4vodov, pre\u010do je d\u00f4le\u017eit\u00e9 spr\u00e1vne a v\u010das lie\u010di\u0165 bakteri\u00e1lnu vagin\u00f3zu sk\u00f4r, ako sa objavia v\u00e1\u017enej\u0161ie komplik\u00e1cie.<\/p>\n<\/div><\/div>\n\n\n\n<div class=\"wp-block-karopharma-free-text pt-large pb-large bg-center bg-cover bg-no-repeat\" style=\"background-image:url()\"><div class=\"free-text-wrapper container max-w-medium text-left\">\n<h2 class=\"is-style-heading-h2 wp-block-heading\">Ako je BV diagnostikovan\u00e1<\/h2>\n\n\n\n<p>Ak si v\u0161imnete zmeny vo v\u00fdtoku, z\u00e1pach po ryb\u00e1ch, svrbenie, p\u00e1lenie \u010di in\u00e9 po\u0161vov\u00e9 nepr\u00edjemnosti, v pr\u00edpade ich pretrv\u00e1vania by ste mali nav\u0161t\u00edvi\u0165 gynekol\u00f3ga. Nehanbite sa \u2013 \u010d\u00edm viac inform\u00e1ci\u00ed svojmu gynekol\u00f3govi poskytnete, t\u00fdm jednoduch\u0161ie bude pre neho spr\u00e1vne stanovenie diagn\u00f3zy.<\/p>\n\n\n\n<p>Gynekol\u00f3g pri vy\u0161etren\u00ed vizu\u00e1lne presk\u00fama po\u0161vu a kr\u010dok maternice. Mo\u017eno V\u00e1m zoberie aj ster zo sliznice steny po\u0161vy na mikroskopick\u00e9 vy\u0161etrenie pr\u00edznakov mo\u017enej infekcie. Tento postup nie je bolestiv\u00fd, no m\u00f4\u017ee by\u0165 mierne nepr\u00edjemn\u00fd, preto sa pok\u00faste zhlboka d\u00fdcha\u0165 a \u010do najviac sa uvo\u013eni\u0165.<\/p>\n\n\n\n<p>\u010eal\u0161\u00ed test, ktor\u00fd V\u00e1m lek\u00e1r m\u00f4\u017ee spravi\u0165 sa naz\u00fdva \u201eam\u00ednov\u00fd test\u201c \u2013 kvapka hydroxidu draseln\u00e9ho sa zmie\u0161a so vzorkou v\u00fdtoku. V pr\u00edpade pr\u00edtomnosti bakteri\u00e1lnej infekcie doch\u00e1dza k uvo\u013eneniu rybacieho z\u00e1pachu a potvrdeniu diagn\u00f3zy. \u010eal\u0161\u00edm znakom potvrdzuj\u00facim diagn\u00f3zu je pH hodnota po\u0161vy, ktor\u00e1 je vy\u0161\u0161ia ako 4,5.<\/p>\n\n\n\n<p class=\"is-style-paragraph-preamble has-primary-color has-text-color\"><em>\u201eAntibiotik\u00e1 s\u00fa najbe\u017enej\u0161ou lie\u010dbou, no m\u00f4\u017eu naru\u0161i\u0165 prospe\u0161n\u00fa po\u0161vov\u00fa fl\u00f3ru a sp\u00f4sobova\u0165 opakovan\u00e9 probl\u00e9my.\u201c<\/em><\/p>\n\n\n\n<h2 class=\"is-style-heading-h2 wp-block-heading\">Lie\u010dba bakteri\u00e1lnej vagin\u00f3zy<\/h2>\n\n\n\n<p>Okolo 30 % infekci\u00ed sa vylie\u010di samo v\u010faka obranyschopnosti n\u00e1\u0161ho tela. Ak v\u0161ak probl\u00e9my spom\u00ednan\u00e9 vy\u0161\u0161ie neust\u00fapia do nieko\u013ek\u00fdch dn\u00ed, je potrebn\u00e1 vhodn\u00e1 lie\u010dba, a to obzvl\u00e1\u0161\u0165 po\u010das tehotenstva. I ke\u010f existuj\u00fa aj neantibiotick\u00e9 sp\u00f4soby lie\u010dby, V\u00e1\u0161 lek\u00e1r V\u00e1m s najv\u00e4\u010d\u0161ou pravdepodobnos\u0165ou na lie\u010dbu BV predp\u00ed\u0161e antibiotik\u00e1.<\/p>\n\n\n\n<p>Medzi najbe\u017enej\u0161ie antibiotik\u00e1 patria:<\/p>\n\n\n\n<p>Metronidazol* tablety alebo po\u0161vov\u00fd g\u00e9l<br>Clindamycin** tablety, po\u0161vov\u00fd kr\u00e9m alebo \u010d\u00edpky<br>Tinidazol* tablety<\/p>\n\n\n\n<p><sup>*Aby ste predi\u0161li nevo\u013enosti a bolestiam v oblasti brucha, je nutn\u00e9 po\u010das lie\u010dby antibiotikami, a aj 24 hod\u00edn po u\u017eit\u00ed poslednej tabletky, vyhn\u00fa\u0165 sa pitiu alkoholu.<\/sup><br><sup>**Clindamycin kr\u00e9m a po\u0161vov\u00e9 \u010d\u00edpky m\u00f4\u017eu oslabi\u0165 latexov\u00e9 prezervat\u00edvy a po\u0161vov\u00e9 antikoncep\u010dn\u00e9 diafragmy a\u017e do 5 dn\u00ed po pou\u017eit\u00ed.<br><\/sup><\/p>\n\n\n\n<p>Okrem spom\u00ednan\u00fdch ved\u013eaj\u0161\u00edch \u00fa\u010dinkov m\u00f4\u017eu antibiotik\u00e1 naru\u0161i\u0165 u\u017eito\u010dn\u00fa po\u0161vov\u00fa fl\u00f3ru, \u010do \u010dasto vedie ku kvasinkov\u00fdm infekci\u00e1m alebo n\u00e1vratu BV. Podporte svoju u\u017eito\u010dn\u00fa po\u0161vov\u00fa fl\u00f3ru (laktobacily) po\u010das alebo po ukon\u010den\u00ed antibiotickej lie\u010dby pou\u017e\u00edvan\u00edm prebiot\u00edk, ktor\u00e9 stimuluj\u00fa rast dobr\u00fdch bakt\u00e9ri\u00ed a udr\u017euj\u00fa po\u0161vu zdrav\u00fa a v rovnov\u00e1he.<\/p>\n\n\n\n<p>Alternat\u00edvou k antibiotik\u00e1m je pou\u017e\u00edvanie pr\u00edrodn\u00fdch pr\u00edpravkov, ktor\u00e9 obnovuj\u00fa pH po\u0161vy, maj\u00fa minim\u00e1lne a\u017e \u017eiadne ved\u013eaj\u0161ie \u00fa\u010dinky a umo\u017e\u0148uj\u00fa prospe\u0161n\u00fdm bakt\u00e9ri\u00e1m prinavraca\u0165 rovnov\u00e1hu fl\u00f3re po\u0161vov\u00e9ho prostredia.<\/p>\n<\/div><\/div>\n","protected":false},"excerpt":{"rendered":"","protected":false},"author":2,"featured_media":0,"parent":59,"menu_order":1,"comment_status":"closed","ping_status":"closed","template":"","meta":{"_acf_changed":false,"footnotes":""},"from-article-database":[],"class_list":["post-111","page","type-page","status-publish","hentry"],"acf":[],"yoast_head":"<!-- This site is optimized with the Yoast SEO plugin v26.6 - https:\/\/yoast.com\/wordpress\/plugins\/seo\/ -->\n<title>Ako lie\u010di\u0165 bakteri\u00e1lnu vagin\u00f3zu - Multi-Gyn<\/title>\n<meta name=\"description\" content=\"Bakteri\u00e1lna vagin\u00f3za (BV) je jednou z pr\u00ed\u010din po\u0161vov\u00e9ho v\u00fdtoku a z\u00e1pachu, ktor\u00e9 n\u00fatia \u017eeny vyh\u013eada\u0165 lek\u00e1rsku pomoc.\" \/>\n<meta name=\"robots\" content=\"index, follow, max-snippet:-1, max-image-preview:large, max-video-preview:-1\" \/>\n<link rel=\"canonical\" href=\"https:\/\/multi-gyn.com\/sk\/posvove-zdravie\/problemy\/ako-liecit-bakterialnu-vaginozu\/\" \/>\n<meta property=\"og:locale\" content=\"sk_SK\" \/>\n<meta property=\"og:type\" content=\"article\" \/>\n<meta property=\"og:title\" content=\"Ako lie\u010di\u0165 bakteri\u00e1lnu vagin\u00f3zu - Multi-Gyn\" \/>\n<meta property=\"og:description\" content=\"Bakteri\u00e1lna vagin\u00f3za (BV) je jednou z pr\u00ed\u010din po\u0161vov\u00e9ho v\u00fdtoku a z\u00e1pachu, ktor\u00e9 n\u00fatia \u017eeny vyh\u013eada\u0165 lek\u00e1rsku pomoc.\" \/>\n<meta property=\"og:url\" content=\"https:\/\/multi-gyn.com\/sk\/posvove-zdravie\/problemy\/ako-liecit-bakterialnu-vaginozu\/\" \/>\n<meta property=\"og:site_name\" content=\"Multi-Gyn\" \/>\n<meta property=\"article:modified_time\" content=\"2023-09-20T09:48:33+00:00\" \/>\n<meta name=\"twitter:card\" content=\"summary_large_image\" \/>\n<meta name=\"twitter:label1\" content=\"Predpokladan\u00fd \u010das \u010d\u00edtania\" \/>\n\t<meta name=\"twitter:data1\" content=\"3 min\u00faty\" \/>\n<script type=\"application\/ld+json\" class=\"yoast-schema-graph\">{\"@context\":\"https:\/\/schema.org\",\"@graph\":[{\"@type\":\"WebPage\",\"@id\":\"https:\/\/multi-gyn.com\/sk\/posvove-zdravie\/problemy\/ako-liecit-bakterialnu-vaginozu\/\",\"url\":\"https:\/\/multi-gyn.com\/sk\/posvove-zdravie\/problemy\/ako-liecit-bakterialnu-vaginozu\/\",\"name\":\"Ako lie\u010di\u0165 bakteri\u00e1lnu vagin\u00f3zu - Multi-Gyn\",\"isPartOf\":{\"@id\":\"https:\/\/multi-gyn.com\/sk\/#website\"},\"datePublished\":\"2023-06-02T11:44:07+00:00\",\"dateModified\":\"2023-09-20T09:48:33+00:00\",\"description\":\"Bakteri\u00e1lna vagin\u00f3za (BV) je jednou z pr\u00ed\u010din po\u0161vov\u00e9ho v\u00fdtoku a z\u00e1pachu, ktor\u00e9 n\u00fatia \u017eeny vyh\u013eada\u0165 lek\u00e1rsku pomoc.\",\"breadcrumb\":{\"@id\":\"https:\/\/multi-gyn.com\/sk\/posvove-zdravie\/problemy\/ako-liecit-bakterialnu-vaginozu\/#breadcrumb\"},\"inLanguage\":\"sk-SK\",\"potentialAction\":[{\"@type\":\"ReadAction\",\"target\":[\"https:\/\/multi-gyn.com\/sk\/posvove-zdravie\/problemy\/ako-liecit-bakterialnu-vaginozu\/\"]}]},{\"@type\":\"BreadcrumbList\",\"@id\":\"https:\/\/multi-gyn.com\/sk\/posvove-zdravie\/problemy\/ako-liecit-bakterialnu-vaginozu\/#breadcrumb\",\"itemListElement\":[{\"@type\":\"ListItem\",\"position\":1,\"name\":\"Home\",\"item\":\"https:\/\/multi-gyn.com\/sk\/\"},{\"@type\":\"ListItem\",\"position\":2,\"name\":\"Po\u0161vov\u00e9 zdravie\",\"item\":\"https:\/\/multi-gyn.com\/sk\/posvove-zdravie\/\"},{\"@type\":\"ListItem\",\"position\":3,\"name\":\"Probl\u00e9my\",\"item\":\"https:\/\/multi-gyn.com\/sk\/posvove-zdravie\/problemy\/\"},{\"@type\":\"ListItem\",\"position\":4,\"name\":\"Ako lie\u010di\u0165 bakteri\u00e1lnu vagin\u00f3zu\"}]},{\"@type\":\"WebSite\",\"@id\":\"https:\/\/multi-gyn.com\/sk\/#website\",\"url\":\"https:\/\/multi-gyn.com\/sk\/\",\"name\":\"Multi-Gyn\",\"description\":\"\",\"publisher\":{\"@id\":\"https:\/\/multi-gyn.com\/sk\/#organization\"},\"potentialAction\":[{\"@type\":\"SearchAction\",\"target\":{\"@type\":\"EntryPoint\",\"urlTemplate\":\"https:\/\/multi-gyn.com\/sk\/?s={search_term_string}\"},\"query-input\":{\"@type\":\"PropertyValueSpecification\",\"valueRequired\":true,\"valueName\":\"search_term_string\"}}],\"inLanguage\":\"sk-SK\"},{\"@type\":\"Organization\",\"@id\":\"https:\/\/multi-gyn.com\/sk\/#organization\",\"name\":\"Multi-Gyn\",\"url\":\"https:\/\/multi-gyn.com\/sk\/\",\"logo\":{\"@type\":\"ImageObject\",\"inLanguage\":\"sk-SK\",\"@id\":\"https:\/\/multi-gyn.com\/sk\/#\/schema\/logo\/image\/\",\"url\":\"https:\/\/multi-gyn.com\/app\/uploads\/sites\/48\/2023\/06\/multi-gyn-logo.png\",\"contentUrl\":\"https:\/\/multi-gyn.com\/app\/uploads\/sites\/48\/2023\/06\/multi-gyn-logo.png\",\"width\":149,\"height\":32,\"caption\":\"Multi-Gyn\"},\"image\":{\"@id\":\"https:\/\/multi-gyn.com\/sk\/#\/schema\/logo\/image\/\"}}]}<\/script>\n<!-- \/ Yoast SEO plugin. -->","yoast_head_json":{"title":"Ako lie\u010di\u0165 bakteri\u00e1lnu vagin\u00f3zu - Multi-Gyn","description":"Bakteri\u00e1lna vagin\u00f3za (BV) je jednou z pr\u00ed\u010din po\u0161vov\u00e9ho v\u00fdtoku a z\u00e1pachu, ktor\u00e9 n\u00fatia \u017eeny vyh\u013eada\u0165 lek\u00e1rsku pomoc.","robots":{"index":"index","follow":"follow","max-snippet":"max-snippet:-1","max-image-preview":"max-image-preview:large","max-video-preview":"max-video-preview:-1"},"canonical":"https:\/\/multi-gyn.com\/sk\/posvove-zdravie\/problemy\/ako-liecit-bakterialnu-vaginozu\/","og_locale":"sk_SK","og_type":"article","og_title":"Ako lie\u010di\u0165 bakteri\u00e1lnu vagin\u00f3zu - Multi-Gyn","og_description":"Bakteri\u00e1lna vagin\u00f3za (BV) je jednou z pr\u00ed\u010din po\u0161vov\u00e9ho v\u00fdtoku a z\u00e1pachu, ktor\u00e9 n\u00fatia \u017eeny vyh\u013eada\u0165 lek\u00e1rsku pomoc.","og_url":"https:\/\/multi-gyn.com\/sk\/posvove-zdravie\/problemy\/ako-liecit-bakterialnu-vaginozu\/","og_site_name":"Multi-Gyn","article_modified_time":"2023-09-20T09:48:33+00:00","twitter_card":"summary_large_image","twitter_misc":{"Predpokladan\u00fd \u010das \u010d\u00edtania":"3 min\u00faty"},"schema":{"@context":"https:\/\/schema.org","@graph":[{"@type":"WebPage","@id":"https:\/\/multi-gyn.com\/sk\/posvove-zdravie\/problemy\/ako-liecit-bakterialnu-vaginozu\/","url":"https:\/\/multi-gyn.com\/sk\/posvove-zdravie\/problemy\/ako-liecit-bakterialnu-vaginozu\/","name":"Ako lie\u010di\u0165 bakteri\u00e1lnu vagin\u00f3zu - Multi-Gyn","isPartOf":{"@id":"https:\/\/multi-gyn.com\/sk\/#website"},"datePublished":"2023-06-02T11:44:07+00:00","dateModified":"2023-09-20T09:48:33+00:00","description":"Bakteri\u00e1lna vagin\u00f3za (BV) je jednou z pr\u00ed\u010din po\u0161vov\u00e9ho v\u00fdtoku a z\u00e1pachu, ktor\u00e9 n\u00fatia \u017eeny vyh\u013eada\u0165 lek\u00e1rsku pomoc.","breadcrumb":{"@id":"https:\/\/multi-gyn.com\/sk\/posvove-zdravie\/problemy\/ako-liecit-bakterialnu-vaginozu\/#breadcrumb"},"inLanguage":"sk-SK","potentialAction":[{"@type":"ReadAction","target":["https:\/\/multi-gyn.com\/sk\/posvove-zdravie\/problemy\/ako-liecit-bakterialnu-vaginozu\/"]}]},{"@type":"BreadcrumbList","@id":"https:\/\/multi-gyn.com\/sk\/posvove-zdravie\/problemy\/ako-liecit-bakterialnu-vaginozu\/#breadcrumb","itemListElement":[{"@type":"ListItem","position":1,"name":"Home","item":"https:\/\/multi-gyn.com\/sk\/"},{"@type":"ListItem","position":2,"name":"Po\u0161vov\u00e9 zdravie","item":"https:\/\/multi-gyn.com\/sk\/posvove-zdravie\/"},{"@type":"ListItem","position":3,"name":"Probl\u00e9my","item":"https:\/\/multi-gyn.com\/sk\/posvove-zdravie\/problemy\/"},{"@type":"ListItem","position":4,"name":"Ako lie\u010di\u0165 bakteri\u00e1lnu vagin\u00f3zu"}]},{"@type":"WebSite","@id":"https:\/\/multi-gyn.com\/sk\/#website","url":"https:\/\/multi-gyn.com\/sk\/","name":"Multi-Gyn","description":"","publisher":{"@id":"https:\/\/multi-gyn.com\/sk\/#organization"},"potentialAction":[{"@type":"SearchAction","target":{"@type":"EntryPoint","urlTemplate":"https:\/\/multi-gyn.com\/sk\/?s={search_term_string}"},"query-input":{"@type":"PropertyValueSpecification","valueRequired":true,"valueName":"search_term_string"}}],"inLanguage":"sk-SK"},{"@type":"Organization","@id":"https:\/\/multi-gyn.com\/sk\/#organization","name":"Multi-Gyn","url":"https:\/\/multi-gyn.com\/sk\/","logo":{"@type":"ImageObject","inLanguage":"sk-SK","@id":"https:\/\/multi-gyn.com\/sk\/#\/schema\/logo\/image\/","url":"https:\/\/multi-gyn.com\/app\/uploads\/sites\/48\/2023\/06\/multi-gyn-logo.png","contentUrl":"https:\/\/multi-gyn.com\/app\/uploads\/sites\/48\/2023\/06\/multi-gyn-logo.png","width":149,"height":32,"caption":"Multi-Gyn"},"image":{"@id":"https:\/\/multi-gyn.com\/sk\/#\/schema\/logo\/image\/"}}]}},"_links":{"self":[{"href":"https:\/\/multi-gyn.com\/sk\/wp-json\/wp\/v2\/pages\/111","targetHints":{"allow":["GET"]}}],"collection":[{"href":"https:\/\/multi-gyn.com\/sk\/wp-json\/wp\/v2\/pages"}],"about":[{"href":"https:\/\/multi-gyn.com\/sk\/wp-json\/wp\/v2\/types\/page"}],"author":[{"embeddable":true,"href":"https:\/\/multi-gyn.com\/sk\/wp-json\/wp\/v2\/users\/2"}],"replies":[{"embeddable":true,"href":"https:\/\/multi-gyn.com\/sk\/wp-json\/wp\/v2\/comments?post=111"}],"version-history":[{"count":3,"href":"https:\/\/multi-gyn.com\/sk\/wp-json\/wp\/v2\/pages\/111\/revisions"}],"predecessor-version":[{"id":562,"href":"https:\/\/multi-gyn.com\/sk\/wp-json\/wp\/v2\/pages\/111\/revisions\/562"}],"up":[{"embeddable":true,"href":"https:\/\/multi-gyn.com\/sk\/wp-json\/wp\/v2\/pages\/59"}],"wp:attachment":[{"href":"https:\/\/multi-gyn.com\/sk\/wp-json\/wp\/v2\/media?parent=111"}],"wp:term":[{"taxonomy":"from-article-database","embeddable":true,"href":"https:\/\/multi-gyn.com\/sk\/wp-json\/wp\/v2\/from-article-database?post=111"}],"curies":[{"name":"wp","href":"https:\/\/api.w.org\/{rel}","templated":true}]}}