{"id":113,"date":"2023-06-02T13:44:49","date_gmt":"2023-06-02T11:44:49","guid":{"rendered":"https:\/\/multi-gyn.com\/sk\/?page_id=113"},"modified":"2023-09-20T11:48:31","modified_gmt":"2023-09-20T09:48:31","slug":"posvove-zacervenanie","status":"publish","type":"page","link":"https:\/\/multi-gyn.com\/sk\/posvove-zdravie\/problemy\/posvove-zacervenanie\/","title":{"rendered":"Po\u0161vov\u00e9 za\u010dervenanie"},"content":{"rendered":"\n<div class=\"wp-block-karopharma-free-text pt-large pb-large bg-center bg-cover bg-no-repeat  is-style-primary\" style=\"background-image:url()\"><div class=\"free-text-wrapper container max-w-medium text-left\">\n<h1 class=\"is-style-heading-large wp-block-heading\">Po\u0161vov\u00e9 za\u010dervenanie<\/h1>\n\n\n\n<p class=\"is-style-paragraph-preamble\">Ak m\u00e1te probl\u00e9my s po\u0161vov\u00fdm svrben\u00edm, podr\u00e1\u017eden\u00edm a boles\u0165ou, potom ste si pravdepodobne v\u0161imli, \u017ee Va\u0161a vulva je \u010derven\u00e1 a niekedy opuchnut\u00e1. To je be\u017ene zn\u00e1me ako po\u0161vov\u00e9 za\u010dervenanie. Medic\u00ednsky n\u00e1zvov pre po\u0161vov\u00e9 za\u010dervenanie je vulvovaginit\u00edda \u2013 z\u00e1pal tkaniva vulvy a po\u0161vy. Okrem za\u010dervenania m\u00f4\u017ee ma\u0165 vulvovaginit\u00edda nieko\u013eko \u010fal\u0161\u00edch pr\u00edznakov, ako neobvykl\u00fd v\u00fdtok, nepr\u00edjemn\u00fd z\u00e1pach, svrbenie, podr\u00e1\u017edenie, pocit p\u00e1lenia po\u010das alebo po pohlavnom styku \u010di po\u010das mo\u010denia.<\/p>\n<\/div><\/div>\n\n\n\n<div class=\"wp-block-karopharma-free-text pt-large pb-large bg-center bg-cover bg-no-repeat\" style=\"background-image:url()\"><div class=\"free-text-wrapper container max-w-medium text-left\">\n<h2 class=\"is-style-heading-h2 wp-block-heading\">\u010co sp\u00f4sobuje po\u0161vov\u00e9 za\u010dervenanie?<\/h2>\n\n\n\n<p>Z\u00e1pal tkaniva, ktor\u00fd sa prejavuje ako za\u010dervenanie, m\u00f4\u017ee by\u0165 sp\u00f4soben\u00fd r\u00f4znymi faktormi. Medzi naj\u010dastej\u0161ie patr\u00ed po\u0161vov\u00e1 kvasinkov\u00e1 infekcia alebo bakteri\u00e1lna vagin\u00f3za. Tieto probl\u00e9my nie s\u00fa prenosn\u00e9 medzi partnermi, \u010di\u017ee nie je d\u00f4vod obmedzova\u0165 pohlavn\u00fd styk, aj ke\u010f sexu\u00e1lna aktivita m\u00f4\u017ee by\u0165 pri v\u00fdskyte po\u0161vov\u00e9ho za\u010dervenania nepr\u00edjemn\u00e1. Ak je pr\u00ed\u010dinou infekcie STD (sexu\u00e1lne prenosn\u00e9 ochorenie), zvy\u010dajne musia by\u0165 lie\u010den\u00ed obaja partneri.<\/p>\n\n\n\n<p>Pr\u00ed\u010dinou po\u0161vov\u00e9ho za\u010dervenania nemus\u00ed by\u0165 len infekcia. Citliv\u00e9 tkanivo vulvy a po\u0161vy sa m\u00f4\u017ee ve\u013emi \u013eahko podr\u00e1\u017edi\u0165 alebo alergicky reagova\u0165 na nejak\u00fa l\u00e1tku z prostredia, napr\u00edklad na parfumy, mydl\u00e1 alebo konzerva\u010dn\u00e9 l\u00e1tky. V skuto\u010dnosti pr\u00edpravky, ako parfumovan\u00e9 vlo\u017eky \u010di toaletn\u00fd papier, siln\u00e9 \u010distiace prostriedky alebo \u0161amp\u00f3ny, \u010dasto obsahuj\u00fa pr\u00edsady, ktor\u00e9 sp\u00f4sobuj\u00fa alergie alebo podr\u00e1\u017edenie. \u010eal\u0161\u00edm be\u017en\u00fdm d\u00f4vodom za\u010dervenania je fyzick\u00e9 podr\u00e1\u017edenie, ktor\u00e9 m\u00f4\u017ee vznikn\u00fa\u0165 pri \u0161portovan\u00ed, v teple, alebo pri nosen\u00ed syntetickej spodnej bielizne.<\/p>\n\n\n\n<h2 class=\"is-style-heading-h2 wp-block-heading\">Ako lie\u010di\u0165 po\u0161vov\u00e9 za\u010dervenanie<\/h2>\n\n\n\n<p>Prv\u00fdm krokom v lie\u010dbe vulvovaginit\u00eddy je zbavi\u0165 sa pr\u00ed\u010diny z\u00e1palu. Konzultujte svoje probl\u00e9my s gynekol\u00f3gom, aby ste t\u00fato pr\u00ed\u010dinu na\u0161li. Ak je z\u00e1pal sp\u00f4soben\u00fd infekciou, v\u00e4\u010d\u0161inou je predp\u00edsan\u00e1 antibiotick\u00e1 alebo antimykotick\u00e1 lie\u010dba. Pou\u017e\u00edvanie po\u0161vov\u00fdch prebiot\u00edk s\u00fa\u010dasne alebo po lie\u010dbe antibiotikami m\u00f4\u017ee pom\u00f4c\u0165 obnovi\u0165 rovnov\u00e1hu po\u0161vovej fl\u00f3ry a minimalizova\u0165 \u0161ance na opakovan\u00fd vznik infekcie. Ak je v\u0161ak za\u010dervenanie sp\u00f4soben\u00e9 alergickou reakciou \u010di fyzick\u00fdm podr\u00e1\u017eden\u00edm, nie je v\u017edy jednoduch\u00e9 identifikova\u0165 a zbavi\u0165 sa pr\u00ed\u010diny. I ke\u010f je najlep\u0161ie zbavi\u0165 sa pr\u00ed\u010diny probl\u00e9mu, r\u00fdchla \u00fa\u013eava od pr\u00edznakov v\u017edy pom\u00f4\u017ee. Vyh\u013eadajte pr\u00edpravky na upokojenie svrbenia alebo spreje a g\u00e9ly s chladiv\u00fdm efektom, ktor\u00e9 je mo\u017en\u00e9 k\u00fapi\u0165 bez receptu. Uistite sa, \u017ee tieto pr\u00edpravky s\u00fa ur\u010den\u00e9 na int\u00edmnu oblas\u0165 a \u017ee neobsahuj\u00fa \u017eiadne potenci\u00e1lne alerg\u00e9ny ani dr\u00e1\u017ediv\u00e9 l\u00e1tky.<\/p>\n\n\n\n<p class=\"is-style-paragraph-preamble has-primary-color has-text-color\"><em>\u201eZ\u00e1pal tkaniva, ktor\u00fd sa prejavuje ako za\u010dervenanie, m\u00f4\u017ee by\u0165 sp\u00f4soben\u00fd r\u00f4znymi faktormi. Naj\u010dastej\u0161\u00edm je infekcia, a to bu\u010f po\u0161vov\u00e1 kvasinkov\u00e1 infekcia, alebo bakteri\u00e1lna vagin\u00f3za.\u201c<\/em><\/p>\n<\/div><\/div>\n","protected":false},"excerpt":{"rendered":"","protected":false},"author":2,"featured_media":0,"parent":59,"menu_order":2,"comment_status":"closed","ping_status":"closed","template":"","meta":{"_acf_changed":false,"footnotes":""},"from-article-database":[],"class_list":["post-113","page","type-page","status-publish","hentry"],"acf":[],"yoast_head":"<!-- This site is optimized with the Yoast SEO plugin v26.6 - https:\/\/yoast.com\/wordpress\/plugins\/seo\/ -->\n<title>Po\u0161vov\u00e9 za\u010dervenanie - Multi-Gyn<\/title>\n<meta name=\"description\" content=\"Ak m\u00e1te probl\u00e9my s po\u0161vov\u00fdm svrben\u00edm, podr\u00e1\u017eden\u00edm a boles\u0165ou, potom ste si pravdepodobne v\u0161imli, \u017ee Va\u0161a vulva je \u010derven\u00e1 a niekedy opuchnut\u00e1.\" \/>\n<meta name=\"robots\" content=\"index, follow, max-snippet:-1, max-image-preview:large, max-video-preview:-1\" \/>\n<link rel=\"canonical\" href=\"https:\/\/multi-gyn.com\/sk\/posvove-zdravie\/problemy\/posvove-zacervenanie\/\" \/>\n<meta property=\"og:locale\" content=\"sk_SK\" \/>\n<meta property=\"og:type\" content=\"article\" \/>\n<meta property=\"og:title\" content=\"Po\u0161vov\u00e9 za\u010dervenanie - Multi-Gyn\" \/>\n<meta property=\"og:description\" content=\"Ak m\u00e1te probl\u00e9my s po\u0161vov\u00fdm svrben\u00edm, podr\u00e1\u017eden\u00edm a boles\u0165ou, potom ste si pravdepodobne v\u0161imli, \u017ee Va\u0161a vulva je \u010derven\u00e1 a niekedy opuchnut\u00e1.\" \/>\n<meta property=\"og:url\" content=\"https:\/\/multi-gyn.com\/sk\/posvove-zdravie\/problemy\/posvove-zacervenanie\/\" \/>\n<meta property=\"og:site_name\" content=\"Multi-Gyn\" \/>\n<meta property=\"article:modified_time\" content=\"2023-09-20T09:48:31+00:00\" \/>\n<meta name=\"twitter:card\" content=\"summary_large_image\" \/>\n<meta name=\"twitter:label1\" content=\"Predpokladan\u00fd \u010das \u010d\u00edtania\" \/>\n\t<meta name=\"twitter:data1\" content=\"2 min\u00faty\" \/>\n<script type=\"application\/ld+json\" class=\"yoast-schema-graph\">{\"@context\":\"https:\/\/schema.org\",\"@graph\":[{\"@type\":\"WebPage\",\"@id\":\"https:\/\/multi-gyn.com\/sk\/posvove-zdravie\/problemy\/posvove-zacervenanie\/\",\"url\":\"https:\/\/multi-gyn.com\/sk\/posvove-zdravie\/problemy\/posvove-zacervenanie\/\",\"name\":\"Po\u0161vov\u00e9 za\u010dervenanie - Multi-Gyn\",\"isPartOf\":{\"@id\":\"https:\/\/multi-gyn.com\/sk\/#website\"},\"datePublished\":\"2023-06-02T11:44:49+00:00\",\"dateModified\":\"2023-09-20T09:48:31+00:00\",\"description\":\"Ak m\u00e1te probl\u00e9my s po\u0161vov\u00fdm svrben\u00edm, podr\u00e1\u017eden\u00edm a boles\u0165ou, potom ste si pravdepodobne v\u0161imli, \u017ee Va\u0161a vulva je \u010derven\u00e1 a niekedy opuchnut\u00e1.\",\"breadcrumb\":{\"@id\":\"https:\/\/multi-gyn.com\/sk\/posvove-zdravie\/problemy\/posvove-zacervenanie\/#breadcrumb\"},\"inLanguage\":\"sk-SK\",\"potentialAction\":[{\"@type\":\"ReadAction\",\"target\":[\"https:\/\/multi-gyn.com\/sk\/posvove-zdravie\/problemy\/posvove-zacervenanie\/\"]}]},{\"@type\":\"BreadcrumbList\",\"@id\":\"https:\/\/multi-gyn.com\/sk\/posvove-zdravie\/problemy\/posvove-zacervenanie\/#breadcrumb\",\"itemListElement\":[{\"@type\":\"ListItem\",\"position\":1,\"name\":\"Home\",\"item\":\"https:\/\/multi-gyn.com\/sk\/\"},{\"@type\":\"ListItem\",\"position\":2,\"name\":\"Po\u0161vov\u00e9 zdravie\",\"item\":\"https:\/\/multi-gyn.com\/sk\/posvove-zdravie\/\"},{\"@type\":\"ListItem\",\"position\":3,\"name\":\"Probl\u00e9my\",\"item\":\"https:\/\/multi-gyn.com\/sk\/posvove-zdravie\/problemy\/\"},{\"@type\":\"ListItem\",\"position\":4,\"name\":\"Po\u0161vov\u00e9 za\u010dervenanie\"}]},{\"@type\":\"WebSite\",\"@id\":\"https:\/\/multi-gyn.com\/sk\/#website\",\"url\":\"https:\/\/multi-gyn.com\/sk\/\",\"name\":\"Multi-Gyn\",\"description\":\"\",\"publisher\":{\"@id\":\"https:\/\/multi-gyn.com\/sk\/#organization\"},\"potentialAction\":[{\"@type\":\"SearchAction\",\"target\":{\"@type\":\"EntryPoint\",\"urlTemplate\":\"https:\/\/multi-gyn.com\/sk\/?s={search_term_string}\"},\"query-input\":{\"@type\":\"PropertyValueSpecification\",\"valueRequired\":true,\"valueName\":\"search_term_string\"}}],\"inLanguage\":\"sk-SK\"},{\"@type\":\"Organization\",\"@id\":\"https:\/\/multi-gyn.com\/sk\/#organization\",\"name\":\"Multi-Gyn\",\"url\":\"https:\/\/multi-gyn.com\/sk\/\",\"logo\":{\"@type\":\"ImageObject\",\"inLanguage\":\"sk-SK\",\"@id\":\"https:\/\/multi-gyn.com\/sk\/#\/schema\/logo\/image\/\",\"url\":\"https:\/\/multi-gyn.com\/app\/uploads\/sites\/48\/2023\/06\/multi-gyn-logo.png\",\"contentUrl\":\"https:\/\/multi-gyn.com\/app\/uploads\/sites\/48\/2023\/06\/multi-gyn-logo.png\",\"width\":149,\"height\":32,\"caption\":\"Multi-Gyn\"},\"image\":{\"@id\":\"https:\/\/multi-gyn.com\/sk\/#\/schema\/logo\/image\/\"}}]}<\/script>\n<!-- \/ Yoast SEO plugin. -->","yoast_head_json":{"title":"Po\u0161vov\u00e9 za\u010dervenanie - Multi-Gyn","description":"Ak m\u00e1te probl\u00e9my s po\u0161vov\u00fdm svrben\u00edm, podr\u00e1\u017eden\u00edm a boles\u0165ou, potom ste si pravdepodobne v\u0161imli, \u017ee Va\u0161a vulva je \u010derven\u00e1 a niekedy opuchnut\u00e1.","robots":{"index":"index","follow":"follow","max-snippet":"max-snippet:-1","max-image-preview":"max-image-preview:large","max-video-preview":"max-video-preview:-1"},"canonical":"https:\/\/multi-gyn.com\/sk\/posvove-zdravie\/problemy\/posvove-zacervenanie\/","og_locale":"sk_SK","og_type":"article","og_title":"Po\u0161vov\u00e9 za\u010dervenanie - Multi-Gyn","og_description":"Ak m\u00e1te probl\u00e9my s po\u0161vov\u00fdm svrben\u00edm, podr\u00e1\u017eden\u00edm a boles\u0165ou, potom ste si pravdepodobne v\u0161imli, \u017ee Va\u0161a vulva je \u010derven\u00e1 a niekedy opuchnut\u00e1.","og_url":"https:\/\/multi-gyn.com\/sk\/posvove-zdravie\/problemy\/posvove-zacervenanie\/","og_site_name":"Multi-Gyn","article_modified_time":"2023-09-20T09:48:31+00:00","twitter_card":"summary_large_image","twitter_misc":{"Predpokladan\u00fd \u010das \u010d\u00edtania":"2 min\u00faty"},"schema":{"@context":"https:\/\/schema.org","@graph":[{"@type":"WebPage","@id":"https:\/\/multi-gyn.com\/sk\/posvove-zdravie\/problemy\/posvove-zacervenanie\/","url":"https:\/\/multi-gyn.com\/sk\/posvove-zdravie\/problemy\/posvove-zacervenanie\/","name":"Po\u0161vov\u00e9 za\u010dervenanie - Multi-Gyn","isPartOf":{"@id":"https:\/\/multi-gyn.com\/sk\/#website"},"datePublished":"2023-06-02T11:44:49+00:00","dateModified":"2023-09-20T09:48:31+00:00","description":"Ak m\u00e1te probl\u00e9my s po\u0161vov\u00fdm svrben\u00edm, podr\u00e1\u017eden\u00edm a boles\u0165ou, potom ste si pravdepodobne v\u0161imli, \u017ee Va\u0161a vulva je \u010derven\u00e1 a niekedy opuchnut\u00e1.","breadcrumb":{"@id":"https:\/\/multi-gyn.com\/sk\/posvove-zdravie\/problemy\/posvove-zacervenanie\/#breadcrumb"},"inLanguage":"sk-SK","potentialAction":[{"@type":"ReadAction","target":["https:\/\/multi-gyn.com\/sk\/posvove-zdravie\/problemy\/posvove-zacervenanie\/"]}]},{"@type":"BreadcrumbList","@id":"https:\/\/multi-gyn.com\/sk\/posvove-zdravie\/problemy\/posvove-zacervenanie\/#breadcrumb","itemListElement":[{"@type":"ListItem","position":1,"name":"Home","item":"https:\/\/multi-gyn.com\/sk\/"},{"@type":"ListItem","position":2,"name":"Po\u0161vov\u00e9 zdravie","item":"https:\/\/multi-gyn.com\/sk\/posvove-zdravie\/"},{"@type":"ListItem","position":3,"name":"Probl\u00e9my","item":"https:\/\/multi-gyn.com\/sk\/posvove-zdravie\/problemy\/"},{"@type":"ListItem","position":4,"name":"Po\u0161vov\u00e9 za\u010dervenanie"}]},{"@type":"WebSite","@id":"https:\/\/multi-gyn.com\/sk\/#website","url":"https:\/\/multi-gyn.com\/sk\/","name":"Multi-Gyn","description":"","publisher":{"@id":"https:\/\/multi-gyn.com\/sk\/#organization"},"potentialAction":[{"@type":"SearchAction","target":{"@type":"EntryPoint","urlTemplate":"https:\/\/multi-gyn.com\/sk\/?s={search_term_string}"},"query-input":{"@type":"PropertyValueSpecification","valueRequired":true,"valueName":"search_term_string"}}],"inLanguage":"sk-SK"},{"@type":"Organization","@id":"https:\/\/multi-gyn.com\/sk\/#organization","name":"Multi-Gyn","url":"https:\/\/multi-gyn.com\/sk\/","logo":{"@type":"ImageObject","inLanguage":"sk-SK","@id":"https:\/\/multi-gyn.com\/sk\/#\/schema\/logo\/image\/","url":"https:\/\/multi-gyn.com\/app\/uploads\/sites\/48\/2023\/06\/multi-gyn-logo.png","contentUrl":"https:\/\/multi-gyn.com\/app\/uploads\/sites\/48\/2023\/06\/multi-gyn-logo.png","width":149,"height":32,"caption":"Multi-Gyn"},"image":{"@id":"https:\/\/multi-gyn.com\/sk\/#\/schema\/logo\/image\/"}}]}},"_links":{"self":[{"href":"https:\/\/multi-gyn.com\/sk\/wp-json\/wp\/v2\/pages\/113","targetHints":{"allow":["GET"]}}],"collection":[{"href":"https:\/\/multi-gyn.com\/sk\/wp-json\/wp\/v2\/pages"}],"about":[{"href":"https:\/\/multi-gyn.com\/sk\/wp-json\/wp\/v2\/types\/page"}],"author":[{"embeddable":true,"href":"https:\/\/multi-gyn.com\/sk\/wp-json\/wp\/v2\/users\/2"}],"replies":[{"embeddable":true,"href":"https:\/\/multi-gyn.com\/sk\/wp-json\/wp\/v2\/comments?post=113"}],"version-history":[{"count":3,"href":"https:\/\/multi-gyn.com\/sk\/wp-json\/wp\/v2\/pages\/113\/revisions"}],"predecessor-version":[{"id":564,"href":"https:\/\/multi-gyn.com\/sk\/wp-json\/wp\/v2\/pages\/113\/revisions\/564"}],"up":[{"embeddable":true,"href":"https:\/\/multi-gyn.com\/sk\/wp-json\/wp\/v2\/pages\/59"}],"wp:attachment":[{"href":"https:\/\/multi-gyn.com\/sk\/wp-json\/wp\/v2\/media?parent=113"}],"wp:term":[{"taxonomy":"from-article-database","embeddable":true,"href":"https:\/\/multi-gyn.com\/sk\/wp-json\/wp\/v2\/from-article-database?post=113"}],"curies":[{"name":"wp","href":"https:\/\/api.w.org\/{rel}","templated":true}]}}