{"id":114,"date":"2023-06-02T13:45:01","date_gmt":"2023-06-02T11:45:01","guid":{"rendered":"https:\/\/multi-gyn.com\/sk\/?page_id=114"},"modified":"2023-09-20T11:48:29","modified_gmt":"2023-09-20T09:48:29","slug":"citlivost-posvy","status":"publish","type":"page","link":"https:\/\/multi-gyn.com\/sk\/posvove-zdravie\/problemy\/citlivost-posvy\/","title":{"rendered":"Citlivos\u0165 po\u0161vy"},"content":{"rendered":"\n<div class=\"wp-block-karopharma-free-text pt-large pb-large bg-center bg-cover bg-no-repeat  is-style-primary\" style=\"background-image:url()\"><div class=\"free-text-wrapper container max-w-medium text-left\">\n<h1 class=\"is-style-heading-large wp-block-heading\">Citlivos\u0165 po\u0161vy<\/h1>\n\n\n\n<p class=\"is-style-paragraph-preamble\">Ak\u00fdko\u013evek druh zv\u00fd\u0161enej citlivosti a diskomfortu v po\u0161vovej oblasti n\u00e1m sp\u00f4sobuj\u00fa nepr\u00edjemn\u00e9 pocity a nervozitu s vedom\u00edm, \u017ee nie\u010do nie je v poriadku. Po\u0161vov\u00e1 citlivos\u0165 sa prejavuje ako boles\u0165 alebo precitlivenos\u0165 na dotyky v int\u00edmnej oblasti, hlavne po\u010das pohlavn\u00e9ho styku. Tieto pr\u00edznaky m\u00f4\u017eu by\u0165 sprev\u00e1dzan\u00e9 nieko\u013ek\u00fdmi \u010fal\u0161\u00edmi probl\u00e9mami zah\u0155\u0148aj\u00facimi zmeny vo v\u00fdtoku, svrbenie, p\u00e1lenie, pichanie, za\u010dervenanie at\u010f. Najbe\u017enej\u0161ie pr\u00ed\u010diny zv\u00fd\u0161enej citlivosti a bolesti s\u00fa podr\u00e1\u017edenie, infekcia alebo suchos\u0165. Lie\u010dba sa tak l\u00ed\u0161i v z\u00e1vislosti od pr\u00ed\u010diny vzniku probl\u00e9mov.<\/p>\n<\/div><\/div>\n\n\n\n<div class=\"wp-block-karopharma-free-text pt-large pb-large bg-center bg-cover bg-no-repeat\" style=\"background-image:url()\"><div class=\"free-text-wrapper container max-w-medium text-left\">\n<ul class=\"is-style-default wp-block-list\"><li><strong>Nerovnov\u00e1ha v po\u0161vovej fl\u00f3re<\/strong>. Po\u0161va je pokryt\u00e1 mili\u00f3nmi dobr\u00fdch mikr\u00f3bov, ktor\u00e9 vytv\u00e1raj\u00fa po\u0161vov\u00fa fl\u00f3ru. Ak d\u00f4jde k naru\u0161eniu rovnov\u00e1hy po\u0161vovej fl\u00f3ry a mno\u017estvo prospe\u0161n\u00fdch bakt\u00e9ri\u00ed sa zn\u00ed\u017ei, kvasinky a \u0161kodliv\u00e9 bakt\u00e9rie sa za\u010dn\u00fa nekontrolovate\u013ene mno\u017ei\u0165 a sp\u00f4sobova\u0165 svrbenie a podr\u00e1\u017edenie. Pokia\u013e sa nedok\u00e1\u017eete vyhn\u00fa\u0165 potrebe \u0161krabania danej oblasti, m\u00f4\u017eete si pomerne \u013eahko po\u0161kodi\u0165 poko\u017eku a sp\u00f4sobi\u0165 \u010fal\u0161ie podr\u00e1\u017edenie a boles\u0165. Ak \u010dasto trp\u00edte kvasinkov\u00fdmi infekciami, za\u010dnite pou\u017e\u00edva\u0165 po\u0161vov\u00e9 pr\u00edpravky obsahuj\u00face prebiotik\u00e1. Prebiotick\u00e9 po\u0161vov\u00e9 g\u00e9ly podporuj\u00fa rast prospe\u0161n\u00fdch bakt\u00e9ri\u00ed a pom\u00e1haj\u00fa obnovi\u0165 rovnov\u00e1hu po\u0161vovej fl\u00f3ry.<\/li><li><strong>Suchos\u0165 po\u0161vy<\/strong>. Zas\u00favanie penisu do po\u0161vy bez dostato\u010dnej lubrik\u00e1cie m\u00f4\u017ee po\u0161kodi\u0165 stenu po\u0161vy a in\u00e9 tkaniv\u00e1 v int\u00edmnej oblasti a sp\u00f4sobi\u0165 tak z\u00e1pal a boles\u0165. Suchos\u0165 b\u00fdva \u010dasto sp\u00f4soben\u00e1 hormon\u00e1lnymi zmenami po\u010das menopauzy, tehotenstva, doj\u010denia alebo pri u\u017e\u00edvan\u00ed antikoncep\u010dn\u00fdch tabletiek. Doprajte si dostatok \u010dasu na predohru, aby tak bola stimulovan\u00e1 prirodzen\u00e1 lubrik\u00e1cia po\u0161vy. Ak trp\u00edte po\u0161vovou suchos\u0165ou, vysk\u00fa\u0161ajte pou\u017e\u00edvanie po\u0161vov\u00e9ho pr\u00edpravku na zvlh\u010denie alebo lubrikantu. Pr\u00edpravok na zvlh\u010denie V\u00e1m umo\u017en\u00ed zbavi\u0165 sa suchosti na nieko\u013eko dn\u00ed a m\u00f4\u017ee by\u0165 pou\u017e\u00edvan\u00fd ka\u017edodenne, zatia\u013e \u010do lubrikanty s\u00fa ur\u010den\u00e9 na pou\u017eitie tesne pred pohlavn\u00fdm stykom a poskytuj\u00fa \u00fa\u013eavu len na kr\u00e1tky \u010das.<\/li><li><strong>Menopauza<\/strong>. Ke\u010f d\u00f4jde k zn\u00ed\u017eeniu hladiny estrog\u00e9nu, tkanivo po\u0161vy str\u00e1ca svoju hr\u00fabku, elasticitu a prirodzen\u00fa lubrik\u00e1ciu. V\u00fdsledkom s\u00fa tenk\u00e9 steny po\u0161vy, ktor\u00e9 pri zas\u00favan\u00ed pohlavn\u00e9ho \u00fadu vytv\u00e1raj\u00fa pocit br\u00fasneho papiera a \u013eahko m\u00f4\u017ee d\u00f4js\u0165 k ich po\u0161kodeniu. Tento stav sa naz\u00fdva po\u0161vov\u00e1 atrofia, n\u00e1sledkom ktorej je v\u00e4\u010d\u0161inou zn\u00ed\u017een\u00e9 libido, ke\u010f\u017ee sex sa st\u00e1va nepr\u00edjemn\u00fdm a bolestiv\u00fdm. Rovnako ako pri po\u0161vovej suchosti, vhodn\u00fdm rie\u0161en\u00edm s\u00fa po\u0161vov\u00e9 pr\u00edpravky na zvlh\u010denie a lubrikanty.<\/li><li><strong>Podr\u00e1\u017edenie<\/strong>. Pr\u00edpravky, ktor\u00e9 obsahuj\u00fa agres\u00edvne chemik\u00e1lie, siln\u00e9 \u010distiace l\u00e1tky, mydlo, parfumy, farbiv\u00e1 alebo konzerva\u010dn\u00e9 l\u00e1tky, m\u00f4\u017eu podr\u00e1\u017edi\u0165 int\u00edmnu oblas\u0165 a sp\u00f4sobi\u0165 tak pichanie, bolestivos\u0165, p\u00e1lenie \u010di boles\u0165. Vyhnite sa pou\u017e\u00edvaniu t\u00fdchto druhov pr\u00edpravkov, vyberajte si pr\u00edpravky, ktor\u00e9 s\u00fa \u0161peci\u00e1lne ur\u010den\u00e9 na pou\u017e\u00edvanie v int\u00edmnej oblasti. Tieto zah\u0155\u0148aj\u00fa int\u00edmne pr\u00edpravky s pr\u00edrodn\u00fdm zlo\u017een\u00edm, ktor\u00e9 obsahuj\u00fa jemn\u00e9 \u010distiace l\u00e1tky a nenaru\u0161ia hodnotu pH po\u0161vy.<\/li><li>Niektor\u00e9 <strong>pohlavne prenosn\u00e9 choroby (STD) <\/strong>tie\u017e sp\u00f4sobuj\u00fa zv\u00fd\u0161en\u00fa citlivos\u0165 a boles\u0165 v oblasti panvy. Ak m\u00e1te podozrenie na STD, rozhodne kontaktujte svojho gynekol\u00f3ga.<\/li><\/ul>\n\n\n\n<p>Ak za\u017e\u00edvate probl\u00e9my s boles\u0165ou a zv\u00fd\u0161enou citlivos\u0165ou, vysk\u00fa\u0161ajte aplikovanie chladiv\u00fdch obkladov, ktor\u00e9 zabezpe\u010dia r\u00fdchlu \u00fa\u013eavu a zredukuj\u00fa podr\u00e1\u017edenie. Pam\u00e4tajte si, \u017ee ak sa chcete zbavi\u0165 bolesti a zv\u00fd\u0161enej citlivosti, je potrebn\u00e9 zbavi\u0165 sa hlavnej pr\u00ed\u010diny ich vzniku. Ak v\u0161ak citlivos\u0165 pretrv\u00e1va, nav\u0161t\u00edvte V\u00e1\u0161ho gynekol\u00f3ga, ktor\u00fd V\u00e1s nastav\u00ed na vhodn\u00fa lie\u010dbu.<\/p>\n<\/div><\/div>\n","protected":false},"excerpt":{"rendered":"","protected":false},"author":2,"featured_media":0,"parent":59,"menu_order":3,"comment_status":"closed","ping_status":"closed","template":"","meta":{"_acf_changed":false,"footnotes":""},"from-article-database":[],"class_list":["post-114","page","type-page","status-publish","hentry"],"acf":[],"yoast_head":"<!-- This site is optimized with the Yoast SEO plugin v26.6 - https:\/\/yoast.com\/wordpress\/plugins\/seo\/ -->\n<title>Citlivos\u0165 po\u0161vy - Multi-Gyn<\/title>\n<meta name=\"description\" content=\"Po\u0161vov\u00e1 citlivos\u0165 sa prejavuje ako boles\u0165 alebo precitlivenos\u0165 na dotyky v int\u00edmnej oblasti, hlavne po\u010das pohlavn\u00e9ho styku.\" \/>\n<meta name=\"robots\" content=\"index, follow, max-snippet:-1, max-image-preview:large, max-video-preview:-1\" \/>\n<link rel=\"canonical\" href=\"https:\/\/multi-gyn.com\/sk\/posvove-zdravie\/problemy\/citlivost-posvy\/\" \/>\n<meta property=\"og:locale\" content=\"sk_SK\" \/>\n<meta property=\"og:type\" content=\"article\" \/>\n<meta property=\"og:title\" content=\"Citlivos\u0165 po\u0161vy - Multi-Gyn\" \/>\n<meta property=\"og:description\" content=\"Po\u0161vov\u00e1 citlivos\u0165 sa prejavuje ako boles\u0165 alebo precitlivenos\u0165 na dotyky v int\u00edmnej oblasti, hlavne po\u010das pohlavn\u00e9ho styku.\" \/>\n<meta property=\"og:url\" content=\"https:\/\/multi-gyn.com\/sk\/posvove-zdravie\/problemy\/citlivost-posvy\/\" \/>\n<meta property=\"og:site_name\" content=\"Multi-Gyn\" \/>\n<meta property=\"article:modified_time\" content=\"2023-09-20T09:48:29+00:00\" \/>\n<meta name=\"twitter:card\" content=\"summary_large_image\" \/>\n<meta name=\"twitter:label1\" content=\"Predpokladan\u00fd \u010das \u010d\u00edtania\" \/>\n\t<meta name=\"twitter:data1\" content=\"3 min\u00faty\" \/>\n<script type=\"application\/ld+json\" class=\"yoast-schema-graph\">{\"@context\":\"https:\/\/schema.org\",\"@graph\":[{\"@type\":\"WebPage\",\"@id\":\"https:\/\/multi-gyn.com\/sk\/posvove-zdravie\/problemy\/citlivost-posvy\/\",\"url\":\"https:\/\/multi-gyn.com\/sk\/posvove-zdravie\/problemy\/citlivost-posvy\/\",\"name\":\"Citlivos\u0165 po\u0161vy - Multi-Gyn\",\"isPartOf\":{\"@id\":\"https:\/\/multi-gyn.com\/sk\/#website\"},\"datePublished\":\"2023-06-02T11:45:01+00:00\",\"dateModified\":\"2023-09-20T09:48:29+00:00\",\"description\":\"Po\u0161vov\u00e1 citlivos\u0165 sa prejavuje ako boles\u0165 alebo precitlivenos\u0165 na dotyky v int\u00edmnej oblasti, hlavne po\u010das pohlavn\u00e9ho styku.\",\"breadcrumb\":{\"@id\":\"https:\/\/multi-gyn.com\/sk\/posvove-zdravie\/problemy\/citlivost-posvy\/#breadcrumb\"},\"inLanguage\":\"sk-SK\",\"potentialAction\":[{\"@type\":\"ReadAction\",\"target\":[\"https:\/\/multi-gyn.com\/sk\/posvove-zdravie\/problemy\/citlivost-posvy\/\"]}]},{\"@type\":\"BreadcrumbList\",\"@id\":\"https:\/\/multi-gyn.com\/sk\/posvove-zdravie\/problemy\/citlivost-posvy\/#breadcrumb\",\"itemListElement\":[{\"@type\":\"ListItem\",\"position\":1,\"name\":\"Home\",\"item\":\"https:\/\/multi-gyn.com\/sk\/\"},{\"@type\":\"ListItem\",\"position\":2,\"name\":\"Po\u0161vov\u00e9 zdravie\",\"item\":\"https:\/\/multi-gyn.com\/sk\/posvove-zdravie\/\"},{\"@type\":\"ListItem\",\"position\":3,\"name\":\"Probl\u00e9my\",\"item\":\"https:\/\/multi-gyn.com\/sk\/posvove-zdravie\/problemy\/\"},{\"@type\":\"ListItem\",\"position\":4,\"name\":\"Citlivos\u0165 po\u0161vy\"}]},{\"@type\":\"WebSite\",\"@id\":\"https:\/\/multi-gyn.com\/sk\/#website\",\"url\":\"https:\/\/multi-gyn.com\/sk\/\",\"name\":\"Multi-Gyn\",\"description\":\"\",\"publisher\":{\"@id\":\"https:\/\/multi-gyn.com\/sk\/#organization\"},\"potentialAction\":[{\"@type\":\"SearchAction\",\"target\":{\"@type\":\"EntryPoint\",\"urlTemplate\":\"https:\/\/multi-gyn.com\/sk\/?s={search_term_string}\"},\"query-input\":{\"@type\":\"PropertyValueSpecification\",\"valueRequired\":true,\"valueName\":\"search_term_string\"}}],\"inLanguage\":\"sk-SK\"},{\"@type\":\"Organization\",\"@id\":\"https:\/\/multi-gyn.com\/sk\/#organization\",\"name\":\"Multi-Gyn\",\"url\":\"https:\/\/multi-gyn.com\/sk\/\",\"logo\":{\"@type\":\"ImageObject\",\"inLanguage\":\"sk-SK\",\"@id\":\"https:\/\/multi-gyn.com\/sk\/#\/schema\/logo\/image\/\",\"url\":\"https:\/\/multi-gyn.com\/app\/uploads\/sites\/48\/2023\/06\/multi-gyn-logo.png\",\"contentUrl\":\"https:\/\/multi-gyn.com\/app\/uploads\/sites\/48\/2023\/06\/multi-gyn-logo.png\",\"width\":149,\"height\":32,\"caption\":\"Multi-Gyn\"},\"image\":{\"@id\":\"https:\/\/multi-gyn.com\/sk\/#\/schema\/logo\/image\/\"}}]}<\/script>\n<!-- \/ Yoast SEO plugin. -->","yoast_head_json":{"title":"Citlivos\u0165 po\u0161vy - Multi-Gyn","description":"Po\u0161vov\u00e1 citlivos\u0165 sa prejavuje ako boles\u0165 alebo precitlivenos\u0165 na dotyky v int\u00edmnej oblasti, hlavne po\u010das pohlavn\u00e9ho styku.","robots":{"index":"index","follow":"follow","max-snippet":"max-snippet:-1","max-image-preview":"max-image-preview:large","max-video-preview":"max-video-preview:-1"},"canonical":"https:\/\/multi-gyn.com\/sk\/posvove-zdravie\/problemy\/citlivost-posvy\/","og_locale":"sk_SK","og_type":"article","og_title":"Citlivos\u0165 po\u0161vy - Multi-Gyn","og_description":"Po\u0161vov\u00e1 citlivos\u0165 sa prejavuje ako boles\u0165 alebo precitlivenos\u0165 na dotyky v int\u00edmnej oblasti, hlavne po\u010das pohlavn\u00e9ho styku.","og_url":"https:\/\/multi-gyn.com\/sk\/posvove-zdravie\/problemy\/citlivost-posvy\/","og_site_name":"Multi-Gyn","article_modified_time":"2023-09-20T09:48:29+00:00","twitter_card":"summary_large_image","twitter_misc":{"Predpokladan\u00fd \u010das \u010d\u00edtania":"3 min\u00faty"},"schema":{"@context":"https:\/\/schema.org","@graph":[{"@type":"WebPage","@id":"https:\/\/multi-gyn.com\/sk\/posvove-zdravie\/problemy\/citlivost-posvy\/","url":"https:\/\/multi-gyn.com\/sk\/posvove-zdravie\/problemy\/citlivost-posvy\/","name":"Citlivos\u0165 po\u0161vy - Multi-Gyn","isPartOf":{"@id":"https:\/\/multi-gyn.com\/sk\/#website"},"datePublished":"2023-06-02T11:45:01+00:00","dateModified":"2023-09-20T09:48:29+00:00","description":"Po\u0161vov\u00e1 citlivos\u0165 sa prejavuje ako boles\u0165 alebo precitlivenos\u0165 na dotyky v int\u00edmnej oblasti, hlavne po\u010das pohlavn\u00e9ho styku.","breadcrumb":{"@id":"https:\/\/multi-gyn.com\/sk\/posvove-zdravie\/problemy\/citlivost-posvy\/#breadcrumb"},"inLanguage":"sk-SK","potentialAction":[{"@type":"ReadAction","target":["https:\/\/multi-gyn.com\/sk\/posvove-zdravie\/problemy\/citlivost-posvy\/"]}]},{"@type":"BreadcrumbList","@id":"https:\/\/multi-gyn.com\/sk\/posvove-zdravie\/problemy\/citlivost-posvy\/#breadcrumb","itemListElement":[{"@type":"ListItem","position":1,"name":"Home","item":"https:\/\/multi-gyn.com\/sk\/"},{"@type":"ListItem","position":2,"name":"Po\u0161vov\u00e9 zdravie","item":"https:\/\/multi-gyn.com\/sk\/posvove-zdravie\/"},{"@type":"ListItem","position":3,"name":"Probl\u00e9my","item":"https:\/\/multi-gyn.com\/sk\/posvove-zdravie\/problemy\/"},{"@type":"ListItem","position":4,"name":"Citlivos\u0165 po\u0161vy"}]},{"@type":"WebSite","@id":"https:\/\/multi-gyn.com\/sk\/#website","url":"https:\/\/multi-gyn.com\/sk\/","name":"Multi-Gyn","description":"","publisher":{"@id":"https:\/\/multi-gyn.com\/sk\/#organization"},"potentialAction":[{"@type":"SearchAction","target":{"@type":"EntryPoint","urlTemplate":"https:\/\/multi-gyn.com\/sk\/?s={search_term_string}"},"query-input":{"@type":"PropertyValueSpecification","valueRequired":true,"valueName":"search_term_string"}}],"inLanguage":"sk-SK"},{"@type":"Organization","@id":"https:\/\/multi-gyn.com\/sk\/#organization","name":"Multi-Gyn","url":"https:\/\/multi-gyn.com\/sk\/","logo":{"@type":"ImageObject","inLanguage":"sk-SK","@id":"https:\/\/multi-gyn.com\/sk\/#\/schema\/logo\/image\/","url":"https:\/\/multi-gyn.com\/app\/uploads\/sites\/48\/2023\/06\/multi-gyn-logo.png","contentUrl":"https:\/\/multi-gyn.com\/app\/uploads\/sites\/48\/2023\/06\/multi-gyn-logo.png","width":149,"height":32,"caption":"Multi-Gyn"},"image":{"@id":"https:\/\/multi-gyn.com\/sk\/#\/schema\/logo\/image\/"}}]}},"_links":{"self":[{"href":"https:\/\/multi-gyn.com\/sk\/wp-json\/wp\/v2\/pages\/114","targetHints":{"allow":["GET"]}}],"collection":[{"href":"https:\/\/multi-gyn.com\/sk\/wp-json\/wp\/v2\/pages"}],"about":[{"href":"https:\/\/multi-gyn.com\/sk\/wp-json\/wp\/v2\/types\/page"}],"author":[{"embeddable":true,"href":"https:\/\/multi-gyn.com\/sk\/wp-json\/wp\/v2\/users\/2"}],"replies":[{"embeddable":true,"href":"https:\/\/multi-gyn.com\/sk\/wp-json\/wp\/v2\/comments?post=114"}],"version-history":[{"count":3,"href":"https:\/\/multi-gyn.com\/sk\/wp-json\/wp\/v2\/pages\/114\/revisions"}],"predecessor-version":[{"id":566,"href":"https:\/\/multi-gyn.com\/sk\/wp-json\/wp\/v2\/pages\/114\/revisions\/566"}],"up":[{"embeddable":true,"href":"https:\/\/multi-gyn.com\/sk\/wp-json\/wp\/v2\/pages\/59"}],"wp:attachment":[{"href":"https:\/\/multi-gyn.com\/sk\/wp-json\/wp\/v2\/media?parent=114"}],"wp:term":[{"taxonomy":"from-article-database","embeddable":true,"href":"https:\/\/multi-gyn.com\/sk\/wp-json\/wp\/v2\/from-article-database?post=114"}],"curies":[{"name":"wp","href":"https:\/\/api.w.org\/{rel}","templated":true}]}}