{"id":117,"date":"2023-06-02T13:46:41","date_gmt":"2023-06-02T11:46:41","guid":{"rendered":"https:\/\/multi-gyn.com\/sk\/?page_id=117"},"modified":"2023-09-20T11:48:27","modified_gmt":"2023-09-20T09:48:27","slug":"podrazdenie-posvy-a-opuchnute-pysky-ohanbia","status":"publish","type":"page","link":"https:\/\/multi-gyn.com\/sk\/posvove-zdravie\/problemy\/podrazdenie-posvy-a-opuchnute-pysky-ohanbia\/","title":{"rendered":"Podr\u00e1\u017edenie po\u0161vy a opuchnut\u00e9 pysky ohanbia"},"content":{"rendered":"\n<div class=\"wp-block-karopharma-free-text pt-large pb-large bg-center bg-cover bg-no-repeat  is-style-primary\" style=\"background-image:url()\"><div class=\"free-text-wrapper container max-w-medium text-left\">\n<h1 class=\"is-style-heading-large wp-block-heading\">Podr\u00e1\u017edenie po\u0161vy a opuchnut\u00e9 pysky ohanbia<\/h1>\n\n\n\n<p class=\"is-style-paragraph-preamble\">Podr\u00e1\u017edenie po\u0161vy nie je len nepr\u00edjemn\u00e9, ale \u010dasto b\u00fdva aj bolestiv\u00e9. Opuchnut\u00e9 pysky m\u00f4\u017eu sp\u00f4sobova\u0165 neschopnos\u0165 uvo\u013eni\u0165 sa, komfortne si sadn\u00fa\u0165 \u010di bez probl\u00e9mov nosi\u0165 nohavice kv\u00f4li treniu, ktor\u00e9 vznik\u00e1. Tieto probl\u00e9my s\u00fa \u010dasto sprev\u00e1dzan\u00e9 aj pr\u00edznakmi ako p\u00e1lenie \u010di svrbenie po\u0161vy. Opuchnutie sa m\u00f4\u017ee roz\u0161\u00edri\u0165 a postihn\u00fa\u0165 vn\u00fatorn\u00e9 i vonkaj\u0161ie pysky, alebo m\u00f4\u017ee zasiahnu\u0165 len jednu \u010das\u0165 vulvy.<\/p>\n<\/div><\/div>\n\n\n\n<div class=\"wp-block-karopharma-free-text pt-large pb-large bg-center bg-cover bg-no-repeat\" style=\"background-image:url()\"><div class=\"free-text-wrapper container max-w-medium text-left\">\n<h2 class=\"is-style-heading-h2 wp-block-heading\">\u010co sp\u00f4sobuje opuchnutie pyskov ohanbia?<\/h2>\n\n\n\n<p>Existuje ve\u013ea d\u00f4vodov, niektor\u00fdmi z nich s\u00fa:<\/p>\n\n\n\n<ul class=\"is-style-default wp-block-list\"><li>Podr\u00e1\u017edenie alebo alergick\u00e1 reakcia. V tomto pr\u00edpade je podr\u00e1\u017edenie naj\u010dastej\u0161ie sp\u00f4soben\u00e9 nejak\u00fdm pr\u00edpravkom, \u010di u\u017e je to mydlo, pena do k\u00fape\u013ea, kr\u00e9m alebo int\u00edmny deodorant. Tieto pr\u00edpravky \u010dasto obsahuj\u00fa chemik\u00e1lie, ktor\u00e9 dr\u00e1\u017edia citliv\u00fa poko\u017eku int\u00edmnej oblasti a sp\u00f4sobuj\u00fa jej opuchnutie a boles\u0165. Tak\u00fato reakciu v\u0161ak m\u00f4\u017eete ma\u0165 aj na pr\u00edpravky, ktor\u00e9 pou\u017e\u00edvate nieko\u013eko rokov.<\/li><li>Prejavil sa opuch po sexe? M\u00f4\u017eete by\u0165 alergick\u00e1 na latex obsiahnut\u00fd v prezervat\u00edve, lubrikant alebo partnerov ejakul\u00e1t. Opuch sa m\u00f4\u017ee prejavi\u0165 aj kv\u00f4li odretiu, ak ste pri drsnej\u0161om pohlavnom styku nepou\u017eili lubrikant a prirodzen\u00e1 lubrik\u00e1cia Va\u0161ej po\u0161vy nie je dostato\u010dn\u00e1.<\/li><li><a href=\"https:\/\/multi-gyn.com\/sk\/posvove-zdravie\/infekcie\/posvova-kvasinkova-infekcia-vaginalna-mykoza\/\">Mykotick\u00e1 infekcia<\/a> (Myk\u00f3za). Opuchnut\u00e9 pysky s\u00fa jedn\u00fdm z pr\u00edznakov tejto infekcie. Myk\u00f3zu je \u010dasto mo\u017en\u00e9 rozozna\u0165 pod\u013ea sprievodn\u00e9ho hust\u00e9ho bieleho po\u0161vov\u00e9ho v\u00fdtoku, ktor\u00fd je podobn\u00fd tvarohu.<\/li><li><a href=\"https:\/\/multi-gyn.com\/sk\/posvove-zdravie\/infekcie\/rozdiel-medzi-bakterialnou-vaginozou-a-kvasinkovou-infekciou\/\">Bakteri\u00e1lna vagin\u00f3za<\/a>. Jej \u010fal\u0161ie pr\u00edznaky \u010dasto zah\u0155\u0148aj\u00fa riedky sivasto-biely v\u00fdtok so siln\u00fdm rybac\u00edm z\u00e1pachom.<\/li><li>Tehotenstvo. Po\u010das tehotenstva je tlak na reproduk\u010dn\u00e9 org\u00e1ny a ich krvn\u00e9 cievy zv\u00fd\u0161en\u00fd v\u00e1hou b\u00e1b\u00e4tka. T\u00fdm p\u00e1dom je zn\u00ed\u017een\u00e1 cirkul\u00e1cia krvi, \u010do sp\u00f4sobuje opuchnutie a boles\u0165 v oblasti vulvy.<\/li><li>P\u00f4rod. Po\u010das p\u00f4rodu m\u00f4\u017ee d\u00f4js\u0165 k po\u0161kodeniu tkaniva po\u0161vy, \u010do nesk\u00f4r sp\u00f4sobuje opuchy a boles\u0165.<\/li><\/ul>\n\n\n\n<p class=\"is-style-paragraph-preamble has-primary-color has-text-color\"><em>\u201eExistuje ve\u013ea pr\u00ed\u010din sp\u00f4sobuj\u00facich opuchnutie pyskov ohanbia, niektor\u00fdmi z nich s\u00fa podr\u00e1\u017edenie, pohlavn\u00fd styk a infekcie.\u201c<\/em><\/p>\n\n\n\n<h2 class=\"is-style-heading-h2 wp-block-heading\">Ako sa vyhn\u00fa\u0165 opuchnutiu pyskov ohanbia?<\/h2>\n\n\n\n<p>Vyhnite sa pou\u017e\u00edvaniu pr\u00edpravkov, ktor\u00e9 obsahuj\u00fa siln\u00e9 alerg\u00e9ny, agres\u00edvne chemik\u00e1lie, parfumy alebo farbiv\u00e1. Ak m\u00e1te podr\u00e1\u017edenie po aplik\u00e1cii konkr\u00e9tneho pr\u00edpravku, okam\u017eite si po\u0161vu d\u00f4kladne vypl\u00e1chnite, aby ste odstr\u00e1nili zvy\u0161ok pr\u00edpravku a minimalizovali jeho dopad. Potom m\u00f4\u017eete na postihnut\u00e9 miesto nanies\u0165 napr\u00edklad pr\u00edrodn\u00fd upokojuj\u00faci pr\u00edpravok, ktor\u00fd zmierni pr\u00edznaky a ur\u00fdchli uzdravenie. Vyberte si int\u00edmny hygienick\u00fd pr\u00edpravok, ktor\u00fd obsahuje len jemn\u00e9 pr\u00edrodn\u00e9 pr\u00edsady. Vyhnite sa hygienick\u00fdm pr\u00edpravkom a utierkam, ktor\u00e9 obsahuj\u00fa parfumy, z\u00e1sadit\u00e9 mydlo, \u010distiace a konzerva\u010dn\u00e9 l\u00e1tky.<\/p>\n\n\n\n<p>Ak m\u00e1te probl\u00e9my so <a href=\"https:\/\/multi-gyn.com\/sk\/posvove-zdravie\/problemy\/suchost-posvy-priciny-a-liecba\/\">suchos\u0165ou po\u0161vy<\/a>, pou\u017eite po\u010das pohlavn\u00e9ho styku lubrikant, alebo denne aplikujte pr\u00edpravok na zvlh\u010denie po\u0161vov\u00e9ho prostredia, \u010d\u00edm dosiahnete dlhotrvaj\u00facej\u0161iu \u00fa\u013eavu. Ak sa u\u017e podr\u00e1\u017edenie po\u0161vy raz vyskytlo, vyhnite sa sexu, k\u00fdm sa postihnut\u00e1 oblas\u0165 nevylie\u010di a pr\u00edznaky \u00faplne nevymizn\u00fa.<\/p>\n\n\n\n<p>Ak m\u00e1te kvasinkov\u00fa infekciu alebo bakteri\u00e1lnu vagin\u00f3zu, nav\u0161t\u00edvte svojho gynekol\u00f3ga, aby V\u00e1m stanovil vhodn\u00fa lie\u010dbu. Taktie\u017e m\u00f4\u017eete pou\u017ei\u0165 pr\u00edpravky na prebiotickej \u010di anti-adhez\u00edvnej b\u00e1ze, ktor\u00e9 podporia mno\u017eenie dobr\u00fdch bakt\u00e9ri\u00ed a pom\u00f4\u017eu V\u00e1m op\u00e4\u0165 obnovi\u0165 rovnov\u00e1hu po\u0161vovej fl\u00f3ry.<\/p>\n\n\n\n<p>Vyhnite sa noseniu tesn\u00e9ho oble\u010denia, hlavne pokia\u013e podr\u00e1\u017edenie st\u00e1le pretrv\u00e1va. Uistite sa, \u017ee je Va\u0161a spodn\u00e1 bielize\u0148 vyroben\u00e1 z pr\u00edrodn\u00fdch materi\u00e1lov (bavlna umo\u017e\u0148uje poko\u017eke d\u00fdchanie, zatia\u013e \u010do syntetick\u00e9 materi\u00e1ly m\u00f4\u017eu podr\u00e1\u017edenie e\u0161te zhor\u0161i\u0165). Vysk\u00fa\u0161ajte spanie bez spodnej bielizne, aby Va\u0161a poko\u017eka mohla d\u00fdcha\u0165 a cez noc mala mo\u017enos\u0165 sa zotavi\u0165.<\/p>\n\n\n\n<p>Ak za\u017e\u00edvate probl\u00e9my s opuchnut\u00fdmi pyskami ohanbia, vysk\u00fa\u0161ajte podr\u00e1\u017eden\u00fa oblas\u0165 schladi\u0165. M\u00f4\u017eete pou\u017ei\u0165 chladiace obklady alebo \u013eadov\u00fd k\u00fape\u013e. Chlad zredukuje opuch a na ur\u010dit\u00fd \u010das u\u013eav\u00ed od bolesti.<\/p>\n\n\n\n<p>Vyhnite sa potrebe \u0161kraba\u0165 si postihnut\u00fa oblas\u0165. \u0160krabanie m\u00f4\u017ee po\u0161kodi\u0165 tkanivo poko\u017eky a probl\u00e9my sa t\u00fdm e\u0161te zhor\u0161ia.<\/p>\n\n\n\n<p>Ak opuch pretrv\u00e1va dlh\u0161ie ako t\u00fd\u017ede\u0148, rozhodne nav\u0161t\u00edvte svojho gynekol\u00f3ga, ktor\u00fd V\u00e1m pom\u00f4\u017ee n\u00e1js\u0165 pr\u00ed\u010dinu podr\u00e1\u017edenia.<\/p>\n<\/div><\/div>\n","protected":false},"excerpt":{"rendered":"","protected":false},"author":2,"featured_media":0,"parent":59,"menu_order":4,"comment_status":"closed","ping_status":"closed","template":"","meta":{"_acf_changed":false,"footnotes":""},"from-article-database":[],"class_list":["post-117","page","type-page","status-publish","hentry"],"acf":[],"yoast_head":"<!-- This site is optimized with the Yoast SEO plugin v26.6 - https:\/\/yoast.com\/wordpress\/plugins\/seo\/ -->\n<title>Podr\u00e1\u017edenie po\u0161vy a opuchnut\u00e9 pysky ohanbia - Multi-Gyn<\/title>\n<meta name=\"description\" content=\"Opuchnutie sa m\u00f4\u017ee roz\u0161\u00edri\u0165 a postihn\u00fa\u0165 vn\u00fatorn\u00e9 i vonkaj\u0161ie pysky, alebo m\u00f4\u017ee zasiahnu\u0165 len jednu \u010das\u0165 vulvy.\" \/>\n<meta name=\"robots\" content=\"index, follow, max-snippet:-1, max-image-preview:large, max-video-preview:-1\" \/>\n<link rel=\"canonical\" href=\"https:\/\/multi-gyn.com\/sk\/posvove-zdravie\/problemy\/podrazdenie-posvy-a-opuchnute-pysky-ohanbia\/\" \/>\n<meta property=\"og:locale\" content=\"sk_SK\" \/>\n<meta property=\"og:type\" content=\"article\" \/>\n<meta property=\"og:title\" content=\"Podr\u00e1\u017edenie po\u0161vy a opuchnut\u00e9 pysky ohanbia - Multi-Gyn\" \/>\n<meta property=\"og:description\" content=\"Opuchnutie sa m\u00f4\u017ee roz\u0161\u00edri\u0165 a postihn\u00fa\u0165 vn\u00fatorn\u00e9 i vonkaj\u0161ie pysky, alebo m\u00f4\u017ee zasiahnu\u0165 len jednu \u010das\u0165 vulvy.\" \/>\n<meta property=\"og:url\" content=\"https:\/\/multi-gyn.com\/sk\/posvove-zdravie\/problemy\/podrazdenie-posvy-a-opuchnute-pysky-ohanbia\/\" \/>\n<meta property=\"og:site_name\" content=\"Multi-Gyn\" \/>\n<meta property=\"article:modified_time\" content=\"2023-09-20T09:48:27+00:00\" \/>\n<meta name=\"twitter:card\" content=\"summary_large_image\" \/>\n<meta name=\"twitter:label1\" content=\"Predpokladan\u00fd \u010das \u010d\u00edtania\" \/>\n\t<meta name=\"twitter:data1\" content=\"3 min\u00faty\" \/>\n<script type=\"application\/ld+json\" class=\"yoast-schema-graph\">{\"@context\":\"https:\/\/schema.org\",\"@graph\":[{\"@type\":\"WebPage\",\"@id\":\"https:\/\/multi-gyn.com\/sk\/posvove-zdravie\/problemy\/podrazdenie-posvy-a-opuchnute-pysky-ohanbia\/\",\"url\":\"https:\/\/multi-gyn.com\/sk\/posvove-zdravie\/problemy\/podrazdenie-posvy-a-opuchnute-pysky-ohanbia\/\",\"name\":\"Podr\u00e1\u017edenie po\u0161vy a opuchnut\u00e9 pysky ohanbia - Multi-Gyn\",\"isPartOf\":{\"@id\":\"https:\/\/multi-gyn.com\/sk\/#website\"},\"datePublished\":\"2023-06-02T11:46:41+00:00\",\"dateModified\":\"2023-09-20T09:48:27+00:00\",\"description\":\"Opuchnutie sa m\u00f4\u017ee roz\u0161\u00edri\u0165 a postihn\u00fa\u0165 vn\u00fatorn\u00e9 i vonkaj\u0161ie pysky, alebo m\u00f4\u017ee zasiahnu\u0165 len jednu \u010das\u0165 vulvy.\",\"breadcrumb\":{\"@id\":\"https:\/\/multi-gyn.com\/sk\/posvove-zdravie\/problemy\/podrazdenie-posvy-a-opuchnute-pysky-ohanbia\/#breadcrumb\"},\"inLanguage\":\"sk-SK\",\"potentialAction\":[{\"@type\":\"ReadAction\",\"target\":[\"https:\/\/multi-gyn.com\/sk\/posvove-zdravie\/problemy\/podrazdenie-posvy-a-opuchnute-pysky-ohanbia\/\"]}]},{\"@type\":\"BreadcrumbList\",\"@id\":\"https:\/\/multi-gyn.com\/sk\/posvove-zdravie\/problemy\/podrazdenie-posvy-a-opuchnute-pysky-ohanbia\/#breadcrumb\",\"itemListElement\":[{\"@type\":\"ListItem\",\"position\":1,\"name\":\"Home\",\"item\":\"https:\/\/multi-gyn.com\/sk\/\"},{\"@type\":\"ListItem\",\"position\":2,\"name\":\"Po\u0161vov\u00e9 zdravie\",\"item\":\"https:\/\/multi-gyn.com\/sk\/posvove-zdravie\/\"},{\"@type\":\"ListItem\",\"position\":3,\"name\":\"Probl\u00e9my\",\"item\":\"https:\/\/multi-gyn.com\/sk\/posvove-zdravie\/problemy\/\"},{\"@type\":\"ListItem\",\"position\":4,\"name\":\"Podr\u00e1\u017edenie po\u0161vy a opuchnut\u00e9 pysky ohanbia\"}]},{\"@type\":\"WebSite\",\"@id\":\"https:\/\/multi-gyn.com\/sk\/#website\",\"url\":\"https:\/\/multi-gyn.com\/sk\/\",\"name\":\"Multi-Gyn\",\"description\":\"\",\"publisher\":{\"@id\":\"https:\/\/multi-gyn.com\/sk\/#organization\"},\"potentialAction\":[{\"@type\":\"SearchAction\",\"target\":{\"@type\":\"EntryPoint\",\"urlTemplate\":\"https:\/\/multi-gyn.com\/sk\/?s={search_term_string}\"},\"query-input\":{\"@type\":\"PropertyValueSpecification\",\"valueRequired\":true,\"valueName\":\"search_term_string\"}}],\"inLanguage\":\"sk-SK\"},{\"@type\":\"Organization\",\"@id\":\"https:\/\/multi-gyn.com\/sk\/#organization\",\"name\":\"Multi-Gyn\",\"url\":\"https:\/\/multi-gyn.com\/sk\/\",\"logo\":{\"@type\":\"ImageObject\",\"inLanguage\":\"sk-SK\",\"@id\":\"https:\/\/multi-gyn.com\/sk\/#\/schema\/logo\/image\/\",\"url\":\"https:\/\/multi-gyn.com\/app\/uploads\/sites\/48\/2023\/06\/multi-gyn-logo.png\",\"contentUrl\":\"https:\/\/multi-gyn.com\/app\/uploads\/sites\/48\/2023\/06\/multi-gyn-logo.png\",\"width\":149,\"height\":32,\"caption\":\"Multi-Gyn\"},\"image\":{\"@id\":\"https:\/\/multi-gyn.com\/sk\/#\/schema\/logo\/image\/\"}}]}<\/script>\n<!-- \/ Yoast SEO plugin. -->","yoast_head_json":{"title":"Podr\u00e1\u017edenie po\u0161vy a opuchnut\u00e9 pysky ohanbia - Multi-Gyn","description":"Opuchnutie sa m\u00f4\u017ee roz\u0161\u00edri\u0165 a postihn\u00fa\u0165 vn\u00fatorn\u00e9 i vonkaj\u0161ie pysky, alebo m\u00f4\u017ee zasiahnu\u0165 len jednu \u010das\u0165 vulvy.","robots":{"index":"index","follow":"follow","max-snippet":"max-snippet:-1","max-image-preview":"max-image-preview:large","max-video-preview":"max-video-preview:-1"},"canonical":"https:\/\/multi-gyn.com\/sk\/posvove-zdravie\/problemy\/podrazdenie-posvy-a-opuchnute-pysky-ohanbia\/","og_locale":"sk_SK","og_type":"article","og_title":"Podr\u00e1\u017edenie po\u0161vy a opuchnut\u00e9 pysky ohanbia - Multi-Gyn","og_description":"Opuchnutie sa m\u00f4\u017ee roz\u0161\u00edri\u0165 a postihn\u00fa\u0165 vn\u00fatorn\u00e9 i vonkaj\u0161ie pysky, alebo m\u00f4\u017ee zasiahnu\u0165 len jednu \u010das\u0165 vulvy.","og_url":"https:\/\/multi-gyn.com\/sk\/posvove-zdravie\/problemy\/podrazdenie-posvy-a-opuchnute-pysky-ohanbia\/","og_site_name":"Multi-Gyn","article_modified_time":"2023-09-20T09:48:27+00:00","twitter_card":"summary_large_image","twitter_misc":{"Predpokladan\u00fd \u010das \u010d\u00edtania":"3 min\u00faty"},"schema":{"@context":"https:\/\/schema.org","@graph":[{"@type":"WebPage","@id":"https:\/\/multi-gyn.com\/sk\/posvove-zdravie\/problemy\/podrazdenie-posvy-a-opuchnute-pysky-ohanbia\/","url":"https:\/\/multi-gyn.com\/sk\/posvove-zdravie\/problemy\/podrazdenie-posvy-a-opuchnute-pysky-ohanbia\/","name":"Podr\u00e1\u017edenie po\u0161vy a opuchnut\u00e9 pysky ohanbia - Multi-Gyn","isPartOf":{"@id":"https:\/\/multi-gyn.com\/sk\/#website"},"datePublished":"2023-06-02T11:46:41+00:00","dateModified":"2023-09-20T09:48:27+00:00","description":"Opuchnutie sa m\u00f4\u017ee roz\u0161\u00edri\u0165 a postihn\u00fa\u0165 vn\u00fatorn\u00e9 i vonkaj\u0161ie pysky, alebo m\u00f4\u017ee zasiahnu\u0165 len jednu \u010das\u0165 vulvy.","breadcrumb":{"@id":"https:\/\/multi-gyn.com\/sk\/posvove-zdravie\/problemy\/podrazdenie-posvy-a-opuchnute-pysky-ohanbia\/#breadcrumb"},"inLanguage":"sk-SK","potentialAction":[{"@type":"ReadAction","target":["https:\/\/multi-gyn.com\/sk\/posvove-zdravie\/problemy\/podrazdenie-posvy-a-opuchnute-pysky-ohanbia\/"]}]},{"@type":"BreadcrumbList","@id":"https:\/\/multi-gyn.com\/sk\/posvove-zdravie\/problemy\/podrazdenie-posvy-a-opuchnute-pysky-ohanbia\/#breadcrumb","itemListElement":[{"@type":"ListItem","position":1,"name":"Home","item":"https:\/\/multi-gyn.com\/sk\/"},{"@type":"ListItem","position":2,"name":"Po\u0161vov\u00e9 zdravie","item":"https:\/\/multi-gyn.com\/sk\/posvove-zdravie\/"},{"@type":"ListItem","position":3,"name":"Probl\u00e9my","item":"https:\/\/multi-gyn.com\/sk\/posvove-zdravie\/problemy\/"},{"@type":"ListItem","position":4,"name":"Podr\u00e1\u017edenie po\u0161vy a opuchnut\u00e9 pysky ohanbia"}]},{"@type":"WebSite","@id":"https:\/\/multi-gyn.com\/sk\/#website","url":"https:\/\/multi-gyn.com\/sk\/","name":"Multi-Gyn","description":"","publisher":{"@id":"https:\/\/multi-gyn.com\/sk\/#organization"},"potentialAction":[{"@type":"SearchAction","target":{"@type":"EntryPoint","urlTemplate":"https:\/\/multi-gyn.com\/sk\/?s={search_term_string}"},"query-input":{"@type":"PropertyValueSpecification","valueRequired":true,"valueName":"search_term_string"}}],"inLanguage":"sk-SK"},{"@type":"Organization","@id":"https:\/\/multi-gyn.com\/sk\/#organization","name":"Multi-Gyn","url":"https:\/\/multi-gyn.com\/sk\/","logo":{"@type":"ImageObject","inLanguage":"sk-SK","@id":"https:\/\/multi-gyn.com\/sk\/#\/schema\/logo\/image\/","url":"https:\/\/multi-gyn.com\/app\/uploads\/sites\/48\/2023\/06\/multi-gyn-logo.png","contentUrl":"https:\/\/multi-gyn.com\/app\/uploads\/sites\/48\/2023\/06\/multi-gyn-logo.png","width":149,"height":32,"caption":"Multi-Gyn"},"image":{"@id":"https:\/\/multi-gyn.com\/sk\/#\/schema\/logo\/image\/"}}]}},"_links":{"self":[{"href":"https:\/\/multi-gyn.com\/sk\/wp-json\/wp\/v2\/pages\/117","targetHints":{"allow":["GET"]}}],"collection":[{"href":"https:\/\/multi-gyn.com\/sk\/wp-json\/wp\/v2\/pages"}],"about":[{"href":"https:\/\/multi-gyn.com\/sk\/wp-json\/wp\/v2\/types\/page"}],"author":[{"embeddable":true,"href":"https:\/\/multi-gyn.com\/sk\/wp-json\/wp\/v2\/users\/2"}],"replies":[{"embeddable":true,"href":"https:\/\/multi-gyn.com\/sk\/wp-json\/wp\/v2\/comments?post=117"}],"version-history":[{"count":5,"href":"https:\/\/multi-gyn.com\/sk\/wp-json\/wp\/v2\/pages\/117\/revisions"}],"predecessor-version":[{"id":570,"href":"https:\/\/multi-gyn.com\/sk\/wp-json\/wp\/v2\/pages\/117\/revisions\/570"}],"up":[{"embeddable":true,"href":"https:\/\/multi-gyn.com\/sk\/wp-json\/wp\/v2\/pages\/59"}],"wp:attachment":[{"href":"https:\/\/multi-gyn.com\/sk\/wp-json\/wp\/v2\/media?parent=117"}],"wp:term":[{"taxonomy":"from-article-database","embeddable":true,"href":"https:\/\/multi-gyn.com\/sk\/wp-json\/wp\/v2\/from-article-database?post=117"}],"curies":[{"name":"wp","href":"https:\/\/api.w.org\/{rel}","templated":true}]}}