{"id":118,"date":"2023-06-02T13:46:51","date_gmt":"2023-06-02T11:46:51","guid":{"rendered":"https:\/\/multi-gyn.com\/sk\/?page_id=118"},"modified":"2023-09-20T11:48:25","modified_gmt":"2023-09-20T09:48:25","slug":"ako-predchadzat-paleniu-posvy","status":"publish","type":"page","link":"https:\/\/multi-gyn.com\/sk\/posvove-zdravie\/problemy\/ako-predchadzat-paleniu-posvy\/","title":{"rendered":"Ako predch\u00e1dza\u0165 p\u00e1leniu po\u0161vy"},"content":{"rendered":"\n<div class=\"wp-block-karopharma-free-text pt-large pb-large bg-center bg-cover bg-no-repeat  is-style-primary\" style=\"background-image:url()\"><div class=\"free-text-wrapper container max-w-medium text-left\">\n<h1 class=\"is-style-heading-large wp-block-heading\">Ako predch\u00e1dza\u0165 p\u00e1leniu po\u0161vy<\/h1>\n\n\n\n<p class=\"is-style-paragraph-preamble\">Zdrav\u00e1 po\u0161va je v rovnov\u00e1he \u2013 to znamen\u00e1, \u017ee mili\u00f3ny bakt\u00e9ri\u00ed \u017eij\u00facich v po\u0161vovom prostred\u00ed sa navz\u00e1jom nenar\u00fa\u0161aj\u00fa. Ak d\u00f4jde k naru\u0161eniu tejto rovnov\u00e1hy, za\u010dn\u00fa sa vyskytova\u0165 nepr\u00edjemn\u00e9 pr\u00edznaky ako pocit p\u00e1lenia \u010di svrbenia. P\u00e1lenie v po\u0161ve m\u00f4\u017ee by\u0165 ve\u013emi nepr\u00edjemn\u00e9, a preto je u\u017eito\u010dn\u00e9 vedie\u0165, ako predch\u00e1dza\u0165 t\u00fdmto dr\u00e1\u017ediv\u00fdm a bolestiv\u00fdm pocitom.<\/p>\n<\/div><\/div>\n\n\n\n<div class=\"wp-block-karopharma-free-text pt-large pb-large bg-center bg-cover bg-no-repeat\" style=\"background-image:url()\"><div class=\"free-text-wrapper container max-w-medium text-left\">\n<h2 class=\"is-style-heading-h2 wp-block-heading\">\u010co sp\u00f4sobuje p\u00e1lenie po\u0161vy?<\/h2>\n\n\n\n<p>Pocity p\u00e1lenia v int\u00edmnej oblasti m\u00f4\u017eu by\u0165 sp\u00f4sobovan\u00e9 r\u00f4znymi faktormi, medzi ktor\u00e9 patria:<\/p>\n\n\n\n<ul class=\"is-style-default wp-block-list\"><li>Bakteri\u00e1lna vagin\u00f3za<\/li><li>Kvasinkov\u00e1 infekcia<\/li><li>Podr\u00e1\u017edenie sp\u00f4soben\u00e9 siln\u00fdmi \u010distiacimi l\u00e1tkami, chemik\u00e1liami, parfumami, farbivami, konzerva\u010dn\u00fdmi l\u00e1tkami a in\u00fdmi.<\/li><li>Alergie<\/li><li>Atrofick\u00e1 vaginit\u00edda \u2013 z\u00e1pal sp\u00f4soben\u00fd sten\u010dovan\u00edm a zmr\u0161\u0165ovan\u00edm tkaniva a sliznice po\u0161vy, ako aj nedostatkom lubrik\u00e1cie. K t\u00fdmto probl\u00e9mom doch\u00e1dza kv\u00f4li nedostatku horm\u00f3nu estrog\u00e9nu a naj\u010dastej\u0161ie sa vyskytuj\u00fa u \u017eien v menopauze.<\/li><li>Nevhodn\u00e1 hygiena \u2013 nedostatok hygieny, ale aj prehnan\u00e1 hygiena m\u00f4\u017eu poru\u0161i\u0165 ochrann\u00fa vrstvu poko\u017eky. Pou\u017e\u00edvanie nevhodn\u00fdch \u010distiacich pr\u00edpravkov tie\u017e nar\u00fa\u0161a jej ochrann\u00fa funkciu.<\/li><li>Zmeny pH hodnoty po\u0161vy<\/li><li>Antibiotik\u00e1<\/li><li>Diabetes (cukrovka)<\/li><li>Syntetick\u00e1 spodn\u00e1 bielize\u0148 a tesn\u00e9 oble\u010denie<\/li><li>Po\u0161vov\u00e1 suchos\u0165 sp\u00f4sobuj\u00faca nadmern\u00e9 trenie pri zas\u00favan\u00ed penisu do po\u0161vy po\u010das pohlavn\u00e9ho styku, \u010do m\u00e1 za n\u00e1sledok vznik mal\u00fdch trhliniek v sten\u00e1ch po\u0161vy a na poko\u017eke vulvy.<\/li><li>Podr\u00e1\u017edenie sp\u00f4soben\u00e9 prezervat\u00edvmi, spermic\u00eddmi, lubrikantami a u niektor\u00fdch \u017eien aj semenom.<\/li><\/ul>\n\n\n\n<h2 class=\"is-style-heading-h2 wp-block-heading\">Prevencia je k\u013e\u00fa\u010dov\u00e1<\/h2>\n\n\n\n<p>Tu je nieko\u013eko odpor\u00fa\u010dan\u00ed, ktor\u00e9 V\u00e1m m\u00f4\u017eu pom\u00f4c\u0165 ochr\u00e1ni\u0165 po\u0161vu pred podr\u00e1\u017eden\u00edm a p\u00e1len\u00edm:<\/p>\n\n\n\n<ul class=\"is-style-default wp-block-list\"><li>Zvlh\u010denie pred pohlavn\u00fdm stykom \u2013 dostato\u010dn\u00e1 lubrik\u00e1cia vytv\u00e1ra ochranu pred vznikom trhliniek, nevznik\u00e1 nadmern\u00e9 trenie a pohlavn\u00fd styk tak nie je bolestiv\u00fd. Pou\u017e\u00edvajte po\u0161vov\u00fd zvlh\u010dovac\u00ed pr\u00edpravok pre dlhotrvaj\u00facej\u0161\u00ed efekt alebo lubrikant tesne pred sexom.<\/li><li>Ak sa domnievate, \u017ee pr\u00ed\u010dinou Va\u0161ich \u0165a\u017ekost\u00ed m\u00f4\u017ee by\u0165 alergia na ur\u010dit\u00fa l\u00e1tku, pok\u00faste sa identifikova\u0165, \u010do konkr\u00e9tne V\u00e1m toto podr\u00e1\u017edenie sp\u00f4sobuje a vyhnite sa v\u0161etk\u00fdm pr\u00edpravkom, ktor\u00e9 t\u00fato l\u00e1tku obsahuj\u00fa.<\/li><li>Pou\u017e\u00edvajte pr\u00edpravky obsahuj\u00face prebiotik\u00e1, ktor\u00e9 podporuj\u00fa rast dobr\u00fdch bakt\u00e9ri\u00ed a udr\u017euj\u00fa po\u0161vov\u00fa fl\u00f3ru v rovnov\u00e1he.<\/li><li>Vyhnite sa pr\u00edpravkom, ktor\u00e9 obsahuj\u00fa chemik\u00e1lie, parfumy, farbiv\u00e1 alebo in\u00e9 potenci\u00e1lne dr\u00e1\u017ediv\u00e9 l\u00e1tky a alerg\u00e9ny.<\/li><li>Pokia\u013e sa u V\u00e1s vyskytuj\u00fa spom\u00ednan\u00e9 pr\u00edznaky, vyhnite sa pohlavn\u00e9mu styku, aby Va\u0161a po\u0161va mala \u010das na vylie\u010denie.<\/li><li>Odolajte potrebe \u0161krabania podr\u00e1\u017edenej oblasti. M\u00f4\u017eete t\u00fdm v\u0161etko len zhor\u0161i\u0165 a sp\u00f4sobi\u0165 zdurenie a in\u00e9 probl\u00e9my.<\/li><li>V\u017edy sa utierajte spredu dozadu, a to neparfumovan\u00fdm a nefarben\u00fdm toaletn\u00fdm papierom.<\/li><li>Vyhnite sa verejn\u00fdm k\u00fapalisk\u00e1m ako s\u00fa baz\u00e9ny \u010di term\u00e1lne k\u00fapele.<\/li><li>Ochra\u0148ujte samu seba pou\u017e\u00edvan\u00edm prezervat\u00edvov po\u010das pohlavn\u00e9ho styku.<\/li><li>Vyberajte si bavlnen\u00fa spodn\u00fa bielize\u0148. \u010cipkovan\u00fa bielize\u0148 a obtiahnut\u00e9 d\u017e\u00ednsy si odlo\u017ete na \u0161peci\u00e1lne pr\u00edle\u017eitosti a pok\u00faste sa ich nosi\u0165 len nieko\u013eko hod\u00edn denne.<\/li><li>Vymie\u0148ajte si hygienick\u00e9 vlo\u017eky a tamp\u00f3ny ka\u017ed\u00e9 3 a\u017e 4 hodiny.<\/li><\/ul>\n<\/div><\/div>\n","protected":false},"excerpt":{"rendered":"","protected":false},"author":2,"featured_media":0,"parent":59,"menu_order":5,"comment_status":"closed","ping_status":"closed","template":"","meta":{"_acf_changed":false,"footnotes":""},"from-article-database":[],"class_list":["post-118","page","type-page","status-publish","hentry"],"acf":[],"yoast_head":"<!-- This site is optimized with the Yoast SEO plugin v26.6 - https:\/\/yoast.com\/wordpress\/plugins\/seo\/ -->\n<title>Ako predch\u00e1dza\u0165 p\u00e1leniu po\u0161vy - Multi-Gyn<\/title>\n<meta name=\"description\" content=\"P\u00e1lenie v po\u0161ve m\u00f4\u017ee by\u0165 ve\u013emi nepr\u00edjemn\u00e9, a preto je u\u017eito\u010dn\u00e9 vedie\u0165, ako predch\u00e1dza\u0165 t\u00fdmto dr\u00e1\u017ediv\u00fdm a bolestiv\u00fdm pocitom.\" \/>\n<meta name=\"robots\" content=\"index, follow, max-snippet:-1, max-image-preview:large, max-video-preview:-1\" \/>\n<link rel=\"canonical\" href=\"https:\/\/multi-gyn.com\/sk\/posvove-zdravie\/problemy\/ako-predchadzat-paleniu-posvy\/\" \/>\n<meta property=\"og:locale\" content=\"sk_SK\" \/>\n<meta property=\"og:type\" content=\"article\" \/>\n<meta property=\"og:title\" content=\"Ako predch\u00e1dza\u0165 p\u00e1leniu po\u0161vy - Multi-Gyn\" \/>\n<meta property=\"og:description\" content=\"P\u00e1lenie v po\u0161ve m\u00f4\u017ee by\u0165 ve\u013emi nepr\u00edjemn\u00e9, a preto je u\u017eito\u010dn\u00e9 vedie\u0165, ako predch\u00e1dza\u0165 t\u00fdmto dr\u00e1\u017ediv\u00fdm a bolestiv\u00fdm pocitom.\" \/>\n<meta property=\"og:url\" content=\"https:\/\/multi-gyn.com\/sk\/posvove-zdravie\/problemy\/ako-predchadzat-paleniu-posvy\/\" \/>\n<meta property=\"og:site_name\" content=\"Multi-Gyn\" \/>\n<meta property=\"article:modified_time\" content=\"2023-09-20T09:48:25+00:00\" \/>\n<meta name=\"twitter:card\" content=\"summary_large_image\" \/>\n<meta name=\"twitter:label1\" content=\"Predpokladan\u00fd \u010das \u010d\u00edtania\" \/>\n\t<meta name=\"twitter:data1\" content=\"3 min\u00faty\" \/>\n<script type=\"application\/ld+json\" class=\"yoast-schema-graph\">{\"@context\":\"https:\/\/schema.org\",\"@graph\":[{\"@type\":\"WebPage\",\"@id\":\"https:\/\/multi-gyn.com\/sk\/posvove-zdravie\/problemy\/ako-predchadzat-paleniu-posvy\/\",\"url\":\"https:\/\/multi-gyn.com\/sk\/posvove-zdravie\/problemy\/ako-predchadzat-paleniu-posvy\/\",\"name\":\"Ako predch\u00e1dza\u0165 p\u00e1leniu po\u0161vy - Multi-Gyn\",\"isPartOf\":{\"@id\":\"https:\/\/multi-gyn.com\/sk\/#website\"},\"datePublished\":\"2023-06-02T11:46:51+00:00\",\"dateModified\":\"2023-09-20T09:48:25+00:00\",\"description\":\"P\u00e1lenie v po\u0161ve m\u00f4\u017ee by\u0165 ve\u013emi nepr\u00edjemn\u00e9, a preto je u\u017eito\u010dn\u00e9 vedie\u0165, ako predch\u00e1dza\u0165 t\u00fdmto dr\u00e1\u017ediv\u00fdm a bolestiv\u00fdm pocitom.\",\"breadcrumb\":{\"@id\":\"https:\/\/multi-gyn.com\/sk\/posvove-zdravie\/problemy\/ako-predchadzat-paleniu-posvy\/#breadcrumb\"},\"inLanguage\":\"sk-SK\",\"potentialAction\":[{\"@type\":\"ReadAction\",\"target\":[\"https:\/\/multi-gyn.com\/sk\/posvove-zdravie\/problemy\/ako-predchadzat-paleniu-posvy\/\"]}]},{\"@type\":\"BreadcrumbList\",\"@id\":\"https:\/\/multi-gyn.com\/sk\/posvove-zdravie\/problemy\/ako-predchadzat-paleniu-posvy\/#breadcrumb\",\"itemListElement\":[{\"@type\":\"ListItem\",\"position\":1,\"name\":\"Home\",\"item\":\"https:\/\/multi-gyn.com\/sk\/\"},{\"@type\":\"ListItem\",\"position\":2,\"name\":\"Po\u0161vov\u00e9 zdravie\",\"item\":\"https:\/\/multi-gyn.com\/sk\/posvove-zdravie\/\"},{\"@type\":\"ListItem\",\"position\":3,\"name\":\"Probl\u00e9my\",\"item\":\"https:\/\/multi-gyn.com\/sk\/posvove-zdravie\/problemy\/\"},{\"@type\":\"ListItem\",\"position\":4,\"name\":\"Ako predch\u00e1dza\u0165 p\u00e1leniu po\u0161vy\"}]},{\"@type\":\"WebSite\",\"@id\":\"https:\/\/multi-gyn.com\/sk\/#website\",\"url\":\"https:\/\/multi-gyn.com\/sk\/\",\"name\":\"Multi-Gyn\",\"description\":\"\",\"publisher\":{\"@id\":\"https:\/\/multi-gyn.com\/sk\/#organization\"},\"potentialAction\":[{\"@type\":\"SearchAction\",\"target\":{\"@type\":\"EntryPoint\",\"urlTemplate\":\"https:\/\/multi-gyn.com\/sk\/?s={search_term_string}\"},\"query-input\":{\"@type\":\"PropertyValueSpecification\",\"valueRequired\":true,\"valueName\":\"search_term_string\"}}],\"inLanguage\":\"sk-SK\"},{\"@type\":\"Organization\",\"@id\":\"https:\/\/multi-gyn.com\/sk\/#organization\",\"name\":\"Multi-Gyn\",\"url\":\"https:\/\/multi-gyn.com\/sk\/\",\"logo\":{\"@type\":\"ImageObject\",\"inLanguage\":\"sk-SK\",\"@id\":\"https:\/\/multi-gyn.com\/sk\/#\/schema\/logo\/image\/\",\"url\":\"https:\/\/multi-gyn.com\/app\/uploads\/sites\/48\/2023\/06\/multi-gyn-logo.png\",\"contentUrl\":\"https:\/\/multi-gyn.com\/app\/uploads\/sites\/48\/2023\/06\/multi-gyn-logo.png\",\"width\":149,\"height\":32,\"caption\":\"Multi-Gyn\"},\"image\":{\"@id\":\"https:\/\/multi-gyn.com\/sk\/#\/schema\/logo\/image\/\"}}]}<\/script>\n<!-- \/ Yoast SEO plugin. -->","yoast_head_json":{"title":"Ako predch\u00e1dza\u0165 p\u00e1leniu po\u0161vy - Multi-Gyn","description":"P\u00e1lenie v po\u0161ve m\u00f4\u017ee by\u0165 ve\u013emi nepr\u00edjemn\u00e9, a preto je u\u017eito\u010dn\u00e9 vedie\u0165, ako predch\u00e1dza\u0165 t\u00fdmto dr\u00e1\u017ediv\u00fdm a bolestiv\u00fdm pocitom.","robots":{"index":"index","follow":"follow","max-snippet":"max-snippet:-1","max-image-preview":"max-image-preview:large","max-video-preview":"max-video-preview:-1"},"canonical":"https:\/\/multi-gyn.com\/sk\/posvove-zdravie\/problemy\/ako-predchadzat-paleniu-posvy\/","og_locale":"sk_SK","og_type":"article","og_title":"Ako predch\u00e1dza\u0165 p\u00e1leniu po\u0161vy - Multi-Gyn","og_description":"P\u00e1lenie v po\u0161ve m\u00f4\u017ee by\u0165 ve\u013emi nepr\u00edjemn\u00e9, a preto je u\u017eito\u010dn\u00e9 vedie\u0165, ako predch\u00e1dza\u0165 t\u00fdmto dr\u00e1\u017ediv\u00fdm a bolestiv\u00fdm pocitom.","og_url":"https:\/\/multi-gyn.com\/sk\/posvove-zdravie\/problemy\/ako-predchadzat-paleniu-posvy\/","og_site_name":"Multi-Gyn","article_modified_time":"2023-09-20T09:48:25+00:00","twitter_card":"summary_large_image","twitter_misc":{"Predpokladan\u00fd \u010das \u010d\u00edtania":"3 min\u00faty"},"schema":{"@context":"https:\/\/schema.org","@graph":[{"@type":"WebPage","@id":"https:\/\/multi-gyn.com\/sk\/posvove-zdravie\/problemy\/ako-predchadzat-paleniu-posvy\/","url":"https:\/\/multi-gyn.com\/sk\/posvove-zdravie\/problemy\/ako-predchadzat-paleniu-posvy\/","name":"Ako predch\u00e1dza\u0165 p\u00e1leniu po\u0161vy - Multi-Gyn","isPartOf":{"@id":"https:\/\/multi-gyn.com\/sk\/#website"},"datePublished":"2023-06-02T11:46:51+00:00","dateModified":"2023-09-20T09:48:25+00:00","description":"P\u00e1lenie v po\u0161ve m\u00f4\u017ee by\u0165 ve\u013emi nepr\u00edjemn\u00e9, a preto je u\u017eito\u010dn\u00e9 vedie\u0165, ako predch\u00e1dza\u0165 t\u00fdmto dr\u00e1\u017ediv\u00fdm a bolestiv\u00fdm pocitom.","breadcrumb":{"@id":"https:\/\/multi-gyn.com\/sk\/posvove-zdravie\/problemy\/ako-predchadzat-paleniu-posvy\/#breadcrumb"},"inLanguage":"sk-SK","potentialAction":[{"@type":"ReadAction","target":["https:\/\/multi-gyn.com\/sk\/posvove-zdravie\/problemy\/ako-predchadzat-paleniu-posvy\/"]}]},{"@type":"BreadcrumbList","@id":"https:\/\/multi-gyn.com\/sk\/posvove-zdravie\/problemy\/ako-predchadzat-paleniu-posvy\/#breadcrumb","itemListElement":[{"@type":"ListItem","position":1,"name":"Home","item":"https:\/\/multi-gyn.com\/sk\/"},{"@type":"ListItem","position":2,"name":"Po\u0161vov\u00e9 zdravie","item":"https:\/\/multi-gyn.com\/sk\/posvove-zdravie\/"},{"@type":"ListItem","position":3,"name":"Probl\u00e9my","item":"https:\/\/multi-gyn.com\/sk\/posvove-zdravie\/problemy\/"},{"@type":"ListItem","position":4,"name":"Ako predch\u00e1dza\u0165 p\u00e1leniu po\u0161vy"}]},{"@type":"WebSite","@id":"https:\/\/multi-gyn.com\/sk\/#website","url":"https:\/\/multi-gyn.com\/sk\/","name":"Multi-Gyn","description":"","publisher":{"@id":"https:\/\/multi-gyn.com\/sk\/#organization"},"potentialAction":[{"@type":"SearchAction","target":{"@type":"EntryPoint","urlTemplate":"https:\/\/multi-gyn.com\/sk\/?s={search_term_string}"},"query-input":{"@type":"PropertyValueSpecification","valueRequired":true,"valueName":"search_term_string"}}],"inLanguage":"sk-SK"},{"@type":"Organization","@id":"https:\/\/multi-gyn.com\/sk\/#organization","name":"Multi-Gyn","url":"https:\/\/multi-gyn.com\/sk\/","logo":{"@type":"ImageObject","inLanguage":"sk-SK","@id":"https:\/\/multi-gyn.com\/sk\/#\/schema\/logo\/image\/","url":"https:\/\/multi-gyn.com\/app\/uploads\/sites\/48\/2023\/06\/multi-gyn-logo.png","contentUrl":"https:\/\/multi-gyn.com\/app\/uploads\/sites\/48\/2023\/06\/multi-gyn-logo.png","width":149,"height":32,"caption":"Multi-Gyn"},"image":{"@id":"https:\/\/multi-gyn.com\/sk\/#\/schema\/logo\/image\/"}}]}},"_links":{"self":[{"href":"https:\/\/multi-gyn.com\/sk\/wp-json\/wp\/v2\/pages\/118","targetHints":{"allow":["GET"]}}],"collection":[{"href":"https:\/\/multi-gyn.com\/sk\/wp-json\/wp\/v2\/pages"}],"about":[{"href":"https:\/\/multi-gyn.com\/sk\/wp-json\/wp\/v2\/types\/page"}],"author":[{"embeddable":true,"href":"https:\/\/multi-gyn.com\/sk\/wp-json\/wp\/v2\/users\/2"}],"replies":[{"embeddable":true,"href":"https:\/\/multi-gyn.com\/sk\/wp-json\/wp\/v2\/comments?post=118"}],"version-history":[{"count":5,"href":"https:\/\/multi-gyn.com\/sk\/wp-json\/wp\/v2\/pages\/118\/revisions"}],"predecessor-version":[{"id":572,"href":"https:\/\/multi-gyn.com\/sk\/wp-json\/wp\/v2\/pages\/118\/revisions\/572"}],"up":[{"embeddable":true,"href":"https:\/\/multi-gyn.com\/sk\/wp-json\/wp\/v2\/pages\/59"}],"wp:attachment":[{"href":"https:\/\/multi-gyn.com\/sk\/wp-json\/wp\/v2\/media?parent=118"}],"wp:term":[{"taxonomy":"from-article-database","embeddable":true,"href":"https:\/\/multi-gyn.com\/sk\/wp-json\/wp\/v2\/from-article-database?post=118"}],"curies":[{"name":"wp","href":"https:\/\/api.w.org\/{rel}","templated":true}]}}