{"id":119,"date":"2023-06-02T13:47:07","date_gmt":"2023-06-02T11:47:07","guid":{"rendered":"https:\/\/multi-gyn.com\/sk\/?page_id=119"},"modified":"2023-09-20T11:48:23","modified_gmt":"2023-09-20T09:48:23","slug":"palenie-v-posve","status":"publish","type":"page","link":"https:\/\/multi-gyn.com\/sk\/posvove-zdravie\/problemy\/palenie-v-posve\/","title":{"rendered":"P\u00e1lenie v po\u0161ve"},"content":{"rendered":"\n<div class=\"wp-block-karopharma-free-text pt-large pb-large bg-center bg-cover bg-no-repeat  is-style-primary\" style=\"background-image:url()\"><div class=\"free-text-wrapper container max-w-medium text-left\">\n<h1 class=\"is-style-heading-large wp-block-heading\">P\u00e1lenie v po\u0161ve<\/h1>\n\n\n\n<p class=\"is-style-paragraph-preamble\">V ur\u010ditej f\u00e1ze \u017eivota za\u017e\u00edva ka\u017ed\u00e1 \u017eena sk\u00fasenos\u0165 s po\u0161vov\u00fdmi probl\u00e9mami. Naj\u010dastej\u0161\u00edmi pr\u00edznakmi s\u00fa neprirodzen\u00fd v\u00fdtok, <a href=\"https:\/\/multi-gyn.com\/sk\/posvove-zdravie\/problemy\/posvovy-zapach-co-sposobuje-ten-silny-zapach\/\">z\u00e1pach<\/a>, <a href=\"https:\/\/multi-gyn.com\/sk\/posvove-zdravie\/problemy\/svrbenie-posvy-co-ho-sposobuje\/\">svrbenie<\/a>, boles\u0165 a p\u00e1lenie v po\u0161ve. Tieto pr\u00edznaky dok\u00e1\u017eu zna\u010dne znepr\u00edjemni\u0165 kvalitu \u017eivota. Rovnako m\u00f4\u017ee by\u0165 zasiahnut\u00fd aj V\u00e1\u0161 milostn\u00fd \u017eivot, ke\u010f\u017ee sa pohlavn\u00fd styk \u010dasto st\u00e1va ve\u013emi nepr\u00edjemn\u00fdm a dokonca bolestiv\u00fdm.<\/p>\n<\/div><\/div>\n\n\n\n<div class=\"wp-block-karopharma-free-text pt-large pb-large bg-center bg-cover bg-no-repeat\" style=\"background-image:url()\"><div class=\"free-text-wrapper container max-w-medium text-left\">\n<p>P\u00e1lenie v int\u00edmnej oblasti je v\u00e4\u010d\u0161inou pr\u00edznakom podr\u00e1\u017edenia alebo infekcie. To m\u00f4\u017ee by\u0165 sp\u00f4soben\u00e9:<\/p>\n\n\n\n<ul class=\"is-style-default wp-block-list\"><li>Bakteri\u00e1lnou vagin\u00f3zou<\/li><li>Kandidou (tie\u017e zn\u00e1mou pod n\u00e1zvom mykotick\u00e1 alebo kvasinkov\u00e1 infekcia)<\/li><li>Agres\u00edvnymi hygienick\u00fdmi pr\u00edpravkami, kr\u00e9mami, po\u0161vov\u00fdmi sprejmi, penov\u00fdmi k\u00fape\u013emi at\u010f. Tieto druhy pr\u00edpravkov \u010dasto obsahuj\u00fa dr\u00e1\u017ediv\u00e9 l\u00e1tky a alerg\u00e9ny, ktor\u00e9 m\u00f4\u017eu sp\u00f4sobova\u0165 p\u00e1lenie tesne po ich nanesen\u00ed.<\/li><li>Menopauzou. Nedostatok estrog\u00e9nu sp\u00f4sobuje sten\u010dovanie a zmr\u0161\u0165ovanie sa po\u0161vov\u00e9ho tkaniva, ako aj zni\u017eovanie prirodzenej lubrik\u00e1cie po\u0161vy potrebnej na bezbolestn\u00fd pohlavn\u00fd styk. To m\u00f4\u017ee sp\u00f4sobi\u0165 trenie a z\u00e1pal, ke\u010f\u017ee tkanivo u\u017e nie je tak elastick\u00e9 a hrub\u00e9, ako by bolo pri vy\u0161\u0161ej hladine estrog\u00e9nu.<\/li><li>Nedostato\u010dnou \u010di prehnanou hygienou, ktor\u00e1 nar\u00fa\u0161a ochrann\u00fa vrstvu poko\u017eky a umo\u017e\u0148uje tak pr\u00edstup mikr\u00f3bom, dr\u00e1\u017edidl\u00e1m a alerg\u00e9nom. Pou\u017e\u00edvanie be\u017en\u00fdch mydiel alebo agres\u00edvnych hygienick\u00fdch pr\u00edpravkov m\u00f4\u017ee naru\u0161i\u0165 povrchov\u00fa ochranu poko\u017eky a sp\u00f4sobi\u0165 z\u00e1pal alebo podr\u00e1\u017edenie.<\/li><li>Zmenami pH hodnoty po\u0161vy, ktor\u00e9 m\u00f4\u017eu by\u0165 zapr\u00ed\u010dinen\u00e9 mnoh\u00fdmi faktormi, vr\u00e1tane chor\u00f4b, bran\u00edm niektor\u00fdch liekov, pou\u017e\u00edvan\u00edm agres\u00edvnych mydiel \u010di hygienick\u00fdch pr\u00edpravkov.<\/li><li>Antibiotikami a antimykotikami<\/li><li>Cukrovkou<\/li><li>Syntetickou spodnou bieliz\u0148ou a tesn\u00fdm oble\u010den\u00edm<\/li><li>Podr\u00e1\u017eden\u00edm z prezervat\u00edvov, antikoncep\u010dn\u00fdch pr\u00edpravkov, lubrikantov \u010di spermi\u00ed.<\/li><\/ul>\n\n\n\n<p class=\"is-style-paragraph-preamble has-primary-color has-text-color\"><em>\u201eP\u00e1lenie v int\u00edmnej oblasti je zvy\u010dajne pr\u00edznakom podr\u00e1\u017edenia alebo infekcie.\u201c<\/em><\/p>\n\n\n\n<h2 class=\"is-style-heading-h2 wp-block-heading\">\u010co robi\u0165, ak m\u00e1te p\u00e1lenie v oblasti po\u0161vy?<\/h2>\n\n\n\n<p>Ak m\u00e1te podozrenie, \u017ee p\u00e1lenie je spojen\u00e9 s ned\u00e1vnym pou\u017eit\u00edm niektor\u00e9ho pr\u00edpravku, okam\u017eite si po\u0161vu d\u00f4kladne vypl\u00e1chnite, aby ste odstr\u00e1nili zbytky pr\u00edpravku a minimalizovali ich vplyv. Potom pou\u017eite pr\u00edrodn\u00fd upokojuj\u00faci pr\u00edpravok alebo po\u0161vov\u00fd g\u00e9l s prebiotikami, ktor\u00e9 podporuj\u00fa dobr\u00e9 po\u0161vov\u00e9 bakt\u00e9rie a poskytuj\u00fa okam\u017eit\u00fa \u00fa\u013eavu. Na prevenciu \u010fal\u0161\u00edch podobn\u00fdch probl\u00e9mov pou\u017e\u00edvajte pr\u00edrodn\u00e9 pr\u00edpravky, ktor\u00e9 neobsahuj\u00fa agres\u00edvne chemik\u00e1lie, parfumy a farbiv\u00e1.<\/p>\n\n\n\n<p>Ak sa u V\u00e1s prejavia pr\u00edznaky, ako v\u00fdtok, z\u00e1pach, svrbenie alebo boles\u0165, pravdepodobne m\u00e1te infekciu. Dohodnite si preto term\u00edn u lek\u00e1ra, ktor\u00fd V\u00e1m povie, \u010di sa skuto\u010dne jedn\u00e1 o infekciu. Existuj\u00fa dobr\u00e9, vysoko efekt\u00edvne, neantibiotick\u00e9 a neantimykotick\u00e9 pr\u00edpravky proti bakteri\u00e1lnej vagin\u00f3ze, kandide a na obnovenie mikrobi\u00e1lnej rovnov\u00e1hy.<\/p>\n\n\n\n<p>Ak m\u00e1te probl\u00e9my s p\u00e1len\u00edm v po\u0161ve sp\u00f4soben\u00e9 suchos\u0165ou, po\u017eiadajte svojho gynekol\u00f3ga o navrhnutie vhodn\u00e9ho rie\u0161enia t\u00fdchto probl\u00e9mov. M\u00f4\u017eu to by\u0165 estrog\u00e9nov\u00e9 kr\u00e9my, pr\u00edpravky na zvlh\u010dovanie po\u0161vov\u00e9ho prostredia a lubrikanty. Hlavn\u00fd rozdiel medzi pr\u00edpravkami na zvlh\u010denie po\u0161vov\u00e9ho prostredia a lubrikantmi je v tom, \u017ee prv\u00e1 skupina pr\u00edpravkov poskytuje dlhodobej\u0161iu \u00fa\u013eavu. S\u00fa vhodn\u00e9 hlavne v pr\u00edpadoch, ke\u010f V\u00e1m suchos\u0165 po\u0161vy sp\u00f4sobuje probl\u00e9my pri cvi\u010den\u00ed alebo pri ch\u00f4dzi. Lubrikanty s\u00fa ur\u010den\u00e9 na pou\u017eitie tesne pred pohlavn\u00fdm stykom a poskytuj\u00fa len kr\u00e1tkodob\u00fa \u00fa\u013eavu, \u010do v\u0161ak sta\u010d\u00ed na to, aby sexu\u00e1lny styk bol pr\u00edjemn\u00fd a bezbolestn\u00fd.<\/p>\n\n\n\n<p>Pokia\u013e sa u V\u00e1s prejav\u00ed podr\u00e1\u017edenie alebo z\u00e1pal, poskytnite Va\u0161ej po\u0161ve \u010das na vylie\u010denie a vyhnite sa pohlavn\u00e9mu styku, a\u017e k\u00fdm tieto probl\u00e9my \u00faplne nevymizn\u00fa. Pok\u00faste sa ne\u0161kraba\u0165 si postihnut\u00fa oblas\u0165, inak v\u0161etko len zhor\u0161\u00edte a sp\u00f4sob\u00edte si opuchnutie a boles\u0165.<\/p>\n<\/div><\/div>\n","protected":false},"excerpt":{"rendered":"","protected":false},"author":2,"featured_media":0,"parent":59,"menu_order":6,"comment_status":"closed","ping_status":"closed","template":"","meta":{"_acf_changed":false,"footnotes":""},"from-article-database":[],"class_list":["post-119","page","type-page","status-publish","hentry"],"acf":[],"yoast_head":"<!-- This site is optimized with the Yoast SEO plugin v26.6 - https:\/\/yoast.com\/wordpress\/plugins\/seo\/ -->\n<title>P\u00e1lenie v po\u0161ve - Multi-Gyn<\/title>\n<meta name=\"description\" content=\"V ur\u010ditej f\u00e1ze \u017eivota za\u017e\u00edva ka\u017ed\u00e1 \u017eena sk\u00fasenos\u0165 s po\u0161vov\u00fdmi probl\u00e9mami. Naj\u010dastej\u0161\u00edmi pr\u00edznakmi s\u00fa neprirodzen\u00fd v\u00fdtok, z\u00e1pach, svrbenie, boles\u0165 a p\u00e1lenie v po\u0161ve.\" \/>\n<meta name=\"robots\" content=\"index, follow, max-snippet:-1, max-image-preview:large, max-video-preview:-1\" \/>\n<link rel=\"canonical\" href=\"https:\/\/multi-gyn.com\/sk\/posvove-zdravie\/problemy\/palenie-v-posve\/\" \/>\n<meta property=\"og:locale\" content=\"sk_SK\" \/>\n<meta property=\"og:type\" content=\"article\" \/>\n<meta property=\"og:title\" content=\"P\u00e1lenie v po\u0161ve - Multi-Gyn\" \/>\n<meta property=\"og:description\" content=\"V ur\u010ditej f\u00e1ze \u017eivota za\u017e\u00edva ka\u017ed\u00e1 \u017eena sk\u00fasenos\u0165 s po\u0161vov\u00fdmi probl\u00e9mami. Naj\u010dastej\u0161\u00edmi pr\u00edznakmi s\u00fa neprirodzen\u00fd v\u00fdtok, z\u00e1pach, svrbenie, boles\u0165 a p\u00e1lenie v po\u0161ve.\" \/>\n<meta property=\"og:url\" content=\"https:\/\/multi-gyn.com\/sk\/posvove-zdravie\/problemy\/palenie-v-posve\/\" \/>\n<meta property=\"og:site_name\" content=\"Multi-Gyn\" \/>\n<meta property=\"article:modified_time\" content=\"2023-09-20T09:48:23+00:00\" \/>\n<meta name=\"twitter:card\" content=\"summary_large_image\" \/>\n<meta name=\"twitter:label1\" content=\"Predpokladan\u00fd \u010das \u010d\u00edtania\" \/>\n\t<meta name=\"twitter:data1\" content=\"3 min\u00faty\" \/>\n<script type=\"application\/ld+json\" class=\"yoast-schema-graph\">{\"@context\":\"https:\/\/schema.org\",\"@graph\":[{\"@type\":\"WebPage\",\"@id\":\"https:\/\/multi-gyn.com\/sk\/posvove-zdravie\/problemy\/palenie-v-posve\/\",\"url\":\"https:\/\/multi-gyn.com\/sk\/posvove-zdravie\/problemy\/palenie-v-posve\/\",\"name\":\"P\u00e1lenie v po\u0161ve - Multi-Gyn\",\"isPartOf\":{\"@id\":\"https:\/\/multi-gyn.com\/sk\/#website\"},\"datePublished\":\"2023-06-02T11:47:07+00:00\",\"dateModified\":\"2023-09-20T09:48:23+00:00\",\"description\":\"V ur\u010ditej f\u00e1ze \u017eivota za\u017e\u00edva ka\u017ed\u00e1 \u017eena sk\u00fasenos\u0165 s po\u0161vov\u00fdmi probl\u00e9mami. Naj\u010dastej\u0161\u00edmi pr\u00edznakmi s\u00fa neprirodzen\u00fd v\u00fdtok, z\u00e1pach, svrbenie, boles\u0165 a p\u00e1lenie v po\u0161ve.\",\"breadcrumb\":{\"@id\":\"https:\/\/multi-gyn.com\/sk\/posvove-zdravie\/problemy\/palenie-v-posve\/#breadcrumb\"},\"inLanguage\":\"sk-SK\",\"potentialAction\":[{\"@type\":\"ReadAction\",\"target\":[\"https:\/\/multi-gyn.com\/sk\/posvove-zdravie\/problemy\/palenie-v-posve\/\"]}]},{\"@type\":\"BreadcrumbList\",\"@id\":\"https:\/\/multi-gyn.com\/sk\/posvove-zdravie\/problemy\/palenie-v-posve\/#breadcrumb\",\"itemListElement\":[{\"@type\":\"ListItem\",\"position\":1,\"name\":\"Home\",\"item\":\"https:\/\/multi-gyn.com\/sk\/\"},{\"@type\":\"ListItem\",\"position\":2,\"name\":\"Po\u0161vov\u00e9 zdravie\",\"item\":\"https:\/\/multi-gyn.com\/sk\/posvove-zdravie\/\"},{\"@type\":\"ListItem\",\"position\":3,\"name\":\"Probl\u00e9my\",\"item\":\"https:\/\/multi-gyn.com\/sk\/posvove-zdravie\/problemy\/\"},{\"@type\":\"ListItem\",\"position\":4,\"name\":\"P\u00e1lenie v po\u0161ve\"}]},{\"@type\":\"WebSite\",\"@id\":\"https:\/\/multi-gyn.com\/sk\/#website\",\"url\":\"https:\/\/multi-gyn.com\/sk\/\",\"name\":\"Multi-Gyn\",\"description\":\"\",\"publisher\":{\"@id\":\"https:\/\/multi-gyn.com\/sk\/#organization\"},\"potentialAction\":[{\"@type\":\"SearchAction\",\"target\":{\"@type\":\"EntryPoint\",\"urlTemplate\":\"https:\/\/multi-gyn.com\/sk\/?s={search_term_string}\"},\"query-input\":{\"@type\":\"PropertyValueSpecification\",\"valueRequired\":true,\"valueName\":\"search_term_string\"}}],\"inLanguage\":\"sk-SK\"},{\"@type\":\"Organization\",\"@id\":\"https:\/\/multi-gyn.com\/sk\/#organization\",\"name\":\"Multi-Gyn\",\"url\":\"https:\/\/multi-gyn.com\/sk\/\",\"logo\":{\"@type\":\"ImageObject\",\"inLanguage\":\"sk-SK\",\"@id\":\"https:\/\/multi-gyn.com\/sk\/#\/schema\/logo\/image\/\",\"url\":\"https:\/\/multi-gyn.com\/app\/uploads\/sites\/48\/2023\/06\/multi-gyn-logo.png\",\"contentUrl\":\"https:\/\/multi-gyn.com\/app\/uploads\/sites\/48\/2023\/06\/multi-gyn-logo.png\",\"width\":149,\"height\":32,\"caption\":\"Multi-Gyn\"},\"image\":{\"@id\":\"https:\/\/multi-gyn.com\/sk\/#\/schema\/logo\/image\/\"}}]}<\/script>\n<!-- \/ Yoast SEO plugin. -->","yoast_head_json":{"title":"P\u00e1lenie v po\u0161ve - Multi-Gyn","description":"V ur\u010ditej f\u00e1ze \u017eivota za\u017e\u00edva ka\u017ed\u00e1 \u017eena sk\u00fasenos\u0165 s po\u0161vov\u00fdmi probl\u00e9mami. Naj\u010dastej\u0161\u00edmi pr\u00edznakmi s\u00fa neprirodzen\u00fd v\u00fdtok, z\u00e1pach, svrbenie, boles\u0165 a p\u00e1lenie v po\u0161ve.","robots":{"index":"index","follow":"follow","max-snippet":"max-snippet:-1","max-image-preview":"max-image-preview:large","max-video-preview":"max-video-preview:-1"},"canonical":"https:\/\/multi-gyn.com\/sk\/posvove-zdravie\/problemy\/palenie-v-posve\/","og_locale":"sk_SK","og_type":"article","og_title":"P\u00e1lenie v po\u0161ve - Multi-Gyn","og_description":"V ur\u010ditej f\u00e1ze \u017eivota za\u017e\u00edva ka\u017ed\u00e1 \u017eena sk\u00fasenos\u0165 s po\u0161vov\u00fdmi probl\u00e9mami. Naj\u010dastej\u0161\u00edmi pr\u00edznakmi s\u00fa neprirodzen\u00fd v\u00fdtok, z\u00e1pach, svrbenie, boles\u0165 a p\u00e1lenie v po\u0161ve.","og_url":"https:\/\/multi-gyn.com\/sk\/posvove-zdravie\/problemy\/palenie-v-posve\/","og_site_name":"Multi-Gyn","article_modified_time":"2023-09-20T09:48:23+00:00","twitter_card":"summary_large_image","twitter_misc":{"Predpokladan\u00fd \u010das \u010d\u00edtania":"3 min\u00faty"},"schema":{"@context":"https:\/\/schema.org","@graph":[{"@type":"WebPage","@id":"https:\/\/multi-gyn.com\/sk\/posvove-zdravie\/problemy\/palenie-v-posve\/","url":"https:\/\/multi-gyn.com\/sk\/posvove-zdravie\/problemy\/palenie-v-posve\/","name":"P\u00e1lenie v po\u0161ve - Multi-Gyn","isPartOf":{"@id":"https:\/\/multi-gyn.com\/sk\/#website"},"datePublished":"2023-06-02T11:47:07+00:00","dateModified":"2023-09-20T09:48:23+00:00","description":"V ur\u010ditej f\u00e1ze \u017eivota za\u017e\u00edva ka\u017ed\u00e1 \u017eena sk\u00fasenos\u0165 s po\u0161vov\u00fdmi probl\u00e9mami. Naj\u010dastej\u0161\u00edmi pr\u00edznakmi s\u00fa neprirodzen\u00fd v\u00fdtok, z\u00e1pach, svrbenie, boles\u0165 a p\u00e1lenie v po\u0161ve.","breadcrumb":{"@id":"https:\/\/multi-gyn.com\/sk\/posvove-zdravie\/problemy\/palenie-v-posve\/#breadcrumb"},"inLanguage":"sk-SK","potentialAction":[{"@type":"ReadAction","target":["https:\/\/multi-gyn.com\/sk\/posvove-zdravie\/problemy\/palenie-v-posve\/"]}]},{"@type":"BreadcrumbList","@id":"https:\/\/multi-gyn.com\/sk\/posvove-zdravie\/problemy\/palenie-v-posve\/#breadcrumb","itemListElement":[{"@type":"ListItem","position":1,"name":"Home","item":"https:\/\/multi-gyn.com\/sk\/"},{"@type":"ListItem","position":2,"name":"Po\u0161vov\u00e9 zdravie","item":"https:\/\/multi-gyn.com\/sk\/posvove-zdravie\/"},{"@type":"ListItem","position":3,"name":"Probl\u00e9my","item":"https:\/\/multi-gyn.com\/sk\/posvove-zdravie\/problemy\/"},{"@type":"ListItem","position":4,"name":"P\u00e1lenie v po\u0161ve"}]},{"@type":"WebSite","@id":"https:\/\/multi-gyn.com\/sk\/#website","url":"https:\/\/multi-gyn.com\/sk\/","name":"Multi-Gyn","description":"","publisher":{"@id":"https:\/\/multi-gyn.com\/sk\/#organization"},"potentialAction":[{"@type":"SearchAction","target":{"@type":"EntryPoint","urlTemplate":"https:\/\/multi-gyn.com\/sk\/?s={search_term_string}"},"query-input":{"@type":"PropertyValueSpecification","valueRequired":true,"valueName":"search_term_string"}}],"inLanguage":"sk-SK"},{"@type":"Organization","@id":"https:\/\/multi-gyn.com\/sk\/#organization","name":"Multi-Gyn","url":"https:\/\/multi-gyn.com\/sk\/","logo":{"@type":"ImageObject","inLanguage":"sk-SK","@id":"https:\/\/multi-gyn.com\/sk\/#\/schema\/logo\/image\/","url":"https:\/\/multi-gyn.com\/app\/uploads\/sites\/48\/2023\/06\/multi-gyn-logo.png","contentUrl":"https:\/\/multi-gyn.com\/app\/uploads\/sites\/48\/2023\/06\/multi-gyn-logo.png","width":149,"height":32,"caption":"Multi-Gyn"},"image":{"@id":"https:\/\/multi-gyn.com\/sk\/#\/schema\/logo\/image\/"}}]}},"_links":{"self":[{"href":"https:\/\/multi-gyn.com\/sk\/wp-json\/wp\/v2\/pages\/119","targetHints":{"allow":["GET"]}}],"collection":[{"href":"https:\/\/multi-gyn.com\/sk\/wp-json\/wp\/v2\/pages"}],"about":[{"href":"https:\/\/multi-gyn.com\/sk\/wp-json\/wp\/v2\/types\/page"}],"author":[{"embeddable":true,"href":"https:\/\/multi-gyn.com\/sk\/wp-json\/wp\/v2\/users\/2"}],"replies":[{"embeddable":true,"href":"https:\/\/multi-gyn.com\/sk\/wp-json\/wp\/v2\/comments?post=119"}],"version-history":[{"count":4,"href":"https:\/\/multi-gyn.com\/sk\/wp-json\/wp\/v2\/pages\/119\/revisions"}],"predecessor-version":[{"id":574,"href":"https:\/\/multi-gyn.com\/sk\/wp-json\/wp\/v2\/pages\/119\/revisions\/574"}],"up":[{"embeddable":true,"href":"https:\/\/multi-gyn.com\/sk\/wp-json\/wp\/v2\/pages\/59"}],"wp:attachment":[{"href":"https:\/\/multi-gyn.com\/sk\/wp-json\/wp\/v2\/media?parent=119"}],"wp:term":[{"taxonomy":"from-article-database","embeddable":true,"href":"https:\/\/multi-gyn.com\/sk\/wp-json\/wp\/v2\/from-article-database?post=119"}],"curies":[{"name":"wp","href":"https:\/\/api.w.org\/{rel}","templated":true}]}}