{"id":123,"date":"2023-06-02T13:49:22","date_gmt":"2023-06-02T11:49:22","guid":{"rendered":"https:\/\/multi-gyn.com\/sk\/?page_id=123"},"modified":"2023-09-20T11:48:17","modified_gmt":"2023-09-20T09:48:17","slug":"posvova-bolest","status":"publish","type":"page","link":"https:\/\/multi-gyn.com\/sk\/posvove-zdravie\/problemy\/posvova-bolest\/","title":{"rendered":"Po\u0161vov\u00e1 boles\u0165"},"content":{"rendered":"\n<div class=\"wp-block-karopharma-free-text pt-large pb-large bg-center bg-cover bg-no-repeat  is-style-primary\" style=\"background-image:url()\"><div class=\"free-text-wrapper container max-w-medium text-left\">\n<h1 class=\"is-style-heading-large wp-block-heading\">Po\u0161vov\u00e1 boles\u0165<\/h1>\n\n\n\n<p class=\"is-style-paragraph-preamble\">Pri v\u00fdskyte po\u0161vovej bolesti sa jedn\u00e1 oby\u010dajne o infekciu. Av\u0161ak boles\u0165 v int\u00edmnej oblasti m\u00f4\u017ee by\u0165 sp\u00f4soben\u00e1 aj podr\u00e1\u017eden\u00edm, po\u0161vovou suchos\u0165ou alebo hormon\u00e1lnymi zmenami. \u010eal\u0161ie pr\u00edznaky, ktor\u00e9 m\u00f4\u017eu sprev\u00e1dza\u0165 po\u0161vov\u00fa boles\u0165 s\u00fa svrbenie, p\u00e1lenie, pichanie \u010di pulzovanie.<\/p>\n<\/div><\/div>\n\n\n\n<div class=\"wp-block-karopharma-free-text pt-large pb-large bg-center bg-cover bg-no-repeat\" style=\"background-image:url()\"><div class=\"free-text-wrapper container max-w-medium text-left\">\n<p>Medzi naj\u010dastej\u0161ie pr\u00ed\u010diny po\u0161vovej bolesti patr\u00ed:<\/p>\n\n\n\n<ul class=\"is-style-default wp-block-list\"><li><strong>Kvasinkov\u00e1 infekcia<\/strong> \u2013 hoci kvasinkov\u00e1 infekcia nemus\u00ed boles\u0165 sp\u00f4sobova\u0165, je pr\u00ed\u010dinou svrbenia. \u0160krabanie int\u00edmnej oblasti m\u00f4\u017ee po\u0161kodi\u0165 poko\u017eku a vytvori\u0165 zdurenie sp\u00f4sobuj\u00face boles\u0165 a citlivos\u0165 tam dole. V pr\u00edpade, \u017ee m\u00e1te sklony k probl\u00e9mom s kvasinkovou infekciou alebo beriete antibiotik\u00e1, pou\u017e\u00edvajte prebiotick\u00e9 pr\u00edpravky, ktor\u00e9 podporuj\u00fa dobr\u00e9 bakt\u00e9rie a zni\u017euj\u00fa riziko vzniku infekcie.<\/li><li><strong>Podr\u00e1\u017edenie<\/strong> \u2013 pou\u017e\u00edvanie pr\u00edpravkov, ktor\u00e9 obsahuj\u00fa siln\u00e9 \u010distiace prostriedky, chemik\u00e1lie, parfumy alebo farbiv\u00e1 m\u00f4\u017ee podr\u00e1\u017edi\u0165 poko\u017eku a sp\u00f4sobi\u0165 z\u00e1pal ved\u00faci k zdureniu, bolesti a citlivosti v int\u00edmnej oblasti. Vyhnite sa pou\u017e\u00edvaniu ak\u00fdchko\u013evek pr\u00edpravkov, ktor\u00e9 by mohli obsahova\u0165 tak\u00e9to l\u00e1tky, vr\u00e1tane mydla, peny do k\u00fape\u013ea, po\u0161vov\u00fdch sprejov, telov\u00fdch mliek a kr\u00e9mov.<\/li><li>Pou\u017e\u00edvanie <strong>antibiotick\u00fdch<\/strong> \u010di <strong>steroidn\u00fdch lie\u010div<\/strong>. T\u00e1to skupina liekov zvy\u0161uje pravdepodobnos\u0165 nakazenia sa kvasinkovou infekciou.<\/li><li>Tehotenstvo. Po\u010das tehotenstva maj\u00fa \u017eeny v\u00e4\u010d\u0161ie sklony ku kvasinkovej infekcii a po\u0161vovej bolesti ako n\u00e1sledku z\u00e1palu.<\/li><li>Niektor\u00e9 <strong>sexu\u00e1lne prenosn\u00e9 choroby<\/strong>.<\/li><li><strong>Po\u0161vov\u00e1 suchos\u0165<\/strong>. Ke\u010f po\u0161va nem\u00e1 dostatok prirodzenej vlhkosti, zas\u00favanie pohlavn\u00e9ho \u00fadu do nej po\u010das pohlavn\u00e9ho styku m\u00f4\u017ee sp\u00f4sobi\u0165 zv\u00fd\u0161en\u00e9 trenie a poru\u0161enie tkaniva ved\u00face k z\u00e1palu a bolesti, a t\u00fdm k zn\u00ed\u017eeniu libida a strate pote\u0161enia z pohlavn\u00e9ho styku. Ak m\u00e1vate probl\u00e9my s po\u0161vovou suchos\u0165ou, sk\u00faste pou\u017e\u00edva\u0165 po\u0161vov\u00e9 pr\u00edpravky na zvlh\u010denie a lubrikanty, aby ste sa t\u00fdchto probl\u00e9mov zbavili. Pr\u00edpravok na zvlh\u010denie sa pou\u017e\u00edva dennodenne a m\u00e1 dlhodob\u00e9 \u00fa\u010dinky, zatia\u013e \u010do lubrikant sa pou\u017e\u00edva bezprostredne pred pohlavn\u00fdm stykom a jeho \u00fa\u010dinky s\u00fa len kr\u00e1tkodob\u00e9.<\/li><li><strong>Atrofia po\u0161vy<\/strong>. Tento stav je sp\u00f4soben\u00fd sten\u010dovan\u00edm po\u0161vovej sliznice, tkan\u00edv stien po\u0161vy a stratou elasticity z d\u00f4vodu poklesu hladiny estrog\u00e9nu, k \u010domu norm\u00e1lne doch\u00e1dza po\u010das menopauzy. Steny po\u0161vy, ktor\u00e9 s\u00fa tenk\u00e9 a such\u00e9 sa m\u00f4\u017eu pri penetr\u00e1cii (prieniku pohlavn\u00e9ho \u00fadu do po\u0161vy) \u013eahko po\u0161kodi\u0165 a zap\u00e1li\u0165, \u010do m\u00f4\u017ee vies\u0165 k p\u00e1leniu a bolesti.<\/li><\/ul>\n<\/div><\/div>\n","protected":false},"excerpt":{"rendered":"","protected":false},"author":2,"featured_media":0,"parent":59,"menu_order":7,"comment_status":"closed","ping_status":"closed","template":"","meta":{"_acf_changed":false,"footnotes":""},"from-article-database":[],"class_list":["post-123","page","type-page","status-publish","hentry"],"acf":[],"yoast_head":"<!-- This site is optimized with the Yoast SEO plugin v26.6 - https:\/\/yoast.com\/wordpress\/plugins\/seo\/ -->\n<title>Po\u0161vov\u00e1 boles\u0165 - Multi-Gyn<\/title>\n<meta name=\"description\" content=\"Pri v\u00fdskyte po\u0161vovej bolesti sa jedn\u00e1 oby\u010dajne o infekciu. Av\u0161ak boles\u0165 v int\u00edmnej oblasti m\u00f4\u017ee by\u0165 sp\u00f4soben\u00e1 aj podr\u00e1\u017eden\u00edm, po\u0161vovou suchos\u0165ou alebo hormon\u00e1lnymi zmenami.\" \/>\n<meta name=\"robots\" content=\"index, follow, max-snippet:-1, max-image-preview:large, max-video-preview:-1\" \/>\n<link rel=\"canonical\" href=\"https:\/\/multi-gyn.com\/sk\/posvove-zdravie\/problemy\/posvova-bolest\/\" \/>\n<meta property=\"og:locale\" content=\"sk_SK\" \/>\n<meta property=\"og:type\" content=\"article\" \/>\n<meta property=\"og:title\" content=\"Po\u0161vov\u00e1 boles\u0165 - Multi-Gyn\" \/>\n<meta property=\"og:description\" content=\"Pri v\u00fdskyte po\u0161vovej bolesti sa jedn\u00e1 oby\u010dajne o infekciu. Av\u0161ak boles\u0165 v int\u00edmnej oblasti m\u00f4\u017ee by\u0165 sp\u00f4soben\u00e1 aj podr\u00e1\u017eden\u00edm, po\u0161vovou suchos\u0165ou alebo hormon\u00e1lnymi zmenami.\" \/>\n<meta property=\"og:url\" content=\"https:\/\/multi-gyn.com\/sk\/posvove-zdravie\/problemy\/posvova-bolest\/\" \/>\n<meta property=\"og:site_name\" content=\"Multi-Gyn\" \/>\n<meta property=\"article:modified_time\" content=\"2023-09-20T09:48:17+00:00\" \/>\n<meta name=\"twitter:card\" content=\"summary_large_image\" \/>\n<meta name=\"twitter:label1\" content=\"Predpokladan\u00fd \u010das \u010d\u00edtania\" \/>\n\t<meta name=\"twitter:data1\" content=\"2 min\u00faty\" \/>\n<script type=\"application\/ld+json\" class=\"yoast-schema-graph\">{\"@context\":\"https:\/\/schema.org\",\"@graph\":[{\"@type\":\"WebPage\",\"@id\":\"https:\/\/multi-gyn.com\/sk\/posvove-zdravie\/problemy\/posvova-bolest\/\",\"url\":\"https:\/\/multi-gyn.com\/sk\/posvove-zdravie\/problemy\/posvova-bolest\/\",\"name\":\"Po\u0161vov\u00e1 boles\u0165 - Multi-Gyn\",\"isPartOf\":{\"@id\":\"https:\/\/multi-gyn.com\/sk\/#website\"},\"datePublished\":\"2023-06-02T11:49:22+00:00\",\"dateModified\":\"2023-09-20T09:48:17+00:00\",\"description\":\"Pri v\u00fdskyte po\u0161vovej bolesti sa jedn\u00e1 oby\u010dajne o infekciu. Av\u0161ak boles\u0165 v int\u00edmnej oblasti m\u00f4\u017ee by\u0165 sp\u00f4soben\u00e1 aj podr\u00e1\u017eden\u00edm, po\u0161vovou suchos\u0165ou alebo hormon\u00e1lnymi zmenami.\",\"breadcrumb\":{\"@id\":\"https:\/\/multi-gyn.com\/sk\/posvove-zdravie\/problemy\/posvova-bolest\/#breadcrumb\"},\"inLanguage\":\"sk-SK\",\"potentialAction\":[{\"@type\":\"ReadAction\",\"target\":[\"https:\/\/multi-gyn.com\/sk\/posvove-zdravie\/problemy\/posvova-bolest\/\"]}]},{\"@type\":\"BreadcrumbList\",\"@id\":\"https:\/\/multi-gyn.com\/sk\/posvove-zdravie\/problemy\/posvova-bolest\/#breadcrumb\",\"itemListElement\":[{\"@type\":\"ListItem\",\"position\":1,\"name\":\"Home\",\"item\":\"https:\/\/multi-gyn.com\/sk\/\"},{\"@type\":\"ListItem\",\"position\":2,\"name\":\"Po\u0161vov\u00e9 zdravie\",\"item\":\"https:\/\/multi-gyn.com\/sk\/posvove-zdravie\/\"},{\"@type\":\"ListItem\",\"position\":3,\"name\":\"Probl\u00e9my\",\"item\":\"https:\/\/multi-gyn.com\/sk\/posvove-zdravie\/problemy\/\"},{\"@type\":\"ListItem\",\"position\":4,\"name\":\"Po\u0161vov\u00e1 boles\u0165\"}]},{\"@type\":\"WebSite\",\"@id\":\"https:\/\/multi-gyn.com\/sk\/#website\",\"url\":\"https:\/\/multi-gyn.com\/sk\/\",\"name\":\"Multi-Gyn\",\"description\":\"\",\"publisher\":{\"@id\":\"https:\/\/multi-gyn.com\/sk\/#organization\"},\"potentialAction\":[{\"@type\":\"SearchAction\",\"target\":{\"@type\":\"EntryPoint\",\"urlTemplate\":\"https:\/\/multi-gyn.com\/sk\/?s={search_term_string}\"},\"query-input\":{\"@type\":\"PropertyValueSpecification\",\"valueRequired\":true,\"valueName\":\"search_term_string\"}}],\"inLanguage\":\"sk-SK\"},{\"@type\":\"Organization\",\"@id\":\"https:\/\/multi-gyn.com\/sk\/#organization\",\"name\":\"Multi-Gyn\",\"url\":\"https:\/\/multi-gyn.com\/sk\/\",\"logo\":{\"@type\":\"ImageObject\",\"inLanguage\":\"sk-SK\",\"@id\":\"https:\/\/multi-gyn.com\/sk\/#\/schema\/logo\/image\/\",\"url\":\"https:\/\/multi-gyn.com\/app\/uploads\/sites\/48\/2023\/06\/multi-gyn-logo.png\",\"contentUrl\":\"https:\/\/multi-gyn.com\/app\/uploads\/sites\/48\/2023\/06\/multi-gyn-logo.png\",\"width\":149,\"height\":32,\"caption\":\"Multi-Gyn\"},\"image\":{\"@id\":\"https:\/\/multi-gyn.com\/sk\/#\/schema\/logo\/image\/\"}}]}<\/script>\n<!-- \/ Yoast SEO plugin. -->","yoast_head_json":{"title":"Po\u0161vov\u00e1 boles\u0165 - Multi-Gyn","description":"Pri v\u00fdskyte po\u0161vovej bolesti sa jedn\u00e1 oby\u010dajne o infekciu. Av\u0161ak boles\u0165 v int\u00edmnej oblasti m\u00f4\u017ee by\u0165 sp\u00f4soben\u00e1 aj podr\u00e1\u017eden\u00edm, po\u0161vovou suchos\u0165ou alebo hormon\u00e1lnymi zmenami.","robots":{"index":"index","follow":"follow","max-snippet":"max-snippet:-1","max-image-preview":"max-image-preview:large","max-video-preview":"max-video-preview:-1"},"canonical":"https:\/\/multi-gyn.com\/sk\/posvove-zdravie\/problemy\/posvova-bolest\/","og_locale":"sk_SK","og_type":"article","og_title":"Po\u0161vov\u00e1 boles\u0165 - Multi-Gyn","og_description":"Pri v\u00fdskyte po\u0161vovej bolesti sa jedn\u00e1 oby\u010dajne o infekciu. Av\u0161ak boles\u0165 v int\u00edmnej oblasti m\u00f4\u017ee by\u0165 sp\u00f4soben\u00e1 aj podr\u00e1\u017eden\u00edm, po\u0161vovou suchos\u0165ou alebo hormon\u00e1lnymi zmenami.","og_url":"https:\/\/multi-gyn.com\/sk\/posvove-zdravie\/problemy\/posvova-bolest\/","og_site_name":"Multi-Gyn","article_modified_time":"2023-09-20T09:48:17+00:00","twitter_card":"summary_large_image","twitter_misc":{"Predpokladan\u00fd \u010das \u010d\u00edtania":"2 min\u00faty"},"schema":{"@context":"https:\/\/schema.org","@graph":[{"@type":"WebPage","@id":"https:\/\/multi-gyn.com\/sk\/posvove-zdravie\/problemy\/posvova-bolest\/","url":"https:\/\/multi-gyn.com\/sk\/posvove-zdravie\/problemy\/posvova-bolest\/","name":"Po\u0161vov\u00e1 boles\u0165 - Multi-Gyn","isPartOf":{"@id":"https:\/\/multi-gyn.com\/sk\/#website"},"datePublished":"2023-06-02T11:49:22+00:00","dateModified":"2023-09-20T09:48:17+00:00","description":"Pri v\u00fdskyte po\u0161vovej bolesti sa jedn\u00e1 oby\u010dajne o infekciu. Av\u0161ak boles\u0165 v int\u00edmnej oblasti m\u00f4\u017ee by\u0165 sp\u00f4soben\u00e1 aj podr\u00e1\u017eden\u00edm, po\u0161vovou suchos\u0165ou alebo hormon\u00e1lnymi zmenami.","breadcrumb":{"@id":"https:\/\/multi-gyn.com\/sk\/posvove-zdravie\/problemy\/posvova-bolest\/#breadcrumb"},"inLanguage":"sk-SK","potentialAction":[{"@type":"ReadAction","target":["https:\/\/multi-gyn.com\/sk\/posvove-zdravie\/problemy\/posvova-bolest\/"]}]},{"@type":"BreadcrumbList","@id":"https:\/\/multi-gyn.com\/sk\/posvove-zdravie\/problemy\/posvova-bolest\/#breadcrumb","itemListElement":[{"@type":"ListItem","position":1,"name":"Home","item":"https:\/\/multi-gyn.com\/sk\/"},{"@type":"ListItem","position":2,"name":"Po\u0161vov\u00e9 zdravie","item":"https:\/\/multi-gyn.com\/sk\/posvove-zdravie\/"},{"@type":"ListItem","position":3,"name":"Probl\u00e9my","item":"https:\/\/multi-gyn.com\/sk\/posvove-zdravie\/problemy\/"},{"@type":"ListItem","position":4,"name":"Po\u0161vov\u00e1 boles\u0165"}]},{"@type":"WebSite","@id":"https:\/\/multi-gyn.com\/sk\/#website","url":"https:\/\/multi-gyn.com\/sk\/","name":"Multi-Gyn","description":"","publisher":{"@id":"https:\/\/multi-gyn.com\/sk\/#organization"},"potentialAction":[{"@type":"SearchAction","target":{"@type":"EntryPoint","urlTemplate":"https:\/\/multi-gyn.com\/sk\/?s={search_term_string}"},"query-input":{"@type":"PropertyValueSpecification","valueRequired":true,"valueName":"search_term_string"}}],"inLanguage":"sk-SK"},{"@type":"Organization","@id":"https:\/\/multi-gyn.com\/sk\/#organization","name":"Multi-Gyn","url":"https:\/\/multi-gyn.com\/sk\/","logo":{"@type":"ImageObject","inLanguage":"sk-SK","@id":"https:\/\/multi-gyn.com\/sk\/#\/schema\/logo\/image\/","url":"https:\/\/multi-gyn.com\/app\/uploads\/sites\/48\/2023\/06\/multi-gyn-logo.png","contentUrl":"https:\/\/multi-gyn.com\/app\/uploads\/sites\/48\/2023\/06\/multi-gyn-logo.png","width":149,"height":32,"caption":"Multi-Gyn"},"image":{"@id":"https:\/\/multi-gyn.com\/sk\/#\/schema\/logo\/image\/"}}]}},"_links":{"self":[{"href":"https:\/\/multi-gyn.com\/sk\/wp-json\/wp\/v2\/pages\/123","targetHints":{"allow":["GET"]}}],"collection":[{"href":"https:\/\/multi-gyn.com\/sk\/wp-json\/wp\/v2\/pages"}],"about":[{"href":"https:\/\/multi-gyn.com\/sk\/wp-json\/wp\/v2\/types\/page"}],"author":[{"embeddable":true,"href":"https:\/\/multi-gyn.com\/sk\/wp-json\/wp\/v2\/users\/2"}],"replies":[{"embeddable":true,"href":"https:\/\/multi-gyn.com\/sk\/wp-json\/wp\/v2\/comments?post=123"}],"version-history":[{"count":3,"href":"https:\/\/multi-gyn.com\/sk\/wp-json\/wp\/v2\/pages\/123\/revisions"}],"predecessor-version":[{"id":576,"href":"https:\/\/multi-gyn.com\/sk\/wp-json\/wp\/v2\/pages\/123\/revisions\/576"}],"up":[{"embeddable":true,"href":"https:\/\/multi-gyn.com\/sk\/wp-json\/wp\/v2\/pages\/59"}],"wp:attachment":[{"href":"https:\/\/multi-gyn.com\/sk\/wp-json\/wp\/v2\/media?parent=123"}],"wp:term":[{"taxonomy":"from-article-database","embeddable":true,"href":"https:\/\/multi-gyn.com\/sk\/wp-json\/wp\/v2\/from-article-database?post=123"}],"curies":[{"name":"wp","href":"https:\/\/api.w.org\/{rel}","templated":true}]}}