{"id":124,"date":"2023-06-02T13:49:17","date_gmt":"2023-06-02T11:49:17","guid":{"rendered":"https:\/\/multi-gyn.com\/sk\/?page_id=124"},"modified":"2023-09-20T11:48:19","modified_gmt":"2023-09-20T09:48:19","slug":"silny-rybaci-zapach","status":"publish","type":"page","link":"https:\/\/multi-gyn.com\/sk\/posvove-zdravie\/problemy\/silny-rybaci-zapach\/","title":{"rendered":"Siln\u00fd rybac\u00ed z\u00e1pach"},"content":{"rendered":"\n<div class=\"wp-block-karopharma-free-text pt-large pb-large bg-center bg-cover bg-no-repeat  is-style-primary\" style=\"background-image:url()\"><div class=\"free-text-wrapper container max-w-medium text-left\">\n<h1 class=\"is-style-heading-large wp-block-heading\">Siln\u00fd rybac\u00ed z\u00e1pach<\/h1>\n\n\n\n<p class=\"is-style-paragraph-preamble\">Ka\u017ed\u00e1 \u017eena je in\u00e1: m\u00e1me odli\u0161n\u00e9 odtiene pleti, farbu vlasov, odolnos\u0165 nechtov a v\u0161etky m\u00e1me rozdielny pach. Zdrav\u00fd v\u00fdtok m\u00e1 oby\u010dajne slab\u00fd z\u00e1pach a m\u00f4\u017ee by\u0165 hust\u00fd alebo riedky, viac \u010di menej v\u00fddatn\u00fd, z\u00e1visiaci od f\u00e1zy men\u0161trua\u010dn\u00e9ho cyklu a moment\u00e1lnej hormon\u00e1lnej rovnov\u00e1hy. Pozorn\u00fdm vn\u00edman\u00edm n\u00e1\u0161ho v\u00fdtoku sa m\u00f4\u017eeme nau\u010di\u0165 predpoveda\u0165 svoju ovul\u00e1ciu \u010di men\u0161tru\u00e1ciu. Taktie\u017e budeme schopn\u00e9 rozozna\u0165 pr\u00edznaky, ako neobvykl\u00fa zmenu farby v\u00fdtoku, zv\u00fd\u0161en\u00e9 mno\u017estvo v\u00fdtoku \u010di rybac\u00ed z\u00e1pach a vedie\u0165, ako ich op\u00edsa\u0165 pri rozhovore s gynekol\u00f3gom.<\/p>\n<\/div><\/div>\n\n\n\n<div class=\"wp-block-karopharma-free-text pt-large pb-large bg-center bg-cover bg-no-repeat\" style=\"background-image:url()\"><div class=\"free-text-wrapper container max-w-medium text-left\">\n<h2 class=\"is-style-heading-h2 wp-block-heading\">\u010co vlastne siln\u00fd rybac\u00ed z\u00e1pach znamen\u00e1?<\/h2>\n\n\n\n<p>Zdrav\u00fa po\u0161vov\u00fa fl\u00f3ru tvoria preva\u017ene dobr\u00e9 bakt\u00e9rie (laktobacily), ale m\u00f4\u017ee sa tam nach\u00e1dza\u0165 aj mal\u00e9 mno\u017estvo \u201ezl\u00fdch\u201c mikroorganizmov. Tie s\u00fa v po\u0161ve udr\u017eiavan\u00e9 pod kontrolou nieko\u013ek\u00fdmi faktormi: n\u00edzkym pH (kyslos\u0165ou po\u0161vy) a antimikrobi\u00e1lnymi l\u00e1tkami, ktor\u00e9 produkuje v\u00fdstelka po\u0161vy alebo laktobacily. Za norm\u00e1lnych okolnost\u00ed laktobacily udr\u017eiavaj\u00fa tieto podmienky v nezmenenom stave, niekedy v\u0161ak vonkaj\u0161ie \u010dinitele (antibiotick\u00e1 lie\u010dba, z\u00e1sadit\u00fd ejakul\u00e1t, nespr\u00e1vna po\u0161vov\u00e1 hygiena) alebo vn\u00fatorn\u00e9 faktory (hormon\u00e1lne zmeny) m\u00f4\u017eu naru\u0161i\u0165 t\u00fato rovnov\u00e1hu a sp\u00f4sobi\u0165 tak premno\u017eenie \u0161kodliv\u00fdch bakt\u00e9ri\u00ed, \u010do m\u00e1 za n\u00e1sledok vznik po\u0161vov\u00fdch infekci\u00ed a po\u0161vov\u00e9ho diskomfortu. Jedn\u00fdm z t\u00fdchto probl\u00e9mov je tzv. bakteri\u00e1lna vagin\u00f3za, ktor\u00e1 je charakteristick\u00e1 bielym alebo siv\u00fdm riedkym v\u00fdtokom, siln\u00fdm rybac\u00edm z\u00e1pachom, podr\u00e1\u017eden\u00edm a boles\u0165ou v int\u00edmnej oblasti, a niekedy aj svrben\u00edm a za\u010dervenan\u00edm. V d\u00f4sledku bakteri\u00e1lnej nerovnov\u00e1hy a zn\u00ed\u017een\u00edm po\u010dtu laktobacilov doch\u00e1dza k zv\u00fd\u0161eniu pH, \u010do znamen\u00e1, \u017ee sa zn\u00ed\u017ei kyslos\u0165 po\u0161vov\u00e9ho prostredia.<\/p>\n\n\n\n<h2 class=\"is-style-heading-h2 wp-block-heading\">\u010co by ste mali robi\u0165 v pr\u00edpade, \u017ee m\u00e1te tieto probl\u00e9my?<\/h2>\n\n\n\n<p>Bakteri\u00e1lna vagin\u00f3za nemus\u00ed by\u0165 z\u00e1va\u017en\u00fdm probl\u00e9mom. \u010casto vznikne a po ur\u010ditom \u010dase sama vymizne, v niektor\u00fdch pr\u00edpadoch (tehotenstvo, oslaben\u00e1 imunita) v\u0161ak m\u00f4\u017ee ma\u0165 v\u00e1\u017enej\u0161ie n\u00e1sledky. Gynekol\u00f3g pos\u00fadi V\u00e1\u0161 stav a predp\u00ed\u0161e V\u00e1m vhodn\u00fa lie\u010dbu, ktor\u00e1 m\u00f4\u017ee zah\u0155\u0148a\u0165 antibiotik\u00e1. Alternat\u00edvou antibiotickej lie\u010dby je pou\u017e\u00edvanie pr\u00edrodn\u00fdch pr\u00edpravkov, ktor\u00e9 obnovuj\u00fa pH po\u0161vy, maj\u00fa minim\u00e1lne alebo \u017eiadne ved\u013eaj\u0161ie \u00fa\u010dinky a umo\u017e\u0148uj\u00fa prospe\u0161n\u00fdm bakt\u00e9ri\u00e1m prinavr\u00e1ti\u0165 rovnov\u00e1hu vo fl\u00f3re po\u0161vov\u00e9ho prostredia.<\/p>\n\n\n\n<p class=\"is-style-paragraph-preamble has-primary-color has-text-color\"><em>\u201eBakteri\u00e1lna vagin\u00f3za je charakteristick\u00e1 bielym alebo siv\u00fdm riedkym v\u00fdtokom, siln\u00fdm rybac\u00edm z\u00e1pachom, podr\u00e1\u017eden\u00edm a boles\u0165ou v int\u00edmnej oblasti, a niekedy aj svrben\u00edm a za\u010dervenan\u00edm.\u201c<\/em><\/p>\n<\/div><\/div>\n","protected":false},"excerpt":{"rendered":"","protected":false},"author":2,"featured_media":0,"parent":59,"menu_order":8,"comment_status":"closed","ping_status":"closed","template":"","meta":{"_acf_changed":false,"footnotes":""},"from-article-database":[],"class_list":["post-124","page","type-page","status-publish","hentry"],"acf":[],"yoast_head":"<!-- This site is optimized with the Yoast SEO plugin v26.6 - https:\/\/yoast.com\/wordpress\/plugins\/seo\/ -->\n<title>Siln\u00fd rybac\u00ed z\u00e1pach - Multi-Gyn<\/title>\n<meta name=\"description\" content=\"Ka\u017ed\u00e1 \u017eena je in\u00e1: m\u00e1me odli\u0161n\u00e9 odtiene pleti, farbu vlasov, odolnos\u0165 nechtov a v\u0161etky m\u00e1me rozdielny pach.\" \/>\n<meta name=\"robots\" content=\"index, follow, max-snippet:-1, max-image-preview:large, max-video-preview:-1\" \/>\n<link rel=\"canonical\" href=\"https:\/\/multi-gyn.com\/sk\/posvove-zdravie\/problemy\/silny-rybaci-zapach\/\" \/>\n<meta property=\"og:locale\" content=\"sk_SK\" \/>\n<meta property=\"og:type\" content=\"article\" \/>\n<meta property=\"og:title\" content=\"Siln\u00fd rybac\u00ed z\u00e1pach - Multi-Gyn\" \/>\n<meta property=\"og:description\" content=\"Ka\u017ed\u00e1 \u017eena je in\u00e1: m\u00e1me odli\u0161n\u00e9 odtiene pleti, farbu vlasov, odolnos\u0165 nechtov a v\u0161etky m\u00e1me rozdielny pach.\" \/>\n<meta property=\"og:url\" content=\"https:\/\/multi-gyn.com\/sk\/posvove-zdravie\/problemy\/silny-rybaci-zapach\/\" \/>\n<meta property=\"og:site_name\" content=\"Multi-Gyn\" \/>\n<meta property=\"article:modified_time\" content=\"2023-09-20T09:48:19+00:00\" \/>\n<meta name=\"twitter:card\" content=\"summary_large_image\" \/>\n<meta name=\"twitter:label1\" content=\"Predpokladan\u00fd \u010das \u010d\u00edtania\" \/>\n\t<meta name=\"twitter:data1\" content=\"2 min\u00faty\" \/>\n<script type=\"application\/ld+json\" class=\"yoast-schema-graph\">{\"@context\":\"https:\/\/schema.org\",\"@graph\":[{\"@type\":\"WebPage\",\"@id\":\"https:\/\/multi-gyn.com\/sk\/posvove-zdravie\/problemy\/silny-rybaci-zapach\/\",\"url\":\"https:\/\/multi-gyn.com\/sk\/posvove-zdravie\/problemy\/silny-rybaci-zapach\/\",\"name\":\"Siln\u00fd rybac\u00ed z\u00e1pach - Multi-Gyn\",\"isPartOf\":{\"@id\":\"https:\/\/multi-gyn.com\/sk\/#website\"},\"datePublished\":\"2023-06-02T11:49:17+00:00\",\"dateModified\":\"2023-09-20T09:48:19+00:00\",\"description\":\"Ka\u017ed\u00e1 \u017eena je in\u00e1: m\u00e1me odli\u0161n\u00e9 odtiene pleti, farbu vlasov, odolnos\u0165 nechtov a v\u0161etky m\u00e1me rozdielny pach.\",\"breadcrumb\":{\"@id\":\"https:\/\/multi-gyn.com\/sk\/posvove-zdravie\/problemy\/silny-rybaci-zapach\/#breadcrumb\"},\"inLanguage\":\"sk-SK\",\"potentialAction\":[{\"@type\":\"ReadAction\",\"target\":[\"https:\/\/multi-gyn.com\/sk\/posvove-zdravie\/problemy\/silny-rybaci-zapach\/\"]}]},{\"@type\":\"BreadcrumbList\",\"@id\":\"https:\/\/multi-gyn.com\/sk\/posvove-zdravie\/problemy\/silny-rybaci-zapach\/#breadcrumb\",\"itemListElement\":[{\"@type\":\"ListItem\",\"position\":1,\"name\":\"Home\",\"item\":\"https:\/\/multi-gyn.com\/sk\/\"},{\"@type\":\"ListItem\",\"position\":2,\"name\":\"Po\u0161vov\u00e9 zdravie\",\"item\":\"https:\/\/multi-gyn.com\/sk\/posvove-zdravie\/\"},{\"@type\":\"ListItem\",\"position\":3,\"name\":\"Probl\u00e9my\",\"item\":\"https:\/\/multi-gyn.com\/sk\/posvove-zdravie\/problemy\/\"},{\"@type\":\"ListItem\",\"position\":4,\"name\":\"Siln\u00fd rybac\u00ed z\u00e1pach\"}]},{\"@type\":\"WebSite\",\"@id\":\"https:\/\/multi-gyn.com\/sk\/#website\",\"url\":\"https:\/\/multi-gyn.com\/sk\/\",\"name\":\"Multi-Gyn\",\"description\":\"\",\"publisher\":{\"@id\":\"https:\/\/multi-gyn.com\/sk\/#organization\"},\"potentialAction\":[{\"@type\":\"SearchAction\",\"target\":{\"@type\":\"EntryPoint\",\"urlTemplate\":\"https:\/\/multi-gyn.com\/sk\/?s={search_term_string}\"},\"query-input\":{\"@type\":\"PropertyValueSpecification\",\"valueRequired\":true,\"valueName\":\"search_term_string\"}}],\"inLanguage\":\"sk-SK\"},{\"@type\":\"Organization\",\"@id\":\"https:\/\/multi-gyn.com\/sk\/#organization\",\"name\":\"Multi-Gyn\",\"url\":\"https:\/\/multi-gyn.com\/sk\/\",\"logo\":{\"@type\":\"ImageObject\",\"inLanguage\":\"sk-SK\",\"@id\":\"https:\/\/multi-gyn.com\/sk\/#\/schema\/logo\/image\/\",\"url\":\"https:\/\/multi-gyn.com\/app\/uploads\/sites\/48\/2023\/06\/multi-gyn-logo.png\",\"contentUrl\":\"https:\/\/multi-gyn.com\/app\/uploads\/sites\/48\/2023\/06\/multi-gyn-logo.png\",\"width\":149,\"height\":32,\"caption\":\"Multi-Gyn\"},\"image\":{\"@id\":\"https:\/\/multi-gyn.com\/sk\/#\/schema\/logo\/image\/\"}}]}<\/script>\n<!-- \/ Yoast SEO plugin. -->","yoast_head_json":{"title":"Siln\u00fd rybac\u00ed z\u00e1pach - Multi-Gyn","description":"Ka\u017ed\u00e1 \u017eena je in\u00e1: m\u00e1me odli\u0161n\u00e9 odtiene pleti, farbu vlasov, odolnos\u0165 nechtov a v\u0161etky m\u00e1me rozdielny pach.","robots":{"index":"index","follow":"follow","max-snippet":"max-snippet:-1","max-image-preview":"max-image-preview:large","max-video-preview":"max-video-preview:-1"},"canonical":"https:\/\/multi-gyn.com\/sk\/posvove-zdravie\/problemy\/silny-rybaci-zapach\/","og_locale":"sk_SK","og_type":"article","og_title":"Siln\u00fd rybac\u00ed z\u00e1pach - Multi-Gyn","og_description":"Ka\u017ed\u00e1 \u017eena je in\u00e1: m\u00e1me odli\u0161n\u00e9 odtiene pleti, farbu vlasov, odolnos\u0165 nechtov a v\u0161etky m\u00e1me rozdielny pach.","og_url":"https:\/\/multi-gyn.com\/sk\/posvove-zdravie\/problemy\/silny-rybaci-zapach\/","og_site_name":"Multi-Gyn","article_modified_time":"2023-09-20T09:48:19+00:00","twitter_card":"summary_large_image","twitter_misc":{"Predpokladan\u00fd \u010das \u010d\u00edtania":"2 min\u00faty"},"schema":{"@context":"https:\/\/schema.org","@graph":[{"@type":"WebPage","@id":"https:\/\/multi-gyn.com\/sk\/posvove-zdravie\/problemy\/silny-rybaci-zapach\/","url":"https:\/\/multi-gyn.com\/sk\/posvove-zdravie\/problemy\/silny-rybaci-zapach\/","name":"Siln\u00fd rybac\u00ed z\u00e1pach - Multi-Gyn","isPartOf":{"@id":"https:\/\/multi-gyn.com\/sk\/#website"},"datePublished":"2023-06-02T11:49:17+00:00","dateModified":"2023-09-20T09:48:19+00:00","description":"Ka\u017ed\u00e1 \u017eena je in\u00e1: m\u00e1me odli\u0161n\u00e9 odtiene pleti, farbu vlasov, odolnos\u0165 nechtov a v\u0161etky m\u00e1me rozdielny pach.","breadcrumb":{"@id":"https:\/\/multi-gyn.com\/sk\/posvove-zdravie\/problemy\/silny-rybaci-zapach\/#breadcrumb"},"inLanguage":"sk-SK","potentialAction":[{"@type":"ReadAction","target":["https:\/\/multi-gyn.com\/sk\/posvove-zdravie\/problemy\/silny-rybaci-zapach\/"]}]},{"@type":"BreadcrumbList","@id":"https:\/\/multi-gyn.com\/sk\/posvove-zdravie\/problemy\/silny-rybaci-zapach\/#breadcrumb","itemListElement":[{"@type":"ListItem","position":1,"name":"Home","item":"https:\/\/multi-gyn.com\/sk\/"},{"@type":"ListItem","position":2,"name":"Po\u0161vov\u00e9 zdravie","item":"https:\/\/multi-gyn.com\/sk\/posvove-zdravie\/"},{"@type":"ListItem","position":3,"name":"Probl\u00e9my","item":"https:\/\/multi-gyn.com\/sk\/posvove-zdravie\/problemy\/"},{"@type":"ListItem","position":4,"name":"Siln\u00fd rybac\u00ed z\u00e1pach"}]},{"@type":"WebSite","@id":"https:\/\/multi-gyn.com\/sk\/#website","url":"https:\/\/multi-gyn.com\/sk\/","name":"Multi-Gyn","description":"","publisher":{"@id":"https:\/\/multi-gyn.com\/sk\/#organization"},"potentialAction":[{"@type":"SearchAction","target":{"@type":"EntryPoint","urlTemplate":"https:\/\/multi-gyn.com\/sk\/?s={search_term_string}"},"query-input":{"@type":"PropertyValueSpecification","valueRequired":true,"valueName":"search_term_string"}}],"inLanguage":"sk-SK"},{"@type":"Organization","@id":"https:\/\/multi-gyn.com\/sk\/#organization","name":"Multi-Gyn","url":"https:\/\/multi-gyn.com\/sk\/","logo":{"@type":"ImageObject","inLanguage":"sk-SK","@id":"https:\/\/multi-gyn.com\/sk\/#\/schema\/logo\/image\/","url":"https:\/\/multi-gyn.com\/app\/uploads\/sites\/48\/2023\/06\/multi-gyn-logo.png","contentUrl":"https:\/\/multi-gyn.com\/app\/uploads\/sites\/48\/2023\/06\/multi-gyn-logo.png","width":149,"height":32,"caption":"Multi-Gyn"},"image":{"@id":"https:\/\/multi-gyn.com\/sk\/#\/schema\/logo\/image\/"}}]}},"_links":{"self":[{"href":"https:\/\/multi-gyn.com\/sk\/wp-json\/wp\/v2\/pages\/124","targetHints":{"allow":["GET"]}}],"collection":[{"href":"https:\/\/multi-gyn.com\/sk\/wp-json\/wp\/v2\/pages"}],"about":[{"href":"https:\/\/multi-gyn.com\/sk\/wp-json\/wp\/v2\/types\/page"}],"author":[{"embeddable":true,"href":"https:\/\/multi-gyn.com\/sk\/wp-json\/wp\/v2\/users\/2"}],"replies":[{"embeddable":true,"href":"https:\/\/multi-gyn.com\/sk\/wp-json\/wp\/v2\/comments?post=124"}],"version-history":[{"count":4,"href":"https:\/\/multi-gyn.com\/sk\/wp-json\/wp\/v2\/pages\/124\/revisions"}],"predecessor-version":[{"id":578,"href":"https:\/\/multi-gyn.com\/sk\/wp-json\/wp\/v2\/pages\/124\/revisions\/578"}],"up":[{"embeddable":true,"href":"https:\/\/multi-gyn.com\/sk\/wp-json\/wp\/v2\/pages\/59"}],"wp:attachment":[{"href":"https:\/\/multi-gyn.com\/sk\/wp-json\/wp\/v2\/media?parent=124"}],"wp:term":[{"taxonomy":"from-article-database","embeddable":true,"href":"https:\/\/multi-gyn.com\/sk\/wp-json\/wp\/v2\/from-article-database?post=124"}],"curies":[{"name":"wp","href":"https:\/\/api.w.org\/{rel}","templated":true}]}}