{"id":125,"date":"2023-06-02T13:49:11","date_gmt":"2023-06-02T11:49:11","guid":{"rendered":"https:\/\/multi-gyn.com\/sk\/?page_id=125"},"modified":"2023-09-20T11:48:21","modified_gmt":"2023-09-20T09:48:21","slug":"posvovy-diskomfort-naozaj-potrebujem-navstivit-gynekologa","status":"publish","type":"page","link":"https:\/\/multi-gyn.com\/sk\/posvove-zdravie\/problemy\/posvovy-diskomfort-naozaj-potrebujem-navstivit-gynekologa\/","title":{"rendered":"Po\u0161vov\u00fd diskomfort \u2013 naozaj potrebujem nav\u0161t\u00edvi\u0165 gynekol\u00f3ga?"},"content":{"rendered":"\n<div class=\"wp-block-karopharma-free-text pt-large pb-large bg-center bg-cover bg-no-repeat  is-style-primary\" style=\"background-image:url()\"><div class=\"free-text-wrapper container max-w-medium text-left\">\n<h1 class=\"is-style-heading-large wp-block-heading\">Po\u0161vov\u00fd diskomfort \u2013 naozaj potrebujem nav\u0161t\u00edvi\u0165 gynekol\u00f3ga?<\/h1>\n\n\n\n<p class=\"is-style-paragraph-preamble\">Kompletn\u00fd zoznam po\u0161vov\u00fdch probl\u00e9mov je ve\u013emi dlh\u00fd a zah\u0155\u0148a probl\u00e9my od abnorm\u00e1lneho v\u00fdtoku cez z\u00e1pach a\u017e po bolesti v oblasti panvy. Niektor\u00e9 z t\u00fdchto pr\u00edznakov s\u00fa prejavom men\u0161\u00edch probl\u00e9mov, ktor\u00e9 m\u00f4\u017eu by\u0165 lie\u010den\u00e9 pomocou vo\u013eno predajn\u00fdch liekov, zatia\u013e \u010do in\u00e9 vy\u017eaduj\u00fa gynekologick\u00e9 vy\u0161etrenie a primeran\u00fa lie\u010dbu. Pozrite sa na niektor\u00e9 z najbe\u017enej\u0161\u00edch po\u0161vov\u00fdch probl\u00e9mov a na krit\u00e9ri\u00e1, ktor\u00e9 V\u00e1m m\u00f4\u017eu pom\u00f4c\u0165 rozhodn\u00fa\u0165 sa, \u010di je potrebn\u00e9, aby ste sa objednali ku gynekol\u00f3govi.<\/p>\n<\/div><\/div>\n\n\n\n<div class=\"wp-block-karopharma-free-text pt-large pb-large bg-center bg-cover bg-no-repeat\" style=\"background-image:url()\"><div class=\"free-text-wrapper container max-w-medium text-left\">\n<h2 class=\"is-style-heading-h2 wp-block-heading\">Zmenen\u00fd v\u00fdtok<\/h2>\n\n\n\n<p>V\u00fdtok je za norm\u00e1lnych okolnost\u00ed \u010d\u00edry, biely alebo bledo\u017elt\u00fd, maz\u013eav\u00fd alebo lepiv\u00fd a jeho mno\u017estvo sa men\u00ed v z\u00e1vislosti od faktorov, ak\u00fdmi s\u00fa \u0161t\u00e1dium men\u0161trua\u010dn\u00e9ho cyklu, \u010di ste tehotn\u00e1 alebo m\u00e1te pohlavn\u00fd styk. Ak v\u0161ak zaznamen\u00e1te nejak\u00e9 n\u00e1hle alebo v\u00fdrazn\u00e9 zmeny, ako s\u00fa zmena farby, konzistencie (napr. hust\u00fd v\u00fdtok podobaj\u00faci sa hrudkovit\u00e9mu tvarohu je pr\u00edznakom kvasinkovej infekcie) \u010di mno\u017estva (i ke\u010f sa mno\u017estvo v\u00fdtoku v obdob\u00ed ovul\u00e1cie \u010di sexu\u00e1lneho vzru\u0161enia zvy\u0161uje, v\u00e4\u010d\u0161ie mno\u017estvo v\u00fdtoku ne\u017e oby\u010dajne je mo\u017en\u00fdm pr\u00edznakom vznikaj\u00facej infekcie), mali by ste v takom pr\u00edpade konzultova\u0165 svoje probl\u00e9my s gynekol\u00f3gom.<\/p>\n\n\n\n<h2 class=\"is-style-heading-h2 wp-block-heading\">Z\u00e1pach<\/h2>\n\n\n\n<p>S\u00edce m\u00e1 ka\u017ed\u00e1 po\u0161va svoju unik\u00e1tnu v\u00f4\u0148u, ak\u00fdko\u013evek z\u00e1pach, ktor\u00fd sa v\u00fdrazne l\u00ed\u0161i od be\u017en\u00e9ho by mal vzbudzova\u0165 podozrenie. Niektor\u00e9 druhy z\u00e1pachu s\u00fa charakteristick\u00e9 pre konkr\u00e9tne typy infekci\u00ed \u2013 napr\u00edklad rybac\u00ed z\u00e1pach je charakteristick\u00fd pre bakteri\u00e1lnu vagin\u00f3zu.<\/p>\n\n\n\n<h2 class=\"is-style-heading-h2 wp-block-heading\">Svrbenie<\/h2>\n\n\n\n<p>Svrbenie m\u00f4\u017ee by\u0165 pr\u00edznakom infekci\u00ed ako bakteri\u00e1lna vagin\u00f3za alebo kvasinkov\u00e1 infekcia, ale m\u00f4\u017ee by\u0165 aj prejavom podr\u00e1\u017edenia \u010di alergickej reakcie sp\u00f4sobenej napr\u00edklad prezervat\u00edvom alebo po\u0161vov\u00fdm sprejom. V takom pr\u00edpade m\u00f4\u017eu pr\u00edrodn\u00e9 upokojuj\u00face pr\u00edpravky pom\u00f4c\u0165 zmierni\u0165 podr\u00e1\u017edenie a pom\u00f4c\u0165 poko\u017eke zotavi\u0165 sa.<\/p>\n\n\n\n<h2 class=\"is-style-heading-h2 wp-block-heading\">P\u00e1lenie<\/h2>\n\n\n\n<p>Podobne ako svrbenie, aj p\u00e1lenie m\u00f4\u017ee by\u0165 pr\u00edznakom infekcie, ako aj \u010fal\u0161\u00edm pr\u00edznakom podr\u00e1\u017edenia. V pr\u00edpade, \u017ee po pou\u017eit\u00ed telov\u00e9ho mlieka alebo po\u0161vov\u00e9ho spreja poci\u0165ujete siln\u00e9 p\u00e1lenie, pok\u00faste sa \u010do najr\u00fdchlej\u0161ie zmy\u0165 v\u0161etky zostatky dan\u00e9ho pr\u00edpravku, aby ste minimalizovali podr\u00e1\u017edenie.<\/p>\n\n\n\n<h2 class=\"is-style-heading-h2 wp-block-heading\">Boles\u0165<\/h2>\n\n\n\n<p>Boles\u0165 po\u010das mo\u010denia m\u00f4\u017ee by\u0165 d\u00f4sledkom z\u00e1palu mo\u010dov\u00fdch ciest, ako aj po\u0161vovej infekcie. Boles\u0165 po\u010das pohlavn\u00e9ho styku b\u00fdva pr\u00edznakom po\u0161vovej infekcie, ale m\u00f4\u017ee tie\u017e indikova\u0165, \u017ee m\u00e1te endometri\u00f3zu. Naj\u010dastej\u0161ie je v\u0161ak nepr\u00edjemn\u00fdm n\u00e1sledkom po\u0161vovej suchosti. K nej v\u00e4\u010d\u0161inou doch\u00e1dza v obdob\u00ed menopauzy, ke\u010f je hladina estrog\u00e9nu n\u00edzka, \u010do sp\u00f4sobuje sten\u010denie po\u0161vovej sliznice a stien po\u0161vy, zn\u00ed\u017eenie elasticity po\u0161vy a redukciu prirodzenej lubrik\u00e1cie. Ke\u010f po\u0161va nem\u00e1 dostato\u010dn\u00fa lubrik\u00e1ciu, zas\u00favanie pohlavn\u00e9ho \u00fadu do nej m\u00f4\u017ee sp\u00f4sobi\u0165 trenie a n\u00e1sledn\u00e9 po\u0161kodenie tkaniva, \u010d\u00edm vznik\u00e1 boles\u0165 a v hor\u0161om pr\u00edpade infekcia. Ak trp\u00edte po\u0161vovou suchos\u0165ou, vysk\u00fa\u0161ajte pou\u017e\u00edva\u0165 pr\u00edpravok na zvlh\u010denie po\u0161vy alebo lubrikant. Pr\u00edpravok na zvlh\u010denie sa pou\u017e\u00edva dennodenne, m\u00e1 dlhodob\u00e9 \u00fa\u010dinky a zbav\u00ed v\u00e1s bolesti a trenia, zatia\u013e \u010do lubrikant sa pou\u017e\u00edva bezprostredne pred pohlavn\u00fdm stykom a m\u00e1 kr\u00e1tkodob\u00e9 \u00fa\u010dinky.<\/p>\n\n\n\n<p>Po\u0161vov\u00e9 probl\u00e9my m\u00f4\u017eu ma\u0165 r\u00f4zne pr\u00ed\u010diny, niektor\u00e9 s\u00fa z\u00e1va\u017enej\u0161ie ne\u017e ostatn\u00e9. Ak si v\u0161imnete niektor\u00e9 z vy\u0161\u0161ie spom\u00ednan\u00fdch pr\u00edznakov alebo in\u00e9 nezvy\u010dajn\u00e9 zmeny, mali by ste kontaktova\u0165 svojho gynekol\u00f3ga a prediskutova\u0165 s n\u00edm vhodn\u00fa lie\u010dbu.<\/p>\n\n\n\n<p class=\"is-style-paragraph-preamble has-primary-color has-text-color\"><em>\u201ePo\u0161vov\u00e9 probl\u00e9my m\u00f4\u017eu ma\u0165 r\u00f4zne pr\u00ed\u010diny, niektor\u00e9 s\u00fa z\u00e1va\u017enej\u0161ie ne\u017e ostatn\u00e9.\u201c<\/em><\/p>\n<\/div><\/div>\n","protected":false},"excerpt":{"rendered":"","protected":false},"author":2,"featured_media":0,"parent":59,"menu_order":9,"comment_status":"closed","ping_status":"closed","template":"","meta":{"_acf_changed":false,"footnotes":""},"from-article-database":[],"class_list":["post-125","page","type-page","status-publish","hentry"],"acf":[],"yoast_head":"<!-- This site is optimized with the Yoast SEO plugin v26.6 - https:\/\/yoast.com\/wordpress\/plugins\/seo\/ -->\n<title>Po\u0161vov\u00fd diskomfort \u2013 naozaj potrebujem nav\u0161t\u00edvi\u0165 gynekol\u00f3ga? - Multi-Gyn<\/title>\n<meta name=\"description\" content=\"Pozrite sa na niektor\u00e9 z najbe\u017enej\u0161\u00edch po\u0161vov\u00fdch probl\u00e9mov a na krit\u00e9ri\u00e1, ktor\u00e9 V\u00e1m m\u00f4\u017eu pom\u00f4c\u0165 rozhodn\u00fa\u0165 sa, \u010di je potrebn\u00e9, aby ste sa objednali ku gynekol\u00f3govi.\" \/>\n<meta name=\"robots\" content=\"index, follow, max-snippet:-1, max-image-preview:large, max-video-preview:-1\" \/>\n<link rel=\"canonical\" href=\"https:\/\/multi-gyn.com\/sk\/posvove-zdravie\/problemy\/posvovy-diskomfort-naozaj-potrebujem-navstivit-gynekologa\/\" \/>\n<meta property=\"og:locale\" content=\"sk_SK\" \/>\n<meta property=\"og:type\" content=\"article\" \/>\n<meta property=\"og:title\" content=\"Po\u0161vov\u00fd diskomfort \u2013 naozaj potrebujem nav\u0161t\u00edvi\u0165 gynekol\u00f3ga? - Multi-Gyn\" \/>\n<meta property=\"og:description\" content=\"Pozrite sa na niektor\u00e9 z najbe\u017enej\u0161\u00edch po\u0161vov\u00fdch probl\u00e9mov a na krit\u00e9ri\u00e1, ktor\u00e9 V\u00e1m m\u00f4\u017eu pom\u00f4c\u0165 rozhodn\u00fa\u0165 sa, \u010di je potrebn\u00e9, aby ste sa objednali ku gynekol\u00f3govi.\" \/>\n<meta property=\"og:url\" content=\"https:\/\/multi-gyn.com\/sk\/posvove-zdravie\/problemy\/posvovy-diskomfort-naozaj-potrebujem-navstivit-gynekologa\/\" \/>\n<meta property=\"og:site_name\" content=\"Multi-Gyn\" \/>\n<meta property=\"article:modified_time\" content=\"2023-09-20T09:48:21+00:00\" \/>\n<meta name=\"twitter:card\" content=\"summary_large_image\" \/>\n<meta name=\"twitter:label1\" content=\"Predpokladan\u00fd \u010das \u010d\u00edtania\" \/>\n\t<meta name=\"twitter:data1\" content=\"3 min\u00faty\" \/>\n<script type=\"application\/ld+json\" class=\"yoast-schema-graph\">{\"@context\":\"https:\/\/schema.org\",\"@graph\":[{\"@type\":\"WebPage\",\"@id\":\"https:\/\/multi-gyn.com\/sk\/posvove-zdravie\/problemy\/posvovy-diskomfort-naozaj-potrebujem-navstivit-gynekologa\/\",\"url\":\"https:\/\/multi-gyn.com\/sk\/posvove-zdravie\/problemy\/posvovy-diskomfort-naozaj-potrebujem-navstivit-gynekologa\/\",\"name\":\"Po\u0161vov\u00fd diskomfort \u2013 naozaj potrebujem nav\u0161t\u00edvi\u0165 gynekol\u00f3ga? - Multi-Gyn\",\"isPartOf\":{\"@id\":\"https:\/\/multi-gyn.com\/sk\/#website\"},\"datePublished\":\"2023-06-02T11:49:11+00:00\",\"dateModified\":\"2023-09-20T09:48:21+00:00\",\"description\":\"Pozrite sa na niektor\u00e9 z najbe\u017enej\u0161\u00edch po\u0161vov\u00fdch probl\u00e9mov a na krit\u00e9ri\u00e1, ktor\u00e9 V\u00e1m m\u00f4\u017eu pom\u00f4c\u0165 rozhodn\u00fa\u0165 sa, \u010di je potrebn\u00e9, aby ste sa objednali ku gynekol\u00f3govi.\",\"breadcrumb\":{\"@id\":\"https:\/\/multi-gyn.com\/sk\/posvove-zdravie\/problemy\/posvovy-diskomfort-naozaj-potrebujem-navstivit-gynekologa\/#breadcrumb\"},\"inLanguage\":\"sk-SK\",\"potentialAction\":[{\"@type\":\"ReadAction\",\"target\":[\"https:\/\/multi-gyn.com\/sk\/posvove-zdravie\/problemy\/posvovy-diskomfort-naozaj-potrebujem-navstivit-gynekologa\/\"]}]},{\"@type\":\"BreadcrumbList\",\"@id\":\"https:\/\/multi-gyn.com\/sk\/posvove-zdravie\/problemy\/posvovy-diskomfort-naozaj-potrebujem-navstivit-gynekologa\/#breadcrumb\",\"itemListElement\":[{\"@type\":\"ListItem\",\"position\":1,\"name\":\"Home\",\"item\":\"https:\/\/multi-gyn.com\/sk\/\"},{\"@type\":\"ListItem\",\"position\":2,\"name\":\"Po\u0161vov\u00e9 zdravie\",\"item\":\"https:\/\/multi-gyn.com\/sk\/posvove-zdravie\/\"},{\"@type\":\"ListItem\",\"position\":3,\"name\":\"Probl\u00e9my\",\"item\":\"https:\/\/multi-gyn.com\/sk\/posvove-zdravie\/problemy\/\"},{\"@type\":\"ListItem\",\"position\":4,\"name\":\"Po\u0161vov\u00fd diskomfort \u2013 naozaj potrebujem nav\u0161t\u00edvi\u0165 gynekol\u00f3ga?\"}]},{\"@type\":\"WebSite\",\"@id\":\"https:\/\/multi-gyn.com\/sk\/#website\",\"url\":\"https:\/\/multi-gyn.com\/sk\/\",\"name\":\"Multi-Gyn\",\"description\":\"\",\"publisher\":{\"@id\":\"https:\/\/multi-gyn.com\/sk\/#organization\"},\"potentialAction\":[{\"@type\":\"SearchAction\",\"target\":{\"@type\":\"EntryPoint\",\"urlTemplate\":\"https:\/\/multi-gyn.com\/sk\/?s={search_term_string}\"},\"query-input\":{\"@type\":\"PropertyValueSpecification\",\"valueRequired\":true,\"valueName\":\"search_term_string\"}}],\"inLanguage\":\"sk-SK\"},{\"@type\":\"Organization\",\"@id\":\"https:\/\/multi-gyn.com\/sk\/#organization\",\"name\":\"Multi-Gyn\",\"url\":\"https:\/\/multi-gyn.com\/sk\/\",\"logo\":{\"@type\":\"ImageObject\",\"inLanguage\":\"sk-SK\",\"@id\":\"https:\/\/multi-gyn.com\/sk\/#\/schema\/logo\/image\/\",\"url\":\"https:\/\/multi-gyn.com\/app\/uploads\/sites\/48\/2023\/06\/multi-gyn-logo.png\",\"contentUrl\":\"https:\/\/multi-gyn.com\/app\/uploads\/sites\/48\/2023\/06\/multi-gyn-logo.png\",\"width\":149,\"height\":32,\"caption\":\"Multi-Gyn\"},\"image\":{\"@id\":\"https:\/\/multi-gyn.com\/sk\/#\/schema\/logo\/image\/\"}}]}<\/script>\n<!-- \/ Yoast SEO plugin. -->","yoast_head_json":{"title":"Po\u0161vov\u00fd diskomfort \u2013 naozaj potrebujem nav\u0161t\u00edvi\u0165 gynekol\u00f3ga? - Multi-Gyn","description":"Pozrite sa na niektor\u00e9 z najbe\u017enej\u0161\u00edch po\u0161vov\u00fdch probl\u00e9mov a na krit\u00e9ri\u00e1, ktor\u00e9 V\u00e1m m\u00f4\u017eu pom\u00f4c\u0165 rozhodn\u00fa\u0165 sa, \u010di je potrebn\u00e9, aby ste sa objednali ku gynekol\u00f3govi.","robots":{"index":"index","follow":"follow","max-snippet":"max-snippet:-1","max-image-preview":"max-image-preview:large","max-video-preview":"max-video-preview:-1"},"canonical":"https:\/\/multi-gyn.com\/sk\/posvove-zdravie\/problemy\/posvovy-diskomfort-naozaj-potrebujem-navstivit-gynekologa\/","og_locale":"sk_SK","og_type":"article","og_title":"Po\u0161vov\u00fd diskomfort \u2013 naozaj potrebujem nav\u0161t\u00edvi\u0165 gynekol\u00f3ga? - Multi-Gyn","og_description":"Pozrite sa na niektor\u00e9 z najbe\u017enej\u0161\u00edch po\u0161vov\u00fdch probl\u00e9mov a na krit\u00e9ri\u00e1, ktor\u00e9 V\u00e1m m\u00f4\u017eu pom\u00f4c\u0165 rozhodn\u00fa\u0165 sa, \u010di je potrebn\u00e9, aby ste sa objednali ku gynekol\u00f3govi.","og_url":"https:\/\/multi-gyn.com\/sk\/posvove-zdravie\/problemy\/posvovy-diskomfort-naozaj-potrebujem-navstivit-gynekologa\/","og_site_name":"Multi-Gyn","article_modified_time":"2023-09-20T09:48:21+00:00","twitter_card":"summary_large_image","twitter_misc":{"Predpokladan\u00fd \u010das \u010d\u00edtania":"3 min\u00faty"},"schema":{"@context":"https:\/\/schema.org","@graph":[{"@type":"WebPage","@id":"https:\/\/multi-gyn.com\/sk\/posvove-zdravie\/problemy\/posvovy-diskomfort-naozaj-potrebujem-navstivit-gynekologa\/","url":"https:\/\/multi-gyn.com\/sk\/posvove-zdravie\/problemy\/posvovy-diskomfort-naozaj-potrebujem-navstivit-gynekologa\/","name":"Po\u0161vov\u00fd diskomfort \u2013 naozaj potrebujem nav\u0161t\u00edvi\u0165 gynekol\u00f3ga? - Multi-Gyn","isPartOf":{"@id":"https:\/\/multi-gyn.com\/sk\/#website"},"datePublished":"2023-06-02T11:49:11+00:00","dateModified":"2023-09-20T09:48:21+00:00","description":"Pozrite sa na niektor\u00e9 z najbe\u017enej\u0161\u00edch po\u0161vov\u00fdch probl\u00e9mov a na krit\u00e9ri\u00e1, ktor\u00e9 V\u00e1m m\u00f4\u017eu pom\u00f4c\u0165 rozhodn\u00fa\u0165 sa, \u010di je potrebn\u00e9, aby ste sa objednali ku gynekol\u00f3govi.","breadcrumb":{"@id":"https:\/\/multi-gyn.com\/sk\/posvove-zdravie\/problemy\/posvovy-diskomfort-naozaj-potrebujem-navstivit-gynekologa\/#breadcrumb"},"inLanguage":"sk-SK","potentialAction":[{"@type":"ReadAction","target":["https:\/\/multi-gyn.com\/sk\/posvove-zdravie\/problemy\/posvovy-diskomfort-naozaj-potrebujem-navstivit-gynekologa\/"]}]},{"@type":"BreadcrumbList","@id":"https:\/\/multi-gyn.com\/sk\/posvove-zdravie\/problemy\/posvovy-diskomfort-naozaj-potrebujem-navstivit-gynekologa\/#breadcrumb","itemListElement":[{"@type":"ListItem","position":1,"name":"Home","item":"https:\/\/multi-gyn.com\/sk\/"},{"@type":"ListItem","position":2,"name":"Po\u0161vov\u00e9 zdravie","item":"https:\/\/multi-gyn.com\/sk\/posvove-zdravie\/"},{"@type":"ListItem","position":3,"name":"Probl\u00e9my","item":"https:\/\/multi-gyn.com\/sk\/posvove-zdravie\/problemy\/"},{"@type":"ListItem","position":4,"name":"Po\u0161vov\u00fd diskomfort \u2013 naozaj potrebujem nav\u0161t\u00edvi\u0165 gynekol\u00f3ga?"}]},{"@type":"WebSite","@id":"https:\/\/multi-gyn.com\/sk\/#website","url":"https:\/\/multi-gyn.com\/sk\/","name":"Multi-Gyn","description":"","publisher":{"@id":"https:\/\/multi-gyn.com\/sk\/#organization"},"potentialAction":[{"@type":"SearchAction","target":{"@type":"EntryPoint","urlTemplate":"https:\/\/multi-gyn.com\/sk\/?s={search_term_string}"},"query-input":{"@type":"PropertyValueSpecification","valueRequired":true,"valueName":"search_term_string"}}],"inLanguage":"sk-SK"},{"@type":"Organization","@id":"https:\/\/multi-gyn.com\/sk\/#organization","name":"Multi-Gyn","url":"https:\/\/multi-gyn.com\/sk\/","logo":{"@type":"ImageObject","inLanguage":"sk-SK","@id":"https:\/\/multi-gyn.com\/sk\/#\/schema\/logo\/image\/","url":"https:\/\/multi-gyn.com\/app\/uploads\/sites\/48\/2023\/06\/multi-gyn-logo.png","contentUrl":"https:\/\/multi-gyn.com\/app\/uploads\/sites\/48\/2023\/06\/multi-gyn-logo.png","width":149,"height":32,"caption":"Multi-Gyn"},"image":{"@id":"https:\/\/multi-gyn.com\/sk\/#\/schema\/logo\/image\/"}}]}},"_links":{"self":[{"href":"https:\/\/multi-gyn.com\/sk\/wp-json\/wp\/v2\/pages\/125","targetHints":{"allow":["GET"]}}],"collection":[{"href":"https:\/\/multi-gyn.com\/sk\/wp-json\/wp\/v2\/pages"}],"about":[{"href":"https:\/\/multi-gyn.com\/sk\/wp-json\/wp\/v2\/types\/page"}],"author":[{"embeddable":true,"href":"https:\/\/multi-gyn.com\/sk\/wp-json\/wp\/v2\/users\/2"}],"replies":[{"embeddable":true,"href":"https:\/\/multi-gyn.com\/sk\/wp-json\/wp\/v2\/comments?post=125"}],"version-history":[{"count":4,"href":"https:\/\/multi-gyn.com\/sk\/wp-json\/wp\/v2\/pages\/125\/revisions"}],"predecessor-version":[{"id":580,"href":"https:\/\/multi-gyn.com\/sk\/wp-json\/wp\/v2\/pages\/125\/revisions\/580"}],"up":[{"embeddable":true,"href":"https:\/\/multi-gyn.com\/sk\/wp-json\/wp\/v2\/pages\/59"}],"wp:attachment":[{"href":"https:\/\/multi-gyn.com\/sk\/wp-json\/wp\/v2\/media?parent=125"}],"wp:term":[{"taxonomy":"from-article-database","embeddable":true,"href":"https:\/\/multi-gyn.com\/sk\/wp-json\/wp\/v2\/from-article-database?post=125"}],"curies":[{"name":"wp","href":"https:\/\/api.w.org\/{rel}","templated":true}]}}