{"id":129,"date":"2023-06-02T13:49:46","date_gmt":"2023-06-02T11:49:46","guid":{"rendered":"https:\/\/multi-gyn.com\/sk\/?page_id=129"},"modified":"2023-09-20T11:48:15","modified_gmt":"2023-09-20T09:48:15","slug":"sposobuju-obtiahnute-dzinsy-posvove-infekcie","status":"publish","type":"page","link":"https:\/\/multi-gyn.com\/sk\/posvove-zdravie\/problemy\/sposobuju-obtiahnute-dzinsy-posvove-infekcie\/","title":{"rendered":"Sp\u00f4sobuj\u00fa obtiahnut\u00e9 d\u017e\u00ednsy po\u0161vov\u00e9 infekcie?"},"content":{"rendered":"\n<div class=\"wp-block-karopharma-free-text pt-large pb-large bg-center bg-cover bg-no-repeat  is-style-primary\" style=\"background-image:url()\"><div class=\"free-text-wrapper container max-w-medium text-left\">\n<h1 class=\"is-style-heading-large wp-block-heading\">Sp\u00f4sobuj\u00fa obtiahnut\u00e9 d\u017e\u00ednsy po\u0161vov\u00e9 infekcie?<\/h1>\n\n\n\n<p class=\"is-style-paragraph-preamble\">Obtiahnut\u00e9 d\u017e\u00ednsy patria medzi ob\u013e\u00faben\u00e9 k\u00fasky \u017eensk\u00e9ho oble\u010denia a s\u00fa popul\u00e1rne medzi \u017eenami v ka\u017edom veku. Skvelo sedia a dobre vyzeraj\u00fa \u2013 tak pre\u010do by ste ich nemohli nosi\u0165 ka\u017ed\u00fd de\u0148? Verte tomu \u010di nie, obtiahnut\u00e9 rifle m\u00f4\u017eu sp\u00f4sobova\u0165 po\u0161vov\u00e9 probl\u00e9my a podporova\u0165 <a href=\"https:\/\/multi-gyn.com\/sk\/posvove-zdravie\/hlavna\/posvova-flora\/\">premno\u017eenie bakt\u00e9ri\u00ed<\/a>. \u010c\u00edtajte \u010falej a dozviete sa viac.<\/p>\n<\/div><\/div>\n\n\n\n<div class=\"wp-block-karopharma-free-text pt-large pb-large bg-center bg-cover bg-no-repeat\" style=\"background-image:url()\"><div class=\"free-text-wrapper container max-w-medium text-left\">\n<h2 class=\"is-style-heading-h2 wp-block-heading\">Dajte si prest\u00e1vku od obtiahnut\u00fdch d\u017e\u00ednsov<\/h2>\n\n\n\n<p>Ich ka\u017edodenn\u00e9 nosenie nie je vhodn\u00e9. Tesn\u00e9 \u010di syntetick\u00e9 oble\u010denie, ktor\u00fdmi s\u00fa napr\u00edklad aj obtiahnut\u00e9 d\u017e\u00ednsy, zamedzuje pr\u00edstup a cirkul\u00e1ciu vzduchu do oblasti triesel a vulvy, \u010do udr\u017euje v okol\u00ed po\u0161vy teplo a vlhko. Toto oble\u010denie tie\u017e sp\u00f4sobuje v int\u00edmnej oblasti tlak, trenie a prehrievanie. Kombin\u00e1cia t\u00fdchto faktorov vytv\u00e1ra ide\u00e1lne prostredie pre vznik po\u0161vov\u00e9ho diskomfortu a bakteri\u00e1lnych probl\u00e9mov.<\/p>\n\n\n\n<h2 class=\"is-style-heading-h2 wp-block-heading\">Vyhnite sa treniu!<\/h2>\n\n\n\n<p>Naj\u010dastej\u0161\u00edm po\u0161vov\u00fdm probl\u00e9mom sp\u00f4soben\u00fdm nosen\u00edm obtiahnut\u00fdch rifl\u00ed \u010di syntetickej spodnej bielizne je podr\u00e1\u017edenie vytvoren\u00e9 z tesn\u00e9ho trenia l\u00e1tky o vulvu. Za\u010dervenanie, opuchnutie, hryzenie a svrbenie s\u00fa be\u017en\u00fdmi podr\u00e1\u017edeniami, ktor\u00e9 toto trenie sp\u00f4sobuje. Tieto podr\u00e1\u017edenia m\u00f4\u017eu by\u0165 ve\u013emi nepr\u00edjemn\u00e9. Preto nenoste obtiahnut\u00e9 oble\u010denie ka\u017ed\u00fd de\u0148 a vyhnite sa noseniu syntetick\u00fdch l\u00e1tok, ktor\u00e9 neumo\u017e\u0148uj\u00fa poko\u017eke d\u00fdcha\u0165.<\/p>\n\n\n\n<h2 class=\"is-style-heading-h2 wp-block-heading\">Rozhodujte sa rozumne pri v\u00fdbere svojej spodnej bielizne<\/h2>\n\n\n\n<p>Kv\u00f4li tesn\u00e9mu priliehaniu si \u017eeny pod svoje obtiahnut\u00e9 rifle \u010dasto vyberaj\u00fa syntetick\u00fa spodn\u00fa bielize\u0148 alebo tang\u00e1. Bavlnen\u00e9 alebo in\u00e9 pr\u00edrodn\u00e9 l\u00e1tky, ktor\u00e9 s\u00fa priedu\u0161n\u00e9, s\u00fa najlep\u0161ou vo\u013ebou spodnej bielizne na denn\u00e9 nosenie, ke\u010f\u017ee neudr\u017euj\u00fa teplo ani vlhkos\u0165. Tang\u00e1 sa m\u00f4\u017eu o vulvu trie\u0165 a sp\u00f4sobova\u0165 tak svrbenie, podr\u00e1\u017edenie a pocity p\u00e1lenia v int\u00edmnej oblasti. Rovnako sa zvy\u0161uje aj riziko prenesenia bakt\u00e9ri\u00ed z kone\u010dn\u00edka do po\u0161vy, ke\u010f\u017ee tang\u00e1 tla\u010dia na obe oblasti a pod tesn\u00fdm oble\u010den\u00edm, ako s\u00fa obtiahnut\u00e9 d\u017e\u00ednsy, je ve\u013emi pravdepodobn\u00e9, \u017ee sa bud\u00fa pohybova\u0165 v oboch miestach.<\/p>\n\n\n\n<p class=\"is-style-paragraph-preamble has-primary-color has-text-color\"><em>\u201eTepl\u00e9 a vlhk\u00e9 prostredie bez dostato\u010dn\u00e9ho pr\u00edstupu vzduchu vytv\u00e1ra ide\u00e1lne podmienky pre zl\u00e9 bakt\u00e9rie a kvasinky, \u010d\u00edm sa zvy\u0161uje riziko vzniku infekcie.\u201c<\/em><\/p>\n\n\n\n<h2 class=\"is-style-heading-h2 wp-block-heading\">Jednoducho nechajte Va\u0161u po\u0161vu d\u00fdcha\u0165\u2026<\/h2>\n\n\n\n<p>Obtiahnut\u00e9 d\u017e\u00ednsy uzatv\u00e1raj\u00fa Va\u0161u int\u00edmnu oblas\u0165. Je d\u00f4le\u017eit\u00e9, aby ste svoje triesla a po\u0161vu nechali d\u00fdcha\u0165. V int\u00edmnej oblasti by mal cirkulova\u0165 vzduch, aby bolo zabr\u00e1nen\u00e9 udr\u017eiavaniu tepla a vlhkosti v po\u0161ve, a t\u00fdm premno\u017eeniu kvasiniek a bakt\u00e9ri\u00ed. Noste pr\u00edrodn\u00e9 materi\u00e1ly, a ak ste cel\u00fd de\u0148 nosili priliehaj\u00face veci \u010di obtiahnut\u00e9 rifle, jednoducho si ich vyzle\u010dte, ke\u010f pr\u00eddete domov a oble\u010dte si nejak\u00e9 vo\u013en\u00e9, priedu\u0161n\u00e9 oble\u010denie.<\/p>\n\n\n\n<h2 class=\"is-style-heading-h2 wp-block-heading\">Re\u0161pektujte prirodzen\u00fa rovnov\u00e1hu bakt\u00e9ri\u00ed<\/h2>\n\n\n\n<p>Rovnov\u00e1ha po\u0161vovej fl\u00f3ry je d\u00f4le\u017eit\u00e1 pre po\u0161vov\u00e9 zdravie. Prirodzen\u00e9 pH po\u0161vy je jemne kysl\u00e9, \u010do pom\u00e1ha zabra\u0148ova\u0165 mno\u017eeniu \u0161kodliv\u00fdch bakt\u00e9ri\u00ed. Ke\u010f je rovnov\u00e1ha po\u0161vovej fl\u00f3ry naru\u0161en\u00e1, \u0161kodliv\u00e9 bakt\u00e9rie sa okam\u017eite za\u010dn\u00fa rozmno\u017eova\u0165 a sp\u00f4sobova\u0165 po\u0161vov\u00e9 probl\u00e9my, ako svrbenie, z\u00e1pach a neprirodzen\u00fd v\u00fdtok. To m\u00f4\u017ee sp\u00f4sobi\u0165 mykotick\u00fa infekciu (myk\u00f3zu po\u0161vy) alebo bakteri\u00e1lnu vagin\u00f3zu. Nosenie syntetickej spodnej bielizne a tesn\u00fdch nohav\u00edc zamedzuje cirkul\u00e1cii vzduchu, \u010do m\u00f4\u017ee sp\u00f4sobi\u0165 trenie a zv\u00fd\u0161en\u00fa teplotu v okol\u00ed po\u0161vy. Takto vytvoren\u00e9 prostredie pom\u00e1ha \u0161kodliv\u00fdm bakt\u00e9ri\u00e1m rozmno\u017eova\u0165 sa. Tak\u017ee aj ke\u010f obtiahnut\u00e9 d\u017e\u00ednsy a tesn\u00e1 spodn\u00e1 bielize\u0148 nemusia priamo sp\u00f4sobova\u0165 po\u0161vov\u00e9 bakteri\u00e1lne probl\u00e9my, m\u00f4\u017eu k probl\u00e9mu prispie\u0165 a podie\u013ea\u0165 sa na in\u00fdch bolestiv\u00fdch nepr\u00edjemnostiach, ktor\u00e9 sa dok\u00e1\u017eu roz\u0161\u00edri\u0165, ak nie s\u00fa lie\u010den\u00e9. Pokia\u013e sa jedn\u00e1 o Va\u0161e po\u0161vov\u00e9 zdravie, bu\u010fte ostra\u017eit\u00e9, vyberajte si bavlnen\u00fa spodn\u00fa bielize\u0148, nechajte vzduch v int\u00edmnej oblasti cirkulova\u0165 a na um\u00fdvanie pou\u017e\u00edvajte jemn\u00e9 peny bez obsahu mydla.<\/p>\n\n\n\n<p>Nosenie obtiahnut\u00fdch d\u017e\u00ednsov z \u010dasu na \u010das neza\u0161kod\u00ed a tesn\u00e9 oble\u010denie z bavlny je lep\u0161ie ako d\u017e\u00ednsy zo syntetick\u00fdch l\u00e1tok. Noste bavlnen\u00fa spodn\u00fa bielize\u0148 a nenoste tesn\u00e9 rifle alebo in\u00e9 obtiahnut\u00e9 nohavice ka\u017ed\u00fd de\u0148. Ak sa u V\u00e1s prejavia po\u0161vov\u00e9 probl\u00e9my sp\u00f4soben\u00e9 nosen\u00edm obtiahnut\u00e9ho oble\u010denia, <a href=\"https:\/\/multi-gyn.com\/sk\/product\/multi-gyn-actigel\/\">Multi-Gyn Actigel<\/a> poskytne okam\u017eit\u00fa \u00fa\u013eavu a pom\u00f4\u017ee V\u00e1m obnovi\u0165 rovnov\u00e1hu po\u0161vovej fl\u00f3ry.<\/p>\n<\/div><\/div>\n","protected":false},"excerpt":{"rendered":"","protected":false},"author":2,"featured_media":0,"parent":59,"menu_order":10,"comment_status":"closed","ping_status":"closed","template":"","meta":{"_acf_changed":false,"footnotes":""},"from-article-database":[],"class_list":["post-129","page","type-page","status-publish","hentry"],"acf":[],"yoast_head":"<!-- This site is optimized with the Yoast SEO plugin v26.6 - https:\/\/yoast.com\/wordpress\/plugins\/seo\/ -->\n<title>Sp\u00f4sobuj\u00fa obtiahnut\u00e9 d\u017e\u00ednsy po\u0161vov\u00e9 infekcie? - Multi-Gyn<\/title>\n<meta name=\"description\" content=\"Obtiahnut\u00e9 d\u017e\u00ednsy patria medzi ob\u013e\u00faben\u00e9 k\u00fasky \u017eensk\u00e9ho oble\u010denia a s\u00fa popul\u00e1rne medzi \u017eenami v ka\u017edom veku.\" \/>\n<meta name=\"robots\" content=\"index, follow, max-snippet:-1, max-image-preview:large, max-video-preview:-1\" \/>\n<link rel=\"canonical\" href=\"https:\/\/multi-gyn.com\/sk\/posvove-zdravie\/problemy\/sposobuju-obtiahnute-dzinsy-posvove-infekcie\/\" \/>\n<meta property=\"og:locale\" content=\"sk_SK\" \/>\n<meta property=\"og:type\" content=\"article\" \/>\n<meta property=\"og:title\" content=\"Sp\u00f4sobuj\u00fa obtiahnut\u00e9 d\u017e\u00ednsy po\u0161vov\u00e9 infekcie? - Multi-Gyn\" \/>\n<meta property=\"og:description\" content=\"Obtiahnut\u00e9 d\u017e\u00ednsy patria medzi ob\u013e\u00faben\u00e9 k\u00fasky \u017eensk\u00e9ho oble\u010denia a s\u00fa popul\u00e1rne medzi \u017eenami v ka\u017edom veku.\" \/>\n<meta property=\"og:url\" content=\"https:\/\/multi-gyn.com\/sk\/posvove-zdravie\/problemy\/sposobuju-obtiahnute-dzinsy-posvove-infekcie\/\" \/>\n<meta property=\"og:site_name\" content=\"Multi-Gyn\" \/>\n<meta property=\"article:modified_time\" content=\"2023-09-20T09:48:15+00:00\" \/>\n<meta name=\"twitter:card\" content=\"summary_large_image\" \/>\n<meta name=\"twitter:label1\" content=\"Predpokladan\u00fd \u010das \u010d\u00edtania\" \/>\n\t<meta name=\"twitter:data1\" content=\"4 min\u00faty\" \/>\n<script type=\"application\/ld+json\" class=\"yoast-schema-graph\">{\"@context\":\"https:\/\/schema.org\",\"@graph\":[{\"@type\":\"WebPage\",\"@id\":\"https:\/\/multi-gyn.com\/sk\/posvove-zdravie\/problemy\/sposobuju-obtiahnute-dzinsy-posvove-infekcie\/\",\"url\":\"https:\/\/multi-gyn.com\/sk\/posvove-zdravie\/problemy\/sposobuju-obtiahnute-dzinsy-posvove-infekcie\/\",\"name\":\"Sp\u00f4sobuj\u00fa obtiahnut\u00e9 d\u017e\u00ednsy po\u0161vov\u00e9 infekcie? - Multi-Gyn\",\"isPartOf\":{\"@id\":\"https:\/\/multi-gyn.com\/sk\/#website\"},\"datePublished\":\"2023-06-02T11:49:46+00:00\",\"dateModified\":\"2023-09-20T09:48:15+00:00\",\"description\":\"Obtiahnut\u00e9 d\u017e\u00ednsy patria medzi ob\u013e\u00faben\u00e9 k\u00fasky \u017eensk\u00e9ho oble\u010denia a s\u00fa popul\u00e1rne medzi \u017eenami v ka\u017edom veku.\",\"breadcrumb\":{\"@id\":\"https:\/\/multi-gyn.com\/sk\/posvove-zdravie\/problemy\/sposobuju-obtiahnute-dzinsy-posvove-infekcie\/#breadcrumb\"},\"inLanguage\":\"sk-SK\",\"potentialAction\":[{\"@type\":\"ReadAction\",\"target\":[\"https:\/\/multi-gyn.com\/sk\/posvove-zdravie\/problemy\/sposobuju-obtiahnute-dzinsy-posvove-infekcie\/\"]}]},{\"@type\":\"BreadcrumbList\",\"@id\":\"https:\/\/multi-gyn.com\/sk\/posvove-zdravie\/problemy\/sposobuju-obtiahnute-dzinsy-posvove-infekcie\/#breadcrumb\",\"itemListElement\":[{\"@type\":\"ListItem\",\"position\":1,\"name\":\"Home\",\"item\":\"https:\/\/multi-gyn.com\/sk\/\"},{\"@type\":\"ListItem\",\"position\":2,\"name\":\"Po\u0161vov\u00e9 zdravie\",\"item\":\"https:\/\/multi-gyn.com\/sk\/posvove-zdravie\/\"},{\"@type\":\"ListItem\",\"position\":3,\"name\":\"Probl\u00e9my\",\"item\":\"https:\/\/multi-gyn.com\/sk\/posvove-zdravie\/problemy\/\"},{\"@type\":\"ListItem\",\"position\":4,\"name\":\"Sp\u00f4sobuj\u00fa obtiahnut\u00e9 d\u017e\u00ednsy po\u0161vov\u00e9 infekcie?\"}]},{\"@type\":\"WebSite\",\"@id\":\"https:\/\/multi-gyn.com\/sk\/#website\",\"url\":\"https:\/\/multi-gyn.com\/sk\/\",\"name\":\"Multi-Gyn\",\"description\":\"\",\"publisher\":{\"@id\":\"https:\/\/multi-gyn.com\/sk\/#organization\"},\"potentialAction\":[{\"@type\":\"SearchAction\",\"target\":{\"@type\":\"EntryPoint\",\"urlTemplate\":\"https:\/\/multi-gyn.com\/sk\/?s={search_term_string}\"},\"query-input\":{\"@type\":\"PropertyValueSpecification\",\"valueRequired\":true,\"valueName\":\"search_term_string\"}}],\"inLanguage\":\"sk-SK\"},{\"@type\":\"Organization\",\"@id\":\"https:\/\/multi-gyn.com\/sk\/#organization\",\"name\":\"Multi-Gyn\",\"url\":\"https:\/\/multi-gyn.com\/sk\/\",\"logo\":{\"@type\":\"ImageObject\",\"inLanguage\":\"sk-SK\",\"@id\":\"https:\/\/multi-gyn.com\/sk\/#\/schema\/logo\/image\/\",\"url\":\"https:\/\/multi-gyn.com\/app\/uploads\/sites\/48\/2023\/06\/multi-gyn-logo.png\",\"contentUrl\":\"https:\/\/multi-gyn.com\/app\/uploads\/sites\/48\/2023\/06\/multi-gyn-logo.png\",\"width\":149,\"height\":32,\"caption\":\"Multi-Gyn\"},\"image\":{\"@id\":\"https:\/\/multi-gyn.com\/sk\/#\/schema\/logo\/image\/\"}}]}<\/script>\n<!-- \/ Yoast SEO plugin. -->","yoast_head_json":{"title":"Sp\u00f4sobuj\u00fa obtiahnut\u00e9 d\u017e\u00ednsy po\u0161vov\u00e9 infekcie? - Multi-Gyn","description":"Obtiahnut\u00e9 d\u017e\u00ednsy patria medzi ob\u013e\u00faben\u00e9 k\u00fasky \u017eensk\u00e9ho oble\u010denia a s\u00fa popul\u00e1rne medzi \u017eenami v ka\u017edom veku.","robots":{"index":"index","follow":"follow","max-snippet":"max-snippet:-1","max-image-preview":"max-image-preview:large","max-video-preview":"max-video-preview:-1"},"canonical":"https:\/\/multi-gyn.com\/sk\/posvove-zdravie\/problemy\/sposobuju-obtiahnute-dzinsy-posvove-infekcie\/","og_locale":"sk_SK","og_type":"article","og_title":"Sp\u00f4sobuj\u00fa obtiahnut\u00e9 d\u017e\u00ednsy po\u0161vov\u00e9 infekcie? - Multi-Gyn","og_description":"Obtiahnut\u00e9 d\u017e\u00ednsy patria medzi ob\u013e\u00faben\u00e9 k\u00fasky \u017eensk\u00e9ho oble\u010denia a s\u00fa popul\u00e1rne medzi \u017eenami v ka\u017edom veku.","og_url":"https:\/\/multi-gyn.com\/sk\/posvove-zdravie\/problemy\/sposobuju-obtiahnute-dzinsy-posvove-infekcie\/","og_site_name":"Multi-Gyn","article_modified_time":"2023-09-20T09:48:15+00:00","twitter_card":"summary_large_image","twitter_misc":{"Predpokladan\u00fd \u010das \u010d\u00edtania":"4 min\u00faty"},"schema":{"@context":"https:\/\/schema.org","@graph":[{"@type":"WebPage","@id":"https:\/\/multi-gyn.com\/sk\/posvove-zdravie\/problemy\/sposobuju-obtiahnute-dzinsy-posvove-infekcie\/","url":"https:\/\/multi-gyn.com\/sk\/posvove-zdravie\/problemy\/sposobuju-obtiahnute-dzinsy-posvove-infekcie\/","name":"Sp\u00f4sobuj\u00fa obtiahnut\u00e9 d\u017e\u00ednsy po\u0161vov\u00e9 infekcie? - Multi-Gyn","isPartOf":{"@id":"https:\/\/multi-gyn.com\/sk\/#website"},"datePublished":"2023-06-02T11:49:46+00:00","dateModified":"2023-09-20T09:48:15+00:00","description":"Obtiahnut\u00e9 d\u017e\u00ednsy patria medzi ob\u013e\u00faben\u00e9 k\u00fasky \u017eensk\u00e9ho oble\u010denia a s\u00fa popul\u00e1rne medzi \u017eenami v ka\u017edom veku.","breadcrumb":{"@id":"https:\/\/multi-gyn.com\/sk\/posvove-zdravie\/problemy\/sposobuju-obtiahnute-dzinsy-posvove-infekcie\/#breadcrumb"},"inLanguage":"sk-SK","potentialAction":[{"@type":"ReadAction","target":["https:\/\/multi-gyn.com\/sk\/posvove-zdravie\/problemy\/sposobuju-obtiahnute-dzinsy-posvove-infekcie\/"]}]},{"@type":"BreadcrumbList","@id":"https:\/\/multi-gyn.com\/sk\/posvove-zdravie\/problemy\/sposobuju-obtiahnute-dzinsy-posvove-infekcie\/#breadcrumb","itemListElement":[{"@type":"ListItem","position":1,"name":"Home","item":"https:\/\/multi-gyn.com\/sk\/"},{"@type":"ListItem","position":2,"name":"Po\u0161vov\u00e9 zdravie","item":"https:\/\/multi-gyn.com\/sk\/posvove-zdravie\/"},{"@type":"ListItem","position":3,"name":"Probl\u00e9my","item":"https:\/\/multi-gyn.com\/sk\/posvove-zdravie\/problemy\/"},{"@type":"ListItem","position":4,"name":"Sp\u00f4sobuj\u00fa obtiahnut\u00e9 d\u017e\u00ednsy po\u0161vov\u00e9 infekcie?"}]},{"@type":"WebSite","@id":"https:\/\/multi-gyn.com\/sk\/#website","url":"https:\/\/multi-gyn.com\/sk\/","name":"Multi-Gyn","description":"","publisher":{"@id":"https:\/\/multi-gyn.com\/sk\/#organization"},"potentialAction":[{"@type":"SearchAction","target":{"@type":"EntryPoint","urlTemplate":"https:\/\/multi-gyn.com\/sk\/?s={search_term_string}"},"query-input":{"@type":"PropertyValueSpecification","valueRequired":true,"valueName":"search_term_string"}}],"inLanguage":"sk-SK"},{"@type":"Organization","@id":"https:\/\/multi-gyn.com\/sk\/#organization","name":"Multi-Gyn","url":"https:\/\/multi-gyn.com\/sk\/","logo":{"@type":"ImageObject","inLanguage":"sk-SK","@id":"https:\/\/multi-gyn.com\/sk\/#\/schema\/logo\/image\/","url":"https:\/\/multi-gyn.com\/app\/uploads\/sites\/48\/2023\/06\/multi-gyn-logo.png","contentUrl":"https:\/\/multi-gyn.com\/app\/uploads\/sites\/48\/2023\/06\/multi-gyn-logo.png","width":149,"height":32,"caption":"Multi-Gyn"},"image":{"@id":"https:\/\/multi-gyn.com\/sk\/#\/schema\/logo\/image\/"}}]}},"_links":{"self":[{"href":"https:\/\/multi-gyn.com\/sk\/wp-json\/wp\/v2\/pages\/129","targetHints":{"allow":["GET"]}}],"collection":[{"href":"https:\/\/multi-gyn.com\/sk\/wp-json\/wp\/v2\/pages"}],"about":[{"href":"https:\/\/multi-gyn.com\/sk\/wp-json\/wp\/v2\/types\/page"}],"author":[{"embeddable":true,"href":"https:\/\/multi-gyn.com\/sk\/wp-json\/wp\/v2\/users\/2"}],"replies":[{"embeddable":true,"href":"https:\/\/multi-gyn.com\/sk\/wp-json\/wp\/v2\/comments?post=129"}],"version-history":[{"count":4,"href":"https:\/\/multi-gyn.com\/sk\/wp-json\/wp\/v2\/pages\/129\/revisions"}],"predecessor-version":[{"id":582,"href":"https:\/\/multi-gyn.com\/sk\/wp-json\/wp\/v2\/pages\/129\/revisions\/582"}],"up":[{"embeddable":true,"href":"https:\/\/multi-gyn.com\/sk\/wp-json\/wp\/v2\/pages\/59"}],"wp:attachment":[{"href":"https:\/\/multi-gyn.com\/sk\/wp-json\/wp\/v2\/media?parent=129"}],"wp:term":[{"taxonomy":"from-article-database","embeddable":true,"href":"https:\/\/multi-gyn.com\/sk\/wp-json\/wp\/v2\/from-article-database?post=129"}],"curies":[{"name":"wp","href":"https:\/\/api.w.org\/{rel}","templated":true}]}}