{"id":130,"date":"2023-06-02T13:50:00","date_gmt":"2023-06-02T11:50:00","guid":{"rendered":"https:\/\/multi-gyn.com\/sk\/?page_id=130"},"modified":"2023-09-20T11:48:13","modified_gmt":"2023-09-20T09:48:13","slug":"priciny-bolestiveho-pohlavneho-styku","status":"publish","type":"page","link":"https:\/\/multi-gyn.com\/sk\/posvove-zdravie\/problemy\/priciny-bolestiveho-pohlavneho-styku\/","title":{"rendered":"Pr\u00ed\u010diny bolestiv\u00e9ho pohlavn\u00e9ho styku"},"content":{"rendered":"\n<div class=\"wp-block-karopharma-free-text pt-large pb-large bg-center bg-cover bg-no-repeat  is-style-primary\" style=\"background-image:url()\"><div class=\"free-text-wrapper container max-w-medium text-left\">\n<h1 class=\"is-style-heading-large wp-block-heading\">Pr\u00ed\u010diny bolestiv\u00e9ho pohlavn\u00e9ho styku<\/h1>\n\n\n\n<p class=\"is-style-paragraph-preamble\">Boles\u0165 po\u010das pohlavn\u00e9ho styku m\u00f4\u017ee by\u0165 slab\u00e1 a\u017e ve\u013emi nepr\u00edjemn\u00e1 a dok\u00e1\u017ee zmeni\u0165 pr\u00edjemn\u00fd sex na nie\u010do nechcen\u00e9. V medic\u00ednskych term\u00ednoch sa tejto bolesti hovor\u00ed dyspareunia. T\u00e1 sp\u00f4sobuje probl\u00e9my v int\u00edmnom \u017eivote p\u00e1rov, preto je d\u00f4le\u017eit\u00e9 pozna\u0165 mo\u017en\u00e9 pr\u00ed\u010diny bolestiv\u00e9ho pohlavn\u00e9ho styku a vedie\u0165, ako sa im vyhn\u00fa\u0165.<\/p>\n<\/div><\/div>\n\n\n\n<div class=\"wp-block-karopharma-free-text pt-large pb-large bg-center bg-cover bg-no-repeat\" style=\"background-image:url()\"><div class=\"free-text-wrapper container max-w-medium text-left\">\n<p>Vo v\u00e4\u010d\u0161ine pr\u00edpadov je boles\u0165, ktor\u00fa \u017eeny c\u00edtia po\u010das penetr\u00e1cie (zas\u00favania penisu do po\u0161vy), sp\u00f4soben\u00e1 po\u0161vovou suchos\u0165ou. K tomuto probl\u00e9mu m\u00f4\u017ee doch\u00e1dza\u0165 v obdob\u00ed hormon\u00e1lnych zmien, ku ktor\u00fdm doch\u00e1dza po\u010das tehotenstva, doj\u010denia alebo v menopauze. Probl\u00e9my so suchos\u0165ou sa vyskytuj\u00fa aj v pr\u00edpade, \u017ee sa p\u00e1r nedostato\u010dne venuje predohre a \u017eena tak nie je vzru\u0161en\u00e1 nato\u013eko, aby bolo stimulovan\u00e9 jej prirodzen\u00e9 zvlhnutie.<\/p>\n\n\n\n<h2 class=\"is-style-heading-h2 wp-block-heading\">Pr\u00ed\u010diny po\u0161vovej suchosti<\/h2>\n\n\n\n<p>Pr\u00ed\u010dinou vzniku suchosti po\u0161vy po\u010das menopauzy, tehotenstva \u010di doj\u010denia je pokles hladiny estrog\u00e9nu. Estrog\u00e9n je \u017eensk\u00fd pohlavn\u00fd horm\u00f3n, ktor\u00fd zabezpe\u010duje hr\u00fabku, vlhkos\u0165 a elasticitu stien po\u0161vy. Ke\u010f je hladina estrog\u00e9nu zn\u00ed\u017een\u00e1, tkanivo a sliznica po\u0161vy sa sten\u010duj\u00fa, s\u00fa menej pru\u017en\u00e9 a ich schopnos\u0165 lubrik\u00e1cie je zna\u010dne zn\u00ed\u017een\u00e1. To sp\u00f4sobuje suchos\u0165 a po\u0161kodenie tkaniva po\u010das penetr\u00e1cie, \u010do n\u00e1sledne vedie k bolesti a vzniku z\u00e1palu.<\/p>\n\n\n\n<p>Ak je to aj V\u00e1\u0161 pr\u00edpad, vysk\u00fa\u0161ajte pou\u017ei\u0165 po\u0161vov\u00e9 pr\u00edpravky na zvlh\u010denie alebo lubrikanty, ktor\u00e9 V\u00e1m poskytn\u00fa \u00fa\u013eavu od suchosti a umo\u017enia bezbolestn\u00fd a pr\u00edjemn\u00fd pohlavn\u00fd \u017eivot. Hlavn\u00fd rozdiel medzi spom\u00ednan\u00fdmi dvomi druhmi pr\u00edpravkov je ten, \u017ee pr\u00edpravky na zvlh\u010denie s\u00fa ur\u010den\u00e9 na ka\u017edodenn\u00e9 pou\u017e\u00edvanie, poskytuj\u00fa nepretr\u017eit\u00e9 zvlh\u010denie, ktor\u00e9 V\u00e1m umo\u017en\u00ed cvi\u010di\u0165 a u\u017e\u00edva\u0165 si ak\u00e9ko\u013evek fyzick\u00e9 aktivity bez pocitu nepr\u00edjemn\u00e9ho trenia a diskomfortu v int\u00edmnej oblasti, zatia\u013e \u010do lubrikanty s\u00fa ur\u010den\u00e9 na pou\u017eitie tesne pred pohlavn\u00fdm stykom a ich efekt trv\u00e1 len kr\u00e1tky \u010das.<\/p>\n\n\n\n<h2 class=\"is-style-heading-h2 wp-block-heading\">\u010eal\u0161ie probl\u00e9my<\/h2>\n\n\n\n<p>Ak je boles\u0165, ktor\u00fa poci\u0165ujete po\u010das pohlavn\u00e9ho styku spojen\u00e1 so svrben\u00edm, p\u00e1len\u00edm a zduren\u00edm, a aj bielym drobiv\u00fdm v\u00fdtokom, je mo\u017en\u00e9, \u017ee m\u00e1te probl\u00e9m s kvasinkovou infekciou. K bolesti doch\u00e1dza aj v pr\u00edpade, \u017ee trp\u00edte bakteri\u00e1lnou vagin\u00f3zou \u2013 v oboch pr\u00edpadoch sa vyhnite pohlavn\u00e9mu styku, a\u017e k\u00fdm dostanete infekciu pod kontrolu a poru\u0161en\u00e9 tkanivo sa zregeneruje. Pre istotu konzultujte svoje probl\u00e9my s lek\u00e1rom, ktor\u00fd V\u00e1m predp\u00ed\u0161e vhodn\u00fa lie\u010dbu a zv\u00e1\u017ete pou\u017e\u00edvanie prebiotick\u00fdch pr\u00edpravkov, ktor\u00e9 podporuj\u00fa rast prospe\u0161n\u00fdch bakt\u00e9ri\u00ed v po\u0161ve.<\/p>\n\n\n\n<p>Medzi \u010fal\u0161ie pr\u00ed\u010diny, kv\u00f4li ktor\u00fdm m\u00f4\u017eete poci\u0165ova\u0165 boles\u0165 po\u010das pohlavn\u00e9ho styku, patria:<\/p>\n\n\n\n<ul class=\"is-style-default wp-block-list\"><li>Niektor\u00e9 pohlavne prenosn\u00e9 ochorenia (STD)<\/li><li>Epiziot\u00f3mia (n\u00e1strih hr\u00e1dze pri p\u00f4rode) alebo trhlina vzniknut\u00e1 po\u010das p\u00f4rodu<\/li><li>Endometri\u00f3za alebo z\u00e1pal v oblasti malej panvy<\/li><li>Psychologick\u00e9 probl\u00e9my, ako stres, \u00fazkos\u0165, depresia, neistota oh\u013eadom vlastn\u00e9ho fyzick\u00e9ho vzh\u013eadu, strach alebo probl\u00e9my vo vz\u0165ahu<\/li><li>Sex pr\u00edli\u0161 skoro po p\u00f4rode alebo operat\u00edvny z\u00e1krok v panvovej oblasti<\/li><\/ul>\n\n\n\n<p class=\"is-style-paragraph-preamble has-primary-color has-text-color\"><em>\u201eVo v\u00e4\u010d\u0161ine pr\u00edpadov je boles\u0165, ktor\u00fa \u017eeny c\u00edtia po\u010das penetr\u00e1cie, sp\u00f4soben\u00e1 po\u0161vovou suchos\u0165ou. K tomuto probl\u00e9mu m\u00f4\u017ee doch\u00e1dza\u0165 v obdob\u00ed hormon\u00e1lnych zmien, ku ktor\u00fdm doch\u00e1dza po\u010das tehotenstva, doj\u010denia alebo v menopauze.\u201c<\/em><\/p>\n<\/div><\/div>\n","protected":false},"excerpt":{"rendered":"","protected":false},"author":2,"featured_media":0,"parent":59,"menu_order":11,"comment_status":"closed","ping_status":"closed","template":"","meta":{"_acf_changed":false,"footnotes":""},"from-article-database":[],"class_list":["post-130","page","type-page","status-publish","hentry"],"acf":[],"yoast_head":"<!-- This site is optimized with the Yoast SEO plugin v26.6 - https:\/\/yoast.com\/wordpress\/plugins\/seo\/ -->\n<title>Pr\u00ed\u010diny bolestiv\u00e9ho pohlavn\u00e9ho styku - Multi-Gyn<\/title>\n<meta name=\"description\" content=\"Boles\u0165 po\u010das pohlavn\u00e9ho styku m\u00f4\u017ee by\u0165 slab\u00e1 a\u017e ve\u013emi nepr\u00edjemn\u00e1 a dok\u00e1\u017ee zmeni\u0165 pr\u00edjemn\u00fd sex na nie\u010do nechcen\u00e9. V medic\u00ednskych term\u00ednoch sa tejto bolesti hovor\u00ed dyspareunia.\" \/>\n<meta name=\"robots\" content=\"index, follow, max-snippet:-1, max-image-preview:large, max-video-preview:-1\" \/>\n<link rel=\"canonical\" href=\"https:\/\/multi-gyn.com\/sk\/posvove-zdravie\/problemy\/priciny-bolestiveho-pohlavneho-styku\/\" \/>\n<meta property=\"og:locale\" content=\"sk_SK\" \/>\n<meta property=\"og:type\" content=\"article\" \/>\n<meta property=\"og:title\" content=\"Pr\u00ed\u010diny bolestiv\u00e9ho pohlavn\u00e9ho styku - Multi-Gyn\" \/>\n<meta property=\"og:description\" content=\"Boles\u0165 po\u010das pohlavn\u00e9ho styku m\u00f4\u017ee by\u0165 slab\u00e1 a\u017e ve\u013emi nepr\u00edjemn\u00e1 a dok\u00e1\u017ee zmeni\u0165 pr\u00edjemn\u00fd sex na nie\u010do nechcen\u00e9. V medic\u00ednskych term\u00ednoch sa tejto bolesti hovor\u00ed dyspareunia.\" \/>\n<meta property=\"og:url\" content=\"https:\/\/multi-gyn.com\/sk\/posvove-zdravie\/problemy\/priciny-bolestiveho-pohlavneho-styku\/\" \/>\n<meta property=\"og:site_name\" content=\"Multi-Gyn\" \/>\n<meta property=\"article:modified_time\" content=\"2023-09-20T09:48:13+00:00\" \/>\n<meta name=\"twitter:card\" content=\"summary_large_image\" \/>\n<meta name=\"twitter:label1\" content=\"Predpokladan\u00fd \u010das \u010d\u00edtania\" \/>\n\t<meta name=\"twitter:data1\" content=\"3 min\u00faty\" \/>\n<script type=\"application\/ld+json\" class=\"yoast-schema-graph\">{\"@context\":\"https:\/\/schema.org\",\"@graph\":[{\"@type\":\"WebPage\",\"@id\":\"https:\/\/multi-gyn.com\/sk\/posvove-zdravie\/problemy\/priciny-bolestiveho-pohlavneho-styku\/\",\"url\":\"https:\/\/multi-gyn.com\/sk\/posvove-zdravie\/problemy\/priciny-bolestiveho-pohlavneho-styku\/\",\"name\":\"Pr\u00ed\u010diny bolestiv\u00e9ho pohlavn\u00e9ho styku - Multi-Gyn\",\"isPartOf\":{\"@id\":\"https:\/\/multi-gyn.com\/sk\/#website\"},\"datePublished\":\"2023-06-02T11:50:00+00:00\",\"dateModified\":\"2023-09-20T09:48:13+00:00\",\"description\":\"Boles\u0165 po\u010das pohlavn\u00e9ho styku m\u00f4\u017ee by\u0165 slab\u00e1 a\u017e ve\u013emi nepr\u00edjemn\u00e1 a dok\u00e1\u017ee zmeni\u0165 pr\u00edjemn\u00fd sex na nie\u010do nechcen\u00e9. V medic\u00ednskych term\u00ednoch sa tejto bolesti hovor\u00ed dyspareunia.\",\"breadcrumb\":{\"@id\":\"https:\/\/multi-gyn.com\/sk\/posvove-zdravie\/problemy\/priciny-bolestiveho-pohlavneho-styku\/#breadcrumb\"},\"inLanguage\":\"sk-SK\",\"potentialAction\":[{\"@type\":\"ReadAction\",\"target\":[\"https:\/\/multi-gyn.com\/sk\/posvove-zdravie\/problemy\/priciny-bolestiveho-pohlavneho-styku\/\"]}]},{\"@type\":\"BreadcrumbList\",\"@id\":\"https:\/\/multi-gyn.com\/sk\/posvove-zdravie\/problemy\/priciny-bolestiveho-pohlavneho-styku\/#breadcrumb\",\"itemListElement\":[{\"@type\":\"ListItem\",\"position\":1,\"name\":\"Home\",\"item\":\"https:\/\/multi-gyn.com\/sk\/\"},{\"@type\":\"ListItem\",\"position\":2,\"name\":\"Po\u0161vov\u00e9 zdravie\",\"item\":\"https:\/\/multi-gyn.com\/sk\/posvove-zdravie\/\"},{\"@type\":\"ListItem\",\"position\":3,\"name\":\"Probl\u00e9my\",\"item\":\"https:\/\/multi-gyn.com\/sk\/posvove-zdravie\/problemy\/\"},{\"@type\":\"ListItem\",\"position\":4,\"name\":\"Pr\u00ed\u010diny bolestiv\u00e9ho pohlavn\u00e9ho styku\"}]},{\"@type\":\"WebSite\",\"@id\":\"https:\/\/multi-gyn.com\/sk\/#website\",\"url\":\"https:\/\/multi-gyn.com\/sk\/\",\"name\":\"Multi-Gyn\",\"description\":\"\",\"publisher\":{\"@id\":\"https:\/\/multi-gyn.com\/sk\/#organization\"},\"potentialAction\":[{\"@type\":\"SearchAction\",\"target\":{\"@type\":\"EntryPoint\",\"urlTemplate\":\"https:\/\/multi-gyn.com\/sk\/?s={search_term_string}\"},\"query-input\":{\"@type\":\"PropertyValueSpecification\",\"valueRequired\":true,\"valueName\":\"search_term_string\"}}],\"inLanguage\":\"sk-SK\"},{\"@type\":\"Organization\",\"@id\":\"https:\/\/multi-gyn.com\/sk\/#organization\",\"name\":\"Multi-Gyn\",\"url\":\"https:\/\/multi-gyn.com\/sk\/\",\"logo\":{\"@type\":\"ImageObject\",\"inLanguage\":\"sk-SK\",\"@id\":\"https:\/\/multi-gyn.com\/sk\/#\/schema\/logo\/image\/\",\"url\":\"https:\/\/multi-gyn.com\/app\/uploads\/sites\/48\/2023\/06\/multi-gyn-logo.png\",\"contentUrl\":\"https:\/\/multi-gyn.com\/app\/uploads\/sites\/48\/2023\/06\/multi-gyn-logo.png\",\"width\":149,\"height\":32,\"caption\":\"Multi-Gyn\"},\"image\":{\"@id\":\"https:\/\/multi-gyn.com\/sk\/#\/schema\/logo\/image\/\"}}]}<\/script>\n<!-- \/ Yoast SEO plugin. -->","yoast_head_json":{"title":"Pr\u00ed\u010diny bolestiv\u00e9ho pohlavn\u00e9ho styku - Multi-Gyn","description":"Boles\u0165 po\u010das pohlavn\u00e9ho styku m\u00f4\u017ee by\u0165 slab\u00e1 a\u017e ve\u013emi nepr\u00edjemn\u00e1 a dok\u00e1\u017ee zmeni\u0165 pr\u00edjemn\u00fd sex na nie\u010do nechcen\u00e9. V medic\u00ednskych term\u00ednoch sa tejto bolesti hovor\u00ed dyspareunia.","robots":{"index":"index","follow":"follow","max-snippet":"max-snippet:-1","max-image-preview":"max-image-preview:large","max-video-preview":"max-video-preview:-1"},"canonical":"https:\/\/multi-gyn.com\/sk\/posvove-zdravie\/problemy\/priciny-bolestiveho-pohlavneho-styku\/","og_locale":"sk_SK","og_type":"article","og_title":"Pr\u00ed\u010diny bolestiv\u00e9ho pohlavn\u00e9ho styku - Multi-Gyn","og_description":"Boles\u0165 po\u010das pohlavn\u00e9ho styku m\u00f4\u017ee by\u0165 slab\u00e1 a\u017e ve\u013emi nepr\u00edjemn\u00e1 a dok\u00e1\u017ee zmeni\u0165 pr\u00edjemn\u00fd sex na nie\u010do nechcen\u00e9. V medic\u00ednskych term\u00ednoch sa tejto bolesti hovor\u00ed dyspareunia.","og_url":"https:\/\/multi-gyn.com\/sk\/posvove-zdravie\/problemy\/priciny-bolestiveho-pohlavneho-styku\/","og_site_name":"Multi-Gyn","article_modified_time":"2023-09-20T09:48:13+00:00","twitter_card":"summary_large_image","twitter_misc":{"Predpokladan\u00fd \u010das \u010d\u00edtania":"3 min\u00faty"},"schema":{"@context":"https:\/\/schema.org","@graph":[{"@type":"WebPage","@id":"https:\/\/multi-gyn.com\/sk\/posvove-zdravie\/problemy\/priciny-bolestiveho-pohlavneho-styku\/","url":"https:\/\/multi-gyn.com\/sk\/posvove-zdravie\/problemy\/priciny-bolestiveho-pohlavneho-styku\/","name":"Pr\u00ed\u010diny bolestiv\u00e9ho pohlavn\u00e9ho styku - Multi-Gyn","isPartOf":{"@id":"https:\/\/multi-gyn.com\/sk\/#website"},"datePublished":"2023-06-02T11:50:00+00:00","dateModified":"2023-09-20T09:48:13+00:00","description":"Boles\u0165 po\u010das pohlavn\u00e9ho styku m\u00f4\u017ee by\u0165 slab\u00e1 a\u017e ve\u013emi nepr\u00edjemn\u00e1 a dok\u00e1\u017ee zmeni\u0165 pr\u00edjemn\u00fd sex na nie\u010do nechcen\u00e9. V medic\u00ednskych term\u00ednoch sa tejto bolesti hovor\u00ed dyspareunia.","breadcrumb":{"@id":"https:\/\/multi-gyn.com\/sk\/posvove-zdravie\/problemy\/priciny-bolestiveho-pohlavneho-styku\/#breadcrumb"},"inLanguage":"sk-SK","potentialAction":[{"@type":"ReadAction","target":["https:\/\/multi-gyn.com\/sk\/posvove-zdravie\/problemy\/priciny-bolestiveho-pohlavneho-styku\/"]}]},{"@type":"BreadcrumbList","@id":"https:\/\/multi-gyn.com\/sk\/posvove-zdravie\/problemy\/priciny-bolestiveho-pohlavneho-styku\/#breadcrumb","itemListElement":[{"@type":"ListItem","position":1,"name":"Home","item":"https:\/\/multi-gyn.com\/sk\/"},{"@type":"ListItem","position":2,"name":"Po\u0161vov\u00e9 zdravie","item":"https:\/\/multi-gyn.com\/sk\/posvove-zdravie\/"},{"@type":"ListItem","position":3,"name":"Probl\u00e9my","item":"https:\/\/multi-gyn.com\/sk\/posvove-zdravie\/problemy\/"},{"@type":"ListItem","position":4,"name":"Pr\u00ed\u010diny bolestiv\u00e9ho pohlavn\u00e9ho styku"}]},{"@type":"WebSite","@id":"https:\/\/multi-gyn.com\/sk\/#website","url":"https:\/\/multi-gyn.com\/sk\/","name":"Multi-Gyn","description":"","publisher":{"@id":"https:\/\/multi-gyn.com\/sk\/#organization"},"potentialAction":[{"@type":"SearchAction","target":{"@type":"EntryPoint","urlTemplate":"https:\/\/multi-gyn.com\/sk\/?s={search_term_string}"},"query-input":{"@type":"PropertyValueSpecification","valueRequired":true,"valueName":"search_term_string"}}],"inLanguage":"sk-SK"},{"@type":"Organization","@id":"https:\/\/multi-gyn.com\/sk\/#organization","name":"Multi-Gyn","url":"https:\/\/multi-gyn.com\/sk\/","logo":{"@type":"ImageObject","inLanguage":"sk-SK","@id":"https:\/\/multi-gyn.com\/sk\/#\/schema\/logo\/image\/","url":"https:\/\/multi-gyn.com\/app\/uploads\/sites\/48\/2023\/06\/multi-gyn-logo.png","contentUrl":"https:\/\/multi-gyn.com\/app\/uploads\/sites\/48\/2023\/06\/multi-gyn-logo.png","width":149,"height":32,"caption":"Multi-Gyn"},"image":{"@id":"https:\/\/multi-gyn.com\/sk\/#\/schema\/logo\/image\/"}}]}},"_links":{"self":[{"href":"https:\/\/multi-gyn.com\/sk\/wp-json\/wp\/v2\/pages\/130","targetHints":{"allow":["GET"]}}],"collection":[{"href":"https:\/\/multi-gyn.com\/sk\/wp-json\/wp\/v2\/pages"}],"about":[{"href":"https:\/\/multi-gyn.com\/sk\/wp-json\/wp\/v2\/types\/page"}],"author":[{"embeddable":true,"href":"https:\/\/multi-gyn.com\/sk\/wp-json\/wp\/v2\/users\/2"}],"replies":[{"embeddable":true,"href":"https:\/\/multi-gyn.com\/sk\/wp-json\/wp\/v2\/comments?post=130"}],"version-history":[{"count":3,"href":"https:\/\/multi-gyn.com\/sk\/wp-json\/wp\/v2\/pages\/130\/revisions"}],"predecessor-version":[{"id":584,"href":"https:\/\/multi-gyn.com\/sk\/wp-json\/wp\/v2\/pages\/130\/revisions\/584"}],"up":[{"embeddable":true,"href":"https:\/\/multi-gyn.com\/sk\/wp-json\/wp\/v2\/pages\/59"}],"wp:attachment":[{"href":"https:\/\/multi-gyn.com\/sk\/wp-json\/wp\/v2\/media?parent=130"}],"wp:term":[{"taxonomy":"from-article-database","embeddable":true,"href":"https:\/\/multi-gyn.com\/sk\/wp-json\/wp\/v2\/from-article-database?post=130"}],"curies":[{"name":"wp","href":"https:\/\/api.w.org\/{rel}","templated":true}]}}