{"id":131,"date":"2023-06-02T13:50:15","date_gmt":"2023-06-02T11:50:15","guid":{"rendered":"https:\/\/multi-gyn.com\/sk\/?page_id=131"},"modified":"2023-09-20T11:48:11","modified_gmt":"2023-09-20T09:48:11","slug":"ako-sa-zbavit-svrbenia-posvy","status":"publish","type":"page","link":"https:\/\/multi-gyn.com\/sk\/posvove-zdravie\/problemy\/ako-sa-zbavit-svrbenia-posvy\/","title":{"rendered":"Ako sa zbavi\u0165 svrbenia po\u0161vy"},"content":{"rendered":"\n<div class=\"wp-block-karopharma-free-text pt-large pb-large bg-center bg-cover bg-no-repeat  is-style-primary\" style=\"background-image:url()\"><div class=\"free-text-wrapper container max-w-medium text-left\">\n<h1 class=\"is-style-heading-large wp-block-heading\">Ako sa zbavi\u0165 svrbenia po\u0161vy<\/h1>\n\n\n\n<p class=\"is-style-paragraph-preamble\">Po\u0161vov\u00e9 podr\u00e1\u017edenie sa v\u00e4\u010d\u0161inou prejavuje svrben\u00edm, \u0161t\u00edpan\u00edm, p\u00e1len\u00edm alebo pichan\u00edm poko\u017eky v po\u0161vovej oblasti. Diskomfort sp\u00f4soben\u00fd svrben\u00edm b\u00fdva mierny a\u017e ve\u013emi siln\u00fd, no hlavne ve\u013emi nepr\u00edjemn\u00fd. Nau\u010dte sa viac o svrben\u00ed po\u0161vy a o tom, ako sa tohto diskomfortu zbavi\u0165.<\/p>\n<\/div><\/div>\n\n\n\n<div class=\"wp-block-karopharma-free-text pt-large pb-large bg-center bg-cover bg-no-repeat\" style=\"background-image:url()\"><div class=\"free-text-wrapper container max-w-medium text-left\">\n<h2 class=\"is-style-heading-h2 wp-block-heading\">\u010co sp\u00f4sobuje svrbenie po\u0161vy?<\/h2>\n\n\n\n<p>Existuje viacero pr\u00ed\u010din po\u0161vov\u00e9ho svrbenia, medzi ktor\u00e9 patr\u00ed:<\/p>\n\n\n\n<ul class=\"is-style-default wp-block-list\"><li>Kvasinkov\u00e1 infekcia<\/li><li>Hormon\u00e1lne zmeny po\u010das tehotenstva, doj\u010denia \u010di menopauzy<\/li><li>U\u017e\u00edvanie antikoncepcie<\/li><li>Bakteri\u00e1lna vagin\u00f3za<\/li><li>Chemick\u00e9 dr\u00e1\u017ediv\u00e9 l\u00e1tky, ktor\u00e9 \u010dasto b\u00fdvaj\u00fa s\u00fa\u010das\u0165ou kr\u00e9mov, pien do k\u00fape\u013ea, prac\u00edch a aviv\u00e1\u017enych prostriedkov, parfumovan\u00fdch hygienick\u00fdch vlo\u017eiek, po\u0161vov\u00fdch sprejov, prezervat\u00edvov a parfumovan\u00fdch toaletn\u00fdch papierov<\/li><li>Nadmern\u00e9 um\u00fdvanie<\/li><li>Stres a \u00fazkos\u0165<\/li><li>Podr\u00e1\u017edenie sp\u00f4soben\u00e9 mo\u010dovou inkontinenciou<\/li><li>Syntetick\u00e1 spodn\u00e1 bielize\u0148 a tesn\u00e9 oble\u010denie<\/li><\/ul>\n\n\n\n<h2 class=\"is-style-heading-h2 wp-block-heading\">Ako sa zbavi\u0165 po\u0161vov\u00e9ho svrbenia a predch\u00e1dza\u0165 mu?<\/h2>\n\n\n\n<p>Lie\u010dba po\u0161vov\u00e9ho svrbenia z\u00e1vis\u00ed od jeho hlavnej pr\u00ed\u010diny. Svrbenie sa zvy\u010dajne vytrat\u00ed hne\u010f, ako d\u00f4jde k odstr\u00e1neniu danej pr\u00ed\u010diny.<\/p>\n\n\n\n<p>Kvasinkov\u00e1 infekcia je \u013eahko lie\u010dite\u013en\u00e1 antimykotikami, av\u0161ak ich \u00fa\u010dinky nezabr\u00e1nia opakovan\u00e9mu n\u00e1vratu infekcie. Naopak, pr\u00edrodn\u00e9 pr\u00edpravky maj\u00fa dlhodobej\u0161ie \u00fa\u010dinky, preto\u017ee optimalizuj\u00fa po\u0161vov\u00fa fl\u00f3ru, pom\u00e1haj\u00fa jej bojova\u0165 proti kvasinkovej infekcii a m\u00f4\u017eu by\u0165 pou\u017e\u00edvan\u00e9 ako prevencia proti n\u00e1vratu infekcie. Ak ste v obdob\u00ed menopauzy, porozpr\u00e1vajte sa so svoj\u00edm gynekol\u00f3gom o vhodnej lie\u010dbe, ktor\u00e1 by zmiernila tieto probl\u00e9my.<\/p>\n\n\n\n<p>Svrbenie sp\u00f4soben\u00e9 podr\u00e1\u017eden\u00edm sa v\u00e4\u010d\u0161inou po ur\u010ditom \u010dase vytrat\u00ed samo. Pre ur\u00fdchlenie regener\u00e1cie aplikujte na podr\u00e1\u017eden\u00fa oblas\u0165 pr\u00edrodn\u00fd upokojuj\u00faci pr\u00edpravok. V pr\u00edpade, \u017ee sa podr\u00e1\u017edenie vyskytne po pou\u017eit\u00ed kozmetick\u00e9ho pr\u00edpravku, na zminimalizovanie efektu sa pok\u00faste pr\u00edpravok z danej oblasti \u010do najsk\u00f4r odstr\u00e1ni\u0165 vypl\u00e1chnut\u00edm. Ak m\u00e1te podozrenie, \u017ee podr\u00e1\u017edenie m\u00f4\u017ee by\u0165 sp\u00f4soben\u00e9 prac\u00edm prostriedkom \u010di aviv\u00e1\u017eou, nahra\u010fte tieto pr\u00edpravky in\u00fdmi, antialerg\u00e9nnymi.<\/p>\n\n\n\n<p>Vyhnite sa \u0161krabaniu postihnutej oblasti, a\u017e k\u00fdm svrbenie neprestane. Umo\u017en\u00edte tak poko\u017eke zregenerova\u0165 sa. Na oblas\u0165 svrbenia odpor\u00fa\u010dame prilo\u017ei\u0165 chladiv\u00fd obklad, ktor\u00fd poskytne aspo\u0148 \u010diasto\u010dn\u00fa \u00fa\u013eavu a upokoj\u00ed poko\u017eku.<\/p>\n\n\n\n<p>Ak sa podr\u00e1\u017edenie po nieko\u013ek\u00fdch d\u0148och nezmierni a diskomfort je st\u00e1le siln\u00fd, alebo sa po lie\u010dbe probl\u00e9my opakovane vracaj\u00fa, rozhodne nav\u0161t\u00edvte svojho gynekol\u00f3ga.<\/p>\n\n\n\n<p>Aby ste predi\u0161li svrbeniu po\u0161vy, je dobr\u00e9 si zau\u017e\u00edva\u0165 tieto n\u00e1vyky:<\/p>\n\n\n\n<ul class=\"is-style-default wp-block-list\"><li>Vyhnite sa ak\u00fdmko\u013evek pr\u00edpravkom, ktor\u00e9 obsahuj\u00fa dr\u00e1\u017ediv\u00e9 l\u00e1tky, alerg\u00e9ny a siln\u00e9 chemick\u00e9 l\u00e1tky.<\/li><li>Na um\u00fdvanie int\u00edmnej oblasti pou\u017e\u00edvajte vodu alebo jemn\u00e9 pr\u00edrodn\u00e9 int\u00edmne pr\u00edpravky jedenkr\u00e1t denne. Ak m\u00e1te potrebu um\u00fdva\u0165 sa \u010dastej\u0161ie, pou\u017e\u00edvajte len \u010dist\u00fa vodu. Int\u00edmnu oblas\u0165 su\u0161te jemn\u00fdm prikladan\u00edm m\u00e4kkej a \u010distej osu\u0161ky.<\/li><li>Po toalete sa v\u017edy utierajte spredu dozadu.<\/li><li>Pou\u017e\u00edvajte bavlnen\u00fa spodn\u00fa bielize\u0148 namiesto syntetickej.<\/li><li>Na zmiernenie po\u0161vovej suchosti pou\u017e\u00edvajte lubrikanty a po\u0161vov\u00e9 hydrata\u010dn\u00e9 g\u00e9ly.<\/li><\/ul>\n\n\n\n<p class=\"is-style-paragraph-preamble has-primary-color has-text-color\"><em>\u201eSvrbenie sp\u00f4soben\u00e9 podr\u00e1\u017eden\u00edm sa v\u00e4\u010d\u0161inou po ur\u010ditom \u010dase vytrat\u00ed samo. Pre ur\u00fdchlenie regener\u00e1cie aplikujte na podr\u00e1\u017eden\u00fa oblas\u0165 pr\u00edrodn\u00fd upokojuj\u00faci pr\u00edpravok.\u201c<\/em><\/p>\n<\/div><\/div>\n","protected":false},"excerpt":{"rendered":"","protected":false},"author":2,"featured_media":0,"parent":59,"menu_order":12,"comment_status":"closed","ping_status":"closed","template":"","meta":{"_acf_changed":false,"footnotes":""},"from-article-database":[],"class_list":["post-131","page","type-page","status-publish","hentry"],"acf":[],"yoast_head":"<!-- This site is optimized with the Yoast SEO plugin v26.6 - https:\/\/yoast.com\/wordpress\/plugins\/seo\/ -->\n<title>Ako sa zbavi\u0165 svrbenia po\u0161vy - Multi-Gyn<\/title>\n<meta name=\"description\" content=\"Po\u0161vov\u00e9 podr\u00e1\u017edenie sa v\u00e4\u010d\u0161inou prejavuje svrben\u00edm, \u0161t\u00edpan\u00edm, p\u00e1len\u00edm alebo pichan\u00edm poko\u017eky v po\u0161vovej oblasti.\" \/>\n<meta name=\"robots\" content=\"index, follow, max-snippet:-1, max-image-preview:large, max-video-preview:-1\" \/>\n<link rel=\"canonical\" href=\"https:\/\/multi-gyn.com\/sk\/posvove-zdravie\/problemy\/ako-sa-zbavit-svrbenia-posvy\/\" \/>\n<meta property=\"og:locale\" content=\"sk_SK\" \/>\n<meta property=\"og:type\" content=\"article\" \/>\n<meta property=\"og:title\" content=\"Ako sa zbavi\u0165 svrbenia po\u0161vy - Multi-Gyn\" \/>\n<meta property=\"og:description\" content=\"Po\u0161vov\u00e9 podr\u00e1\u017edenie sa v\u00e4\u010d\u0161inou prejavuje svrben\u00edm, \u0161t\u00edpan\u00edm, p\u00e1len\u00edm alebo pichan\u00edm poko\u017eky v po\u0161vovej oblasti.\" \/>\n<meta property=\"og:url\" content=\"https:\/\/multi-gyn.com\/sk\/posvove-zdravie\/problemy\/ako-sa-zbavit-svrbenia-posvy\/\" \/>\n<meta property=\"og:site_name\" content=\"Multi-Gyn\" \/>\n<meta property=\"article:modified_time\" content=\"2023-09-20T09:48:11+00:00\" \/>\n<meta name=\"twitter:card\" content=\"summary_large_image\" \/>\n<meta name=\"twitter:label1\" content=\"Predpokladan\u00fd \u010das \u010d\u00edtania\" \/>\n\t<meta name=\"twitter:data1\" content=\"3 min\u00faty\" \/>\n<script type=\"application\/ld+json\" class=\"yoast-schema-graph\">{\"@context\":\"https:\/\/schema.org\",\"@graph\":[{\"@type\":\"WebPage\",\"@id\":\"https:\/\/multi-gyn.com\/sk\/posvove-zdravie\/problemy\/ako-sa-zbavit-svrbenia-posvy\/\",\"url\":\"https:\/\/multi-gyn.com\/sk\/posvove-zdravie\/problemy\/ako-sa-zbavit-svrbenia-posvy\/\",\"name\":\"Ako sa zbavi\u0165 svrbenia po\u0161vy - Multi-Gyn\",\"isPartOf\":{\"@id\":\"https:\/\/multi-gyn.com\/sk\/#website\"},\"datePublished\":\"2023-06-02T11:50:15+00:00\",\"dateModified\":\"2023-09-20T09:48:11+00:00\",\"description\":\"Po\u0161vov\u00e9 podr\u00e1\u017edenie sa v\u00e4\u010d\u0161inou prejavuje svrben\u00edm, \u0161t\u00edpan\u00edm, p\u00e1len\u00edm alebo pichan\u00edm poko\u017eky v po\u0161vovej oblasti.\",\"breadcrumb\":{\"@id\":\"https:\/\/multi-gyn.com\/sk\/posvove-zdravie\/problemy\/ako-sa-zbavit-svrbenia-posvy\/#breadcrumb\"},\"inLanguage\":\"sk-SK\",\"potentialAction\":[{\"@type\":\"ReadAction\",\"target\":[\"https:\/\/multi-gyn.com\/sk\/posvove-zdravie\/problemy\/ako-sa-zbavit-svrbenia-posvy\/\"]}]},{\"@type\":\"BreadcrumbList\",\"@id\":\"https:\/\/multi-gyn.com\/sk\/posvove-zdravie\/problemy\/ako-sa-zbavit-svrbenia-posvy\/#breadcrumb\",\"itemListElement\":[{\"@type\":\"ListItem\",\"position\":1,\"name\":\"Home\",\"item\":\"https:\/\/multi-gyn.com\/sk\/\"},{\"@type\":\"ListItem\",\"position\":2,\"name\":\"Po\u0161vov\u00e9 zdravie\",\"item\":\"https:\/\/multi-gyn.com\/sk\/posvove-zdravie\/\"},{\"@type\":\"ListItem\",\"position\":3,\"name\":\"Probl\u00e9my\",\"item\":\"https:\/\/multi-gyn.com\/sk\/posvove-zdravie\/problemy\/\"},{\"@type\":\"ListItem\",\"position\":4,\"name\":\"Ako sa zbavi\u0165 svrbenia po\u0161vy\"}]},{\"@type\":\"WebSite\",\"@id\":\"https:\/\/multi-gyn.com\/sk\/#website\",\"url\":\"https:\/\/multi-gyn.com\/sk\/\",\"name\":\"Multi-Gyn\",\"description\":\"\",\"publisher\":{\"@id\":\"https:\/\/multi-gyn.com\/sk\/#organization\"},\"potentialAction\":[{\"@type\":\"SearchAction\",\"target\":{\"@type\":\"EntryPoint\",\"urlTemplate\":\"https:\/\/multi-gyn.com\/sk\/?s={search_term_string}\"},\"query-input\":{\"@type\":\"PropertyValueSpecification\",\"valueRequired\":true,\"valueName\":\"search_term_string\"}}],\"inLanguage\":\"sk-SK\"},{\"@type\":\"Organization\",\"@id\":\"https:\/\/multi-gyn.com\/sk\/#organization\",\"name\":\"Multi-Gyn\",\"url\":\"https:\/\/multi-gyn.com\/sk\/\",\"logo\":{\"@type\":\"ImageObject\",\"inLanguage\":\"sk-SK\",\"@id\":\"https:\/\/multi-gyn.com\/sk\/#\/schema\/logo\/image\/\",\"url\":\"https:\/\/multi-gyn.com\/app\/uploads\/sites\/48\/2023\/06\/multi-gyn-logo.png\",\"contentUrl\":\"https:\/\/multi-gyn.com\/app\/uploads\/sites\/48\/2023\/06\/multi-gyn-logo.png\",\"width\":149,\"height\":32,\"caption\":\"Multi-Gyn\"},\"image\":{\"@id\":\"https:\/\/multi-gyn.com\/sk\/#\/schema\/logo\/image\/\"}}]}<\/script>\n<!-- \/ Yoast SEO plugin. -->","yoast_head_json":{"title":"Ako sa zbavi\u0165 svrbenia po\u0161vy - Multi-Gyn","description":"Po\u0161vov\u00e9 podr\u00e1\u017edenie sa v\u00e4\u010d\u0161inou prejavuje svrben\u00edm, \u0161t\u00edpan\u00edm, p\u00e1len\u00edm alebo pichan\u00edm poko\u017eky v po\u0161vovej oblasti.","robots":{"index":"index","follow":"follow","max-snippet":"max-snippet:-1","max-image-preview":"max-image-preview:large","max-video-preview":"max-video-preview:-1"},"canonical":"https:\/\/multi-gyn.com\/sk\/posvove-zdravie\/problemy\/ako-sa-zbavit-svrbenia-posvy\/","og_locale":"sk_SK","og_type":"article","og_title":"Ako sa zbavi\u0165 svrbenia po\u0161vy - Multi-Gyn","og_description":"Po\u0161vov\u00e9 podr\u00e1\u017edenie sa v\u00e4\u010d\u0161inou prejavuje svrben\u00edm, \u0161t\u00edpan\u00edm, p\u00e1len\u00edm alebo pichan\u00edm poko\u017eky v po\u0161vovej oblasti.","og_url":"https:\/\/multi-gyn.com\/sk\/posvove-zdravie\/problemy\/ako-sa-zbavit-svrbenia-posvy\/","og_site_name":"Multi-Gyn","article_modified_time":"2023-09-20T09:48:11+00:00","twitter_card":"summary_large_image","twitter_misc":{"Predpokladan\u00fd \u010das \u010d\u00edtania":"3 min\u00faty"},"schema":{"@context":"https:\/\/schema.org","@graph":[{"@type":"WebPage","@id":"https:\/\/multi-gyn.com\/sk\/posvove-zdravie\/problemy\/ako-sa-zbavit-svrbenia-posvy\/","url":"https:\/\/multi-gyn.com\/sk\/posvove-zdravie\/problemy\/ako-sa-zbavit-svrbenia-posvy\/","name":"Ako sa zbavi\u0165 svrbenia po\u0161vy - Multi-Gyn","isPartOf":{"@id":"https:\/\/multi-gyn.com\/sk\/#website"},"datePublished":"2023-06-02T11:50:15+00:00","dateModified":"2023-09-20T09:48:11+00:00","description":"Po\u0161vov\u00e9 podr\u00e1\u017edenie sa v\u00e4\u010d\u0161inou prejavuje svrben\u00edm, \u0161t\u00edpan\u00edm, p\u00e1len\u00edm alebo pichan\u00edm poko\u017eky v po\u0161vovej oblasti.","breadcrumb":{"@id":"https:\/\/multi-gyn.com\/sk\/posvove-zdravie\/problemy\/ako-sa-zbavit-svrbenia-posvy\/#breadcrumb"},"inLanguage":"sk-SK","potentialAction":[{"@type":"ReadAction","target":["https:\/\/multi-gyn.com\/sk\/posvove-zdravie\/problemy\/ako-sa-zbavit-svrbenia-posvy\/"]}]},{"@type":"BreadcrumbList","@id":"https:\/\/multi-gyn.com\/sk\/posvove-zdravie\/problemy\/ako-sa-zbavit-svrbenia-posvy\/#breadcrumb","itemListElement":[{"@type":"ListItem","position":1,"name":"Home","item":"https:\/\/multi-gyn.com\/sk\/"},{"@type":"ListItem","position":2,"name":"Po\u0161vov\u00e9 zdravie","item":"https:\/\/multi-gyn.com\/sk\/posvove-zdravie\/"},{"@type":"ListItem","position":3,"name":"Probl\u00e9my","item":"https:\/\/multi-gyn.com\/sk\/posvove-zdravie\/problemy\/"},{"@type":"ListItem","position":4,"name":"Ako sa zbavi\u0165 svrbenia po\u0161vy"}]},{"@type":"WebSite","@id":"https:\/\/multi-gyn.com\/sk\/#website","url":"https:\/\/multi-gyn.com\/sk\/","name":"Multi-Gyn","description":"","publisher":{"@id":"https:\/\/multi-gyn.com\/sk\/#organization"},"potentialAction":[{"@type":"SearchAction","target":{"@type":"EntryPoint","urlTemplate":"https:\/\/multi-gyn.com\/sk\/?s={search_term_string}"},"query-input":{"@type":"PropertyValueSpecification","valueRequired":true,"valueName":"search_term_string"}}],"inLanguage":"sk-SK"},{"@type":"Organization","@id":"https:\/\/multi-gyn.com\/sk\/#organization","name":"Multi-Gyn","url":"https:\/\/multi-gyn.com\/sk\/","logo":{"@type":"ImageObject","inLanguage":"sk-SK","@id":"https:\/\/multi-gyn.com\/sk\/#\/schema\/logo\/image\/","url":"https:\/\/multi-gyn.com\/app\/uploads\/sites\/48\/2023\/06\/multi-gyn-logo.png","contentUrl":"https:\/\/multi-gyn.com\/app\/uploads\/sites\/48\/2023\/06\/multi-gyn-logo.png","width":149,"height":32,"caption":"Multi-Gyn"},"image":{"@id":"https:\/\/multi-gyn.com\/sk\/#\/schema\/logo\/image\/"}}]}},"_links":{"self":[{"href":"https:\/\/multi-gyn.com\/sk\/wp-json\/wp\/v2\/pages\/131","targetHints":{"allow":["GET"]}}],"collection":[{"href":"https:\/\/multi-gyn.com\/sk\/wp-json\/wp\/v2\/pages"}],"about":[{"href":"https:\/\/multi-gyn.com\/sk\/wp-json\/wp\/v2\/types\/page"}],"author":[{"embeddable":true,"href":"https:\/\/multi-gyn.com\/sk\/wp-json\/wp\/v2\/users\/2"}],"replies":[{"embeddable":true,"href":"https:\/\/multi-gyn.com\/sk\/wp-json\/wp\/v2\/comments?post=131"}],"version-history":[{"count":4,"href":"https:\/\/multi-gyn.com\/sk\/wp-json\/wp\/v2\/pages\/131\/revisions"}],"predecessor-version":[{"id":586,"href":"https:\/\/multi-gyn.com\/sk\/wp-json\/wp\/v2\/pages\/131\/revisions\/586"}],"up":[{"embeddable":true,"href":"https:\/\/multi-gyn.com\/sk\/wp-json\/wp\/v2\/pages\/59"}],"wp:attachment":[{"href":"https:\/\/multi-gyn.com\/sk\/wp-json\/wp\/v2\/media?parent=131"}],"wp:term":[{"taxonomy":"from-article-database","embeddable":true,"href":"https:\/\/multi-gyn.com\/sk\/wp-json\/wp\/v2\/from-article-database?post=131"}],"curies":[{"name":"wp","href":"https:\/\/api.w.org\/{rel}","templated":true}]}}