{"id":135,"date":"2023-06-02T13:50:51","date_gmt":"2023-06-02T11:50:51","guid":{"rendered":"https:\/\/multi-gyn.com\/sk\/?page_id=135"},"modified":"2023-09-20T11:48:09","modified_gmt":"2023-09-20T09:48:09","slug":"5-najbeznejsich-posvovych-problemov","status":"publish","type":"page","link":"https:\/\/multi-gyn.com\/sk\/posvove-zdravie\/problemy\/5-najbeznejsich-posvovych-problemov\/","title":{"rendered":"5 najbe\u017enej\u0161\u00edch po\u0161vov\u00fdch probl\u00e9mov"},"content":{"rendered":"\n<div class=\"wp-block-karopharma-free-text pt-large pb-large bg-center bg-cover bg-no-repeat  is-style-primary\" style=\"background-image:url()\"><div class=\"free-text-wrapper container max-w-medium text-left\">\n<h1 class=\"is-style-heading-large wp-block-heading\">5 najbe\u017enej\u0161\u00edch po\u0161vov\u00fdch probl\u00e9mov<\/h1>\n\n\n\n<p class=\"is-style-paragraph-preamble\">Ka\u017ed\u00e1 \u017eena sa v \u017eivote stretne s nejak\u00fdmi po\u0161vov\u00fdmi probl\u00e9mami. M\u00f4\u017eu by\u0165 len mierne a m\u00e1lo nepr\u00edjemn\u00e9, alebo v\u00e1\u017ene, ktor\u00e9 podstatne ovplyv\u0148uj\u00fa \u017eivot, hlavne ten sexu\u00e1lny. Medzi 5 najbe\u017enej\u0161\u00edch po\u0161vov\u00fdch probl\u00e9mov patr\u00ed svrbenie, p\u00e1lenie, po\u0161vov\u00e1 suchos\u0165, v\u00fdtok (niekedy spojen\u00fd s nepr\u00edjemn\u00fdm z\u00e1pachom) a podr\u00e1\u017edenie \u010di boles\u0165 po\u010das alebo po pohlavnom styku. Pr\u00ed\u010dina t\u00fdchto probl\u00e9mov nie je v\u017edy dobre zn\u00e1ma a \u013eahko diagnostikovate\u013en\u00e1, preto je d\u00f4le\u017eit\u00e9, aby ste Va\u0161e probl\u00e9my konzultovali s gynekol\u00f3gom.<\/p>\n<\/div><\/div>\n\n\n\n<div class=\"wp-block-karopharma-free-text pt-large pb-large bg-center bg-cover bg-no-repeat\" style=\"background-image:url()\"><div class=\"free-text-wrapper container max-w-medium text-left\">\n<h2 class=\"is-style-heading-h2 wp-block-heading\">Svrbenie po\u0161vy<\/h2>\n\n\n\n<p>Po\u0161vov\u00e9 svrbenie m\u00f4\u017ee by\u0165 sp\u00f4soben\u00e9 infekciami, ako s\u00fa kvasinkov\u00e1 infekcia, bakteri\u00e1lna vagin\u00f3za alebo STD (pohlavne prenosn\u00e9 ochorenie). Rovnako m\u00f4\u017ee by\u0165 sp\u00f4soben\u00e9 aj podr\u00e1\u017eden\u00edm alebo alergickou reakciou na nejak\u00e9 l\u00e1tky, ako s\u00fa parfumy, mydl\u00e1, aviv\u00e1\u017ee at\u010f. \u010eal\u0161ie pr\u00ed\u010diny zah\u0155\u0148aj\u00fa nosenie syntetickej spodnej bielizne, holenie, zv\u00fd\u0161en\u00e9 trenie kv\u00f4li fyzickej aktivite alebo po\u0161vovej suchosti. Zatia\u013e \u010do infekcia m\u00f4\u017ee by\u0165 vo v\u00e4\u010d\u0161ine pr\u00edpadov identifikovan\u00e1 na z\u00e1klade \u0161pecifick\u00e9ho v\u00fdtoku, pri neinfek\u010dnej pr\u00ed\u010dine svrbenia nie je \u017eiadny nezvy\u010dajn\u00fd v\u00fdtok, ale zdurenie a za\u010dervenanie po\u0161vy a vulvy. Ak chcete n\u00e1js\u0165 pr\u00ed\u010dinu probl\u00e9mov, pok\u00faste sa vyhn\u00fa\u0165 kontaktu so v\u0161etk\u00fdmi potenci\u00e1lnymi alerg\u00e9nmi: nepou\u017e\u00edvajte mydlo alebo parfumy, vyhnite sa parfumovan\u00fdm hygienick\u00fdm vlo\u017ek\u00e1m a toaletn\u00fdm papierom, presta\u0148te pou\u017e\u00edva\u0165 aviv\u00e1\u017e na spodn\u00fa bielize\u0148, na chv\u00ed\u013eu sa presta\u0148te holi\u0165 a nosievajte len nohavi\u010dky z priedu\u0161n\u00fdch pr\u00edrodn\u00fdch materi\u00e1lov. Ak probl\u00e9my bud\u00fa aj na\u010falej pretrv\u00e1va\u0165, kontaktujte svojho lek\u00e1ra.<\/p>\n\n\n\n<h2 class=\"is-style-heading-h2 wp-block-heading\">P\u00e1lenie po\u0161vy<\/h2>\n\n\n\n<p>Pocity p\u00e1lenia v po\u0161vovej oblasti s\u00fa v\u00e4\u010d\u0161inou sp\u00f4soben\u00e9 podr\u00e1\u017eden\u00edm poko\u017eky, ktor\u00e9 vznik\u00e1 ako n\u00e1sledok svrbenia a \u0161krabania, alebo kv\u00f4li infekcii po\u0161vy \u010di mo\u010dovej r\u00fary. Tento pocit sa m\u00f4\u017ee prejavi\u0165 ne\u010dakane alebo sa vyvin\u00fa\u0165 v priebehu nieko\u013ek\u00fdch t\u00fd\u017ed\u0148ov. Je d\u00f4le\u017eit\u00e9 kontaktova\u0165 V\u00e1\u0161ho gynekol\u00f3ga, ktor\u00fd V\u00e1s vy\u0161etr\u00ed a nastav\u00ed na vhodn\u00fa lie\u010dbu. V pr\u00edpade, \u017ee pr\u00ed\u010dinou probl\u00e9mov je infekcia, lie\u010dba bude pravdepodobne zah\u0155\u0148a\u0165 antibiotik\u00e1 alebo antimykotik\u00e1. K\u00fdm v\u0161ak za\u010dn\u00fa \u00fa\u010dinkova\u0165, m\u00f4\u017ee to trva\u0165 nieko\u013eko dn\u00ed. Preto je vhodn\u00e9 pou\u017ei\u0165 produkty, ktor\u00e9 schladia poko\u017eku a zbavia V\u00e1s svrbenia a podr\u00e1\u017edenia. Tieto pr\u00edpravky s\u00fa v\u00e4\u010d\u0161inou vo forme sprejov a g\u00e9lov a s\u00fa vo\u013eno predajn\u00e9.<\/p>\n\n\n\n<h2 class=\"is-style-heading-h2 wp-block-heading\">Suchos\u0165 po\u0161vy<\/h2>\n\n\n\n<p>Po\u0161vov\u00e1 suchos\u0165 b\u00fdva naj\u010dastej\u0161ie spojen\u00e1 s menopauzou, i ke\u010f m\u00f4\u017ee tr\u00e1pi\u0165 \u017eeny v ka\u017edom veku. Medzi jej pr\u00edznaky patr\u00ed svrbenie, p\u00e1lenie, boles\u0165 po\u010das pohlavn\u00e9ho styku a bolestivos\u0165 v int\u00edmnej oblasti. Hoci sa tieto pr\u00edznaky v r\u00e1mci po\u0161vov\u00e9ho diskomfortu m\u00f4\u017eu podoba\u0165, hlavn\u00fdm rozdielom je v tomto pr\u00edpade nezvy\u010dajn\u00fd nedostatok v\u00fdtoku. V z\u00e1vislosti na pr\u00ed\u010dine m\u00f4\u017ee by\u0165 po\u0161vov\u00e1 suchos\u0165 lie\u010den\u00e1 hormon\u00e1lne alebo nehormon\u00e1lne, lok\u00e1lne \u010di peror\u00e1lne (\u00fastne). Nehormon\u00e1lne po\u0161vov\u00e9 pr\u00edpravky na zvlh\u010denie poskytuj\u00fa r\u00fdchlu \u00fa\u013eavu a ich efekt m\u00f4\u017ee pretrv\u00e1va\u0165 nieko\u013eko dn\u00ed. Po\u0161vov\u00e9 lubrikanty zase poskytuj\u00fa okam\u017eit\u00e9 rie\u0161enie v pr\u00edpade bolestiv\u00e9ho sexu.<\/p>\n\n\n\n<p class=\"is-style-paragraph-preamble has-primary-color has-text-color\"><em>\u201eMedzi p\u00e4\u0165 najbe\u017enej\u0161\u00edch po\u0161vov\u00fdch probl\u00e9mov patr\u00ed svrbenie, p\u00e1lenie, po\u0161vov\u00e1 suchos\u0165, v\u00fdtok (niekedy spojen\u00fd s nepr\u00edjemn\u00fdm z\u00e1pachom) a podr\u00e1\u017edenie \u010di boles\u0165 po\u010das alebo po pohlavnom styku.\u201c<\/em><\/p>\n\n\n\n<h2 class=\"is-style-heading-h2 wp-block-heading\">V\u00fdtok \u010di nepr\u00edjemn\u00fd z\u00e1pach<\/h2>\n\n\n\n<p>Po\u0161vov\u00fd v\u00fdtok je telesn\u00e1 tekutina, ktor\u00e1 napom\u00e1ha po\u0161ve udr\u017ea\u0165 si svoju bakteri\u00e1lnu rovnov\u00e1hu, vytv\u00e1ra lubrik\u00e1ciu po\u010das pohlavn\u00e9ho styku a poskytuje ochranu pre sliznice a tkaniv\u00e1 v int\u00edmnej oblasti. Jeho vzh\u013ead sa po\u010das men\u0161trua\u010dn\u00e9ho cyklu a v r\u00f4znych \u0161t\u00e1di\u00e1ch \u017eivota men\u00ed. Nezvy\u010dajn\u00fd v\u00fdtok (napr. biely hust\u00fd a drobiv\u00fd alebo siv\u00fd riedky s charakteristick\u00fdm rybac\u00edm z\u00e1pachom) je v\u0161ak znakom po\u0161vovej infekcie \u2013 bakteri\u00e1lnej vagin\u00f3zy alebo kvasinkovej infekcie. Nezvy\u010dajn\u00e9 zmeny v\u00fdtoku m\u00f4\u017eu by\u0165 aj pr\u00edznakom STD (pohlavne prenosn\u00fdch ochoren\u00ed) alebo in\u00fdch v\u00e1\u017enych zdravotn\u00fdch probl\u00e9mov. V pr\u00edpade, \u017ee si v\u0161imnete tak\u00e9to neobvykl\u00e9 zmeny V\u00e1\u0161ho v\u00fdtoku, okam\u017eite kontaktujte svojho gynekol\u00f3ga.<\/p>\n\n\n\n<h2 class=\"is-style-heading-h2 wp-block-heading\">Podr\u00e1\u017edenie a boles\u0165 po\u010das alebo po pohlavnom styku<\/h2>\n\n\n\n<p>Za norm\u00e1lnych okolnost\u00ed by mal by\u0165 pohlavn\u00fd styk bezbolestn\u00fd. Podr\u00e1\u017edenie a boles\u0165 po\u010das alebo po pohlavnom styku m\u00f4\u017eu by\u0165 sp\u00f4soben\u00e9 nieko\u013ek\u00fdmi faktormi. Najbe\u017enej\u0161ou pr\u00ed\u010dinou je po\u0161vov\u00e1 suchos\u0165, infekcie alebo alergie, av\u0161ak boles\u0165 m\u00f4\u017ee by\u0165 spojen\u00e1 aj so z\u00e1va\u017enej\u0161\u00edmi probl\u00e9mami, ako s\u00fa fyzick\u00e1 trauma (napr. po p\u00f4rode), psychologick\u00e1 trauma \u010di rakovina. Ak m\u00e1te probl\u00e9my s po\u0161vovou boles\u0165ou ak\u00e9hoko\u013evek druhu, je d\u00f4le\u017eit\u00e9, aby ste sa porozpr\u00e1vali so svoj\u00edm gynekol\u00f3gom, na\u0161li pr\u00ed\u010dinu a za\u010dali s vhodnou lie\u010dbou.<\/p>\n<\/div><\/div>\n","protected":false},"excerpt":{"rendered":"","protected":false},"author":2,"featured_media":0,"parent":59,"menu_order":13,"comment_status":"closed","ping_status":"closed","template":"","meta":{"_acf_changed":false,"footnotes":""},"from-article-database":[],"class_list":["post-135","page","type-page","status-publish","hentry"],"acf":[],"yoast_head":"<!-- This site is optimized with the Yoast SEO plugin v26.6 - https:\/\/yoast.com\/wordpress\/plugins\/seo\/ -->\n<title>5 najbe\u017enej\u0161\u00edch po\u0161vov\u00fdch probl\u00e9mov - Multi-Gyn<\/title>\n<meta name=\"description\" content=\"Ka\u017ed\u00e1 \u017eena sa v \u017eivote stretne s nejak\u00fdmi po\u0161vov\u00fdmi probl\u00e9mami. M\u00f4\u017eu by\u0165 len mierne a m\u00e1lo nepr\u00edjemn\u00e9, alebo v\u00e1\u017ene, ktor\u00e9 podstatne ovplyv\u0148uj\u00fa \u017eivot, hlavne ten sexu\u00e1lny.\" \/>\n<meta name=\"robots\" content=\"index, follow, max-snippet:-1, max-image-preview:large, max-video-preview:-1\" \/>\n<link rel=\"canonical\" href=\"https:\/\/multi-gyn.com\/sk\/posvove-zdravie\/problemy\/5-najbeznejsich-posvovych-problemov\/\" \/>\n<meta property=\"og:locale\" content=\"sk_SK\" \/>\n<meta property=\"og:type\" content=\"article\" \/>\n<meta property=\"og:title\" content=\"5 najbe\u017enej\u0161\u00edch po\u0161vov\u00fdch probl\u00e9mov - Multi-Gyn\" \/>\n<meta property=\"og:description\" content=\"Ka\u017ed\u00e1 \u017eena sa v \u017eivote stretne s nejak\u00fdmi po\u0161vov\u00fdmi probl\u00e9mami. M\u00f4\u017eu by\u0165 len mierne a m\u00e1lo nepr\u00edjemn\u00e9, alebo v\u00e1\u017ene, ktor\u00e9 podstatne ovplyv\u0148uj\u00fa \u017eivot, hlavne ten sexu\u00e1lny.\" \/>\n<meta property=\"og:url\" content=\"https:\/\/multi-gyn.com\/sk\/posvove-zdravie\/problemy\/5-najbeznejsich-posvovych-problemov\/\" \/>\n<meta property=\"og:site_name\" content=\"Multi-Gyn\" \/>\n<meta property=\"article:modified_time\" content=\"2023-09-20T09:48:09+00:00\" \/>\n<meta name=\"twitter:card\" content=\"summary_large_image\" \/>\n<meta name=\"twitter:label1\" content=\"Predpokladan\u00fd \u010das \u010d\u00edtania\" \/>\n\t<meta name=\"twitter:data1\" content=\"4 min\u00faty\" \/>\n<script type=\"application\/ld+json\" class=\"yoast-schema-graph\">{\"@context\":\"https:\/\/schema.org\",\"@graph\":[{\"@type\":\"WebPage\",\"@id\":\"https:\/\/multi-gyn.com\/sk\/posvove-zdravie\/problemy\/5-najbeznejsich-posvovych-problemov\/\",\"url\":\"https:\/\/multi-gyn.com\/sk\/posvove-zdravie\/problemy\/5-najbeznejsich-posvovych-problemov\/\",\"name\":\"5 najbe\u017enej\u0161\u00edch po\u0161vov\u00fdch probl\u00e9mov - Multi-Gyn\",\"isPartOf\":{\"@id\":\"https:\/\/multi-gyn.com\/sk\/#website\"},\"datePublished\":\"2023-06-02T11:50:51+00:00\",\"dateModified\":\"2023-09-20T09:48:09+00:00\",\"description\":\"Ka\u017ed\u00e1 \u017eena sa v \u017eivote stretne s nejak\u00fdmi po\u0161vov\u00fdmi probl\u00e9mami. M\u00f4\u017eu by\u0165 len mierne a m\u00e1lo nepr\u00edjemn\u00e9, alebo v\u00e1\u017ene, ktor\u00e9 podstatne ovplyv\u0148uj\u00fa \u017eivot, hlavne ten sexu\u00e1lny.\",\"breadcrumb\":{\"@id\":\"https:\/\/multi-gyn.com\/sk\/posvove-zdravie\/problemy\/5-najbeznejsich-posvovych-problemov\/#breadcrumb\"},\"inLanguage\":\"sk-SK\",\"potentialAction\":[{\"@type\":\"ReadAction\",\"target\":[\"https:\/\/multi-gyn.com\/sk\/posvove-zdravie\/problemy\/5-najbeznejsich-posvovych-problemov\/\"]}]},{\"@type\":\"BreadcrumbList\",\"@id\":\"https:\/\/multi-gyn.com\/sk\/posvove-zdravie\/problemy\/5-najbeznejsich-posvovych-problemov\/#breadcrumb\",\"itemListElement\":[{\"@type\":\"ListItem\",\"position\":1,\"name\":\"Home\",\"item\":\"https:\/\/multi-gyn.com\/sk\/\"},{\"@type\":\"ListItem\",\"position\":2,\"name\":\"Po\u0161vov\u00e9 zdravie\",\"item\":\"https:\/\/multi-gyn.com\/sk\/posvove-zdravie\/\"},{\"@type\":\"ListItem\",\"position\":3,\"name\":\"Probl\u00e9my\",\"item\":\"https:\/\/multi-gyn.com\/sk\/posvove-zdravie\/problemy\/\"},{\"@type\":\"ListItem\",\"position\":4,\"name\":\"5 najbe\u017enej\u0161\u00edch po\u0161vov\u00fdch probl\u00e9mov\"}]},{\"@type\":\"WebSite\",\"@id\":\"https:\/\/multi-gyn.com\/sk\/#website\",\"url\":\"https:\/\/multi-gyn.com\/sk\/\",\"name\":\"Multi-Gyn\",\"description\":\"\",\"publisher\":{\"@id\":\"https:\/\/multi-gyn.com\/sk\/#organization\"},\"potentialAction\":[{\"@type\":\"SearchAction\",\"target\":{\"@type\":\"EntryPoint\",\"urlTemplate\":\"https:\/\/multi-gyn.com\/sk\/?s={search_term_string}\"},\"query-input\":{\"@type\":\"PropertyValueSpecification\",\"valueRequired\":true,\"valueName\":\"search_term_string\"}}],\"inLanguage\":\"sk-SK\"},{\"@type\":\"Organization\",\"@id\":\"https:\/\/multi-gyn.com\/sk\/#organization\",\"name\":\"Multi-Gyn\",\"url\":\"https:\/\/multi-gyn.com\/sk\/\",\"logo\":{\"@type\":\"ImageObject\",\"inLanguage\":\"sk-SK\",\"@id\":\"https:\/\/multi-gyn.com\/sk\/#\/schema\/logo\/image\/\",\"url\":\"https:\/\/multi-gyn.com\/app\/uploads\/sites\/48\/2023\/06\/multi-gyn-logo.png\",\"contentUrl\":\"https:\/\/multi-gyn.com\/app\/uploads\/sites\/48\/2023\/06\/multi-gyn-logo.png\",\"width\":149,\"height\":32,\"caption\":\"Multi-Gyn\"},\"image\":{\"@id\":\"https:\/\/multi-gyn.com\/sk\/#\/schema\/logo\/image\/\"}}]}<\/script>\n<!-- \/ Yoast SEO plugin. -->","yoast_head_json":{"title":"5 najbe\u017enej\u0161\u00edch po\u0161vov\u00fdch probl\u00e9mov - Multi-Gyn","description":"Ka\u017ed\u00e1 \u017eena sa v \u017eivote stretne s nejak\u00fdmi po\u0161vov\u00fdmi probl\u00e9mami. M\u00f4\u017eu by\u0165 len mierne a m\u00e1lo nepr\u00edjemn\u00e9, alebo v\u00e1\u017ene, ktor\u00e9 podstatne ovplyv\u0148uj\u00fa \u017eivot, hlavne ten sexu\u00e1lny.","robots":{"index":"index","follow":"follow","max-snippet":"max-snippet:-1","max-image-preview":"max-image-preview:large","max-video-preview":"max-video-preview:-1"},"canonical":"https:\/\/multi-gyn.com\/sk\/posvove-zdravie\/problemy\/5-najbeznejsich-posvovych-problemov\/","og_locale":"sk_SK","og_type":"article","og_title":"5 najbe\u017enej\u0161\u00edch po\u0161vov\u00fdch probl\u00e9mov - Multi-Gyn","og_description":"Ka\u017ed\u00e1 \u017eena sa v \u017eivote stretne s nejak\u00fdmi po\u0161vov\u00fdmi probl\u00e9mami. M\u00f4\u017eu by\u0165 len mierne a m\u00e1lo nepr\u00edjemn\u00e9, alebo v\u00e1\u017ene, ktor\u00e9 podstatne ovplyv\u0148uj\u00fa \u017eivot, hlavne ten sexu\u00e1lny.","og_url":"https:\/\/multi-gyn.com\/sk\/posvove-zdravie\/problemy\/5-najbeznejsich-posvovych-problemov\/","og_site_name":"Multi-Gyn","article_modified_time":"2023-09-20T09:48:09+00:00","twitter_card":"summary_large_image","twitter_misc":{"Predpokladan\u00fd \u010das \u010d\u00edtania":"4 min\u00faty"},"schema":{"@context":"https:\/\/schema.org","@graph":[{"@type":"WebPage","@id":"https:\/\/multi-gyn.com\/sk\/posvove-zdravie\/problemy\/5-najbeznejsich-posvovych-problemov\/","url":"https:\/\/multi-gyn.com\/sk\/posvove-zdravie\/problemy\/5-najbeznejsich-posvovych-problemov\/","name":"5 najbe\u017enej\u0161\u00edch po\u0161vov\u00fdch probl\u00e9mov - Multi-Gyn","isPartOf":{"@id":"https:\/\/multi-gyn.com\/sk\/#website"},"datePublished":"2023-06-02T11:50:51+00:00","dateModified":"2023-09-20T09:48:09+00:00","description":"Ka\u017ed\u00e1 \u017eena sa v \u017eivote stretne s nejak\u00fdmi po\u0161vov\u00fdmi probl\u00e9mami. M\u00f4\u017eu by\u0165 len mierne a m\u00e1lo nepr\u00edjemn\u00e9, alebo v\u00e1\u017ene, ktor\u00e9 podstatne ovplyv\u0148uj\u00fa \u017eivot, hlavne ten sexu\u00e1lny.","breadcrumb":{"@id":"https:\/\/multi-gyn.com\/sk\/posvove-zdravie\/problemy\/5-najbeznejsich-posvovych-problemov\/#breadcrumb"},"inLanguage":"sk-SK","potentialAction":[{"@type":"ReadAction","target":["https:\/\/multi-gyn.com\/sk\/posvove-zdravie\/problemy\/5-najbeznejsich-posvovych-problemov\/"]}]},{"@type":"BreadcrumbList","@id":"https:\/\/multi-gyn.com\/sk\/posvove-zdravie\/problemy\/5-najbeznejsich-posvovych-problemov\/#breadcrumb","itemListElement":[{"@type":"ListItem","position":1,"name":"Home","item":"https:\/\/multi-gyn.com\/sk\/"},{"@type":"ListItem","position":2,"name":"Po\u0161vov\u00e9 zdravie","item":"https:\/\/multi-gyn.com\/sk\/posvove-zdravie\/"},{"@type":"ListItem","position":3,"name":"Probl\u00e9my","item":"https:\/\/multi-gyn.com\/sk\/posvove-zdravie\/problemy\/"},{"@type":"ListItem","position":4,"name":"5 najbe\u017enej\u0161\u00edch po\u0161vov\u00fdch probl\u00e9mov"}]},{"@type":"WebSite","@id":"https:\/\/multi-gyn.com\/sk\/#website","url":"https:\/\/multi-gyn.com\/sk\/","name":"Multi-Gyn","description":"","publisher":{"@id":"https:\/\/multi-gyn.com\/sk\/#organization"},"potentialAction":[{"@type":"SearchAction","target":{"@type":"EntryPoint","urlTemplate":"https:\/\/multi-gyn.com\/sk\/?s={search_term_string}"},"query-input":{"@type":"PropertyValueSpecification","valueRequired":true,"valueName":"search_term_string"}}],"inLanguage":"sk-SK"},{"@type":"Organization","@id":"https:\/\/multi-gyn.com\/sk\/#organization","name":"Multi-Gyn","url":"https:\/\/multi-gyn.com\/sk\/","logo":{"@type":"ImageObject","inLanguage":"sk-SK","@id":"https:\/\/multi-gyn.com\/sk\/#\/schema\/logo\/image\/","url":"https:\/\/multi-gyn.com\/app\/uploads\/sites\/48\/2023\/06\/multi-gyn-logo.png","contentUrl":"https:\/\/multi-gyn.com\/app\/uploads\/sites\/48\/2023\/06\/multi-gyn-logo.png","width":149,"height":32,"caption":"Multi-Gyn"},"image":{"@id":"https:\/\/multi-gyn.com\/sk\/#\/schema\/logo\/image\/"}}]}},"_links":{"self":[{"href":"https:\/\/multi-gyn.com\/sk\/wp-json\/wp\/v2\/pages\/135","targetHints":{"allow":["GET"]}}],"collection":[{"href":"https:\/\/multi-gyn.com\/sk\/wp-json\/wp\/v2\/pages"}],"about":[{"href":"https:\/\/multi-gyn.com\/sk\/wp-json\/wp\/v2\/types\/page"}],"author":[{"embeddable":true,"href":"https:\/\/multi-gyn.com\/sk\/wp-json\/wp\/v2\/users\/2"}],"replies":[{"embeddable":true,"href":"https:\/\/multi-gyn.com\/sk\/wp-json\/wp\/v2\/comments?post=135"}],"version-history":[{"count":4,"href":"https:\/\/multi-gyn.com\/sk\/wp-json\/wp\/v2\/pages\/135\/revisions"}],"predecessor-version":[{"id":588,"href":"https:\/\/multi-gyn.com\/sk\/wp-json\/wp\/v2\/pages\/135\/revisions\/588"}],"up":[{"embeddable":true,"href":"https:\/\/multi-gyn.com\/sk\/wp-json\/wp\/v2\/pages\/59"}],"wp:attachment":[{"href":"https:\/\/multi-gyn.com\/sk\/wp-json\/wp\/v2\/media?parent=135"}],"wp:term":[{"taxonomy":"from-article-database","embeddable":true,"href":"https:\/\/multi-gyn.com\/sk\/wp-json\/wp\/v2\/from-article-database?post=135"}],"curies":[{"name":"wp","href":"https:\/\/api.w.org\/{rel}","templated":true}]}}