{"id":136,"date":"2023-06-02T13:51:05","date_gmt":"2023-06-02T11:51:05","guid":{"rendered":"https:\/\/multi-gyn.com\/sk\/?page_id=136"},"modified":"2023-09-20T11:48:07","modified_gmt":"2023-09-20T09:48:07","slug":"problemy-vo-vonkajsej-intimnej-oblasti","status":"publish","type":"page","link":"https:\/\/multi-gyn.com\/sk\/posvove-zdravie\/problemy\/problemy-vo-vonkajsej-intimnej-oblasti\/","title":{"rendered":"Probl\u00e9my vo vonkaj\u0161ej int\u00edmnej oblasti"},"content":{"rendered":"\n<div class=\"wp-block-karopharma-free-text pt-large pb-large bg-center bg-cover bg-no-repeat  is-style-primary\" style=\"background-image:url()\"><div class=\"free-text-wrapper container max-w-medium text-left\">\n<h1 class=\"is-style-heading-large wp-block-heading\">Probl\u00e9my vo vonkaj\u0161ej int\u00edmnej oblasti<\/h1>\n\n\n\n<p class=\"is-style-paragraph-preamble\">Takmer ka\u017ed\u00e1 \u017eena u\u017e mala nejak\u00fa sk\u00fasenos\u0165 s probl\u00e9mami vo vonkaj\u0161ej int\u00edmnej oblasti \u2013 \u010di u\u017e to bolo podr\u00e1\u017edenie, svrbenie, zdurenie, bolestivos\u0165, citlivos\u0165, hemoroidy alebo men\u0161ie poranenia tkaniva. K t\u00fdmto probl\u00e9mom doch\u00e1dza, ke\u010f poko\u017eka nem\u00e1 schopnos\u0165 odol\u00e1va\u0165 vonkaj\u0161\u00edm ne\u017eiad\u00facim faktorom, alebo sa pomaly regeneruje, tak\u017ee sa po\u0161kodenie m\u00f4\u017ee e\u0161te zhor\u0161i\u0165.<\/p>\n<\/div><\/div>\n\n\n\n<div class=\"wp-block-karopharma-free-text pt-large pb-large bg-center bg-cover bg-no-repeat\" style=\"background-image:url()\"><div class=\"free-text-wrapper container max-w-medium text-left\">\n<p>Existuje mnoho faktorov, ktor\u00e9 sp\u00f4sobuj\u00fa podr\u00e1\u017edenie alebo poru\u0161enie tkaniva v citlivej int\u00edmnej oblasti:<\/p>\n\n\n\n<ul class=\"is-style-default wp-block-list\"><li>agres\u00edvne chemik\u00e1lie a \u010distiace prostriedky<\/li><li>prehnan\u00e1 hygiena<\/li><li>nevhodn\u00e9 hygienick\u00e9 pr\u00edpravky, ktor\u00e9 odstra\u0148uj\u00fa ochrann\u00fa vrstvu z povrchu poko\u017eky, naru\u0161uj\u00fa prirodzen\u00fa lubrik\u00e1ciu i zvlh\u010dovacie vlastnosti a vystavuj\u00fa int\u00edmnu oblas\u0165 \u0161kodliv\u00fdm bakt\u00e9ri\u00e1m a dr\u00e1\u017ediv\u00fdm l\u00e1tkam<\/li><li>po\u0161kodenie sp\u00f4soben\u00e9 cvi\u010den\u00edm alebo tesn\u00fdm oble\u010den\u00edm<\/li><li>men\u0161trua\u010dn\u00e1 krv<\/li><li>pohlavn\u00fd styk bez dostato\u010dnej lubrik\u00e1cie<\/li><li>niektor\u00e9 infekcie<\/li><li>menopauza a in\u00e9 hormon\u00e1lne zmeny<\/li><li>ved\u013eaj\u0161ie \u00fa\u010dinky ur\u010ditej lie\u010dby<\/li><li>z\u00e1pcha<\/li><li>tehotenstvo (vy\u0161\u0161\u00ed tlak v int\u00edmnej oblasti zvy\u0161uje pravdepodobnos\u0165 vzniku trhl\u00edn v an\u00e1lnej oblasti a hemoroidov)<\/li><li>p\u00f4rod<\/li><\/ul>\n\n\n\n<h2 class=\"is-style-heading-h2 wp-block-heading\">Ako predch\u00e1dza\u0165 probl\u00e9mom vo vonkaj\u0161ej int\u00edmnej oblasti<\/h2>\n\n\n\n<p>V pr\u00edpade, \u017ee V\u00e1s tr\u00e1pia niektor\u00e9 zo spom\u00ednan\u00fdch pr\u00edznakov, chcete pred\u00eds\u0165 \u010fal\u0161iemu rozvoju t\u00fdchto probl\u00e9mov a zminimalizova\u0165 nepr\u00edjemnosti s nimi spojen\u00e9, potom by ste mali dodr\u017eiava\u0165 nasleduj\u00face body:<\/p>\n\n\n\n<ul class=\"is-style-default wp-block-list\"><li>Zau\u017e\u00edvajte si spr\u00e1vne hygienick\u00e9 n\u00e1vyky. Neum\u00fdvajte si svoju po\u0161vov\u00fa oblas\u0165 pr\u00edli\u0161 \u010dasto \u2013 \u00faplne sta\u010d\u00ed pou\u017e\u00edva\u0165 vodu alebo jemn\u00fd int\u00edmny pr\u00edpravok raz za de\u0148. Nikdy nepou\u017e\u00edvajte be\u017en\u00e9 mydlo alebo pr\u00edpravky obsahuj\u00face siln\u00e9 chemik\u00e1lie. Vyberajte si jemn\u00e9 pr\u00edpravky s pr\u00edrodn\u00fdmi zlo\u017ekami a kyslou pH hodnotou. To ist\u00e9 plat\u00ed pre int\u00edmne utierky \u2013 pou\u017e\u00edvajte tak\u00e9, ktor\u00e9 s\u00fa ur\u010den\u00e9 na int\u00edmnu oblas\u0165 a neobsahuj\u00fa agres\u00edvne \u010distiace l\u00e1tky, farbiv\u00e1 alebo parfumy.<\/li><li>Vyhnite sa dlhodob\u00e9mu noseniu obtiahnut\u00fdch rifl\u00ed, tesn\u00fdch leg\u00edn a \u0161ortiek alebo syntetickej spodnej bielizne. Tieto druhy oble\u010denia zvy\u0161uj\u00fa teplo a vlhkos\u0165 v int\u00edmnej oblasti, \u010do vytv\u00e1ra ide\u00e1lne podmienky pre mno\u017eenie mikr\u00f3bov, a z\u00e1rove\u0148 sp\u00f4sobuj\u00fa mechanick\u00e9 trenie, ktor\u00e9 m\u00f4\u017ee po\u0161kodi\u0165 povrchov\u00fa vrstvu poko\u017eky.<\/li><li>Vymie\u0148ajte si hygienick\u00e9 vlo\u017eky a tamp\u00f3ny ka\u017ed\u00e9 3 a\u017e 4 hodiny, tie\u017e tesne pred span\u00edm a hne\u010f r\u00e1no po prebuden\u00ed.<\/li><li>Pou\u017e\u00edvajte neparfumovan\u00fd a nefarben\u00fd toaletn\u00fd papier. V\u017edy sa utierajte spredu dozadu.<\/li><li>Pri odstra\u0148ovan\u00ed ch\u013apkov z int\u00edmnej oblasti si vyberajte techniky, ktor\u00e9 nedr\u00e1\u017edia poko\u017eku. Hydratujte ju pred odstra\u0148ovan\u00edm ch\u013apkov a po ich odstr\u00e1nen\u00ed aplikujte upokojuj\u00faci pr\u00edpravok. Pred\u00eddete tak podr\u00e1\u017edeniu.<\/li><li>Pri su\u0161en\u00ed v\u017edy pou\u017e\u00edvajte jemn\u00fa a \u010dist\u00fa osu\u0161ku. Namiesto trenia ju na int\u00edmnu oblas\u0165 jemne prikladajte.<\/li><li>Venujte viac \u010dasu predohre. Pokia\u013e m\u00e1vate probl\u00e9my so suchos\u0165ou, pou\u017e\u00edvajte po\u0161vov\u00fd zvlh\u010duj\u00faci pr\u00edpravok alebo lubrikant.<\/li><li>Vyhnite sa v\u0161etk\u00fdm pr\u00edpravkom, ktor\u00e9 obsahuj\u00fa parfumy, farbiv\u00e1, konzerva\u010dn\u00e9 l\u00e1tky a \u010fal\u0161ie pr\u00edsady, ktor\u00e9 by mohli podr\u00e1\u017edi\u0165 jemn\u00fa poko\u017eku int\u00edmnej oblasti.<\/li><\/ul>\n\n\n\n<p>Ak V\u00e1s tr\u00e1pia niektor\u00e9 z probl\u00e9mov v int\u00edmnej oblasti, vyberajte si pr\u00edrodn\u00e9 pr\u00edpravky, ktor\u00e9 V\u00e1s zbavia t\u00fdchto probl\u00e9mov a podporia regener\u00e1ciu po\u0161kodenej oblasti.<\/p>\n<\/div><\/div>\n","protected":false},"excerpt":{"rendered":"","protected":false},"author":2,"featured_media":0,"parent":59,"menu_order":14,"comment_status":"closed","ping_status":"closed","template":"","meta":{"_acf_changed":false,"footnotes":""},"from-article-database":[],"class_list":["post-136","page","type-page","status-publish","hentry"],"acf":[],"yoast_head":"<!-- This site is optimized with the Yoast SEO plugin v26.6 - https:\/\/yoast.com\/wordpress\/plugins\/seo\/ -->\n<title>Probl\u00e9my vo vonkaj\u0161ej int\u00edmnej oblasti - Multi-Gyn<\/title>\n<meta name=\"description\" content=\"Takmer ka\u017ed\u00e1 \u017eena u\u017e mala nejak\u00fa sk\u00fasenos\u0165 s probl\u00e9mami vo vonkaj\u0161ej int\u00edmnej oblasti \u2013 \u010di u\u017e to bolo podr\u00e1\u017edenie, svrbenie, zdurenie, bolestivos\u0165, citlivos\u0165, hemoroidy alebo men\u0161ie poranenia tkaniva.\" \/>\n<meta name=\"robots\" content=\"index, follow, max-snippet:-1, max-image-preview:large, max-video-preview:-1\" \/>\n<link rel=\"canonical\" href=\"https:\/\/multi-gyn.com\/sk\/posvove-zdravie\/problemy\/problemy-vo-vonkajsej-intimnej-oblasti\/\" \/>\n<meta property=\"og:locale\" content=\"sk_SK\" \/>\n<meta property=\"og:type\" content=\"article\" \/>\n<meta property=\"og:title\" content=\"Probl\u00e9my vo vonkaj\u0161ej int\u00edmnej oblasti - Multi-Gyn\" \/>\n<meta property=\"og:description\" content=\"Takmer ka\u017ed\u00e1 \u017eena u\u017e mala nejak\u00fa sk\u00fasenos\u0165 s probl\u00e9mami vo vonkaj\u0161ej int\u00edmnej oblasti \u2013 \u010di u\u017e to bolo podr\u00e1\u017edenie, svrbenie, zdurenie, bolestivos\u0165, citlivos\u0165, hemoroidy alebo men\u0161ie poranenia tkaniva.\" \/>\n<meta property=\"og:url\" content=\"https:\/\/multi-gyn.com\/sk\/posvove-zdravie\/problemy\/problemy-vo-vonkajsej-intimnej-oblasti\/\" \/>\n<meta property=\"og:site_name\" content=\"Multi-Gyn\" \/>\n<meta property=\"article:modified_time\" content=\"2023-09-20T09:48:07+00:00\" \/>\n<meta name=\"twitter:card\" content=\"summary_large_image\" \/>\n<meta name=\"twitter:label1\" content=\"Predpokladan\u00fd \u010das \u010d\u00edtania\" \/>\n\t<meta name=\"twitter:data1\" content=\"3 min\u00faty\" \/>\n<script type=\"application\/ld+json\" class=\"yoast-schema-graph\">{\"@context\":\"https:\/\/schema.org\",\"@graph\":[{\"@type\":\"WebPage\",\"@id\":\"https:\/\/multi-gyn.com\/sk\/posvove-zdravie\/problemy\/problemy-vo-vonkajsej-intimnej-oblasti\/\",\"url\":\"https:\/\/multi-gyn.com\/sk\/posvove-zdravie\/problemy\/problemy-vo-vonkajsej-intimnej-oblasti\/\",\"name\":\"Probl\u00e9my vo vonkaj\u0161ej int\u00edmnej oblasti - Multi-Gyn\",\"isPartOf\":{\"@id\":\"https:\/\/multi-gyn.com\/sk\/#website\"},\"datePublished\":\"2023-06-02T11:51:05+00:00\",\"dateModified\":\"2023-09-20T09:48:07+00:00\",\"description\":\"Takmer ka\u017ed\u00e1 \u017eena u\u017e mala nejak\u00fa sk\u00fasenos\u0165 s probl\u00e9mami vo vonkaj\u0161ej int\u00edmnej oblasti \u2013 \u010di u\u017e to bolo podr\u00e1\u017edenie, svrbenie, zdurenie, bolestivos\u0165, citlivos\u0165, hemoroidy alebo men\u0161ie poranenia tkaniva.\",\"breadcrumb\":{\"@id\":\"https:\/\/multi-gyn.com\/sk\/posvove-zdravie\/problemy\/problemy-vo-vonkajsej-intimnej-oblasti\/#breadcrumb\"},\"inLanguage\":\"sk-SK\",\"potentialAction\":[{\"@type\":\"ReadAction\",\"target\":[\"https:\/\/multi-gyn.com\/sk\/posvove-zdravie\/problemy\/problemy-vo-vonkajsej-intimnej-oblasti\/\"]}]},{\"@type\":\"BreadcrumbList\",\"@id\":\"https:\/\/multi-gyn.com\/sk\/posvove-zdravie\/problemy\/problemy-vo-vonkajsej-intimnej-oblasti\/#breadcrumb\",\"itemListElement\":[{\"@type\":\"ListItem\",\"position\":1,\"name\":\"Home\",\"item\":\"https:\/\/multi-gyn.com\/sk\/\"},{\"@type\":\"ListItem\",\"position\":2,\"name\":\"Po\u0161vov\u00e9 zdravie\",\"item\":\"https:\/\/multi-gyn.com\/sk\/posvove-zdravie\/\"},{\"@type\":\"ListItem\",\"position\":3,\"name\":\"Probl\u00e9my\",\"item\":\"https:\/\/multi-gyn.com\/sk\/posvove-zdravie\/problemy\/\"},{\"@type\":\"ListItem\",\"position\":4,\"name\":\"Probl\u00e9my vo vonkaj\u0161ej int\u00edmnej oblasti\"}]},{\"@type\":\"WebSite\",\"@id\":\"https:\/\/multi-gyn.com\/sk\/#website\",\"url\":\"https:\/\/multi-gyn.com\/sk\/\",\"name\":\"Multi-Gyn\",\"description\":\"\",\"publisher\":{\"@id\":\"https:\/\/multi-gyn.com\/sk\/#organization\"},\"potentialAction\":[{\"@type\":\"SearchAction\",\"target\":{\"@type\":\"EntryPoint\",\"urlTemplate\":\"https:\/\/multi-gyn.com\/sk\/?s={search_term_string}\"},\"query-input\":{\"@type\":\"PropertyValueSpecification\",\"valueRequired\":true,\"valueName\":\"search_term_string\"}}],\"inLanguage\":\"sk-SK\"},{\"@type\":\"Organization\",\"@id\":\"https:\/\/multi-gyn.com\/sk\/#organization\",\"name\":\"Multi-Gyn\",\"url\":\"https:\/\/multi-gyn.com\/sk\/\",\"logo\":{\"@type\":\"ImageObject\",\"inLanguage\":\"sk-SK\",\"@id\":\"https:\/\/multi-gyn.com\/sk\/#\/schema\/logo\/image\/\",\"url\":\"https:\/\/multi-gyn.com\/app\/uploads\/sites\/48\/2023\/06\/multi-gyn-logo.png\",\"contentUrl\":\"https:\/\/multi-gyn.com\/app\/uploads\/sites\/48\/2023\/06\/multi-gyn-logo.png\",\"width\":149,\"height\":32,\"caption\":\"Multi-Gyn\"},\"image\":{\"@id\":\"https:\/\/multi-gyn.com\/sk\/#\/schema\/logo\/image\/\"}}]}<\/script>\n<!-- \/ Yoast SEO plugin. -->","yoast_head_json":{"title":"Probl\u00e9my vo vonkaj\u0161ej int\u00edmnej oblasti - Multi-Gyn","description":"Takmer ka\u017ed\u00e1 \u017eena u\u017e mala nejak\u00fa sk\u00fasenos\u0165 s probl\u00e9mami vo vonkaj\u0161ej int\u00edmnej oblasti \u2013 \u010di u\u017e to bolo podr\u00e1\u017edenie, svrbenie, zdurenie, bolestivos\u0165, citlivos\u0165, hemoroidy alebo men\u0161ie poranenia tkaniva.","robots":{"index":"index","follow":"follow","max-snippet":"max-snippet:-1","max-image-preview":"max-image-preview:large","max-video-preview":"max-video-preview:-1"},"canonical":"https:\/\/multi-gyn.com\/sk\/posvove-zdravie\/problemy\/problemy-vo-vonkajsej-intimnej-oblasti\/","og_locale":"sk_SK","og_type":"article","og_title":"Probl\u00e9my vo vonkaj\u0161ej int\u00edmnej oblasti - Multi-Gyn","og_description":"Takmer ka\u017ed\u00e1 \u017eena u\u017e mala nejak\u00fa sk\u00fasenos\u0165 s probl\u00e9mami vo vonkaj\u0161ej int\u00edmnej oblasti \u2013 \u010di u\u017e to bolo podr\u00e1\u017edenie, svrbenie, zdurenie, bolestivos\u0165, citlivos\u0165, hemoroidy alebo men\u0161ie poranenia tkaniva.","og_url":"https:\/\/multi-gyn.com\/sk\/posvove-zdravie\/problemy\/problemy-vo-vonkajsej-intimnej-oblasti\/","og_site_name":"Multi-Gyn","article_modified_time":"2023-09-20T09:48:07+00:00","twitter_card":"summary_large_image","twitter_misc":{"Predpokladan\u00fd \u010das \u010d\u00edtania":"3 min\u00faty"},"schema":{"@context":"https:\/\/schema.org","@graph":[{"@type":"WebPage","@id":"https:\/\/multi-gyn.com\/sk\/posvove-zdravie\/problemy\/problemy-vo-vonkajsej-intimnej-oblasti\/","url":"https:\/\/multi-gyn.com\/sk\/posvove-zdravie\/problemy\/problemy-vo-vonkajsej-intimnej-oblasti\/","name":"Probl\u00e9my vo vonkaj\u0161ej int\u00edmnej oblasti - Multi-Gyn","isPartOf":{"@id":"https:\/\/multi-gyn.com\/sk\/#website"},"datePublished":"2023-06-02T11:51:05+00:00","dateModified":"2023-09-20T09:48:07+00:00","description":"Takmer ka\u017ed\u00e1 \u017eena u\u017e mala nejak\u00fa sk\u00fasenos\u0165 s probl\u00e9mami vo vonkaj\u0161ej int\u00edmnej oblasti \u2013 \u010di u\u017e to bolo podr\u00e1\u017edenie, svrbenie, zdurenie, bolestivos\u0165, citlivos\u0165, hemoroidy alebo men\u0161ie poranenia tkaniva.","breadcrumb":{"@id":"https:\/\/multi-gyn.com\/sk\/posvove-zdravie\/problemy\/problemy-vo-vonkajsej-intimnej-oblasti\/#breadcrumb"},"inLanguage":"sk-SK","potentialAction":[{"@type":"ReadAction","target":["https:\/\/multi-gyn.com\/sk\/posvove-zdravie\/problemy\/problemy-vo-vonkajsej-intimnej-oblasti\/"]}]},{"@type":"BreadcrumbList","@id":"https:\/\/multi-gyn.com\/sk\/posvove-zdravie\/problemy\/problemy-vo-vonkajsej-intimnej-oblasti\/#breadcrumb","itemListElement":[{"@type":"ListItem","position":1,"name":"Home","item":"https:\/\/multi-gyn.com\/sk\/"},{"@type":"ListItem","position":2,"name":"Po\u0161vov\u00e9 zdravie","item":"https:\/\/multi-gyn.com\/sk\/posvove-zdravie\/"},{"@type":"ListItem","position":3,"name":"Probl\u00e9my","item":"https:\/\/multi-gyn.com\/sk\/posvove-zdravie\/problemy\/"},{"@type":"ListItem","position":4,"name":"Probl\u00e9my vo vonkaj\u0161ej int\u00edmnej oblasti"}]},{"@type":"WebSite","@id":"https:\/\/multi-gyn.com\/sk\/#website","url":"https:\/\/multi-gyn.com\/sk\/","name":"Multi-Gyn","description":"","publisher":{"@id":"https:\/\/multi-gyn.com\/sk\/#organization"},"potentialAction":[{"@type":"SearchAction","target":{"@type":"EntryPoint","urlTemplate":"https:\/\/multi-gyn.com\/sk\/?s={search_term_string}"},"query-input":{"@type":"PropertyValueSpecification","valueRequired":true,"valueName":"search_term_string"}}],"inLanguage":"sk-SK"},{"@type":"Organization","@id":"https:\/\/multi-gyn.com\/sk\/#organization","name":"Multi-Gyn","url":"https:\/\/multi-gyn.com\/sk\/","logo":{"@type":"ImageObject","inLanguage":"sk-SK","@id":"https:\/\/multi-gyn.com\/sk\/#\/schema\/logo\/image\/","url":"https:\/\/multi-gyn.com\/app\/uploads\/sites\/48\/2023\/06\/multi-gyn-logo.png","contentUrl":"https:\/\/multi-gyn.com\/app\/uploads\/sites\/48\/2023\/06\/multi-gyn-logo.png","width":149,"height":32,"caption":"Multi-Gyn"},"image":{"@id":"https:\/\/multi-gyn.com\/sk\/#\/schema\/logo\/image\/"}}]}},"_links":{"self":[{"href":"https:\/\/multi-gyn.com\/sk\/wp-json\/wp\/v2\/pages\/136","targetHints":{"allow":["GET"]}}],"collection":[{"href":"https:\/\/multi-gyn.com\/sk\/wp-json\/wp\/v2\/pages"}],"about":[{"href":"https:\/\/multi-gyn.com\/sk\/wp-json\/wp\/v2\/types\/page"}],"author":[{"embeddable":true,"href":"https:\/\/multi-gyn.com\/sk\/wp-json\/wp\/v2\/users\/2"}],"replies":[{"embeddable":true,"href":"https:\/\/multi-gyn.com\/sk\/wp-json\/wp\/v2\/comments?post=136"}],"version-history":[{"count":4,"href":"https:\/\/multi-gyn.com\/sk\/wp-json\/wp\/v2\/pages\/136\/revisions"}],"predecessor-version":[{"id":590,"href":"https:\/\/multi-gyn.com\/sk\/wp-json\/wp\/v2\/pages\/136\/revisions\/590"}],"up":[{"embeddable":true,"href":"https:\/\/multi-gyn.com\/sk\/wp-json\/wp\/v2\/pages\/59"}],"wp:attachment":[{"href":"https:\/\/multi-gyn.com\/sk\/wp-json\/wp\/v2\/media?parent=136"}],"wp:term":[{"taxonomy":"from-article-database","embeddable":true,"href":"https:\/\/multi-gyn.com\/sk\/wp-json\/wp\/v2\/from-article-database?post=136"}],"curies":[{"name":"wp","href":"https:\/\/api.w.org\/{rel}","templated":true}]}}