{"id":141,"date":"2023-06-02T13:51:43","date_gmt":"2023-06-02T11:51:43","guid":{"rendered":"https:\/\/multi-gyn.com\/sk\/?page_id=141"},"modified":"2023-09-20T11:48:04","modified_gmt":"2023-09-20T09:48:04","slug":"suchost-posvy-priciny-a-liecba","status":"publish","type":"page","link":"https:\/\/multi-gyn.com\/sk\/posvove-zdravie\/problemy\/suchost-posvy-priciny-a-liecba\/","title":{"rendered":"Suchos\u0165 po\u0161vy: pr\u00ed\u010diny a lie\u010dba"},"content":{"rendered":"\n<div class=\"wp-block-karopharma-free-text pt-large pb-large bg-center bg-cover bg-no-repeat  is-style-primary\" style=\"background-image:url()\"><div class=\"free-text-wrapper container max-w-medium text-left\">\n<h1 class=\"is-style-heading-large wp-block-heading\">Suchos\u0165 po\u0161vy: pr\u00ed\u010diny a lie\u010dba<\/h1>\n\n\n\n<p class=\"is-style-paragraph-preamble\">Pravdepodobne ka\u017ed\u00e1 \u017eena sa raz, v ur\u010ditej f\u00e1ze \u017eivota, stretne s po\u0161vovou suchos\u0165ou. Suchos\u0165 b\u00fdva dos\u0165 nepr\u00edjemn\u00e1 a m\u00f4\u017ee sp\u00f4sobova\u0165 \u010fal\u0161ie probl\u00e9my, ako po\u0161vov\u00e9 svrbenie, p\u00e1lenie \u010di bolestivos\u0165.<\/p>\n<\/div><\/div>\n\n\n\n<div class=\"wp-block-karopharma-free-text pt-large pb-large bg-center bg-cover bg-no-repeat\" style=\"background-image:url()\"><div class=\"free-text-wrapper container max-w-medium text-left\">\n<p>\u017deny \u010dasto sp\u00e1jaj\u00fa po\u0161vov\u00fa suchos\u0165 s menopauzou. To v\u0161ak nie je \u00fapln\u00e1 pravda. Probl\u00e9mami tohto charakteru m\u00f4\u017eu trpie\u0165 \u017eeny v akomko\u013evek veku. Hoci je po\u0161vov\u00e1 suchos\u0165 be\u017en\u00fdm pr\u00edznakom po\u010das menopauzy, existuj\u00fa aj mnoh\u00e9 in\u00e9 pr\u00ed\u010diny suchosti po\u0161vy.<\/p>\n\n\n\n<h2 class=\"is-style-heading-h2 wp-block-heading\">Pr\u00ed\u010diny po\u0161vovej suchosti<\/h2>\n\n\n\n<p>Jednou z najbe\u017enej\u0161\u00edch pr\u00ed\u010din je pokles hladiny estrog\u00e9nu. Estrog\u00e9n je \u017eensk\u00fd pohlavn\u00fd horm\u00f3n, ktor\u00fd podporuje po\u0161vov\u00e9 zdravie udr\u017eiavan\u00edm prirodzenej vlhkosti po\u0161vov\u00fdch stien, zabezpe\u010duje ich elasticitu, a tie\u017e aj kyslos\u0165 po\u0161vy. Pri zn\u00ed\u017eenej tvorbe estrog\u00e9nu steny po\u0161vy za\u010dn\u00fa str\u00e1ca\u0165 svoju elasticitu a prirodzen\u00fa vlhkos\u0165 a st\u00e1vaj\u00fa sa citlivej\u0161\u00edmi.<\/p>\n\n\n\n<p>Pokles hladiny estrog\u00e9nu m\u00f4\u017ee ma\u0165 r\u00f4zne pr\u00ed\u010diny. Jednou z nich je menopauza, tehotenstvo \u010di doj\u010denie. O\u017earovanie, chemoterapia a hormon\u00e1lna lie\u010dba taktie\u017e ovplyv\u0148uj\u00fa v\u00fd\u0161ku hladiny estrog\u00e9nu a rovnako m\u00f4\u017eu sp\u00f4sobova\u0165 po\u0161vov\u00fa suchos\u0165.<\/p>\n\n\n\n<p>Prirodzen\u00e1 samo-zvlh\u010duj\u00faca schopnos\u0165 po\u0161vy m\u00f4\u017ee by\u0165 ovplyvnen\u00e1 aj niektor\u00fdmi druhmi liekov, napr\u00edklad liekmi na prechladnutie \u010di alergie, ale aj liekmi na cukrovku a vysok\u00fd krvn\u00fd tlak.<\/p>\n\n\n\n<h2 class=\"is-style-heading-h2 wp-block-heading\">Pr\u00edznaky<\/h2>\n\n\n\n<p>Suchos\u0165 b\u00fdva sprev\u00e1dzan\u00e1 aj in\u00fdmi po\u0161vov\u00fdmi probl\u00e9mami ako s\u00fa:<\/p>\n\n\n\n<ul class=\"is-style-default wp-block-list\"><li>svrbenie<\/li><li>p\u00e1lenie<\/li><li>pichanie<\/li><li>bolestivos\u0165<\/li><li>boles\u0165 po\u010das pohlavn\u00e9ho styku<\/li><\/ul>\n\n\n\n<p class=\"is-style-paragraph-preamble has-primary-color has-text-color\"><em>\u201eNajbe\u017enej\u0161\u00edm sp\u00f4sobom lie\u010dby je zv\u00fd\u0161enie po\u0161vovej vlhkosti pomocou g\u00e9lov a lubrikantov.\u201c<\/em><\/p>\n\n\n\n<h2 class=\"is-style-heading-h2 wp-block-heading\">\u010co je mo\u017en\u00e9 spravi\u0165 s po\u0161vovou suchos\u0165ou?<\/h2>\n\n\n\n<p>Vzh\u013eadom na mno\u017estvo pr\u00ed\u010din sp\u00f4sobuj\u00facich vznik po\u0161vovej suchosti je pomerne zlo\u017eit\u00e9 stanovi\u0165 vhodn\u00fa lie\u010dbu. Najbe\u017enej\u0161\u00edm sp\u00f4sobom lie\u010dby je zv\u00fd\u0161enie po\u0161vovej vlhkosti pomocou g\u00e9lov a lubrikantov. \u010eal\u0161\u00edm rie\u0161en\u00edm by mohlo by\u0165 zv\u00fd\u0161enie hladiny estrog\u00e9nu.<\/p>\n\n\n\n<p>V lek\u00e1r\u0148ach n\u00e1jdete mno\u017estvo pr\u00edpravkov na tzv. samolie\u010dbu, a to od be\u017en\u00fdch lubrikantov a\u017e po pr\u00edpravky, ktor\u00e9 podporuj\u00fa obnovu prirodzenej vlhkosti po\u0161vy. Pok\u00faste sa vybera\u0165 pr\u00edpravky s pr\u00edrodn\u00fdm zlo\u017een\u00edm, ktor\u00e9 V\u00e1s zbavia pr\u00edznakov a pom\u00f4\u017eu obnove prirodzenej vlhkosti.<\/p>\n<\/div><\/div>\n","protected":false},"excerpt":{"rendered":"","protected":false},"author":2,"featured_media":0,"parent":59,"menu_order":16,"comment_status":"closed","ping_status":"closed","template":"","meta":{"_acf_changed":false,"footnotes":""},"from-article-database":[],"class_list":["post-141","page","type-page","status-publish","hentry"],"acf":[],"yoast_head":"<!-- This site is optimized with the Yoast SEO plugin v26.6 - https:\/\/yoast.com\/wordpress\/plugins\/seo\/ -->\n<title>Suchos\u0165 po\u0161vy: pr\u00ed\u010diny a lie\u010dba - Multi-Gyn<\/title>\n<meta name=\"description\" content=\"Suchos\u0165 b\u00fdva dos\u0165 nepr\u00edjemn\u00e1 a m\u00f4\u017ee sp\u00f4sobova\u0165 \u010fal\u0161ie probl\u00e9my, ako po\u0161vov\u00e9 svrbenie, p\u00e1lenie \u010di bolestivos\u0165.\" \/>\n<meta name=\"robots\" content=\"index, follow, max-snippet:-1, max-image-preview:large, max-video-preview:-1\" \/>\n<link rel=\"canonical\" href=\"https:\/\/multi-gyn.com\/sk\/posvove-zdravie\/problemy\/suchost-posvy-priciny-a-liecba\/\" \/>\n<meta property=\"og:locale\" content=\"sk_SK\" \/>\n<meta property=\"og:type\" content=\"article\" \/>\n<meta property=\"og:title\" content=\"Suchos\u0165 po\u0161vy: pr\u00ed\u010diny a lie\u010dba - Multi-Gyn\" \/>\n<meta property=\"og:description\" content=\"Suchos\u0165 b\u00fdva dos\u0165 nepr\u00edjemn\u00e1 a m\u00f4\u017ee sp\u00f4sobova\u0165 \u010fal\u0161ie probl\u00e9my, ako po\u0161vov\u00e9 svrbenie, p\u00e1lenie \u010di bolestivos\u0165.\" \/>\n<meta property=\"og:url\" content=\"https:\/\/multi-gyn.com\/sk\/posvove-zdravie\/problemy\/suchost-posvy-priciny-a-liecba\/\" \/>\n<meta property=\"og:site_name\" content=\"Multi-Gyn\" \/>\n<meta property=\"article:modified_time\" content=\"2023-09-20T09:48:04+00:00\" \/>\n<meta name=\"twitter:card\" content=\"summary_large_image\" \/>\n<meta name=\"twitter:label1\" content=\"Predpokladan\u00fd \u010das \u010d\u00edtania\" \/>\n\t<meta name=\"twitter:data1\" content=\"2 min\u00faty\" \/>\n<script type=\"application\/ld+json\" class=\"yoast-schema-graph\">{\"@context\":\"https:\/\/schema.org\",\"@graph\":[{\"@type\":\"WebPage\",\"@id\":\"https:\/\/multi-gyn.com\/sk\/posvove-zdravie\/problemy\/suchost-posvy-priciny-a-liecba\/\",\"url\":\"https:\/\/multi-gyn.com\/sk\/posvove-zdravie\/problemy\/suchost-posvy-priciny-a-liecba\/\",\"name\":\"Suchos\u0165 po\u0161vy: pr\u00ed\u010diny a lie\u010dba - Multi-Gyn\",\"isPartOf\":{\"@id\":\"https:\/\/multi-gyn.com\/sk\/#website\"},\"datePublished\":\"2023-06-02T11:51:43+00:00\",\"dateModified\":\"2023-09-20T09:48:04+00:00\",\"description\":\"Suchos\u0165 b\u00fdva dos\u0165 nepr\u00edjemn\u00e1 a m\u00f4\u017ee sp\u00f4sobova\u0165 \u010fal\u0161ie probl\u00e9my, ako po\u0161vov\u00e9 svrbenie, p\u00e1lenie \u010di bolestivos\u0165.\",\"breadcrumb\":{\"@id\":\"https:\/\/multi-gyn.com\/sk\/posvove-zdravie\/problemy\/suchost-posvy-priciny-a-liecba\/#breadcrumb\"},\"inLanguage\":\"sk-SK\",\"potentialAction\":[{\"@type\":\"ReadAction\",\"target\":[\"https:\/\/multi-gyn.com\/sk\/posvove-zdravie\/problemy\/suchost-posvy-priciny-a-liecba\/\"]}]},{\"@type\":\"BreadcrumbList\",\"@id\":\"https:\/\/multi-gyn.com\/sk\/posvove-zdravie\/problemy\/suchost-posvy-priciny-a-liecba\/#breadcrumb\",\"itemListElement\":[{\"@type\":\"ListItem\",\"position\":1,\"name\":\"Home\",\"item\":\"https:\/\/multi-gyn.com\/sk\/\"},{\"@type\":\"ListItem\",\"position\":2,\"name\":\"Po\u0161vov\u00e9 zdravie\",\"item\":\"https:\/\/multi-gyn.com\/sk\/posvove-zdravie\/\"},{\"@type\":\"ListItem\",\"position\":3,\"name\":\"Probl\u00e9my\",\"item\":\"https:\/\/multi-gyn.com\/sk\/posvove-zdravie\/problemy\/\"},{\"@type\":\"ListItem\",\"position\":4,\"name\":\"Suchos\u0165 po\u0161vy: pr\u00ed\u010diny a lie\u010dba\"}]},{\"@type\":\"WebSite\",\"@id\":\"https:\/\/multi-gyn.com\/sk\/#website\",\"url\":\"https:\/\/multi-gyn.com\/sk\/\",\"name\":\"Multi-Gyn\",\"description\":\"\",\"publisher\":{\"@id\":\"https:\/\/multi-gyn.com\/sk\/#organization\"},\"potentialAction\":[{\"@type\":\"SearchAction\",\"target\":{\"@type\":\"EntryPoint\",\"urlTemplate\":\"https:\/\/multi-gyn.com\/sk\/?s={search_term_string}\"},\"query-input\":{\"@type\":\"PropertyValueSpecification\",\"valueRequired\":true,\"valueName\":\"search_term_string\"}}],\"inLanguage\":\"sk-SK\"},{\"@type\":\"Organization\",\"@id\":\"https:\/\/multi-gyn.com\/sk\/#organization\",\"name\":\"Multi-Gyn\",\"url\":\"https:\/\/multi-gyn.com\/sk\/\",\"logo\":{\"@type\":\"ImageObject\",\"inLanguage\":\"sk-SK\",\"@id\":\"https:\/\/multi-gyn.com\/sk\/#\/schema\/logo\/image\/\",\"url\":\"https:\/\/multi-gyn.com\/app\/uploads\/sites\/48\/2023\/06\/multi-gyn-logo.png\",\"contentUrl\":\"https:\/\/multi-gyn.com\/app\/uploads\/sites\/48\/2023\/06\/multi-gyn-logo.png\",\"width\":149,\"height\":32,\"caption\":\"Multi-Gyn\"},\"image\":{\"@id\":\"https:\/\/multi-gyn.com\/sk\/#\/schema\/logo\/image\/\"}}]}<\/script>\n<!-- \/ Yoast SEO plugin. -->","yoast_head_json":{"title":"Suchos\u0165 po\u0161vy: pr\u00ed\u010diny a lie\u010dba - Multi-Gyn","description":"Suchos\u0165 b\u00fdva dos\u0165 nepr\u00edjemn\u00e1 a m\u00f4\u017ee sp\u00f4sobova\u0165 \u010fal\u0161ie probl\u00e9my, ako po\u0161vov\u00e9 svrbenie, p\u00e1lenie \u010di bolestivos\u0165.","robots":{"index":"index","follow":"follow","max-snippet":"max-snippet:-1","max-image-preview":"max-image-preview:large","max-video-preview":"max-video-preview:-1"},"canonical":"https:\/\/multi-gyn.com\/sk\/posvove-zdravie\/problemy\/suchost-posvy-priciny-a-liecba\/","og_locale":"sk_SK","og_type":"article","og_title":"Suchos\u0165 po\u0161vy: pr\u00ed\u010diny a lie\u010dba - Multi-Gyn","og_description":"Suchos\u0165 b\u00fdva dos\u0165 nepr\u00edjemn\u00e1 a m\u00f4\u017ee sp\u00f4sobova\u0165 \u010fal\u0161ie probl\u00e9my, ako po\u0161vov\u00e9 svrbenie, p\u00e1lenie \u010di bolestivos\u0165.","og_url":"https:\/\/multi-gyn.com\/sk\/posvove-zdravie\/problemy\/suchost-posvy-priciny-a-liecba\/","og_site_name":"Multi-Gyn","article_modified_time":"2023-09-20T09:48:04+00:00","twitter_card":"summary_large_image","twitter_misc":{"Predpokladan\u00fd \u010das \u010d\u00edtania":"2 min\u00faty"},"schema":{"@context":"https:\/\/schema.org","@graph":[{"@type":"WebPage","@id":"https:\/\/multi-gyn.com\/sk\/posvove-zdravie\/problemy\/suchost-posvy-priciny-a-liecba\/","url":"https:\/\/multi-gyn.com\/sk\/posvove-zdravie\/problemy\/suchost-posvy-priciny-a-liecba\/","name":"Suchos\u0165 po\u0161vy: pr\u00ed\u010diny a lie\u010dba - Multi-Gyn","isPartOf":{"@id":"https:\/\/multi-gyn.com\/sk\/#website"},"datePublished":"2023-06-02T11:51:43+00:00","dateModified":"2023-09-20T09:48:04+00:00","description":"Suchos\u0165 b\u00fdva dos\u0165 nepr\u00edjemn\u00e1 a m\u00f4\u017ee sp\u00f4sobova\u0165 \u010fal\u0161ie probl\u00e9my, ako po\u0161vov\u00e9 svrbenie, p\u00e1lenie \u010di bolestivos\u0165.","breadcrumb":{"@id":"https:\/\/multi-gyn.com\/sk\/posvove-zdravie\/problemy\/suchost-posvy-priciny-a-liecba\/#breadcrumb"},"inLanguage":"sk-SK","potentialAction":[{"@type":"ReadAction","target":["https:\/\/multi-gyn.com\/sk\/posvove-zdravie\/problemy\/suchost-posvy-priciny-a-liecba\/"]}]},{"@type":"BreadcrumbList","@id":"https:\/\/multi-gyn.com\/sk\/posvove-zdravie\/problemy\/suchost-posvy-priciny-a-liecba\/#breadcrumb","itemListElement":[{"@type":"ListItem","position":1,"name":"Home","item":"https:\/\/multi-gyn.com\/sk\/"},{"@type":"ListItem","position":2,"name":"Po\u0161vov\u00e9 zdravie","item":"https:\/\/multi-gyn.com\/sk\/posvove-zdravie\/"},{"@type":"ListItem","position":3,"name":"Probl\u00e9my","item":"https:\/\/multi-gyn.com\/sk\/posvove-zdravie\/problemy\/"},{"@type":"ListItem","position":4,"name":"Suchos\u0165 po\u0161vy: pr\u00ed\u010diny a lie\u010dba"}]},{"@type":"WebSite","@id":"https:\/\/multi-gyn.com\/sk\/#website","url":"https:\/\/multi-gyn.com\/sk\/","name":"Multi-Gyn","description":"","publisher":{"@id":"https:\/\/multi-gyn.com\/sk\/#organization"},"potentialAction":[{"@type":"SearchAction","target":{"@type":"EntryPoint","urlTemplate":"https:\/\/multi-gyn.com\/sk\/?s={search_term_string}"},"query-input":{"@type":"PropertyValueSpecification","valueRequired":true,"valueName":"search_term_string"}}],"inLanguage":"sk-SK"},{"@type":"Organization","@id":"https:\/\/multi-gyn.com\/sk\/#organization","name":"Multi-Gyn","url":"https:\/\/multi-gyn.com\/sk\/","logo":{"@type":"ImageObject","inLanguage":"sk-SK","@id":"https:\/\/multi-gyn.com\/sk\/#\/schema\/logo\/image\/","url":"https:\/\/multi-gyn.com\/app\/uploads\/sites\/48\/2023\/06\/multi-gyn-logo.png","contentUrl":"https:\/\/multi-gyn.com\/app\/uploads\/sites\/48\/2023\/06\/multi-gyn-logo.png","width":149,"height":32,"caption":"Multi-Gyn"},"image":{"@id":"https:\/\/multi-gyn.com\/sk\/#\/schema\/logo\/image\/"}}]}},"_links":{"self":[{"href":"https:\/\/multi-gyn.com\/sk\/wp-json\/wp\/v2\/pages\/141","targetHints":{"allow":["GET"]}}],"collection":[{"href":"https:\/\/multi-gyn.com\/sk\/wp-json\/wp\/v2\/pages"}],"about":[{"href":"https:\/\/multi-gyn.com\/sk\/wp-json\/wp\/v2\/types\/page"}],"author":[{"embeddable":true,"href":"https:\/\/multi-gyn.com\/sk\/wp-json\/wp\/v2\/users\/2"}],"replies":[{"embeddable":true,"href":"https:\/\/multi-gyn.com\/sk\/wp-json\/wp\/v2\/comments?post=141"}],"version-history":[{"count":3,"href":"https:\/\/multi-gyn.com\/sk\/wp-json\/wp\/v2\/pages\/141\/revisions"}],"predecessor-version":[{"id":594,"href":"https:\/\/multi-gyn.com\/sk\/wp-json\/wp\/v2\/pages\/141\/revisions\/594"}],"up":[{"embeddable":true,"href":"https:\/\/multi-gyn.com\/sk\/wp-json\/wp\/v2\/pages\/59"}],"wp:attachment":[{"href":"https:\/\/multi-gyn.com\/sk\/wp-json\/wp\/v2\/media?parent=141"}],"wp:term":[{"taxonomy":"from-article-database","embeddable":true,"href":"https:\/\/multi-gyn.com\/sk\/wp-json\/wp\/v2\/from-article-database?post=141"}],"curies":[{"name":"wp","href":"https:\/\/api.w.org\/{rel}","templated":true}]}}