{"id":142,"date":"2023-06-02T13:51:57","date_gmt":"2023-06-02T11:51:57","guid":{"rendered":"https:\/\/multi-gyn.com\/sk\/?page_id=142"},"modified":"2023-09-20T11:48:02","modified_gmt":"2023-09-20T09:48:02","slug":"svrbenie-posvy-co-ho-sposobuje","status":"publish","type":"page","link":"https:\/\/multi-gyn.com\/sk\/posvove-zdravie\/problemy\/svrbenie-posvy-co-ho-sposobuje\/","title":{"rendered":"Svrbenie po\u0161vy: \u010do ho sp\u00f4sobuje?"},"content":{"rendered":"\n<div class=\"wp-block-karopharma-free-text pt-large pb-large bg-center bg-cover bg-no-repeat  is-style-primary\" style=\"background-image:url()\"><div class=\"free-text-wrapper container max-w-medium text-left\">\n<h1 class=\"is-style-heading-large wp-block-heading\">Svrbenie po\u0161vy: \u010do ho sp\u00f4sobuje?<\/h1>\n\n\n\n<p class=\"is-style-paragraph-preamble\">Jedn\u00fdm z najnepr\u00edjemnej\u0161\u00edch po\u0161vov\u00fdch probl\u00e9mov je svrbenie. Navy\u0161e ani nie je odpor\u00fa\u010dan\u00e9 \u0161kraba\u0165 sa v potihnutej oblasti. Neust\u00e1le svrbenie v int\u00edmnej oblasti m\u00e1 ve\u013ek\u00fd vplyv na ka\u017edodenn\u00fd \u017eivot \u017eeny. Sk\u00f4r ako za\u010dnete po\u0161vov\u00e9 svrbenie lie\u010di\u0165, v prvom rade je potrebn\u00e9 stanovi\u0165 jeho pr\u00ed\u010diny. Tu s\u00fa tie najbe\u017enej\u0161ie z nich:<\/p>\n<\/div><\/div>\n\n\n\n<div class=\"wp-block-karopharma-free-text pt-large pb-large bg-center bg-cover bg-no-repeat\" style=\"background-image:url()\"><div class=\"free-text-wrapper container max-w-medium text-left\">\n<h2 class=\"is-style-heading-h2 wp-block-heading\">Po\u0161vov\u00e1 kvasinkov\u00e1 infekcia<\/h2>\n\n\n\n<p>Jednou z naj\u010dastej\u0161\u00edch pr\u00ed\u010din svrbenia po\u0161vy je kvasinkov\u00e1 infekcia, tie\u017e zn\u00e1ma ako kandid\u00f3za. Kvasinkov\u00e1 infekcia je sp\u00f4soben\u00e1 premno\u017een\u00edm kvasinkov\u00fdch buniek v po\u0161ve alebo v jej vonkaj\u0161ej oblasti. Medzi be\u017en\u00e9 pr\u00edznaky kandid\u00f3zy patr\u00ed biely drobiv\u00fd v\u00fdtok, p\u00e1lenie a svrbenie.<\/p>\n\n\n\n<p>Kvasinkov\u00e1 infekcia je pomerne ne\u0161kodn\u00e1 a spolu s pr\u00edznakmi postupne zmizne aj sama, no vie by\u0165 ve\u013emi nepr\u00edjemn\u00e1. Preto existuje nieko\u013eko sp\u00f4sobov, ako je mo\u017en\u00e9 kandidu lie\u010di\u0165 alebo sa zbavi\u0165 jej pr\u00edznakov. Prvou mo\u017enos\u0165ou lie\u010dby infekcie s\u00fa antimykotik\u00e1, ktor\u00e9 predstavuj\u00fa ve\u013emi efekt\u00edvny sp\u00f4sob lie\u010dby, av\u0161ak m\u00f4\u017eu ma\u0165 ved\u013eaj\u0161ie \u00fa\u010dinky a infekcia sa m\u00f4\u017ee kedyko\u013evek vr\u00e1ti\u0165.<\/p>\n\n\n\n<p>\u010eal\u0161ou mo\u017enos\u0165ou, ako sa zbavi\u0165 pr\u00edznakov je pomocou pr\u00edpravkov na tzv. samolie\u010dbu, ktor\u00e9 sa daj\u00fa k\u00fapi\u0165 v lek\u00e1rni. Ak si vyberiete pr\u00edpravok s pr\u00edrodn\u00fdm zlo\u017een\u00edm, m\u00f4\u017eete sa tak vyhn\u00fa\u0165 pr\u00edpadn\u00fdm opakovan\u00fdm n\u00e1vratom infekcie.<\/p>\n\n\n\n<p class=\"is-style-paragraph-preamble has-primary-color has-text-color\"><em>\u201eJednou z naj\u010dastej\u0161\u00edch pr\u00ed\u010din svrbenia v oblasti po\u0161vy je kvasinkov\u00e1 infekcia, tie\u017e zn\u00e1ma ako kandid\u00f3za.\u201c<\/em><\/p>\n\n\n\n<h2 class=\"is-style-heading-h2 wp-block-heading\">Po\u0161vov\u00e1 suchos\u0165<\/h2>\n\n\n\n<p>\u010eal\u0161ou pr\u00ed\u010dinou vzniku svrbenia b\u00fdva po\u0161vov\u00e1 suchos\u0165. U v\u00e4\u010d\u0161iny \u017eien sa objavuje na za\u010diatku menopauzy, no probl\u00e9my s \u0148ou maj\u00fa aj in\u00e9 \u017eeny, a to bez oh\u013eadu na vek. Okrem svrbenia m\u00f4\u017ee by\u0165 po\u0161vov\u00e1 suchos\u0165 sprev\u00e1dzan\u00e1 p\u00e1len\u00edm, citlivos\u0165ou a boles\u0165ou po\u010das pohlavn\u00e9ho styku.<\/p>\n\n\n\n<p>Po\u0161vov\u00e1 suchos\u0165 sa be\u017ene vyskytuje pri poklese hladiny estrog\u00e9nu, napr\u00edklad po\u010das tehotenstva, pri u\u017e\u00edvan\u00ed niektor\u00fdch liekov (hormon\u00e1lna antikoncepcia), pri strese, depresii alebo po\u010das menopauzy. Ak chcete tento probl\u00e9m lie\u010di\u0165, jednou alternat\u00edvou je bra\u0165 lieky na zv\u00fd\u0161enie hladiny estrog\u00e9nu. \u010eal\u0161ou mo\u017enos\u0165ou je priame zbavenie sa suchosti pomocou lubrikantu (zvlh\u010dova\u010da) alebo pr\u00edpravkov, ktor\u00e9 stimuluj\u00fa prirodzen\u00fa vlhkos\u0165 po\u0161vy.<\/p>\n\n\n\n<h2 class=\"is-style-heading-h2 wp-block-heading\">In\u00e9 pr\u00ed\u010diny svrbenia po\u0161vy<\/h2>\n\n\n\n<p>Okrem kvasinkovej infekcie a suchosti existuj\u00fa aj \u010fal\u0161ie pr\u00ed\u010diny po\u0161vov\u00e9ho svrbenia. Hoci nie \u010dasto, ale v niektor\u00fdch pr\u00edpadoch m\u00f4\u017ee svrbenie sp\u00f4sobova\u0165 aj bakteri\u00e1lna vagin\u00f3za. BV je infekcia sp\u00f4soben\u00e1 premno\u017een\u00edm \u0161kodliv\u00fdch bakt\u00e9ri\u00ed v po\u0161ve.<\/p>\n\n\n\n<p>Pr\u00edznaky ako siln\u00fd rybac\u00ed z\u00e1pach a sivobiely v\u00fdtok vedia by\u0165 ve\u013emi nepr\u00edjemn\u00e9, av\u0161ak po ur\u010ditej dobe sa samy vytratia. Pokia\u013e chcete BV lie\u010di\u0165, m\u00f4\u017eete u\u017e\u00edva\u0165 antibiotik\u00e1 alebo pou\u017ei\u0165 pr\u00edrodn\u00e9 samolie\u010debn\u00e9 pr\u00edpravky, ktor\u00e9 nemaj\u00fa \u017eiadne ved\u013eaj\u0161ie \u00fa\u010dinky.<\/p>\n\n\n\n<p>Svrbenie v po\u0161ve m\u00f4\u017ee by\u0165 zapr\u00ed\u010dinen\u00e9 aj podr\u00e1\u017eden\u00edm z chemick\u00fdch l\u00e1tok, ako s\u00fa nevhodn\u00e9 mydl\u00e1 \u010di parfumy, alebo sexu\u00e1lne prenosnou chorobou (STD). Ak m\u00e1te podozrenie na STD, kontaktuje svojho gynekol\u00f3ga.<\/p>\n<\/div><\/div>\n","protected":false},"excerpt":{"rendered":"","protected":false},"author":2,"featured_media":0,"parent":59,"menu_order":17,"comment_status":"closed","ping_status":"closed","template":"","meta":{"_acf_changed":false,"footnotes":""},"from-article-database":[],"class_list":["post-142","page","type-page","status-publish","hentry"],"acf":[],"yoast_head":"<!-- This site is optimized with the Yoast SEO plugin v26.6 - https:\/\/yoast.com\/wordpress\/plugins\/seo\/ -->\n<title>Svrbenie po\u0161vy: \u010do ho sp\u00f4sobuje? - Multi-Gyn<\/title>\n<meta name=\"description\" content=\"Sk\u00f4r ako za\u010dnete po\u0161vov\u00e9 svrbenie lie\u010di\u0165, v prvom rade je potrebn\u00e9 stanovi\u0165 jeho pr\u00ed\u010diny. Tu s\u00fa tie najbe\u017enej\u0161ie z nich:\" \/>\n<meta name=\"robots\" content=\"index, follow, max-snippet:-1, max-image-preview:large, max-video-preview:-1\" \/>\n<link rel=\"canonical\" href=\"https:\/\/multi-gyn.com\/sk\/posvove-zdravie\/problemy\/svrbenie-posvy-co-ho-sposobuje\/\" \/>\n<meta property=\"og:locale\" content=\"sk_SK\" \/>\n<meta property=\"og:type\" content=\"article\" \/>\n<meta property=\"og:title\" content=\"Svrbenie po\u0161vy: \u010do ho sp\u00f4sobuje? - Multi-Gyn\" \/>\n<meta property=\"og:description\" content=\"Sk\u00f4r ako za\u010dnete po\u0161vov\u00e9 svrbenie lie\u010di\u0165, v prvom rade je potrebn\u00e9 stanovi\u0165 jeho pr\u00ed\u010diny. Tu s\u00fa tie najbe\u017enej\u0161ie z nich:\" \/>\n<meta property=\"og:url\" content=\"https:\/\/multi-gyn.com\/sk\/posvove-zdravie\/problemy\/svrbenie-posvy-co-ho-sposobuje\/\" \/>\n<meta property=\"og:site_name\" content=\"Multi-Gyn\" \/>\n<meta property=\"article:modified_time\" content=\"2023-09-20T09:48:02+00:00\" \/>\n<meta name=\"twitter:card\" content=\"summary_large_image\" \/>\n<meta name=\"twitter:label1\" content=\"Predpokladan\u00fd \u010das \u010d\u00edtania\" \/>\n\t<meta name=\"twitter:data1\" content=\"3 min\u00faty\" \/>\n<script type=\"application\/ld+json\" class=\"yoast-schema-graph\">{\"@context\":\"https:\/\/schema.org\",\"@graph\":[{\"@type\":\"WebPage\",\"@id\":\"https:\/\/multi-gyn.com\/sk\/posvove-zdravie\/problemy\/svrbenie-posvy-co-ho-sposobuje\/\",\"url\":\"https:\/\/multi-gyn.com\/sk\/posvove-zdravie\/problemy\/svrbenie-posvy-co-ho-sposobuje\/\",\"name\":\"Svrbenie po\u0161vy: \u010do ho sp\u00f4sobuje? - Multi-Gyn\",\"isPartOf\":{\"@id\":\"https:\/\/multi-gyn.com\/sk\/#website\"},\"datePublished\":\"2023-06-02T11:51:57+00:00\",\"dateModified\":\"2023-09-20T09:48:02+00:00\",\"description\":\"Sk\u00f4r ako za\u010dnete po\u0161vov\u00e9 svrbenie lie\u010di\u0165, v prvom rade je potrebn\u00e9 stanovi\u0165 jeho pr\u00ed\u010diny. Tu s\u00fa tie najbe\u017enej\u0161ie z nich:\",\"breadcrumb\":{\"@id\":\"https:\/\/multi-gyn.com\/sk\/posvove-zdravie\/problemy\/svrbenie-posvy-co-ho-sposobuje\/#breadcrumb\"},\"inLanguage\":\"sk-SK\",\"potentialAction\":[{\"@type\":\"ReadAction\",\"target\":[\"https:\/\/multi-gyn.com\/sk\/posvove-zdravie\/problemy\/svrbenie-posvy-co-ho-sposobuje\/\"]}]},{\"@type\":\"BreadcrumbList\",\"@id\":\"https:\/\/multi-gyn.com\/sk\/posvove-zdravie\/problemy\/svrbenie-posvy-co-ho-sposobuje\/#breadcrumb\",\"itemListElement\":[{\"@type\":\"ListItem\",\"position\":1,\"name\":\"Home\",\"item\":\"https:\/\/multi-gyn.com\/sk\/\"},{\"@type\":\"ListItem\",\"position\":2,\"name\":\"Po\u0161vov\u00e9 zdravie\",\"item\":\"https:\/\/multi-gyn.com\/sk\/posvove-zdravie\/\"},{\"@type\":\"ListItem\",\"position\":3,\"name\":\"Probl\u00e9my\",\"item\":\"https:\/\/multi-gyn.com\/sk\/posvove-zdravie\/problemy\/\"},{\"@type\":\"ListItem\",\"position\":4,\"name\":\"Svrbenie po\u0161vy: \u010do ho sp\u00f4sobuje?\"}]},{\"@type\":\"WebSite\",\"@id\":\"https:\/\/multi-gyn.com\/sk\/#website\",\"url\":\"https:\/\/multi-gyn.com\/sk\/\",\"name\":\"Multi-Gyn\",\"description\":\"\",\"publisher\":{\"@id\":\"https:\/\/multi-gyn.com\/sk\/#organization\"},\"potentialAction\":[{\"@type\":\"SearchAction\",\"target\":{\"@type\":\"EntryPoint\",\"urlTemplate\":\"https:\/\/multi-gyn.com\/sk\/?s={search_term_string}\"},\"query-input\":{\"@type\":\"PropertyValueSpecification\",\"valueRequired\":true,\"valueName\":\"search_term_string\"}}],\"inLanguage\":\"sk-SK\"},{\"@type\":\"Organization\",\"@id\":\"https:\/\/multi-gyn.com\/sk\/#organization\",\"name\":\"Multi-Gyn\",\"url\":\"https:\/\/multi-gyn.com\/sk\/\",\"logo\":{\"@type\":\"ImageObject\",\"inLanguage\":\"sk-SK\",\"@id\":\"https:\/\/multi-gyn.com\/sk\/#\/schema\/logo\/image\/\",\"url\":\"https:\/\/multi-gyn.com\/app\/uploads\/sites\/48\/2023\/06\/multi-gyn-logo.png\",\"contentUrl\":\"https:\/\/multi-gyn.com\/app\/uploads\/sites\/48\/2023\/06\/multi-gyn-logo.png\",\"width\":149,\"height\":32,\"caption\":\"Multi-Gyn\"},\"image\":{\"@id\":\"https:\/\/multi-gyn.com\/sk\/#\/schema\/logo\/image\/\"}}]}<\/script>\n<!-- \/ Yoast SEO plugin. -->","yoast_head_json":{"title":"Svrbenie po\u0161vy: \u010do ho sp\u00f4sobuje? - Multi-Gyn","description":"Sk\u00f4r ako za\u010dnete po\u0161vov\u00e9 svrbenie lie\u010di\u0165, v prvom rade je potrebn\u00e9 stanovi\u0165 jeho pr\u00ed\u010diny. Tu s\u00fa tie najbe\u017enej\u0161ie z nich:","robots":{"index":"index","follow":"follow","max-snippet":"max-snippet:-1","max-image-preview":"max-image-preview:large","max-video-preview":"max-video-preview:-1"},"canonical":"https:\/\/multi-gyn.com\/sk\/posvove-zdravie\/problemy\/svrbenie-posvy-co-ho-sposobuje\/","og_locale":"sk_SK","og_type":"article","og_title":"Svrbenie po\u0161vy: \u010do ho sp\u00f4sobuje? - Multi-Gyn","og_description":"Sk\u00f4r ako za\u010dnete po\u0161vov\u00e9 svrbenie lie\u010di\u0165, v prvom rade je potrebn\u00e9 stanovi\u0165 jeho pr\u00ed\u010diny. Tu s\u00fa tie najbe\u017enej\u0161ie z nich:","og_url":"https:\/\/multi-gyn.com\/sk\/posvove-zdravie\/problemy\/svrbenie-posvy-co-ho-sposobuje\/","og_site_name":"Multi-Gyn","article_modified_time":"2023-09-20T09:48:02+00:00","twitter_card":"summary_large_image","twitter_misc":{"Predpokladan\u00fd \u010das \u010d\u00edtania":"3 min\u00faty"},"schema":{"@context":"https:\/\/schema.org","@graph":[{"@type":"WebPage","@id":"https:\/\/multi-gyn.com\/sk\/posvove-zdravie\/problemy\/svrbenie-posvy-co-ho-sposobuje\/","url":"https:\/\/multi-gyn.com\/sk\/posvove-zdravie\/problemy\/svrbenie-posvy-co-ho-sposobuje\/","name":"Svrbenie po\u0161vy: \u010do ho sp\u00f4sobuje? - Multi-Gyn","isPartOf":{"@id":"https:\/\/multi-gyn.com\/sk\/#website"},"datePublished":"2023-06-02T11:51:57+00:00","dateModified":"2023-09-20T09:48:02+00:00","description":"Sk\u00f4r ako za\u010dnete po\u0161vov\u00e9 svrbenie lie\u010di\u0165, v prvom rade je potrebn\u00e9 stanovi\u0165 jeho pr\u00ed\u010diny. Tu s\u00fa tie najbe\u017enej\u0161ie z nich:","breadcrumb":{"@id":"https:\/\/multi-gyn.com\/sk\/posvove-zdravie\/problemy\/svrbenie-posvy-co-ho-sposobuje\/#breadcrumb"},"inLanguage":"sk-SK","potentialAction":[{"@type":"ReadAction","target":["https:\/\/multi-gyn.com\/sk\/posvove-zdravie\/problemy\/svrbenie-posvy-co-ho-sposobuje\/"]}]},{"@type":"BreadcrumbList","@id":"https:\/\/multi-gyn.com\/sk\/posvove-zdravie\/problemy\/svrbenie-posvy-co-ho-sposobuje\/#breadcrumb","itemListElement":[{"@type":"ListItem","position":1,"name":"Home","item":"https:\/\/multi-gyn.com\/sk\/"},{"@type":"ListItem","position":2,"name":"Po\u0161vov\u00e9 zdravie","item":"https:\/\/multi-gyn.com\/sk\/posvove-zdravie\/"},{"@type":"ListItem","position":3,"name":"Probl\u00e9my","item":"https:\/\/multi-gyn.com\/sk\/posvove-zdravie\/problemy\/"},{"@type":"ListItem","position":4,"name":"Svrbenie po\u0161vy: \u010do ho sp\u00f4sobuje?"}]},{"@type":"WebSite","@id":"https:\/\/multi-gyn.com\/sk\/#website","url":"https:\/\/multi-gyn.com\/sk\/","name":"Multi-Gyn","description":"","publisher":{"@id":"https:\/\/multi-gyn.com\/sk\/#organization"},"potentialAction":[{"@type":"SearchAction","target":{"@type":"EntryPoint","urlTemplate":"https:\/\/multi-gyn.com\/sk\/?s={search_term_string}"},"query-input":{"@type":"PropertyValueSpecification","valueRequired":true,"valueName":"search_term_string"}}],"inLanguage":"sk-SK"},{"@type":"Organization","@id":"https:\/\/multi-gyn.com\/sk\/#organization","name":"Multi-Gyn","url":"https:\/\/multi-gyn.com\/sk\/","logo":{"@type":"ImageObject","inLanguage":"sk-SK","@id":"https:\/\/multi-gyn.com\/sk\/#\/schema\/logo\/image\/","url":"https:\/\/multi-gyn.com\/app\/uploads\/sites\/48\/2023\/06\/multi-gyn-logo.png","contentUrl":"https:\/\/multi-gyn.com\/app\/uploads\/sites\/48\/2023\/06\/multi-gyn-logo.png","width":149,"height":32,"caption":"Multi-Gyn"},"image":{"@id":"https:\/\/multi-gyn.com\/sk\/#\/schema\/logo\/image\/"}}]}},"_links":{"self":[{"href":"https:\/\/multi-gyn.com\/sk\/wp-json\/wp\/v2\/pages\/142","targetHints":{"allow":["GET"]}}],"collection":[{"href":"https:\/\/multi-gyn.com\/sk\/wp-json\/wp\/v2\/pages"}],"about":[{"href":"https:\/\/multi-gyn.com\/sk\/wp-json\/wp\/v2\/types\/page"}],"author":[{"embeddable":true,"href":"https:\/\/multi-gyn.com\/sk\/wp-json\/wp\/v2\/users\/2"}],"replies":[{"embeddable":true,"href":"https:\/\/multi-gyn.com\/sk\/wp-json\/wp\/v2\/comments?post=142"}],"version-history":[{"count":4,"href":"https:\/\/multi-gyn.com\/sk\/wp-json\/wp\/v2\/pages\/142\/revisions"}],"predecessor-version":[{"id":596,"href":"https:\/\/multi-gyn.com\/sk\/wp-json\/wp\/v2\/pages\/142\/revisions\/596"}],"up":[{"embeddable":true,"href":"https:\/\/multi-gyn.com\/sk\/wp-json\/wp\/v2\/pages\/59"}],"wp:attachment":[{"href":"https:\/\/multi-gyn.com\/sk\/wp-json\/wp\/v2\/media?parent=142"}],"wp:term":[{"taxonomy":"from-article-database","embeddable":true,"href":"https:\/\/multi-gyn.com\/sk\/wp-json\/wp\/v2\/from-article-database?post=142"}],"curies":[{"name":"wp","href":"https:\/\/api.w.org\/{rel}","templated":true}]}}