{"id":143,"date":"2023-06-02T13:52:29","date_gmt":"2023-06-02T11:52:29","guid":{"rendered":"https:\/\/multi-gyn.com\/sk\/?page_id=143"},"modified":"2023-09-20T11:48:00","modified_gmt":"2023-09-20T09:48:00","slug":"je-moj-posvovy-vytok-normalny","status":"publish","type":"page","link":"https:\/\/multi-gyn.com\/sk\/posvove-zdravie\/problemy\/je-moj-posvovy-vytok-normalny\/","title":{"rendered":"Je m\u00f4j po\u0161vov\u00fd v\u00fdtok norm\u00e1lny?"},"content":{"rendered":"\n<div class=\"wp-block-karopharma-free-text pt-large pb-large bg-center bg-cover bg-no-repeat  is-style-primary\" style=\"background-image:url()\"><div class=\"free-text-wrapper container max-w-medium text-left\">\n<h1 class=\"is-style-heading-large wp-block-heading\">Je m\u00f4j po\u0161vov\u00fd v\u00fdtok norm\u00e1lny?<\/h1>\n\n\n\n<p class=\"is-style-paragraph-preamble\">Po\u0161vov\u00fd v\u00fdtok je be\u017enou s\u00fa\u010das\u0165ou \u017eivota \u017eeny. M\u00e1 nieko\u013eko d\u00f4le\u017eit\u00fdch v\u00fdznamov, medzi ktor\u00e9 patr\u00ed \u010distenie a zvlh\u010dovanie po\u0161vy, a aj pomoc v prevencii a boji proti bakteri\u00e1lnym probl\u00e9mom \u010di infekci\u00e1m. Kontrolovanie V\u00e1\u0161ho po\u0161vov\u00e9ho v\u00fdtoku V\u00e1m m\u00f4\u017ee pom\u00f4c\u0165 v\u010das identifikova\u0165 probl\u00e9my a udr\u017ea\u0165 si zdrav\u00e9 po\u0161vov\u00e9 prostredie.<\/p>\n<\/div><\/div>\n\n\n\n<div class=\"wp-block-karopharma-free-text pt-large pb-large bg-center bg-cover bg-no-repeat\" style=\"background-image:url()\"><div class=\"free-text-wrapper container max-w-medium text-left\">\n<h2 class=\"is-style-heading-h2 wp-block-heading\">\u010co znamen\u00e1 norm\u00e1lny?<\/h2>\n\n\n\n<p>Norm\u00e1lny po\u0161vov\u00fd v\u00fdtok je v\u00e4\u010d\u0161inou \u010d\u00edry a\u017e belav\u00fd, m\u00e1 jemne kysl\u00fd z\u00e1pach (ako ocot) a b\u00fdva hust\u00fd alebo riedky. Norm\u00e1lne po\u0161vov\u00e9 tekutiny sa zvykn\u00fa l\u00ed\u0161i\u0165 v \u0161trukt\u00fare. M\u00f4\u017eu by\u0165 riedke, lepiv\u00e9 a na\u0165ahovacie, alebo hust\u00e9 a maz\u013eav\u00e9. Mal\u00e9 zmeny v \u0161trukt\u00fare alebo vlastnostiach v\u00fdtoku sa objavuj\u00fa, ke\u010f ste sexu\u00e1lne vzru\u0161en\u00e1, pred men\u0161tru\u00e1ciou, po\u010das ovul\u00e1cie, doj\u010denia a menopauzy.<\/p>\n\n\n\n<p>Aj ke\u010f je norm\u00e1lne, \u017ee sa Va\u0161e po\u0161vov\u00e9 tekutiny trochu menia, je d\u00f4le\u017eit\u00e9 pozna\u0165 rozdiel medzi norm\u00e1lnym a neprirodzen\u00fdm po\u0161vov\u00fdm v\u00fdtokom. To V\u00e1m pom\u00f4\u017ee rozozna\u0165, \u010di zmeny vo Va\u0161om v\u00fdtoku poukazuj\u00fa na probl\u00e9m a \u010di je nutn\u00e9 ho bli\u017e\u0161ie vy\u0161etri\u0165.<\/p>\n\n\n\n<h2 class=\"is-style-heading-h2 wp-block-heading\">Pravidelne kontrolujte svoj v\u00fdtok a d\u00e1vajte si pozor na ak\u00e9ko\u013evek zmeny<\/h2>\n\n\n\n<p>Je d\u00f4le\u017eit\u00e9 kontrolova\u0165 si po\u0161vov\u00fd v\u00fdtok a d\u00e1va\u0165 pozor na ak\u00e9ko\u013evek zmeny. Nasleduj\u00face zmeny v\u00fdtoku m\u00f4\u017eu indikova\u0165 probl\u00e9m:<\/p>\n\n\n\n<ul class=\"is-style-default wp-block-list\"><li><a href=\"https:\/\/multi-gyn.com\/sk\/posvove-zdravie\/problemy\/posvovy-zapach-co-sposobuje-ten-silny-zapach\/\">Zmena z\u00e1pachu<\/a> \u2013 hlavne nepr\u00edjemn\u00fd alebo \u201erybac\u00ed\u201c z\u00e1pach<\/li><li><a href=\"https:\/\/multi-gyn.com\/sk\/posvove-zdravie\/infekcie\/akej-farby-je-vas-vytok\/\">Zmena farby<\/a> \u2013 zelenkast\u00fd, sivast\u00fd alebo ak\u00fdko\u013evek podobaj\u00faci sa na hnis<\/li><li>Zmena \u0161trukt\u00fary \u2013 peniv\u00fd alebo hrudkovit\u00fd a hust\u00fd ako tvaroh<\/li><li><a href=\"https:\/\/multi-gyn.com\/sk\/posvove-zdravie\/problemy\/svrbenie-posvy-co-ho-sposobuje\/\">Po\u0161vov\u00e9 svrbenie<\/a>, p\u00e1lenie, opuchnutie \u010di za\u010dervenanie<\/li><li>Po\u0161vov\u00e9 krv\u00e1canie alebo \u0161pinenie, ktor\u00e9 nie je spojen\u00e9 s men\u0161tru\u00e1ciou<\/li><\/ul>\n\n\n\n<p>Po\u0161vov\u00e9 infekcie ako bakteri\u00e1lna vagin\u00f3za a kandid\u00f3za (mykotick\u00e1 infekcia) s\u00fa naj\u010dastej\u0161\u00edm d\u00f4vodom neprirodzen\u00e9ho po\u0161vov\u00e9ho v\u00fdtoku. Niektor\u00e9 infekcie, ktor\u00e9 m\u00f4\u017eu sp\u00f4sobi\u0165 zmeny v\u00fdtoku s\u00fa sexu\u00e1lne prenosn\u00e9 (STD), ako napr\u00edklad kvapavka. In\u00e9 infekcie sa m\u00f4\u017eu objavi\u0165 s pohlavn\u00fdm stykom alebo bez neho, ako bakteri\u00e1lna vagin\u00f3za a mykotick\u00e1 infekcia.<\/p>\n\n\n\n<p class=\"is-style-paragraph-preamble has-primary-color has-text-color\"><em>\u201eAk si v\u0161imnete zvl\u00e1\u0161tne zmeny v\u00fdtoku, m\u00f4\u017ee sa jedna\u0165 o prejav nie\u010doho v\u00e1\u017enej\u0161ieho.\u201c<\/em><\/p>\n\n\n\n<p>Pr\u00edznaky t\u00fdchto infekci\u00ed b\u00fdvaj\u00fa ve\u013emi podobn\u00e9, av\u0161ak existuje <a href=\"https:\/\/multi-gyn.com\/sk\/posvove-zdravie\/infekcie\/akej-farby-je-vas-vytok\/\">p\u00e1r rozdielov, ktor\u00e9 si treba v\u0161imn\u00fa\u0165<\/a>:<\/p>\n\n\n\n<ul class=\"is-style-default wp-block-list\"><li>Pri mykotickej infekcii je v\u00fdtok neprieh\u013eadn\u00fd, biely a hust\u00fd, pripom\u00ednaj\u00faci tvaroh. Mykotick\u00e1 infekcia v\u00e4\u010d\u0161inou nie je sprev\u00e1dzan\u00e1 siln\u00fdm z\u00e1pachom, ale sp\u00f4sobuje nepr\u00edjemn\u00e9 svrbenie a p\u00e1lenie.<\/li><li>Bakteri\u00e1lna vagin\u00f3za (BV) men\u00ed pach v\u00fdtoku na nepr\u00edjemn\u00fd rybac\u00ed z\u00e1pach. V\u00fdtok je sivast\u00fd a riedky.<\/li><li>Trichomoni\u00e1za, \u010dast\u00e1 sexu\u00e1lne prenosn\u00e1 choroba (STD), sp\u00f4sobuje siln\u00fd z\u00e1pach. V\u00fdtok je \u010dasto \u017elt\u00fd a\u017e zelen\u00fd a m\u00f4\u017ee by\u0165 peniv\u00fd.<\/li><\/ul>\n\n\n\n<p>Ak m\u00e1te podozrenie na STD, \u010do najsk\u00f4r kontaktujte V\u00e1\u0161ho gynekol\u00f3ga. Rovnako ho nav\u0161t\u00edvte aj v pr\u00edpade, \u017ee m\u00e1te v\u00fdtok sprev\u00e1dzan\u00fd p\u00e1len\u00edm \u010di boles\u0165ou v bru\u0161nej alebo panvovej oblasti.<\/p>\n<\/div><\/div>\n","protected":false},"excerpt":{"rendered":"","protected":false},"author":2,"featured_media":0,"parent":59,"menu_order":18,"comment_status":"closed","ping_status":"closed","template":"","meta":{"_acf_changed":false,"footnotes":""},"from-article-database":[],"class_list":["post-143","page","type-page","status-publish","hentry"],"acf":[],"yoast_head":"<!-- This site is optimized with the Yoast SEO plugin v26.6 - https:\/\/yoast.com\/wordpress\/plugins\/seo\/ -->\n<title>Je m\u00f4j po\u0161vov\u00fd v\u00fdtok norm\u00e1lny? - Multi-Gyn<\/title>\n<meta name=\"description\" content=\"Po\u0161vov\u00fd v\u00fdtok je be\u017enou s\u00fa\u010das\u0165ou \u017eivota \u017eeny. M\u00e1 nieko\u013eko d\u00f4le\u017eit\u00fdch v\u00fdznamov, medzi ktor\u00e9 patr\u00ed \u010distenie a zvlh\u010dovanie po\u0161vy, a aj pomoc v prevencii a boji proti bakteri\u00e1lnym probl\u00e9mom \u010di infekci\u00e1m.\" \/>\n<meta name=\"robots\" content=\"index, follow, max-snippet:-1, max-image-preview:large, max-video-preview:-1\" \/>\n<link rel=\"canonical\" href=\"https:\/\/multi-gyn.com\/sk\/posvove-zdravie\/problemy\/je-moj-posvovy-vytok-normalny\/\" \/>\n<meta property=\"og:locale\" content=\"sk_SK\" \/>\n<meta property=\"og:type\" content=\"article\" \/>\n<meta property=\"og:title\" content=\"Je m\u00f4j po\u0161vov\u00fd v\u00fdtok norm\u00e1lny? - Multi-Gyn\" \/>\n<meta property=\"og:description\" content=\"Po\u0161vov\u00fd v\u00fdtok je be\u017enou s\u00fa\u010das\u0165ou \u017eivota \u017eeny. M\u00e1 nieko\u013eko d\u00f4le\u017eit\u00fdch v\u00fdznamov, medzi ktor\u00e9 patr\u00ed \u010distenie a zvlh\u010dovanie po\u0161vy, a aj pomoc v prevencii a boji proti bakteri\u00e1lnym probl\u00e9mom \u010di infekci\u00e1m.\" \/>\n<meta property=\"og:url\" content=\"https:\/\/multi-gyn.com\/sk\/posvove-zdravie\/problemy\/je-moj-posvovy-vytok-normalny\/\" \/>\n<meta property=\"og:site_name\" content=\"Multi-Gyn\" \/>\n<meta property=\"article:modified_time\" content=\"2023-09-20T09:48:00+00:00\" \/>\n<meta name=\"twitter:card\" content=\"summary_large_image\" \/>\n<meta name=\"twitter:label1\" content=\"Predpokladan\u00fd \u010das \u010d\u00edtania\" \/>\n\t<meta name=\"twitter:data1\" content=\"3 min\u00faty\" \/>\n<script type=\"application\/ld+json\" class=\"yoast-schema-graph\">{\"@context\":\"https:\/\/schema.org\",\"@graph\":[{\"@type\":\"WebPage\",\"@id\":\"https:\/\/multi-gyn.com\/sk\/posvove-zdravie\/problemy\/je-moj-posvovy-vytok-normalny\/\",\"url\":\"https:\/\/multi-gyn.com\/sk\/posvove-zdravie\/problemy\/je-moj-posvovy-vytok-normalny\/\",\"name\":\"Je m\u00f4j po\u0161vov\u00fd v\u00fdtok norm\u00e1lny? - Multi-Gyn\",\"isPartOf\":{\"@id\":\"https:\/\/multi-gyn.com\/sk\/#website\"},\"datePublished\":\"2023-06-02T11:52:29+00:00\",\"dateModified\":\"2023-09-20T09:48:00+00:00\",\"description\":\"Po\u0161vov\u00fd v\u00fdtok je be\u017enou s\u00fa\u010das\u0165ou \u017eivota \u017eeny. M\u00e1 nieko\u013eko d\u00f4le\u017eit\u00fdch v\u00fdznamov, medzi ktor\u00e9 patr\u00ed \u010distenie a zvlh\u010dovanie po\u0161vy, a aj pomoc v prevencii a boji proti bakteri\u00e1lnym probl\u00e9mom \u010di infekci\u00e1m.\",\"breadcrumb\":{\"@id\":\"https:\/\/multi-gyn.com\/sk\/posvove-zdravie\/problemy\/je-moj-posvovy-vytok-normalny\/#breadcrumb\"},\"inLanguage\":\"sk-SK\",\"potentialAction\":[{\"@type\":\"ReadAction\",\"target\":[\"https:\/\/multi-gyn.com\/sk\/posvove-zdravie\/problemy\/je-moj-posvovy-vytok-normalny\/\"]}]},{\"@type\":\"BreadcrumbList\",\"@id\":\"https:\/\/multi-gyn.com\/sk\/posvove-zdravie\/problemy\/je-moj-posvovy-vytok-normalny\/#breadcrumb\",\"itemListElement\":[{\"@type\":\"ListItem\",\"position\":1,\"name\":\"Home\",\"item\":\"https:\/\/multi-gyn.com\/sk\/\"},{\"@type\":\"ListItem\",\"position\":2,\"name\":\"Po\u0161vov\u00e9 zdravie\",\"item\":\"https:\/\/multi-gyn.com\/sk\/posvove-zdravie\/\"},{\"@type\":\"ListItem\",\"position\":3,\"name\":\"Probl\u00e9my\",\"item\":\"https:\/\/multi-gyn.com\/sk\/posvove-zdravie\/problemy\/\"},{\"@type\":\"ListItem\",\"position\":4,\"name\":\"Je m\u00f4j po\u0161vov\u00fd v\u00fdtok norm\u00e1lny?\"}]},{\"@type\":\"WebSite\",\"@id\":\"https:\/\/multi-gyn.com\/sk\/#website\",\"url\":\"https:\/\/multi-gyn.com\/sk\/\",\"name\":\"Multi-Gyn\",\"description\":\"\",\"publisher\":{\"@id\":\"https:\/\/multi-gyn.com\/sk\/#organization\"},\"potentialAction\":[{\"@type\":\"SearchAction\",\"target\":{\"@type\":\"EntryPoint\",\"urlTemplate\":\"https:\/\/multi-gyn.com\/sk\/?s={search_term_string}\"},\"query-input\":{\"@type\":\"PropertyValueSpecification\",\"valueRequired\":true,\"valueName\":\"search_term_string\"}}],\"inLanguage\":\"sk-SK\"},{\"@type\":\"Organization\",\"@id\":\"https:\/\/multi-gyn.com\/sk\/#organization\",\"name\":\"Multi-Gyn\",\"url\":\"https:\/\/multi-gyn.com\/sk\/\",\"logo\":{\"@type\":\"ImageObject\",\"inLanguage\":\"sk-SK\",\"@id\":\"https:\/\/multi-gyn.com\/sk\/#\/schema\/logo\/image\/\",\"url\":\"https:\/\/multi-gyn.com\/app\/uploads\/sites\/48\/2023\/06\/multi-gyn-logo.png\",\"contentUrl\":\"https:\/\/multi-gyn.com\/app\/uploads\/sites\/48\/2023\/06\/multi-gyn-logo.png\",\"width\":149,\"height\":32,\"caption\":\"Multi-Gyn\"},\"image\":{\"@id\":\"https:\/\/multi-gyn.com\/sk\/#\/schema\/logo\/image\/\"}}]}<\/script>\n<!-- \/ Yoast SEO plugin. -->","yoast_head_json":{"title":"Je m\u00f4j po\u0161vov\u00fd v\u00fdtok norm\u00e1lny? - Multi-Gyn","description":"Po\u0161vov\u00fd v\u00fdtok je be\u017enou s\u00fa\u010das\u0165ou \u017eivota \u017eeny. M\u00e1 nieko\u013eko d\u00f4le\u017eit\u00fdch v\u00fdznamov, medzi ktor\u00e9 patr\u00ed \u010distenie a zvlh\u010dovanie po\u0161vy, a aj pomoc v prevencii a boji proti bakteri\u00e1lnym probl\u00e9mom \u010di infekci\u00e1m.","robots":{"index":"index","follow":"follow","max-snippet":"max-snippet:-1","max-image-preview":"max-image-preview:large","max-video-preview":"max-video-preview:-1"},"canonical":"https:\/\/multi-gyn.com\/sk\/posvove-zdravie\/problemy\/je-moj-posvovy-vytok-normalny\/","og_locale":"sk_SK","og_type":"article","og_title":"Je m\u00f4j po\u0161vov\u00fd v\u00fdtok norm\u00e1lny? - Multi-Gyn","og_description":"Po\u0161vov\u00fd v\u00fdtok je be\u017enou s\u00fa\u010das\u0165ou \u017eivota \u017eeny. M\u00e1 nieko\u013eko d\u00f4le\u017eit\u00fdch v\u00fdznamov, medzi ktor\u00e9 patr\u00ed \u010distenie a zvlh\u010dovanie po\u0161vy, a aj pomoc v prevencii a boji proti bakteri\u00e1lnym probl\u00e9mom \u010di infekci\u00e1m.","og_url":"https:\/\/multi-gyn.com\/sk\/posvove-zdravie\/problemy\/je-moj-posvovy-vytok-normalny\/","og_site_name":"Multi-Gyn","article_modified_time":"2023-09-20T09:48:00+00:00","twitter_card":"summary_large_image","twitter_misc":{"Predpokladan\u00fd \u010das \u010d\u00edtania":"3 min\u00faty"},"schema":{"@context":"https:\/\/schema.org","@graph":[{"@type":"WebPage","@id":"https:\/\/multi-gyn.com\/sk\/posvove-zdravie\/problemy\/je-moj-posvovy-vytok-normalny\/","url":"https:\/\/multi-gyn.com\/sk\/posvove-zdravie\/problemy\/je-moj-posvovy-vytok-normalny\/","name":"Je m\u00f4j po\u0161vov\u00fd v\u00fdtok norm\u00e1lny? - Multi-Gyn","isPartOf":{"@id":"https:\/\/multi-gyn.com\/sk\/#website"},"datePublished":"2023-06-02T11:52:29+00:00","dateModified":"2023-09-20T09:48:00+00:00","description":"Po\u0161vov\u00fd v\u00fdtok je be\u017enou s\u00fa\u010das\u0165ou \u017eivota \u017eeny. M\u00e1 nieko\u013eko d\u00f4le\u017eit\u00fdch v\u00fdznamov, medzi ktor\u00e9 patr\u00ed \u010distenie a zvlh\u010dovanie po\u0161vy, a aj pomoc v prevencii a boji proti bakteri\u00e1lnym probl\u00e9mom \u010di infekci\u00e1m.","breadcrumb":{"@id":"https:\/\/multi-gyn.com\/sk\/posvove-zdravie\/problemy\/je-moj-posvovy-vytok-normalny\/#breadcrumb"},"inLanguage":"sk-SK","potentialAction":[{"@type":"ReadAction","target":["https:\/\/multi-gyn.com\/sk\/posvove-zdravie\/problemy\/je-moj-posvovy-vytok-normalny\/"]}]},{"@type":"BreadcrumbList","@id":"https:\/\/multi-gyn.com\/sk\/posvove-zdravie\/problemy\/je-moj-posvovy-vytok-normalny\/#breadcrumb","itemListElement":[{"@type":"ListItem","position":1,"name":"Home","item":"https:\/\/multi-gyn.com\/sk\/"},{"@type":"ListItem","position":2,"name":"Po\u0161vov\u00e9 zdravie","item":"https:\/\/multi-gyn.com\/sk\/posvove-zdravie\/"},{"@type":"ListItem","position":3,"name":"Probl\u00e9my","item":"https:\/\/multi-gyn.com\/sk\/posvove-zdravie\/problemy\/"},{"@type":"ListItem","position":4,"name":"Je m\u00f4j po\u0161vov\u00fd v\u00fdtok norm\u00e1lny?"}]},{"@type":"WebSite","@id":"https:\/\/multi-gyn.com\/sk\/#website","url":"https:\/\/multi-gyn.com\/sk\/","name":"Multi-Gyn","description":"","publisher":{"@id":"https:\/\/multi-gyn.com\/sk\/#organization"},"potentialAction":[{"@type":"SearchAction","target":{"@type":"EntryPoint","urlTemplate":"https:\/\/multi-gyn.com\/sk\/?s={search_term_string}"},"query-input":{"@type":"PropertyValueSpecification","valueRequired":true,"valueName":"search_term_string"}}],"inLanguage":"sk-SK"},{"@type":"Organization","@id":"https:\/\/multi-gyn.com\/sk\/#organization","name":"Multi-Gyn","url":"https:\/\/multi-gyn.com\/sk\/","logo":{"@type":"ImageObject","inLanguage":"sk-SK","@id":"https:\/\/multi-gyn.com\/sk\/#\/schema\/logo\/image\/","url":"https:\/\/multi-gyn.com\/app\/uploads\/sites\/48\/2023\/06\/multi-gyn-logo.png","contentUrl":"https:\/\/multi-gyn.com\/app\/uploads\/sites\/48\/2023\/06\/multi-gyn-logo.png","width":149,"height":32,"caption":"Multi-Gyn"},"image":{"@id":"https:\/\/multi-gyn.com\/sk\/#\/schema\/logo\/image\/"}}]}},"_links":{"self":[{"href":"https:\/\/multi-gyn.com\/sk\/wp-json\/wp\/v2\/pages\/143","targetHints":{"allow":["GET"]}}],"collection":[{"href":"https:\/\/multi-gyn.com\/sk\/wp-json\/wp\/v2\/pages"}],"about":[{"href":"https:\/\/multi-gyn.com\/sk\/wp-json\/wp\/v2\/types\/page"}],"author":[{"embeddable":true,"href":"https:\/\/multi-gyn.com\/sk\/wp-json\/wp\/v2\/users\/2"}],"replies":[{"embeddable":true,"href":"https:\/\/multi-gyn.com\/sk\/wp-json\/wp\/v2\/comments?post=143"}],"version-history":[{"count":4,"href":"https:\/\/multi-gyn.com\/sk\/wp-json\/wp\/v2\/pages\/143\/revisions"}],"predecessor-version":[{"id":598,"href":"https:\/\/multi-gyn.com\/sk\/wp-json\/wp\/v2\/pages\/143\/revisions\/598"}],"up":[{"embeddable":true,"href":"https:\/\/multi-gyn.com\/sk\/wp-json\/wp\/v2\/pages\/59"}],"wp:attachment":[{"href":"https:\/\/multi-gyn.com\/sk\/wp-json\/wp\/v2\/media?parent=143"}],"wp:term":[{"taxonomy":"from-article-database","embeddable":true,"href":"https:\/\/multi-gyn.com\/sk\/wp-json\/wp\/v2\/from-article-database?post=143"}],"curies":[{"name":"wp","href":"https:\/\/api.w.org\/{rel}","templated":true}]}}