{"id":144,"date":"2023-06-02T13:52:41","date_gmt":"2023-06-02T11:52:41","guid":{"rendered":"https:\/\/multi-gyn.com\/sk\/?page_id=144"},"modified":"2023-09-20T11:47:58","modified_gmt":"2023-09-20T09:47:58","slug":"posvovy-zapach-co-sposobuje-ten-silny-zapach","status":"publish","type":"page","link":"https:\/\/multi-gyn.com\/sk\/posvove-zdravie\/problemy\/posvovy-zapach-co-sposobuje-ten-silny-zapach\/","title":{"rendered":"Po\u0161vov\u00fd z\u00e1pach: \u010do sp\u00f4sobuje siln\u00fd z\u00e1pach?"},"content":{"rendered":"\n<div class=\"wp-block-karopharma-free-text pt-large pb-large bg-center bg-cover bg-no-repeat  is-style-primary\" style=\"background-image:url()\"><div class=\"free-text-wrapper container max-w-medium text-left\">\n<h1 class=\"is-style-heading-large wp-block-heading\">Po\u0161vov\u00fd z\u00e1pach: \u010do sp\u00f4sobuje siln\u00fd z\u00e1pach?<\/h1>\n\n\n\n<p class=\"is-style-paragraph-preamble\">Ka\u017ed\u00e1 \u017eena m\u00e1 svoju vlastn\u00fa v\u00f4\u0148u tela. To ist\u00e9 plat\u00ed aj pre po\u0161vu. Ur\u010dit\u00fd int\u00edmny pach je \u00faplne norm\u00e1lny. Ak sa v\u0161ak tento pach stane nepr\u00edjemn\u00fdm, m\u00f4\u017ee sa jedna\u0165 o pr\u00edznak po\u0161vovej infekcie. Ako zist\u00edte, \u017ee V\u00e1\u0161 po\u0161vov\u00fd z\u00e1pach nie je norm\u00e1lny?<\/p>\n<\/div><\/div>\n\n\n\n<div class=\"wp-block-karopharma-free-text pt-large pb-large bg-center bg-cover bg-no-repeat\" style=\"background-image:url()\"><div class=\"free-text-wrapper container max-w-medium text-left\">\n<p>Za\u010dnime s t\u00fdm, \u010do je pova\u017eovan\u00e9 za norm\u00e1lne.<\/p>\n\n\n\n<h2 class=\"is-style-heading-h2 wp-block-heading\">Norm\u00e1lny po\u0161vov\u00fd pach<\/h2>\n\n\n\n<p>Ka\u017ed\u00e1 \u017eena je jedine\u010dn\u00e1 a m\u00e1 svoj vlastn\u00fd po\u0161vov\u00fd pach. Mnoho \u017eien si v\u0161ak m\u00f4\u017ee v\u0161imn\u00fa\u0165 jemne kyslast\u00fd z\u00e1pach, ktor\u00fd vznik\u00e1 z d\u00f4vodu pr\u00edtomnosti kyseliny mlie\u010dnej v po\u0161ve.<\/p>\n\n\n\n<p>Ke\u010f d\u00f4jde k zmene hladiny horm\u00f3nov, po\u0161vov\u00fd pach sa taktie\u017e zmen\u00ed. Po\u010das ovul\u00e1cie b\u00fdva intenz\u00edvnej\u0161\u00ed. K zmen\u00e1m z\u00e1pachu \u010dasto doch\u00e1dza aj po pohlavnom styku bez prezervat\u00edvu, a to z d\u00f4vodu zv\u00fd\u0161enia pH hodnoty po\u0161vy vplyvom ejakul\u00e1tu.<\/p>\n\n\n\n<p>Norm\u00e1lny po\u0161vov\u00fd pach nie je ni\u010d\u00edm, za \u010do by ste sa mali hanbi\u0165. M\u00f4\u017eete sa c\u00edti\u0165 neisto a uva\u017eova\u0165, \u010di si to n\u00e1hodou nev\u0161imol aj niekto in\u00fd. Ke\u010f sa nad t\u00fdm ale zamysl\u00edte, zac\u00edtili ste u\u017e niekedy po\u0161vov\u00fd pach inej \u017eeny?<\/p>\n\n\n\n<p>V pr\u00edpade, \u017ee sa z\u00e1pach za\u010dne zintenz\u00edv\u0148ova\u0165, pravdepodobne sa jedn\u00e1 o prejav bakteri\u00e1lnej vagin\u00f3zy.<\/p>\n\n\n\n<p class=\"is-style-paragraph-preamble has-primary-color has-text-color\"><em>\u201eJednou z naj\u010dastej\u0161\u00edch pr\u00ed\u010din po\u0161vov\u00e9ho z\u00e1pachu je bakteri\u00e1lna vagin\u00f3za, tie\u017e ozna\u010dovan\u00e1 ako BV. Siln\u00fd rybac\u00ed z\u00e1pach je jedn\u00fdm z hlavn\u00fdch pr\u00edznakov tejto po\u0161vovej infekcie.\u201c<\/em><\/p>\n\n\n\n<h2 class=\"is-style-heading-h2 wp-block-heading\">M\u00f4\u017ee by\u0165 nepr\u00edjemn\u00fd po\u0161vov\u00fd z\u00e1pach pr\u00edznakom choroby?<\/h2>\n\n\n\n<p>Jednou z naj\u010dastej\u0161\u00edch pr\u00ed\u010din po\u0161vov\u00e9ho z\u00e1pachu je bakteri\u00e1lna vagin\u00f3za, tie\u017e ozna\u010dovan\u00e1 ako BV. Siln\u00fd rybac\u00ed z\u00e1pach patr\u00ed medzi pr\u00edznaky tejto po\u0161vovej infekcie sp\u00f4sobenej premno\u017een\u00edm \u0161kodliv\u00fdch bakt\u00e9ri\u00ed v po\u0161ve. \u010eal\u0161\u00edm pr\u00edznakom je riedky sivobiely v\u00fdtok.<\/p>\n\n\n\n<p>Za norm\u00e1lnych okolnost\u00ed sa jedn\u00e1 o pomerne ne\u0161kodn\u00fa infekciu, ktorej pr\u00edznaky \u010dasom vymizn\u00fa sam\u00e9, i ke\u010f to m\u00f4\u017ee nejak\u00fa dobu trva\u0165. BV je v\u00e4\u010d\u0161inou lie\u010den\u00e1 antibiotikami, ktor\u00e9 V\u00e1m predp\u00ed\u0161e lek\u00e1r. Jedn\u00e1 sa o \u00fa\u010dinn\u00fa lie\u010dbu BV, ktor\u00e1 v\u0161ak m\u00f4\u017ee by\u0165 spojen\u00e1 s nepr\u00edjemn\u00fdmi ved\u013eaj\u0161\u00edmi \u00fa\u010dinkami ako nevo\u013enos\u0165 a zvracanie, ako aj bud\u00facou mo\u017enou rezistenciou (odolnos\u0165ou bakt\u00e9ri\u00ed vo\u010di antibiotik\u00e1m).<\/p>\n\n\n\n<p>Alternat\u00edvou k lie\u010dbe antibiotikami s\u00fa pr\u00edpravky na tzv. samolie\u010dbu, ktor\u00e9 je mo\u017en\u00e9 dosta\u0165 bez predpisu. Pou\u017e\u00edvanie pr\u00edpravku s pr\u00edrodn\u00fdm zlo\u017een\u00edm nielen\u017ee lie\u010di infekciu, ale z\u00e1rove\u0148 aj obnovuje prirodzen\u00fa po\u0161vov\u00fa fl\u00f3ru.<\/p>\n\n\n\n<p>Existuj\u00fa aj \u010faleko z\u00e1va\u017enej\u0161ie pr\u00ed\u010diny nepr\u00edjemn\u00e9ho po\u0161vov\u00e9ho z\u00e1pachu. Ak zaregistrujete in\u00fd ne\u017e rybac\u00ed z\u00e1pach, ktor\u00fd je typick\u00fd pre BV, pora\u010fte sa so svoj\u00edm gynekol\u00f3gom.<\/p>\n<\/div><\/div>\n","protected":false},"excerpt":{"rendered":"","protected":false},"author":2,"featured_media":0,"parent":59,"menu_order":19,"comment_status":"closed","ping_status":"closed","template":"","meta":{"_acf_changed":false,"footnotes":""},"from-article-database":[],"class_list":["post-144","page","type-page","status-publish","hentry"],"acf":[],"yoast_head":"<!-- This site is optimized with the Yoast SEO plugin v26.6 - https:\/\/yoast.com\/wordpress\/plugins\/seo\/ -->\n<title>Po\u0161vov\u00fd z\u00e1pach: \u010do sp\u00f4sobuje siln\u00fd z\u00e1pach? - Multi-Gyn<\/title>\n<meta name=\"description\" content=\"Ka\u017ed\u00e1 \u017eena m\u00e1 svoju vlastn\u00fa v\u00f4\u0148u tela. To ist\u00e9 plat\u00ed aj pre po\u0161vu. Ur\u010dit\u00fd int\u00edmny pach je \u00faplne norm\u00e1lny.\" \/>\n<meta name=\"robots\" content=\"index, follow, max-snippet:-1, max-image-preview:large, max-video-preview:-1\" \/>\n<link rel=\"canonical\" href=\"https:\/\/multi-gyn.com\/sk\/posvove-zdravie\/problemy\/posvovy-zapach-co-sposobuje-ten-silny-zapach\/\" \/>\n<meta property=\"og:locale\" content=\"sk_SK\" \/>\n<meta property=\"og:type\" content=\"article\" \/>\n<meta property=\"og:title\" content=\"Po\u0161vov\u00fd z\u00e1pach: \u010do sp\u00f4sobuje siln\u00fd z\u00e1pach? - Multi-Gyn\" \/>\n<meta property=\"og:description\" content=\"Ka\u017ed\u00e1 \u017eena m\u00e1 svoju vlastn\u00fa v\u00f4\u0148u tela. To ist\u00e9 plat\u00ed aj pre po\u0161vu. Ur\u010dit\u00fd int\u00edmny pach je \u00faplne norm\u00e1lny.\" \/>\n<meta property=\"og:url\" content=\"https:\/\/multi-gyn.com\/sk\/posvove-zdravie\/problemy\/posvovy-zapach-co-sposobuje-ten-silny-zapach\/\" \/>\n<meta property=\"og:site_name\" content=\"Multi-Gyn\" \/>\n<meta property=\"article:modified_time\" content=\"2023-09-20T09:47:58+00:00\" \/>\n<meta name=\"twitter:card\" content=\"summary_large_image\" \/>\n<meta name=\"twitter:label1\" content=\"Predpokladan\u00fd \u010das \u010d\u00edtania\" \/>\n\t<meta name=\"twitter:data1\" content=\"2 min\u00faty\" \/>\n<script type=\"application\/ld+json\" class=\"yoast-schema-graph\">{\"@context\":\"https:\/\/schema.org\",\"@graph\":[{\"@type\":\"WebPage\",\"@id\":\"https:\/\/multi-gyn.com\/sk\/posvove-zdravie\/problemy\/posvovy-zapach-co-sposobuje-ten-silny-zapach\/\",\"url\":\"https:\/\/multi-gyn.com\/sk\/posvove-zdravie\/problemy\/posvovy-zapach-co-sposobuje-ten-silny-zapach\/\",\"name\":\"Po\u0161vov\u00fd z\u00e1pach: \u010do sp\u00f4sobuje siln\u00fd z\u00e1pach? - Multi-Gyn\",\"isPartOf\":{\"@id\":\"https:\/\/multi-gyn.com\/sk\/#website\"},\"datePublished\":\"2023-06-02T11:52:41+00:00\",\"dateModified\":\"2023-09-20T09:47:58+00:00\",\"description\":\"Ka\u017ed\u00e1 \u017eena m\u00e1 svoju vlastn\u00fa v\u00f4\u0148u tela. To ist\u00e9 plat\u00ed aj pre po\u0161vu. Ur\u010dit\u00fd int\u00edmny pach je \u00faplne norm\u00e1lny.\",\"breadcrumb\":{\"@id\":\"https:\/\/multi-gyn.com\/sk\/posvove-zdravie\/problemy\/posvovy-zapach-co-sposobuje-ten-silny-zapach\/#breadcrumb\"},\"inLanguage\":\"sk-SK\",\"potentialAction\":[{\"@type\":\"ReadAction\",\"target\":[\"https:\/\/multi-gyn.com\/sk\/posvove-zdravie\/problemy\/posvovy-zapach-co-sposobuje-ten-silny-zapach\/\"]}]},{\"@type\":\"BreadcrumbList\",\"@id\":\"https:\/\/multi-gyn.com\/sk\/posvove-zdravie\/problemy\/posvovy-zapach-co-sposobuje-ten-silny-zapach\/#breadcrumb\",\"itemListElement\":[{\"@type\":\"ListItem\",\"position\":1,\"name\":\"Home\",\"item\":\"https:\/\/multi-gyn.com\/sk\/\"},{\"@type\":\"ListItem\",\"position\":2,\"name\":\"Po\u0161vov\u00e9 zdravie\",\"item\":\"https:\/\/multi-gyn.com\/sk\/posvove-zdravie\/\"},{\"@type\":\"ListItem\",\"position\":3,\"name\":\"Probl\u00e9my\",\"item\":\"https:\/\/multi-gyn.com\/sk\/posvove-zdravie\/problemy\/\"},{\"@type\":\"ListItem\",\"position\":4,\"name\":\"Po\u0161vov\u00fd z\u00e1pach: \u010do sp\u00f4sobuje siln\u00fd z\u00e1pach?\"}]},{\"@type\":\"WebSite\",\"@id\":\"https:\/\/multi-gyn.com\/sk\/#website\",\"url\":\"https:\/\/multi-gyn.com\/sk\/\",\"name\":\"Multi-Gyn\",\"description\":\"\",\"publisher\":{\"@id\":\"https:\/\/multi-gyn.com\/sk\/#organization\"},\"potentialAction\":[{\"@type\":\"SearchAction\",\"target\":{\"@type\":\"EntryPoint\",\"urlTemplate\":\"https:\/\/multi-gyn.com\/sk\/?s={search_term_string}\"},\"query-input\":{\"@type\":\"PropertyValueSpecification\",\"valueRequired\":true,\"valueName\":\"search_term_string\"}}],\"inLanguage\":\"sk-SK\"},{\"@type\":\"Organization\",\"@id\":\"https:\/\/multi-gyn.com\/sk\/#organization\",\"name\":\"Multi-Gyn\",\"url\":\"https:\/\/multi-gyn.com\/sk\/\",\"logo\":{\"@type\":\"ImageObject\",\"inLanguage\":\"sk-SK\",\"@id\":\"https:\/\/multi-gyn.com\/sk\/#\/schema\/logo\/image\/\",\"url\":\"https:\/\/multi-gyn.com\/app\/uploads\/sites\/48\/2023\/06\/multi-gyn-logo.png\",\"contentUrl\":\"https:\/\/multi-gyn.com\/app\/uploads\/sites\/48\/2023\/06\/multi-gyn-logo.png\",\"width\":149,\"height\":32,\"caption\":\"Multi-Gyn\"},\"image\":{\"@id\":\"https:\/\/multi-gyn.com\/sk\/#\/schema\/logo\/image\/\"}}]}<\/script>\n<!-- \/ Yoast SEO plugin. -->","yoast_head_json":{"title":"Po\u0161vov\u00fd z\u00e1pach: \u010do sp\u00f4sobuje siln\u00fd z\u00e1pach? - Multi-Gyn","description":"Ka\u017ed\u00e1 \u017eena m\u00e1 svoju vlastn\u00fa v\u00f4\u0148u tela. To ist\u00e9 plat\u00ed aj pre po\u0161vu. Ur\u010dit\u00fd int\u00edmny pach je \u00faplne norm\u00e1lny.","robots":{"index":"index","follow":"follow","max-snippet":"max-snippet:-1","max-image-preview":"max-image-preview:large","max-video-preview":"max-video-preview:-1"},"canonical":"https:\/\/multi-gyn.com\/sk\/posvove-zdravie\/problemy\/posvovy-zapach-co-sposobuje-ten-silny-zapach\/","og_locale":"sk_SK","og_type":"article","og_title":"Po\u0161vov\u00fd z\u00e1pach: \u010do sp\u00f4sobuje siln\u00fd z\u00e1pach? - Multi-Gyn","og_description":"Ka\u017ed\u00e1 \u017eena m\u00e1 svoju vlastn\u00fa v\u00f4\u0148u tela. To ist\u00e9 plat\u00ed aj pre po\u0161vu. Ur\u010dit\u00fd int\u00edmny pach je \u00faplne norm\u00e1lny.","og_url":"https:\/\/multi-gyn.com\/sk\/posvove-zdravie\/problemy\/posvovy-zapach-co-sposobuje-ten-silny-zapach\/","og_site_name":"Multi-Gyn","article_modified_time":"2023-09-20T09:47:58+00:00","twitter_card":"summary_large_image","twitter_misc":{"Predpokladan\u00fd \u010das \u010d\u00edtania":"2 min\u00faty"},"schema":{"@context":"https:\/\/schema.org","@graph":[{"@type":"WebPage","@id":"https:\/\/multi-gyn.com\/sk\/posvove-zdravie\/problemy\/posvovy-zapach-co-sposobuje-ten-silny-zapach\/","url":"https:\/\/multi-gyn.com\/sk\/posvove-zdravie\/problemy\/posvovy-zapach-co-sposobuje-ten-silny-zapach\/","name":"Po\u0161vov\u00fd z\u00e1pach: \u010do sp\u00f4sobuje siln\u00fd z\u00e1pach? - Multi-Gyn","isPartOf":{"@id":"https:\/\/multi-gyn.com\/sk\/#website"},"datePublished":"2023-06-02T11:52:41+00:00","dateModified":"2023-09-20T09:47:58+00:00","description":"Ka\u017ed\u00e1 \u017eena m\u00e1 svoju vlastn\u00fa v\u00f4\u0148u tela. To ist\u00e9 plat\u00ed aj pre po\u0161vu. Ur\u010dit\u00fd int\u00edmny pach je \u00faplne norm\u00e1lny.","breadcrumb":{"@id":"https:\/\/multi-gyn.com\/sk\/posvove-zdravie\/problemy\/posvovy-zapach-co-sposobuje-ten-silny-zapach\/#breadcrumb"},"inLanguage":"sk-SK","potentialAction":[{"@type":"ReadAction","target":["https:\/\/multi-gyn.com\/sk\/posvove-zdravie\/problemy\/posvovy-zapach-co-sposobuje-ten-silny-zapach\/"]}]},{"@type":"BreadcrumbList","@id":"https:\/\/multi-gyn.com\/sk\/posvove-zdravie\/problemy\/posvovy-zapach-co-sposobuje-ten-silny-zapach\/#breadcrumb","itemListElement":[{"@type":"ListItem","position":1,"name":"Home","item":"https:\/\/multi-gyn.com\/sk\/"},{"@type":"ListItem","position":2,"name":"Po\u0161vov\u00e9 zdravie","item":"https:\/\/multi-gyn.com\/sk\/posvove-zdravie\/"},{"@type":"ListItem","position":3,"name":"Probl\u00e9my","item":"https:\/\/multi-gyn.com\/sk\/posvove-zdravie\/problemy\/"},{"@type":"ListItem","position":4,"name":"Po\u0161vov\u00fd z\u00e1pach: \u010do sp\u00f4sobuje siln\u00fd z\u00e1pach?"}]},{"@type":"WebSite","@id":"https:\/\/multi-gyn.com\/sk\/#website","url":"https:\/\/multi-gyn.com\/sk\/","name":"Multi-Gyn","description":"","publisher":{"@id":"https:\/\/multi-gyn.com\/sk\/#organization"},"potentialAction":[{"@type":"SearchAction","target":{"@type":"EntryPoint","urlTemplate":"https:\/\/multi-gyn.com\/sk\/?s={search_term_string}"},"query-input":{"@type":"PropertyValueSpecification","valueRequired":true,"valueName":"search_term_string"}}],"inLanguage":"sk-SK"},{"@type":"Organization","@id":"https:\/\/multi-gyn.com\/sk\/#organization","name":"Multi-Gyn","url":"https:\/\/multi-gyn.com\/sk\/","logo":{"@type":"ImageObject","inLanguage":"sk-SK","@id":"https:\/\/multi-gyn.com\/sk\/#\/schema\/logo\/image\/","url":"https:\/\/multi-gyn.com\/app\/uploads\/sites\/48\/2023\/06\/multi-gyn-logo.png","contentUrl":"https:\/\/multi-gyn.com\/app\/uploads\/sites\/48\/2023\/06\/multi-gyn-logo.png","width":149,"height":32,"caption":"Multi-Gyn"},"image":{"@id":"https:\/\/multi-gyn.com\/sk\/#\/schema\/logo\/image\/"}}]}},"_links":{"self":[{"href":"https:\/\/multi-gyn.com\/sk\/wp-json\/wp\/v2\/pages\/144","targetHints":{"allow":["GET"]}}],"collection":[{"href":"https:\/\/multi-gyn.com\/sk\/wp-json\/wp\/v2\/pages"}],"about":[{"href":"https:\/\/multi-gyn.com\/sk\/wp-json\/wp\/v2\/types\/page"}],"author":[{"embeddable":true,"href":"https:\/\/multi-gyn.com\/sk\/wp-json\/wp\/v2\/users\/2"}],"replies":[{"embeddable":true,"href":"https:\/\/multi-gyn.com\/sk\/wp-json\/wp\/v2\/comments?post=144"}],"version-history":[{"count":4,"href":"https:\/\/multi-gyn.com\/sk\/wp-json\/wp\/v2\/pages\/144\/revisions"}],"predecessor-version":[{"id":600,"href":"https:\/\/multi-gyn.com\/sk\/wp-json\/wp\/v2\/pages\/144\/revisions\/600"}],"up":[{"embeddable":true,"href":"https:\/\/multi-gyn.com\/sk\/wp-json\/wp\/v2\/pages\/59"}],"wp:attachment":[{"href":"https:\/\/multi-gyn.com\/sk\/wp-json\/wp\/v2\/media?parent=144"}],"wp:term":[{"taxonomy":"from-article-database","embeddable":true,"href":"https:\/\/multi-gyn.com\/sk\/wp-json\/wp\/v2\/from-article-database?post=144"}],"curies":[{"name":"wp","href":"https:\/\/api.w.org\/{rel}","templated":true}]}}