{"id":151,"date":"2023-06-02T13:58:21","date_gmt":"2023-06-02T11:58:21","guid":{"rendered":"https:\/\/multi-gyn.com\/sk\/?page_id=151"},"modified":"2023-09-20T11:47:52","modified_gmt":"2023-09-20T09:47:52","slug":"su-naparovanie-a-vyplachy-vhodne-pre-posvu","status":"publish","type":"page","link":"https:\/\/multi-gyn.com\/sk\/posvove-zdravie\/starostlivost\/su-naparovanie-a-vyplachy-vhodne-pre-posvu\/","title":{"rendered":"S\u00fa naparovanie a v\u00fdplachy vhodn\u00e9 pre po\u0161vu?"},"content":{"rendered":"\n<div class=\"wp-block-karopharma-free-text pt-large pb-large bg-center bg-cover bg-no-repeat  is-style-primary\" style=\"background-image:url()\"><div class=\"free-text-wrapper container max-w-medium text-left\">\n<h1 class=\"is-style-heading-large wp-block-heading\">S\u00fa naparovanie a v\u00fdplachy vhodn\u00e9 pre po\u0161vu?<\/h1>\n\n\n\n<p class=\"is-style-paragraph-preamble\"><strong>Naparovanie po\u0161vy<\/strong>, tie\u017e zn\u00e1me ako yoni naparovanie, je zastaral\u00e1 lie\u010dite\u013esk\u00e1 praktika, po\u010das ktorej \u017eena \u010dup\u00ed alebo sed\u00ed nad vyparuj\u00facou sa vodou obsahuj\u00facou bylinky, ako napr\u00edklad palina, rozmar\u00edn, sladk\u00e9 drievko \u010di bazalka. Naparovanie je \u010distiacim a energiu dod\u00e1vaj\u00facim ritu\u00e1lom a m\u00e1 sl\u00fa\u017ei\u0165 na uvedenie \u017eensk\u00fdch horm\u00f3nov do rovnov\u00e1hy. Odborn\u00edci maj\u00fa r\u00f4zne n\u00e1zory na to, \u010di po\u0161vu \u010disti\u0165 v\u00fdplachmi, alebo pou\u017e\u00edva\u0165 in\u00e9 techniky, ako napr\u00edklad spom\u00ednan\u00e9 naparovanie. Po\u0161va je ve\u013emi efekt\u00edvna v samo\u010disten\u00ed, a preto ak\u00e1ko\u013evek agres\u00edvna \u010distiaca met\u00f3da m\u00f4\u017ee sp\u00f4sobi\u0165 viac zla ne\u017e dobra. \u010casto \u017eenami \u010d\u00edtan\u00e1 webov\u00e1 str\u00e1nka Gwyneth Paltrow poskytuje recenzie, ktor\u00e9 hovoria o v\u0161etk\u00fdch mo\u017en\u00fdch benefitoch naparovania po\u0161vy, av\u0161ak nie v\u017edy sa v\u0161etko oplat\u00ed vysk\u00fa\u0161a\u0165.<\/p>\n<\/div><\/div>\n\n\n\n<div class=\"wp-block-karopharma-free-text pt-large pb-large bg-center bg-cover bg-no-repeat\" style=\"background-image:url()\"><div class=\"free-text-wrapper container max-w-medium text-left\">\n<h2 class=\"is-style-heading-h2 wp-block-heading\">Oplat\u00ed sa riskova\u0165 naparovanie po\u0161vy?<\/h2>\n\n\n\n<p>Pod\u013ea n\u00e1s rozhodne nie.<\/p>\n\n\n\n<p>Para je ve\u013emi hor\u00faca, \u010dasto presahuj\u00faca bod varu. T\u00fdm p\u00e1dom je riziko pop\u00e1lenia tkaniva vulvy a po\u0161vy zna\u010dne vysok\u00fd. D\u00f4sledky tohto pop\u00e1lenia s\u00fa extr\u00e9mne bolestiv\u00e9 a nepr\u00edjemn\u00e9, dokonca by mohli vies\u0165 k \u010fal\u0161\u00edm probl\u00e9mom ako s\u00fa infekcie. Rovnako ako m\u00f4\u017ee d\u00f4js\u0165 k po\u0161kodeniu vulvy, aj ostatn\u00e9 \u010dasti perinea, vr\u00e1tane <a href=\"https:\/\/multi-gyn.com\/sk\/posvove-zdravie\/hlavna\/anatomia-posvy\/\">kone\u010dn\u00edka a mo\u010dovej r\u00fary<\/a>, m\u00f4\u017eu by\u0165 po\u0161koden\u00e9 zle nasmerovanou parou. To by mohlo by\u0165 bolestiv\u00e9 a vies\u0165 k z\u00e1va\u017enej\u0161\u00edm probl\u00e9mom.<\/p>\n\n\n\n<p>\u010cistenie parou m\u00f4\u017ee po\u0161vu vysu\u0161ova\u0165, \u010do naru\u0161\u00ed prirodzen\u00fa rovnov\u00e1hu norm\u00e1lnej zdravej po\u0161vovej fl\u00f3ry. <a href=\"https:\/\/multi-gyn.com\/sk\/posvove-zdravie\/problemy\/suchost-posvy-priciny-a-liecba\/\">Suchos\u0165 po\u0161vy<\/a> je ve\u013emi nepr\u00edjemn\u00e1 a nerovnov\u00e1ha po\u0161vovej fl\u00f3ry \u010dasto vedie k bakteri\u00e1lnym probl\u00e9mom, ako s\u00fa opuchy, svrbenie, podr\u00e1\u017edenie a bakteri\u00e1lna vagin\u00f3za alebo kvasinkov\u00e1 infekcia.<\/p>\n\n\n\n<p>Fakt, \u017ee naparovanie po\u0161vy vedie k vytvoreniu hormon\u00e1lnej rovnov\u00e1hy je sk\u00f4r nepravdiv\u00fd. Horm\u00f3ny nie s\u00fa produkovan\u00e9 v po\u0161ve \u010di v maternici a je ve\u013emi nepravdepodobn\u00e9, \u017ee sa para dostane a\u017e k vaje\u010dn\u00edkom, ktor\u00e9 by ovplyvnila v tvorbe horm\u00f3nov.<\/p>\n\n\n\n<p>Vplyv pary na \u010distenie maternice je tie\u017e ve\u013emi ot\u00e1zny. Je vysoko nepravdepodobn\u00e9, \u017ee sa para, ktor\u00e1 vch\u00e1dza do po\u0161vy, dostane a\u017e do maternice. Z\u00e1rove\u0148 by fl\u00f3ra maternice mala by\u0165 ponechan\u00e1 v p\u00f4vodnom prirodzenom stave a ur\u010dite by nemala by\u0165 \u010disten\u00e1.<\/p>\n\n\n\n<h2 class=\"is-style-heading-h2 wp-block-heading\">S\u00fa v\u00fdplachy lep\u0161ou vo\u013ebou?<\/h2>\n\n\n\n<p>\u017deny, ktor\u00e9 pri sprchovan\u00ed prikladaj\u00fa sprchov\u00fa hlavicu k vulve, vyplachuj\u00fa z\u00e1rove\u0148 aj svoju po\u0161vu. Vyplachovanie po\u0161vy nie je nutn\u00e9, ke\u010f\u017ee po\u0161va m\u00e1 schopnos\u0165 efekt\u00edvneho samo\u010distenia. S\u00fa v\u0161ak \u0161pecifick\u00e9 obdobia, po\u010das ktor\u00fdch m\u00f4\u017ee by\u0165 pre niektor\u00e9 \u017eeny pou\u017e\u00edvanie \u0161peci\u00e1lne dizajnovan\u00fdch po\u0161vov\u00fdch sp\u0155ch ve\u013emi pr\u00ednosn\u00e9.<\/p>\n\n\n\n<p>Neodpor\u00fa\u010dame V\u00e1m po\u017e\u00edva\u0165 po\u0161vov\u00fa sprchu ka\u017ed\u00fd de\u0148, no ob\u010das m\u00f4\u017eete aplikova\u0165 jemn\u00fd pr\u00edrodn\u00fd v\u00fdplach po\u0161vy po men\u0161tru\u00e1cii alebo po pohlavnom styku.<\/p>\n\n\n\n<p>Vyberajte si predov\u0161etk\u00fdm <a href=\"https:\/\/multi-gyn.com\/sk\/product\/multi-gyn-combi-pack\/\">pr\u00edrodn\u00e9, jemn\u00e9 vyplachovacie roztoky a ergonomick\u00e9, \u013eahko pou\u017e\u00edvate\u013en\u00e9 sprchy ako je Multi-Gyn Vaginal Douche<\/a>. Pri zav\u00e1dzan\u00ed \u010dohoko\u013evek do po\u0161vy v\u017edy dbajte na to, aby ste boli uvo\u013enen\u00e1 a v pohodlnej polohe.<\/p>\n<\/div><\/div>\n","protected":false},"excerpt":{"rendered":"","protected":false},"author":2,"featured_media":0,"parent":61,"menu_order":3,"comment_status":"closed","ping_status":"closed","template":"","meta":{"_acf_changed":false,"footnotes":""},"from-article-database":[],"class_list":["post-151","page","type-page","status-publish","hentry"],"acf":[],"yoast_head":"<!-- This site is optimized with the Yoast SEO plugin v26.6 - https:\/\/yoast.com\/wordpress\/plugins\/seo\/ -->\n<title>S\u00fa naparovanie a v\u00fdplachy vhodn\u00e9 pre po\u0161vu? - Multi-Gyn<\/title>\n<meta name=\"description\" content=\"Naparovanie po\u0161vy, tie\u017e zn\u00e1me ako yoni naparovanie, je zastaral\u00e1 lie\u010dite\u013esk\u00e1 praktika, po\u010das ktorej \u017eena \u010dup\u00ed alebo sed\u00ed nad vyparuj\u00facou sa vodou obsahuj\u00facou bylinky, ako napr\u00edklad palina, rozmar\u00edn, sladk\u00e9 drievko \u010di bazalka.\" \/>\n<meta name=\"robots\" content=\"index, follow, max-snippet:-1, max-image-preview:large, max-video-preview:-1\" \/>\n<link rel=\"canonical\" href=\"https:\/\/multi-gyn.com\/sk\/posvove-zdravie\/starostlivost\/su-naparovanie-a-vyplachy-vhodne-pre-posvu\/\" \/>\n<meta property=\"og:locale\" content=\"sk_SK\" \/>\n<meta property=\"og:type\" content=\"article\" \/>\n<meta property=\"og:title\" content=\"S\u00fa naparovanie a v\u00fdplachy vhodn\u00e9 pre po\u0161vu? - Multi-Gyn\" \/>\n<meta property=\"og:description\" content=\"Naparovanie po\u0161vy, tie\u017e zn\u00e1me ako yoni naparovanie, je zastaral\u00e1 lie\u010dite\u013esk\u00e1 praktika, po\u010das ktorej \u017eena \u010dup\u00ed alebo sed\u00ed nad vyparuj\u00facou sa vodou obsahuj\u00facou bylinky, ako napr\u00edklad palina, rozmar\u00edn, sladk\u00e9 drievko \u010di bazalka.\" \/>\n<meta property=\"og:url\" content=\"https:\/\/multi-gyn.com\/sk\/posvove-zdravie\/starostlivost\/su-naparovanie-a-vyplachy-vhodne-pre-posvu\/\" \/>\n<meta property=\"og:site_name\" content=\"Multi-Gyn\" \/>\n<meta property=\"article:modified_time\" content=\"2023-09-20T09:47:52+00:00\" \/>\n<meta name=\"twitter:card\" content=\"summary_large_image\" \/>\n<meta name=\"twitter:label1\" content=\"Predpokladan\u00fd \u010das \u010d\u00edtania\" \/>\n\t<meta name=\"twitter:data1\" content=\"3 min\u00faty\" \/>\n<script type=\"application\/ld+json\" class=\"yoast-schema-graph\">{\"@context\":\"https:\/\/schema.org\",\"@graph\":[{\"@type\":\"WebPage\",\"@id\":\"https:\/\/multi-gyn.com\/sk\/posvove-zdravie\/starostlivost\/su-naparovanie-a-vyplachy-vhodne-pre-posvu\/\",\"url\":\"https:\/\/multi-gyn.com\/sk\/posvove-zdravie\/starostlivost\/su-naparovanie-a-vyplachy-vhodne-pre-posvu\/\",\"name\":\"S\u00fa naparovanie a v\u00fdplachy vhodn\u00e9 pre po\u0161vu? - Multi-Gyn\",\"isPartOf\":{\"@id\":\"https:\/\/multi-gyn.com\/sk\/#website\"},\"datePublished\":\"2023-06-02T11:58:21+00:00\",\"dateModified\":\"2023-09-20T09:47:52+00:00\",\"description\":\"Naparovanie po\u0161vy, tie\u017e zn\u00e1me ako yoni naparovanie, je zastaral\u00e1 lie\u010dite\u013esk\u00e1 praktika, po\u010das ktorej \u017eena \u010dup\u00ed alebo sed\u00ed nad vyparuj\u00facou sa vodou obsahuj\u00facou bylinky, ako napr\u00edklad palina, rozmar\u00edn, sladk\u00e9 drievko \u010di bazalka.\",\"breadcrumb\":{\"@id\":\"https:\/\/multi-gyn.com\/sk\/posvove-zdravie\/starostlivost\/su-naparovanie-a-vyplachy-vhodne-pre-posvu\/#breadcrumb\"},\"inLanguage\":\"sk-SK\",\"potentialAction\":[{\"@type\":\"ReadAction\",\"target\":[\"https:\/\/multi-gyn.com\/sk\/posvove-zdravie\/starostlivost\/su-naparovanie-a-vyplachy-vhodne-pre-posvu\/\"]}]},{\"@type\":\"BreadcrumbList\",\"@id\":\"https:\/\/multi-gyn.com\/sk\/posvove-zdravie\/starostlivost\/su-naparovanie-a-vyplachy-vhodne-pre-posvu\/#breadcrumb\",\"itemListElement\":[{\"@type\":\"ListItem\",\"position\":1,\"name\":\"Home\",\"item\":\"https:\/\/multi-gyn.com\/sk\/\"},{\"@type\":\"ListItem\",\"position\":2,\"name\":\"Po\u0161vov\u00e9 zdravie\",\"item\":\"https:\/\/multi-gyn.com\/sk\/posvove-zdravie\/\"},{\"@type\":\"ListItem\",\"position\":3,\"name\":\"Starostlivos\u0165\",\"item\":\"https:\/\/multi-gyn.com\/sk\/posvove-zdravie\/starostlivost\/\"},{\"@type\":\"ListItem\",\"position\":4,\"name\":\"S\u00fa naparovanie a v\u00fdplachy vhodn\u00e9 pre po\u0161vu?\"}]},{\"@type\":\"WebSite\",\"@id\":\"https:\/\/multi-gyn.com\/sk\/#website\",\"url\":\"https:\/\/multi-gyn.com\/sk\/\",\"name\":\"Multi-Gyn\",\"description\":\"\",\"publisher\":{\"@id\":\"https:\/\/multi-gyn.com\/sk\/#organization\"},\"potentialAction\":[{\"@type\":\"SearchAction\",\"target\":{\"@type\":\"EntryPoint\",\"urlTemplate\":\"https:\/\/multi-gyn.com\/sk\/?s={search_term_string}\"},\"query-input\":{\"@type\":\"PropertyValueSpecification\",\"valueRequired\":true,\"valueName\":\"search_term_string\"}}],\"inLanguage\":\"sk-SK\"},{\"@type\":\"Organization\",\"@id\":\"https:\/\/multi-gyn.com\/sk\/#organization\",\"name\":\"Multi-Gyn\",\"url\":\"https:\/\/multi-gyn.com\/sk\/\",\"logo\":{\"@type\":\"ImageObject\",\"inLanguage\":\"sk-SK\",\"@id\":\"https:\/\/multi-gyn.com\/sk\/#\/schema\/logo\/image\/\",\"url\":\"https:\/\/multi-gyn.com\/app\/uploads\/sites\/48\/2023\/06\/multi-gyn-logo.png\",\"contentUrl\":\"https:\/\/multi-gyn.com\/app\/uploads\/sites\/48\/2023\/06\/multi-gyn-logo.png\",\"width\":149,\"height\":32,\"caption\":\"Multi-Gyn\"},\"image\":{\"@id\":\"https:\/\/multi-gyn.com\/sk\/#\/schema\/logo\/image\/\"}}]}<\/script>\n<!-- \/ Yoast SEO plugin. -->","yoast_head_json":{"title":"S\u00fa naparovanie a v\u00fdplachy vhodn\u00e9 pre po\u0161vu? - Multi-Gyn","description":"Naparovanie po\u0161vy, tie\u017e zn\u00e1me ako yoni naparovanie, je zastaral\u00e1 lie\u010dite\u013esk\u00e1 praktika, po\u010das ktorej \u017eena \u010dup\u00ed alebo sed\u00ed nad vyparuj\u00facou sa vodou obsahuj\u00facou bylinky, ako napr\u00edklad palina, rozmar\u00edn, sladk\u00e9 drievko \u010di bazalka.","robots":{"index":"index","follow":"follow","max-snippet":"max-snippet:-1","max-image-preview":"max-image-preview:large","max-video-preview":"max-video-preview:-1"},"canonical":"https:\/\/multi-gyn.com\/sk\/posvove-zdravie\/starostlivost\/su-naparovanie-a-vyplachy-vhodne-pre-posvu\/","og_locale":"sk_SK","og_type":"article","og_title":"S\u00fa naparovanie a v\u00fdplachy vhodn\u00e9 pre po\u0161vu? - Multi-Gyn","og_description":"Naparovanie po\u0161vy, tie\u017e zn\u00e1me ako yoni naparovanie, je zastaral\u00e1 lie\u010dite\u013esk\u00e1 praktika, po\u010das ktorej \u017eena \u010dup\u00ed alebo sed\u00ed nad vyparuj\u00facou sa vodou obsahuj\u00facou bylinky, ako napr\u00edklad palina, rozmar\u00edn, sladk\u00e9 drievko \u010di bazalka.","og_url":"https:\/\/multi-gyn.com\/sk\/posvove-zdravie\/starostlivost\/su-naparovanie-a-vyplachy-vhodne-pre-posvu\/","og_site_name":"Multi-Gyn","article_modified_time":"2023-09-20T09:47:52+00:00","twitter_card":"summary_large_image","twitter_misc":{"Predpokladan\u00fd \u010das \u010d\u00edtania":"3 min\u00faty"},"schema":{"@context":"https:\/\/schema.org","@graph":[{"@type":"WebPage","@id":"https:\/\/multi-gyn.com\/sk\/posvove-zdravie\/starostlivost\/su-naparovanie-a-vyplachy-vhodne-pre-posvu\/","url":"https:\/\/multi-gyn.com\/sk\/posvove-zdravie\/starostlivost\/su-naparovanie-a-vyplachy-vhodne-pre-posvu\/","name":"S\u00fa naparovanie a v\u00fdplachy vhodn\u00e9 pre po\u0161vu? - Multi-Gyn","isPartOf":{"@id":"https:\/\/multi-gyn.com\/sk\/#website"},"datePublished":"2023-06-02T11:58:21+00:00","dateModified":"2023-09-20T09:47:52+00:00","description":"Naparovanie po\u0161vy, tie\u017e zn\u00e1me ako yoni naparovanie, je zastaral\u00e1 lie\u010dite\u013esk\u00e1 praktika, po\u010das ktorej \u017eena \u010dup\u00ed alebo sed\u00ed nad vyparuj\u00facou sa vodou obsahuj\u00facou bylinky, ako napr\u00edklad palina, rozmar\u00edn, sladk\u00e9 drievko \u010di bazalka.","breadcrumb":{"@id":"https:\/\/multi-gyn.com\/sk\/posvove-zdravie\/starostlivost\/su-naparovanie-a-vyplachy-vhodne-pre-posvu\/#breadcrumb"},"inLanguage":"sk-SK","potentialAction":[{"@type":"ReadAction","target":["https:\/\/multi-gyn.com\/sk\/posvove-zdravie\/starostlivost\/su-naparovanie-a-vyplachy-vhodne-pre-posvu\/"]}]},{"@type":"BreadcrumbList","@id":"https:\/\/multi-gyn.com\/sk\/posvove-zdravie\/starostlivost\/su-naparovanie-a-vyplachy-vhodne-pre-posvu\/#breadcrumb","itemListElement":[{"@type":"ListItem","position":1,"name":"Home","item":"https:\/\/multi-gyn.com\/sk\/"},{"@type":"ListItem","position":2,"name":"Po\u0161vov\u00e9 zdravie","item":"https:\/\/multi-gyn.com\/sk\/posvove-zdravie\/"},{"@type":"ListItem","position":3,"name":"Starostlivos\u0165","item":"https:\/\/multi-gyn.com\/sk\/posvove-zdravie\/starostlivost\/"},{"@type":"ListItem","position":4,"name":"S\u00fa naparovanie a v\u00fdplachy vhodn\u00e9 pre po\u0161vu?"}]},{"@type":"WebSite","@id":"https:\/\/multi-gyn.com\/sk\/#website","url":"https:\/\/multi-gyn.com\/sk\/","name":"Multi-Gyn","description":"","publisher":{"@id":"https:\/\/multi-gyn.com\/sk\/#organization"},"potentialAction":[{"@type":"SearchAction","target":{"@type":"EntryPoint","urlTemplate":"https:\/\/multi-gyn.com\/sk\/?s={search_term_string}"},"query-input":{"@type":"PropertyValueSpecification","valueRequired":true,"valueName":"search_term_string"}}],"inLanguage":"sk-SK"},{"@type":"Organization","@id":"https:\/\/multi-gyn.com\/sk\/#organization","name":"Multi-Gyn","url":"https:\/\/multi-gyn.com\/sk\/","logo":{"@type":"ImageObject","inLanguage":"sk-SK","@id":"https:\/\/multi-gyn.com\/sk\/#\/schema\/logo\/image\/","url":"https:\/\/multi-gyn.com\/app\/uploads\/sites\/48\/2023\/06\/multi-gyn-logo.png","contentUrl":"https:\/\/multi-gyn.com\/app\/uploads\/sites\/48\/2023\/06\/multi-gyn-logo.png","width":149,"height":32,"caption":"Multi-Gyn"},"image":{"@id":"https:\/\/multi-gyn.com\/sk\/#\/schema\/logo\/image\/"}}]}},"_links":{"self":[{"href":"https:\/\/multi-gyn.com\/sk\/wp-json\/wp\/v2\/pages\/151","targetHints":{"allow":["GET"]}}],"collection":[{"href":"https:\/\/multi-gyn.com\/sk\/wp-json\/wp\/v2\/pages"}],"about":[{"href":"https:\/\/multi-gyn.com\/sk\/wp-json\/wp\/v2\/types\/page"}],"author":[{"embeddable":true,"href":"https:\/\/multi-gyn.com\/sk\/wp-json\/wp\/v2\/users\/2"}],"replies":[{"embeddable":true,"href":"https:\/\/multi-gyn.com\/sk\/wp-json\/wp\/v2\/comments?post=151"}],"version-history":[{"count":3,"href":"https:\/\/multi-gyn.com\/sk\/wp-json\/wp\/v2\/pages\/151\/revisions"}],"predecessor-version":[{"id":607,"href":"https:\/\/multi-gyn.com\/sk\/wp-json\/wp\/v2\/pages\/151\/revisions\/607"}],"up":[{"embeddable":true,"href":"https:\/\/multi-gyn.com\/sk\/wp-json\/wp\/v2\/pages\/61"}],"wp:attachment":[{"href":"https:\/\/multi-gyn.com\/sk\/wp-json\/wp\/v2\/media?parent=151"}],"wp:term":[{"taxonomy":"from-article-database","embeddable":true,"href":"https:\/\/multi-gyn.com\/sk\/wp-json\/wp\/v2\/from-article-database?post=151"}],"curies":[{"name":"wp","href":"https:\/\/api.w.org\/{rel}","templated":true}]}}