{"id":29,"date":"2023-06-02T08:42:40","date_gmt":"2023-06-02T06:42:40","guid":{"rendered":"https:\/\/multi-gyn.com\/sk\/?page_id=29"},"modified":"2025-10-10T12:48:09","modified_gmt":"2025-10-10T10:48:09","slug":"faq","status":"publish","type":"page","link":"https:\/\/multi-gyn.com\/sk\/faq\/","title":{"rendered":"FAQ"},"content":{"rendered":"\n<div class=\"wp-block-karopharma-free-text pt-large pb-large bg-center bg-cover bg-no-repeat\" style=\"background-image:url(https:\/\/multi-gyn.com\/cdn-cgi\/image\/format=auto\/app\/uploads\/sites\/48\/2025\/10\/Multi-Gyn_1920x750_Banner_FAQ.jpg)\"><div class=\"free-text-wrapper container max-w-medium text-center\">\n<div style=\"height:100px\" aria-hidden=\"true\" class=\"wp-block-spacer is-style-responsive-medium\"><\/div>\n\n\n\n<h1 class=\"wp-block-heading is-style-heading-huge has-white-color has-text-color\">FAQ<\/h1>\n\n\n\n<div style=\"height:100px\" aria-hidden=\"true\" class=\"wp-block-spacer is-style-responsive-medium\"><\/div>\n<\/div><\/div>\n\n\n\n<div class=\"wp-block-karopharma-accordions\"><div class=\"container\">\n<details class=\"wp-block-karopharma-accordion\"><summary><h2 class=\"accordion-title\">\u010co je bakteri\u00e1lna vagin\u00f3za?<\/h2><\/summary><div class=\"accordion-content\">\n<p>Bakteri\u00e1lna vagin\u00f3za je sp\u00f4soben\u00e1 premno\u017een\u00edm bakt\u00e9ri\u00ed v po\u0161ve. Za norm\u00e1lnych okolnost\u00ed s\u00fa laktobacily prevl\u00e1daj\u00facimi bakt\u00e9riami v po\u0161ve, ak sa v\u0161ak rozvinie BV, in\u00e9, nechcen\u00e9 bakt\u00e9rie sa za\u010dn\u00fa \u0161\u00edri\u0165 na \u00fakor laktobacilov.<\/p>\n\n\n\n<p>Presn\u00fd d\u00f4vod premno\u017eenia t\u00fdchto bakt\u00e9ri\u00ed nie je zn\u00e1my, ale existuj\u00fa faktory, ako napr\u00edklad sexu\u00e1lna aktivita, ktor\u00e9 m\u00f4\u017eu toto riziko zvy\u0161ova\u0165. Je v\u0161ak d\u00f4le\u017eit\u00e9 zd\u00f4razni\u0165, \u017ee BV sa m\u00f4\u017ee prejavi\u0165 aj po\u010das absencie sexu\u00e1lnej aktivity. Preto BV nie je pova\u017eovan\u00e1 za STD (pohlavne prenosn\u00fa chorobu).<\/p>\n<\/div><\/details>\n\n\n\n<details class=\"wp-block-karopharma-accordion\"><summary><h2 class=\"accordion-title\">\u010co je vagin\u00e1lna kvasinkov\u00e1 infekcia?<\/h2><\/summary><div class=\"accordion-content\">\n<p>M\u00e1te svrbenie a podr\u00e1\u017edenie vag\u00edny? M\u00e1te hust\u00fd, biely v\u00fdtok podobn\u00fd tvarohu? M\u00e1te pocit p\u00e1lenia vo vagin\u00e1lnom otvore, ke\u010f idete na toaletu? Potom m\u00e1te pravdepodobne ples\u0148ov\u00fa infekciu &#8211; a nie ste sami. A\u017e tri zo \u0161tyroch \u017eien maj\u00fa aspo\u0148 raz za \u017eivot kvasinkov\u00fa infekciu a mnoho \u017eien trp\u00ed opakovan\u00fdmi infekciami. Kvasinkov\u00e9 infekcie nie s\u00fa nebezpe\u010dn\u00e9 a v\u00e4\u010d\u0161ina z nich sa d\u00e1 \u013eahko lie\u010di\u0165 a predch\u00e1dza\u0165 im pomocou produktov, ktor\u00e9 si m\u00f4\u017eete k\u00fapi\u0165 online alebo n\u00e1js\u0165 v miestnej lek\u00e1rni.<\/p>\n<\/div><\/details>\n\n\n\n<details class=\"wp-block-karopharma-accordion\"><summary><h2 class=\"accordion-title\">Pre\u010do je moja vag\u00edna such\u00e1?<\/h2><\/summary><div class=\"accordion-content\">\n<p>N\u00e1valy tepla a nepravideln\u00e1 men\u0161tru\u00e1cia s\u00fa dva zn\u00e1me znaky toho, \u017ee menopauza klope na dvere. Vedeli ste v\u0161ak, \u017ee vagin\u00e1lna suchos\u0165 a podr\u00e1\u017edenie vag\u00edny s\u00fa \u010fal\u0161ie be\u017en\u00e9 pr\u00edznaky menopauzy? Preto\u017ee ako starnete, rastie aj va\u0161a vag\u00edna. Norm\u00e1lne estrog\u00e9n pom\u00e1ha zvlh\u010dova\u0165 vag\u00ednu a udr\u017eiava\u0165 ju zdrav\u00fa, ale ke\u010f vst\u00fapite do menopauzy, produkcia \u017eensk\u00e9ho pohlavn\u00e9ho horm\u00f3nu v\u00fdrazne kles\u00e1. V d\u00f4sledku toho sa sliznice st\u00e1vaj\u00fa ten\u0161ie, such\u00e9 a n\u00e1chylnej\u0161ie na z\u00e1paly, \u010do je stav zn\u00e1my ako vagin\u00e1lna atrofia. Menopauza v\u0161ak nie je jedin\u00fdm d\u00f4vodom, pre\u010do m\u00f4\u017ee hladina estrog\u00e9nu klesn\u00fa\u0165. P\u00f4rod, doj\u010denie, ur\u010dit\u00e9 zdravotn\u00e9 stavy a u\u017e\u00edvanie peror\u00e1lnych kontracept\u00edv m\u00f4\u017eu tie\u017e zn\u00ed\u017ei\u0165 estrog\u00e9n a n\u00e1sledne vies\u0165 k suchosti vag\u00edny. V niektor\u00fdch pr\u00edpadoch such\u00e1 vag\u00edna v\u00f4bec nes\u00favis\u00ed s estrog\u00e9nom, ale s nadmernou hygienou. Bez oh\u013eadu na to, \u010do sp\u00f4sobuje, \u017ee sa va\u0161a vag\u00edna c\u00edti ako na saharskej p\u00fa\u0161ti, existuj\u00fa bezpe\u010dn\u00e9 a \u00fa\u010dinn\u00e9 lie\u010dby, ktor\u00e9 v\u00e1m m\u00f4\u017eu pom\u00f4c\u0165.<\/p>\n<\/div><\/details>\n<\/div><\/div>\n","protected":false},"excerpt":{"rendered":"","protected":false},"author":2,"featured_media":0,"parent":0,"menu_order":0,"comment_status":"closed","ping_status":"closed","template":"","meta":{"_acf_changed":false,"footnotes":""},"from-article-database":[],"class_list":["post-29","page","type-page","status-publish","hentry"],"acf":[],"yoast_head":"<!-- This site is optimized with the Yoast SEO plugin v26.6 - https:\/\/yoast.com\/wordpress\/plugins\/seo\/ -->\n<title>FAQ - Multi-Gyn<\/title>\n<meta name=\"description\" content=\"\u010co je bakteri\u00e1lna vagin\u00f3za? \u010co je vagin\u00e1lna kvasinkov\u00e1 infekcia? Pre\u010do je moja vag\u00edna such\u00e1?\" \/>\n<meta name=\"robots\" content=\"index, follow, max-snippet:-1, max-image-preview:large, max-video-preview:-1\" \/>\n<link rel=\"canonical\" href=\"https:\/\/multi-gyn.com\/sk\/faq\/\" \/>\n<meta property=\"og:locale\" content=\"sk_SK\" \/>\n<meta property=\"og:type\" content=\"article\" \/>\n<meta property=\"og:title\" content=\"FAQ - Multi-Gyn\" \/>\n<meta property=\"og:description\" content=\"\u010co je bakteri\u00e1lna vagin\u00f3za? \u010co je vagin\u00e1lna kvasinkov\u00e1 infekcia? Pre\u010do je moja vag\u00edna such\u00e1?\" \/>\n<meta property=\"og:url\" content=\"https:\/\/multi-gyn.com\/sk\/faq\/\" \/>\n<meta property=\"og:site_name\" content=\"Multi-Gyn\" \/>\n<meta property=\"article:modified_time\" content=\"2025-10-10T10:48:09+00:00\" \/>\n<meta name=\"twitter:card\" content=\"summary_large_image\" \/>\n<meta name=\"twitter:label1\" content=\"Predpokladan\u00fd \u010das \u010d\u00edtania\" \/>\n\t<meta name=\"twitter:data1\" content=\"2 min\u00faty\" \/>\n<script type=\"application\/ld+json\" class=\"yoast-schema-graph\">{\"@context\":\"https:\/\/schema.org\",\"@graph\":[{\"@type\":\"WebPage\",\"@id\":\"https:\/\/multi-gyn.com\/sk\/faq\/\",\"url\":\"https:\/\/multi-gyn.com\/sk\/faq\/\",\"name\":\"FAQ - Multi-Gyn\",\"isPartOf\":{\"@id\":\"https:\/\/multi-gyn.com\/sk\/#website\"},\"datePublished\":\"2023-06-02T06:42:40+00:00\",\"dateModified\":\"2025-10-10T10:48:09+00:00\",\"description\":\"\u010co je bakteri\u00e1lna vagin\u00f3za? \u010co je vagin\u00e1lna kvasinkov\u00e1 infekcia? Pre\u010do je moja vag\u00edna such\u00e1?\",\"breadcrumb\":{\"@id\":\"https:\/\/multi-gyn.com\/sk\/faq\/#breadcrumb\"},\"inLanguage\":\"sk-SK\",\"potentialAction\":[{\"@type\":\"ReadAction\",\"target\":[\"https:\/\/multi-gyn.com\/sk\/faq\/\"]}]},{\"@type\":\"BreadcrumbList\",\"@id\":\"https:\/\/multi-gyn.com\/sk\/faq\/#breadcrumb\",\"itemListElement\":[{\"@type\":\"ListItem\",\"position\":1,\"name\":\"Home\",\"item\":\"https:\/\/multi-gyn.com\/sk\/\"},{\"@type\":\"ListItem\",\"position\":2,\"name\":\"FAQ\"}]},{\"@type\":\"WebSite\",\"@id\":\"https:\/\/multi-gyn.com\/sk\/#website\",\"url\":\"https:\/\/multi-gyn.com\/sk\/\",\"name\":\"Multi-Gyn\",\"description\":\"\",\"publisher\":{\"@id\":\"https:\/\/multi-gyn.com\/sk\/#organization\"},\"potentialAction\":[{\"@type\":\"SearchAction\",\"target\":{\"@type\":\"EntryPoint\",\"urlTemplate\":\"https:\/\/multi-gyn.com\/sk\/?s={search_term_string}\"},\"query-input\":{\"@type\":\"PropertyValueSpecification\",\"valueRequired\":true,\"valueName\":\"search_term_string\"}}],\"inLanguage\":\"sk-SK\"},{\"@type\":\"Organization\",\"@id\":\"https:\/\/multi-gyn.com\/sk\/#organization\",\"name\":\"Multi-Gyn\",\"url\":\"https:\/\/multi-gyn.com\/sk\/\",\"logo\":{\"@type\":\"ImageObject\",\"inLanguage\":\"sk-SK\",\"@id\":\"https:\/\/multi-gyn.com\/sk\/#\/schema\/logo\/image\/\",\"url\":\"https:\/\/multi-gyn.com\/app\/uploads\/sites\/48\/2023\/06\/multi-gyn-logo.png\",\"contentUrl\":\"https:\/\/multi-gyn.com\/app\/uploads\/sites\/48\/2023\/06\/multi-gyn-logo.png\",\"width\":149,\"height\":32,\"caption\":\"Multi-Gyn\"},\"image\":{\"@id\":\"https:\/\/multi-gyn.com\/sk\/#\/schema\/logo\/image\/\"}}]}<\/script>\n<!-- \/ Yoast SEO plugin. -->","yoast_head_json":{"title":"FAQ - Multi-Gyn","description":"\u010co je bakteri\u00e1lna vagin\u00f3za? \u010co je vagin\u00e1lna kvasinkov\u00e1 infekcia? Pre\u010do je moja vag\u00edna such\u00e1?","robots":{"index":"index","follow":"follow","max-snippet":"max-snippet:-1","max-image-preview":"max-image-preview:large","max-video-preview":"max-video-preview:-1"},"canonical":"https:\/\/multi-gyn.com\/sk\/faq\/","og_locale":"sk_SK","og_type":"article","og_title":"FAQ - Multi-Gyn","og_description":"\u010co je bakteri\u00e1lna vagin\u00f3za? \u010co je vagin\u00e1lna kvasinkov\u00e1 infekcia? Pre\u010do je moja vag\u00edna such\u00e1?","og_url":"https:\/\/multi-gyn.com\/sk\/faq\/","og_site_name":"Multi-Gyn","article_modified_time":"2025-10-10T10:48:09+00:00","twitter_card":"summary_large_image","twitter_misc":{"Predpokladan\u00fd \u010das \u010d\u00edtania":"2 min\u00faty"},"schema":{"@context":"https:\/\/schema.org","@graph":[{"@type":"WebPage","@id":"https:\/\/multi-gyn.com\/sk\/faq\/","url":"https:\/\/multi-gyn.com\/sk\/faq\/","name":"FAQ - Multi-Gyn","isPartOf":{"@id":"https:\/\/multi-gyn.com\/sk\/#website"},"datePublished":"2023-06-02T06:42:40+00:00","dateModified":"2025-10-10T10:48:09+00:00","description":"\u010co je bakteri\u00e1lna vagin\u00f3za? \u010co je vagin\u00e1lna kvasinkov\u00e1 infekcia? Pre\u010do je moja vag\u00edna such\u00e1?","breadcrumb":{"@id":"https:\/\/multi-gyn.com\/sk\/faq\/#breadcrumb"},"inLanguage":"sk-SK","potentialAction":[{"@type":"ReadAction","target":["https:\/\/multi-gyn.com\/sk\/faq\/"]}]},{"@type":"BreadcrumbList","@id":"https:\/\/multi-gyn.com\/sk\/faq\/#breadcrumb","itemListElement":[{"@type":"ListItem","position":1,"name":"Home","item":"https:\/\/multi-gyn.com\/sk\/"},{"@type":"ListItem","position":2,"name":"FAQ"}]},{"@type":"WebSite","@id":"https:\/\/multi-gyn.com\/sk\/#website","url":"https:\/\/multi-gyn.com\/sk\/","name":"Multi-Gyn","description":"","publisher":{"@id":"https:\/\/multi-gyn.com\/sk\/#organization"},"potentialAction":[{"@type":"SearchAction","target":{"@type":"EntryPoint","urlTemplate":"https:\/\/multi-gyn.com\/sk\/?s={search_term_string}"},"query-input":{"@type":"PropertyValueSpecification","valueRequired":true,"valueName":"search_term_string"}}],"inLanguage":"sk-SK"},{"@type":"Organization","@id":"https:\/\/multi-gyn.com\/sk\/#organization","name":"Multi-Gyn","url":"https:\/\/multi-gyn.com\/sk\/","logo":{"@type":"ImageObject","inLanguage":"sk-SK","@id":"https:\/\/multi-gyn.com\/sk\/#\/schema\/logo\/image\/","url":"https:\/\/multi-gyn.com\/app\/uploads\/sites\/48\/2023\/06\/multi-gyn-logo.png","contentUrl":"https:\/\/multi-gyn.com\/app\/uploads\/sites\/48\/2023\/06\/multi-gyn-logo.png","width":149,"height":32,"caption":"Multi-Gyn"},"image":{"@id":"https:\/\/multi-gyn.com\/sk\/#\/schema\/logo\/image\/"}}]}},"_links":{"self":[{"href":"https:\/\/multi-gyn.com\/sk\/wp-json\/wp\/v2\/pages\/29","targetHints":{"allow":["GET"]}}],"collection":[{"href":"https:\/\/multi-gyn.com\/sk\/wp-json\/wp\/v2\/pages"}],"about":[{"href":"https:\/\/multi-gyn.com\/sk\/wp-json\/wp\/v2\/types\/page"}],"author":[{"embeddable":true,"href":"https:\/\/multi-gyn.com\/sk\/wp-json\/wp\/v2\/users\/2"}],"replies":[{"embeddable":true,"href":"https:\/\/multi-gyn.com\/sk\/wp-json\/wp\/v2\/comments?post=29"}],"version-history":[{"count":6,"href":"https:\/\/multi-gyn.com\/sk\/wp-json\/wp\/v2\/pages\/29\/revisions"}],"predecessor-version":[{"id":642,"href":"https:\/\/multi-gyn.com\/sk\/wp-json\/wp\/v2\/pages\/29\/revisions\/642"}],"wp:attachment":[{"href":"https:\/\/multi-gyn.com\/sk\/wp-json\/wp\/v2\/media?parent=29"}],"wp:term":[{"taxonomy":"from-article-database","embeddable":true,"href":"https:\/\/multi-gyn.com\/sk\/wp-json\/wp\/v2\/from-article-database?post=29"}],"curies":[{"name":"wp","href":"https:\/\/api.w.org\/{rel}","templated":true}]}}